{"id":118306,"date":"2020-06-15T08:44:58","date_gmt":"2020-06-15T06:44:58","guid":{"rendered":"https:\/\/dutchhealthstore.com\/product\/fir-silver-essential-oil\/"},"modified":"2025-08-29T10:06:05","modified_gmt":"2025-08-29T08:06:05","slug":"fir-silver-essential-oil","status":"publish","type":"product","link":"https:\/\/dutchhealthstore.com\/fr\/product\/fir-silver-essential-oil\/","title":{"rendered":"Fir Silver Essential Oil"},"content":{"rendered":"<p><img decoding=\"async\" class=\"size-full wp-image-69549 alignright\" src=\"https:\/\/dutchhealthstore.com\/wp-content\/uploads\/2019\/08\/NEW-Living-Libations-Logo.jpg\" alt=\"NEW - Living Libations - Logo\" width=\"175\" height=\"82\"><strong>Nom botanique :<\/strong> Abies alba<br \/>\n<strong>Famille botanique :<\/strong> Pinaceae<br \/>\n<strong>M\u00e9thode d&rsquo;extraction :<\/strong> Distillation \u00e0 la vapeur<br \/>\n<strong>Partie de la plante distill\u00e9e :<\/strong> Aiguilles<br \/>\n<strong>Pays d&rsquo;origine :<\/strong> France<br \/>\n<strong>M\u00e9thode de culture :<\/strong> Sauvage<br \/>\n<strong>Composition :<\/strong> 100 % Abies alba<br \/>\n<strong>Coh\u00e9rence :<\/strong> Mince<\/p>\n<h3>Description de l&rsquo;odeur<\/h3>\n<p>Pin blanc argent\u00e9 avec un soup\u00e7on de starlight floral.<\/p>\n<h3>Dans Living Libations<\/h3>\n<p>Sacred Sage Smudge<\/p>\n<h3>Se marie bien avec<\/h3>\n<p>Pamplemousse, encens, sauge sclar\u00e9e, rose, lavande et laurier.<\/p>\n<h3>Utilisations<\/h3>\n<p>D\u00e9licieux en diffusion. Pimpant comme un d\u00e9odorant. D\u00e9tenteur de rougeurs. Un coup de blues. M\u00e9lange de diffusion hivernale. Massez vos muscles pour vous d\u00e9tendre. Ajoutez quelques gouttes \u00e0 votre diffuseur pour rafra\u00eechir la pi\u00e8ce et d\u00e9tendre l&rsquo;atmosph\u00e8re. Baignez-vous dans une eau caress\u00e9e par les pouvoirs revigorants de ce bel arbre festif. M\u00e9langez avec de l&rsquo;eau et vaporisez votre arbre et vos couronnes de No\u00ebl avec le parfum nostalgique de la joie des f\u00eates.<\/p>\n<p><strong>Taille : 5 ml et 15 ml<\/strong><\/p>\n<h3>Ingr\u00e9dients biologiques<\/h3>\n<p>100% d&rsquo;huile essentielle de sapin blanc (Abies alba).<\/p>\n<p style=\"text-align: center;\"><em>\u00ab\u00a0Le pin semble \u00e9couter, le sapin semble attendre, et ni l&rsquo;un ni l&rsquo;autre avec impatience : ils n&rsquo;ont aucune pens\u00e9e pour les petites gens au-dessous d&rsquo;eux, dont l&rsquo;impatience et la curiosit\u00e9 les d\u00e9vorent tout vifs.\u00a0\u00bb<\/em><br \/>\n~ Friedrich Nietzsche,<strong> The Wanderer and his Shadow<\/strong><\/p>\n<p style=\"text-align: center;\"><em>\u00a0\u00bb L&rsquo;aiguille de sapin argent\u00e9 est utilis\u00e9e en Europe pour ses propri\u00e9t\u00e9s v\u00e9g\u00e9tales et son parfum odorant. L&rsquo;huile essentielle est obtenue par distillation \u00e0 la vapeur d&rsquo;eau \u00e0 partir des aiguilles et des jeunes rameaux, des c\u00f4nes de sapin et des morceaux bris\u00e9s. L&rsquo;aiguille de sapin argent\u00e9 est utilis\u00e9e comme&#8230; un composant de parfum dans les d\u00e9odorants, les sprays d&rsquo;ambiance, les d\u00e9sinfectants, les pr\u00e9parations pour le bain, les savons et les parfums.\u00a0\u00bb<\/em><br \/>\n~ Ruth Winter, <strong>A Consumer&rsquo;s Dictionary of Cosmetic Ingredients, 7e \u00e9dition<\/strong>.<\/p>\n<p style=\"text-align: center;\"><em>\u00ab\u00a0Cette senteur est utilis\u00e9e pour cr\u00e9er un sentiment d&rsquo;harmonie et de bonne volont\u00e9. Il combine la sensation d&rsquo;\u00eatre ancr\u00e9 et \u00e9lev\u00e9 en m\u00eame temps, et il augmente l&rsquo;intuition et lib\u00e8re les blocages \u00e9nerg\u00e9tiques et \u00e9motionnels.\u00a0\u00bb<\/em><br \/>\n~ Kathi Keville and Mindy Green, <strong>Aromatherapy: A Guide to the Complete Art<\/strong><\/p>\n<p>&nbsp;<\/p>\n<p>&nbsp;<\/p>\n<p><img fetchpriority=\"high\" decoding=\"async\" class=\"size-medium wp-image-68103 aligncenter\" src=\"https:\/\/dutchhealthstore.com\/wp-content\/uploads\/2018\/02\/Living-Libations-Organic-Logo-800x89.png\" alt=\"Living Libations - Organic Logo\" width=\"800\" height=\"89\" srcset=\"https:\/\/dutchhealthstore.com\/wp-content\/uploads\/2018\/02\/Living-Libations-Organic-Logo-800x89.png 800w, https:\/\/dutchhealthstore.com\/wp-content\/uploads\/2018\/02\/Living-Libations-Organic-Logo-510x57.png 510w, https:\/\/dutchhealthstore.com\/wp-content\/uploads\/2018\/02\/Living-Libations-Organic-Logo-768x85.png 768w, https:\/\/dutchhealthstore.com\/wp-content\/uploads\/2018\/02\/Living-Libations-Organic-Logo.png 1400w\" sizes=\"(max-width: 800px) 100vw, 800px\" \/><\/p>\n","protected":false},"excerpt":{"rendered":"<p>Les cloches d&rsquo;argent et le sapin blanc abondent. Notre <strong> Silver Fir Essential Oil<\/strong> est de fabrication sauvage et distill\u00e9e \u00e0 la vapeur pour capturer la magnificence \u00e9tincelante et lumineuse de l&rsquo;arbre majestueux. Extraite des for\u00eats du nord de la France, notre huile favorise le calme, la respiration profonde et l&rsquo;encouragement \u00e9motionnel pendant les jours sombres de l&rsquo;hiver.<br \/>\nAaaaaaahhhhhhhh&#8230; Le parfum apaisant du sapin argent\u00e9 est utilis\u00e9 dans tous les produits, des shampooings et gels douche aux diffuseurs et inhalateurs. Avec une magie hivernale et fantaisiste, notre Silver Fir Essential Oil fait de chaque jour un festival de for\u00eat fra\u00eeche.<\/p>\n","protected":false},"featured_media":106943,"comment_status":"open","ping_status":"closed","template":"","meta":[],"product_brand":[],"product_cat":[1507,6734,1211,1209,3757,6733],"product_tag":[4495],"class_list":{"0":"post-118306","1":"product","2":"type-product","3":"status-publish","4":"has-post-thumbnail","6":"product_cat-plantes-huiles-essentielles-living-libations","7":"product_cat-essential-oils","8":"product_cat-living-libations-france","9":"product_cat-par-marques","10":"product_cat-plantes-huiles-essentielles","11":"product_cat-wellness-fr-2","12":"product_tag-essential-oil-fr","13":"pa_brand-livinglibations-fr","14":"pa_essential-oils-product-type-essential-oils-fr","15":"pa_size-15-ml-fr","16":"pa_size-5-ml-fr","18":"first","19":"instock","20":"taxable","21":"shipping-taxable","22":"purchasable","23":"product-type-variable"},"bundled_by":[],"bundle_stock_status":"instock","bundle_stock_quantity":null,"bundle_virtual":false,"bundle_layout":"","bundle_add_to_cart_form_location":"","bundle_editable_in_cart":false,"bundle_sold_individually_context":"","bundle_item_grouping":"","bundle_min_size":"","bundle_max_size":"","bundle_price":[],"bundled_items":[],"bundle_sell_ids":[],"atum_controlled":true,"out_stock_date":null,"out_stock_threshold":null,"inheritable":true,"stock_on_hold":1,"sold_today":0,"sales_last_days":0,"out_stock_days":0,"lost_sales":0,"update_date":"2026-04-23T00:10:44","atum_locations":[],"atum_stock_status":"instock","restock_status":false,"low_stock_amount":"","sales_update_date":"2026-04-23T00:10:44","calc_backorders":null,"group_of_quantity":0,"min_quantity":0,"max_quantity":"","exclude_order_quantity_value_rules":"no","exclude_category_quantity_rules":"no","combine_variations":"no","yoast_head":"<!-- This site is optimized with the Yoast SEO Premium plugin v26.5 (Yoast SEO v26.5) - https:\/\/yoast.com\/wordpress\/plugins\/seo\/ -->\n<title>Fir, Silver Essential Oil | Living Libations<\/title>\n<meta name=\"description\" content=\"Extraite des for\u00eats du nord de la France, notre huile favorise le calme, la respiration profonde et l&#039;encouragement \u00e9motionnel pendant les jours sombres de l&#039;hiver.\" \/>\n<meta name=\"robots\" content=\"index, follow, max-snippet:-1, max-image-preview:large, max-video-preview:-1\" \/>\n<link rel=\"canonical\" href=\"https:\/\/dutchhealthstore.com\/fr\/product\/fir-silver-essential-oil\/\" \/>\n<meta property=\"og:locale\" content=\"fr_FR\" \/>\n<meta property=\"og:type\" content=\"article\" \/>\n<meta property=\"og:title\" content=\"Fir Silver Essential Oil - Dutch Health Store\" \/>\n<meta property=\"og:description\" content=\"Extraite des for\u00eats du nord de la France, notre huile favorise le calme, la respiration profonde et l&#039;encouragement \u00e9motionnel pendant les jours sombres de l&#039;hiver.\" \/>\n<meta property=\"og:url\" content=\"https:\/\/dutchhealthstore.com\/fr\/product\/fir-silver-essential-oil\/\" \/>\n<meta property=\"og:site_name\" content=\"Dutch Health Store\" \/>\n<meta property=\"article:publisher\" content=\"https:\/\/www.instagram.com\/dutchhealthstore\/\" \/>\n<meta property=\"article:modified_time\" content=\"2025-08-29T08:06:05+00:00\" \/>\n<meta property=\"og:image\" content=\"https:\/\/dutchhealthstore.com\/wp-content\/uploads\/2020\/06\/Living-Libations-Fir-Silver-e1592210341862-1.jpg\" \/>\n\t<meta property=\"og:image:width\" content=\"500\" \/>\n\t<meta property=\"og:image:height\" content=\"500\" \/>\n\t<meta property=\"og:image:type\" content=\"image\/jpeg\" \/>\n<meta name=\"twitter:card\" content=\"summary_large_image\" \/>\n<meta name=\"twitter:label1\" content=\"Disponibilit\u00e9\" \/>\n\t<meta name=\"twitter:data1\" content=\"En stock\" \/>\n<script type=\"application\/ld+json\" class=\"yoast-schema-graph\">{\"@context\":\"https:\/\/schema.org\",\"@graph\":[{\"@type\":\"WebPage\",\"@id\":\"https:\/\/dutchhealthstore.com\/fr\/product\/fir-silver-essential-oil\/\",\"url\":\"https:\/\/dutchhealthstore.com\/fr\/product\/fir-silver-essential-oil\/\",\"name\":\"Fir, Silver Essential Oil | Living Libations\",\"isPartOf\":{\"@id\":\"https:\/\/dutchhealthstore.com\/fr\/#website\"},\"primaryImageOfPage\":{\"@id\":\"https:\/\/dutchhealthstore.com\/fr\/product\/fir-silver-essential-oil\/#primaryimage\"},\"image\":{\"@id\":\"https:\/\/dutchhealthstore.com\/fr\/product\/fir-silver-essential-oil\/#primaryimage\"},\"thumbnailUrl\":\"https:\/\/dutchhealthstore.com\/wp-content\/uploads\/2020\/06\/Living-Libations-Fir-Silver-e1592210341862-1.jpg\",\"datePublished\":\"2020-06-15T06:44:58+00:00\",\"dateModified\":\"2025-08-29T08:06:05+00:00\",\"description\":\"Extraite des for\u00eats du nord de la France, notre huile favorise le calme, la respiration profonde et l'encouragement \u00e9motionnel pendant les jours sombres de l'hiver.\",\"breadcrumb\":{\"@id\":\"https:\/\/dutchhealthstore.com\/fr\/product\/fir-silver-essential-oil\/#breadcrumb\"},\"inLanguage\":\"fr-FR\",\"potentialAction\":[{\"@type\":\"ReadAction\",\"target\":[\"https:\/\/dutchhealthstore.com\/fr\/product\/fir-silver-essential-oil\/\"]}]},{\"@type\":\"ImageObject\",\"inLanguage\":\"fr-FR\",\"@id\":\"https:\/\/dutchhealthstore.com\/fr\/product\/fir-silver-essential-oil\/#primaryimage\",\"url\":\"https:\/\/dutchhealthstore.com\/wp-content\/uploads\/2020\/06\/Living-Libations-Fir-Silver-e1592210341862-1.jpg\",\"contentUrl\":\"https:\/\/dutchhealthstore.com\/wp-content\/uploads\/2020\/06\/Living-Libations-Fir-Silver-e1592210341862-1.jpg\",\"width\":500,\"height\":500},{\"@type\":\"BreadcrumbList\",\"@id\":\"https:\/\/dutchhealthstore.com\/fr\/product\/fir-silver-essential-oil\/#breadcrumb\",\"itemListElement\":[{\"@type\":\"ListItem\",\"position\":1,\"name\":\"Home\",\"item\":\"https:\/\/dutchhealthstore.com\/fr\/\"},{\"@type\":\"ListItem\",\"position\":2,\"name\":\"Shop\",\"item\":\"https:\/\/dutchhealthstore.com\/fr\/shop\/\"},{\"@type\":\"ListItem\",\"position\":3,\"name\":\"Fir Silver Essential Oil\"}]},{\"@type\":\"WebSite\",\"@id\":\"https:\/\/dutchhealthstore.com\/fr\/#website\",\"url\":\"https:\/\/dutchhealthstore.com\/fr\/\",\"name\":\"Dutch Health Store\",\"description\":\"Enhance Your Beauty with Organic &amp; Natural Skincare\",\"publisher\":{\"@id\":\"https:\/\/dutchhealthstore.com\/fr\/#organization\"},\"potentialAction\":[{\"@type\":\"SearchAction\",\"target\":{\"@type\":\"EntryPoint\",\"urlTemplate\":\"https:\/\/dutchhealthstore.com\/fr\/?s={search_term_string}\"},\"query-input\":{\"@type\":\"PropertyValueSpecification\",\"valueRequired\":true,\"valueName\":\"search_term_string\"}}],\"inLanguage\":\"fr-FR\"},{\"@type\":\"Organization\",\"@id\":\"https:\/\/dutchhealthstore.com\/fr\/#organization\",\"name\":\"Dutch Health Store\",\"url\":\"https:\/\/dutchhealthstore.com\/fr\/\",\"logo\":{\"@type\":\"ImageObject\",\"inLanguage\":\"fr-FR\",\"@id\":\"https:\/\/dutchhealthstore.com\/fr\/#\/schema\/logo\/image\/\",\"url\":\"https:\/\/dutchhealthstore.com\/wp-content\/uploads\/2020\/08\/logo-dutchhealthstore-jpg-e1599484957574.jpg\",\"contentUrl\":\"https:\/\/dutchhealthstore.com\/wp-content\/uploads\/2020\/08\/logo-dutchhealthstore-jpg-e1599484957574.jpg\",\"width\":400,\"height\":62,\"caption\":\"Dutch Health Store\"},\"image\":{\"@id\":\"https:\/\/dutchhealthstore.com\/fr\/#\/schema\/logo\/image\/\"},\"sameAs\":[\"https:\/\/www.instagram.com\/dutchhealthstore\/\",\"https:\/\/www.facebook.com\/dutchhealthstore\"]}]}<\/script>\n<meta property=\"product:brand\" content=\"Living Libations\" \/>\n<meta property=\"og:availability\" content=\"instock\" \/>\n<meta property=\"product:availability\" content=\"instock\" \/>\n<meta property=\"product:condition\" content=\"new\" \/>\n<!-- \/ Yoast SEO Premium plugin. -->","yoast_head_json":{"title":"Fir, Silver Essential Oil | Living Libations","description":"Extraite des for\u00eats du nord de la France, notre huile favorise le calme, la respiration profonde et l'encouragement \u00e9motionnel pendant les jours sombres de l'hiver.","robots":{"index":"index","follow":"follow","max-snippet":"max-snippet:-1","max-image-preview":"max-image-preview:large","max-video-preview":"max-video-preview:-1"},"canonical":"https:\/\/dutchhealthstore.com\/fr\/product\/fir-silver-essential-oil\/","og_locale":"fr_FR","og_type":"article","og_title":"Fir Silver Essential Oil - Dutch Health Store","og_description":"Extraite des for\u00eats du nord de la France, notre huile favorise le calme, la respiration profonde et l'encouragement \u00e9motionnel pendant les jours sombres de l'hiver.","og_url":"https:\/\/dutchhealthstore.com\/fr\/product\/fir-silver-essential-oil\/","og_site_name":"Dutch Health Store","article_publisher":"https:\/\/www.instagram.com\/dutchhealthstore\/","article_modified_time":"2025-08-29T08:06:05+00:00","og_image":[{"width":500,"height":500,"url":"https:\/\/dutchhealthstore.com\/wp-content\/uploads\/2020\/06\/Living-Libations-Fir-Silver-e1592210341862-1.jpg","type":"image\/jpeg"}],"twitter_card":"summary_large_image","twitter_misc":{"Disponibilit\u00e9":"En stock"},"schema":{"@context":"https:\/\/schema.org","@graph":[{"@type":"WebPage","@id":"https:\/\/dutchhealthstore.com\/fr\/product\/fir-silver-essential-oil\/","url":"https:\/\/dutchhealthstore.com\/fr\/product\/fir-silver-essential-oil\/","name":"Fir, Silver Essential Oil | Living Libations","isPartOf":{"@id":"https:\/\/dutchhealthstore.com\/fr\/#website"},"primaryImageOfPage":{"@id":"https:\/\/dutchhealthstore.com\/fr\/product\/fir-silver-essential-oil\/#primaryimage"},"image":{"@id":"https:\/\/dutchhealthstore.com\/fr\/product\/fir-silver-essential-oil\/#primaryimage"},"thumbnailUrl":"https:\/\/dutchhealthstore.com\/wp-content\/uploads\/2020\/06\/Living-Libations-Fir-Silver-e1592210341862-1.jpg","datePublished":"2020-06-15T06:44:58+00:00","dateModified":"2025-08-29T08:06:05+00:00","description":"Extraite des for\u00eats du nord de la France, notre huile favorise le calme, la respiration profonde et l'encouragement \u00e9motionnel pendant les jours sombres de l'hiver.","breadcrumb":{"@id":"https:\/\/dutchhealthstore.com\/fr\/product\/fir-silver-essential-oil\/#breadcrumb"},"inLanguage":"fr-FR","potentialAction":[{"@type":"ReadAction","target":["https:\/\/dutchhealthstore.com\/fr\/product\/fir-silver-essential-oil\/"]}]},{"@type":"ImageObject","inLanguage":"fr-FR","@id":"https:\/\/dutchhealthstore.com\/fr\/product\/fir-silver-essential-oil\/#primaryimage","url":"https:\/\/dutchhealthstore.com\/wp-content\/uploads\/2020\/06\/Living-Libations-Fir-Silver-e1592210341862-1.jpg","contentUrl":"https:\/\/dutchhealthstore.com\/wp-content\/uploads\/2020\/06\/Living-Libations-Fir-Silver-e1592210341862-1.jpg","width":500,"height":500},{"@type":"BreadcrumbList","@id":"https:\/\/dutchhealthstore.com\/fr\/product\/fir-silver-essential-oil\/#breadcrumb","itemListElement":[{"@type":"ListItem","position":1,"name":"Home","item":"https:\/\/dutchhealthstore.com\/fr\/"},{"@type":"ListItem","position":2,"name":"Shop","item":"https:\/\/dutchhealthstore.com\/fr\/shop\/"},{"@type":"ListItem","position":3,"name":"Fir Silver Essential Oil"}]},{"@type":"WebSite","@id":"https:\/\/dutchhealthstore.com\/fr\/#website","url":"https:\/\/dutchhealthstore.com\/fr\/","name":"Dutch Health Store","description":"Enhance Your Beauty with Organic &amp; Natural Skincare","publisher":{"@id":"https:\/\/dutchhealthstore.com\/fr\/#organization"},"potentialAction":[{"@type":"SearchAction","target":{"@type":"EntryPoint","urlTemplate":"https:\/\/dutchhealthstore.com\/fr\/?s={search_term_string}"},"query-input":{"@type":"PropertyValueSpecification","valueRequired":true,"valueName":"search_term_string"}}],"inLanguage":"fr-FR"},{"@type":"Organization","@id":"https:\/\/dutchhealthstore.com\/fr\/#organization","name":"Dutch Health Store","url":"https:\/\/dutchhealthstore.com\/fr\/","logo":{"@type":"ImageObject","inLanguage":"fr-FR","@id":"https:\/\/dutchhealthstore.com\/fr\/#\/schema\/logo\/image\/","url":"https:\/\/dutchhealthstore.com\/wp-content\/uploads\/2020\/08\/logo-dutchhealthstore-jpg-e1599484957574.jpg","contentUrl":"https:\/\/dutchhealthstore.com\/wp-content\/uploads\/2020\/08\/logo-dutchhealthstore-jpg-e1599484957574.jpg","width":400,"height":62,"caption":"Dutch Health Store"},"image":{"@id":"https:\/\/dutchhealthstore.com\/fr\/#\/schema\/logo\/image\/"},"sameAs":["https:\/\/www.instagram.com\/dutchhealthstore\/","https:\/\/www.facebook.com\/dutchhealthstore"]}]},"product_brand":"Living Libations","og_availability":"instock","product_availability":"instock","product_condition":"new"},"_links":{"self":[{"href":"https:\/\/dutchhealthstore.com\/fr\/wp-json\/wp\/v2\/product\/118306","targetHints":{"allow":["GET"]}}],"collection":[{"href":"https:\/\/dutchhealthstore.com\/fr\/wp-json\/wp\/v2\/product"}],"about":[{"href":"https:\/\/dutchhealthstore.com\/fr\/wp-json\/wp\/v2\/types\/product"}],"replies":[{"embeddable":true,"href":"https:\/\/dutchhealthstore.com\/fr\/wp-json\/wp\/v2\/comments?post=118306"}],"wp:featuredmedia":[{"embeddable":true,"href":"https:\/\/dutchhealthstore.com\/fr\/wp-json\/wp\/v2\/media\/106943"}],"wp:attachment":[{"href":"https:\/\/dutchhealthstore.com\/fr\/wp-json\/wp\/v2\/media?parent=118306"}],"wp:term":[{"taxonomy":"product_brand","embeddable":true,"href":"https:\/\/dutchhealthstore.com\/fr\/wp-json\/wp\/v2\/product_brand?post=118306"},{"taxonomy":"product_cat","embeddable":true,"href":"https:\/\/dutchhealthstore.com\/fr\/wp-json\/wp\/v2\/product_cat?post=118306"},{"taxonomy":"product_tag","embeddable":true,"href":"https:\/\/dutchhealthstore.com\/fr\/wp-json\/wp\/v2\/product_tag?post=118306"}],"curies":[{"name":"wp","href":"https:\/\/api.w.org\/{rel}","templated":true}]}}