{"id":118259,"date":"2020-07-07T09:58:32","date_gmt":"2020-07-07T07:58:32","guid":{"rendered":"https:\/\/dutchhealthstore.com\/product\/fennel-essential-oil\/"},"modified":"2025-10-28T10:47:25","modified_gmt":"2025-10-28T09:47:25","slug":"fennel-essential-oil","status":"publish","type":"product","link":"https:\/\/dutchhealthstore.com\/fr\/product\/fennel-essential-oil\/","title":{"rendered":"Fennel Essential Oil"},"content":{"rendered":"<p><strong><img decoding=\"async\" class=\"size-full wp-image-69549 alignright\" src=\"https:\/\/dutchhealthstore.com\/wp-content\/uploads\/2019\/08\/NEW-Living-Libations-Logo.jpg\" alt=\"NEW - Living Libations - Logo\" width=\"175\" height=\"82\">Nom botanique :<\/strong> Foeniculum vulgare<br \/>\n<strong>Famille botanique:<\/strong> Umbelliferae<br \/>\n<strong>M\u00e9thode d&rsquo;extraction:<\/strong> Distillation \u00e0 la vapeur<br \/>\n<strong>Partie de la plante distill\u00e9e:<\/strong> Graines<br \/>\n<strong>Pays d&rsquo;origine:<\/strong> Corse<br \/>\n<strong>M\u00e9thode de culture:<\/strong> Organique<br \/>\n<strong>Composition:<\/strong> 100% Foeniculum vulgare<br \/>\n<strong>Consistance:<\/strong> Viscosit\u00e9 fine<\/p>\n<h3>Description de l&rsquo;odeur<\/h3>\n<p>Herbeux, r\u00e9glisse douce-anis avec des notes \u00e9quilibr\u00e9es de foin frais.<\/p>\n<h3>Dans Living Libations<\/h3>\n<p>Amazing Grace Singers + Speakers Spray<\/p>\n<h3>Se marie bien avec<\/h3>\n<p>Marjolaine, lavande, sarriette, encens, cardamome, coriandre, thym, estragon, laurier, menthe poivr\u00e9e et g\u00e9ranium.<\/p>\n<a href=\"https:\/\/dutchhealthstore.com\/wp-content\/uploads\/2020\/07\/ANALYSIS-Fennel-Essential-Oil-Living-Libations-3.pdf\" class=\"button primary is-primary is-small\"  >\n\t\t<span>ANALYSE DES HUILES ESSENTIELLES &gt;<\/span>\n\t<\/a>\n\n<h3>Utilisations<\/h3>\n<p>M\u00e9langez aux huiles de massage pour les malaises pendant la lune. Ajouter aux bains. Inspirez pour vous concentrer et vous clarifier \u00e0 partir de la bouteille ou de notre pipe de sel. Excellent pour les soins bucco-dentaires. Rafra\u00eechit l&rsquo;haleine et s\u00e9duit le ventre. Le fenouil doux ajoute une touche savoureuse aux plats sucr\u00e9s et sal\u00e9s.<\/p>\n<h3>Contre-indications<\/h3>\n<p>\u00c9vitez de l&rsquo;utiliser chez les nourrissons et les \u00e9pileptiques ou pendant la grossesse.<\/p>\n<p>Originaire des rivages brumeux de l&rsquo;\u00eele fran\u00e7aise de Corse, Fennel Essential Oil capture l&rsquo;essence du fenouil pur et biologique qui a pouss\u00e9 sous le soleil invitant de la M\u00e9diterran\u00e9e. Distill\u00e9 \u00e0 la vapeur \u00e0 partir des graines de la plante, le fenouil est ador\u00e9 par les auteurs et les herboristes depuis des temps imm\u00e9moriaux.<\/p>\n<p>Le fenouil est l&rsquo;une des vedettes de la mythologie grecque; c&rsquo;est avec des tiges de fenouil que Prom\u00e9th\u00e9e a vol\u00e9 le feu aux dieux et apport\u00e9 son pouvoir fortifiant au peuple. Les fleurs jaune vif de la plante de fenouil et ses graines sucr\u00e9es sont cultiv\u00e9es dans le monde entier pour \u00eatre utilis\u00e9es dans l&rsquo;art culinaire et l&rsquo;aromath\u00e9rapie. Les soins \u00e0 domicile europ\u00e9ens \u00e0 base de plantes comprenaient la formulation de fenouil avec du bicarbonate de soude et de l&rsquo;aneth pour calmer les b\u00e9b\u00e9s.<\/p>\n<p>Notre Fennel Essential Oil doux est une caresse calmante qui tonifie et harmonise tous les types de peau. Le fenouil stimule doucement les sentiments d&rsquo;enthousiasme, d&rsquo;espoir et de joie accrus.<\/p>\n<p><strong>Taille: 5 ml et 15 ml<\/strong><\/p>\n<h3>Ingr\u00e9dients biologiques<\/h3>\n<p>100% d&rsquo;huile essentielle de fenouil (Foeniculum vulgare).<\/p>\n<p style=\"text-align: center;\"><em>\u00ab\u00a0Stimulant et revitalisant, le fenouil augmente la motivation personnelle et vivifie la personnalit\u00e9. Hildegard disait que le fenouil rendait une personne heureuse.\u00a0\u00bb<\/em><br \/>\n~ Kathi Keville et Mindy Green, <strong>Aromatherapy: A Complete Guide to the Art<\/strong><\/p>\n<p style=\"text-align: center;\"><em>\u00ab\u00a0Le fenouil apporte la lumi\u00e8re infinie qui est en lui dans les ombres cach\u00e9es qui peuvent nous entourer, permettant \u00e0 notre esprit de s&rsquo;\u00e9tendre et de s&rsquo;\u00e9lever.\u00a0\u00bb<\/em><br \/>\n~ Valerie Ann Worwood, <strong>Aromatherapy for the Soul<\/strong><\/p>\n<p style=\"text-align: center;\"><em>\u00ab\u00a0Les graines de fenouil sont class\u00e9es comme l&rsquo;une des quatre graines r\u00e9chauffantes avec l&rsquo;anis, le carvi et la coriandre.\u00a0\u00bb<\/em><br \/>\n~ Jean Valnet, <strong>The Practice of Aromatherapy<\/strong><\/p>\n<p><img fetchpriority=\"high\" decoding=\"async\" class=\"size-medium wp-image-68103 aligncenter\" src=\"https:\/\/dutchhealthstore.com\/wp-content\/uploads\/2018\/02\/Living-Libations-Organic-Logo-800x89.png\" alt=\"Living Libations - Organic Logo\" width=\"800\" height=\"89\" srcset=\"https:\/\/dutchhealthstore.com\/wp-content\/uploads\/2018\/02\/Living-Libations-Organic-Logo-800x89.png 800w, https:\/\/dutchhealthstore.com\/wp-content\/uploads\/2018\/02\/Living-Libations-Organic-Logo-510x57.png 510w, https:\/\/dutchhealthstore.com\/wp-content\/uploads\/2018\/02\/Living-Libations-Organic-Logo-768x85.png 768w, https:\/\/dutchhealthstore.com\/wp-content\/uploads\/2018\/02\/Living-Libations-Organic-Logo.png 1400w\" sizes=\"(max-width: 800px) 100vw, 800px\" \/><\/p>\n","protected":false},"excerpt":{"rendered":"<p>R\u00e9jouissez-vous de la resplendissance de <strong>Fennel Essential Oil<\/strong> fantastiquement parfum\u00e9e de Living Libations! Aromatiques et savoureuses, les splendides graines de cette plante herbac\u00e9e sont distill\u00e9es avec soin pour en extraire l&rsquo;essence douce.<br \/>\nLe fenouil doux d\u00e9gage un ar\u00f4me doux, inspir\u00e9 de la r\u00e9glisse, qui est gai et relaxant.<br \/>\nCette herbe classique est c\u00e9l\u00e8bre pour \u00eatre un ancien digestif apr\u00e8s le repas, un rafra\u00eechisseur d&rsquo;haleine et un tonifiant.<\/p>\n","protected":false},"featured_media":111813,"comment_status":"open","ping_status":"closed","template":"","meta":[],"product_brand":[],"product_cat":[6734,1507,1211,1209,3757,6733],"product_tag":[4495],"class_list":{"0":"post-118259","1":"product","2":"type-product","3":"status-publish","4":"has-post-thumbnail","6":"product_cat-essential-oils","7":"product_cat-plantes-huiles-essentielles-living-libations","8":"product_cat-living-libations-france","9":"product_cat-par-marques","10":"product_cat-plantes-huiles-essentielles","11":"product_cat-wellness-fr-2","12":"product_tag-essential-oil-fr","13":"pa_brand-livinglibations-fr","14":"pa_essential-oils-product-type-essential-oils-fr","15":"pa_size-5-ml-fr","16":"pa_size-15-ml-fr","18":"first","19":"instock","20":"taxable","21":"shipping-taxable","22":"purchasable","23":"product-type-variable"},"bundled_by":[],"bundle_stock_status":"instock","bundle_stock_quantity":null,"bundle_virtual":false,"bundle_layout":"","bundle_add_to_cart_form_location":"","bundle_editable_in_cart":false,"bundle_sold_individually_context":"","bundle_item_grouping":"","bundle_min_size":"","bundle_max_size":"","bundle_price":[],"bundled_items":[],"bundle_sell_ids":[],"atum_controlled":true,"out_stock_date":null,"out_stock_threshold":null,"inheritable":true,"stock_on_hold":0,"sold_today":0,"sales_last_days":0,"out_stock_days":0,"lost_sales":0,"update_date":"2026-04-04T01:45:43","atum_locations":[],"atum_stock_status":"instock","restock_status":false,"low_stock_amount":"","sales_update_date":"2026-04-04T01:45:43","calc_backorders":null,"group_of_quantity":0,"min_quantity":0,"max_quantity":"","exclude_order_quantity_value_rules":"no","exclude_category_quantity_rules":"no","combine_variations":"no","yoast_head":"<!-- This site is optimized with the Yoast SEO Premium plugin v26.5 (Yoast SEO v26.5) - https:\/\/yoast.com\/wordpress\/plugins\/seo\/ -->\n<title>Fennel Essential Oil | Living Libations<\/title>\n<meta name=\"description\" content=\"Cette herbe classique est c\u00e9l\u00e8bre pour \u00eatre un ancien digestif apr\u00e8s le repas, un rafra\u00eechisseur d&#039;haleine et un tonifiant.\" \/>\n<meta name=\"robots\" content=\"index, follow, max-snippet:-1, max-image-preview:large, max-video-preview:-1\" \/>\n<link rel=\"canonical\" href=\"https:\/\/dutchhealthstore.com\/fr\/product\/fennel-essential-oil\/\" \/>\n<meta property=\"og:locale\" content=\"fr_FR\" \/>\n<meta property=\"og:type\" content=\"article\" \/>\n<meta property=\"og:title\" content=\"Fennel Essential Oil - Dutch Health Store\" \/>\n<meta property=\"og:description\" content=\"Cette herbe classique est c\u00e9l\u00e8bre pour \u00eatre un ancien digestif apr\u00e8s le repas, un rafra\u00eechisseur d&#039;haleine et un tonifiant.\" \/>\n<meta property=\"og:url\" content=\"https:\/\/dutchhealthstore.com\/fr\/product\/fennel-essential-oil\/\" \/>\n<meta property=\"og:site_name\" content=\"Dutch Health Store\" \/>\n<meta property=\"article:publisher\" content=\"https:\/\/www.instagram.com\/dutchhealthstore\/\" \/>\n<meta property=\"article:modified_time\" content=\"2025-10-28T09:47:25+00:00\" \/>\n<meta property=\"og:image\" content=\"https:\/\/dutchhealthstore.com\/wp-content\/uploads\/2020\/07\/Living-Libations-Fennel-Essential-Oil-e1594115612265.png\" \/>\n\t<meta property=\"og:image:width\" content=\"500\" \/>\n\t<meta property=\"og:image:height\" content=\"500\" \/>\n\t<meta property=\"og:image:type\" content=\"image\/jpeg\" \/>\n<meta name=\"twitter:card\" content=\"summary_large_image\" \/>\n<meta name=\"twitter:label1\" content=\"Disponibilit\u00e9\" \/>\n\t<meta name=\"twitter:data1\" content=\"En stock\" \/>\n<script type=\"application\/ld+json\" class=\"yoast-schema-graph\">{\"@context\":\"https:\/\/schema.org\",\"@graph\":[{\"@type\":\"WebPage\",\"@id\":\"https:\/\/dutchhealthstore.com\/fr\/product\/fennel-essential-oil\/\",\"url\":\"https:\/\/dutchhealthstore.com\/fr\/product\/fennel-essential-oil\/\",\"name\":\"Fennel Essential Oil | Living Libations\",\"isPartOf\":{\"@id\":\"https:\/\/dutchhealthstore.com\/fr\/#website\"},\"primaryImageOfPage\":{\"@id\":\"https:\/\/dutchhealthstore.com\/fr\/product\/fennel-essential-oil\/#primaryimage\"},\"image\":{\"@id\":\"https:\/\/dutchhealthstore.com\/fr\/product\/fennel-essential-oil\/#primaryimage\"},\"thumbnailUrl\":\"https:\/\/dutchhealthstore.com\/wp-content\/uploads\/2020\/07\/Living-Libations-Fennel-Essential-Oil-e1594115612265.png\",\"datePublished\":\"2020-07-07T07:58:32+00:00\",\"dateModified\":\"2025-10-28T09:47:25+00:00\",\"description\":\"Cette herbe classique est c\u00e9l\u00e8bre pour \u00eatre un ancien digestif apr\u00e8s le repas, un rafra\u00eechisseur d'haleine et un tonifiant.\",\"breadcrumb\":{\"@id\":\"https:\/\/dutchhealthstore.com\/fr\/product\/fennel-essential-oil\/#breadcrumb\"},\"inLanguage\":\"fr-FR\",\"potentialAction\":[{\"@type\":\"ReadAction\",\"target\":[\"https:\/\/dutchhealthstore.com\/fr\/product\/fennel-essential-oil\/\"]}]},{\"@type\":\"ImageObject\",\"inLanguage\":\"fr-FR\",\"@id\":\"https:\/\/dutchhealthstore.com\/fr\/product\/fennel-essential-oil\/#primaryimage\",\"url\":\"https:\/\/dutchhealthstore.com\/wp-content\/uploads\/2020\/07\/Living-Libations-Fennel-Essential-Oil-e1594115612265.png\",\"contentUrl\":\"https:\/\/dutchhealthstore.com\/wp-content\/uploads\/2020\/07\/Living-Libations-Fennel-Essential-Oil-e1594115612265.png\",\"width\":500,\"height\":500,\"caption\":\"Living Libations Fennel Essential Oil\"},{\"@type\":\"BreadcrumbList\",\"@id\":\"https:\/\/dutchhealthstore.com\/fr\/product\/fennel-essential-oil\/#breadcrumb\",\"itemListElement\":[{\"@type\":\"ListItem\",\"position\":1,\"name\":\"Home\",\"item\":\"https:\/\/dutchhealthstore.com\/fr\/\"},{\"@type\":\"ListItem\",\"position\":2,\"name\":\"Shop\",\"item\":\"https:\/\/dutchhealthstore.com\/fr\/shop\/\"},{\"@type\":\"ListItem\",\"position\":3,\"name\":\"Fennel Essential Oil\"}]},{\"@type\":\"WebSite\",\"@id\":\"https:\/\/dutchhealthstore.com\/fr\/#website\",\"url\":\"https:\/\/dutchhealthstore.com\/fr\/\",\"name\":\"Dutch Health Store\",\"description\":\"Enhance Your Beauty with Organic &amp; Natural Skincare\",\"publisher\":{\"@id\":\"https:\/\/dutchhealthstore.com\/fr\/#organization\"},\"potentialAction\":[{\"@type\":\"SearchAction\",\"target\":{\"@type\":\"EntryPoint\",\"urlTemplate\":\"https:\/\/dutchhealthstore.com\/fr\/?s={search_term_string}\"},\"query-input\":{\"@type\":\"PropertyValueSpecification\",\"valueRequired\":true,\"valueName\":\"search_term_string\"}}],\"inLanguage\":\"fr-FR\"},{\"@type\":\"Organization\",\"@id\":\"https:\/\/dutchhealthstore.com\/fr\/#organization\",\"name\":\"Dutch Health Store\",\"url\":\"https:\/\/dutchhealthstore.com\/fr\/\",\"logo\":{\"@type\":\"ImageObject\",\"inLanguage\":\"fr-FR\",\"@id\":\"https:\/\/dutchhealthstore.com\/fr\/#\/schema\/logo\/image\/\",\"url\":\"https:\/\/dutchhealthstore.com\/wp-content\/uploads\/2020\/08\/logo-dutchhealthstore-jpg-e1599484957574.jpg\",\"contentUrl\":\"https:\/\/dutchhealthstore.com\/wp-content\/uploads\/2020\/08\/logo-dutchhealthstore-jpg-e1599484957574.jpg\",\"width\":400,\"height\":62,\"caption\":\"Dutch Health Store\"},\"image\":{\"@id\":\"https:\/\/dutchhealthstore.com\/fr\/#\/schema\/logo\/image\/\"},\"sameAs\":[\"https:\/\/www.instagram.com\/dutchhealthstore\/\",\"https:\/\/www.facebook.com\/dutchhealthstore\"]}]}<\/script>\n<meta property=\"product:brand\" content=\"Living Libations\" \/>\n<meta property=\"og:availability\" content=\"instock\" \/>\n<meta property=\"product:availability\" content=\"instock\" \/>\n<meta property=\"product:condition\" content=\"new\" \/>\n<!-- \/ Yoast SEO Premium plugin. -->","yoast_head_json":{"title":"Fennel Essential Oil | Living Libations","description":"Cette herbe classique est c\u00e9l\u00e8bre pour \u00eatre un ancien digestif apr\u00e8s le repas, un rafra\u00eechisseur d'haleine et un tonifiant.","robots":{"index":"index","follow":"follow","max-snippet":"max-snippet:-1","max-image-preview":"max-image-preview:large","max-video-preview":"max-video-preview:-1"},"canonical":"https:\/\/dutchhealthstore.com\/fr\/product\/fennel-essential-oil\/","og_locale":"fr_FR","og_type":"article","og_title":"Fennel Essential Oil - Dutch Health Store","og_description":"Cette herbe classique est c\u00e9l\u00e8bre pour \u00eatre un ancien digestif apr\u00e8s le repas, un rafra\u00eechisseur d'haleine et un tonifiant.","og_url":"https:\/\/dutchhealthstore.com\/fr\/product\/fennel-essential-oil\/","og_site_name":"Dutch Health Store","article_publisher":"https:\/\/www.instagram.com\/dutchhealthstore\/","article_modified_time":"2025-10-28T09:47:25+00:00","og_image":[{"width":500,"height":500,"url":"https:\/\/dutchhealthstore.com\/wp-content\/uploads\/2020\/07\/Living-Libations-Fennel-Essential-Oil-e1594115612265.png","type":"image\/jpeg"}],"twitter_card":"summary_large_image","twitter_misc":{"Disponibilit\u00e9":"En stock"},"schema":{"@context":"https:\/\/schema.org","@graph":[{"@type":"WebPage","@id":"https:\/\/dutchhealthstore.com\/fr\/product\/fennel-essential-oil\/","url":"https:\/\/dutchhealthstore.com\/fr\/product\/fennel-essential-oil\/","name":"Fennel Essential Oil | Living Libations","isPartOf":{"@id":"https:\/\/dutchhealthstore.com\/fr\/#website"},"primaryImageOfPage":{"@id":"https:\/\/dutchhealthstore.com\/fr\/product\/fennel-essential-oil\/#primaryimage"},"image":{"@id":"https:\/\/dutchhealthstore.com\/fr\/product\/fennel-essential-oil\/#primaryimage"},"thumbnailUrl":"https:\/\/dutchhealthstore.com\/wp-content\/uploads\/2020\/07\/Living-Libations-Fennel-Essential-Oil-e1594115612265.png","datePublished":"2020-07-07T07:58:32+00:00","dateModified":"2025-10-28T09:47:25+00:00","description":"Cette herbe classique est c\u00e9l\u00e8bre pour \u00eatre un ancien digestif apr\u00e8s le repas, un rafra\u00eechisseur d'haleine et un tonifiant.","breadcrumb":{"@id":"https:\/\/dutchhealthstore.com\/fr\/product\/fennel-essential-oil\/#breadcrumb"},"inLanguage":"fr-FR","potentialAction":[{"@type":"ReadAction","target":["https:\/\/dutchhealthstore.com\/fr\/product\/fennel-essential-oil\/"]}]},{"@type":"ImageObject","inLanguage":"fr-FR","@id":"https:\/\/dutchhealthstore.com\/fr\/product\/fennel-essential-oil\/#primaryimage","url":"https:\/\/dutchhealthstore.com\/wp-content\/uploads\/2020\/07\/Living-Libations-Fennel-Essential-Oil-e1594115612265.png","contentUrl":"https:\/\/dutchhealthstore.com\/wp-content\/uploads\/2020\/07\/Living-Libations-Fennel-Essential-Oil-e1594115612265.png","width":500,"height":500,"caption":"Living Libations Fennel Essential Oil"},{"@type":"BreadcrumbList","@id":"https:\/\/dutchhealthstore.com\/fr\/product\/fennel-essential-oil\/#breadcrumb","itemListElement":[{"@type":"ListItem","position":1,"name":"Home","item":"https:\/\/dutchhealthstore.com\/fr\/"},{"@type":"ListItem","position":2,"name":"Shop","item":"https:\/\/dutchhealthstore.com\/fr\/shop\/"},{"@type":"ListItem","position":3,"name":"Fennel Essential Oil"}]},{"@type":"WebSite","@id":"https:\/\/dutchhealthstore.com\/fr\/#website","url":"https:\/\/dutchhealthstore.com\/fr\/","name":"Dutch Health Store","description":"Enhance Your Beauty with Organic &amp; Natural Skincare","publisher":{"@id":"https:\/\/dutchhealthstore.com\/fr\/#organization"},"potentialAction":[{"@type":"SearchAction","target":{"@type":"EntryPoint","urlTemplate":"https:\/\/dutchhealthstore.com\/fr\/?s={search_term_string}"},"query-input":{"@type":"PropertyValueSpecification","valueRequired":true,"valueName":"search_term_string"}}],"inLanguage":"fr-FR"},{"@type":"Organization","@id":"https:\/\/dutchhealthstore.com\/fr\/#organization","name":"Dutch Health Store","url":"https:\/\/dutchhealthstore.com\/fr\/","logo":{"@type":"ImageObject","inLanguage":"fr-FR","@id":"https:\/\/dutchhealthstore.com\/fr\/#\/schema\/logo\/image\/","url":"https:\/\/dutchhealthstore.com\/wp-content\/uploads\/2020\/08\/logo-dutchhealthstore-jpg-e1599484957574.jpg","contentUrl":"https:\/\/dutchhealthstore.com\/wp-content\/uploads\/2020\/08\/logo-dutchhealthstore-jpg-e1599484957574.jpg","width":400,"height":62,"caption":"Dutch Health Store"},"image":{"@id":"https:\/\/dutchhealthstore.com\/fr\/#\/schema\/logo\/image\/"},"sameAs":["https:\/\/www.instagram.com\/dutchhealthstore\/","https:\/\/www.facebook.com\/dutchhealthstore"]}]},"product_brand":"Living Libations","og_availability":"instock","product_availability":"instock","product_condition":"new"},"_links":{"self":[{"href":"https:\/\/dutchhealthstore.com\/fr\/wp-json\/wp\/v2\/product\/118259","targetHints":{"allow":["GET"]}}],"collection":[{"href":"https:\/\/dutchhealthstore.com\/fr\/wp-json\/wp\/v2\/product"}],"about":[{"href":"https:\/\/dutchhealthstore.com\/fr\/wp-json\/wp\/v2\/types\/product"}],"replies":[{"embeddable":true,"href":"https:\/\/dutchhealthstore.com\/fr\/wp-json\/wp\/v2\/comments?post=118259"}],"wp:featuredmedia":[{"embeddable":true,"href":"https:\/\/dutchhealthstore.com\/fr\/wp-json\/wp\/v2\/media\/111813"}],"wp:attachment":[{"href":"https:\/\/dutchhealthstore.com\/fr\/wp-json\/wp\/v2\/media?parent=118259"}],"wp:term":[{"taxonomy":"product_brand","embeddable":true,"href":"https:\/\/dutchhealthstore.com\/fr\/wp-json\/wp\/v2\/product_brand?post=118259"},{"taxonomy":"product_cat","embeddable":true,"href":"https:\/\/dutchhealthstore.com\/fr\/wp-json\/wp\/v2\/product_cat?post=118259"},{"taxonomy":"product_tag","embeddable":true,"href":"https:\/\/dutchhealthstore.com\/fr\/wp-json\/wp\/v2\/product_tag?post=118259"}],"curies":[{"name":"wp","href":"https:\/\/api.w.org\/{rel}","templated":true}]}}