{"id":118204,"date":"2020-06-25T08:52:49","date_gmt":"2020-06-25T06:52:49","guid":{"rendered":"https:\/\/dutchhealthstore.com\/product\/eucalyptus-lemon-ironbark-essential-oil\/"},"modified":"2025-08-29T09:56:16","modified_gmt":"2025-08-29T07:56:16","slug":"eucalyptus-lemon-ironbark-essential-oil","status":"publish","type":"product","link":"https:\/\/dutchhealthstore.com\/fr\/product\/eucalyptus-lemon-ironbark-essential-oil\/","title":{"rendered":"Eucalyptus Lemon &#8211; Ironbark Essential Oil"},"content":{"rendered":"<p><img decoding=\"async\" class=\"size-full wp-image-69549 alignright\" src=\"https:\/\/dutchhealthstore.com\/wp-content\/uploads\/2019\/08\/NEW-Living-Libations-Logo.jpg\" alt=\"NEW - Living Libations - Logo\" width=\"175\" height=\"82\"><strong>Nom botanique :<\/strong> Eucalyptus staigeriana<br \/>\n<strong>Famille botanique :<\/strong> Myrtaceae<br \/>\n<strong>M\u00e9thode d&rsquo;extraction :<\/strong> Distillation \u00e0 la vapeur<br \/>\n<strong>Partie de la plante distill\u00e9e :<\/strong> Feuilles et branches<br \/>\n<strong>Country of Origin :<\/strong> Australia<br \/>\n<strong>M\u00e9thode de culture :<\/strong> Organique<br \/>\n<strong>Composition :<\/strong> 100% Eucalyptus staigeriana<br \/>\n<strong>Consistance :<\/strong> Viscosit\u00e9 fine<\/p>\n<h3>Description de l&rsquo;odeur<\/h3>\n<p>Doux, l\u00e9ger, citron-frais, vibrations de verveine, comme un bonbon au citron infus\u00e9 avec du soleil en bouteille.<\/p>\n<h3>Dans Living Libations<\/h3>\n<p>Foragers Cologne, Foragers Balm<\/p>\n<h3>Se marie bien avec<\/h3>\n<p>Eucalyptus, Bergamote, Encens, C\u00e8dre, Palo Santo, Leleshwa, Sauge, V\u00e9tiver, Lavande, G\u00e9ranium et Patchouli.<\/p>\n<h3>Utilisations<\/h3>\n<p>Diluez pour l&rsquo;utiliser dans des sprays, des s\u00e9rums et des lotions. D\u00e9licieux \u00e0 diffuser et \u00e0 utiliser dans une pipe \u00e0 sel. Excellente essence pour tous les aspects du nettoyage de la maison. Diffusez dans les pi\u00e8ces de bien-\u00eatre, une goutte ou deux dans le bain ou diluez et massez les muscles. Excellent compagnon pour les promenades dans les bois et les escapades dans la jungle pour tenir \u00e0 distance les envahisseurs ail\u00e9s.<\/p>\n<h3>Contre-indications<\/h3>\n<p>Diluer en cas d&rsquo;utilisation topique car cette huile peut irriter les peaux sensibles. La diffusion est la m\u00e9thode id\u00e9ale pour profiter de la fra\u00eecheur citronn\u00e9e de l&rsquo;Eucalyptus staigeriana.<\/p>\n<a href=\"https:\/\/dutchhealthstore.com\/wp-content\/uploads\/2020\/06\/ANALYSIS-Eucalyptus-Lemon-Ironbark-Essential-Oil-Living-Libations-4.pdf\" class=\"button primary is-primary is-small\"  >\n\t\t<span>ANALYSE DES HUILES ESSENTIELLES &gt;<\/span>\n\t<\/a>\n\n<p>Cette lettre d&rsquo;amour au citron de l&rsquo;arri\u00e8re-pays australien est souvent utilis\u00e9e pour purifier l&rsquo;air et sanctifier les espaces sacr\u00e9s, ainsi que pour inspirer la paix et le bien-\u00eatre. Plus doux et plus sucr\u00e9 que l&rsquo;eucalyptus traditionnel, nous pr\u00e9f\u00e9rons le bel ar\u00f4me citronn\u00e9 de l&rsquo;Eucalyptus staigeriana \u00e0 celui de l&rsquo;Eucalyptus citriodora.<\/p>\n<p>La puissance pure des plantes en fait un choix populaire pour le nettoyage des surfaces domestiques et la purification de l&rsquo;air par diffusion. Eucalyptus Lemon Ironbark Essential Oil est un agent de nettoyage naturel tr\u00e8s pratique ; elle peut \u00eatre utilis\u00e9e dans la cuisine et sur les surfaces de la salle de bains et neutralise les odeurs des ordures ou du linge sale. Il peut \u00eatre utilis\u00e9 pour faire la vaisselle, rafra\u00eechir le linge ou nettoyer les sols.<\/p>\n<p>Cette huile revigorante peut \u00e9galement \u00eatre utilis\u00e9e pour clarifier la congestion \u00e9motionnelle, comme ar\u00f4me stimulant dans le sauna ou le bain, ou pour calmer les enfants qui ne sont pas dans leur assiette.<\/p>\n<p><strong>Taille : 5 ml, 15 ml et 30 ml<\/strong><\/p>\n<h3>Ingr\u00e9dients biologiques<\/h3>\n<p>100% huile essentielle d&rsquo;eucalyptus citron &#8211; ironbark (Eucalyptus staigeriana).<\/p>\n<p style=\"text-align: center;\"><em>\u00ab\u00a0E. staigeriana est l&rsquo;\u00e9corce de fer parfum\u00e9e au citron, un eucalyptus de taille moyenne avec des feuilles fortement parfum\u00e9es au citron. Il a un parfum agr\u00e9able, doux, frais, fruit\u00e9-citron, semblable \u00e0 celui de la verveine&#8230;\u00a0\u00bb<\/em><br \/>\n~ Jennifer Peace Rhind, <strong>Fragrance and Wellbeing<\/strong><\/p>\n<p style=\"text-align: center;\"><em>\u00ab\u00a0E. staigeriana est maintenant disponible pour l&rsquo;aromath\u00e9rapie&#8230; Elle a une odeur douce, fra\u00eeche et fruit\u00e9e et chimiquement elle contient du g\u00e9raniol (9-28%), du g\u00e9ranate de m\u00e9thyle, de l&rsquo;ac\u00e9tate de gernayle, du limon\u00e8ne, du B-phellandr\u00e8ne (12-34%) et du n\u00e9ral.\u00a0\u00bb<\/em><br \/>\n~ Jennifer Peace Rhind, <strong>Essential Oils: A Handbook for Aromatherapy Practice<\/strong><\/p>\n<p style=\"text-align: center;\"><em>\u00ab\u00a0Si seulement vous y pr\u00eatez attention, vous verrez que certaines \u00e9toiles sont jaune citron, d&rsquo;autres roses ou d&rsquo;un \u00e9clat vert, bleu et myosotis. Et sans que je m&rsquo;\u00e9tende sur ce th\u00e8me, il est \u00e9vident que mettre des petits points blancs sur le bleu-noir ne suffit pas \u00e0 peindre un ciel \u00e9toil\u00e9.\u00a0\u00bb<\/em><br \/>\n~ Vincent van Gogh<\/p>\n<p><img fetchpriority=\"high\" decoding=\"async\" class=\" wp-image-68103 aligncenter\" src=\"https:\/\/dutchhealthstore.com\/wp-content\/uploads\/2018\/02\/Living-Libations-Organic-Logo-800x89.png\" alt=\"Living Libations - Organic Logo\" width=\"800\" height=\"89\" srcset=\"https:\/\/dutchhealthstore.com\/wp-content\/uploads\/2018\/02\/Living-Libations-Organic-Logo-800x89.png 800w, https:\/\/dutchhealthstore.com\/wp-content\/uploads\/2018\/02\/Living-Libations-Organic-Logo-510x57.png 510w, https:\/\/dutchhealthstore.com\/wp-content\/uploads\/2018\/02\/Living-Libations-Organic-Logo-768x85.png 768w, https:\/\/dutchhealthstore.com\/wp-content\/uploads\/2018\/02\/Living-Libations-Organic-Logo.png 1400w\" sizes=\"(max-width: 800px) 100vw, 800px\" \/><\/p>\n","protected":false},"excerpt":{"rendered":"<p><strong>Eucalyptus Lemon Ironbark huile Essential Oil<\/strong> \u00e9l\u00e8ve l&rsquo;esprit dans un \u00e9tat de clart\u00e9 joyeuse au parfum de citron.<br \/>\nCette huile douce et citronn\u00e9e est distill\u00e9e \u00e0 la vapeur d&rsquo;eau \u00e0 partir des brindilles et des branches du genre australien souvent connu sous le nom de Lemon-Scented Ironbark ou Eucalyptus Lemon Ironbark.<\/p>\n","protected":false},"featured_media":108995,"comment_status":"open","ping_status":"closed","template":"","meta":[],"product_brand":[],"product_cat":[6734,1507,1211,1209,3757,6733],"product_tag":[4495],"class_list":{"0":"post-118204","1":"product","2":"type-product","3":"status-publish","4":"has-post-thumbnail","6":"product_cat-essential-oils","7":"product_cat-plantes-huiles-essentielles-living-libations","8":"product_cat-living-libations-france","9":"product_cat-par-marques","10":"product_cat-plantes-huiles-essentielles","11":"product_cat-wellness-fr-2","12":"product_tag-essential-oil-fr","13":"pa_brand-livinglibations-fr","14":"pa_essential-oils-product-type-essential-oils-fr","15":"pa_size-15-ml-fr","16":"pa_size-30-ml-fr","17":"pa_size-5-ml-fr","19":"first","20":"instock","21":"taxable","22":"shipping-taxable","23":"purchasable","24":"product-type-variable"},"bundled_by":[],"bundle_stock_status":"instock","bundle_stock_quantity":null,"bundle_virtual":false,"bundle_layout":"","bundle_add_to_cart_form_location":"","bundle_editable_in_cart":false,"bundle_sold_individually_context":"","bundle_item_grouping":"","bundle_min_size":"","bundle_max_size":"","bundle_price":[],"bundled_items":[],"bundle_sell_ids":[],"atum_controlled":true,"out_stock_date":null,"out_stock_threshold":null,"inheritable":true,"stock_on_hold":0,"sold_today":0,"sales_last_days":0,"out_stock_days":0,"lost_sales":0,"update_date":"2026-04-24T00:11:24","atum_locations":[],"atum_stock_status":"instock","restock_status":false,"low_stock_amount":"","sales_update_date":"2026-04-24T00:11:24","calc_backorders":null,"group_of_quantity":0,"min_quantity":0,"max_quantity":"","exclude_order_quantity_value_rules":"no","exclude_category_quantity_rules":"no","combine_variations":"no","yoast_head":"<!-- This site is optimized with the Yoast SEO Premium plugin v26.5 (Yoast SEO v26.5) - https:\/\/yoast.com\/wordpress\/plugins\/seo\/ -->\n<title>Eucalyptus Lemon - Iron Bark Essential Oil | Living Libations<\/title>\n<meta name=\"description\" content=\"Eucalyptus Lemon Ironbark Essential Oil \u00e9l\u00e8ve l&#039;esprit dans un \u00e9tat de clart\u00e9 joyeuse au parfum de citron.\" \/>\n<meta name=\"robots\" content=\"index, follow, max-snippet:-1, max-image-preview:large, max-video-preview:-1\" \/>\n<link rel=\"canonical\" href=\"https:\/\/dutchhealthstore.com\/fr\/product\/eucalyptus-lemon-ironbark-essential-oil\/\" \/>\n<meta property=\"og:locale\" content=\"fr_FR\" \/>\n<meta property=\"og:type\" content=\"article\" \/>\n<meta property=\"og:title\" content=\"Eucalyptus Lemon - Ironbark Essential Oil - Dutch Health Store\" \/>\n<meta property=\"og:description\" content=\"Eucalyptus Lemon Ironbark Essential Oil \u00e9l\u00e8ve l&#039;esprit dans un \u00e9tat de clart\u00e9 joyeuse au parfum de citron.\" \/>\n<meta property=\"og:url\" content=\"https:\/\/dutchhealthstore.com\/fr\/product\/eucalyptus-lemon-ironbark-essential-oil\/\" \/>\n<meta property=\"og:site_name\" content=\"Dutch Health Store\" \/>\n<meta property=\"article:publisher\" content=\"https:\/\/www.instagram.com\/dutchhealthstore\/\" \/>\n<meta property=\"article:modified_time\" content=\"2025-08-29T07:56:16+00:00\" \/>\n<meta property=\"og:image\" content=\"https:\/\/dutchhealthstore.com\/wp-content\/uploads\/2020\/06\/Living-Libations-Eucalyptus-Lemon-Ironbark-Essential-Oil-e1593075002105.jpg\" \/>\n\t<meta property=\"og:image:width\" content=\"500\" \/>\n\t<meta property=\"og:image:height\" content=\"500\" \/>\n\t<meta property=\"og:image:type\" content=\"image\/jpeg\" \/>\n<meta name=\"twitter:card\" content=\"summary_large_image\" \/>\n<meta name=\"twitter:label1\" content=\"Disponibilit\u00e9\" \/>\n\t<meta name=\"twitter:data1\" content=\"En stock\" \/>\n<script type=\"application\/ld+json\" class=\"yoast-schema-graph\">{\"@context\":\"https:\/\/schema.org\",\"@graph\":[{\"@type\":\"WebPage\",\"@id\":\"https:\/\/dutchhealthstore.com\/fr\/product\/eucalyptus-lemon-ironbark-essential-oil\/\",\"url\":\"https:\/\/dutchhealthstore.com\/fr\/product\/eucalyptus-lemon-ironbark-essential-oil\/\",\"name\":\"Eucalyptus Lemon - Iron Bark Essential Oil | Living Libations\",\"isPartOf\":{\"@id\":\"https:\/\/dutchhealthstore.com\/fr\/#website\"},\"primaryImageOfPage\":{\"@id\":\"https:\/\/dutchhealthstore.com\/fr\/product\/eucalyptus-lemon-ironbark-essential-oil\/#primaryimage\"},\"image\":{\"@id\":\"https:\/\/dutchhealthstore.com\/fr\/product\/eucalyptus-lemon-ironbark-essential-oil\/#primaryimage\"},\"thumbnailUrl\":\"https:\/\/dutchhealthstore.com\/wp-content\/uploads\/2020\/06\/Living-Libations-Eucalyptus-Lemon-Ironbark-Essential-Oil-e1593075002105.jpg\",\"datePublished\":\"2020-06-25T06:52:49+00:00\",\"dateModified\":\"2025-08-29T07:56:16+00:00\",\"description\":\"Eucalyptus Lemon Ironbark Essential Oil \u00e9l\u00e8ve l'esprit dans un \u00e9tat de clart\u00e9 joyeuse au parfum de citron.\",\"breadcrumb\":{\"@id\":\"https:\/\/dutchhealthstore.com\/fr\/product\/eucalyptus-lemon-ironbark-essential-oil\/#breadcrumb\"},\"inLanguage\":\"fr-FR\",\"potentialAction\":[{\"@type\":\"ReadAction\",\"target\":[\"https:\/\/dutchhealthstore.com\/fr\/product\/eucalyptus-lemon-ironbark-essential-oil\/\"]}]},{\"@type\":\"ImageObject\",\"inLanguage\":\"fr-FR\",\"@id\":\"https:\/\/dutchhealthstore.com\/fr\/product\/eucalyptus-lemon-ironbark-essential-oil\/#primaryimage\",\"url\":\"https:\/\/dutchhealthstore.com\/wp-content\/uploads\/2020\/06\/Living-Libations-Eucalyptus-Lemon-Ironbark-Essential-Oil-e1593075002105.jpg\",\"contentUrl\":\"https:\/\/dutchhealthstore.com\/wp-content\/uploads\/2020\/06\/Living-Libations-Eucalyptus-Lemon-Ironbark-Essential-Oil-e1593075002105.jpg\",\"width\":500,\"height\":500,\"caption\":\"Living Libations Eucalyptus Lemon-Ironbark Essential Oil\"},{\"@type\":\"BreadcrumbList\",\"@id\":\"https:\/\/dutchhealthstore.com\/fr\/product\/eucalyptus-lemon-ironbark-essential-oil\/#breadcrumb\",\"itemListElement\":[{\"@type\":\"ListItem\",\"position\":1,\"name\":\"Home\",\"item\":\"https:\/\/dutchhealthstore.com\/fr\/\"},{\"@type\":\"ListItem\",\"position\":2,\"name\":\"Shop\",\"item\":\"https:\/\/dutchhealthstore.com\/fr\/shop\/\"},{\"@type\":\"ListItem\",\"position\":3,\"name\":\"Eucalyptus Lemon &#8211; Ironbark Essential Oil\"}]},{\"@type\":\"WebSite\",\"@id\":\"https:\/\/dutchhealthstore.com\/fr\/#website\",\"url\":\"https:\/\/dutchhealthstore.com\/fr\/\",\"name\":\"Dutch Health Store\",\"description\":\"Enhance Your Beauty with Organic &amp; Natural Skincare\",\"publisher\":{\"@id\":\"https:\/\/dutchhealthstore.com\/fr\/#organization\"},\"potentialAction\":[{\"@type\":\"SearchAction\",\"target\":{\"@type\":\"EntryPoint\",\"urlTemplate\":\"https:\/\/dutchhealthstore.com\/fr\/?s={search_term_string}\"},\"query-input\":{\"@type\":\"PropertyValueSpecification\",\"valueRequired\":true,\"valueName\":\"search_term_string\"}}],\"inLanguage\":\"fr-FR\"},{\"@type\":\"Organization\",\"@id\":\"https:\/\/dutchhealthstore.com\/fr\/#organization\",\"name\":\"Dutch Health Store\",\"url\":\"https:\/\/dutchhealthstore.com\/fr\/\",\"logo\":{\"@type\":\"ImageObject\",\"inLanguage\":\"fr-FR\",\"@id\":\"https:\/\/dutchhealthstore.com\/fr\/#\/schema\/logo\/image\/\",\"url\":\"https:\/\/dutchhealthstore.com\/wp-content\/uploads\/2020\/08\/logo-dutchhealthstore-jpg-e1599484957574.jpg\",\"contentUrl\":\"https:\/\/dutchhealthstore.com\/wp-content\/uploads\/2020\/08\/logo-dutchhealthstore-jpg-e1599484957574.jpg\",\"width\":400,\"height\":62,\"caption\":\"Dutch Health Store\"},\"image\":{\"@id\":\"https:\/\/dutchhealthstore.com\/fr\/#\/schema\/logo\/image\/\"},\"sameAs\":[\"https:\/\/www.instagram.com\/dutchhealthstore\/\",\"https:\/\/www.facebook.com\/dutchhealthstore\"]}]}<\/script>\n<meta property=\"product:brand\" content=\"Living Libations\" \/>\n<meta property=\"og:availability\" content=\"instock\" \/>\n<meta property=\"product:availability\" content=\"instock\" \/>\n<meta property=\"product:condition\" content=\"new\" \/>\n<!-- \/ Yoast SEO Premium plugin. -->","yoast_head_json":{"title":"Eucalyptus Lemon - Iron Bark Essential Oil | Living Libations","description":"Eucalyptus Lemon Ironbark Essential Oil \u00e9l\u00e8ve l'esprit dans un \u00e9tat de clart\u00e9 joyeuse au parfum de citron.","robots":{"index":"index","follow":"follow","max-snippet":"max-snippet:-1","max-image-preview":"max-image-preview:large","max-video-preview":"max-video-preview:-1"},"canonical":"https:\/\/dutchhealthstore.com\/fr\/product\/eucalyptus-lemon-ironbark-essential-oil\/","og_locale":"fr_FR","og_type":"article","og_title":"Eucalyptus Lemon - Ironbark Essential Oil - Dutch Health Store","og_description":"Eucalyptus Lemon Ironbark Essential Oil \u00e9l\u00e8ve l'esprit dans un \u00e9tat de clart\u00e9 joyeuse au parfum de citron.","og_url":"https:\/\/dutchhealthstore.com\/fr\/product\/eucalyptus-lemon-ironbark-essential-oil\/","og_site_name":"Dutch Health Store","article_publisher":"https:\/\/www.instagram.com\/dutchhealthstore\/","article_modified_time":"2025-08-29T07:56:16+00:00","og_image":[{"width":500,"height":500,"url":"https:\/\/dutchhealthstore.com\/wp-content\/uploads\/2020\/06\/Living-Libations-Eucalyptus-Lemon-Ironbark-Essential-Oil-e1593075002105.jpg","type":"image\/jpeg"}],"twitter_card":"summary_large_image","twitter_misc":{"Disponibilit\u00e9":"En stock"},"schema":{"@context":"https:\/\/schema.org","@graph":[{"@type":"WebPage","@id":"https:\/\/dutchhealthstore.com\/fr\/product\/eucalyptus-lemon-ironbark-essential-oil\/","url":"https:\/\/dutchhealthstore.com\/fr\/product\/eucalyptus-lemon-ironbark-essential-oil\/","name":"Eucalyptus Lemon - Iron Bark Essential Oil | Living Libations","isPartOf":{"@id":"https:\/\/dutchhealthstore.com\/fr\/#website"},"primaryImageOfPage":{"@id":"https:\/\/dutchhealthstore.com\/fr\/product\/eucalyptus-lemon-ironbark-essential-oil\/#primaryimage"},"image":{"@id":"https:\/\/dutchhealthstore.com\/fr\/product\/eucalyptus-lemon-ironbark-essential-oil\/#primaryimage"},"thumbnailUrl":"https:\/\/dutchhealthstore.com\/wp-content\/uploads\/2020\/06\/Living-Libations-Eucalyptus-Lemon-Ironbark-Essential-Oil-e1593075002105.jpg","datePublished":"2020-06-25T06:52:49+00:00","dateModified":"2025-08-29T07:56:16+00:00","description":"Eucalyptus Lemon Ironbark Essential Oil \u00e9l\u00e8ve l'esprit dans un \u00e9tat de clart\u00e9 joyeuse au parfum de citron.","breadcrumb":{"@id":"https:\/\/dutchhealthstore.com\/fr\/product\/eucalyptus-lemon-ironbark-essential-oil\/#breadcrumb"},"inLanguage":"fr-FR","potentialAction":[{"@type":"ReadAction","target":["https:\/\/dutchhealthstore.com\/fr\/product\/eucalyptus-lemon-ironbark-essential-oil\/"]}]},{"@type":"ImageObject","inLanguage":"fr-FR","@id":"https:\/\/dutchhealthstore.com\/fr\/product\/eucalyptus-lemon-ironbark-essential-oil\/#primaryimage","url":"https:\/\/dutchhealthstore.com\/wp-content\/uploads\/2020\/06\/Living-Libations-Eucalyptus-Lemon-Ironbark-Essential-Oil-e1593075002105.jpg","contentUrl":"https:\/\/dutchhealthstore.com\/wp-content\/uploads\/2020\/06\/Living-Libations-Eucalyptus-Lemon-Ironbark-Essential-Oil-e1593075002105.jpg","width":500,"height":500,"caption":"Living Libations Eucalyptus Lemon-Ironbark Essential Oil"},{"@type":"BreadcrumbList","@id":"https:\/\/dutchhealthstore.com\/fr\/product\/eucalyptus-lemon-ironbark-essential-oil\/#breadcrumb","itemListElement":[{"@type":"ListItem","position":1,"name":"Home","item":"https:\/\/dutchhealthstore.com\/fr\/"},{"@type":"ListItem","position":2,"name":"Shop","item":"https:\/\/dutchhealthstore.com\/fr\/shop\/"},{"@type":"ListItem","position":3,"name":"Eucalyptus Lemon &#8211; Ironbark Essential Oil"}]},{"@type":"WebSite","@id":"https:\/\/dutchhealthstore.com\/fr\/#website","url":"https:\/\/dutchhealthstore.com\/fr\/","name":"Dutch Health Store","description":"Enhance Your Beauty with Organic &amp; Natural Skincare","publisher":{"@id":"https:\/\/dutchhealthstore.com\/fr\/#organization"},"potentialAction":[{"@type":"SearchAction","target":{"@type":"EntryPoint","urlTemplate":"https:\/\/dutchhealthstore.com\/fr\/?s={search_term_string}"},"query-input":{"@type":"PropertyValueSpecification","valueRequired":true,"valueName":"search_term_string"}}],"inLanguage":"fr-FR"},{"@type":"Organization","@id":"https:\/\/dutchhealthstore.com\/fr\/#organization","name":"Dutch Health Store","url":"https:\/\/dutchhealthstore.com\/fr\/","logo":{"@type":"ImageObject","inLanguage":"fr-FR","@id":"https:\/\/dutchhealthstore.com\/fr\/#\/schema\/logo\/image\/","url":"https:\/\/dutchhealthstore.com\/wp-content\/uploads\/2020\/08\/logo-dutchhealthstore-jpg-e1599484957574.jpg","contentUrl":"https:\/\/dutchhealthstore.com\/wp-content\/uploads\/2020\/08\/logo-dutchhealthstore-jpg-e1599484957574.jpg","width":400,"height":62,"caption":"Dutch Health Store"},"image":{"@id":"https:\/\/dutchhealthstore.com\/fr\/#\/schema\/logo\/image\/"},"sameAs":["https:\/\/www.instagram.com\/dutchhealthstore\/","https:\/\/www.facebook.com\/dutchhealthstore"]}]},"product_brand":"Living Libations","og_availability":"instock","product_availability":"instock","product_condition":"new"},"_links":{"self":[{"href":"https:\/\/dutchhealthstore.com\/fr\/wp-json\/wp\/v2\/product\/118204","targetHints":{"allow":["GET"]}}],"collection":[{"href":"https:\/\/dutchhealthstore.com\/fr\/wp-json\/wp\/v2\/product"}],"about":[{"href":"https:\/\/dutchhealthstore.com\/fr\/wp-json\/wp\/v2\/types\/product"}],"replies":[{"embeddable":true,"href":"https:\/\/dutchhealthstore.com\/fr\/wp-json\/wp\/v2\/comments?post=118204"}],"wp:featuredmedia":[{"embeddable":true,"href":"https:\/\/dutchhealthstore.com\/fr\/wp-json\/wp\/v2\/media\/108995"}],"wp:attachment":[{"href":"https:\/\/dutchhealthstore.com\/fr\/wp-json\/wp\/v2\/media?parent=118204"}],"wp:term":[{"taxonomy":"product_brand","embeddable":true,"href":"https:\/\/dutchhealthstore.com\/fr\/wp-json\/wp\/v2\/product_brand?post=118204"},{"taxonomy":"product_cat","embeddable":true,"href":"https:\/\/dutchhealthstore.com\/fr\/wp-json\/wp\/v2\/product_cat?post=118204"},{"taxonomy":"product_tag","embeddable":true,"href":"https:\/\/dutchhealthstore.com\/fr\/wp-json\/wp\/v2\/product_tag?post=118204"}],"curies":[{"name":"wp","href":"https:\/\/api.w.org\/{rel}","templated":true}]}}