{"id":118171,"date":"2018-02-10T19:43:34","date_gmt":"2018-02-10T18:43:34","guid":{"rendered":"https:\/\/dutchhealthstore.com\/product\/eucalyptus-essential-oil\/"},"modified":"2025-11-23T12:53:31","modified_gmt":"2025-11-23T11:53:31","slug":"eucalyptus-essential-oil","status":"publish","type":"product","link":"https:\/\/dutchhealthstore.com\/fr\/product\/eucalyptus-essential-oil\/","title":{"rendered":"Eucalyptus Essential Oil"},"content":{"rendered":"<p style=\"font-weight: 400;\"><img decoding=\"async\" class=\"alignright size-full wp-image-37041\" src=\"https:\/\/dutchhealthstore.com\/wp-content\/uploads\/2018\/04\/Living_Libations-1.png\" alt=\"Organic &amp; Natural Beautyproducts - Living Libations\" width=\"175\" height=\"82\">L&rsquo;Eucalyptus, qui est l&rsquo;un des arbres \u00e0 la croissance la plus rapide au monde, s&rsquo;\u00e9tend vers le ciel \u00e0 des hauteurs pouvant atteindre pr\u00e8s de 500 pieds. Les Aborig\u00e8nes australiens utilisaient des centaines d&rsquo;esp\u00e8ces diff\u00e9rentes d&rsquo;eucalyptus pour faire des pr\u00e9parations \u00e0 base de plantes, pour cr\u00e9er de l&rsquo;ombre et pour fabriquer du papier. Au-del\u00e0 de la nourriture des ours Koala, les feuilles de l&rsquo;arbre ont \u00e9t\u00e9 distill\u00e9es pour la premi\u00e8re fois en huiles essentielles au 18e si\u00e8cle, lorsque des m\u00e9decins allemands ont d\u00e9couvert ses propri\u00e9t\u00e9s rafra\u00eechissantes.<\/p>\n<p style=\"font-weight: 400;\">Il existe de nombreuses vari\u00e9t\u00e9s d&rsquo;eucalyptus, l&rsquo;eucalyptus Blue Gum est consid\u00e9r\u00e9 comme un <i><em>eucapharma <\/em><\/i>eucalyptus \u00e0 l&rsquo;odeur plus prononc\u00e9e, qui entre dans la composition des soins du teint, des baumes pour la poitrine, des gels douche, des lotions, des shampooings et des savons. Son parfum de vapeurs de verve est une caresse apaisante pour la peau en d\u00e9tresse, et b\u00e9nit la poitrine d&rsquo;une essence apaisante.<\/p>\n<p style=\"font-weight: 400;\"><b><strong>Nom botanique: <\/strong><\/b><i><em>Eucalyptus globulus<br \/>\n<\/em><\/i><b><strong>Famille botanique: <\/strong><\/b><i><em>Myrtaceae<br \/>\n<\/em><\/i><b><strong>M\u00e9thode d&rsquo;extraction: <\/strong><\/b>Distillation \u00e0 la vapeur<br \/>\n<b><strong>Partie de la plante distill\u00e9e:<\/strong><\/b> Feuilles<br \/>\n<b><strong>Country of Origin:<\/strong><\/b> Australia<br \/>\n<b><strong>M\u00e9thode de culture:<\/strong><\/b> Organique<\/p>\n<h3 style=\"font-weight: 400;\"><strong>Description de l&rsquo;odeur<\/strong><\/h3>\n<p style=\"font-weight: 400;\">Astucieux avec du camphre vert et vif.<\/p>\n<h3 style=\"font-weight: 400;\"><strong>Dans Living Libations<\/strong><\/h3>\n<p style=\"font-weight: 400;\">M\u00e9lange pour diffuseur Deep Breathing, Illume, Verve Tonic, Baume respiratoire Illume<\/p>\n<h3 style=\"font-weight: 400;\"><strong>Se marie bien avec<\/strong><\/h3>\n<p style=\"font-weight: 400;\">Citron, bois de santal, romarin, orange, cypr\u00e8s, gen\u00e9vrier, ravensara, \u00e9pinette noire, sapin de Douglas, sapin blanc, sauge, sauge Blue Mountain, camomille du Cap et pamplemousse.<\/p>\n<h3 style=\"font-weight: 400;\"><strong>Utilisations<\/strong><\/h3>\n<p style=\"font-weight: 400;\">Apaise et d\u00e9congestionne la peau. Baume stimulant pour la poitrine. Il est fortement recommand\u00e9 de l&rsquo;utiliser avec une pipe \u00e0 sel et un diffuseur d&rsquo;ar\u00f4mes. Robuste en huiles de friction pour le massage et le brossage \u00e0 sec. Nettoyage dans les bains. Excellent pour les soins bucco-dentaires.<\/p>\n<h3>Ingr\u00e9dients Biologiques<\/h3>\n<p>Huile essentielle d&rsquo;eucalyptus (eucalyptus globulus) 100% pure.<\/p>\n<p style=\"font-weight: 400; text-align: center;\"><em>\u00ab\u00a0Eucalyptus globulus\u00a0\u00bb est la vari\u00e9t\u00e9 d&rsquo;eucalyptus la plus connue.<br \/>\nCette huile a un parfum unique et frais qui est renforc\u00e9 par la pr\u00e9sence de sesquiterp\u00e8nes et de divers ald\u00e9hydes.\u00a0\u00bb<\/em><br \/>\n\u223cKurt Schnaubelt, <strong>Advanced Aromatherapy<\/strong><\/p>\n<p style=\"font-weight: 400; text-align: center;\"><em>\u00ab\u00a0Les c\u0153urs anciens dansent au rythme de l&rsquo;eucalyptus.<br \/>\nPleinement conscient du pass\u00e9, l&rsquo;eucalyptus est pourtant un parfum de nouveaut\u00e9, de renouveau et de recherche de nouveaux horizons.\u00a0\u00bb<\/em><br \/>\n\u223cValerie Ann Worwood, <strong>Aromatherapy for the Soul<\/strong><\/p>\n<p>&nbsp;<\/p>\n<p><img fetchpriority=\"high\" decoding=\"async\" class=\"aligncenter size-full wp-image-31577\" src=\"https:\/\/dutchhealthstore.com\/wp-content\/uploads\/2018\/03\/organic_big.png\" alt=\"Organic and Natural - Living Libations\" width=\"623\" height=\"103\" srcset=\"https:\/\/dutchhealthstore.com\/wp-content\/uploads\/2018\/03\/organic_big.png 623w, https:\/\/dutchhealthstore.com\/wp-content\/uploads\/2018\/03\/organic_big-510x84.png 510w, https:\/\/dutchhealthstore.com\/wp-content\/uploads\/2018\/03\/organic_big-600x99.png 600w, https:\/\/dutchhealthstore.com\/wp-content\/uploads\/2018\/03\/organic_big-350x58.png 350w\" sizes=\"(max-width: 623px) 100vw, 623px\" \/><\/p>\n","protected":false},"excerpt":{"rendered":"<div class=\"short-description std\">\n<p>L&rsquo;huile essentielle huile <strong>Eucalyptus<\/strong> omnipr\u00e9sent, gomme bleue, est extraite des feuilles de l&rsquo;<i>eucalyptus globulus<\/i> dans son pays d&rsquo;origine, l&rsquo;Australie, par distillation \u00e0 la vapeur. Profitez de l&rsquo;\u00e9nergie subtile du camphre lumineux en inhalant ce cristal liquide de clart\u00e9. Cr\u00e9\u00e9e \u00e0 partir de feuilles nubiles et de jeunes brindilles, notre essence d&rsquo;eucalyptus d\u00e9gage de la fra\u00eecheur dans tout l&rsquo;\u00eatre.<\/p>\n<\/div>\n<div><\/div>\n<div id=\"left_side\">\n<div class=\"block block-list block-review\">\n<div class=\"block-title-review\"><\/div>\n<\/div>\n<\/div>\n","protected":false},"featured_media":113219,"comment_status":"open","ping_status":"closed","template":"","meta":[],"product_brand":[],"product_cat":[1507,6734,1211,1209,3757,1010,6733],"product_tag":[4495],"class_list":{"0":"post-118171","1":"product","2":"type-product","3":"status-publish","4":"has-post-thumbnail","6":"product_cat-plantes-huiles-essentielles-living-libations","7":"product_cat-essential-oils","8":"product_cat-living-libations-france","9":"product_cat-par-marques","10":"product_cat-plantes-huiles-essentielles","11":"product_cat-notre-boutique","12":"product_cat-wellness-fr-2","13":"product_tag-essential-oil-fr","14":"pa_brand-livinglibations-fr","15":"pa_essential-oils-product-type-essential-oils-fr","16":"pa_size-5-ml-fr","17":"pa_size-15-ml-fr","18":"pa_size-30-ml-fr","20":"first","21":"instock","22":"taxable","23":"shipping-taxable","24":"purchasable","25":"product-type-variable"},"bundled_by":[],"bundle_stock_status":"instock","bundle_stock_quantity":null,"bundle_virtual":false,"bundle_layout":"","bundle_add_to_cart_form_location":"","bundle_editable_in_cart":false,"bundle_sold_individually_context":"","bundle_item_grouping":"","bundle_min_size":"","bundle_max_size":"","bundle_price":[],"bundled_items":[],"bundle_sell_ids":[],"atum_controlled":true,"out_stock_date":null,"out_stock_threshold":null,"inheritable":true,"stock_on_hold":0,"sold_today":0,"sales_last_days":0,"out_stock_days":0,"lost_sales":0,"update_date":"2026-03-30T14:00:18","atum_locations":[],"atum_stock_status":"instock","restock_status":false,"low_stock_amount":"","sales_update_date":"2026-03-30T14:00:18","calc_backorders":null,"group_of_quantity":0,"min_quantity":0,"max_quantity":"","exclude_order_quantity_value_rules":"no","exclude_category_quantity_rules":"no","combine_variations":"no","yoast_head":"<!-- This site is optimized with the Yoast SEO Premium plugin v26.5 (Yoast SEO v26.5) - https:\/\/yoast.com\/wordpress\/plugins\/seo\/ -->\n<title>Eucalyptus Essential Oil | Living Libations<\/title>\n<meta name=\"description\" content=\"L&#039;huile essentielle huile Eucalyptus omnipr\u00e9sent, gomme bleue, est extraite des feuilles de l&#039;eucalyptus globulus dans son pays d&#039;origine, l&#039;Australie, par distillation \u00e0 la vapeur.\" \/>\n<meta name=\"robots\" content=\"index, follow, max-snippet:-1, max-image-preview:large, max-video-preview:-1\" \/>\n<link rel=\"canonical\" href=\"https:\/\/dutchhealthstore.com\/fr\/product\/eucalyptus-essential-oil\/\" \/>\n<meta property=\"og:locale\" content=\"fr_FR\" \/>\n<meta property=\"og:type\" content=\"article\" \/>\n<meta property=\"og:title\" content=\"Eucalyptus Essential Oil - Dutch Health Store\" \/>\n<meta property=\"og:description\" content=\"L&#039;huile essentielle huile Eucalyptus omnipr\u00e9sent, gomme bleue, est extraite des feuilles de l&#039;eucalyptus globulus dans son pays d&#039;origine, l&#039;Australie, par distillation \u00e0 la vapeur.\" \/>\n<meta property=\"og:url\" content=\"https:\/\/dutchhealthstore.com\/fr\/product\/eucalyptus-essential-oil\/\" \/>\n<meta property=\"og:site_name\" content=\"Dutch Health Store\" \/>\n<meta property=\"article:publisher\" content=\"https:\/\/www.instagram.com\/dutchhealthstore\/\" \/>\n<meta property=\"article:modified_time\" content=\"2025-11-23T11:53:31+00:00\" \/>\n<meta property=\"og:image\" content=\"https:\/\/dutchhealthstore.com\/wp-content\/uploads\/2018\/02\/Living-Libations-Eucalyptus-Essential-Oil-e1594638988297.png\" \/>\n\t<meta property=\"og:image:width\" content=\"500\" \/>\n\t<meta property=\"og:image:height\" content=\"500\" \/>\n\t<meta property=\"og:image:type\" content=\"image\/jpeg\" \/>\n<meta name=\"twitter:card\" content=\"summary_large_image\" \/>\n<meta name=\"twitter:label1\" content=\"Disponibilit\u00e9\" \/>\n\t<meta name=\"twitter:data1\" content=\"En stock\" \/>\n<script type=\"application\/ld+json\" class=\"yoast-schema-graph\">{\"@context\":\"https:\/\/schema.org\",\"@graph\":[{\"@type\":\"WebPage\",\"@id\":\"https:\/\/dutchhealthstore.com\/fr\/product\/eucalyptus-essential-oil\/\",\"url\":\"https:\/\/dutchhealthstore.com\/fr\/product\/eucalyptus-essential-oil\/\",\"name\":\"Eucalyptus Essential Oil | Living Libations\",\"isPartOf\":{\"@id\":\"https:\/\/dutchhealthstore.com\/fr\/#website\"},\"primaryImageOfPage\":{\"@id\":\"https:\/\/dutchhealthstore.com\/fr\/product\/eucalyptus-essential-oil\/#primaryimage\"},\"image\":{\"@id\":\"https:\/\/dutchhealthstore.com\/fr\/product\/eucalyptus-essential-oil\/#primaryimage\"},\"thumbnailUrl\":\"https:\/\/dutchhealthstore.com\/wp-content\/uploads\/2018\/02\/Living-Libations-Eucalyptus-Essential-Oil-e1594638988297.png\",\"datePublished\":\"2018-02-10T18:43:34+00:00\",\"dateModified\":\"2025-11-23T11:53:31+00:00\",\"description\":\"L'huile essentielle huile Eucalyptus omnipr\u00e9sent, gomme bleue, est extraite des feuilles de l'eucalyptus globulus dans son pays d'origine, l'Australie, par distillation \u00e0 la vapeur.\",\"breadcrumb\":{\"@id\":\"https:\/\/dutchhealthstore.com\/fr\/product\/eucalyptus-essential-oil\/#breadcrumb\"},\"inLanguage\":\"fr-FR\",\"potentialAction\":[{\"@type\":\"ReadAction\",\"target\":[\"https:\/\/dutchhealthstore.com\/fr\/product\/eucalyptus-essential-oil\/\"]}]},{\"@type\":\"ImageObject\",\"inLanguage\":\"fr-FR\",\"@id\":\"https:\/\/dutchhealthstore.com\/fr\/product\/eucalyptus-essential-oil\/#primaryimage\",\"url\":\"https:\/\/dutchhealthstore.com\/wp-content\/uploads\/2018\/02\/Living-Libations-Eucalyptus-Essential-Oil-e1594638988297.png\",\"contentUrl\":\"https:\/\/dutchhealthstore.com\/wp-content\/uploads\/2018\/02\/Living-Libations-Eucalyptus-Essential-Oil-e1594638988297.png\",\"width\":500,\"height\":500,\"caption\":\"Living Libations Eucalyptus Essential Oil\"},{\"@type\":\"BreadcrumbList\",\"@id\":\"https:\/\/dutchhealthstore.com\/fr\/product\/eucalyptus-essential-oil\/#breadcrumb\",\"itemListElement\":[{\"@type\":\"ListItem\",\"position\":1,\"name\":\"Home\",\"item\":\"https:\/\/dutchhealthstore.com\/fr\/\"},{\"@type\":\"ListItem\",\"position\":2,\"name\":\"Shop\",\"item\":\"https:\/\/dutchhealthstore.com\/fr\/shop\/\"},{\"@type\":\"ListItem\",\"position\":3,\"name\":\"Eucalyptus Essential Oil\"}]},{\"@type\":\"WebSite\",\"@id\":\"https:\/\/dutchhealthstore.com\/fr\/#website\",\"url\":\"https:\/\/dutchhealthstore.com\/fr\/\",\"name\":\"Dutch Health Store\",\"description\":\"Enhance Your Beauty with Organic &amp; Natural Skincare\",\"publisher\":{\"@id\":\"https:\/\/dutchhealthstore.com\/fr\/#organization\"},\"potentialAction\":[{\"@type\":\"SearchAction\",\"target\":{\"@type\":\"EntryPoint\",\"urlTemplate\":\"https:\/\/dutchhealthstore.com\/fr\/?s={search_term_string}\"},\"query-input\":{\"@type\":\"PropertyValueSpecification\",\"valueRequired\":true,\"valueName\":\"search_term_string\"}}],\"inLanguage\":\"fr-FR\"},{\"@type\":\"Organization\",\"@id\":\"https:\/\/dutchhealthstore.com\/fr\/#organization\",\"name\":\"Dutch Health Store\",\"url\":\"https:\/\/dutchhealthstore.com\/fr\/\",\"logo\":{\"@type\":\"ImageObject\",\"inLanguage\":\"fr-FR\",\"@id\":\"https:\/\/dutchhealthstore.com\/fr\/#\/schema\/logo\/image\/\",\"url\":\"https:\/\/dutchhealthstore.com\/wp-content\/uploads\/2020\/08\/logo-dutchhealthstore-jpg-e1599484957574.jpg\",\"contentUrl\":\"https:\/\/dutchhealthstore.com\/wp-content\/uploads\/2020\/08\/logo-dutchhealthstore-jpg-e1599484957574.jpg\",\"width\":400,\"height\":62,\"caption\":\"Dutch Health Store\"},\"image\":{\"@id\":\"https:\/\/dutchhealthstore.com\/fr\/#\/schema\/logo\/image\/\"},\"sameAs\":[\"https:\/\/www.instagram.com\/dutchhealthstore\/\",\"https:\/\/www.facebook.com\/dutchhealthstore\"]}]}<\/script>\n<meta property=\"product:brand\" content=\"Living Libations\" \/>\n<meta property=\"og:availability\" content=\"instock\" \/>\n<meta property=\"product:availability\" content=\"instock\" \/>\n<meta property=\"product:condition\" content=\"new\" \/>\n<!-- \/ Yoast SEO Premium plugin. -->","yoast_head_json":{"title":"Eucalyptus Essential Oil | Living Libations","description":"L'huile essentielle huile Eucalyptus omnipr\u00e9sent, gomme bleue, est extraite des feuilles de l'eucalyptus globulus dans son pays d'origine, l'Australie, par distillation \u00e0 la vapeur.","robots":{"index":"index","follow":"follow","max-snippet":"max-snippet:-1","max-image-preview":"max-image-preview:large","max-video-preview":"max-video-preview:-1"},"canonical":"https:\/\/dutchhealthstore.com\/fr\/product\/eucalyptus-essential-oil\/","og_locale":"fr_FR","og_type":"article","og_title":"Eucalyptus Essential Oil - Dutch Health Store","og_description":"L'huile essentielle huile Eucalyptus omnipr\u00e9sent, gomme bleue, est extraite des feuilles de l'eucalyptus globulus dans son pays d'origine, l'Australie, par distillation \u00e0 la vapeur.","og_url":"https:\/\/dutchhealthstore.com\/fr\/product\/eucalyptus-essential-oil\/","og_site_name":"Dutch Health Store","article_publisher":"https:\/\/www.instagram.com\/dutchhealthstore\/","article_modified_time":"2025-11-23T11:53:31+00:00","og_image":[{"width":500,"height":500,"url":"https:\/\/dutchhealthstore.com\/wp-content\/uploads\/2018\/02\/Living-Libations-Eucalyptus-Essential-Oil-e1594638988297.png","type":"image\/jpeg"}],"twitter_card":"summary_large_image","twitter_misc":{"Disponibilit\u00e9":"En stock"},"schema":{"@context":"https:\/\/schema.org","@graph":[{"@type":"WebPage","@id":"https:\/\/dutchhealthstore.com\/fr\/product\/eucalyptus-essential-oil\/","url":"https:\/\/dutchhealthstore.com\/fr\/product\/eucalyptus-essential-oil\/","name":"Eucalyptus Essential Oil | Living Libations","isPartOf":{"@id":"https:\/\/dutchhealthstore.com\/fr\/#website"},"primaryImageOfPage":{"@id":"https:\/\/dutchhealthstore.com\/fr\/product\/eucalyptus-essential-oil\/#primaryimage"},"image":{"@id":"https:\/\/dutchhealthstore.com\/fr\/product\/eucalyptus-essential-oil\/#primaryimage"},"thumbnailUrl":"https:\/\/dutchhealthstore.com\/wp-content\/uploads\/2018\/02\/Living-Libations-Eucalyptus-Essential-Oil-e1594638988297.png","datePublished":"2018-02-10T18:43:34+00:00","dateModified":"2025-11-23T11:53:31+00:00","description":"L'huile essentielle huile Eucalyptus omnipr\u00e9sent, gomme bleue, est extraite des feuilles de l'eucalyptus globulus dans son pays d'origine, l'Australie, par distillation \u00e0 la vapeur.","breadcrumb":{"@id":"https:\/\/dutchhealthstore.com\/fr\/product\/eucalyptus-essential-oil\/#breadcrumb"},"inLanguage":"fr-FR","potentialAction":[{"@type":"ReadAction","target":["https:\/\/dutchhealthstore.com\/fr\/product\/eucalyptus-essential-oil\/"]}]},{"@type":"ImageObject","inLanguage":"fr-FR","@id":"https:\/\/dutchhealthstore.com\/fr\/product\/eucalyptus-essential-oil\/#primaryimage","url":"https:\/\/dutchhealthstore.com\/wp-content\/uploads\/2018\/02\/Living-Libations-Eucalyptus-Essential-Oil-e1594638988297.png","contentUrl":"https:\/\/dutchhealthstore.com\/wp-content\/uploads\/2018\/02\/Living-Libations-Eucalyptus-Essential-Oil-e1594638988297.png","width":500,"height":500,"caption":"Living Libations Eucalyptus Essential Oil"},{"@type":"BreadcrumbList","@id":"https:\/\/dutchhealthstore.com\/fr\/product\/eucalyptus-essential-oil\/#breadcrumb","itemListElement":[{"@type":"ListItem","position":1,"name":"Home","item":"https:\/\/dutchhealthstore.com\/fr\/"},{"@type":"ListItem","position":2,"name":"Shop","item":"https:\/\/dutchhealthstore.com\/fr\/shop\/"},{"@type":"ListItem","position":3,"name":"Eucalyptus Essential Oil"}]},{"@type":"WebSite","@id":"https:\/\/dutchhealthstore.com\/fr\/#website","url":"https:\/\/dutchhealthstore.com\/fr\/","name":"Dutch Health Store","description":"Enhance Your Beauty with Organic &amp; Natural Skincare","publisher":{"@id":"https:\/\/dutchhealthstore.com\/fr\/#organization"},"potentialAction":[{"@type":"SearchAction","target":{"@type":"EntryPoint","urlTemplate":"https:\/\/dutchhealthstore.com\/fr\/?s={search_term_string}"},"query-input":{"@type":"PropertyValueSpecification","valueRequired":true,"valueName":"search_term_string"}}],"inLanguage":"fr-FR"},{"@type":"Organization","@id":"https:\/\/dutchhealthstore.com\/fr\/#organization","name":"Dutch Health Store","url":"https:\/\/dutchhealthstore.com\/fr\/","logo":{"@type":"ImageObject","inLanguage":"fr-FR","@id":"https:\/\/dutchhealthstore.com\/fr\/#\/schema\/logo\/image\/","url":"https:\/\/dutchhealthstore.com\/wp-content\/uploads\/2020\/08\/logo-dutchhealthstore-jpg-e1599484957574.jpg","contentUrl":"https:\/\/dutchhealthstore.com\/wp-content\/uploads\/2020\/08\/logo-dutchhealthstore-jpg-e1599484957574.jpg","width":400,"height":62,"caption":"Dutch Health Store"},"image":{"@id":"https:\/\/dutchhealthstore.com\/fr\/#\/schema\/logo\/image\/"},"sameAs":["https:\/\/www.instagram.com\/dutchhealthstore\/","https:\/\/www.facebook.com\/dutchhealthstore"]}]},"product_brand":"Living Libations","og_availability":"instock","product_availability":"instock","product_condition":"new"},"_links":{"self":[{"href":"https:\/\/dutchhealthstore.com\/fr\/wp-json\/wp\/v2\/product\/118171","targetHints":{"allow":["GET"]}}],"collection":[{"href":"https:\/\/dutchhealthstore.com\/fr\/wp-json\/wp\/v2\/product"}],"about":[{"href":"https:\/\/dutchhealthstore.com\/fr\/wp-json\/wp\/v2\/types\/product"}],"replies":[{"embeddable":true,"href":"https:\/\/dutchhealthstore.com\/fr\/wp-json\/wp\/v2\/comments?post=118171"}],"wp:featuredmedia":[{"embeddable":true,"href":"https:\/\/dutchhealthstore.com\/fr\/wp-json\/wp\/v2\/media\/113219"}],"wp:attachment":[{"href":"https:\/\/dutchhealthstore.com\/fr\/wp-json\/wp\/v2\/media?parent=118171"}],"wp:term":[{"taxonomy":"product_brand","embeddable":true,"href":"https:\/\/dutchhealthstore.com\/fr\/wp-json\/wp\/v2\/product_brand?post=118171"},{"taxonomy":"product_cat","embeddable":true,"href":"https:\/\/dutchhealthstore.com\/fr\/wp-json\/wp\/v2\/product_cat?post=118171"},{"taxonomy":"product_tag","embeddable":true,"href":"https:\/\/dutchhealthstore.com\/fr\/wp-json\/wp\/v2\/product_tag?post=118171"}],"curies":[{"name":"wp","href":"https:\/\/api.w.org\/{rel}","templated":true}]}}