{"id":117997,"date":"2018-12-07T06:57:14","date_gmt":"2018-12-07T05:57:14","guid":{"rendered":"https:\/\/dutchhealthstore.com\/product\/cypress-hinoki-essential-oil\/"},"modified":"2025-08-12T09:59:29","modified_gmt":"2025-08-12T07:59:29","slug":"cypress-hinoki-essential-oil","status":"publish","type":"product","link":"https:\/\/dutchhealthstore.com\/fr\/product\/cypress-hinoki-essential-oil\/","title":{"rendered":"Cypress, Hinoki Essential Oil"},"content":{"rendered":"<p><strong><img decoding=\"async\" class=\"size-full wp-image-37041 alignright\" src=\"https:\/\/dutchhealthstore.com\/wp-content\/uploads\/2018\/04\/Living_Libations-1.png\" alt=\"Organic &amp; Natural Beautyproducts - Living Libations\" width=\"175\" height=\"82\"><\/strong><\/p>\n<p><strong>Nom botanique:<\/strong> Chamaecyparis obtusa<br \/>\n<strong>Famille botanique :<\/strong> Cupressaceae<br \/>\n<strong>M\u00e9thode d&rsquo;extraction :<\/strong> Distillation \u00e0 la vapeur<br \/>\n<strong>Partie de la plante:<\/strong> Bois de c\u0153ur<br \/>\n<strong>Pays d&rsquo;origine :<\/strong> Japon<br \/>\n<strong>M\u00e9thode de culture:<\/strong> Croissance durable<br \/>\n<strong>Composition:<\/strong> 100 % Chamaecyparis obtusa<br \/>\n<strong>Consistance :<\/strong> Viscosit\u00e9 fine<\/p>\n<h3>Description de l&rsquo;odeur<\/h3>\n<p>Fum\u00e9e et musqu\u00e9e. Bois de conif\u00e8res carbonis\u00e9s et notes ambr\u00e9es.<\/p>\n<h3>Se marie bien avec<\/h3>\n<p>V\u00e9tiver, c\u00e8dre, bois d&rsquo;aigle, pamplemousse, citron, magnolia, myrte, orange sanguine, g\u00e9ranium, myrrhe, myrte citronn\u00e9e, lavande, \u00e9pinette noire, sapin blanc, sapin argent\u00e9, sapin de Douglas, encens, ylang, rose, n\u00e9roli, thym, romarin, mandarine et bergamote.<\/p>\n<h3>Utilisations<\/h3>\n<p>Faites entrer la for\u00eat \u00e0 l&rsquo;int\u00e9rieur gr\u00e2ce \u00e0 la diffusion. Nettoyez toute la maison avec cet evergreen nettoyant. D\u00e9tourne les envahisseurs ail\u00e9s. Romance des muscles dans les applications de massage et r\u00e9cup\u00e9ration de votre cerveau avec des inhalations profondes. Les nerfs des nids. Excellent tonique pour les cheveux et le cuir chevelu. S&rsquo;occupe avec gr\u00e2ce de l&rsquo;appr\u00e9hension et ravive l&rsquo;esprit avec la force des arbres anciens. Un super pouvoir phytoncide dans le tuyau de sel.<\/p>\n<p>Savourez la sensation de purification qu&rsquo;il apporte au bain et \u00e0 la diffusion. Inhalez ce parfum et soyez transport\u00e9 dans une source thermale japonaise \u00e0 flanc de colline, nich\u00e9e parmi les for\u00eats de cypr\u00e8s. Hinoki Cypress Essential Oil est une eau de Cologne conif\u00e8re qui est volontairement purifiante et silencieusement sanctifiante. Amical et fortifiant \u00e0 utiliser en oignant des gouttes dans les diffuseurs, les bains, les m\u00e9langes et les massages. Impr\u00e9gnez-vous et laissez ce tonique temp\u00e9rer le temple de votre corps.<\/p>\n<p>Le bois brun ros\u00e9 clair de ce conif\u00e8re a une belle odeur de citron et est r\u00e9sistant \u00e0 la pourriture et aux insectes. Au Japon, le bois r\u00e9silient est r\u00e9serv\u00e9 \u00e0 la construction de temples, de sanctuaires, de th\u00e9\u00e2tres traditionnels Noh, de bains rituels et de raquettes de tennis de table.<\/p>\n<p>Le cypr\u00e8s Hinoki est l&rsquo;une des principales esp\u00e8ces d&rsquo;arbres \u00e9tudi\u00e9es dans les articles scientifiques sur les bains de for\u00eat japonais (shinrin-yoku). En passant du temps dans les for\u00eats profondes et \u00e0 feuilles persistantes, le bain de for\u00eat exploite les mol\u00e9cules aromatiques des arbres pour harmoniser notre sant\u00e9. Les mol\u00e9cules odorantes des arbres, appel\u00e9es phytoncides, sont des compos\u00e9s organiques volatils qui rafra\u00eechissent, d\u00e9tendent et ralentissent notre esprit et notre \u00e2me afin que nous puissions nous calmer et nous concentrer.<\/p>\n<p>Prenez un bain de for\u00eat \u00e0 la maison en diffusant Hinoki Cypress Essential Oil dans l&rsquo;air par le biais d&rsquo;un diffuseur, d&rsquo;une pipe \u00e0 sel et de bains de vapeur.<\/p>\n<p><strong>Taille : 5 ml<\/strong><\/p>\n<h3>Ingr\u00e9dients biologiques<\/h3>\n<p>100% d&rsquo;huile essentielle de cypr\u00e8s hinoki (Chamaecyparis obtusa).<\/p>\n<p style=\"text-align: center;\"><em>\u00a0\u00bbLes po\u00e8tes trouveraient que c&rsquo;est une absurdit\u00e9. Ce n&rsquo;est pas seulement l&rsquo;odeur d&rsquo;un cypr\u00e8s, le chant des oiseaux ou la couleur verte qui ouvre la voie de la sant\u00e9 dans notre cerveau. Nous sommes des \u00eatres \u00e0 part enti\u00e8re, ou du moins nous avons \u00e9t\u00e9 con\u00e7us pour l&rsquo;\u00eatre. N&rsquo;est-il pas possible que ce ne soit que lorsque l&rsquo;on ouvre toutes les portes &#8211; au sens propre comme au sens figur\u00e9 &#8211; que la vraie magie op\u00e8re?\u00a0\u00bb<\/em><br \/>\n~ Florence Williams, <strong>The Nature Fix: Why Nature Makes Us Happier, Healthier, and More Creative<\/strong><\/p>\n<p>&nbsp;<\/p>\n<p><img fetchpriority=\"high\" decoding=\"async\" class=\"aligncenter size-full wp-image-31577\" src=\"https:\/\/dutchhealthstore.com\/wp-content\/uploads\/2018\/03\/organic_big.png\" alt=\"Organic and Natural - Living Libations\" width=\"623\" height=\"103\" srcset=\"https:\/\/dutchhealthstore.com\/wp-content\/uploads\/2018\/03\/organic_big.png 623w, https:\/\/dutchhealthstore.com\/wp-content\/uploads\/2018\/03\/organic_big-510x84.png 510w, https:\/\/dutchhealthstore.com\/wp-content\/uploads\/2018\/03\/organic_big-600x99.png 600w, https:\/\/dutchhealthstore.com\/wp-content\/uploads\/2018\/03\/organic_big-350x58.png 350w\" sizes=\"(max-width: 623px) 100vw, 623px\" \/><\/p>\n","protected":false},"excerpt":{"rendered":"<p><strong>Hinoki Cypress Essential Oil<\/strong> est distill\u00e9e \u00e0 partir du v\u00e9n\u00e9rable cypr\u00e8s du Japon. Ce cypr\u00e8s ench\u00e2ss\u00e9 est l&rsquo;un des cinq arbres sacr\u00e9s de Kiso. La for\u00eat se baigne dans l&rsquo;ar\u00f4me arboricole de l&rsquo;Hinoki qui \u00e9met un \u00e9l\u00e9gant parfum bois\u00e9 avec une harmonie herbac\u00e9e et des notes m\u00e9dianes m\u00e9lodieuses et citronn\u00e9es qui r\u00e9chauffent le c\u0153ur et le foyer.<br \/>\nIl rafra\u00eechit l&rsquo;\u00e2me car sa r\u00e9sonance nettoie l&rsquo;esprit et les \u00e9motions. Savourez la sensation de purification qu&rsquo;il apporte au bain et \u00e0 la diffusion. Inhalez ce parfum et soyez transport\u00e9 dans une source thermale japonaise \u00e0 flanc de colline, nich\u00e9e parmi les for\u00eats de cypr\u00e8s.<\/p>\n","protected":false},"featured_media":48273,"comment_status":"open","ping_status":"closed","template":"","meta":[],"product_brand":[],"product_cat":[1507,6734,1211,1209,3757,1010,6733],"product_tag":[4495],"class_list":{"0":"post-117997","1":"product","2":"type-product","3":"status-publish","4":"has-post-thumbnail","6":"product_cat-plantes-huiles-essentielles-living-libations","7":"product_cat-essential-oils","8":"product_cat-living-libations-france","9":"product_cat-par-marques","10":"product_cat-plantes-huiles-essentielles","11":"product_cat-notre-boutique","12":"product_cat-wellness-fr-2","13":"product_tag-essential-oil-fr","14":"pa_brand-livinglibations-fr","15":"pa_essential-oils-product-type-essential-oils-fr","16":"pa_size-5-ml-fr","18":"first","19":"instock","20":"taxable","21":"shipping-taxable","22":"purchasable","23":"product-type-simple"},"bundled_by":[],"bundle_stock_status":"instock","bundle_stock_quantity":1,"bundle_virtual":false,"bundle_layout":"","bundle_add_to_cart_form_location":"","bundle_editable_in_cart":false,"bundle_sold_individually_context":"","bundle_item_grouping":"","bundle_min_size":"","bundle_max_size":"","bundle_price":[],"bundled_items":[],"bundle_sell_ids":[],"atum_controlled":true,"out_stock_date":null,"out_stock_threshold":null,"inheritable":false,"stock_on_hold":0,"sold_today":0,"sales_last_days":0,"out_stock_days":0,"lost_sales":0,"update_date":"2026-05-01T13:16:27","atum_locations":[],"atum_stock_status":"instock","restock_status":false,"low_stock_amount":0,"sales_update_date":"2026-05-01T13:16:27","calc_backorders":null,"group_of_quantity":0,"min_quantity":0,"max_quantity":"","exclude_order_quantity_value_rules":"no","exclude_category_quantity_rules":"no","combine_variations":"no","yoast_head":"<!-- This site is optimized with the Yoast SEO Premium plugin v26.5 (Yoast SEO v26.5) - https:\/\/yoast.com\/wordpress\/plugins\/seo\/ -->\n<title>Cypress Hinoki Essential Oil | Living Libations<\/title>\n<meta name=\"description\" content=\"Hinoki Cypress Essential Oil est distill\u00e9e \u00e0 partir du v\u00e9n\u00e9rable cypr\u00e8s du Japon. Ce cypr\u00e8s est l&#039;un des cinq arbres sacr\u00e9s de Kiso.\" \/>\n<meta name=\"robots\" content=\"index, follow, max-snippet:-1, max-image-preview:large, max-video-preview:-1\" \/>\n<link rel=\"canonical\" href=\"https:\/\/dutchhealthstore.com\/fr\/product\/cypress-hinoki-essential-oil\/\" \/>\n<meta property=\"og:locale\" content=\"fr_FR\" \/>\n<meta property=\"og:type\" content=\"article\" \/>\n<meta property=\"og:title\" content=\"Cypress, Hinoki Essential Oil - Dutch Health Store\" \/>\n<meta property=\"og:description\" content=\"Hinoki Cypress Essential Oil est distill\u00e9e \u00e0 partir du v\u00e9n\u00e9rable cypr\u00e8s du Japon. Ce cypr\u00e8s est l&#039;un des cinq arbres sacr\u00e9s de Kiso.\" \/>\n<meta property=\"og:url\" content=\"https:\/\/dutchhealthstore.com\/fr\/product\/cypress-hinoki-essential-oil\/\" \/>\n<meta property=\"og:site_name\" content=\"Dutch Health Store\" \/>\n<meta property=\"article:publisher\" content=\"https:\/\/www.instagram.com\/dutchhealthstore\/\" \/>\n<meta property=\"article:modified_time\" content=\"2025-08-12T07:59:29+00:00\" \/>\n<meta property=\"og:image\" content=\"https:\/\/dutchhealthstore.com\/wp-content\/uploads\/2018\/12\/Living-Libations-Cypress-Hinoki-Essential-Oil.jpg\" \/>\n\t<meta property=\"og:image:width\" content=\"1200\" \/>\n\t<meta property=\"og:image:height\" content=\"1200\" \/>\n\t<meta property=\"og:image:type\" content=\"image\/jpeg\" \/>\n<meta name=\"twitter:card\" content=\"summary_large_image\" \/>\n<meta name=\"twitter:label1\" content=\"Prix\" \/>\n\t<meta name=\"twitter:data1\" content=\"&euro;20,00\" \/>\n\t<meta name=\"twitter:label2\" content=\"Disponibilit\u00e9\" \/>\n\t<meta name=\"twitter:data2\" content=\"En stock\" \/>\n<script type=\"application\/ld+json\" class=\"yoast-schema-graph\">{\"@context\":\"https:\/\/schema.org\",\"@graph\":[{\"@type\":\"WebPage\",\"@id\":\"https:\/\/dutchhealthstore.com\/fr\/product\/cypress-hinoki-essential-oil\/\",\"url\":\"https:\/\/dutchhealthstore.com\/fr\/product\/cypress-hinoki-essential-oil\/\",\"name\":\"Cypress Hinoki Essential Oil | Living Libations\",\"isPartOf\":{\"@id\":\"https:\/\/dutchhealthstore.com\/fr\/#website\"},\"primaryImageOfPage\":{\"@id\":\"https:\/\/dutchhealthstore.com\/fr\/product\/cypress-hinoki-essential-oil\/#primaryimage\"},\"image\":{\"@id\":\"https:\/\/dutchhealthstore.com\/fr\/product\/cypress-hinoki-essential-oil\/#primaryimage\"},\"thumbnailUrl\":\"https:\/\/dutchhealthstore.com\/wp-content\/uploads\/2018\/12\/Living-Libations-Cypress-Hinoki-Essential-Oil.jpg\",\"datePublished\":\"2018-12-07T05:57:14+00:00\",\"dateModified\":\"2025-08-12T07:59:29+00:00\",\"description\":\"Hinoki Cypress Essential Oil est distill\u00e9e \u00e0 partir du v\u00e9n\u00e9rable cypr\u00e8s du Japon. Ce cypr\u00e8s est l'un des cinq arbres sacr\u00e9s de Kiso.\",\"breadcrumb\":{\"@id\":\"https:\/\/dutchhealthstore.com\/fr\/product\/cypress-hinoki-essential-oil\/#breadcrumb\"},\"inLanguage\":\"fr-FR\",\"potentialAction\":[{\"@type\":\"ReadAction\",\"target\":[\"https:\/\/dutchhealthstore.com\/fr\/product\/cypress-hinoki-essential-oil\/\"]}]},{\"@type\":\"ImageObject\",\"inLanguage\":\"fr-FR\",\"@id\":\"https:\/\/dutchhealthstore.com\/fr\/product\/cypress-hinoki-essential-oil\/#primaryimage\",\"url\":\"https:\/\/dutchhealthstore.com\/wp-content\/uploads\/2018\/12\/Living-Libations-Cypress-Hinoki-Essential-Oil.jpg\",\"contentUrl\":\"https:\/\/dutchhealthstore.com\/wp-content\/uploads\/2018\/12\/Living-Libations-Cypress-Hinoki-Essential-Oil.jpg\",\"width\":1200,\"height\":1200,\"caption\":\"Living Libations - Cypress Hinoki Essential Oil\"},{\"@type\":\"BreadcrumbList\",\"@id\":\"https:\/\/dutchhealthstore.com\/fr\/product\/cypress-hinoki-essential-oil\/#breadcrumb\",\"itemListElement\":[{\"@type\":\"ListItem\",\"position\":1,\"name\":\"Home\",\"item\":\"https:\/\/dutchhealthstore.com\/fr\/\"},{\"@type\":\"ListItem\",\"position\":2,\"name\":\"Shop\",\"item\":\"https:\/\/dutchhealthstore.com\/fr\/shop\/\"},{\"@type\":\"ListItem\",\"position\":3,\"name\":\"Cypress, Hinoki Essential Oil\"}]},{\"@type\":\"WebSite\",\"@id\":\"https:\/\/dutchhealthstore.com\/fr\/#website\",\"url\":\"https:\/\/dutchhealthstore.com\/fr\/\",\"name\":\"Dutch Health Store\",\"description\":\"Enhance Your Beauty with Organic &amp; Natural Skincare\",\"publisher\":{\"@id\":\"https:\/\/dutchhealthstore.com\/fr\/#organization\"},\"potentialAction\":[{\"@type\":\"SearchAction\",\"target\":{\"@type\":\"EntryPoint\",\"urlTemplate\":\"https:\/\/dutchhealthstore.com\/fr\/?s={search_term_string}\"},\"query-input\":{\"@type\":\"PropertyValueSpecification\",\"valueRequired\":true,\"valueName\":\"search_term_string\"}}],\"inLanguage\":\"fr-FR\"},{\"@type\":\"Organization\",\"@id\":\"https:\/\/dutchhealthstore.com\/fr\/#organization\",\"name\":\"Dutch Health Store\",\"url\":\"https:\/\/dutchhealthstore.com\/fr\/\",\"logo\":{\"@type\":\"ImageObject\",\"inLanguage\":\"fr-FR\",\"@id\":\"https:\/\/dutchhealthstore.com\/fr\/#\/schema\/logo\/image\/\",\"url\":\"https:\/\/dutchhealthstore.com\/wp-content\/uploads\/2020\/08\/logo-dutchhealthstore-jpg-e1599484957574.jpg\",\"contentUrl\":\"https:\/\/dutchhealthstore.com\/wp-content\/uploads\/2020\/08\/logo-dutchhealthstore-jpg-e1599484957574.jpg\",\"width\":400,\"height\":62,\"caption\":\"Dutch Health Store\"},\"image\":{\"@id\":\"https:\/\/dutchhealthstore.com\/fr\/#\/schema\/logo\/image\/\"},\"sameAs\":[\"https:\/\/www.instagram.com\/dutchhealthstore\/\",\"https:\/\/www.facebook.com\/dutchhealthstore\"]}]}<\/script>\n<meta property=\"product:brand\" content=\"Living Libations\" \/>\n<meta property=\"product:price:amount\" content=\"20.00\" \/>\n<meta property=\"product:price:currency\" content=\"EUR\" \/>\n<meta property=\"og:availability\" content=\"instock\" \/>\n<meta property=\"product:availability\" content=\"instock\" \/>\n<meta property=\"product:condition\" content=\"new\" \/>\n<!-- \/ Yoast SEO Premium plugin. -->","yoast_head_json":{"title":"Cypress Hinoki Essential Oil | Living Libations","description":"Hinoki Cypress Essential Oil est distill\u00e9e \u00e0 partir du v\u00e9n\u00e9rable cypr\u00e8s du Japon. Ce cypr\u00e8s est l'un des cinq arbres sacr\u00e9s de Kiso.","robots":{"index":"index","follow":"follow","max-snippet":"max-snippet:-1","max-image-preview":"max-image-preview:large","max-video-preview":"max-video-preview:-1"},"canonical":"https:\/\/dutchhealthstore.com\/fr\/product\/cypress-hinoki-essential-oil\/","og_locale":"fr_FR","og_type":"article","og_title":"Cypress, Hinoki Essential Oil - Dutch Health Store","og_description":"Hinoki Cypress Essential Oil est distill\u00e9e \u00e0 partir du v\u00e9n\u00e9rable cypr\u00e8s du Japon. Ce cypr\u00e8s est l'un des cinq arbres sacr\u00e9s de Kiso.","og_url":"https:\/\/dutchhealthstore.com\/fr\/product\/cypress-hinoki-essential-oil\/","og_site_name":"Dutch Health Store","article_publisher":"https:\/\/www.instagram.com\/dutchhealthstore\/","article_modified_time":"2025-08-12T07:59:29+00:00","og_image":[{"width":1200,"height":1200,"url":"https:\/\/dutchhealthstore.com\/wp-content\/uploads\/2018\/12\/Living-Libations-Cypress-Hinoki-Essential-Oil.jpg","type":"image\/jpeg"}],"twitter_card":"summary_large_image","twitter_misc":{"Prix":"&euro;20,00","Disponibilit\u00e9":"En stock"},"schema":{"@context":"https:\/\/schema.org","@graph":[{"@type":"WebPage","@id":"https:\/\/dutchhealthstore.com\/fr\/product\/cypress-hinoki-essential-oil\/","url":"https:\/\/dutchhealthstore.com\/fr\/product\/cypress-hinoki-essential-oil\/","name":"Cypress Hinoki Essential Oil | Living Libations","isPartOf":{"@id":"https:\/\/dutchhealthstore.com\/fr\/#website"},"primaryImageOfPage":{"@id":"https:\/\/dutchhealthstore.com\/fr\/product\/cypress-hinoki-essential-oil\/#primaryimage"},"image":{"@id":"https:\/\/dutchhealthstore.com\/fr\/product\/cypress-hinoki-essential-oil\/#primaryimage"},"thumbnailUrl":"https:\/\/dutchhealthstore.com\/wp-content\/uploads\/2018\/12\/Living-Libations-Cypress-Hinoki-Essential-Oil.jpg","datePublished":"2018-12-07T05:57:14+00:00","dateModified":"2025-08-12T07:59:29+00:00","description":"Hinoki Cypress Essential Oil est distill\u00e9e \u00e0 partir du v\u00e9n\u00e9rable cypr\u00e8s du Japon. Ce cypr\u00e8s est l'un des cinq arbres sacr\u00e9s de Kiso.","breadcrumb":{"@id":"https:\/\/dutchhealthstore.com\/fr\/product\/cypress-hinoki-essential-oil\/#breadcrumb"},"inLanguage":"fr-FR","potentialAction":[{"@type":"ReadAction","target":["https:\/\/dutchhealthstore.com\/fr\/product\/cypress-hinoki-essential-oil\/"]}]},{"@type":"ImageObject","inLanguage":"fr-FR","@id":"https:\/\/dutchhealthstore.com\/fr\/product\/cypress-hinoki-essential-oil\/#primaryimage","url":"https:\/\/dutchhealthstore.com\/wp-content\/uploads\/2018\/12\/Living-Libations-Cypress-Hinoki-Essential-Oil.jpg","contentUrl":"https:\/\/dutchhealthstore.com\/wp-content\/uploads\/2018\/12\/Living-Libations-Cypress-Hinoki-Essential-Oil.jpg","width":1200,"height":1200,"caption":"Living Libations - Cypress Hinoki Essential Oil"},{"@type":"BreadcrumbList","@id":"https:\/\/dutchhealthstore.com\/fr\/product\/cypress-hinoki-essential-oil\/#breadcrumb","itemListElement":[{"@type":"ListItem","position":1,"name":"Home","item":"https:\/\/dutchhealthstore.com\/fr\/"},{"@type":"ListItem","position":2,"name":"Shop","item":"https:\/\/dutchhealthstore.com\/fr\/shop\/"},{"@type":"ListItem","position":3,"name":"Cypress, Hinoki Essential Oil"}]},{"@type":"WebSite","@id":"https:\/\/dutchhealthstore.com\/fr\/#website","url":"https:\/\/dutchhealthstore.com\/fr\/","name":"Dutch Health Store","description":"Enhance Your Beauty with Organic &amp; Natural Skincare","publisher":{"@id":"https:\/\/dutchhealthstore.com\/fr\/#organization"},"potentialAction":[{"@type":"SearchAction","target":{"@type":"EntryPoint","urlTemplate":"https:\/\/dutchhealthstore.com\/fr\/?s={search_term_string}"},"query-input":{"@type":"PropertyValueSpecification","valueRequired":true,"valueName":"search_term_string"}}],"inLanguage":"fr-FR"},{"@type":"Organization","@id":"https:\/\/dutchhealthstore.com\/fr\/#organization","name":"Dutch Health Store","url":"https:\/\/dutchhealthstore.com\/fr\/","logo":{"@type":"ImageObject","inLanguage":"fr-FR","@id":"https:\/\/dutchhealthstore.com\/fr\/#\/schema\/logo\/image\/","url":"https:\/\/dutchhealthstore.com\/wp-content\/uploads\/2020\/08\/logo-dutchhealthstore-jpg-e1599484957574.jpg","contentUrl":"https:\/\/dutchhealthstore.com\/wp-content\/uploads\/2020\/08\/logo-dutchhealthstore-jpg-e1599484957574.jpg","width":400,"height":62,"caption":"Dutch Health Store"},"image":{"@id":"https:\/\/dutchhealthstore.com\/fr\/#\/schema\/logo\/image\/"},"sameAs":["https:\/\/www.instagram.com\/dutchhealthstore\/","https:\/\/www.facebook.com\/dutchhealthstore"]}]},"product_brand":"Living Libations","product_price_amount":"20.00","product_price_currency":"EUR","og_availability":"instock","product_availability":"instock","product_condition":"new"},"_links":{"self":[{"href":"https:\/\/dutchhealthstore.com\/fr\/wp-json\/wp\/v2\/product\/117997","targetHints":{"allow":["GET"]}}],"collection":[{"href":"https:\/\/dutchhealthstore.com\/fr\/wp-json\/wp\/v2\/product"}],"about":[{"href":"https:\/\/dutchhealthstore.com\/fr\/wp-json\/wp\/v2\/types\/product"}],"replies":[{"embeddable":true,"href":"https:\/\/dutchhealthstore.com\/fr\/wp-json\/wp\/v2\/comments?post=117997"}],"wp:featuredmedia":[{"embeddable":true,"href":"https:\/\/dutchhealthstore.com\/fr\/wp-json\/wp\/v2\/media\/48273"}],"wp:attachment":[{"href":"https:\/\/dutchhealthstore.com\/fr\/wp-json\/wp\/v2\/media?parent=117997"}],"wp:term":[{"taxonomy":"product_brand","embeddable":true,"href":"https:\/\/dutchhealthstore.com\/fr\/wp-json\/wp\/v2\/product_brand?post=117997"},{"taxonomy":"product_cat","embeddable":true,"href":"https:\/\/dutchhealthstore.com\/fr\/wp-json\/wp\/v2\/product_cat?post=117997"},{"taxonomy":"product_tag","embeddable":true,"href":"https:\/\/dutchhealthstore.com\/fr\/wp-json\/wp\/v2\/product_tag?post=117997"}],"curies":[{"name":"wp","href":"https:\/\/api.w.org\/{rel}","templated":true}]}}