{"id":117988,"date":"2020-06-15T07:40:57","date_gmt":"2020-06-15T05:40:57","guid":{"rendered":"https:\/\/dutchhealthstore.com\/product\/cypress-blue-essential-oil\/"},"modified":"2024-01-08T15:11:22","modified_gmt":"2024-01-08T15:11:22","slug":"cypress-blue-essential-oil","status":"publish","type":"product","link":"https:\/\/dutchhealthstore.com\/fr\/product\/cypress-blue-essential-oil\/","title":{"rendered":"Cypress, Blue Essential Oil"},"content":{"rendered":"<p><img decoding=\"async\" class=\"size-full wp-image-69549 alignright\" src=\"https:\/\/dutchhealthstore.com\/wp-content\/uploads\/2019\/08\/NEW-Living-Libations-Logo.jpg\" alt=\"NEW - Living Libations - Logo\" width=\"175\" height=\"82\"><strong>Nom botanique :<\/strong> Callitris columellaris<br \/>\n<strong>Famille botanique :<\/strong> Cupressaceae<br \/>\n<strong>M\u00e9thode d&rsquo;extraction :<\/strong> CO2<br \/>\n<strong>Partie de la plante distill\u00e9e :<\/strong> \u00c9corce<br \/>\n<strong>Country of Origin :<\/strong> Australia<br \/>\n<strong>M\u00e9thode de culture :<\/strong> Sauvage<\/p>\n<h3>Description de l&rsquo;odeur<\/h3>\n<p>Bois\u00e9, frais et doux, comme le cousin perdu du bois de santal.<\/p>\n<h3>Composition<\/h3>\n<p>Callitris columellaris<\/p>\n<h3>Coh\u00e9rence<\/h3>\n<p>Viscosit\u00e9 moyenne<\/p>\n<h3>Dans Living Libations<\/h3>\n<p>Stellar Poetic Pits<\/p>\n<h3>Se marie bien avec<\/h3>\n<p>Santal, orange sanguine, c\u00e8dre, eucalyptus, romarin, laurier, marjolaine, lavande, bergamote, palo santo, nard, thym, palmarosa, encens, cardamome, n\u00e9roli et ylang.<\/p>\n<h3>Utilisations<\/h3>\n<p>Magnifique dans les huiles de massage. Diffusion. Pimpant comme un d\u00e9odorant. Des parfums. Supr\u00eame pour les s\u00e9rums pour la peau.<\/p>\n<a href=\"https:\/\/dutchhealthstore.com\/wp-content\/uploads\/2020\/06\/ANALYSIS-Cypress-Blue-Essential-Oil-Living-Libations-3-1.pdf\" class=\"button primary is-primary is-small\"  >\n\t\t<span>ANALYSE DES HUILES ESSENTIELLES &gt;<\/span>\n\t<\/a>\n\n<p>L&rsquo;essence de cypr\u00e8s bleu est exceptionnellement unique, car elle brille d&rsquo;un magnifique compos\u00e9 bleu, le guaiazul\u00e8ne, qui s&rsquo;est av\u00e9r\u00e9 \u00eatre profond\u00e9ment nourrissant pour la peau. Fabriqu\u00e9e \u00e0 l&rsquo;\u00e9tat sauvage dans l&rsquo;arri\u00e8re-pays australien, notre Blue Cypress Oil est plus proche du bois de santal et du c\u00e8dre en termes de fluidit\u00e9, d&rsquo;odeur et de propri\u00e9t\u00e9s que du cypr\u00e8s ordinaire !<\/p>\n<p>Le guaiazul\u00e8ne (similaire au chamazul\u00e8ne), est un compos\u00e9 rare et r\u00e9confortant qui donne au cypr\u00e8s bleu sa couleur unique et en fait un apaisant et un adoucissant pour la peau et l&rsquo;esprit. Le cypr\u00e8s bleu inspire l&rsquo;attention m\u00e9ditative et, dans les parfums et les m\u00e9langes de parfums, il compl\u00e8te le bois de santal, le n\u00e9roli, les sapins, les agrumes et les huiles herbac\u00e9es. Avec son invitant, l&rsquo;ar\u00f4me de bois de santal comme et sa couleur bleue rayonnante, Blue Cypress Essential Oil un joyau rare.<\/p>\n<p><strong>Taille : 5 ml et 15 ml<\/strong><\/p>\n<h3>Ingr\u00e9dients biologiques<\/h3>\n<p>100% huile essentielle de cypr\u00e8s bleu ( Callitris columellaris).<\/p>\n<p style=\"text-align: center;\"><em>\u00ab\u00a0Utilis\u00e9e depuis des milliers d&rsquo;ann\u00e9es par les aborig\u00e8nes australiens pour les soins personnels et les applications m\u00e9nag\u00e8res, cette huile essentielle rare de couleur aqua originaire du Territoire du Nord de l&rsquo;Australie a \u00e9t\u00e9 choisie comme essence des Jeux olympiques d&rsquo;\u00e9t\u00e9 de Sydney 2000. Le parfum doux et bois\u00e9 de l&rsquo;huile cypr\u00e8s bleu a des effets b\u00e9n\u00e9fiques sur la peau en la lissant et en l&rsquo;hydratant. Les produits vont du sport aux soins corporels personnels, aux cosm\u00e9tiques et \u00e0 la parfumerie.\u00a0\u00bb<\/em><br \/>\n~ Cynthia Olsen,<strong> The Birth of Blue<\/strong><\/p>\n<p>&nbsp;<\/p>\n<p><img fetchpriority=\"high\" decoding=\"async\" class=\"size-medium wp-image-68103 aligncenter\" src=\"https:\/\/dutchhealthstore.com\/wp-content\/uploads\/2018\/02\/Living-Libations-Organic-Logo-800x89.png\" alt=\"Living Libations - Organic Logo\" width=\"800\" height=\"89\" srcset=\"https:\/\/dutchhealthstore.com\/wp-content\/uploads\/2018\/02\/Living-Libations-Organic-Logo-800x89.png 800w, https:\/\/dutchhealthstore.com\/wp-content\/uploads\/2018\/02\/Living-Libations-Organic-Logo-510x57.png 510w, https:\/\/dutchhealthstore.com\/wp-content\/uploads\/2018\/02\/Living-Libations-Organic-Logo-768x85.png 768w, https:\/\/dutchhealthstore.com\/wp-content\/uploads\/2018\/02\/Living-Libations-Organic-Logo.png 1400w\" sizes=\"(max-width: 800px) 100vw, 800px\" \/><\/p>\n","protected":false},"excerpt":{"rendered":"<p><strong>Blue Cypress Essential Oil<\/strong> brillant est distill\u00e9e \u00e0 la vapeur d&rsquo;eau \u00e0 partir de l&rsquo;\u00e9corce de l&rsquo;arbre australien Blue Cypress, qui est cultiv\u00e9 par le peuple Tiwi d&rsquo;Australie.<br \/>\nLe cypr\u00e8s bleu est connu sous le nom de \u00ab\u00a0Karnitirrikani\u00a0\u00bb par les Tiwis, qui utilisent son bois pour fabriquer des lances, des objets c\u00e9r\u00e9moniels et des instruments de musique. Elle est \u00e9galement utilis\u00e9e pour fabriquer des savons et apaiser les probl\u00e8mes de peau.<\/p>\n","protected":false},"featured_media":337448,"comment_status":"open","ping_status":"closed","template":"","meta":[],"product_brand":[],"product_cat":[1507,6734,1211,1209,3757,6733],"product_tag":[4495],"class_list":{"0":"post-117988","1":"product","2":"type-product","3":"status-publish","4":"has-post-thumbnail","6":"product_cat-plantes-huiles-essentielles-living-libations","7":"product_cat-essential-oils","8":"product_cat-living-libations-france","9":"product_cat-par-marques","10":"product_cat-plantes-huiles-essentielles","11":"product_cat-wellness-fr-2","12":"product_tag-essential-oil-fr","13":"pa_brand-livinglibations-fr","14":"pa_essential-oils-product-type-essential-oils-fr","15":"pa_size-15-ml-fr","16":"pa_size-5-ml-fr","18":"first","19":"instock","20":"taxable","21":"shipping-taxable","22":"purchasable","23":"product-type-variable"},"bundled_by":[],"bundle_stock_status":"instock","bundle_stock_quantity":null,"bundle_virtual":false,"bundle_layout":"","bundle_add_to_cart_form_location":"","bundle_editable_in_cart":false,"bundle_sold_individually_context":"","bundle_item_grouping":"","bundle_min_size":"","bundle_max_size":"","bundle_price":[],"bundled_items":[],"bundle_sell_ids":[],"atum_controlled":true,"out_stock_date":null,"out_stock_threshold":null,"inheritable":true,"stock_on_hold":0,"sold_today":0,"sales_last_days":0,"out_stock_days":0,"lost_sales":0,"update_date":"2026-04-10T09:01:04","atum_locations":[],"atum_stock_status":"instock","restock_status":false,"low_stock_amount":"","sales_update_date":"2026-04-10T09:01:04","calc_backorders":null,"group_of_quantity":0,"min_quantity":0,"max_quantity":"","exclude_order_quantity_value_rules":"no","exclude_category_quantity_rules":"no","combine_variations":"no","yoast_head":"<!-- This site is optimized with the Yoast SEO Premium plugin v26.5 (Yoast SEO v26.5) - https:\/\/yoast.com\/wordpress\/plugins\/seo\/ -->\n<title>Cypress, Blue Essential Oil | Living Libations<\/title>\n<meta name=\"description\" content=\"Le cypr\u00e8s bleu est connu sous le nom de &quot;Karnitirrikani&quot; par les Tiwis, qui utilisent son bois pour fabriquer des lances, des objets c\u00e9r\u00e9moniels et des instruments de musique.\" \/>\n<meta name=\"robots\" content=\"index, follow, max-snippet:-1, max-image-preview:large, max-video-preview:-1\" \/>\n<link rel=\"canonical\" href=\"https:\/\/dutchhealthstore.com\/fr\/product\/cypress-blue-essential-oil\/\" \/>\n<meta property=\"og:locale\" content=\"fr_FR\" \/>\n<meta property=\"og:type\" content=\"article\" \/>\n<meta property=\"og:title\" content=\"Cypress, Blue Essential Oil - Dutch Health Store\" \/>\n<meta property=\"og:description\" content=\"Le cypr\u00e8s bleu est connu sous le nom de &quot;Karnitirrikani&quot; par les Tiwis, qui utilisent son bois pour fabriquer des lances, des objets c\u00e9r\u00e9moniels et des instruments de musique.\" \/>\n<meta property=\"og:url\" content=\"https:\/\/dutchhealthstore.com\/fr\/product\/cypress-blue-essential-oil\/\" \/>\n<meta property=\"og:site_name\" content=\"Dutch Health Store\" \/>\n<meta property=\"article:publisher\" content=\"https:\/\/www.instagram.com\/dutchhealthstore\/\" \/>\n<meta property=\"article:modified_time\" content=\"2024-01-08T15:11:22+00:00\" \/>\n<meta property=\"og:image\" content=\"https:\/\/dutchhealthstore.com\/wp-content\/uploads\/2020\/06\/Cypress-Blue-Essential-Oil-Living-Libations-.jpg\" \/>\n\t<meta property=\"og:image:width\" content=\"500\" \/>\n\t<meta property=\"og:image:height\" content=\"500\" \/>\n\t<meta property=\"og:image:type\" content=\"image\/jpeg\" \/>\n<meta name=\"twitter:card\" content=\"summary_large_image\" \/>\n<meta name=\"twitter:label1\" content=\"Disponibilit\u00e9\" \/>\n\t<meta name=\"twitter:data1\" content=\"En stock\" \/>\n<script type=\"application\/ld+json\" class=\"yoast-schema-graph\">{\"@context\":\"https:\/\/schema.org\",\"@graph\":[{\"@type\":\"WebPage\",\"@id\":\"https:\/\/dutchhealthstore.com\/fr\/product\/cypress-blue-essential-oil\/\",\"url\":\"https:\/\/dutchhealthstore.com\/fr\/product\/cypress-blue-essential-oil\/\",\"name\":\"Cypress, Blue Essential Oil | Living Libations\",\"isPartOf\":{\"@id\":\"https:\/\/dutchhealthstore.com\/fr\/#website\"},\"primaryImageOfPage\":{\"@id\":\"https:\/\/dutchhealthstore.com\/fr\/product\/cypress-blue-essential-oil\/#primaryimage\"},\"image\":{\"@id\":\"https:\/\/dutchhealthstore.com\/fr\/product\/cypress-blue-essential-oil\/#primaryimage\"},\"thumbnailUrl\":\"https:\/\/dutchhealthstore.com\/wp-content\/uploads\/2020\/06\/2025-04-15-13_39_49-Blue-Cypress-Essential-Oil-\u2013-Living-Libations-INT.jpg\",\"datePublished\":\"2020-06-15T05:40:57+00:00\",\"dateModified\":\"2024-01-08T15:11:22+00:00\",\"description\":\"Le cypr\u00e8s bleu est connu sous le nom de \\\"Karnitirrikani\\\" par les Tiwis, qui utilisent son bois pour fabriquer des lances, des objets c\u00e9r\u00e9moniels et des instruments de musique.\",\"breadcrumb\":{\"@id\":\"https:\/\/dutchhealthstore.com\/fr\/product\/cypress-blue-essential-oil\/#breadcrumb\"},\"inLanguage\":\"fr-FR\",\"potentialAction\":[{\"@type\":\"ReadAction\",\"target\":[\"https:\/\/dutchhealthstore.com\/fr\/product\/cypress-blue-essential-oil\/\"]}]},{\"@type\":\"ImageObject\",\"inLanguage\":\"fr-FR\",\"@id\":\"https:\/\/dutchhealthstore.com\/fr\/product\/cypress-blue-essential-oil\/#primaryimage\",\"url\":\"https:\/\/dutchhealthstore.com\/wp-content\/uploads\/2020\/06\/2025-04-15-13_39_49-Blue-Cypress-Essential-Oil-\u2013-Living-Libations-INT.jpg\",\"contentUrl\":\"https:\/\/dutchhealthstore.com\/wp-content\/uploads\/2020\/06\/2025-04-15-13_39_49-Blue-Cypress-Essential-Oil-\u2013-Living-Libations-INT.jpg\",\"width\":530,\"height\":530},{\"@type\":\"BreadcrumbList\",\"@id\":\"https:\/\/dutchhealthstore.com\/fr\/product\/cypress-blue-essential-oil\/#breadcrumb\",\"itemListElement\":[{\"@type\":\"ListItem\",\"position\":1,\"name\":\"Home\",\"item\":\"https:\/\/dutchhealthstore.com\/fr\/\"},{\"@type\":\"ListItem\",\"position\":2,\"name\":\"Shop\",\"item\":\"https:\/\/dutchhealthstore.com\/fr\/shop\/\"},{\"@type\":\"ListItem\",\"position\":3,\"name\":\"Cypress, Blue Essential Oil\"}]},{\"@type\":\"WebSite\",\"@id\":\"https:\/\/dutchhealthstore.com\/fr\/#website\",\"url\":\"https:\/\/dutchhealthstore.com\/fr\/\",\"name\":\"Dutch Health Store\",\"description\":\"Enhance Your Beauty with Organic &amp; Natural Skincare\",\"publisher\":{\"@id\":\"https:\/\/dutchhealthstore.com\/fr\/#organization\"},\"potentialAction\":[{\"@type\":\"SearchAction\",\"target\":{\"@type\":\"EntryPoint\",\"urlTemplate\":\"https:\/\/dutchhealthstore.com\/fr\/?s={search_term_string}\"},\"query-input\":{\"@type\":\"PropertyValueSpecification\",\"valueRequired\":true,\"valueName\":\"search_term_string\"}}],\"inLanguage\":\"fr-FR\"},{\"@type\":\"Organization\",\"@id\":\"https:\/\/dutchhealthstore.com\/fr\/#organization\",\"name\":\"Dutch Health Store\",\"url\":\"https:\/\/dutchhealthstore.com\/fr\/\",\"logo\":{\"@type\":\"ImageObject\",\"inLanguage\":\"fr-FR\",\"@id\":\"https:\/\/dutchhealthstore.com\/fr\/#\/schema\/logo\/image\/\",\"url\":\"https:\/\/dutchhealthstore.com\/wp-content\/uploads\/2020\/08\/logo-dutchhealthstore-jpg-e1599484957574.jpg\",\"contentUrl\":\"https:\/\/dutchhealthstore.com\/wp-content\/uploads\/2020\/08\/logo-dutchhealthstore-jpg-e1599484957574.jpg\",\"width\":400,\"height\":62,\"caption\":\"Dutch Health Store\"},\"image\":{\"@id\":\"https:\/\/dutchhealthstore.com\/fr\/#\/schema\/logo\/image\/\"},\"sameAs\":[\"https:\/\/www.instagram.com\/dutchhealthstore\/\",\"https:\/\/www.facebook.com\/dutchhealthstore\"]}]}<\/script>\n<meta property=\"product:brand\" content=\"Living Libations\" \/>\n<meta property=\"og:availability\" content=\"instock\" \/>\n<meta property=\"product:availability\" content=\"instock\" \/>\n<meta property=\"product:condition\" content=\"new\" \/>\n<!-- \/ Yoast SEO Premium plugin. -->","yoast_head_json":{"title":"Cypress, Blue Essential Oil | Living Libations","description":"Le cypr\u00e8s bleu est connu sous le nom de \"Karnitirrikani\" par les Tiwis, qui utilisent son bois pour fabriquer des lances, des objets c\u00e9r\u00e9moniels et des instruments de musique.","robots":{"index":"index","follow":"follow","max-snippet":"max-snippet:-1","max-image-preview":"max-image-preview:large","max-video-preview":"max-video-preview:-1"},"canonical":"https:\/\/dutchhealthstore.com\/fr\/product\/cypress-blue-essential-oil\/","og_locale":"fr_FR","og_type":"article","og_title":"Cypress, Blue Essential Oil - Dutch Health Store","og_description":"Le cypr\u00e8s bleu est connu sous le nom de \"Karnitirrikani\" par les Tiwis, qui utilisent son bois pour fabriquer des lances, des objets c\u00e9r\u00e9moniels et des instruments de musique.","og_url":"https:\/\/dutchhealthstore.com\/fr\/product\/cypress-blue-essential-oil\/","og_site_name":"Dutch Health Store","article_publisher":"https:\/\/www.instagram.com\/dutchhealthstore\/","article_modified_time":"2024-01-08T15:11:22+00:00","og_image":[{"width":500,"height":500,"url":"https:\/\/dutchhealthstore.com\/wp-content\/uploads\/2020\/06\/Cypress-Blue-Essential-Oil-Living-Libations-.jpg","type":"image\/jpeg"}],"twitter_card":"summary_large_image","twitter_misc":{"Disponibilit\u00e9":"En stock"},"schema":{"@context":"https:\/\/schema.org","@graph":[{"@type":"WebPage","@id":"https:\/\/dutchhealthstore.com\/fr\/product\/cypress-blue-essential-oil\/","url":"https:\/\/dutchhealthstore.com\/fr\/product\/cypress-blue-essential-oil\/","name":"Cypress, Blue Essential Oil | Living Libations","isPartOf":{"@id":"https:\/\/dutchhealthstore.com\/fr\/#website"},"primaryImageOfPage":{"@id":"https:\/\/dutchhealthstore.com\/fr\/product\/cypress-blue-essential-oil\/#primaryimage"},"image":{"@id":"https:\/\/dutchhealthstore.com\/fr\/product\/cypress-blue-essential-oil\/#primaryimage"},"thumbnailUrl":"https:\/\/dutchhealthstore.com\/wp-content\/uploads\/2020\/06\/2025-04-15-13_39_49-Blue-Cypress-Essential-Oil-\u2013-Living-Libations-INT.jpg","datePublished":"2020-06-15T05:40:57+00:00","dateModified":"2024-01-08T15:11:22+00:00","description":"Le cypr\u00e8s bleu est connu sous le nom de \"Karnitirrikani\" par les Tiwis, qui utilisent son bois pour fabriquer des lances, des objets c\u00e9r\u00e9moniels et des instruments de musique.","breadcrumb":{"@id":"https:\/\/dutchhealthstore.com\/fr\/product\/cypress-blue-essential-oil\/#breadcrumb"},"inLanguage":"fr-FR","potentialAction":[{"@type":"ReadAction","target":["https:\/\/dutchhealthstore.com\/fr\/product\/cypress-blue-essential-oil\/"]}]},{"@type":"ImageObject","inLanguage":"fr-FR","@id":"https:\/\/dutchhealthstore.com\/fr\/product\/cypress-blue-essential-oil\/#primaryimage","url":"https:\/\/dutchhealthstore.com\/wp-content\/uploads\/2020\/06\/2025-04-15-13_39_49-Blue-Cypress-Essential-Oil-\u2013-Living-Libations-INT.jpg","contentUrl":"https:\/\/dutchhealthstore.com\/wp-content\/uploads\/2020\/06\/2025-04-15-13_39_49-Blue-Cypress-Essential-Oil-\u2013-Living-Libations-INT.jpg","width":530,"height":530},{"@type":"BreadcrumbList","@id":"https:\/\/dutchhealthstore.com\/fr\/product\/cypress-blue-essential-oil\/#breadcrumb","itemListElement":[{"@type":"ListItem","position":1,"name":"Home","item":"https:\/\/dutchhealthstore.com\/fr\/"},{"@type":"ListItem","position":2,"name":"Shop","item":"https:\/\/dutchhealthstore.com\/fr\/shop\/"},{"@type":"ListItem","position":3,"name":"Cypress, Blue Essential Oil"}]},{"@type":"WebSite","@id":"https:\/\/dutchhealthstore.com\/fr\/#website","url":"https:\/\/dutchhealthstore.com\/fr\/","name":"Dutch Health Store","description":"Enhance Your Beauty with Organic &amp; Natural Skincare","publisher":{"@id":"https:\/\/dutchhealthstore.com\/fr\/#organization"},"potentialAction":[{"@type":"SearchAction","target":{"@type":"EntryPoint","urlTemplate":"https:\/\/dutchhealthstore.com\/fr\/?s={search_term_string}"},"query-input":{"@type":"PropertyValueSpecification","valueRequired":true,"valueName":"search_term_string"}}],"inLanguage":"fr-FR"},{"@type":"Organization","@id":"https:\/\/dutchhealthstore.com\/fr\/#organization","name":"Dutch Health Store","url":"https:\/\/dutchhealthstore.com\/fr\/","logo":{"@type":"ImageObject","inLanguage":"fr-FR","@id":"https:\/\/dutchhealthstore.com\/fr\/#\/schema\/logo\/image\/","url":"https:\/\/dutchhealthstore.com\/wp-content\/uploads\/2020\/08\/logo-dutchhealthstore-jpg-e1599484957574.jpg","contentUrl":"https:\/\/dutchhealthstore.com\/wp-content\/uploads\/2020\/08\/logo-dutchhealthstore-jpg-e1599484957574.jpg","width":400,"height":62,"caption":"Dutch Health Store"},"image":{"@id":"https:\/\/dutchhealthstore.com\/fr\/#\/schema\/logo\/image\/"},"sameAs":["https:\/\/www.instagram.com\/dutchhealthstore\/","https:\/\/www.facebook.com\/dutchhealthstore"]}]},"product_brand":"Living Libations","og_availability":"instock","product_availability":"instock","product_condition":"new"},"_links":{"self":[{"href":"https:\/\/dutchhealthstore.com\/fr\/wp-json\/wp\/v2\/product\/117988","targetHints":{"allow":["GET"]}}],"collection":[{"href":"https:\/\/dutchhealthstore.com\/fr\/wp-json\/wp\/v2\/product"}],"about":[{"href":"https:\/\/dutchhealthstore.com\/fr\/wp-json\/wp\/v2\/types\/product"}],"replies":[{"embeddable":true,"href":"https:\/\/dutchhealthstore.com\/fr\/wp-json\/wp\/v2\/comments?post=117988"}],"wp:featuredmedia":[{"embeddable":true,"href":"https:\/\/dutchhealthstore.com\/fr\/wp-json\/wp\/v2\/media\/337448"}],"wp:attachment":[{"href":"https:\/\/dutchhealthstore.com\/fr\/wp-json\/wp\/v2\/media?parent=117988"}],"wp:term":[{"taxonomy":"product_brand","embeddable":true,"href":"https:\/\/dutchhealthstore.com\/fr\/wp-json\/wp\/v2\/product_brand?post=117988"},{"taxonomy":"product_cat","embeddable":true,"href":"https:\/\/dutchhealthstore.com\/fr\/wp-json\/wp\/v2\/product_cat?post=117988"},{"taxonomy":"product_tag","embeddable":true,"href":"https:\/\/dutchhealthstore.com\/fr\/wp-json\/wp\/v2\/product_tag?post=117988"}],"curies":[{"name":"wp","href":"https:\/\/api.w.org\/{rel}","templated":true}]}}