{"id":117964,"date":"2020-06-25T09:57:48","date_gmt":"2020-06-25T07:57:48","guid":{"rendered":"https:\/\/dutchhealthstore.com\/product\/cypress-wood-white-essential-oil\/"},"modified":"2024-10-21T10:26:41","modified_gmt":"2024-10-21T08:26:41","slug":"cypress-wood-white-essential-oil","status":"publish","type":"product","link":"https:\/\/dutchhealthstore.com\/fr\/product\/cypress-wood-white-essential-oil\/","title":{"rendered":"Cypress Wood, White Essential Oil"},"content":{"rendered":"<p><img decoding=\"async\" class=\"size-full wp-image-69549 alignright\" src=\"https:\/\/dutchhealthstore.com\/wp-content\/uploads\/2019\/08\/NEW-Living-Libations-Logo.jpg\" alt=\"NEW - Living Libations - Logo\" width=\"175\" height=\"82\"><strong>Nom botanique :<\/strong> Callitris glaucophylla<br \/>\n<strong>Famille botanique :<\/strong> Cupressaceae<br \/>\n<strong>M\u00e9thode d&rsquo;extraction :<\/strong> Distillation \u00e0 la vapeur<br \/>\n<strong>Partie de la plante Distill\u00e9e :<\/strong> Brindilles et branches<br \/>\n<strong>Country of Origin :<\/strong> Australia<br \/>\n<strong>M\u00e9thode de culture :<\/strong> Organique<br \/>\n<strong>Composition :<\/strong> 100 % Callitris glaucophylla<br \/>\n<strong>Consistance :<\/strong> \u00c9pais<\/p>\n<h3>Description de l&rsquo;odeur<\/h3>\n<p>Comme des feuilles fra\u00eeches qui tournent autour du sol d&rsquo;une for\u00eat luxuriante sous l&rsquo;effet d&rsquo;un vent apaisant ; bois\u00e9 et merveilleux dans sa l\u00e9g\u00e8ret\u00e9 a\u00e9rienne.<\/p>\n<h3>Se marie bien avec<\/h3>\n<p>Encens, myrrhe, cypr\u00e8s, bergamote, gen\u00e9vrier, inule, immortelle, laurier, palo santo, santal, lavande, patchouli, marjolaine, eucalyptus, mousse de ch\u00eane, rose et nard.<\/p>\n<h3>Utilisations<\/h3>\n<p>Diffuser pour d\u00e9tendre l&rsquo;esprit avant le coucher et fortifier l&rsquo;esprit contre les inqui\u00e9tudes irrationnelles.<br \/>\nPendant la m\u00e9ditation ou pour d\u00e9tendre l&rsquo;esprit en inhalant la bouteille, dans le bain ou au coucher.<\/p>\n<h3>Constituants<\/h3>\n<p>Deux des principaux compos\u00e9s botaniques sont le ga\u00efol et les sesquiterp\u00e8nes. Il contient \u00e9galement des niveaux \u00e9lev\u00e9s d&rsquo;eudesmol.<\/p>\n<a href=\"https:\/\/dutchhealthstore.com\/wp-content\/uploads\/2020\/06\/ANALYSIS-Cypress-Wood-White-Essential-Oil-Living-Libations-3.pdf\" class=\"button primary is-primary is-small\"  >\n\t\t<span>ANALYSE DES HUILES ESSENTIELLES &gt;<\/span>\n\t<\/a>\n\n<p>Les peuples indig\u00e8nes d&rsquo;Australie utilisaient le bois de cypr\u00e8s blanc pour cr\u00e9er des lances, des instruments de musique et des objets utilis\u00e9s lors des c\u00e9r\u00e9monies religieuses. Les Europ\u00e9ens ont utilis\u00e9 le bois australien robuste pour cr\u00e9er des structures fortifi\u00e9es r\u00e9sistant aux invasions de termites et aux \u00e9l\u00e9ments. Aujourd&rsquo;hui, White Cypress Wood Essential Oil est principalement utilis\u00e9e comme une fragrance calmante et fondatrice en aromath\u00e9rapie et est un choix populaire pour la m\u00e9ditation et le yoga.<\/p>\n<p>Notre White Cypress Wood Essential Oil vous centre dans le moment pr\u00e9sent, fournissant un sentier olfactif clairement marqu\u00e9 pour l&rsquo;alignement. A utiliser pendant la m\u00e9ditation ou pour d\u00e9tendre l&rsquo;esprit en inhalant la bouteille, dans le bain ou au coucher.<\/p>\n<p><strong>Taille : 5 ml et 15 ml<\/strong><\/p>\n<h3>Ingr\u00e9dients biologiques<\/h3>\n<p>100% huile essentielle de bois de cypr\u00e8s (Callitris glaucophylla).<\/p>\n<p style=\"text-align: center;\"><em>\u00ab\u00a0Donnez vos c\u0153urs, mais pas dans la garde de l&rsquo;autre. Car seule la main de la Vie peut contenir vos c\u0153urs. Et se tenir ensemble, mais pas trop pr\u00e8s l&rsquo;un de l&rsquo;autre :<\/em><br \/>\n<em>Car les piliers du temple sont \u00e0 part,<\/em><br \/>\n<em>Et le ch\u00eane et le cypr\u00e8s ne poussent pas \u00e0 l&rsquo;ombre l&rsquo;un de l&rsquo;autre.\u00a0\u00bb<\/em><br \/>\n~ Khalil Gibran<\/p>\n<p style=\"text-align: center;\"><em>\u00a0\u00bb Le cypr\u00e8s blanc est un arbre \u00e0 feuilles persistantes originaire d&rsquo;Australie ; on le trouve souvent dans les zones int\u00e9rieures s\u00e8ches, ainsi que pr\u00e8s des c\u00f4tes. L&rsquo;arbre atteint une hauteur d&rsquo;environ 26 \u00e0 30,5 m\u00e8tres et poss\u00e8de des feuilles gris-vert en forme d&rsquo;aiguille avec des c\u00f4nes gris argent\u00e9 contenant de petites graines.<\/em><br \/>\n<em>L&rsquo;arbre est \u00e9galement connu sous le nom de pin cypr\u00e8s blanc.\u00a0\u00bb<\/em><br \/>\n~ Carol Schiller, David Schiller, Jeffrey Schiller, <strong>The Aromatherapy Encyclopedia<\/strong><\/p>\n<p><img fetchpriority=\"high\" decoding=\"async\" class=\"size-medium wp-image-68103 aligncenter\" src=\"https:\/\/dutchhealthstore.com\/wp-content\/uploads\/2018\/02\/Living-Libations-Organic-Logo-800x89.png\" alt=\"Living Libations - Organic Logo\" width=\"800\" height=\"89\" srcset=\"https:\/\/dutchhealthstore.com\/wp-content\/uploads\/2018\/02\/Living-Libations-Organic-Logo-800x89.png 800w, https:\/\/dutchhealthstore.com\/wp-content\/uploads\/2018\/02\/Living-Libations-Organic-Logo-510x57.png 510w, https:\/\/dutchhealthstore.com\/wp-content\/uploads\/2018\/02\/Living-Libations-Organic-Logo-768x85.png 768w, https:\/\/dutchhealthstore.com\/wp-content\/uploads\/2018\/02\/Living-Libations-Organic-Logo.png 1400w\" sizes=\"(max-width: 800px) 100vw, 800px\" \/><\/p>\n","protected":false},"excerpt":{"rendered":"<p><strong>White Cypress Wood Essential Oil<\/strong> digne est distill\u00e9 \u00e0 la vapeur \u00e0 partir du bois de c\u0153ur convoit\u00e9 du cypr\u00e8s blanc australien.<br \/>\nCette huile capture la force \u00e9quilibr\u00e9e du bois traditionnellement utilis\u00e9 pour construire les lances, les outils et les maisons europ\u00e9ennes des autochtones.<br \/>\nSi White Cypress Wood Essential Oil peut prot\u00e9ger les guerriers et les gens des \u00e9l\u00e9ments, imaginez ce qu&rsquo;elle peut faire pour votre esprit !<\/p>\n","protected":false},"featured_media":109017,"comment_status":"open","ping_status":"closed","template":"","meta":[],"product_brand":[],"product_cat":[1507,6734,1211,1209,3757,6733],"product_tag":[4495],"class_list":{"0":"post-117964","1":"product","2":"type-product","3":"status-publish","4":"has-post-thumbnail","6":"product_cat-plantes-huiles-essentielles-living-libations","7":"product_cat-essential-oils","8":"product_cat-living-libations-france","9":"product_cat-par-marques","10":"product_cat-plantes-huiles-essentielles","11":"product_cat-wellness-fr-2","12":"product_tag-essential-oil-fr","13":"pa_brand-livinglibations-fr","14":"pa_essential-oils-product-type-essential-oils-fr","15":"pa_size-15-ml-fr","16":"pa_size-5-ml-fr","18":"first","19":"instock","20":"taxable","21":"shipping-taxable","22":"purchasable","23":"product-type-variable"},"bundled_by":[],"bundle_stock_status":"instock","bundle_stock_quantity":null,"bundle_virtual":false,"bundle_layout":"","bundle_add_to_cart_form_location":"","bundle_editable_in_cart":false,"bundle_sold_individually_context":"","bundle_item_grouping":"","bundle_min_size":"","bundle_max_size":"","bundle_price":[],"bundled_items":[],"bundle_sell_ids":[],"atum_controlled":true,"out_stock_date":null,"out_stock_threshold":null,"inheritable":true,"stock_on_hold":0,"sold_today":0,"sales_last_days":0,"out_stock_days":0,"lost_sales":0,"update_date":"2026-04-10T09:01:04","atum_locations":[],"atum_stock_status":"instock","restock_status":false,"low_stock_amount":"","sales_update_date":"2026-04-10T09:01:04","calc_backorders":null,"group_of_quantity":0,"min_quantity":0,"max_quantity":"","exclude_order_quantity_value_rules":"no","exclude_category_quantity_rules":"no","combine_variations":"no","yoast_head":"<!-- This site is optimized with the Yoast SEO Premium plugin v26.5 (Yoast SEO v26.5) - https:\/\/yoast.com\/wordpress\/plugins\/seo\/ -->\n<title>Cypress Wood, White Essential Oil | Living Libations<\/title>\n<meta name=\"description\" content=\"Cette huile capture la force \u00e9quilibr\u00e9e du bois traditionnellement utilis\u00e9 pour construire les lances, les outils et les maisons europ\u00e9ennes des autochtones.\" \/>\n<meta name=\"robots\" content=\"index, follow, max-snippet:-1, max-image-preview:large, max-video-preview:-1\" \/>\n<link rel=\"canonical\" href=\"https:\/\/dutchhealthstore.com\/fr\/product\/cypress-wood-white-essential-oil\/\" \/>\n<meta property=\"og:locale\" content=\"fr_FR\" \/>\n<meta property=\"og:type\" content=\"article\" \/>\n<meta property=\"og:title\" content=\"Cypress Wood, White Essential Oil - Dutch Health Store\" \/>\n<meta property=\"og:description\" content=\"Cette huile capture la force \u00e9quilibr\u00e9e du bois traditionnellement utilis\u00e9 pour construire les lances, les outils et les maisons europ\u00e9ennes des autochtones.\" \/>\n<meta property=\"og:url\" content=\"https:\/\/dutchhealthstore.com\/fr\/product\/cypress-wood-white-essential-oil\/\" \/>\n<meta property=\"og:site_name\" content=\"Dutch Health Store\" \/>\n<meta property=\"article:publisher\" content=\"https:\/\/www.instagram.com\/dutchhealthstore\/\" \/>\n<meta property=\"article:modified_time\" content=\"2024-10-21T08:26:41+00:00\" \/>\n<meta property=\"og:image\" content=\"https:\/\/dutchhealthstore.com\/wp-content\/uploads\/2020\/06\/Living-Libations-Cypress-Wood-White-Essential-Oil.png\" \/>\n\t<meta property=\"og:image:width\" content=\"500\" \/>\n\t<meta property=\"og:image:height\" content=\"500\" \/>\n\t<meta property=\"og:image:type\" content=\"image\/jpeg\" \/>\n<meta name=\"twitter:card\" content=\"summary_large_image\" \/>\n<meta name=\"twitter:label1\" content=\"Disponibilit\u00e9\" \/>\n\t<meta name=\"twitter:data1\" content=\"En stock\" \/>\n<script type=\"application\/ld+json\" class=\"yoast-schema-graph\">{\"@context\":\"https:\/\/schema.org\",\"@graph\":[{\"@type\":\"WebPage\",\"@id\":\"https:\/\/dutchhealthstore.com\/fr\/product\/cypress-wood-white-essential-oil\/\",\"url\":\"https:\/\/dutchhealthstore.com\/fr\/product\/cypress-wood-white-essential-oil\/\",\"name\":\"Cypress Wood, White Essential Oil | Living Libations\",\"isPartOf\":{\"@id\":\"https:\/\/dutchhealthstore.com\/fr\/#website\"},\"primaryImageOfPage\":{\"@id\":\"https:\/\/dutchhealthstore.com\/fr\/product\/cypress-wood-white-essential-oil\/#primaryimage\"},\"image\":{\"@id\":\"https:\/\/dutchhealthstore.com\/fr\/product\/cypress-wood-white-essential-oil\/#primaryimage\"},\"thumbnailUrl\":\"https:\/\/dutchhealthstore.com\/wp-content\/uploads\/2020\/06\/Living-Libations-Cypress-Wood-White-Essential-Oil.png\",\"datePublished\":\"2020-06-25T07:57:48+00:00\",\"dateModified\":\"2024-10-21T08:26:41+00:00\",\"description\":\"Cette huile capture la force \u00e9quilibr\u00e9e du bois traditionnellement utilis\u00e9 pour construire les lances, les outils et les maisons europ\u00e9ennes des autochtones.\",\"breadcrumb\":{\"@id\":\"https:\/\/dutchhealthstore.com\/fr\/product\/cypress-wood-white-essential-oil\/#breadcrumb\"},\"inLanguage\":\"fr-FR\",\"potentialAction\":[{\"@type\":\"ReadAction\",\"target\":[\"https:\/\/dutchhealthstore.com\/fr\/product\/cypress-wood-white-essential-oil\/\"]}]},{\"@type\":\"ImageObject\",\"inLanguage\":\"fr-FR\",\"@id\":\"https:\/\/dutchhealthstore.com\/fr\/product\/cypress-wood-white-essential-oil\/#primaryimage\",\"url\":\"https:\/\/dutchhealthstore.com\/wp-content\/uploads\/2020\/06\/Living-Libations-Cypress-Wood-White-Essential-Oil.png\",\"contentUrl\":\"https:\/\/dutchhealthstore.com\/wp-content\/uploads\/2020\/06\/Living-Libations-Cypress-Wood-White-Essential-Oil.png\",\"width\":500,\"height\":500,\"caption\":\"Living Libations Cypress Wood, White Essential Oil\"},{\"@type\":\"BreadcrumbList\",\"@id\":\"https:\/\/dutchhealthstore.com\/fr\/product\/cypress-wood-white-essential-oil\/#breadcrumb\",\"itemListElement\":[{\"@type\":\"ListItem\",\"position\":1,\"name\":\"Home\",\"item\":\"https:\/\/dutchhealthstore.com\/fr\/\"},{\"@type\":\"ListItem\",\"position\":2,\"name\":\"Shop\",\"item\":\"https:\/\/dutchhealthstore.com\/fr\/shop\/\"},{\"@type\":\"ListItem\",\"position\":3,\"name\":\"Cypress Wood, White Essential Oil\"}]},{\"@type\":\"WebSite\",\"@id\":\"https:\/\/dutchhealthstore.com\/fr\/#website\",\"url\":\"https:\/\/dutchhealthstore.com\/fr\/\",\"name\":\"Dutch Health Store\",\"description\":\"Enhance Your Beauty with Organic &amp; Natural Skincare\",\"publisher\":{\"@id\":\"https:\/\/dutchhealthstore.com\/fr\/#organization\"},\"potentialAction\":[{\"@type\":\"SearchAction\",\"target\":{\"@type\":\"EntryPoint\",\"urlTemplate\":\"https:\/\/dutchhealthstore.com\/fr\/?s={search_term_string}\"},\"query-input\":{\"@type\":\"PropertyValueSpecification\",\"valueRequired\":true,\"valueName\":\"search_term_string\"}}],\"inLanguage\":\"fr-FR\"},{\"@type\":\"Organization\",\"@id\":\"https:\/\/dutchhealthstore.com\/fr\/#organization\",\"name\":\"Dutch Health Store\",\"url\":\"https:\/\/dutchhealthstore.com\/fr\/\",\"logo\":{\"@type\":\"ImageObject\",\"inLanguage\":\"fr-FR\",\"@id\":\"https:\/\/dutchhealthstore.com\/fr\/#\/schema\/logo\/image\/\",\"url\":\"https:\/\/dutchhealthstore.com\/wp-content\/uploads\/2020\/08\/logo-dutchhealthstore-jpg-e1599484957574.jpg\",\"contentUrl\":\"https:\/\/dutchhealthstore.com\/wp-content\/uploads\/2020\/08\/logo-dutchhealthstore-jpg-e1599484957574.jpg\",\"width\":400,\"height\":62,\"caption\":\"Dutch Health Store\"},\"image\":{\"@id\":\"https:\/\/dutchhealthstore.com\/fr\/#\/schema\/logo\/image\/\"},\"sameAs\":[\"https:\/\/www.instagram.com\/dutchhealthstore\/\",\"https:\/\/www.facebook.com\/dutchhealthstore\"]}]}<\/script>\n<meta property=\"product:brand\" content=\"Living Libations\" \/>\n<meta property=\"og:availability\" content=\"instock\" \/>\n<meta property=\"product:availability\" content=\"instock\" \/>\n<meta property=\"product:condition\" content=\"new\" \/>\n<!-- \/ Yoast SEO Premium plugin. -->","yoast_head_json":{"title":"Cypress Wood, White Essential Oil | Living Libations","description":"Cette huile capture la force \u00e9quilibr\u00e9e du bois traditionnellement utilis\u00e9 pour construire les lances, les outils et les maisons europ\u00e9ennes des autochtones.","robots":{"index":"index","follow":"follow","max-snippet":"max-snippet:-1","max-image-preview":"max-image-preview:large","max-video-preview":"max-video-preview:-1"},"canonical":"https:\/\/dutchhealthstore.com\/fr\/product\/cypress-wood-white-essential-oil\/","og_locale":"fr_FR","og_type":"article","og_title":"Cypress Wood, White Essential Oil - Dutch Health Store","og_description":"Cette huile capture la force \u00e9quilibr\u00e9e du bois traditionnellement utilis\u00e9 pour construire les lances, les outils et les maisons europ\u00e9ennes des autochtones.","og_url":"https:\/\/dutchhealthstore.com\/fr\/product\/cypress-wood-white-essential-oil\/","og_site_name":"Dutch Health Store","article_publisher":"https:\/\/www.instagram.com\/dutchhealthstore\/","article_modified_time":"2024-10-21T08:26:41+00:00","og_image":[{"width":500,"height":500,"url":"https:\/\/dutchhealthstore.com\/wp-content\/uploads\/2020\/06\/Living-Libations-Cypress-Wood-White-Essential-Oil.png","type":"image\/jpeg"}],"twitter_card":"summary_large_image","twitter_misc":{"Disponibilit\u00e9":"En stock"},"schema":{"@context":"https:\/\/schema.org","@graph":[{"@type":"WebPage","@id":"https:\/\/dutchhealthstore.com\/fr\/product\/cypress-wood-white-essential-oil\/","url":"https:\/\/dutchhealthstore.com\/fr\/product\/cypress-wood-white-essential-oil\/","name":"Cypress Wood, White Essential Oil | Living Libations","isPartOf":{"@id":"https:\/\/dutchhealthstore.com\/fr\/#website"},"primaryImageOfPage":{"@id":"https:\/\/dutchhealthstore.com\/fr\/product\/cypress-wood-white-essential-oil\/#primaryimage"},"image":{"@id":"https:\/\/dutchhealthstore.com\/fr\/product\/cypress-wood-white-essential-oil\/#primaryimage"},"thumbnailUrl":"https:\/\/dutchhealthstore.com\/wp-content\/uploads\/2020\/06\/Living-Libations-Cypress-Wood-White-Essential-Oil.png","datePublished":"2020-06-25T07:57:48+00:00","dateModified":"2024-10-21T08:26:41+00:00","description":"Cette huile capture la force \u00e9quilibr\u00e9e du bois traditionnellement utilis\u00e9 pour construire les lances, les outils et les maisons europ\u00e9ennes des autochtones.","breadcrumb":{"@id":"https:\/\/dutchhealthstore.com\/fr\/product\/cypress-wood-white-essential-oil\/#breadcrumb"},"inLanguage":"fr-FR","potentialAction":[{"@type":"ReadAction","target":["https:\/\/dutchhealthstore.com\/fr\/product\/cypress-wood-white-essential-oil\/"]}]},{"@type":"ImageObject","inLanguage":"fr-FR","@id":"https:\/\/dutchhealthstore.com\/fr\/product\/cypress-wood-white-essential-oil\/#primaryimage","url":"https:\/\/dutchhealthstore.com\/wp-content\/uploads\/2020\/06\/Living-Libations-Cypress-Wood-White-Essential-Oil.png","contentUrl":"https:\/\/dutchhealthstore.com\/wp-content\/uploads\/2020\/06\/Living-Libations-Cypress-Wood-White-Essential-Oil.png","width":500,"height":500,"caption":"Living Libations Cypress Wood, White Essential Oil"},{"@type":"BreadcrumbList","@id":"https:\/\/dutchhealthstore.com\/fr\/product\/cypress-wood-white-essential-oil\/#breadcrumb","itemListElement":[{"@type":"ListItem","position":1,"name":"Home","item":"https:\/\/dutchhealthstore.com\/fr\/"},{"@type":"ListItem","position":2,"name":"Shop","item":"https:\/\/dutchhealthstore.com\/fr\/shop\/"},{"@type":"ListItem","position":3,"name":"Cypress Wood, White Essential Oil"}]},{"@type":"WebSite","@id":"https:\/\/dutchhealthstore.com\/fr\/#website","url":"https:\/\/dutchhealthstore.com\/fr\/","name":"Dutch Health Store","description":"Enhance Your Beauty with Organic &amp; Natural Skincare","publisher":{"@id":"https:\/\/dutchhealthstore.com\/fr\/#organization"},"potentialAction":[{"@type":"SearchAction","target":{"@type":"EntryPoint","urlTemplate":"https:\/\/dutchhealthstore.com\/fr\/?s={search_term_string}"},"query-input":{"@type":"PropertyValueSpecification","valueRequired":true,"valueName":"search_term_string"}}],"inLanguage":"fr-FR"},{"@type":"Organization","@id":"https:\/\/dutchhealthstore.com\/fr\/#organization","name":"Dutch Health Store","url":"https:\/\/dutchhealthstore.com\/fr\/","logo":{"@type":"ImageObject","inLanguage":"fr-FR","@id":"https:\/\/dutchhealthstore.com\/fr\/#\/schema\/logo\/image\/","url":"https:\/\/dutchhealthstore.com\/wp-content\/uploads\/2020\/08\/logo-dutchhealthstore-jpg-e1599484957574.jpg","contentUrl":"https:\/\/dutchhealthstore.com\/wp-content\/uploads\/2020\/08\/logo-dutchhealthstore-jpg-e1599484957574.jpg","width":400,"height":62,"caption":"Dutch Health Store"},"image":{"@id":"https:\/\/dutchhealthstore.com\/fr\/#\/schema\/logo\/image\/"},"sameAs":["https:\/\/www.instagram.com\/dutchhealthstore\/","https:\/\/www.facebook.com\/dutchhealthstore"]}]},"product_brand":"Living Libations","og_availability":"instock","product_availability":"instock","product_condition":"new"},"_links":{"self":[{"href":"https:\/\/dutchhealthstore.com\/fr\/wp-json\/wp\/v2\/product\/117964","targetHints":{"allow":["GET"]}}],"collection":[{"href":"https:\/\/dutchhealthstore.com\/fr\/wp-json\/wp\/v2\/product"}],"about":[{"href":"https:\/\/dutchhealthstore.com\/fr\/wp-json\/wp\/v2\/types\/product"}],"replies":[{"embeddable":true,"href":"https:\/\/dutchhealthstore.com\/fr\/wp-json\/wp\/v2\/comments?post=117964"}],"wp:featuredmedia":[{"embeddable":true,"href":"https:\/\/dutchhealthstore.com\/fr\/wp-json\/wp\/v2\/media\/109017"}],"wp:attachment":[{"href":"https:\/\/dutchhealthstore.com\/fr\/wp-json\/wp\/v2\/media?parent=117964"}],"wp:term":[{"taxonomy":"product_brand","embeddable":true,"href":"https:\/\/dutchhealthstore.com\/fr\/wp-json\/wp\/v2\/product_brand?post=117964"},{"taxonomy":"product_cat","embeddable":true,"href":"https:\/\/dutchhealthstore.com\/fr\/wp-json\/wp\/v2\/product_cat?post=117964"},{"taxonomy":"product_tag","embeddable":true,"href":"https:\/\/dutchhealthstore.com\/fr\/wp-json\/wp\/v2\/product_tag?post=117964"}],"curies":[{"name":"wp","href":"https:\/\/api.w.org\/{rel}","templated":true}]}}