{"id":117941,"date":"2020-06-25T10:28:15","date_gmt":"2020-06-25T08:28:15","guid":{"rendered":"https:\/\/dutchhealthstore.com\/product\/cypress-leaf-white-essential-oil\/"},"modified":"2024-10-21T10:26:45","modified_gmt":"2024-10-21T08:26:45","slug":"cypress-leaf-white-essential-oil","status":"publish","type":"product","link":"https:\/\/dutchhealthstore.com\/fr\/product\/cypress-leaf-white-essential-oil\/","title":{"rendered":"Cypress Leaf, White Essential Oil"},"content":{"rendered":"<p><img decoding=\"async\" class=\"size-full wp-image-69549 alignright\" src=\"https:\/\/dutchhealthstore.com\/wp-content\/uploads\/2019\/08\/NEW-Living-Libations-Logo.jpg\" alt=\"NEW - Living Libations - Logo\" width=\"175\" height=\"82\"><strong>Nom botanique :<\/strong> Callitris glaucophylla<br \/>\n<strong>Famille botanique :<\/strong> Cupressaceae<br \/>\n<strong>M\u00e9thode d&rsquo;extraction :<\/strong> Distillation \u00e0 la vapeur<br \/>\n<strong>Partie de la plante distill\u00e9e :<\/strong> Feuilles<br \/>\n<strong>Country of Origin :<\/strong> Australia<br \/>\n<strong>M\u00e9thode de culture :<\/strong> Organique<br \/>\n<strong>Composition :<\/strong> 100 % Callitris glaucophylla<br \/>\n<strong>Consistance :<\/strong> \u00c9pais<\/p>\n<h3>Description de l&rsquo;odeur<\/h3>\n<p>La fra\u00eecheur du citron danse avec l&rsquo;esprit des conif\u00e8res au-dessus de subtiles nuances de bois de santal et de miel.<\/p>\n<h3>Se marie bien avec<\/h3>\n<p>Bois de santal, cypr\u00e8s, citron, citron vert, sapin argent\u00e9, encens, palo santo, pin, \u00e9pic\u00e9a, v\u00e9tiver, nard, lavande, myrte \u00e0 miel et immortelle.<\/p>\n<h3>Utilisations<\/h3>\n<p>Diffusez ou ajoutez une goutte \u00e0 notre pipe de sel. Ajoutez une goutte dans le bain. Parfumerie foresti\u00e8re et eaux de Cologne.<\/p>\n<a href=\"https:\/\/dutchhealthstore.com\/wp-content\/uploads\/2020\/06\/ANALYSIS-Cypress-Leaf-White-Essential-Oil-Living-Libations-3.pdf\" class=\"button primary is-primary is-small\"  >\n\t\t<span>ANALYSE DES HUILES ESSENTIELLES &gt;<\/span>\n\t<\/a>\n\n<p>Nous sommes ravis d&rsquo;accueillir White Cypress Leaf Essential Oil directement de l&rsquo;outback australien sauvage. Distill\u00e9e \u00e0 la vapeur \u00e0 partir des feuilles et des branches du cypr\u00e8s blanc d&rsquo;Australie, cette huile est utilis\u00e9e depuis longtemps par les Australiens indig\u00e8nes et les anciens Europ\u00e9ens. Le bois du cypr\u00e8s blanc \u00e9tait utilis\u00e9 par les peuples autochtones pour fabriquer des lances et des objets religieux, tandis que les huiles et les r\u00e9sines \u00e9taient utilis\u00e9es comme une sorte de colle naturel. \u00c0 partir de la fin du XIXe si\u00e8cle, les Europ\u00e9ens ont commenc\u00e9 \u00e0 importer du bois de cypr\u00e8s blanc pour construire des maisons et des meubles r\u00e9sistant aux termites.<\/p>\n<p>Aujourd&rsquo;hui, White Cypress Leaf Essential Oil est utilis\u00e9e pour raviver le corps et l&rsquo;esprit et rafra\u00eechir et nettoyer les espaces int\u00e9rieurs. Cette huile \u00e9nergisante est un ajout stimulant \u00e0 votre pipe \u00e0 sel, votre diffuseur, vos baumes pour la peau, vos produits de nettoyage ou votre eau de cologne foresti\u00e8re.<\/p>\n<p><strong>Taille : 5 ml et 15 ml<\/strong><\/p>\n<h3>Ingr\u00e9dients biologiques<\/h3>\n<p>100% d&rsquo;huile essentielle de feuille de cypr\u00e8s blanc (Callitris glaucophylla).<\/p>\n<p><img fetchpriority=\"high\" decoding=\"async\" class=\"size-medium wp-image-68103 aligncenter\" src=\"https:\/\/dutchhealthstore.com\/wp-content\/uploads\/2018\/02\/Living-Libations-Organic-Logo-800x89.png\" alt=\"Living Libations - Organic Logo\" width=\"800\" height=\"89\" srcset=\"https:\/\/dutchhealthstore.com\/wp-content\/uploads\/2018\/02\/Living-Libations-Organic-Logo-800x89.png 800w, https:\/\/dutchhealthstore.com\/wp-content\/uploads\/2018\/02\/Living-Libations-Organic-Logo-510x57.png 510w, https:\/\/dutchhealthstore.com\/wp-content\/uploads\/2018\/02\/Living-Libations-Organic-Logo-768x85.png 768w, https:\/\/dutchhealthstore.com\/wp-content\/uploads\/2018\/02\/Living-Libations-Organic-Logo.png 1400w\" sizes=\"(max-width: 800px) 100vw, 800px\" \/><\/p>\n","protected":false},"excerpt":{"rendered":"<p><strong>White Cypress Leaf Essential Oil<\/strong> merveilleuse est un h\u00e9raut parfum\u00e9 de l&rsquo;aube \u00e0 venir.<br \/>\nIl invite le corps et l&rsquo;\u00e2me \u00e0 s&rsquo;\u00e9veiller au monde ext\u00e9rieur, \u00e0 se synchroniser avec le rythme cardiaque de la terre et \u00e0 marcher au rythme de la musique \u00e9nergisante de la nature.<\/p>\n","protected":false},"featured_media":337436,"comment_status":"open","ping_status":"closed","template":"","meta":[],"product_brand":[],"product_cat":[6734,1507,1211,1209,3757,6733],"product_tag":[4495],"class_list":{"0":"post-117941","1":"product","2":"type-product","3":"status-publish","4":"has-post-thumbnail","6":"product_cat-essential-oils","7":"product_cat-plantes-huiles-essentielles-living-libations","8":"product_cat-living-libations-france","9":"product_cat-par-marques","10":"product_cat-plantes-huiles-essentielles","11":"product_cat-wellness-fr-2","12":"product_tag-essential-oil-fr","13":"pa_brand-livinglibations-fr","14":"pa_essential-oils-product-type-essential-oils-fr","15":"pa_size-15-ml-fr","16":"pa_size-5-ml-fr","18":"first","19":"instock","20":"taxable","21":"shipping-taxable","22":"purchasable","23":"product-type-variable"},"bundled_by":[],"bundle_stock_status":"instock","bundle_stock_quantity":null,"bundle_virtual":false,"bundle_layout":"","bundle_add_to_cart_form_location":"","bundle_editable_in_cart":false,"bundle_sold_individually_context":"","bundle_item_grouping":"","bundle_min_size":"","bundle_max_size":"","bundle_price":[],"bundled_items":[],"bundle_sell_ids":[],"atum_controlled":true,"out_stock_date":null,"out_stock_threshold":null,"inheritable":true,"stock_on_hold":0,"sold_today":0,"sales_last_days":0,"out_stock_days":0,"lost_sales":0,"update_date":"2026-04-17T00:06:00","atum_locations":[],"atum_stock_status":"instock","restock_status":false,"low_stock_amount":"","sales_update_date":"2026-04-17T00:06:00","calc_backorders":null,"group_of_quantity":0,"min_quantity":0,"max_quantity":"","exclude_order_quantity_value_rules":"no","exclude_category_quantity_rules":"no","combine_variations":"no","yoast_head":"<!-- This site is optimized with the Yoast SEO Premium plugin v26.5 (Yoast SEO v26.5) - https:\/\/yoast.com\/wordpress\/plugins\/seo\/ -->\n<title>Cypress Leaf, White Essential Oil | Living Libations<\/title>\n<meta name=\"description\" content=\"Il invite le corps et l&#039;\u00e2me \u00e0 s&#039;\u00e9veiller au monde ext\u00e9rieur, \u00e0 se synchroniser avec le rythme cardiaque de la terre et \u00e0 marcher au rythme de la musique \u00e9nergisante de la nature.\" \/>\n<meta name=\"robots\" content=\"index, follow, max-snippet:-1, max-image-preview:large, max-video-preview:-1\" \/>\n<link rel=\"canonical\" href=\"https:\/\/dutchhealthstore.com\/fr\/product\/cypress-leaf-white-essential-oil\/\" \/>\n<meta property=\"og:locale\" content=\"fr_FR\" \/>\n<meta property=\"og:type\" content=\"article\" \/>\n<meta property=\"og:title\" content=\"Cypress Leaf, White Essential Oil - Dutch Health Store\" \/>\n<meta property=\"og:description\" content=\"Il invite le corps et l&#039;\u00e2me \u00e0 s&#039;\u00e9veiller au monde ext\u00e9rieur, \u00e0 se synchroniser avec le rythme cardiaque de la terre et \u00e0 marcher au rythme de la musique \u00e9nergisante de la nature.\" \/>\n<meta property=\"og:url\" content=\"https:\/\/dutchhealthstore.com\/fr\/product\/cypress-leaf-white-essential-oil\/\" \/>\n<meta property=\"og:site_name\" content=\"Dutch Health Store\" \/>\n<meta property=\"article:publisher\" content=\"https:\/\/www.instagram.com\/dutchhealthstore\/\" \/>\n<meta property=\"article:modified_time\" content=\"2024-10-21T08:26:45+00:00\" \/>\n<meta property=\"og:image\" content=\"https:\/\/dutchhealthstore.com\/wp-content\/uploads\/2020\/06\/Cypress-leaf-White-Essential-Oil-Living-Libations-.jpg\" \/>\n\t<meta property=\"og:image:width\" content=\"500\" \/>\n\t<meta property=\"og:image:height\" content=\"500\" \/>\n\t<meta property=\"og:image:type\" content=\"image\/jpeg\" \/>\n<meta name=\"twitter:card\" content=\"summary_large_image\" \/>\n<meta name=\"twitter:label1\" content=\"Disponibilit\u00e9\" \/>\n\t<meta name=\"twitter:data1\" content=\"En stock\" \/>\n<script type=\"application\/ld+json\" class=\"yoast-schema-graph\">{\"@context\":\"https:\/\/schema.org\",\"@graph\":[{\"@type\":\"WebPage\",\"@id\":\"https:\/\/dutchhealthstore.com\/fr\/product\/cypress-leaf-white-essential-oil\/\",\"url\":\"https:\/\/dutchhealthstore.com\/fr\/product\/cypress-leaf-white-essential-oil\/\",\"name\":\"Cypress Leaf, White Essential Oil | Living Libations\",\"isPartOf\":{\"@id\":\"https:\/\/dutchhealthstore.com\/fr\/#website\"},\"primaryImageOfPage\":{\"@id\":\"https:\/\/dutchhealthstore.com\/fr\/product\/cypress-leaf-white-essential-oil\/#primaryimage\"},\"image\":{\"@id\":\"https:\/\/dutchhealthstore.com\/fr\/product\/cypress-leaf-white-essential-oil\/#primaryimage\"},\"thumbnailUrl\":\"https:\/\/dutchhealthstore.com\/wp-content\/uploads\/2020\/06\/2025-04-15-13_38_21-White-Cypress-Leaf-Essential-Oil-\u2013-Living-Libations-INT.jpg\",\"datePublished\":\"2020-06-25T08:28:15+00:00\",\"dateModified\":\"2024-10-21T08:26:45+00:00\",\"description\":\"Il invite le corps et l'\u00e2me \u00e0 s'\u00e9veiller au monde ext\u00e9rieur, \u00e0 se synchroniser avec le rythme cardiaque de la terre et \u00e0 marcher au rythme de la musique \u00e9nergisante de la nature.\",\"breadcrumb\":{\"@id\":\"https:\/\/dutchhealthstore.com\/fr\/product\/cypress-leaf-white-essential-oil\/#breadcrumb\"},\"inLanguage\":\"fr-FR\",\"potentialAction\":[{\"@type\":\"ReadAction\",\"target\":[\"https:\/\/dutchhealthstore.com\/fr\/product\/cypress-leaf-white-essential-oil\/\"]}]},{\"@type\":\"ImageObject\",\"inLanguage\":\"fr-FR\",\"@id\":\"https:\/\/dutchhealthstore.com\/fr\/product\/cypress-leaf-white-essential-oil\/#primaryimage\",\"url\":\"https:\/\/dutchhealthstore.com\/wp-content\/uploads\/2020\/06\/2025-04-15-13_38_21-White-Cypress-Leaf-Essential-Oil-\u2013-Living-Libations-INT.jpg\",\"contentUrl\":\"https:\/\/dutchhealthstore.com\/wp-content\/uploads\/2020\/06\/2025-04-15-13_38_21-White-Cypress-Leaf-Essential-Oil-\u2013-Living-Libations-INT.jpg\",\"width\":530,\"height\":530},{\"@type\":\"BreadcrumbList\",\"@id\":\"https:\/\/dutchhealthstore.com\/fr\/product\/cypress-leaf-white-essential-oil\/#breadcrumb\",\"itemListElement\":[{\"@type\":\"ListItem\",\"position\":1,\"name\":\"Home\",\"item\":\"https:\/\/dutchhealthstore.com\/fr\/\"},{\"@type\":\"ListItem\",\"position\":2,\"name\":\"Shop\",\"item\":\"https:\/\/dutchhealthstore.com\/fr\/shop\/\"},{\"@type\":\"ListItem\",\"position\":3,\"name\":\"Cypress Leaf, White Essential Oil\"}]},{\"@type\":\"WebSite\",\"@id\":\"https:\/\/dutchhealthstore.com\/fr\/#website\",\"url\":\"https:\/\/dutchhealthstore.com\/fr\/\",\"name\":\"Dutch Health Store\",\"description\":\"Enhance Your Beauty with Organic &amp; Natural Skincare\",\"publisher\":{\"@id\":\"https:\/\/dutchhealthstore.com\/fr\/#organization\"},\"potentialAction\":[{\"@type\":\"SearchAction\",\"target\":{\"@type\":\"EntryPoint\",\"urlTemplate\":\"https:\/\/dutchhealthstore.com\/fr\/?s={search_term_string}\"},\"query-input\":{\"@type\":\"PropertyValueSpecification\",\"valueRequired\":true,\"valueName\":\"search_term_string\"}}],\"inLanguage\":\"fr-FR\"},{\"@type\":\"Organization\",\"@id\":\"https:\/\/dutchhealthstore.com\/fr\/#organization\",\"name\":\"Dutch Health Store\",\"url\":\"https:\/\/dutchhealthstore.com\/fr\/\",\"logo\":{\"@type\":\"ImageObject\",\"inLanguage\":\"fr-FR\",\"@id\":\"https:\/\/dutchhealthstore.com\/fr\/#\/schema\/logo\/image\/\",\"url\":\"https:\/\/dutchhealthstore.com\/wp-content\/uploads\/2020\/08\/logo-dutchhealthstore-jpg-e1599484957574.jpg\",\"contentUrl\":\"https:\/\/dutchhealthstore.com\/wp-content\/uploads\/2020\/08\/logo-dutchhealthstore-jpg-e1599484957574.jpg\",\"width\":400,\"height\":62,\"caption\":\"Dutch Health Store\"},\"image\":{\"@id\":\"https:\/\/dutchhealthstore.com\/fr\/#\/schema\/logo\/image\/\"},\"sameAs\":[\"https:\/\/www.instagram.com\/dutchhealthstore\/\",\"https:\/\/www.facebook.com\/dutchhealthstore\"]}]}<\/script>\n<meta property=\"product:brand\" content=\"Living Libations\" \/>\n<meta property=\"og:availability\" content=\"instock\" \/>\n<meta property=\"product:availability\" content=\"instock\" \/>\n<meta property=\"product:condition\" content=\"new\" \/>\n<!-- \/ Yoast SEO Premium plugin. -->","yoast_head_json":{"title":"Cypress Leaf, White Essential Oil | Living Libations","description":"Il invite le corps et l'\u00e2me \u00e0 s'\u00e9veiller au monde ext\u00e9rieur, \u00e0 se synchroniser avec le rythme cardiaque de la terre et \u00e0 marcher au rythme de la musique \u00e9nergisante de la nature.","robots":{"index":"index","follow":"follow","max-snippet":"max-snippet:-1","max-image-preview":"max-image-preview:large","max-video-preview":"max-video-preview:-1"},"canonical":"https:\/\/dutchhealthstore.com\/fr\/product\/cypress-leaf-white-essential-oil\/","og_locale":"fr_FR","og_type":"article","og_title":"Cypress Leaf, White Essential Oil - Dutch Health Store","og_description":"Il invite le corps et l'\u00e2me \u00e0 s'\u00e9veiller au monde ext\u00e9rieur, \u00e0 se synchroniser avec le rythme cardiaque de la terre et \u00e0 marcher au rythme de la musique \u00e9nergisante de la nature.","og_url":"https:\/\/dutchhealthstore.com\/fr\/product\/cypress-leaf-white-essential-oil\/","og_site_name":"Dutch Health Store","article_publisher":"https:\/\/www.instagram.com\/dutchhealthstore\/","article_modified_time":"2024-10-21T08:26:45+00:00","og_image":[{"width":500,"height":500,"url":"https:\/\/dutchhealthstore.com\/wp-content\/uploads\/2020\/06\/Cypress-leaf-White-Essential-Oil-Living-Libations-.jpg","type":"image\/jpeg"}],"twitter_card":"summary_large_image","twitter_misc":{"Disponibilit\u00e9":"En stock"},"schema":{"@context":"https:\/\/schema.org","@graph":[{"@type":"WebPage","@id":"https:\/\/dutchhealthstore.com\/fr\/product\/cypress-leaf-white-essential-oil\/","url":"https:\/\/dutchhealthstore.com\/fr\/product\/cypress-leaf-white-essential-oil\/","name":"Cypress Leaf, White Essential Oil | Living Libations","isPartOf":{"@id":"https:\/\/dutchhealthstore.com\/fr\/#website"},"primaryImageOfPage":{"@id":"https:\/\/dutchhealthstore.com\/fr\/product\/cypress-leaf-white-essential-oil\/#primaryimage"},"image":{"@id":"https:\/\/dutchhealthstore.com\/fr\/product\/cypress-leaf-white-essential-oil\/#primaryimage"},"thumbnailUrl":"https:\/\/dutchhealthstore.com\/wp-content\/uploads\/2020\/06\/2025-04-15-13_38_21-White-Cypress-Leaf-Essential-Oil-\u2013-Living-Libations-INT.jpg","datePublished":"2020-06-25T08:28:15+00:00","dateModified":"2024-10-21T08:26:45+00:00","description":"Il invite le corps et l'\u00e2me \u00e0 s'\u00e9veiller au monde ext\u00e9rieur, \u00e0 se synchroniser avec le rythme cardiaque de la terre et \u00e0 marcher au rythme de la musique \u00e9nergisante de la nature.","breadcrumb":{"@id":"https:\/\/dutchhealthstore.com\/fr\/product\/cypress-leaf-white-essential-oil\/#breadcrumb"},"inLanguage":"fr-FR","potentialAction":[{"@type":"ReadAction","target":["https:\/\/dutchhealthstore.com\/fr\/product\/cypress-leaf-white-essential-oil\/"]}]},{"@type":"ImageObject","inLanguage":"fr-FR","@id":"https:\/\/dutchhealthstore.com\/fr\/product\/cypress-leaf-white-essential-oil\/#primaryimage","url":"https:\/\/dutchhealthstore.com\/wp-content\/uploads\/2020\/06\/2025-04-15-13_38_21-White-Cypress-Leaf-Essential-Oil-\u2013-Living-Libations-INT.jpg","contentUrl":"https:\/\/dutchhealthstore.com\/wp-content\/uploads\/2020\/06\/2025-04-15-13_38_21-White-Cypress-Leaf-Essential-Oil-\u2013-Living-Libations-INT.jpg","width":530,"height":530},{"@type":"BreadcrumbList","@id":"https:\/\/dutchhealthstore.com\/fr\/product\/cypress-leaf-white-essential-oil\/#breadcrumb","itemListElement":[{"@type":"ListItem","position":1,"name":"Home","item":"https:\/\/dutchhealthstore.com\/fr\/"},{"@type":"ListItem","position":2,"name":"Shop","item":"https:\/\/dutchhealthstore.com\/fr\/shop\/"},{"@type":"ListItem","position":3,"name":"Cypress Leaf, White Essential Oil"}]},{"@type":"WebSite","@id":"https:\/\/dutchhealthstore.com\/fr\/#website","url":"https:\/\/dutchhealthstore.com\/fr\/","name":"Dutch Health Store","description":"Enhance Your Beauty with Organic &amp; Natural Skincare","publisher":{"@id":"https:\/\/dutchhealthstore.com\/fr\/#organization"},"potentialAction":[{"@type":"SearchAction","target":{"@type":"EntryPoint","urlTemplate":"https:\/\/dutchhealthstore.com\/fr\/?s={search_term_string}"},"query-input":{"@type":"PropertyValueSpecification","valueRequired":true,"valueName":"search_term_string"}}],"inLanguage":"fr-FR"},{"@type":"Organization","@id":"https:\/\/dutchhealthstore.com\/fr\/#organization","name":"Dutch Health Store","url":"https:\/\/dutchhealthstore.com\/fr\/","logo":{"@type":"ImageObject","inLanguage":"fr-FR","@id":"https:\/\/dutchhealthstore.com\/fr\/#\/schema\/logo\/image\/","url":"https:\/\/dutchhealthstore.com\/wp-content\/uploads\/2020\/08\/logo-dutchhealthstore-jpg-e1599484957574.jpg","contentUrl":"https:\/\/dutchhealthstore.com\/wp-content\/uploads\/2020\/08\/logo-dutchhealthstore-jpg-e1599484957574.jpg","width":400,"height":62,"caption":"Dutch Health Store"},"image":{"@id":"https:\/\/dutchhealthstore.com\/fr\/#\/schema\/logo\/image\/"},"sameAs":["https:\/\/www.instagram.com\/dutchhealthstore\/","https:\/\/www.facebook.com\/dutchhealthstore"]}]},"product_brand":"Living Libations","og_availability":"instock","product_availability":"instock","product_condition":"new"},"_links":{"self":[{"href":"https:\/\/dutchhealthstore.com\/fr\/wp-json\/wp\/v2\/product\/117941","targetHints":{"allow":["GET"]}}],"collection":[{"href":"https:\/\/dutchhealthstore.com\/fr\/wp-json\/wp\/v2\/product"}],"about":[{"href":"https:\/\/dutchhealthstore.com\/fr\/wp-json\/wp\/v2\/types\/product"}],"replies":[{"embeddable":true,"href":"https:\/\/dutchhealthstore.com\/fr\/wp-json\/wp\/v2\/comments?post=117941"}],"wp:featuredmedia":[{"embeddable":true,"href":"https:\/\/dutchhealthstore.com\/fr\/wp-json\/wp\/v2\/media\/337436"}],"wp:attachment":[{"href":"https:\/\/dutchhealthstore.com\/fr\/wp-json\/wp\/v2\/media?parent=117941"}],"wp:term":[{"taxonomy":"product_brand","embeddable":true,"href":"https:\/\/dutchhealthstore.com\/fr\/wp-json\/wp\/v2\/product_brand?post=117941"},{"taxonomy":"product_cat","embeddable":true,"href":"https:\/\/dutchhealthstore.com\/fr\/wp-json\/wp\/v2\/product_cat?post=117941"},{"taxonomy":"product_tag","embeddable":true,"href":"https:\/\/dutchhealthstore.com\/fr\/wp-json\/wp\/v2\/product_tag?post=117941"}],"curies":[{"name":"wp","href":"https:\/\/api.w.org\/{rel}","templated":true}]}}