{"id":117884,"date":"2020-06-25T11:22:56","date_gmt":"2020-06-25T09:22:56","guid":{"rendered":"https:\/\/dutchhealthstore.com\/product\/cypress-essential-oil\/"},"modified":"2025-08-12T09:59:47","modified_gmt":"2025-08-12T07:59:47","slug":"cypress-essential-oil","status":"publish","type":"product","link":"https:\/\/dutchhealthstore.com\/fr\/product\/cypress-essential-oil\/","title":{"rendered":"Cypress Essential Oil"},"content":{"rendered":"<p><img decoding=\"async\" class=\"size-full wp-image-69549 alignright\" src=\"https:\/\/dutchhealthstore.com\/wp-content\/uploads\/2019\/08\/NEW-Living-Libations-Logo.jpg\" alt=\"NEW - Living Libations - Logo\" width=\"175\" height=\"82\"><strong>Nom botanique:<\/strong> Cypressus sempervirens<br \/>\n<strong>Famille botanique:<\/strong> Cupressaceae<br \/>\n<strong>M\u00e9thode d&rsquo;extraction:<\/strong> Distillation \u00e0 la vapeur<br \/>\n<strong>Partie de la plante distill\u00e9e:<\/strong> Aiguilles<br \/>\n<strong>Pays d&rsquo;origine:<\/strong> France<br \/>\n<strong>M\u00e9thode de culture:<\/strong> Organique<br \/>\n<strong>Composition:<\/strong> 100% Cypressus sempervirens<br \/>\n<strong>Coh\u00e9rence:<\/strong> Mince<\/p>\n<h3>Description de l&rsquo;odeur<\/h3>\n<p>Un feuillage persistant, net et croquant, avec l&rsquo;essence piquante des champs forestiers vallonn\u00e9s.<\/p>\n<h3>Dans Living Libations<\/h3>\n<p>DewDab, Verve Tonic, et CelluLight Formula.<\/p>\n<h3>Se marie bien avec<\/h3>\n<p>Citron, Niaouli, Immortelle, Mastic, Gen\u00e9vrier, Pamplemousse, Romarin, Camomille du Cap, Rose Otto, Lavande et Sauge sclar\u00e9e.<\/p>\n<h3>Utilisations<\/h3>\n<p>S\u00e9chant, r\u00e9sineux, chaud et tonifiant. Renforcement. Restaure le calme. En parfumerie, il est plac\u00e9 dans les accords ambr\u00e9s. Combat les sentiments de fatigue. D\u00e9odorant. Embellit les pi\u00e8ces avec la force du parfum dans un diffuseur. Inspirez dans le tuyau de sel pour \u00e9largir la poitrine. C&rsquo;est dans l&rsquo;huile de massage que l&rsquo;on se sent le mieux. Un tonique extraordinaire pour la peau. Parfait pour utiliser une goutte sur les techniques de brossage \u00e0 sec du corps.<\/p>\n<p><strong>Taille: 5 ml et 15 ml<\/strong><\/p>\n<h3>Constituants<\/h3>\n<p>Nonoterp\u00e8ne a-pin\u00e8ne (%46), sesquiterp\u00e8nes a-cedr\u00e8ne, cedrol, et diterp\u00e8nes.<\/p>\n<a href=\"https:\/\/dutchhealthstore.com\/wp-content\/uploads\/2020\/06\/ANALYSIS-Cypress-Essential-Oil-Living-Libations.pdf\" class=\"button primary is-primary is-small\"  >\n\t\t<span>ANALYSE DES HUILES ESSENTIELLES &gt;<\/span>\n\t<\/a>\n\n<p>Notre Cypress Essential Oil, fra\u00eeche et fortifiante, \u00e9voque des images toujours vertes de lignes d&rsquo;arbres intemporelles associ\u00e9es \u00e0 des ciels bleus sereins. Inspirez profond\u00e9ment et exploitez le pouvoir puissant du cypr\u00e8s majestueux, qui oint les corps dans le monde entier depuis des mill\u00e9naires.<\/p>\n<p>Les anciens \u00c9gyptiens utilisaient l&rsquo;extrait huileux dans la pr\u00e9paration de cosm\u00e9tiques, tandis que les Tib\u00e9tains ajoutaient le cypr\u00e8s \u00e0 leur encens pour purifier leur environnement interne et externe. Aujourd&rsquo;hui, le cypr\u00e8s est plant\u00e9 dans les cimeti\u00e8res et les tombes afin d&rsquo;apporter la paix \u00e0 tous. Utilisez l&rsquo;\u00e9treinte r\u00e9confortante de Cypress Essential Oil pour soulager les chagrins d&rsquo;amour, surmonter les difficult\u00e9s et naviguer \u00e0 travers les mar\u00e9es tumultueuses du chagrin. Sur la peau, elle peut \u00eatre tonifiante et ass\u00e9chante, on dit qu&rsquo;elle \u00e9quilibre les exc\u00e8s et avec les \u00e9motions, elle peut \u00ab\u00a0s\u00e9cher\u00a0\u00bb les exc\u00e8s de larmes.<\/p>\n<p>Cette essence vivifiante purifie les pores, \u00e9quilibre l&rsquo;exc\u00e8s de s\u00e9bum de la peau, remonte le moral et augmente la patience. Cypress Essential Oil est un merveilleux d\u00e9odorant, et est couramment utilis\u00e9e dans les eaux de Cologne, les lotions et les shampooings. Ressentez, regardez et sentez comme la force et l&rsquo;esprit des cypr\u00e8s souverains!<\/p>\n<h3>Ingr\u00e9dients Biologiques<\/h3>\n<p>100% huile essentielle de cypr\u00e8s (Cypressus sempervirens).<\/p>\n<p style=\"text-align: center;\"><em>\u00ab\u00a0Il a parl\u00e9 du Magnolia, \u00e9tal\u00e9, haut comme un nuage, tr\u00e8s haut dans le ciel! Le Cypr\u00e8s et sa fl\u00e8che; des fleurs qui, d&rsquo;une lueur \u00e9carlate, couvrent cent lieues, et semblent embraser les collines.\u00a0\u00bb<\/em><br \/>\n~ William Wordsworth<\/p>\n<p style=\"text-align: center;\"><em>\u00ab\u00a0Le mythe grec de Kyparissos explique ses origines mythiques et ses associations culturelles&#8230; le cypr\u00e8s est devenu inextricablement associ\u00e9 au chagrin, au deuil et aux Enfers, mais aussi aux transitions et aux transformations. Le nom de l&rsquo;esp\u00e8ce sympervirens, se traduit par &lsquo;toujours vivant&rsquo;.\u00a0\u00bb<\/em><br \/>\n~ Jennifer Peace Rhind, <strong>Fragrance and Wellbeing<\/strong><\/p>\n<p style=\"text-align: center;\"><em>\u00ab\u00a0Le cypr\u00e8s a des fr\u00e9quences qui sont en transition entre le physique et le spirituel&#8230;\u00a0\u00bb<\/em><br \/>\n~ Valerie Ann Worwood, <strong>Aromatherapy for the Soul<\/strong><\/p>\n<p><img fetchpriority=\"high\" decoding=\"async\" class=\"size-medium wp-image-68103 aligncenter\" src=\"https:\/\/dutchhealthstore.com\/wp-content\/uploads\/2018\/02\/Living-Libations-Organic-Logo-800x89.png\" alt=\"Living Libations - Organic Logo\" width=\"800\" height=\"89\" srcset=\"https:\/\/dutchhealthstore.com\/wp-content\/uploads\/2018\/02\/Living-Libations-Organic-Logo-800x89.png 800w, https:\/\/dutchhealthstore.com\/wp-content\/uploads\/2018\/02\/Living-Libations-Organic-Logo-510x57.png 510w, https:\/\/dutchhealthstore.com\/wp-content\/uploads\/2018\/02\/Living-Libations-Organic-Logo-768x85.png 768w, https:\/\/dutchhealthstore.com\/wp-content\/uploads\/2018\/02\/Living-Libations-Organic-Logo.png 1400w\" sizes=\"(max-width: 800px) 100vw, 800px\" \/><\/p>\n","protected":false},"excerpt":{"rendered":"<p><strong>Cypress Essential Oil<\/strong> Stoic est distill\u00e9e \u00e0 partir des aiguilles puissantes de l&rsquo;arbre majestueux \u00e0 feuilles persistantes, qui pointe vers les cieux en veillant sur des si\u00e8cles d&rsquo;existence.<br \/>\nL&rsquo;essence de cypr\u00e8s est aussi fortifiante que rafra\u00eechissante et est utilis\u00e9e depuis des milliers d&rsquo;ann\u00e9es pour apporter du r\u00e9confort dans les moments de tristesse.<br \/>\nFaites appel \u00e0 l&rsquo;aide du puissant cypr\u00e8s pour dissiper le blues, vous chanter une berceuse, ralentir la cadence d&rsquo;un seul souffle et c\u00e9l\u00e9brer le d\u00e9c\u00e8s d&rsquo;un \u00eatre cher avec une gr\u00e2ce fougueuse.<\/p>\n","protected":false},"featured_media":148389,"comment_status":"open","ping_status":"closed","template":"","meta":[],"product_brand":[],"product_cat":[1507,6734,1211,1209,3757,6733],"product_tag":[4495],"class_list":{"0":"post-117884","1":"product","2":"type-product","3":"status-publish","4":"has-post-thumbnail","6":"product_cat-plantes-huiles-essentielles-living-libations","7":"product_cat-essential-oils","8":"product_cat-living-libations-france","9":"product_cat-par-marques","10":"product_cat-plantes-huiles-essentielles","11":"product_cat-wellness-fr-2","12":"product_tag-essential-oil-fr","13":"pa_brand-livinglibations-fr","14":"pa_essential-oils-product-type-essential-oils-fr","15":"pa_size-15-ml-fr","16":"pa_size-5-ml-fr","18":"first","19":"instock","20":"taxable","21":"shipping-taxable","22":"purchasable","23":"product-type-variable"},"bundled_by":[],"bundle_stock_status":"instock","bundle_stock_quantity":null,"bundle_virtual":false,"bundle_layout":"","bundle_add_to_cart_form_location":"","bundle_editable_in_cart":false,"bundle_sold_individually_context":"","bundle_item_grouping":"","bundle_min_size":"","bundle_max_size":"","bundle_price":[],"bundled_items":[],"bundle_sell_ids":[],"atum_controlled":true,"out_stock_date":null,"out_stock_threshold":null,"inheritable":true,"stock_on_hold":0,"sold_today":0,"sales_last_days":0,"out_stock_days":0,"lost_sales":0,"update_date":"2026-04-14T00:04:39","atum_locations":[],"atum_stock_status":"instock","restock_status":false,"low_stock_amount":"","sales_update_date":"2026-04-14T00:04:39","calc_backorders":null,"group_of_quantity":0,"min_quantity":0,"max_quantity":"","exclude_order_quantity_value_rules":"no","exclude_category_quantity_rules":"no","combine_variations":"no","yoast_head":"<!-- This site is optimized with the Yoast SEO Premium plugin v26.5 (Yoast SEO v26.5) - https:\/\/yoast.com\/wordpress\/plugins\/seo\/ -->\n<title>Cypress Essential Oil | Living Libations<\/title>\n<meta name=\"description\" content=\"L&#039;essence de cypr\u00e8s est aussi fortifiante que rafra\u00eechissante et est utilis\u00e9e depuis des milliers d&#039;ann\u00e9es pour apporter du r\u00e9confort dans les moments de tristesse.\" \/>\n<meta name=\"robots\" content=\"index, follow, max-snippet:-1, max-image-preview:large, max-video-preview:-1\" \/>\n<link rel=\"canonical\" href=\"https:\/\/dutchhealthstore.com\/fr\/product\/cypress-essential-oil\/\" \/>\n<meta property=\"og:locale\" content=\"fr_FR\" \/>\n<meta property=\"og:type\" content=\"article\" \/>\n<meta property=\"og:title\" content=\"Cypress Essential Oil - Dutch Health Store\" \/>\n<meta property=\"og:description\" content=\"L&#039;essence de cypr\u00e8s est aussi fortifiante que rafra\u00eechissante et est utilis\u00e9e depuis des milliers d&#039;ann\u00e9es pour apporter du r\u00e9confort dans les moments de tristesse.\" \/>\n<meta property=\"og:url\" content=\"https:\/\/dutchhealthstore.com\/fr\/product\/cypress-essential-oil\/\" \/>\n<meta property=\"og:site_name\" content=\"Dutch Health Store\" \/>\n<meta property=\"article:publisher\" content=\"https:\/\/www.instagram.com\/dutchhealthstore\/\" \/>\n<meta property=\"article:modified_time\" content=\"2025-08-12T07:59:47+00:00\" \/>\n<meta property=\"og:image\" content=\"https:\/\/dutchhealthstore.com\/wp-content\/uploads\/2020\/06\/cypress_8fadf751-ec0e-4bbc-9390-55a5eea83728_1024x1024@2x.png\" \/>\n\t<meta property=\"og:image:width\" content=\"1200\" \/>\n\t<meta property=\"og:image:height\" content=\"1200\" \/>\n\t<meta property=\"og:image:type\" content=\"image\/jpeg\" \/>\n<meta name=\"twitter:card\" content=\"summary_large_image\" \/>\n<meta name=\"twitter:label1\" content=\"Disponibilit\u00e9\" \/>\n\t<meta name=\"twitter:data1\" content=\"En stock\" \/>\n<script type=\"application\/ld+json\" class=\"yoast-schema-graph\">{\"@context\":\"https:\/\/schema.org\",\"@graph\":[{\"@type\":\"WebPage\",\"@id\":\"https:\/\/dutchhealthstore.com\/fr\/product\/cypress-essential-oil\/\",\"url\":\"https:\/\/dutchhealthstore.com\/fr\/product\/cypress-essential-oil\/\",\"name\":\"Cypress Essential Oil | Living Libations\",\"isPartOf\":{\"@id\":\"https:\/\/dutchhealthstore.com\/fr\/#website\"},\"primaryImageOfPage\":{\"@id\":\"https:\/\/dutchhealthstore.com\/fr\/product\/cypress-essential-oil\/#primaryimage\"},\"image\":{\"@id\":\"https:\/\/dutchhealthstore.com\/fr\/product\/cypress-essential-oil\/#primaryimage\"},\"thumbnailUrl\":\"https:\/\/dutchhealthstore.com\/wp-content\/uploads\/2020\/06\/cypress_8fadf751-ec0e-4bbc-9390-55a5eea83728_1024x1024@2x.png\",\"datePublished\":\"2020-06-25T09:22:56+00:00\",\"dateModified\":\"2025-08-12T07:59:47+00:00\",\"description\":\"L'essence de cypr\u00e8s est aussi fortifiante que rafra\u00eechissante et est utilis\u00e9e depuis des milliers d'ann\u00e9es pour apporter du r\u00e9confort dans les moments de tristesse.\",\"breadcrumb\":{\"@id\":\"https:\/\/dutchhealthstore.com\/fr\/product\/cypress-essential-oil\/#breadcrumb\"},\"inLanguage\":\"fr-FR\",\"potentialAction\":[{\"@type\":\"ReadAction\",\"target\":[\"https:\/\/dutchhealthstore.com\/fr\/product\/cypress-essential-oil\/\"]}]},{\"@type\":\"ImageObject\",\"inLanguage\":\"fr-FR\",\"@id\":\"https:\/\/dutchhealthstore.com\/fr\/product\/cypress-essential-oil\/#primaryimage\",\"url\":\"https:\/\/dutchhealthstore.com\/wp-content\/uploads\/2020\/06\/cypress_8fadf751-ec0e-4bbc-9390-55a5eea83728_1024x1024@2x.png\",\"contentUrl\":\"https:\/\/dutchhealthstore.com\/wp-content\/uploads\/2020\/06\/cypress_8fadf751-ec0e-4bbc-9390-55a5eea83728_1024x1024@2x.png\",\"width\":1200,\"height\":1200},{\"@type\":\"BreadcrumbList\",\"@id\":\"https:\/\/dutchhealthstore.com\/fr\/product\/cypress-essential-oil\/#breadcrumb\",\"itemListElement\":[{\"@type\":\"ListItem\",\"position\":1,\"name\":\"Home\",\"item\":\"https:\/\/dutchhealthstore.com\/fr\/\"},{\"@type\":\"ListItem\",\"position\":2,\"name\":\"Shop\",\"item\":\"https:\/\/dutchhealthstore.com\/fr\/shop\/\"},{\"@type\":\"ListItem\",\"position\":3,\"name\":\"Cypress Essential Oil\"}]},{\"@type\":\"WebSite\",\"@id\":\"https:\/\/dutchhealthstore.com\/fr\/#website\",\"url\":\"https:\/\/dutchhealthstore.com\/fr\/\",\"name\":\"Dutch Health Store\",\"description\":\"Enhance Your Beauty with Organic &amp; Natural Skincare\",\"publisher\":{\"@id\":\"https:\/\/dutchhealthstore.com\/fr\/#organization\"},\"potentialAction\":[{\"@type\":\"SearchAction\",\"target\":{\"@type\":\"EntryPoint\",\"urlTemplate\":\"https:\/\/dutchhealthstore.com\/fr\/?s={search_term_string}\"},\"query-input\":{\"@type\":\"PropertyValueSpecification\",\"valueRequired\":true,\"valueName\":\"search_term_string\"}}],\"inLanguage\":\"fr-FR\"},{\"@type\":\"Organization\",\"@id\":\"https:\/\/dutchhealthstore.com\/fr\/#organization\",\"name\":\"Dutch Health Store\",\"url\":\"https:\/\/dutchhealthstore.com\/fr\/\",\"logo\":{\"@type\":\"ImageObject\",\"inLanguage\":\"fr-FR\",\"@id\":\"https:\/\/dutchhealthstore.com\/fr\/#\/schema\/logo\/image\/\",\"url\":\"https:\/\/dutchhealthstore.com\/wp-content\/uploads\/2020\/08\/logo-dutchhealthstore-jpg-e1599484957574.jpg\",\"contentUrl\":\"https:\/\/dutchhealthstore.com\/wp-content\/uploads\/2020\/08\/logo-dutchhealthstore-jpg-e1599484957574.jpg\",\"width\":400,\"height\":62,\"caption\":\"Dutch Health Store\"},\"image\":{\"@id\":\"https:\/\/dutchhealthstore.com\/fr\/#\/schema\/logo\/image\/\"},\"sameAs\":[\"https:\/\/www.instagram.com\/dutchhealthstore\/\",\"https:\/\/www.facebook.com\/dutchhealthstore\"]}]}<\/script>\n<meta property=\"product:brand\" content=\"Living Libations\" \/>\n<meta property=\"og:availability\" content=\"instock\" \/>\n<meta property=\"product:availability\" content=\"instock\" \/>\n<meta property=\"product:condition\" content=\"new\" \/>\n<!-- \/ Yoast SEO Premium plugin. -->","yoast_head_json":{"title":"Cypress Essential Oil | Living Libations","description":"L'essence de cypr\u00e8s est aussi fortifiante que rafra\u00eechissante et est utilis\u00e9e depuis des milliers d'ann\u00e9es pour apporter du r\u00e9confort dans les moments de tristesse.","robots":{"index":"index","follow":"follow","max-snippet":"max-snippet:-1","max-image-preview":"max-image-preview:large","max-video-preview":"max-video-preview:-1"},"canonical":"https:\/\/dutchhealthstore.com\/fr\/product\/cypress-essential-oil\/","og_locale":"fr_FR","og_type":"article","og_title":"Cypress Essential Oil - Dutch Health Store","og_description":"L'essence de cypr\u00e8s est aussi fortifiante que rafra\u00eechissante et est utilis\u00e9e depuis des milliers d'ann\u00e9es pour apporter du r\u00e9confort dans les moments de tristesse.","og_url":"https:\/\/dutchhealthstore.com\/fr\/product\/cypress-essential-oil\/","og_site_name":"Dutch Health Store","article_publisher":"https:\/\/www.instagram.com\/dutchhealthstore\/","article_modified_time":"2025-08-12T07:59:47+00:00","og_image":[{"width":1200,"height":1200,"url":"https:\/\/dutchhealthstore.com\/wp-content\/uploads\/2020\/06\/cypress_8fadf751-ec0e-4bbc-9390-55a5eea83728_1024x1024@2x.png","type":"image\/jpeg"}],"twitter_card":"summary_large_image","twitter_misc":{"Disponibilit\u00e9":"En stock"},"schema":{"@context":"https:\/\/schema.org","@graph":[{"@type":"WebPage","@id":"https:\/\/dutchhealthstore.com\/fr\/product\/cypress-essential-oil\/","url":"https:\/\/dutchhealthstore.com\/fr\/product\/cypress-essential-oil\/","name":"Cypress Essential Oil | Living Libations","isPartOf":{"@id":"https:\/\/dutchhealthstore.com\/fr\/#website"},"primaryImageOfPage":{"@id":"https:\/\/dutchhealthstore.com\/fr\/product\/cypress-essential-oil\/#primaryimage"},"image":{"@id":"https:\/\/dutchhealthstore.com\/fr\/product\/cypress-essential-oil\/#primaryimage"},"thumbnailUrl":"https:\/\/dutchhealthstore.com\/wp-content\/uploads\/2020\/06\/cypress_8fadf751-ec0e-4bbc-9390-55a5eea83728_1024x1024@2x.png","datePublished":"2020-06-25T09:22:56+00:00","dateModified":"2025-08-12T07:59:47+00:00","description":"L'essence de cypr\u00e8s est aussi fortifiante que rafra\u00eechissante et est utilis\u00e9e depuis des milliers d'ann\u00e9es pour apporter du r\u00e9confort dans les moments de tristesse.","breadcrumb":{"@id":"https:\/\/dutchhealthstore.com\/fr\/product\/cypress-essential-oil\/#breadcrumb"},"inLanguage":"fr-FR","potentialAction":[{"@type":"ReadAction","target":["https:\/\/dutchhealthstore.com\/fr\/product\/cypress-essential-oil\/"]}]},{"@type":"ImageObject","inLanguage":"fr-FR","@id":"https:\/\/dutchhealthstore.com\/fr\/product\/cypress-essential-oil\/#primaryimage","url":"https:\/\/dutchhealthstore.com\/wp-content\/uploads\/2020\/06\/cypress_8fadf751-ec0e-4bbc-9390-55a5eea83728_1024x1024@2x.png","contentUrl":"https:\/\/dutchhealthstore.com\/wp-content\/uploads\/2020\/06\/cypress_8fadf751-ec0e-4bbc-9390-55a5eea83728_1024x1024@2x.png","width":1200,"height":1200},{"@type":"BreadcrumbList","@id":"https:\/\/dutchhealthstore.com\/fr\/product\/cypress-essential-oil\/#breadcrumb","itemListElement":[{"@type":"ListItem","position":1,"name":"Home","item":"https:\/\/dutchhealthstore.com\/fr\/"},{"@type":"ListItem","position":2,"name":"Shop","item":"https:\/\/dutchhealthstore.com\/fr\/shop\/"},{"@type":"ListItem","position":3,"name":"Cypress Essential Oil"}]},{"@type":"WebSite","@id":"https:\/\/dutchhealthstore.com\/fr\/#website","url":"https:\/\/dutchhealthstore.com\/fr\/","name":"Dutch Health Store","description":"Enhance Your Beauty with Organic &amp; Natural Skincare","publisher":{"@id":"https:\/\/dutchhealthstore.com\/fr\/#organization"},"potentialAction":[{"@type":"SearchAction","target":{"@type":"EntryPoint","urlTemplate":"https:\/\/dutchhealthstore.com\/fr\/?s={search_term_string}"},"query-input":{"@type":"PropertyValueSpecification","valueRequired":true,"valueName":"search_term_string"}}],"inLanguage":"fr-FR"},{"@type":"Organization","@id":"https:\/\/dutchhealthstore.com\/fr\/#organization","name":"Dutch Health Store","url":"https:\/\/dutchhealthstore.com\/fr\/","logo":{"@type":"ImageObject","inLanguage":"fr-FR","@id":"https:\/\/dutchhealthstore.com\/fr\/#\/schema\/logo\/image\/","url":"https:\/\/dutchhealthstore.com\/wp-content\/uploads\/2020\/08\/logo-dutchhealthstore-jpg-e1599484957574.jpg","contentUrl":"https:\/\/dutchhealthstore.com\/wp-content\/uploads\/2020\/08\/logo-dutchhealthstore-jpg-e1599484957574.jpg","width":400,"height":62,"caption":"Dutch Health Store"},"image":{"@id":"https:\/\/dutchhealthstore.com\/fr\/#\/schema\/logo\/image\/"},"sameAs":["https:\/\/www.instagram.com\/dutchhealthstore\/","https:\/\/www.facebook.com\/dutchhealthstore"]}]},"product_brand":"Living Libations","og_availability":"instock","product_availability":"instock","product_condition":"new"},"_links":{"self":[{"href":"https:\/\/dutchhealthstore.com\/fr\/wp-json\/wp\/v2\/product\/117884","targetHints":{"allow":["GET"]}}],"collection":[{"href":"https:\/\/dutchhealthstore.com\/fr\/wp-json\/wp\/v2\/product"}],"about":[{"href":"https:\/\/dutchhealthstore.com\/fr\/wp-json\/wp\/v2\/types\/product"}],"replies":[{"embeddable":true,"href":"https:\/\/dutchhealthstore.com\/fr\/wp-json\/wp\/v2\/comments?post=117884"}],"wp:featuredmedia":[{"embeddable":true,"href":"https:\/\/dutchhealthstore.com\/fr\/wp-json\/wp\/v2\/media\/148389"}],"wp:attachment":[{"href":"https:\/\/dutchhealthstore.com\/fr\/wp-json\/wp\/v2\/media?parent=117884"}],"wp:term":[{"taxonomy":"product_brand","embeddable":true,"href":"https:\/\/dutchhealthstore.com\/fr\/wp-json\/wp\/v2\/product_brand?post=117884"},{"taxonomy":"product_cat","embeddable":true,"href":"https:\/\/dutchhealthstore.com\/fr\/wp-json\/wp\/v2\/product_cat?post=117884"},{"taxonomy":"product_tag","embeddable":true,"href":"https:\/\/dutchhealthstore.com\/fr\/wp-json\/wp\/v2\/product_tag?post=117884"}],"curies":[{"name":"wp","href":"https:\/\/api.w.org\/{rel}","templated":true}]}}