{"id":117851,"date":"2018-04-13T21:30:29","date_gmt":"2018-04-13T19:30:29","guid":{"rendered":"https:\/\/dutchhealthstore.com\/product\/cranberry-seed-carrier-oil\/"},"modified":"2023-03-09T13:38:10","modified_gmt":"2023-03-09T13:38:10","slug":"cranberry-seed-carrier-oil","status":"publish","type":"product","link":"https:\/\/dutchhealthstore.com\/fr\/product\/cranberry-seed-carrier-oil\/","title":{"rendered":"Cranberry Seed Carrier Oil"},"content":{"rendered":"<p class=\"Body\"><strong><img decoding=\"async\" class=\"size-full wp-image-69549 alignright\" src=\"https:\/\/dutchhealthstore.com\/wp-content\/uploads\/2019\/08\/NEW-Living-Libations-Logo.jpg\" alt=\"NEW - Living Libations - Logo\" width=\"175\" height=\"82\">Nom botanique :<\/strong><em>Vaccinium macrocarpon<\/em><br \/>\n<strong>Famille botanique<\/strong> : <em>Ericaceae<\/em><br \/>\n<strong>Ingr\u00e9dients : <\/strong> huile graines de canneberge + huile essentielle de lavande<br \/>\n<strong>M\u00e9thode d&rsquo;extraction :<\/strong> Press\u00e9 \u00e0 froid<br \/>\n<strong>Partie de la plante distill\u00e9e :<\/strong> Graines<br \/>\n<strong>Pays d&rsquo;origine :<\/strong> Canada<br \/>\n<strong>M\u00e9thode de culture : <\/strong>Organique<br \/>\n<strong>Composition : <\/strong>95% <em>Vaccinium macrocarpon<\/em> + 5% <em>Lavandula angustifolia<\/em><br \/>\n<strong>Consistance :<\/strong> Moyenne<\/p>\n<h3 class=\"Body\">Description de l&rsquo;odeur<\/h3>\n<p class=\"Body\">Distante et subtile avec de tendres notes de noix et de miel.<\/p>\n<h3 class=\"Body\">Se marie bien avec<\/h3>\n<p class=\"Body\">Myrrhe, Myrte, Sauge sclar\u00e9e, Lavande, Ylang, Orange, Cardamome, Palmarosa, Thym, Argousier, Tanaisie, Achill\u00e9e, Laurier, Encens, Rose Otto, Immortelle, et Bois de Santal.<\/p>\n<h3 class=\"Body\">Utiliser<\/h3>\n<p class=\"Body\">Excellent \u00e9mollient pour la peau et support pour les essences botaniques. Hydratant exceptionnel.<\/p>\n<h3 class=\"Body\">Constituants<\/h3>\n<p class=\"Body\">regorge d&rsquo;un \u00e9quilibre rare d&rsquo;acides gras essentiels om\u00e9ga 3, 6 et 9. Il contient \u00e9galement des tocoph\u00e9rols, des tocotri\u00e9nols et des carot\u00e9no\u00efdes antioxydants, dont la lut\u00e9ine et la z\u00e9axanthine.<\/p>\n<p class=\"Body\">L&rsquo;huile graines de canneberge est facile \u00e0 utiliser pour concocter des cr\u00e9ations de teint sur mesure car elle p\u00e9n\u00e8tre rapidement, apaise et lisse. Press\u00e9 \u00e0 partir des graines biologiques de cette super baie, cet hydratant doux et riche aide \u00e0 restructurer la nature de la peau.<\/p>\n<h3 style=\"font-weight: normal !important;\"><strong>Cranberry Complexion Serum<\/strong><\/h3>\n<p style=\"font-weight: 400;\">5ml Cranberry Seed Oil + Lavender<\/p>\n<p style=\"font-weight: 400;\">5 gouttes Immortelle<\/p>\n<p style=\"font-weight: 400;\">5 gouttes Rose Otto<\/p>\n<p style=\"font-weight: 400;\">5 gouttes Myrrh<\/p>\n<h3>Ingr\u00e9dients biologiques<\/h3>\n<p>95% Vaccinium macrocarpon + 5% huile de support Lavandula angustifolia.<\/p>\n<p><img fetchpriority=\"high\" decoding=\"async\" class=\"aligncenter size-full wp-image-31577\" src=\"https:\/\/dutchhealthstore.com\/wp-content\/uploads\/2018\/03\/organic_big.png\" alt=\"Organic and Natural - Living Libations\" width=\"623\" height=\"103\" srcset=\"https:\/\/dutchhealthstore.com\/wp-content\/uploads\/2018\/03\/organic_big.png 623w, https:\/\/dutchhealthstore.com\/wp-content\/uploads\/2018\/03\/organic_big-510x84.png 510w, https:\/\/dutchhealthstore.com\/wp-content\/uploads\/2018\/03\/organic_big-600x99.png 600w, https:\/\/dutchhealthstore.com\/wp-content\/uploads\/2018\/03\/organic_big-350x58.png 350w\" sizes=\"(max-width: 623px) 100vw, 623px\" \/><\/p>\n","protected":false},"excerpt":{"rendered":"<p><strong>Cranberry Seed Oil <\/strong>press\u00e9e \u00e0 froid soigne le teint gr\u00e2ce \u00e0 ses acides gras essentiels opulents.<br \/>\nSuper nourrissant pour la peau et le cuir chevelu, il r\u00e9duit l&rsquo;apparence de la peau s\u00e8che, am\u00e9liore l&rsquo;\u00e9lasticit\u00e9, et ses \u00e9l\u00e9vations estim\u00e9es de somptueux phospholipides et phytost\u00e9rols en font un excellent choix pour les soins apr\u00e8s soleil.<br \/>\nIl contient juste une touche d&rsquo;huile essentielle de lavande pour la stabilit\u00e9 et pour un pouvoir apaisant suppl\u00e9mentaire.<\/p>\n","protected":false},"featured_media":113086,"comment_status":"open","ping_status":"closed","template":"","meta":[],"product_brand":[],"product_cat":[14733,6734,1507,3755,1211,1209,1010,1033,1524,6733],"product_tag":[8910,4495],"class_list":{"0":"post-117851","1":"product","2":"type-product","3":"status-publish","4":"has-post-thumbnail","6":"product_cat-soins-de-la-peau","7":"product_cat-essential-oils","8":"product_cat-plantes-huiles-essentielles-living-libations","9":"product_cat-huiles-vegetales","10":"product_cat-living-libations-france","11":"product_cat-par-marques","12":"product_cat-notre-boutique","13":"product_cat-body-care-fr","14":"product_cat-solaire-living-libations","15":"product_cat-wellness-fr-2","16":"product_tag-carrier-oil-fr","17":"product_tag-essential-oil-fr","18":"pa_brand-livinglibations-fr","19":"pa_essential-oils-product-type-carrier-oils-fr","20":"pa_essential-oils-product-type-essential-oils-fr","21":"pa_size-15-ml-fr","22":"pa_size-30-ml-fr","23":"pa_skincare-type-suncare-fr","25":"first","26":"instock","27":"taxable","28":"shipping-taxable","29":"purchasable","30":"product-type-variable"},"bundled_by":[],"bundle_stock_status":"instock","bundle_stock_quantity":null,"bundle_virtual":false,"bundle_layout":"","bundle_add_to_cart_form_location":"","bundle_editable_in_cart":false,"bundle_sold_individually_context":"","bundle_item_grouping":"","bundle_min_size":"","bundle_max_size":"","bundle_price":[],"bundled_items":[],"bundle_sell_ids":[],"atum_controlled":true,"out_stock_date":null,"out_stock_threshold":null,"inheritable":true,"stock_on_hold":0,"sold_today":0,"sales_last_days":0,"out_stock_days":0,"lost_sales":0,"update_date":"2026-04-09T01:47:50","atum_locations":[],"atum_stock_status":"instock","restock_status":false,"low_stock_amount":"","sales_update_date":"2026-04-09T01:47:50","calc_backorders":null,"group_of_quantity":0,"min_quantity":0,"max_quantity":"","exclude_order_quantity_value_rules":"no","exclude_category_quantity_rules":"no","combine_variations":"no","yoast_head":"<!-- This site is optimized with the Yoast SEO Premium plugin v26.5 (Yoast SEO v26.5) - https:\/\/yoast.com\/wordpress\/plugins\/seo\/ -->\n<title>Cranberry Seed Carrier Oil - Living Libations<\/title>\n<meta name=\"description\" content=\"Super nourrissant pour la peau et le cuir chevelu et ses \u00e9l\u00e9vations estim\u00e9es de somptueux phospholipides et phytost\u00e9rols en font un excellent choix pour les soins apr\u00e8s soleil.\" \/>\n<meta name=\"robots\" content=\"index, follow, max-snippet:-1, max-image-preview:large, max-video-preview:-1\" \/>\n<link rel=\"canonical\" href=\"https:\/\/dutchhealthstore.com\/fr\/product\/cranberry-seed-carrier-oil\/\" \/>\n<meta property=\"og:locale\" content=\"fr_FR\" \/>\n<meta property=\"og:type\" content=\"article\" \/>\n<meta property=\"og:title\" content=\"Cranberry Seed Carrier Oil - Dutch Health Store\" \/>\n<meta property=\"og:description\" content=\"Super nourrissant pour la peau et le cuir chevelu et ses \u00e9l\u00e9vations estim\u00e9es de somptueux phospholipides et phytost\u00e9rols en font un excellent choix pour les soins apr\u00e8s soleil.\" \/>\n<meta property=\"og:url\" content=\"https:\/\/dutchhealthstore.com\/fr\/product\/cranberry-seed-carrier-oil\/\" \/>\n<meta property=\"og:site_name\" content=\"Dutch Health Store\" \/>\n<meta property=\"article:publisher\" content=\"https:\/\/www.instagram.com\/dutchhealthstore\/\" \/>\n<meta property=\"article:modified_time\" content=\"2023-03-09T13:38:10+00:00\" \/>\n<meta property=\"og:image\" content=\"https:\/\/dutchhealthstore.com\/wp-content\/uploads\/2018\/04\/Living-Libations-Cranberry-Seed-Carrier-Oil-e1594627806546.jpg\" \/>\n\t<meta property=\"og:image:width\" content=\"500\" \/>\n\t<meta property=\"og:image:height\" content=\"500\" \/>\n\t<meta property=\"og:image:type\" content=\"image\/jpeg\" \/>\n<meta name=\"twitter:card\" content=\"summary_large_image\" \/>\n<meta name=\"twitter:label1\" content=\"Disponibilit\u00e9\" \/>\n\t<meta name=\"twitter:data1\" content=\"En stock\" \/>\n<script type=\"application\/ld+json\" class=\"yoast-schema-graph\">{\"@context\":\"https:\/\/schema.org\",\"@graph\":[{\"@type\":\"WebPage\",\"@id\":\"https:\/\/dutchhealthstore.com\/fr\/product\/cranberry-seed-carrier-oil\/\",\"url\":\"https:\/\/dutchhealthstore.com\/fr\/product\/cranberry-seed-carrier-oil\/\",\"name\":\"Cranberry Seed Carrier Oil - Living Libations\",\"isPartOf\":{\"@id\":\"https:\/\/dutchhealthstore.com\/fr\/#website\"},\"primaryImageOfPage\":{\"@id\":\"https:\/\/dutchhealthstore.com\/fr\/product\/cranberry-seed-carrier-oil\/#primaryimage\"},\"image\":{\"@id\":\"https:\/\/dutchhealthstore.com\/fr\/product\/cranberry-seed-carrier-oil\/#primaryimage\"},\"thumbnailUrl\":\"https:\/\/dutchhealthstore.com\/wp-content\/uploads\/2018\/04\/Living-Libations-Cranberry-Seed-Carrier-Oil-e1594627806546.jpg\",\"datePublished\":\"2018-04-13T19:30:29+00:00\",\"dateModified\":\"2023-03-09T13:38:10+00:00\",\"description\":\"Super nourrissant pour la peau et le cuir chevelu et ses \u00e9l\u00e9vations estim\u00e9es de somptueux phospholipides et phytost\u00e9rols en font un excellent choix pour les soins apr\u00e8s soleil.\",\"breadcrumb\":{\"@id\":\"https:\/\/dutchhealthstore.com\/fr\/product\/cranberry-seed-carrier-oil\/#breadcrumb\"},\"inLanguage\":\"fr-FR\",\"potentialAction\":[{\"@type\":\"ReadAction\",\"target\":[\"https:\/\/dutchhealthstore.com\/fr\/product\/cranberry-seed-carrier-oil\/\"]}]},{\"@type\":\"ImageObject\",\"inLanguage\":\"fr-FR\",\"@id\":\"https:\/\/dutchhealthstore.com\/fr\/product\/cranberry-seed-carrier-oil\/#primaryimage\",\"url\":\"https:\/\/dutchhealthstore.com\/wp-content\/uploads\/2018\/04\/Living-Libations-Cranberry-Seed-Carrier-Oil-e1594627806546.jpg\",\"contentUrl\":\"https:\/\/dutchhealthstore.com\/wp-content\/uploads\/2018\/04\/Living-Libations-Cranberry-Seed-Carrier-Oil-e1594627806546.jpg\",\"width\":500,\"height\":500,\"caption\":\"Living Libations Cranberry Seed Carrier Oil\"},{\"@type\":\"BreadcrumbList\",\"@id\":\"https:\/\/dutchhealthstore.com\/fr\/product\/cranberry-seed-carrier-oil\/#breadcrumb\",\"itemListElement\":[{\"@type\":\"ListItem\",\"position\":1,\"name\":\"Home\",\"item\":\"https:\/\/dutchhealthstore.com\/fr\/\"},{\"@type\":\"ListItem\",\"position\":2,\"name\":\"Shop\",\"item\":\"https:\/\/dutchhealthstore.com\/fr\/shop\/\"},{\"@type\":\"ListItem\",\"position\":3,\"name\":\"Cranberry Seed Carrier Oil\"}]},{\"@type\":\"WebSite\",\"@id\":\"https:\/\/dutchhealthstore.com\/fr\/#website\",\"url\":\"https:\/\/dutchhealthstore.com\/fr\/\",\"name\":\"Dutch Health Store\",\"description\":\"Enhance Your Beauty with Organic &amp; Natural Skincare\",\"publisher\":{\"@id\":\"https:\/\/dutchhealthstore.com\/fr\/#organization\"},\"potentialAction\":[{\"@type\":\"SearchAction\",\"target\":{\"@type\":\"EntryPoint\",\"urlTemplate\":\"https:\/\/dutchhealthstore.com\/fr\/?s={search_term_string}\"},\"query-input\":{\"@type\":\"PropertyValueSpecification\",\"valueRequired\":true,\"valueName\":\"search_term_string\"}}],\"inLanguage\":\"fr-FR\"},{\"@type\":\"Organization\",\"@id\":\"https:\/\/dutchhealthstore.com\/fr\/#organization\",\"name\":\"Dutch Health Store\",\"url\":\"https:\/\/dutchhealthstore.com\/fr\/\",\"logo\":{\"@type\":\"ImageObject\",\"inLanguage\":\"fr-FR\",\"@id\":\"https:\/\/dutchhealthstore.com\/fr\/#\/schema\/logo\/image\/\",\"url\":\"https:\/\/dutchhealthstore.com\/wp-content\/uploads\/2020\/08\/logo-dutchhealthstore-jpg-e1599484957574.jpg\",\"contentUrl\":\"https:\/\/dutchhealthstore.com\/wp-content\/uploads\/2020\/08\/logo-dutchhealthstore-jpg-e1599484957574.jpg\",\"width\":400,\"height\":62,\"caption\":\"Dutch Health Store\"},\"image\":{\"@id\":\"https:\/\/dutchhealthstore.com\/fr\/#\/schema\/logo\/image\/\"},\"sameAs\":[\"https:\/\/www.instagram.com\/dutchhealthstore\/\",\"https:\/\/www.facebook.com\/dutchhealthstore\"]}]}<\/script>\n<meta property=\"product:brand\" content=\"Living Libations\" \/>\n<meta property=\"og:availability\" content=\"instock\" \/>\n<meta property=\"product:availability\" content=\"instock\" \/>\n<meta property=\"product:condition\" content=\"new\" \/>\n<!-- \/ Yoast SEO Premium plugin. -->","yoast_head_json":{"title":"Cranberry Seed Carrier Oil - Living Libations","description":"Super nourrissant pour la peau et le cuir chevelu et ses \u00e9l\u00e9vations estim\u00e9es de somptueux phospholipides et phytost\u00e9rols en font un excellent choix pour les soins apr\u00e8s soleil.","robots":{"index":"index","follow":"follow","max-snippet":"max-snippet:-1","max-image-preview":"max-image-preview:large","max-video-preview":"max-video-preview:-1"},"canonical":"https:\/\/dutchhealthstore.com\/fr\/product\/cranberry-seed-carrier-oil\/","og_locale":"fr_FR","og_type":"article","og_title":"Cranberry Seed Carrier Oil - Dutch Health Store","og_description":"Super nourrissant pour la peau et le cuir chevelu et ses \u00e9l\u00e9vations estim\u00e9es de somptueux phospholipides et phytost\u00e9rols en font un excellent choix pour les soins apr\u00e8s soleil.","og_url":"https:\/\/dutchhealthstore.com\/fr\/product\/cranberry-seed-carrier-oil\/","og_site_name":"Dutch Health Store","article_publisher":"https:\/\/www.instagram.com\/dutchhealthstore\/","article_modified_time":"2023-03-09T13:38:10+00:00","og_image":[{"width":500,"height":500,"url":"https:\/\/dutchhealthstore.com\/wp-content\/uploads\/2018\/04\/Living-Libations-Cranberry-Seed-Carrier-Oil-e1594627806546.jpg","type":"image\/jpeg"}],"twitter_card":"summary_large_image","twitter_misc":{"Disponibilit\u00e9":"En stock"},"schema":{"@context":"https:\/\/schema.org","@graph":[{"@type":"WebPage","@id":"https:\/\/dutchhealthstore.com\/fr\/product\/cranberry-seed-carrier-oil\/","url":"https:\/\/dutchhealthstore.com\/fr\/product\/cranberry-seed-carrier-oil\/","name":"Cranberry Seed Carrier Oil - Living Libations","isPartOf":{"@id":"https:\/\/dutchhealthstore.com\/fr\/#website"},"primaryImageOfPage":{"@id":"https:\/\/dutchhealthstore.com\/fr\/product\/cranberry-seed-carrier-oil\/#primaryimage"},"image":{"@id":"https:\/\/dutchhealthstore.com\/fr\/product\/cranberry-seed-carrier-oil\/#primaryimage"},"thumbnailUrl":"https:\/\/dutchhealthstore.com\/wp-content\/uploads\/2018\/04\/Living-Libations-Cranberry-Seed-Carrier-Oil-e1594627806546.jpg","datePublished":"2018-04-13T19:30:29+00:00","dateModified":"2023-03-09T13:38:10+00:00","description":"Super nourrissant pour la peau et le cuir chevelu et ses \u00e9l\u00e9vations estim\u00e9es de somptueux phospholipides et phytost\u00e9rols en font un excellent choix pour les soins apr\u00e8s soleil.","breadcrumb":{"@id":"https:\/\/dutchhealthstore.com\/fr\/product\/cranberry-seed-carrier-oil\/#breadcrumb"},"inLanguage":"fr-FR","potentialAction":[{"@type":"ReadAction","target":["https:\/\/dutchhealthstore.com\/fr\/product\/cranberry-seed-carrier-oil\/"]}]},{"@type":"ImageObject","inLanguage":"fr-FR","@id":"https:\/\/dutchhealthstore.com\/fr\/product\/cranberry-seed-carrier-oil\/#primaryimage","url":"https:\/\/dutchhealthstore.com\/wp-content\/uploads\/2018\/04\/Living-Libations-Cranberry-Seed-Carrier-Oil-e1594627806546.jpg","contentUrl":"https:\/\/dutchhealthstore.com\/wp-content\/uploads\/2018\/04\/Living-Libations-Cranberry-Seed-Carrier-Oil-e1594627806546.jpg","width":500,"height":500,"caption":"Living Libations Cranberry Seed Carrier Oil"},{"@type":"BreadcrumbList","@id":"https:\/\/dutchhealthstore.com\/fr\/product\/cranberry-seed-carrier-oil\/#breadcrumb","itemListElement":[{"@type":"ListItem","position":1,"name":"Home","item":"https:\/\/dutchhealthstore.com\/fr\/"},{"@type":"ListItem","position":2,"name":"Shop","item":"https:\/\/dutchhealthstore.com\/fr\/shop\/"},{"@type":"ListItem","position":3,"name":"Cranberry Seed Carrier Oil"}]},{"@type":"WebSite","@id":"https:\/\/dutchhealthstore.com\/fr\/#website","url":"https:\/\/dutchhealthstore.com\/fr\/","name":"Dutch Health Store","description":"Enhance Your Beauty with Organic &amp; Natural Skincare","publisher":{"@id":"https:\/\/dutchhealthstore.com\/fr\/#organization"},"potentialAction":[{"@type":"SearchAction","target":{"@type":"EntryPoint","urlTemplate":"https:\/\/dutchhealthstore.com\/fr\/?s={search_term_string}"},"query-input":{"@type":"PropertyValueSpecification","valueRequired":true,"valueName":"search_term_string"}}],"inLanguage":"fr-FR"},{"@type":"Organization","@id":"https:\/\/dutchhealthstore.com\/fr\/#organization","name":"Dutch Health Store","url":"https:\/\/dutchhealthstore.com\/fr\/","logo":{"@type":"ImageObject","inLanguage":"fr-FR","@id":"https:\/\/dutchhealthstore.com\/fr\/#\/schema\/logo\/image\/","url":"https:\/\/dutchhealthstore.com\/wp-content\/uploads\/2020\/08\/logo-dutchhealthstore-jpg-e1599484957574.jpg","contentUrl":"https:\/\/dutchhealthstore.com\/wp-content\/uploads\/2020\/08\/logo-dutchhealthstore-jpg-e1599484957574.jpg","width":400,"height":62,"caption":"Dutch Health Store"},"image":{"@id":"https:\/\/dutchhealthstore.com\/fr\/#\/schema\/logo\/image\/"},"sameAs":["https:\/\/www.instagram.com\/dutchhealthstore\/","https:\/\/www.facebook.com\/dutchhealthstore"]}]},"product_brand":"Living Libations","og_availability":"instock","product_availability":"instock","product_condition":"new"},"_links":{"self":[{"href":"https:\/\/dutchhealthstore.com\/fr\/wp-json\/wp\/v2\/product\/117851","targetHints":{"allow":["GET"]}}],"collection":[{"href":"https:\/\/dutchhealthstore.com\/fr\/wp-json\/wp\/v2\/product"}],"about":[{"href":"https:\/\/dutchhealthstore.com\/fr\/wp-json\/wp\/v2\/types\/product"}],"replies":[{"embeddable":true,"href":"https:\/\/dutchhealthstore.com\/fr\/wp-json\/wp\/v2\/comments?post=117851"}],"wp:featuredmedia":[{"embeddable":true,"href":"https:\/\/dutchhealthstore.com\/fr\/wp-json\/wp\/v2\/media\/113086"}],"wp:attachment":[{"href":"https:\/\/dutchhealthstore.com\/fr\/wp-json\/wp\/v2\/media?parent=117851"}],"wp:term":[{"taxonomy":"product_brand","embeddable":true,"href":"https:\/\/dutchhealthstore.com\/fr\/wp-json\/wp\/v2\/product_brand?post=117851"},{"taxonomy":"product_cat","embeddable":true,"href":"https:\/\/dutchhealthstore.com\/fr\/wp-json\/wp\/v2\/product_cat?post=117851"},{"taxonomy":"product_tag","embeddable":true,"href":"https:\/\/dutchhealthstore.com\/fr\/wp-json\/wp\/v2\/product_tag?post=117851"}],"curies":[{"name":"wp","href":"https:\/\/api.w.org\/{rel}","templated":true}]}}