{"id":117751,"date":"2020-05-14T17:29:30","date_gmt":"2020-05-14T15:29:30","guid":{"rendered":"https:\/\/dutchhealthstore.com\/product\/coffee-blossom-absolute\/"},"modified":"2023-11-03T12:28:38","modified_gmt":"2023-11-03T12:28:38","slug":"coffee-blossom-absolute","status":"publish","type":"product","link":"https:\/\/dutchhealthstore.com\/fr\/product\/coffee-blossom-absolute\/","title":{"rendered":"Coffee Blossom Absolute"},"content":{"rendered":"<p><img decoding=\"async\" class=\"alignright size-full wp-image-69549\" src=\"https:\/\/dutchhealthstore.com\/wp-content\/uploads\/2019\/08\/NEW-Living-Libations-Logo.jpg\" alt=\"NEW - Living Libations - Logo\" width=\"175\" height=\"82\">La captivante <strong>Coffee Blossom Absolute<\/strong> \u00e9clate avec un bouquet d\u00e9lectable de chocolat, de vanille, de caf\u00e9 torr\u00e9fi\u00e9 et de douces fleurs.<br \/>\nCet absolu riche et rare est extrait du caf\u00e9ier sauvage de Madagascar, une plante dont les fleurs blanches et plumeuses ne laissent rien para\u00eetre de la richesse de son huile.<\/p>\n<p><strong>Nom botanique :<\/strong> Coffea arabica<br \/>\n<strong>Famille botanique :<\/strong> Rubiaceae<br \/>\n<strong>M\u00e9thode d&rsquo;extraction :<\/strong> Absolue<br \/>\n<strong>Partie de la plante distill\u00e9e :<\/strong> Fleurs<br \/>\n<strong>Pays d&rsquo;origine :<\/strong> Madagascar<br \/>\n<strong>Culture <\/strong><span style=\"font-size: 14.4px;\"><b>M\u00e9thode : <\/b>Sauvage<\/span><br \/>\n<strong>Composition :<\/strong> 100% Coffea arabica<br \/>\n<strong>Consistance :<\/strong> Viscosit\u00e9 moyenne<\/p>\n<h3>Description de l&rsquo;odeur<\/h3>\n<p>\u00c9tonnamment doux mais complexe, avec des fruits \u00e9pic\u00e9s et de la vanille qui occupent le devant de la sc\u00e8ne avant un ch\u0153ur de danseurs expresso.<br \/>\nDes notes de caf\u00e9 br\u00fbl\u00e9 jaillissent des fleurs de l&rsquo;auditoire tandis que le plus l\u00e9ger murmure de chocolat s&rsquo;\u00e9chappe du hall.<\/p>\n<h3>Se marie bien avec<\/h3>\n<p>Rose, jasmin, vanille, bergamote, bois de santal, citron, citron vert, orange et lavande.<\/p>\n<h3>Utilisations<\/h3>\n<p>Bel accent dans les parfums ; \u00e0 inhaler pour des b\u00e9n\u00e9fices \u00e9motionnels et spirituels.<\/p>\n<p>Accueillez le matin avec une \u00e9treinte \u00e9nergique ! Coffee Blossom Absolute accueille le nouveau jour avec une explosion bienveillante de fleurs complexes et le plus l\u00e9ger soup\u00e7on d&rsquo;expresso. Extraite des fleurs blanches et coussin\u00e9es du caf\u00e9ier de Madagascar, cette absolue offre un parfum riche et complexe. Coffee Blossom absolute offre le g\u00e9nie de cette plante dans un \u00e9lixir concentr\u00e9 qui regorge de la puissance botanique de <em>Coffea arabica<\/em>.<\/p>\n<p>La douceur de cet absolu opulent est temp\u00e9r\u00e9e par des nuances \u00e9nergisantes d&rsquo;espresso, qui servent \u00e0 revitaliser les sens. Coffee Blossom Absolute fonctionne comme un agent d&rsquo;inspiration et de motivation, encourageant l&rsquo;esprit dans un \u00e9tat de vivacit\u00e9.<\/p>\n<p><strong>Taille : 5 ml ( 50:50 jojoba)<\/strong><\/p>\n<h3>Ingr\u00e9dients biologiques<\/h3>\n<p>100% absolue de fleur de caf\u00e9 (Coffea arabica).<\/p>\n<p style=\"text-align: center;\"><em>\u00ab\u00a0Les huiles de caf\u00e9 en aromath\u00e9rapie procurent une exp\u00e9rience similaire \u00e0 celle du caf\u00e9 infus\u00e9. Vous sentez l&rsquo;ar\u00f4me et vous commencez imm\u00e9diatement \u00e0 vous sentir revigor\u00e9 et chaleureux.\u00a0\u00bb<\/em><br \/>\n~ Barry Almond, <strong>Essential Aromatherapy Oils<\/strong><\/p>\n<p style=\"text-align: center;\"><em>\u00ab\u00a0Je me souviendrai de votre petit<br \/>\nchambre la sensation de vous<\/em><br \/>\n<em>la lumi\u00e8re dans la fen\u00eatre<br \/>\nvos dossiers<\/em><br \/>\n<em>vos livres<\/em><br \/>\n<em>notre caf\u00e9 du matin<br \/>\nnos soirs nos nuits<\/em><br \/>\n<em>nos corps se sont renvers\u00e9s ensemble<br \/>\ndormir<\/em><br \/>\n<em>les minuscules courants qui circulent<\/em><br \/>\n<em>imm\u00e9diat et pour toujours\u00a0\u00bb<\/em><br \/>\n~ Charles Bukowski<\/p>\n<p><img fetchpriority=\"high\" decoding=\"async\" class=\"size-medium wp-image-68103 aligncenter\" src=\"https:\/\/dutchhealthstore.com\/wp-content\/uploads\/2018\/02\/Living-Libations-Organic-Logo-800x89.png\" alt=\"Living Libations - Organic Logo\" width=\"800\" height=\"89\" srcset=\"https:\/\/dutchhealthstore.com\/wp-content\/uploads\/2018\/02\/Living-Libations-Organic-Logo-800x89.png 800w, https:\/\/dutchhealthstore.com\/wp-content\/uploads\/2018\/02\/Living-Libations-Organic-Logo-510x57.png 510w, https:\/\/dutchhealthstore.com\/wp-content\/uploads\/2018\/02\/Living-Libations-Organic-Logo-768x85.png 768w, https:\/\/dutchhealthstore.com\/wp-content\/uploads\/2018\/02\/Living-Libations-Organic-Logo.png 1400w\" sizes=\"(max-width: 800px) 100vw, 800px\" \/><\/p>\n","protected":false},"excerpt":{"rendered":"<p>La captivante <strong>Coffee Blossom Absolute<\/strong> \u00e9clate avec un bouquet d\u00e9lectable de chocolat, de vanille, de caf\u00e9 torr\u00e9fi\u00e9 et de douces fleurs.<br \/>\nCet absolu riche et rare est extrait du caf\u00e9ier sauvage de Madagascar, une plante dont les fleurs blanches et plumeuses ne laissent rien para\u00eetre de la richesse de son huile.<\/p>\n","protected":false},"featured_media":101376,"comment_status":"open","ping_status":"closed","template":"","meta":[],"product_brand":[],"product_cat":[3754,1507,6734,1211,1209,6733],"product_tag":[4495],"class_list":{"0":"post-117751","1":"product","2":"type-product","3":"status-publish","4":"has-post-thumbnail","6":"product_cat-essences-absolues","7":"product_cat-plantes-huiles-essentielles-living-libations","8":"product_cat-essential-oils","9":"product_cat-living-libations-france","10":"product_cat-par-marques","11":"product_cat-wellness-fr-2","12":"product_tag-essential-oil-fr","13":"pa_brand-livinglibations-fr","14":"pa_essential-oils-product-type-absolute-essences-fr","15":"pa_essential-oils-product-type-essential-oils-fr","16":"pa_size-5-ml-5050-jojoba-fr","18":"first","19":"instock","20":"taxable","21":"shipping-taxable","22":"purchasable","23":"product-type-simple"},"bundled_by":[],"bundle_stock_status":"instock","bundle_stock_quantity":2,"bundle_virtual":false,"bundle_layout":"","bundle_add_to_cart_form_location":"","bundle_editable_in_cart":false,"bundle_sold_individually_context":"","bundle_item_grouping":"","bundle_min_size":"","bundle_max_size":"","bundle_price":[],"bundled_items":[],"bundle_sell_ids":[],"atum_controlled":true,"out_stock_date":null,"out_stock_threshold":null,"inheritable":false,"stock_on_hold":0,"sold_today":0,"sales_last_days":0,"out_stock_days":0,"lost_sales":0,"update_date":"2026-04-16T00:05:15","atum_locations":[],"atum_stock_status":"instock","restock_status":false,"low_stock_amount":"","sales_update_date":"2026-04-16T00:05:15","calc_backorders":null,"group_of_quantity":0,"min_quantity":0,"max_quantity":"","exclude_order_quantity_value_rules":"no","exclude_category_quantity_rules":"no","combine_variations":"no","yoast_head":"<!-- This site is optimized with the Yoast SEO Premium plugin v26.5 (Yoast SEO v26.5) - https:\/\/yoast.com\/wordpress\/plugins\/seo\/ -->\n<title>Coffee Blossom Absolute | Living Libations<\/title>\n<meta name=\"description\" content=\"La captivante Coffee Blossom Absolute \u00e9clate avec un bouquet d\u00e9lectable de chocolat, de vanille, de caf\u00e9 torr\u00e9fi\u00e9 et de douces fleurs.\" \/>\n<meta name=\"robots\" content=\"index, follow, max-snippet:-1, max-image-preview:large, max-video-preview:-1\" \/>\n<link rel=\"canonical\" href=\"https:\/\/dutchhealthstore.com\/fr\/product\/coffee-blossom-absolute\/\" \/>\n<meta property=\"og:locale\" content=\"fr_FR\" \/>\n<meta property=\"og:type\" content=\"article\" \/>\n<meta property=\"og:title\" content=\"Coffee Blossom Absolute - Dutch Health Store\" \/>\n<meta property=\"og:description\" content=\"La captivante Coffee Blossom Absolute \u00e9clate avec un bouquet d\u00e9lectable de chocolat, de vanille, de caf\u00e9 torr\u00e9fi\u00e9 et de douces fleurs.\" \/>\n<meta property=\"og:url\" content=\"https:\/\/dutchhealthstore.com\/fr\/product\/coffee-blossom-absolute\/\" \/>\n<meta property=\"og:site_name\" content=\"Dutch Health Store\" \/>\n<meta property=\"article:publisher\" content=\"https:\/\/www.instagram.com\/dutchhealthstore\/\" \/>\n<meta property=\"article:modified_time\" content=\"2023-11-03T12:28:38+00:00\" \/>\n<meta property=\"og:image\" content=\"https:\/\/dutchhealthstore.com\/wp-content\/uploads\/2020\/05\/Living-Libations-Coffee-Blossom-Absolute1.jpg\" \/>\n\t<meta property=\"og:image:width\" content=\"700\" \/>\n\t<meta property=\"og:image:height\" content=\"700\" \/>\n\t<meta property=\"og:image:type\" content=\"image\/jpeg\" \/>\n<meta name=\"twitter:card\" content=\"summary_large_image\" \/>\n<meta name=\"twitter:label1\" content=\"Prix\" \/>\n\t<meta name=\"twitter:data1\" content=\"&euro;87,00\" \/>\n\t<meta name=\"twitter:label2\" content=\"Disponibilit\u00e9\" \/>\n\t<meta name=\"twitter:data2\" content=\"En stock\" \/>\n<script type=\"application\/ld+json\" class=\"yoast-schema-graph\">{\"@context\":\"https:\/\/schema.org\",\"@graph\":[{\"@type\":\"WebPage\",\"@id\":\"https:\/\/dutchhealthstore.com\/fr\/product\/coffee-blossom-absolute\/\",\"url\":\"https:\/\/dutchhealthstore.com\/fr\/product\/coffee-blossom-absolute\/\",\"name\":\"Coffee Blossom Absolute | Living Libations\",\"isPartOf\":{\"@id\":\"https:\/\/dutchhealthstore.com\/fr\/#website\"},\"primaryImageOfPage\":{\"@id\":\"https:\/\/dutchhealthstore.com\/fr\/product\/coffee-blossom-absolute\/#primaryimage\"},\"image\":{\"@id\":\"https:\/\/dutchhealthstore.com\/fr\/product\/coffee-blossom-absolute\/#primaryimage\"},\"thumbnailUrl\":\"https:\/\/dutchhealthstore.com\/wp-content\/uploads\/2020\/05\/Living-Libations-Coffee-Blossom-Absolute1.jpg\",\"datePublished\":\"2020-05-14T15:29:30+00:00\",\"dateModified\":\"2023-11-03T12:28:38+00:00\",\"description\":\"La captivante Coffee Blossom Absolute \u00e9clate avec un bouquet d\u00e9lectable de chocolat, de vanille, de caf\u00e9 torr\u00e9fi\u00e9 et de douces fleurs.\",\"breadcrumb\":{\"@id\":\"https:\/\/dutchhealthstore.com\/fr\/product\/coffee-blossom-absolute\/#breadcrumb\"},\"inLanguage\":\"fr-FR\",\"potentialAction\":[{\"@type\":\"ReadAction\",\"target\":[\"https:\/\/dutchhealthstore.com\/fr\/product\/coffee-blossom-absolute\/\"]}]},{\"@type\":\"ImageObject\",\"inLanguage\":\"fr-FR\",\"@id\":\"https:\/\/dutchhealthstore.com\/fr\/product\/coffee-blossom-absolute\/#primaryimage\",\"url\":\"https:\/\/dutchhealthstore.com\/wp-content\/uploads\/2020\/05\/Living-Libations-Coffee-Blossom-Absolute1.jpg\",\"contentUrl\":\"https:\/\/dutchhealthstore.com\/wp-content\/uploads\/2020\/05\/Living-Libations-Coffee-Blossom-Absolute1.jpg\",\"width\":700,\"height\":700,\"caption\":\"Living Libations - Coffee Blossom Absolute1\"},{\"@type\":\"BreadcrumbList\",\"@id\":\"https:\/\/dutchhealthstore.com\/fr\/product\/coffee-blossom-absolute\/#breadcrumb\",\"itemListElement\":[{\"@type\":\"ListItem\",\"position\":1,\"name\":\"Home\",\"item\":\"https:\/\/dutchhealthstore.com\/fr\/\"},{\"@type\":\"ListItem\",\"position\":2,\"name\":\"Shop\",\"item\":\"https:\/\/dutchhealthstore.com\/fr\/shop\/\"},{\"@type\":\"ListItem\",\"position\":3,\"name\":\"Coffee Blossom Absolute\"}]},{\"@type\":\"WebSite\",\"@id\":\"https:\/\/dutchhealthstore.com\/fr\/#website\",\"url\":\"https:\/\/dutchhealthstore.com\/fr\/\",\"name\":\"Dutch Health Store\",\"description\":\"Enhance Your Beauty with Organic &amp; Natural Skincare\",\"publisher\":{\"@id\":\"https:\/\/dutchhealthstore.com\/fr\/#organization\"},\"potentialAction\":[{\"@type\":\"SearchAction\",\"target\":{\"@type\":\"EntryPoint\",\"urlTemplate\":\"https:\/\/dutchhealthstore.com\/fr\/?s={search_term_string}\"},\"query-input\":{\"@type\":\"PropertyValueSpecification\",\"valueRequired\":true,\"valueName\":\"search_term_string\"}}],\"inLanguage\":\"fr-FR\"},{\"@type\":\"Organization\",\"@id\":\"https:\/\/dutchhealthstore.com\/fr\/#organization\",\"name\":\"Dutch Health Store\",\"url\":\"https:\/\/dutchhealthstore.com\/fr\/\",\"logo\":{\"@type\":\"ImageObject\",\"inLanguage\":\"fr-FR\",\"@id\":\"https:\/\/dutchhealthstore.com\/fr\/#\/schema\/logo\/image\/\",\"url\":\"https:\/\/dutchhealthstore.com\/wp-content\/uploads\/2020\/08\/logo-dutchhealthstore-jpg-e1599484957574.jpg\",\"contentUrl\":\"https:\/\/dutchhealthstore.com\/wp-content\/uploads\/2020\/08\/logo-dutchhealthstore-jpg-e1599484957574.jpg\",\"width\":400,\"height\":62,\"caption\":\"Dutch Health Store\"},\"image\":{\"@id\":\"https:\/\/dutchhealthstore.com\/fr\/#\/schema\/logo\/image\/\"},\"sameAs\":[\"https:\/\/www.instagram.com\/dutchhealthstore\/\",\"https:\/\/www.facebook.com\/dutchhealthstore\"]}]}<\/script>\n<meta property=\"product:brand\" content=\"Living Libations\" \/>\n<meta property=\"product:price:amount\" content=\"87.00\" \/>\n<meta property=\"product:price:currency\" content=\"EUR\" \/>\n<meta property=\"og:availability\" content=\"instock\" \/>\n<meta property=\"product:availability\" content=\"instock\" \/>\n<meta property=\"product:condition\" content=\"new\" \/>\n<!-- \/ Yoast SEO Premium plugin. -->","yoast_head_json":{"title":"Coffee Blossom Absolute | Living Libations","description":"La captivante Coffee Blossom Absolute \u00e9clate avec un bouquet d\u00e9lectable de chocolat, de vanille, de caf\u00e9 torr\u00e9fi\u00e9 et de douces fleurs.","robots":{"index":"index","follow":"follow","max-snippet":"max-snippet:-1","max-image-preview":"max-image-preview:large","max-video-preview":"max-video-preview:-1"},"canonical":"https:\/\/dutchhealthstore.com\/fr\/product\/coffee-blossom-absolute\/","og_locale":"fr_FR","og_type":"article","og_title":"Coffee Blossom Absolute - Dutch Health Store","og_description":"La captivante Coffee Blossom Absolute \u00e9clate avec un bouquet d\u00e9lectable de chocolat, de vanille, de caf\u00e9 torr\u00e9fi\u00e9 et de douces fleurs.","og_url":"https:\/\/dutchhealthstore.com\/fr\/product\/coffee-blossom-absolute\/","og_site_name":"Dutch Health Store","article_publisher":"https:\/\/www.instagram.com\/dutchhealthstore\/","article_modified_time":"2023-11-03T12:28:38+00:00","og_image":[{"width":700,"height":700,"url":"https:\/\/dutchhealthstore.com\/wp-content\/uploads\/2020\/05\/Living-Libations-Coffee-Blossom-Absolute1.jpg","type":"image\/jpeg"}],"twitter_card":"summary_large_image","twitter_misc":{"Prix":"&euro;87,00","Disponibilit\u00e9":"En stock"},"schema":{"@context":"https:\/\/schema.org","@graph":[{"@type":"WebPage","@id":"https:\/\/dutchhealthstore.com\/fr\/product\/coffee-blossom-absolute\/","url":"https:\/\/dutchhealthstore.com\/fr\/product\/coffee-blossom-absolute\/","name":"Coffee Blossom Absolute | Living Libations","isPartOf":{"@id":"https:\/\/dutchhealthstore.com\/fr\/#website"},"primaryImageOfPage":{"@id":"https:\/\/dutchhealthstore.com\/fr\/product\/coffee-blossom-absolute\/#primaryimage"},"image":{"@id":"https:\/\/dutchhealthstore.com\/fr\/product\/coffee-blossom-absolute\/#primaryimage"},"thumbnailUrl":"https:\/\/dutchhealthstore.com\/wp-content\/uploads\/2020\/05\/Living-Libations-Coffee-Blossom-Absolute1.jpg","datePublished":"2020-05-14T15:29:30+00:00","dateModified":"2023-11-03T12:28:38+00:00","description":"La captivante Coffee Blossom Absolute \u00e9clate avec un bouquet d\u00e9lectable de chocolat, de vanille, de caf\u00e9 torr\u00e9fi\u00e9 et de douces fleurs.","breadcrumb":{"@id":"https:\/\/dutchhealthstore.com\/fr\/product\/coffee-blossom-absolute\/#breadcrumb"},"inLanguage":"fr-FR","potentialAction":[{"@type":"ReadAction","target":["https:\/\/dutchhealthstore.com\/fr\/product\/coffee-blossom-absolute\/"]}]},{"@type":"ImageObject","inLanguage":"fr-FR","@id":"https:\/\/dutchhealthstore.com\/fr\/product\/coffee-blossom-absolute\/#primaryimage","url":"https:\/\/dutchhealthstore.com\/wp-content\/uploads\/2020\/05\/Living-Libations-Coffee-Blossom-Absolute1.jpg","contentUrl":"https:\/\/dutchhealthstore.com\/wp-content\/uploads\/2020\/05\/Living-Libations-Coffee-Blossom-Absolute1.jpg","width":700,"height":700,"caption":"Living Libations - Coffee Blossom Absolute1"},{"@type":"BreadcrumbList","@id":"https:\/\/dutchhealthstore.com\/fr\/product\/coffee-blossom-absolute\/#breadcrumb","itemListElement":[{"@type":"ListItem","position":1,"name":"Home","item":"https:\/\/dutchhealthstore.com\/fr\/"},{"@type":"ListItem","position":2,"name":"Shop","item":"https:\/\/dutchhealthstore.com\/fr\/shop\/"},{"@type":"ListItem","position":3,"name":"Coffee Blossom Absolute"}]},{"@type":"WebSite","@id":"https:\/\/dutchhealthstore.com\/fr\/#website","url":"https:\/\/dutchhealthstore.com\/fr\/","name":"Dutch Health Store","description":"Enhance Your Beauty with Organic &amp; Natural Skincare","publisher":{"@id":"https:\/\/dutchhealthstore.com\/fr\/#organization"},"potentialAction":[{"@type":"SearchAction","target":{"@type":"EntryPoint","urlTemplate":"https:\/\/dutchhealthstore.com\/fr\/?s={search_term_string}"},"query-input":{"@type":"PropertyValueSpecification","valueRequired":true,"valueName":"search_term_string"}}],"inLanguage":"fr-FR"},{"@type":"Organization","@id":"https:\/\/dutchhealthstore.com\/fr\/#organization","name":"Dutch Health Store","url":"https:\/\/dutchhealthstore.com\/fr\/","logo":{"@type":"ImageObject","inLanguage":"fr-FR","@id":"https:\/\/dutchhealthstore.com\/fr\/#\/schema\/logo\/image\/","url":"https:\/\/dutchhealthstore.com\/wp-content\/uploads\/2020\/08\/logo-dutchhealthstore-jpg-e1599484957574.jpg","contentUrl":"https:\/\/dutchhealthstore.com\/wp-content\/uploads\/2020\/08\/logo-dutchhealthstore-jpg-e1599484957574.jpg","width":400,"height":62,"caption":"Dutch Health Store"},"image":{"@id":"https:\/\/dutchhealthstore.com\/fr\/#\/schema\/logo\/image\/"},"sameAs":["https:\/\/www.instagram.com\/dutchhealthstore\/","https:\/\/www.facebook.com\/dutchhealthstore"]}]},"product_brand":"Living Libations","product_price_amount":"87.00","product_price_currency":"EUR","og_availability":"instock","product_availability":"instock","product_condition":"new"},"_links":{"self":[{"href":"https:\/\/dutchhealthstore.com\/fr\/wp-json\/wp\/v2\/product\/117751","targetHints":{"allow":["GET"]}}],"collection":[{"href":"https:\/\/dutchhealthstore.com\/fr\/wp-json\/wp\/v2\/product"}],"about":[{"href":"https:\/\/dutchhealthstore.com\/fr\/wp-json\/wp\/v2\/types\/product"}],"replies":[{"embeddable":true,"href":"https:\/\/dutchhealthstore.com\/fr\/wp-json\/wp\/v2\/comments?post=117751"}],"wp:featuredmedia":[{"embeddable":true,"href":"https:\/\/dutchhealthstore.com\/fr\/wp-json\/wp\/v2\/media\/101376"}],"wp:attachment":[{"href":"https:\/\/dutchhealthstore.com\/fr\/wp-json\/wp\/v2\/media?parent=117751"}],"wp:term":[{"taxonomy":"product_brand","embeddable":true,"href":"https:\/\/dutchhealthstore.com\/fr\/wp-json\/wp\/v2\/product_brand?post=117751"},{"taxonomy":"product_cat","embeddable":true,"href":"https:\/\/dutchhealthstore.com\/fr\/wp-json\/wp\/v2\/product_cat?post=117751"},{"taxonomy":"product_tag","embeddable":true,"href":"https:\/\/dutchhealthstore.com\/fr\/wp-json\/wp\/v2\/product_tag?post=117751"}],"curies":[{"name":"wp","href":"https:\/\/api.w.org\/{rel}","templated":true}]}}