{"id":117742,"date":"2020-06-15T06:48:42","date_gmt":"2020-06-15T04:48:42","guid":{"rendered":"https:\/\/dutchhealthstore.com\/product\/coffee-bean-essential-oil\/"},"modified":"2024-09-23T13:32:50","modified_gmt":"2024-09-23T11:32:50","slug":"coffee-bean-essential-oil","status":"publish","type":"product","link":"https:\/\/dutchhealthstore.com\/fr\/product\/coffee-bean-essential-oil\/","title":{"rendered":"Coffee Bean Essential Oil"},"content":{"rendered":"<p><img decoding=\"async\" class=\"size-full wp-image-69549 alignright\" src=\"https:\/\/dutchhealthstore.com\/wp-content\/uploads\/2019\/08\/NEW-Living-Libations-Logo.jpg\" alt=\"NEW - Living Libations - Logo\" width=\"175\" height=\"82\"><\/p>\n<p><strong>Nom botanique :<\/strong> Coffea arabica<br \/>\n<strong>Famille botanique :<\/strong> Rubiaceae<br \/>\n<strong>M\u00e9thode d&rsquo;extraction :<\/strong> CO2<br \/>\n<strong>Partie de la plante distill\u00e9e :<\/strong> Haricot<br \/>\n<strong>Pays d&rsquo;origine :<\/strong> Italie<br \/>\n<strong>M\u00e9thode de culture :<\/strong> Organique<br \/>\n<strong>Composition :<\/strong> 100% Coffea arabica<br \/>\n<strong>Consistance :<\/strong> Viscosit\u00e9 moyenne<\/p>\n<h3>Description de l&rsquo;odeur<\/h3>\n<p>Une audace fra\u00eechement brass\u00e9e avec des notes de chocolat grill\u00e9 et de moka.<\/p>\n<h3>Dans Living Libations<\/h3>\n<p>Chocolate Mocha Lover Lips, et CelluLight Formula.<\/p>\n<h3>Se marie bien avec<\/h3>\n<p>Menthe poivr\u00e9e, Cannelle, Gingembre, Citron, Cardamome, Carotte et Vanille.<\/p>\n<h3>Utilisations<\/h3>\n<p>Donne de l&rsquo;\u00e9nergie. Stimulateur d&rsquo;humeur. D\u00e9sodorisant d&rsquo;ambiance. Huile de massage lissant la peau. Parfait dans les parfums succulents. Propre dans une douche ou un bain du matin. Quelques gouttes de notre huile dans le bain d\u00e9tendront les muscles tendus.<\/p>\n<a href=\"https:\/\/dutchhealthstore.com\/wp-content\/uploads\/2020\/06\/ANALYSIS-Coffee-Bean-Essential-Oil-Living-Libations-3.pdf\" class=\"button primary is-primary is-small\"  >\n\t\t<span>ANALYSE DES HUILES ESSENTIELLES &gt;<\/span>\n\t<\/a>\n\n<p>Entre le XIe et le XVIIe si\u00e8cle, l&rsquo;engouement pour le grain de caf\u00e9 s&rsquo;est r\u00e9pandu dans le monde entier \u00e0 la vitesse de l&rsquo;\u00e9clair. Les racines du caf\u00e9 remontent \u00e0 l&rsquo;\u00c9thiopie, o\u00f9 sont apparus les premiers caf\u00e9iers, et \u00e0 l&rsquo;Arabie antique, o\u00f9 les moines sirotaient le jus noir du grain pendant leurs pri\u00e8res matinales. En Afrique, les guerriers fatigu\u00e9s de la bataille ajoutaient des grains de caf\u00e9 \u00e9cras\u00e9s \u00e0 leur viande pour se revitaliser avant de retourner sur le champ de bataille. Au XVIIIe si\u00e8cle, un arbuste du caf\u00e9ier personnel du roi Louis XIV a \u00e9t\u00e9 plant\u00e9 sur l&rsquo;\u00eele tropicale de la Martinique, il n&rsquo;a fallu que quelques d\u00e9cennies pour que vingt millions de caf\u00e9iers germent !<\/p>\n<p>Gr\u00e2ce \u00e0 notre essence sp\u00e9ciale de grains de caf\u00e9 super-extraits, vous pouvez vous pr\u00e9lasser et vous baigner dans la magie du moka de l&rsquo;ar\u00f4me du caf\u00e9 en reniflant simplement le flacon, dans des cr\u00e9ations culinaires, des s\u00e9rums et des bains &#8211; sans caf\u00e9ine ! Le fruit du caf\u00e9ier peut r\u00e9jouir votre humeur, exciter votre esprit et adoucir votre teint.<\/p>\n<p>Les pouvoirs all\u00e9chants du grain de caf\u00e9 sont r\u00e9put\u00e9s dans le monde entier. Exploitez votre verve int\u00e9rieure avec notre essence de grains de caf\u00e9, et profitez de l&rsquo;ardeur \u00e9prouv\u00e9e de Coffea Arabica.<\/p>\n<p><strong>Taille : 5 ml, 15 ml et 30 ml<\/strong><\/p>\n<h3>Ingr\u00e9dients biologiques<\/h3>\n<p>100% huile essentielle de grains de caf\u00e9 (Coffea arabica).<\/p>\n<p style=\"text-align: center;\"><em>\u00ab\u00a0Nous pr\u00e9parerons le caf\u00e9 de la r\u00e9conciliation \u00e0 travers le filtre de la justice. Gr\u00e2ce \u00e0 la r\u00e9conciliation, des ruisseaux de larmes viendront \u00e0 nos yeux.\u00a0\u00bb<\/em><br \/>\n~ Jean-Bertrand Aristide<\/p>\n<p style=\"text-align: center;\"><em>\u00ab\u00a0Avant d&rsquo;\u00eatre transform\u00e9 en boisson chaude, le caf\u00e9 \u00e9tait utilis\u00e9 comme aliment, vin et pr\u00e9parations. En Am\u00e9rique latine, les feuilles sont bouillies et utilis\u00e9es dans des bains pour les douleurs musculaires et articulaires.\u00a0\u00bb<\/em><br \/>\n~ Carol and David Schiller, <strong>The Aromatherapy Encyclopedia: A Concise Guide to Over 385 Plant Oils<\/strong><\/p>\n<p>&nbsp;<\/p>\n<p><img fetchpriority=\"high\" decoding=\"async\" class=\"size-medium wp-image-68103 aligncenter\" src=\"https:\/\/dutchhealthstore.com\/wp-content\/uploads\/2018\/02\/Living-Libations-Organic-Logo-800x89.png\" alt=\"Living Libations - Organic Logo\" width=\"800\" height=\"89\" srcset=\"https:\/\/dutchhealthstore.com\/wp-content\/uploads\/2018\/02\/Living-Libations-Organic-Logo-800x89.png 800w, https:\/\/dutchhealthstore.com\/wp-content\/uploads\/2018\/02\/Living-Libations-Organic-Logo-510x57.png 510w, https:\/\/dutchhealthstore.com\/wp-content\/uploads\/2018\/02\/Living-Libations-Organic-Logo-768x85.png 768w, https:\/\/dutchhealthstore.com\/wp-content\/uploads\/2018\/02\/Living-Libations-Organic-Logo.png 1400w\" sizes=\"(max-width: 800px) 100vw, 800px\" \/><\/p>\n","protected":false},"excerpt":{"rendered":"<p><strong>Coffee Bean<\/strong> Essential Oil de Living Libations est extraite de grains organiques de la boisson la plus r\u00e9pandue au monde. Apr\u00e8s tout, la meilleure partie du r\u00e9veil est l&rsquo;aromath\u00e9rapie dans votre tasse !<br \/>\nProfitez de l&rsquo;ar\u00f4me exaltant du moka torr\u00e9fi\u00e9 \u00e0 toute heure du jour ou de la nuit gr\u00e2ce \u00e0 notre magnifique m\u00e9lange, cr\u00e9\u00e9 \u00e0 l&rsquo;aide de m\u00e9thodes d&rsquo;extraction supercritiques de pointe qui permettent de capturer l&rsquo;enchantement du caf\u00e9.<\/p>\n","protected":false},"featured_media":106852,"comment_status":"open","ping_status":"closed","template":"","meta":[],"product_brand":[],"product_cat":[6734,1507,1211,1209,3757,6733],"product_tag":[4495],"class_list":{"0":"post-117742","1":"product","2":"type-product","3":"status-publish","4":"has-post-thumbnail","6":"product_cat-essential-oils","7":"product_cat-plantes-huiles-essentielles-living-libations","8":"product_cat-living-libations-france","9":"product_cat-par-marques","10":"product_cat-plantes-huiles-essentielles","11":"product_cat-wellness-fr-2","12":"product_tag-essential-oil-fr","13":"pa_brand-livinglibations-fr","14":"pa_essential-oils-product-type-essential-oils-fr","15":"pa_size-5-ml-fr","16":"pa_size-15-ml-fr","17":"pa_size-30-ml-fr","19":"first","20":"instock","21":"taxable","22":"shipping-taxable","23":"purchasable","24":"product-type-variable"},"bundled_by":[],"bundle_stock_status":"instock","bundle_stock_quantity":null,"bundle_virtual":false,"bundle_layout":"","bundle_add_to_cart_form_location":"","bundle_editable_in_cart":false,"bundle_sold_individually_context":"","bundle_item_grouping":"","bundle_min_size":"","bundle_max_size":"","bundle_price":[],"bundled_items":[],"bundle_sell_ids":[],"atum_controlled":true,"out_stock_date":null,"out_stock_threshold":null,"inheritable":true,"stock_on_hold":0,"sold_today":0,"sales_last_days":0,"out_stock_days":0,"lost_sales":0,"update_date":"2026-04-04T01:46:16","atum_locations":[],"atum_stock_status":"instock","restock_status":false,"low_stock_amount":"","sales_update_date":"2026-04-04T01:46:16","calc_backorders":null,"group_of_quantity":0,"min_quantity":0,"max_quantity":"","exclude_order_quantity_value_rules":"no","exclude_category_quantity_rules":"no","combine_variations":"no","yoast_head":"<!-- This site is optimized with the Yoast SEO Premium plugin v26.5 (Yoast SEO v26.5) - https:\/\/yoast.com\/wordpress\/plugins\/seo\/ -->\n<title>Coffee Bean Essential Oil | Living Libations<\/title>\n<meta name=\"description\" content=\"Coffee Bean Essential Oil de Living Libations est extraite de grains organiques de la boisson la plus r\u00e9pandue au monde.\" \/>\n<meta name=\"robots\" content=\"index, follow, max-snippet:-1, max-image-preview:large, max-video-preview:-1\" \/>\n<link rel=\"canonical\" href=\"https:\/\/dutchhealthstore.com\/fr\/product\/coffee-bean-essential-oil\/\" \/>\n<meta property=\"og:locale\" content=\"fr_FR\" \/>\n<meta property=\"og:type\" content=\"article\" \/>\n<meta property=\"og:title\" content=\"Coffee Bean Essential Oil - Dutch Health Store\" \/>\n<meta property=\"og:description\" content=\"Coffee Bean Essential Oil de Living Libations est extraite de grains organiques de la boisson la plus r\u00e9pandue au monde.\" \/>\n<meta property=\"og:url\" content=\"https:\/\/dutchhealthstore.com\/fr\/product\/coffee-bean-essential-oil\/\" \/>\n<meta property=\"og:site_name\" content=\"Dutch Health Store\" \/>\n<meta property=\"article:publisher\" content=\"https:\/\/www.instagram.com\/dutchhealthstore\/\" \/>\n<meta property=\"article:modified_time\" content=\"2024-09-23T11:32:50+00:00\" \/>\n<meta property=\"og:image\" content=\"https:\/\/dutchhealthstore.com\/wp-content\/uploads\/2020\/06\/living-libations-coffee-bean-e1592202747469.jpg\" \/>\n\t<meta property=\"og:image:width\" content=\"500\" \/>\n\t<meta property=\"og:image:height\" content=\"500\" \/>\n\t<meta property=\"og:image:type\" content=\"image\/jpeg\" \/>\n<meta name=\"twitter:card\" content=\"summary_large_image\" \/>\n<meta name=\"twitter:label1\" content=\"Disponibilit\u00e9\" \/>\n\t<meta name=\"twitter:data1\" content=\"En stock\" \/>\n<script type=\"application\/ld+json\" class=\"yoast-schema-graph\">{\"@context\":\"https:\/\/schema.org\",\"@graph\":[{\"@type\":\"WebPage\",\"@id\":\"https:\/\/dutchhealthstore.com\/fr\/product\/coffee-bean-essential-oil\/\",\"url\":\"https:\/\/dutchhealthstore.com\/fr\/product\/coffee-bean-essential-oil\/\",\"name\":\"Coffee Bean Essential Oil | Living Libations\",\"isPartOf\":{\"@id\":\"https:\/\/dutchhealthstore.com\/fr\/#website\"},\"primaryImageOfPage\":{\"@id\":\"https:\/\/dutchhealthstore.com\/fr\/product\/coffee-bean-essential-oil\/#primaryimage\"},\"image\":{\"@id\":\"https:\/\/dutchhealthstore.com\/fr\/product\/coffee-bean-essential-oil\/#primaryimage\"},\"thumbnailUrl\":\"https:\/\/dutchhealthstore.com\/wp-content\/uploads\/2020\/06\/living-libations-coffee-bean-e1592202747469.jpg\",\"datePublished\":\"2020-06-15T04:48:42+00:00\",\"dateModified\":\"2024-09-23T11:32:50+00:00\",\"description\":\"Coffee Bean Essential Oil de Living Libations est extraite de grains organiques de la boisson la plus r\u00e9pandue au monde.\",\"breadcrumb\":{\"@id\":\"https:\/\/dutchhealthstore.com\/fr\/product\/coffee-bean-essential-oil\/#breadcrumb\"},\"inLanguage\":\"fr-FR\",\"potentialAction\":[{\"@type\":\"ReadAction\",\"target\":[\"https:\/\/dutchhealthstore.com\/fr\/product\/coffee-bean-essential-oil\/\"]}]},{\"@type\":\"ImageObject\",\"inLanguage\":\"fr-FR\",\"@id\":\"https:\/\/dutchhealthstore.com\/fr\/product\/coffee-bean-essential-oil\/#primaryimage\",\"url\":\"https:\/\/dutchhealthstore.com\/wp-content\/uploads\/2020\/06\/living-libations-coffee-bean-e1592202747469.jpg\",\"contentUrl\":\"https:\/\/dutchhealthstore.com\/wp-content\/uploads\/2020\/06\/living-libations-coffee-bean-e1592202747469.jpg\",\"width\":500,\"height\":500},{\"@type\":\"BreadcrumbList\",\"@id\":\"https:\/\/dutchhealthstore.com\/fr\/product\/coffee-bean-essential-oil\/#breadcrumb\",\"itemListElement\":[{\"@type\":\"ListItem\",\"position\":1,\"name\":\"Home\",\"item\":\"https:\/\/dutchhealthstore.com\/fr\/\"},{\"@type\":\"ListItem\",\"position\":2,\"name\":\"Shop\",\"item\":\"https:\/\/dutchhealthstore.com\/fr\/shop\/\"},{\"@type\":\"ListItem\",\"position\":3,\"name\":\"Coffee Bean Essential Oil\"}]},{\"@type\":\"WebSite\",\"@id\":\"https:\/\/dutchhealthstore.com\/fr\/#website\",\"url\":\"https:\/\/dutchhealthstore.com\/fr\/\",\"name\":\"Dutch Health Store\",\"description\":\"Enhance Your Beauty with Organic &amp; Natural Skincare\",\"publisher\":{\"@id\":\"https:\/\/dutchhealthstore.com\/fr\/#organization\"},\"potentialAction\":[{\"@type\":\"SearchAction\",\"target\":{\"@type\":\"EntryPoint\",\"urlTemplate\":\"https:\/\/dutchhealthstore.com\/fr\/?s={search_term_string}\"},\"query-input\":{\"@type\":\"PropertyValueSpecification\",\"valueRequired\":true,\"valueName\":\"search_term_string\"}}],\"inLanguage\":\"fr-FR\"},{\"@type\":\"Organization\",\"@id\":\"https:\/\/dutchhealthstore.com\/fr\/#organization\",\"name\":\"Dutch Health Store\",\"url\":\"https:\/\/dutchhealthstore.com\/fr\/\",\"logo\":{\"@type\":\"ImageObject\",\"inLanguage\":\"fr-FR\",\"@id\":\"https:\/\/dutchhealthstore.com\/fr\/#\/schema\/logo\/image\/\",\"url\":\"https:\/\/dutchhealthstore.com\/wp-content\/uploads\/2020\/08\/logo-dutchhealthstore-jpg-e1599484957574.jpg\",\"contentUrl\":\"https:\/\/dutchhealthstore.com\/wp-content\/uploads\/2020\/08\/logo-dutchhealthstore-jpg-e1599484957574.jpg\",\"width\":400,\"height\":62,\"caption\":\"Dutch Health Store\"},\"image\":{\"@id\":\"https:\/\/dutchhealthstore.com\/fr\/#\/schema\/logo\/image\/\"},\"sameAs\":[\"https:\/\/www.instagram.com\/dutchhealthstore\/\",\"https:\/\/www.facebook.com\/dutchhealthstore\"]}]}<\/script>\n<meta property=\"product:brand\" content=\"Living Libations\" \/>\n<meta property=\"og:availability\" content=\"instock\" \/>\n<meta property=\"product:availability\" content=\"instock\" \/>\n<meta property=\"product:condition\" content=\"new\" \/>\n<!-- \/ Yoast SEO Premium plugin. -->","yoast_head_json":{"title":"Coffee Bean Essential Oil | Living Libations","description":"Coffee Bean Essential Oil de Living Libations est extraite de grains organiques de la boisson la plus r\u00e9pandue au monde.","robots":{"index":"index","follow":"follow","max-snippet":"max-snippet:-1","max-image-preview":"max-image-preview:large","max-video-preview":"max-video-preview:-1"},"canonical":"https:\/\/dutchhealthstore.com\/fr\/product\/coffee-bean-essential-oil\/","og_locale":"fr_FR","og_type":"article","og_title":"Coffee Bean Essential Oil - Dutch Health Store","og_description":"Coffee Bean Essential Oil de Living Libations est extraite de grains organiques de la boisson la plus r\u00e9pandue au monde.","og_url":"https:\/\/dutchhealthstore.com\/fr\/product\/coffee-bean-essential-oil\/","og_site_name":"Dutch Health Store","article_publisher":"https:\/\/www.instagram.com\/dutchhealthstore\/","article_modified_time":"2024-09-23T11:32:50+00:00","og_image":[{"width":500,"height":500,"url":"https:\/\/dutchhealthstore.com\/wp-content\/uploads\/2020\/06\/living-libations-coffee-bean-e1592202747469.jpg","type":"image\/jpeg"}],"twitter_card":"summary_large_image","twitter_misc":{"Disponibilit\u00e9":"En stock"},"schema":{"@context":"https:\/\/schema.org","@graph":[{"@type":"WebPage","@id":"https:\/\/dutchhealthstore.com\/fr\/product\/coffee-bean-essential-oil\/","url":"https:\/\/dutchhealthstore.com\/fr\/product\/coffee-bean-essential-oil\/","name":"Coffee Bean Essential Oil | Living Libations","isPartOf":{"@id":"https:\/\/dutchhealthstore.com\/fr\/#website"},"primaryImageOfPage":{"@id":"https:\/\/dutchhealthstore.com\/fr\/product\/coffee-bean-essential-oil\/#primaryimage"},"image":{"@id":"https:\/\/dutchhealthstore.com\/fr\/product\/coffee-bean-essential-oil\/#primaryimage"},"thumbnailUrl":"https:\/\/dutchhealthstore.com\/wp-content\/uploads\/2020\/06\/living-libations-coffee-bean-e1592202747469.jpg","datePublished":"2020-06-15T04:48:42+00:00","dateModified":"2024-09-23T11:32:50+00:00","description":"Coffee Bean Essential Oil de Living Libations est extraite de grains organiques de la boisson la plus r\u00e9pandue au monde.","breadcrumb":{"@id":"https:\/\/dutchhealthstore.com\/fr\/product\/coffee-bean-essential-oil\/#breadcrumb"},"inLanguage":"fr-FR","potentialAction":[{"@type":"ReadAction","target":["https:\/\/dutchhealthstore.com\/fr\/product\/coffee-bean-essential-oil\/"]}]},{"@type":"ImageObject","inLanguage":"fr-FR","@id":"https:\/\/dutchhealthstore.com\/fr\/product\/coffee-bean-essential-oil\/#primaryimage","url":"https:\/\/dutchhealthstore.com\/wp-content\/uploads\/2020\/06\/living-libations-coffee-bean-e1592202747469.jpg","contentUrl":"https:\/\/dutchhealthstore.com\/wp-content\/uploads\/2020\/06\/living-libations-coffee-bean-e1592202747469.jpg","width":500,"height":500},{"@type":"BreadcrumbList","@id":"https:\/\/dutchhealthstore.com\/fr\/product\/coffee-bean-essential-oil\/#breadcrumb","itemListElement":[{"@type":"ListItem","position":1,"name":"Home","item":"https:\/\/dutchhealthstore.com\/fr\/"},{"@type":"ListItem","position":2,"name":"Shop","item":"https:\/\/dutchhealthstore.com\/fr\/shop\/"},{"@type":"ListItem","position":3,"name":"Coffee Bean Essential Oil"}]},{"@type":"WebSite","@id":"https:\/\/dutchhealthstore.com\/fr\/#website","url":"https:\/\/dutchhealthstore.com\/fr\/","name":"Dutch Health Store","description":"Enhance Your Beauty with Organic &amp; Natural Skincare","publisher":{"@id":"https:\/\/dutchhealthstore.com\/fr\/#organization"},"potentialAction":[{"@type":"SearchAction","target":{"@type":"EntryPoint","urlTemplate":"https:\/\/dutchhealthstore.com\/fr\/?s={search_term_string}"},"query-input":{"@type":"PropertyValueSpecification","valueRequired":true,"valueName":"search_term_string"}}],"inLanguage":"fr-FR"},{"@type":"Organization","@id":"https:\/\/dutchhealthstore.com\/fr\/#organization","name":"Dutch Health Store","url":"https:\/\/dutchhealthstore.com\/fr\/","logo":{"@type":"ImageObject","inLanguage":"fr-FR","@id":"https:\/\/dutchhealthstore.com\/fr\/#\/schema\/logo\/image\/","url":"https:\/\/dutchhealthstore.com\/wp-content\/uploads\/2020\/08\/logo-dutchhealthstore-jpg-e1599484957574.jpg","contentUrl":"https:\/\/dutchhealthstore.com\/wp-content\/uploads\/2020\/08\/logo-dutchhealthstore-jpg-e1599484957574.jpg","width":400,"height":62,"caption":"Dutch Health Store"},"image":{"@id":"https:\/\/dutchhealthstore.com\/fr\/#\/schema\/logo\/image\/"},"sameAs":["https:\/\/www.instagram.com\/dutchhealthstore\/","https:\/\/www.facebook.com\/dutchhealthstore"]}]},"product_brand":"Living Libations","og_availability":"instock","product_availability":"instock","product_condition":"new"},"_links":{"self":[{"href":"https:\/\/dutchhealthstore.com\/fr\/wp-json\/wp\/v2\/product\/117742","targetHints":{"allow":["GET"]}}],"collection":[{"href":"https:\/\/dutchhealthstore.com\/fr\/wp-json\/wp\/v2\/product"}],"about":[{"href":"https:\/\/dutchhealthstore.com\/fr\/wp-json\/wp\/v2\/types\/product"}],"replies":[{"embeddable":true,"href":"https:\/\/dutchhealthstore.com\/fr\/wp-json\/wp\/v2\/comments?post=117742"}],"wp:featuredmedia":[{"embeddable":true,"href":"https:\/\/dutchhealthstore.com\/fr\/wp-json\/wp\/v2\/media\/106852"}],"wp:attachment":[{"href":"https:\/\/dutchhealthstore.com\/fr\/wp-json\/wp\/v2\/media?parent=117742"}],"wp:term":[{"taxonomy":"product_brand","embeddable":true,"href":"https:\/\/dutchhealthstore.com\/fr\/wp-json\/wp\/v2\/product_brand?post=117742"},{"taxonomy":"product_cat","embeddable":true,"href":"https:\/\/dutchhealthstore.com\/fr\/wp-json\/wp\/v2\/product_cat?post=117742"},{"taxonomy":"product_tag","embeddable":true,"href":"https:\/\/dutchhealthstore.com\/fr\/wp-json\/wp\/v2\/product_tag?post=117742"}],"curies":[{"name":"wp","href":"https:\/\/api.w.org\/{rel}","templated":true}]}}