{"id":117722,"date":"2018-02-10T20:06:30","date_gmt":"2018-02-10T19:06:30","guid":{"rendered":"https:\/\/dutchhealthstore.com\/product\/clove-bud-essential-oil\/"},"modified":"2026-02-21T19:36:29","modified_gmt":"2026-02-21T18:36:29","slug":"clove-bud-essential-oil","status":"publish","type":"product","link":"https:\/\/dutchhealthstore.com\/fr\/product\/clove-bud-essential-oil\/","title":{"rendered":"Clove Bud Essential Oil"},"content":{"rendered":"<p><img decoding=\"async\" class=\"alignright size-full wp-image-37041\" src=\"https:\/\/dutchhealthstore.com\/wp-content\/uploads\/2018\/04\/Living_Libations-1.png\" alt=\"Organic &amp; Natural Beautyproducts - Living Libations\" width=\"175\" height=\"82\">L&rsquo;huile de clou de girofle a une valeur ORAC (capacit\u00e9 antioxydante) tr\u00e8s \u00e9lev\u00e9e et de profondes qualit\u00e9s de gu\u00e9rison. C&rsquo;est une huile anti-microbienne, anti-virale et anti-fongique puissante. Le clou de girofle entre \u00e9galement dans la composition de m\u00e9langes antiparasitaires.<\/p>\n<p>Historiquement, l&rsquo;huile de girofle \u00e9tait utilis\u00e9e pour engourdir les douleurs dentaires. Depuis l&rsquo;Antiquit\u00e9, le clou de girofle aide \u00e0 garder la bouche propre et saine. Comme son nom latin le sugg\u00e8re, le girofle contient une forte concentration d&rsquo;un constituant unique appel\u00e9 eug\u00e9nol. L&rsquo;eug\u00e9nol conf\u00e8re \u00e0 l&rsquo;huile de clou de girofle son action impressionnante contre les agents pathog\u00e8nes et les microbes. Avec son parfum chaud et \u00e9pic\u00e9, l&rsquo;huile essentielle de clou de girofle apporte une touche savoureuse et curative \u00e0 tout m\u00e9lange.<\/p>\n<p><strong>Nom botanique:<\/strong> Eugenia carophyllata<br \/>\n<strong>Famille botanique:<\/strong> Myrtaceae<br \/>\n<strong>M\u00e9thode d&rsquo;extraction:<\/strong> Distillation \u00e0 la vapeur<br \/>\n<strong>Partie de la plante distill\u00e9e:<\/strong> Bourgeons<br \/>\n<strong>Pays d&rsquo;origine:<\/strong> Madagascar<br \/>\n<strong>M\u00e9thode de culture:<\/strong> Organique<br \/>\n<strong>Composition:<\/strong> 100% Eugenia carophyllata<br \/>\n<strong>Consistance:<\/strong> Viscosit\u00e9 fine<\/p>\n<h3>Description de l&rsquo;odeur<\/h3>\n<p>Notes bois\u00e9es \u00e9pic\u00e9es, douces et chaudes.<\/p>\n<h3>Dans les produits de libations<\/h3>\n<p>Healthy Gum Drops, Yogi Tooth Serum, Wild Child Healthy Gum Drops, Ozonated Healthy Gum Drops et Immune Illume Hotberry.<\/p>\n<h3>Se m\u00e9lange avec<\/h3>\n<p>Cannelle, Petitgrain, Ylang Ylang, Menthe poivr\u00e9e, Jasmin et Pamplemousse.<\/p>\n<h3>Utilisations<strong><br \/>\n<\/strong><\/h3>\n<p>Toujours utilis\u00e9 dilu\u00e9 (1-3%) dans l&rsquo;huile de noix de coco, l&rsquo;huile d&rsquo;olive ou le miel comme huile culinaire. Elle peut \u00e9galement \u00eatre dilu\u00e9e dans une huile de support telle que le jojoba ou l&rsquo;argousier. Appliquer dilu\u00e9 dans la bouche ou le long du fil dentaire pour une haleine des plus fra\u00eeches. Ajoutez \u00e0 un diffuseur quelques gouttes d&rsquo;huile de cannelle, d&rsquo;une huile d&rsquo;agrumes ou d&rsquo;huiles de sapin pour obtenir un parfum chaleureux et accueillant dans la maison. Il est \u00e9galement tr\u00e8s agr\u00e9able dans les liniments de massage avec la lavande. L&rsquo;huile essentielle peut \u00e9galement \u00eatre utilis\u00e9e en remplacement de l&rsquo;\u00e9pice s\u00e9ch\u00e9e &#8211; une petite touche suffit!<\/p>\n<h3>Ingr\u00e9dients Biologiques<\/h3>\n<p><em>Huile essentielle de<\/em> <em>clou de girofle<\/em> (eugenia carophyllata) 100% pure.<\/p>\n<p><img fetchpriority=\"high\" decoding=\"async\" class=\"size-full wp-image-31577 aligncenter\" src=\"https:\/\/dutchhealthstore.com\/wp-content\/uploads\/2018\/03\/organic_big.png\" alt=\"Organic and Natural - Living Libations\" width=\"623\" height=\"103\" srcset=\"https:\/\/dutchhealthstore.com\/wp-content\/uploads\/2018\/03\/organic_big.png 623w, https:\/\/dutchhealthstore.com\/wp-content\/uploads\/2018\/03\/organic_big-510x84.png 510w, https:\/\/dutchhealthstore.com\/wp-content\/uploads\/2018\/03\/organic_big-600x99.png 600w, https:\/\/dutchhealthstore.com\/wp-content\/uploads\/2018\/03\/organic_big-350x58.png 350w\" sizes=\"(max-width: 623px) 100vw, 623px\" \/><\/p>\n","protected":false},"excerpt":{"rendered":"<div class=\"product attribute overview\">\n<div class=\"value\">Living Libations Clove Bud Essential Oil est distill\u00e9e \u00e0 la vapeur d&rsquo;eau \u00e0 partir des bourgeons floraux biologiques des girofliers de Madagascar. Cette puissante plante culinaire est un puissant rafra\u00eechisseur d&rsquo;haleine, le roi des soins bucco-dentaires et quelques gouttes dans un <a href=\"https:\/\/dutchhealthstore.com\/product\/breeze-aroma-diffuser\/\">diffuseur<\/a> illuminent l&rsquo;air d&rsquo;un accueil chaleureux.<\/div>\n<\/div>\n<div class=\"price-box price-tier_price\" data-role=\"priceBox\" data-product-id=\"900\"><\/div>\n<div class=\"product-add-form\">\n<form id=\"product_addtocart_form\" action=\"https:\/\/www.livinglibations.com\/us\/checkout\/cart\/add\/uenc\/aHR0cHM6Ly93d3cubGl2aW5nbGliYXRpb25zLmNvbS91cy9jbG92ZS1idWQtZXNzZW50aWFsLW9pbD9fX3N0b3JlPXVz\/product\/900\/\" method=\"post\" novalidate=\"novalidate\" data-product-sku=\"1090\">\n<div class=\"col-md-7 noPad\">\n<div id=\"product-options-wrapper\" class=\"sizeSelect\" data-hasrequired=\"* Required Fields\">\n<div class=\"fieldset\" tabindex=\"0\"><\/div>\n<\/div>\n<\/div>\n<\/form>\n<\/div>\n","protected":false},"featured_media":113054,"comment_status":"open","ping_status":"closed","template":"","meta":[],"product_brand":[],"product_cat":[6734,1507,1211,1209,3757,1010,6733],"product_tag":[4495],"class_list":{"0":"post-117722","1":"product","2":"type-product","3":"status-publish","4":"has-post-thumbnail","6":"product_cat-essential-oils","7":"product_cat-plantes-huiles-essentielles-living-libations","8":"product_cat-living-libations-france","9":"product_cat-par-marques","10":"product_cat-plantes-huiles-essentielles","11":"product_cat-notre-boutique","12":"product_cat-wellness-fr-2","13":"product_tag-essential-oil-fr","14":"pa_brand-livinglibations-fr","15":"pa_essential-oils-product-type-essential-oils-fr","16":"pa_size-5-ml-fr","17":"pa_size-15-ml-fr","19":"first","20":"instock","21":"taxable","22":"shipping-taxable","23":"purchasable","24":"product-type-variable"},"bundled_by":[],"bundle_stock_status":"instock","bundle_stock_quantity":null,"bundle_virtual":false,"bundle_layout":"","bundle_add_to_cart_form_location":"","bundle_editable_in_cart":false,"bundle_sold_individually_context":"","bundle_item_grouping":"","bundle_min_size":"","bundle_max_size":"","bundle_price":[],"bundled_items":[],"bundle_sell_ids":[],"atum_controlled":true,"out_stock_date":null,"out_stock_threshold":null,"inheritable":true,"stock_on_hold":1,"sold_today":0,"sales_last_days":1,"out_stock_days":0,"lost_sales":0,"update_date":"2026-04-09T07:23:38","atum_locations":[],"atum_stock_status":"instock","restock_status":false,"low_stock_amount":"","sales_update_date":"2026-04-09T07:23:38","calc_backorders":null,"group_of_quantity":0,"min_quantity":0,"max_quantity":"","exclude_order_quantity_value_rules":"no","exclude_category_quantity_rules":"no","combine_variations":"no","yoast_head":"<!-- This site is optimized with the Yoast SEO Premium plugin v26.5 (Yoast SEO v26.5) - https:\/\/yoast.com\/wordpress\/plugins\/seo\/ -->\n<title>Clove Bud Essential Oil | Living Libations<\/title>\n<meta name=\"description\" content=\"Living Libations\u2019 Clove Bud essential oil est distill\u00e9e \u00e0 la vapeur d&#039;eau \u00e0 partir des boutons floraux biologiques des girofliers de Madagascar.\" \/>\n<meta name=\"robots\" content=\"index, follow, max-snippet:-1, max-image-preview:large, max-video-preview:-1\" \/>\n<link rel=\"canonical\" href=\"https:\/\/dutchhealthstore.com\/fr\/product\/clove-bud-essential-oil\/\" \/>\n<meta property=\"og:locale\" content=\"fr_FR\" \/>\n<meta property=\"og:type\" content=\"article\" \/>\n<meta property=\"og:title\" content=\"Clove Bud Essential Oil - Dutch Health Store\" \/>\n<meta property=\"og:description\" content=\"Living Libations\u2019 Clove Bud essential oil est distill\u00e9e \u00e0 la vapeur d&#039;eau \u00e0 partir des boutons floraux biologiques des girofliers de Madagascar.\" \/>\n<meta property=\"og:url\" content=\"https:\/\/dutchhealthstore.com\/fr\/product\/clove-bud-essential-oil\/\" \/>\n<meta property=\"og:site_name\" content=\"Dutch Health Store\" \/>\n<meta property=\"article:publisher\" content=\"https:\/\/www.instagram.com\/dutchhealthstore\/\" \/>\n<meta property=\"article:modified_time\" content=\"2026-02-21T18:36:29+00:00\" \/>\n<meta property=\"og:image\" content=\"https:\/\/dutchhealthstore.com\/wp-content\/uploads\/2018\/02\/Living-Libations-Clove-Bud-Essential-Oil-e1594626227118.png\" \/>\n\t<meta property=\"og:image:width\" content=\"500\" \/>\n\t<meta property=\"og:image:height\" content=\"500\" \/>\n\t<meta property=\"og:image:type\" content=\"image\/jpeg\" \/>\n<meta name=\"twitter:card\" content=\"summary_large_image\" \/>\n<meta name=\"twitter:label1\" content=\"Disponibilit\u00e9\" \/>\n\t<meta name=\"twitter:data1\" content=\"En stock\" \/>\n<script type=\"application\/ld+json\" class=\"yoast-schema-graph\">{\"@context\":\"https:\/\/schema.org\",\"@graph\":[{\"@type\":\"WebPage\",\"@id\":\"https:\/\/dutchhealthstore.com\/fr\/product\/clove-bud-essential-oil\/\",\"url\":\"https:\/\/dutchhealthstore.com\/fr\/product\/clove-bud-essential-oil\/\",\"name\":\"Clove Bud Essential Oil | Living Libations\",\"isPartOf\":{\"@id\":\"https:\/\/dutchhealthstore.com\/fr\/#website\"},\"primaryImageOfPage\":{\"@id\":\"https:\/\/dutchhealthstore.com\/fr\/product\/clove-bud-essential-oil\/#primaryimage\"},\"image\":{\"@id\":\"https:\/\/dutchhealthstore.com\/fr\/product\/clove-bud-essential-oil\/#primaryimage\"},\"thumbnailUrl\":\"https:\/\/dutchhealthstore.com\/wp-content\/uploads\/2018\/02\/Living-Libations-Clove-Bud-Essential-Oil-e1594626227118.png\",\"datePublished\":\"2018-02-10T19:06:30+00:00\",\"dateModified\":\"2026-02-21T18:36:29+00:00\",\"description\":\"Living Libations\u2019 Clove Bud essential oil est distill\u00e9e \u00e0 la vapeur d'eau \u00e0 partir des boutons floraux biologiques des girofliers de Madagascar.\",\"breadcrumb\":{\"@id\":\"https:\/\/dutchhealthstore.com\/fr\/product\/clove-bud-essential-oil\/#breadcrumb\"},\"inLanguage\":\"fr-FR\",\"potentialAction\":[{\"@type\":\"ReadAction\",\"target\":[\"https:\/\/dutchhealthstore.com\/fr\/product\/clove-bud-essential-oil\/\"]}]},{\"@type\":\"ImageObject\",\"inLanguage\":\"fr-FR\",\"@id\":\"https:\/\/dutchhealthstore.com\/fr\/product\/clove-bud-essential-oil\/#primaryimage\",\"url\":\"https:\/\/dutchhealthstore.com\/wp-content\/uploads\/2018\/02\/Living-Libations-Clove-Bud-Essential-Oil-e1594626227118.png\",\"contentUrl\":\"https:\/\/dutchhealthstore.com\/wp-content\/uploads\/2018\/02\/Living-Libations-Clove-Bud-Essential-Oil-e1594626227118.png\",\"width\":500,\"height\":500,\"caption\":\"Living Libations Clove Bud Essential Oil\"},{\"@type\":\"BreadcrumbList\",\"@id\":\"https:\/\/dutchhealthstore.com\/fr\/product\/clove-bud-essential-oil\/#breadcrumb\",\"itemListElement\":[{\"@type\":\"ListItem\",\"position\":1,\"name\":\"Home\",\"item\":\"https:\/\/dutchhealthstore.com\/fr\/\"},{\"@type\":\"ListItem\",\"position\":2,\"name\":\"Shop\",\"item\":\"https:\/\/dutchhealthstore.com\/fr\/shop\/\"},{\"@type\":\"ListItem\",\"position\":3,\"name\":\"Clove Bud Essential Oil\"}]},{\"@type\":\"WebSite\",\"@id\":\"https:\/\/dutchhealthstore.com\/fr\/#website\",\"url\":\"https:\/\/dutchhealthstore.com\/fr\/\",\"name\":\"Dutch Health Store\",\"description\":\"Enhance Your Beauty with Organic &amp; Natural Skincare\",\"publisher\":{\"@id\":\"https:\/\/dutchhealthstore.com\/fr\/#organization\"},\"potentialAction\":[{\"@type\":\"SearchAction\",\"target\":{\"@type\":\"EntryPoint\",\"urlTemplate\":\"https:\/\/dutchhealthstore.com\/fr\/?s={search_term_string}\"},\"query-input\":{\"@type\":\"PropertyValueSpecification\",\"valueRequired\":true,\"valueName\":\"search_term_string\"}}],\"inLanguage\":\"fr-FR\"},{\"@type\":\"Organization\",\"@id\":\"https:\/\/dutchhealthstore.com\/fr\/#organization\",\"name\":\"Dutch Health Store\",\"url\":\"https:\/\/dutchhealthstore.com\/fr\/\",\"logo\":{\"@type\":\"ImageObject\",\"inLanguage\":\"fr-FR\",\"@id\":\"https:\/\/dutchhealthstore.com\/fr\/#\/schema\/logo\/image\/\",\"url\":\"https:\/\/dutchhealthstore.com\/wp-content\/uploads\/2020\/08\/logo-dutchhealthstore-jpg-e1599484957574.jpg\",\"contentUrl\":\"https:\/\/dutchhealthstore.com\/wp-content\/uploads\/2020\/08\/logo-dutchhealthstore-jpg-e1599484957574.jpg\",\"width\":400,\"height\":62,\"caption\":\"Dutch Health Store\"},\"image\":{\"@id\":\"https:\/\/dutchhealthstore.com\/fr\/#\/schema\/logo\/image\/\"},\"sameAs\":[\"https:\/\/www.instagram.com\/dutchhealthstore\/\",\"https:\/\/www.facebook.com\/dutchhealthstore\"]}]}<\/script>\n<meta property=\"product:brand\" content=\"Living Libations\" \/>\n<meta property=\"og:availability\" content=\"instock\" \/>\n<meta property=\"product:availability\" content=\"instock\" \/>\n<meta property=\"product:condition\" content=\"new\" \/>\n<!-- \/ Yoast SEO Premium plugin. -->","yoast_head_json":{"title":"Clove Bud Essential Oil | Living Libations","description":"Living Libations\u2019 Clove Bud essential oil est distill\u00e9e \u00e0 la vapeur d'eau \u00e0 partir des boutons floraux biologiques des girofliers de Madagascar.","robots":{"index":"index","follow":"follow","max-snippet":"max-snippet:-1","max-image-preview":"max-image-preview:large","max-video-preview":"max-video-preview:-1"},"canonical":"https:\/\/dutchhealthstore.com\/fr\/product\/clove-bud-essential-oil\/","og_locale":"fr_FR","og_type":"article","og_title":"Clove Bud Essential Oil - Dutch Health Store","og_description":"Living Libations\u2019 Clove Bud essential oil est distill\u00e9e \u00e0 la vapeur d'eau \u00e0 partir des boutons floraux biologiques des girofliers de Madagascar.","og_url":"https:\/\/dutchhealthstore.com\/fr\/product\/clove-bud-essential-oil\/","og_site_name":"Dutch Health Store","article_publisher":"https:\/\/www.instagram.com\/dutchhealthstore\/","article_modified_time":"2026-02-21T18:36:29+00:00","og_image":[{"width":500,"height":500,"url":"https:\/\/dutchhealthstore.com\/wp-content\/uploads\/2018\/02\/Living-Libations-Clove-Bud-Essential-Oil-e1594626227118.png","type":"image\/jpeg"}],"twitter_card":"summary_large_image","twitter_misc":{"Disponibilit\u00e9":"En stock"},"schema":{"@context":"https:\/\/schema.org","@graph":[{"@type":"WebPage","@id":"https:\/\/dutchhealthstore.com\/fr\/product\/clove-bud-essential-oil\/","url":"https:\/\/dutchhealthstore.com\/fr\/product\/clove-bud-essential-oil\/","name":"Clove Bud Essential Oil | Living Libations","isPartOf":{"@id":"https:\/\/dutchhealthstore.com\/fr\/#website"},"primaryImageOfPage":{"@id":"https:\/\/dutchhealthstore.com\/fr\/product\/clove-bud-essential-oil\/#primaryimage"},"image":{"@id":"https:\/\/dutchhealthstore.com\/fr\/product\/clove-bud-essential-oil\/#primaryimage"},"thumbnailUrl":"https:\/\/dutchhealthstore.com\/wp-content\/uploads\/2018\/02\/Living-Libations-Clove-Bud-Essential-Oil-e1594626227118.png","datePublished":"2018-02-10T19:06:30+00:00","dateModified":"2026-02-21T18:36:29+00:00","description":"Living Libations\u2019 Clove Bud essential oil est distill\u00e9e \u00e0 la vapeur d'eau \u00e0 partir des boutons floraux biologiques des girofliers de Madagascar.","breadcrumb":{"@id":"https:\/\/dutchhealthstore.com\/fr\/product\/clove-bud-essential-oil\/#breadcrumb"},"inLanguage":"fr-FR","potentialAction":[{"@type":"ReadAction","target":["https:\/\/dutchhealthstore.com\/fr\/product\/clove-bud-essential-oil\/"]}]},{"@type":"ImageObject","inLanguage":"fr-FR","@id":"https:\/\/dutchhealthstore.com\/fr\/product\/clove-bud-essential-oil\/#primaryimage","url":"https:\/\/dutchhealthstore.com\/wp-content\/uploads\/2018\/02\/Living-Libations-Clove-Bud-Essential-Oil-e1594626227118.png","contentUrl":"https:\/\/dutchhealthstore.com\/wp-content\/uploads\/2018\/02\/Living-Libations-Clove-Bud-Essential-Oil-e1594626227118.png","width":500,"height":500,"caption":"Living Libations Clove Bud Essential Oil"},{"@type":"BreadcrumbList","@id":"https:\/\/dutchhealthstore.com\/fr\/product\/clove-bud-essential-oil\/#breadcrumb","itemListElement":[{"@type":"ListItem","position":1,"name":"Home","item":"https:\/\/dutchhealthstore.com\/fr\/"},{"@type":"ListItem","position":2,"name":"Shop","item":"https:\/\/dutchhealthstore.com\/fr\/shop\/"},{"@type":"ListItem","position":3,"name":"Clove Bud Essential Oil"}]},{"@type":"WebSite","@id":"https:\/\/dutchhealthstore.com\/fr\/#website","url":"https:\/\/dutchhealthstore.com\/fr\/","name":"Dutch Health Store","description":"Enhance Your Beauty with Organic &amp; Natural Skincare","publisher":{"@id":"https:\/\/dutchhealthstore.com\/fr\/#organization"},"potentialAction":[{"@type":"SearchAction","target":{"@type":"EntryPoint","urlTemplate":"https:\/\/dutchhealthstore.com\/fr\/?s={search_term_string}"},"query-input":{"@type":"PropertyValueSpecification","valueRequired":true,"valueName":"search_term_string"}}],"inLanguage":"fr-FR"},{"@type":"Organization","@id":"https:\/\/dutchhealthstore.com\/fr\/#organization","name":"Dutch Health Store","url":"https:\/\/dutchhealthstore.com\/fr\/","logo":{"@type":"ImageObject","inLanguage":"fr-FR","@id":"https:\/\/dutchhealthstore.com\/fr\/#\/schema\/logo\/image\/","url":"https:\/\/dutchhealthstore.com\/wp-content\/uploads\/2020\/08\/logo-dutchhealthstore-jpg-e1599484957574.jpg","contentUrl":"https:\/\/dutchhealthstore.com\/wp-content\/uploads\/2020\/08\/logo-dutchhealthstore-jpg-e1599484957574.jpg","width":400,"height":62,"caption":"Dutch Health Store"},"image":{"@id":"https:\/\/dutchhealthstore.com\/fr\/#\/schema\/logo\/image\/"},"sameAs":["https:\/\/www.instagram.com\/dutchhealthstore\/","https:\/\/www.facebook.com\/dutchhealthstore"]}]},"product_brand":"Living Libations","og_availability":"instock","product_availability":"instock","product_condition":"new"},"_links":{"self":[{"href":"https:\/\/dutchhealthstore.com\/fr\/wp-json\/wp\/v2\/product\/117722","targetHints":{"allow":["GET"]}}],"collection":[{"href":"https:\/\/dutchhealthstore.com\/fr\/wp-json\/wp\/v2\/product"}],"about":[{"href":"https:\/\/dutchhealthstore.com\/fr\/wp-json\/wp\/v2\/types\/product"}],"replies":[{"embeddable":true,"href":"https:\/\/dutchhealthstore.com\/fr\/wp-json\/wp\/v2\/comments?post=117722"}],"wp:featuredmedia":[{"embeddable":true,"href":"https:\/\/dutchhealthstore.com\/fr\/wp-json\/wp\/v2\/media\/113054"}],"wp:attachment":[{"href":"https:\/\/dutchhealthstore.com\/fr\/wp-json\/wp\/v2\/media?parent=117722"}],"wp:term":[{"taxonomy":"product_brand","embeddable":true,"href":"https:\/\/dutchhealthstore.com\/fr\/wp-json\/wp\/v2\/product_brand?post=117722"},{"taxonomy":"product_cat","embeddable":true,"href":"https:\/\/dutchhealthstore.com\/fr\/wp-json\/wp\/v2\/product_cat?post=117722"},{"taxonomy":"product_tag","embeddable":true,"href":"https:\/\/dutchhealthstore.com\/fr\/wp-json\/wp\/v2\/product_tag?post=117722"}],"curies":[{"name":"wp","href":"https:\/\/api.w.org\/{rel}","templated":true}]}}