{"id":117707,"date":"2019-10-04T15:01:23","date_gmt":"2019-10-04T13:01:23","guid":{"rendered":"https:\/\/dutchhealthstore.com\/product\/clementine-essential-oil\/"},"modified":"2024-09-23T13:32:45","modified_gmt":"2024-09-23T11:32:45","slug":"clementine-essential-oil","status":"publish","type":"product","link":"https:\/\/dutchhealthstore.com\/fr\/product\/clementine-essential-oil\/","title":{"rendered":"Clementine Essential Oil"},"content":{"rendered":"<p><img decoding=\"async\" class=\"size-full wp-image-37041 alignright\" src=\"https:\/\/dutchhealthstore.com\/wp-content\/uploads\/2018\/04\/Living_Libations-1.png\" alt=\"Organic &amp; Natural Beautyproducts - Living Libations\" width=\"175\" height=\"82\"><strong>Clementine Essential Oil<\/strong> de charme est press\u00e9e \u00e0 froid \u00e0 partir de l&rsquo;\u00e9corce orange vif du fruit joyeux et juteux qui est un hybride entre l&rsquo;orange douce commune et la mandarine m\u00e9diterran\u00e9enne.<br \/>\nCet hybride a \u00e9t\u00e9 d\u00e9couvert par le fr\u00e8re Marie-Cl\u00e9ment dans l&rsquo;Alg\u00e9rie du 9e si\u00e8cle.<br \/>\nL&rsquo;essence sucr\u00e9e est d\u00e9licieusement riche en flavono\u00efdes fid\u00e8les \u00e0 la peau, en limon\u00e8ne immunitaire, en antioxydants super-citrus et en linalol reconstituant l&rsquo;esprit.<\/p>\n<p><strong>Nom botanique <\/strong>: Citrus clementina<br \/>\n<strong>Famille botanique<\/strong> : Rutaceae<br \/>\n<strong>M\u00e9thode d&rsquo;extraction<\/strong> : Press\u00e9 \u00e0 froid<br \/>\n<strong>Partie de la plante distill\u00e9e<\/strong> : \u00c9corce<br \/>\n<strong>Pays d&rsquo;origine<\/strong> : Italie<br \/>\n<strong>M\u00e9thode de culture <\/strong>: Organique<br \/>\n<strong>Composition <\/strong>: 100% Citrus clementina<br \/>\n<strong>Coh\u00e9rence <\/strong>: Mince<\/p>\n<h3>Description de l&rsquo;odeur<\/h3>\n<p>Tantalant, comme le fruit, avec un murmure de notes florales.<\/p>\n<h3>Se marie bien avec<\/h3>\n<p>Lavande, encens, cypr\u00e8s, gen\u00e9vrier, ylang, vanille, rose otto, jasmin, nard, romarin, marjolaine, bergamote, citron vert, inule, thym, origan, v\u00e9tiver, patchouli, bergamote, coriandre, hysope, myrrhe et sapin blanc.<\/p>\n<h3>Utilisez:<\/h3>\n<p>Note de t\u00eate fra\u00eeche pour les parfums. D\u00e9licieuse dilution pour le massage, les m\u00e9langes de soins de la peau et le bain. Merveilleux ajout riche en monoterp\u00e8nes aux huiles de massage des seins. Diluez avec du miel, de l&rsquo;huile d&rsquo;olive ou de noix de coco pour des cr\u00e9ations culinaires. Heureux et harmonieux \u00e0 diffuser dans votre maison. Diluer pour utiliser. Photosensible lorsqu&rsquo;il est utilis\u00e9 non dilu\u00e9 \u00e0 la lumi\u00e8re directe du soleil.<\/p>\n<h3>Constituants cl\u00e9s :<\/h3>\n<p>Limon\u00e8ne, linalol, citronellal et geranial.<br \/>\nL&rsquo;\u00e9corce du petit fruit de la cl\u00e9mentine offre une grande explosion d&rsquo;ar\u00f4me d&rsquo;orange douce. <strong>Clementine Essential Oil<\/strong> a un parfum d&rsquo;agrumes plus vif que la mandarine ou la mandarine douce, et elle est moins acidul\u00e9e que l&rsquo;orange sanguine.<\/p>\n<p>L&rsquo;huile cl\u00e9mentine est une riche source de linalol, qui lui conf\u00e8re sa douceur et son essence reconstituante pour la tranquillit\u00e9 et la clart\u00e9 de l&rsquo;esprit.<\/p>\n<p><strong>Taille : 5 ml et 15 ml<\/strong><\/p>\n<h3>Ingr\u00e9dients biologiques<\/h3>\n<p>100% huiles essentielles de cl\u00e9mentine (Citrus clementina).<\/p>\n<p style=\"text-align: center;\"><em>\u00ab\u00a0L&rsquo;huile essentielle obtenue \u00e0 partir de la cl\u00e9mentine prend de l&rsquo;importance, sa composition est principalement compos\u00e9e de limon\u00e8ne, qui forme 92-96% de la fraction volatile. <\/em><br \/>\n<em>D&rsquo;autres hydrocarbures monoterp\u00e9niques pr\u00e9sents en quantit\u00e9s significatives sont l&rsquo;a-pin\u00e8ne et le sabin\u00e8ne.\u00a0\u00bb<\/em><br \/>\n\u223c Masayoshi Sawamura, <strong>Citrus Essential Oils, Flavor and Fragrance<\/strong><\/p>\n<p>&nbsp;<\/p>\n<p><img fetchpriority=\"high\" decoding=\"async\" class=\"size-full wp-image-31577 aligncenter\" src=\"https:\/\/dutchhealthstore.com\/wp-content\/uploads\/2018\/03\/organic_big.png\" alt=\"Organic and Natural - Living Libations\" width=\"623\" height=\"103\" srcset=\"https:\/\/dutchhealthstore.com\/wp-content\/uploads\/2018\/03\/organic_big.png 623w, https:\/\/dutchhealthstore.com\/wp-content\/uploads\/2018\/03\/organic_big-510x84.png 510w, https:\/\/dutchhealthstore.com\/wp-content\/uploads\/2018\/03\/organic_big-600x99.png 600w, https:\/\/dutchhealthstore.com\/wp-content\/uploads\/2018\/03\/organic_big-350x58.png 350w\" sizes=\"(max-width: 623px) 100vw, 623px\" \/><\/p>\n","protected":false},"excerpt":{"rendered":"<p><b>Clementine Essential Oil <\/b>de charme est press\u00e9e \u00e0 froid \u00e0 partir de l&rsquo;\u00e9corce orange vif du fruit joyeux et juteux qui est un hybride entre l&rsquo;orange douce commune et la mandarine m\u00e9diterran\u00e9enne.<br \/>\nCet hybride a \u00e9t\u00e9 d\u00e9couvert par le fr\u00e8re Marie-Cl\u00e9ment dans l&rsquo;Alg\u00e9rie du 9e si\u00e8cle.<br \/>\nL&rsquo;essence sucr\u00e9e est d\u00e9licieusement riche en flavono\u00efdes fid\u00e8les \u00e0 la peau, en limon\u00e8ne immunitaire, en antioxydants super-citrus et en linalol reconstituant l&rsquo;esprit.<\/p>\n","protected":false},"featured_media":74200,"comment_status":"open","ping_status":"closed","template":"","meta":[],"product_brand":[],"product_cat":[1507,6734,1211,1209,3757,6733],"product_tag":[4495],"class_list":{"0":"post-117707","1":"product","2":"type-product","3":"status-publish","4":"has-post-thumbnail","6":"product_cat-plantes-huiles-essentielles-living-libations","7":"product_cat-essential-oils","8":"product_cat-living-libations-france","9":"product_cat-par-marques","10":"product_cat-plantes-huiles-essentielles","11":"product_cat-wellness-fr-2","12":"product_tag-essential-oil-fr","13":"pa_brand-livinglibations-fr","14":"pa_essential-oils-product-type-essential-oils-fr","15":"pa_gtin-7439657345319-fr","16":"pa_size-15-ml-fr","17":"pa_size-5-ml-fr","19":"first","20":"instock","21":"taxable","22":"shipping-taxable","23":"purchasable","24":"product-type-variable"},"bundled_by":[],"bundle_stock_status":"instock","bundle_stock_quantity":null,"bundle_virtual":false,"bundle_layout":"","bundle_add_to_cart_form_location":"","bundle_editable_in_cart":false,"bundle_sold_individually_context":"","bundle_item_grouping":"","bundle_min_size":"","bundle_max_size":"","bundle_price":[],"bundled_items":[],"bundle_sell_ids":[],"atum_controlled":true,"out_stock_date":null,"out_stock_threshold":null,"inheritable":true,"stock_on_hold":0,"sold_today":0,"sales_last_days":0,"out_stock_days":0,"lost_sales":0,"update_date":"2026-04-20T00:07:21","atum_locations":[],"atum_stock_status":"instock","restock_status":false,"low_stock_amount":"","sales_update_date":"2026-04-20T00:07:21","calc_backorders":null,"group_of_quantity":0,"min_quantity":0,"max_quantity":"","exclude_order_quantity_value_rules":"no","exclude_category_quantity_rules":"no","combine_variations":"no","yoast_head":"<!-- This site is optimized with the Yoast SEO Premium plugin v26.5 (Yoast SEO v26.5) - https:\/\/yoast.com\/wordpress\/plugins\/seo\/ -->\n<title>Clementine Essential Oil | Organic &amp; Natural | Living Libations<\/title>\n<meta name=\"description\" content=\"Clementine Essential Oil de charme est press\u00e9e \u00e0 froid \u00e0 partir de l&#039;\u00e9corce orange vif du fruit qui est un hybride entre l&#039;orange douce commune et la mandarine m\u00e9diterran\u00e9enne.\" \/>\n<meta name=\"robots\" content=\"index, follow, max-snippet:-1, max-image-preview:large, max-video-preview:-1\" \/>\n<link rel=\"canonical\" href=\"https:\/\/dutchhealthstore.com\/fr\/product\/clementine-essential-oil\/\" \/>\n<meta property=\"og:locale\" content=\"fr_FR\" \/>\n<meta property=\"og:type\" content=\"article\" \/>\n<meta property=\"og:title\" content=\"Clementine Essential Oil - Dutch Health Store\" \/>\n<meta property=\"og:description\" content=\"Clementine Essential Oil de charme est press\u00e9e \u00e0 froid \u00e0 partir de l&#039;\u00e9corce orange vif du fruit qui est un hybride entre l&#039;orange douce commune et la mandarine m\u00e9diterran\u00e9enne.\" \/>\n<meta property=\"og:url\" content=\"https:\/\/dutchhealthstore.com\/fr\/product\/clementine-essential-oil\/\" \/>\n<meta property=\"og:site_name\" content=\"Dutch Health Store\" \/>\n<meta property=\"article:publisher\" content=\"https:\/\/www.instagram.com\/dutchhealthstore\/\" \/>\n<meta property=\"article:modified_time\" content=\"2024-09-23T11:32:45+00:00\" \/>\n<meta property=\"og:image\" content=\"https:\/\/dutchhealthstore.com\/wp-content\/uploads\/2019\/10\/Living-Libations-Clementine-Essential-Oil.jpg\" \/>\n\t<meta property=\"og:image:width\" content=\"478\" \/>\n\t<meta property=\"og:image:height\" content=\"478\" \/>\n\t<meta property=\"og:image:type\" content=\"image\/jpeg\" \/>\n<meta name=\"twitter:card\" content=\"summary_large_image\" \/>\n<meta name=\"twitter:label1\" content=\"Disponibilit\u00e9\" \/>\n\t<meta name=\"twitter:data1\" content=\"En stock\" \/>\n<script type=\"application\/ld+json\" class=\"yoast-schema-graph\">{\"@context\":\"https:\/\/schema.org\",\"@graph\":[{\"@type\":\"WebPage\",\"@id\":\"https:\/\/dutchhealthstore.com\/fr\/product\/clementine-essential-oil\/\",\"url\":\"https:\/\/dutchhealthstore.com\/fr\/product\/clementine-essential-oil\/\",\"name\":\"Clementine Essential Oil | Organic & Natural | Living Libations\",\"isPartOf\":{\"@id\":\"https:\/\/dutchhealthstore.com\/fr\/#website\"},\"primaryImageOfPage\":{\"@id\":\"https:\/\/dutchhealthstore.com\/fr\/product\/clementine-essential-oil\/#primaryimage\"},\"image\":{\"@id\":\"https:\/\/dutchhealthstore.com\/fr\/product\/clementine-essential-oil\/#primaryimage\"},\"thumbnailUrl\":\"https:\/\/dutchhealthstore.com\/wp-content\/uploads\/2019\/10\/Living-Libations-Clementine-Essential-Oil.jpg\",\"datePublished\":\"2019-10-04T13:01:23+00:00\",\"dateModified\":\"2024-09-23T11:32:45+00:00\",\"description\":\"Clementine Essential Oil de charme est press\u00e9e \u00e0 froid \u00e0 partir de l'\u00e9corce orange vif du fruit qui est un hybride entre l'orange douce commune et la mandarine m\u00e9diterran\u00e9enne.\",\"breadcrumb\":{\"@id\":\"https:\/\/dutchhealthstore.com\/fr\/product\/clementine-essential-oil\/#breadcrumb\"},\"inLanguage\":\"fr-FR\",\"potentialAction\":[{\"@type\":\"ReadAction\",\"target\":[\"https:\/\/dutchhealthstore.com\/fr\/product\/clementine-essential-oil\/\"]}]},{\"@type\":\"ImageObject\",\"inLanguage\":\"fr-FR\",\"@id\":\"https:\/\/dutchhealthstore.com\/fr\/product\/clementine-essential-oil\/#primaryimage\",\"url\":\"https:\/\/dutchhealthstore.com\/wp-content\/uploads\/2019\/10\/Living-Libations-Clementine-Essential-Oil.jpg\",\"contentUrl\":\"https:\/\/dutchhealthstore.com\/wp-content\/uploads\/2019\/10\/Living-Libations-Clementine-Essential-Oil.jpg\",\"width\":478,\"height\":478,\"caption\":\"Living Libations - Clementine Essential Oil\"},{\"@type\":\"BreadcrumbList\",\"@id\":\"https:\/\/dutchhealthstore.com\/fr\/product\/clementine-essential-oil\/#breadcrumb\",\"itemListElement\":[{\"@type\":\"ListItem\",\"position\":1,\"name\":\"Home\",\"item\":\"https:\/\/dutchhealthstore.com\/fr\/\"},{\"@type\":\"ListItem\",\"position\":2,\"name\":\"Shop\",\"item\":\"https:\/\/dutchhealthstore.com\/fr\/shop\/\"},{\"@type\":\"ListItem\",\"position\":3,\"name\":\"Clementine Essential Oil\"}]},{\"@type\":\"WebSite\",\"@id\":\"https:\/\/dutchhealthstore.com\/fr\/#website\",\"url\":\"https:\/\/dutchhealthstore.com\/fr\/\",\"name\":\"Dutch Health Store\",\"description\":\"Enhance Your Beauty with Organic &amp; Natural Skincare\",\"publisher\":{\"@id\":\"https:\/\/dutchhealthstore.com\/fr\/#organization\"},\"potentialAction\":[{\"@type\":\"SearchAction\",\"target\":{\"@type\":\"EntryPoint\",\"urlTemplate\":\"https:\/\/dutchhealthstore.com\/fr\/?s={search_term_string}\"},\"query-input\":{\"@type\":\"PropertyValueSpecification\",\"valueRequired\":true,\"valueName\":\"search_term_string\"}}],\"inLanguage\":\"fr-FR\"},{\"@type\":\"Organization\",\"@id\":\"https:\/\/dutchhealthstore.com\/fr\/#organization\",\"name\":\"Dutch Health Store\",\"url\":\"https:\/\/dutchhealthstore.com\/fr\/\",\"logo\":{\"@type\":\"ImageObject\",\"inLanguage\":\"fr-FR\",\"@id\":\"https:\/\/dutchhealthstore.com\/fr\/#\/schema\/logo\/image\/\",\"url\":\"https:\/\/dutchhealthstore.com\/wp-content\/uploads\/2020\/08\/logo-dutchhealthstore-jpg-e1599484957574.jpg\",\"contentUrl\":\"https:\/\/dutchhealthstore.com\/wp-content\/uploads\/2020\/08\/logo-dutchhealthstore-jpg-e1599484957574.jpg\",\"width\":400,\"height\":62,\"caption\":\"Dutch Health Store\"},\"image\":{\"@id\":\"https:\/\/dutchhealthstore.com\/fr\/#\/schema\/logo\/image\/\"},\"sameAs\":[\"https:\/\/www.instagram.com\/dutchhealthstore\/\",\"https:\/\/www.facebook.com\/dutchhealthstore\"]}]}<\/script>\n<meta property=\"product:brand\" content=\"Living Libations\" \/>\n<meta property=\"og:availability\" content=\"instock\" \/>\n<meta property=\"product:availability\" content=\"instock\" \/>\n<meta property=\"product:condition\" content=\"new\" \/>\n<!-- \/ Yoast SEO Premium plugin. -->","yoast_head_json":{"title":"Clementine Essential Oil | Organic & Natural | Living Libations","description":"Clementine Essential Oil de charme est press\u00e9e \u00e0 froid \u00e0 partir de l'\u00e9corce orange vif du fruit qui est un hybride entre l'orange douce commune et la mandarine m\u00e9diterran\u00e9enne.","robots":{"index":"index","follow":"follow","max-snippet":"max-snippet:-1","max-image-preview":"max-image-preview:large","max-video-preview":"max-video-preview:-1"},"canonical":"https:\/\/dutchhealthstore.com\/fr\/product\/clementine-essential-oil\/","og_locale":"fr_FR","og_type":"article","og_title":"Clementine Essential Oil - Dutch Health Store","og_description":"Clementine Essential Oil de charme est press\u00e9e \u00e0 froid \u00e0 partir de l'\u00e9corce orange vif du fruit qui est un hybride entre l'orange douce commune et la mandarine m\u00e9diterran\u00e9enne.","og_url":"https:\/\/dutchhealthstore.com\/fr\/product\/clementine-essential-oil\/","og_site_name":"Dutch Health Store","article_publisher":"https:\/\/www.instagram.com\/dutchhealthstore\/","article_modified_time":"2024-09-23T11:32:45+00:00","og_image":[{"width":478,"height":478,"url":"https:\/\/dutchhealthstore.com\/wp-content\/uploads\/2019\/10\/Living-Libations-Clementine-Essential-Oil.jpg","type":"image\/jpeg"}],"twitter_card":"summary_large_image","twitter_misc":{"Disponibilit\u00e9":"En stock"},"schema":{"@context":"https:\/\/schema.org","@graph":[{"@type":"WebPage","@id":"https:\/\/dutchhealthstore.com\/fr\/product\/clementine-essential-oil\/","url":"https:\/\/dutchhealthstore.com\/fr\/product\/clementine-essential-oil\/","name":"Clementine Essential Oil | Organic & Natural | Living Libations","isPartOf":{"@id":"https:\/\/dutchhealthstore.com\/fr\/#website"},"primaryImageOfPage":{"@id":"https:\/\/dutchhealthstore.com\/fr\/product\/clementine-essential-oil\/#primaryimage"},"image":{"@id":"https:\/\/dutchhealthstore.com\/fr\/product\/clementine-essential-oil\/#primaryimage"},"thumbnailUrl":"https:\/\/dutchhealthstore.com\/wp-content\/uploads\/2019\/10\/Living-Libations-Clementine-Essential-Oil.jpg","datePublished":"2019-10-04T13:01:23+00:00","dateModified":"2024-09-23T11:32:45+00:00","description":"Clementine Essential Oil de charme est press\u00e9e \u00e0 froid \u00e0 partir de l'\u00e9corce orange vif du fruit qui est un hybride entre l'orange douce commune et la mandarine m\u00e9diterran\u00e9enne.","breadcrumb":{"@id":"https:\/\/dutchhealthstore.com\/fr\/product\/clementine-essential-oil\/#breadcrumb"},"inLanguage":"fr-FR","potentialAction":[{"@type":"ReadAction","target":["https:\/\/dutchhealthstore.com\/fr\/product\/clementine-essential-oil\/"]}]},{"@type":"ImageObject","inLanguage":"fr-FR","@id":"https:\/\/dutchhealthstore.com\/fr\/product\/clementine-essential-oil\/#primaryimage","url":"https:\/\/dutchhealthstore.com\/wp-content\/uploads\/2019\/10\/Living-Libations-Clementine-Essential-Oil.jpg","contentUrl":"https:\/\/dutchhealthstore.com\/wp-content\/uploads\/2019\/10\/Living-Libations-Clementine-Essential-Oil.jpg","width":478,"height":478,"caption":"Living Libations - Clementine Essential Oil"},{"@type":"BreadcrumbList","@id":"https:\/\/dutchhealthstore.com\/fr\/product\/clementine-essential-oil\/#breadcrumb","itemListElement":[{"@type":"ListItem","position":1,"name":"Home","item":"https:\/\/dutchhealthstore.com\/fr\/"},{"@type":"ListItem","position":2,"name":"Shop","item":"https:\/\/dutchhealthstore.com\/fr\/shop\/"},{"@type":"ListItem","position":3,"name":"Clementine Essential Oil"}]},{"@type":"WebSite","@id":"https:\/\/dutchhealthstore.com\/fr\/#website","url":"https:\/\/dutchhealthstore.com\/fr\/","name":"Dutch Health Store","description":"Enhance Your Beauty with Organic &amp; Natural Skincare","publisher":{"@id":"https:\/\/dutchhealthstore.com\/fr\/#organization"},"potentialAction":[{"@type":"SearchAction","target":{"@type":"EntryPoint","urlTemplate":"https:\/\/dutchhealthstore.com\/fr\/?s={search_term_string}"},"query-input":{"@type":"PropertyValueSpecification","valueRequired":true,"valueName":"search_term_string"}}],"inLanguage":"fr-FR"},{"@type":"Organization","@id":"https:\/\/dutchhealthstore.com\/fr\/#organization","name":"Dutch Health Store","url":"https:\/\/dutchhealthstore.com\/fr\/","logo":{"@type":"ImageObject","inLanguage":"fr-FR","@id":"https:\/\/dutchhealthstore.com\/fr\/#\/schema\/logo\/image\/","url":"https:\/\/dutchhealthstore.com\/wp-content\/uploads\/2020\/08\/logo-dutchhealthstore-jpg-e1599484957574.jpg","contentUrl":"https:\/\/dutchhealthstore.com\/wp-content\/uploads\/2020\/08\/logo-dutchhealthstore-jpg-e1599484957574.jpg","width":400,"height":62,"caption":"Dutch Health Store"},"image":{"@id":"https:\/\/dutchhealthstore.com\/fr\/#\/schema\/logo\/image\/"},"sameAs":["https:\/\/www.instagram.com\/dutchhealthstore\/","https:\/\/www.facebook.com\/dutchhealthstore"]}]},"product_brand":"Living Libations","og_availability":"instock","product_availability":"instock","product_condition":"new"},"_links":{"self":[{"href":"https:\/\/dutchhealthstore.com\/fr\/wp-json\/wp\/v2\/product\/117707","targetHints":{"allow":["GET"]}}],"collection":[{"href":"https:\/\/dutchhealthstore.com\/fr\/wp-json\/wp\/v2\/product"}],"about":[{"href":"https:\/\/dutchhealthstore.com\/fr\/wp-json\/wp\/v2\/types\/product"}],"replies":[{"embeddable":true,"href":"https:\/\/dutchhealthstore.com\/fr\/wp-json\/wp\/v2\/comments?post=117707"}],"wp:featuredmedia":[{"embeddable":true,"href":"https:\/\/dutchhealthstore.com\/fr\/wp-json\/wp\/v2\/media\/74200"}],"wp:attachment":[{"href":"https:\/\/dutchhealthstore.com\/fr\/wp-json\/wp\/v2\/media?parent=117707"}],"wp:term":[{"taxonomy":"product_brand","embeddable":true,"href":"https:\/\/dutchhealthstore.com\/fr\/wp-json\/wp\/v2\/product_brand?post=117707"},{"taxonomy":"product_cat","embeddable":true,"href":"https:\/\/dutchhealthstore.com\/fr\/wp-json\/wp\/v2\/product_cat?post=117707"},{"taxonomy":"product_tag","embeddable":true,"href":"https:\/\/dutchhealthstore.com\/fr\/wp-json\/wp\/v2\/product_tag?post=117707"}],"curies":[{"name":"wp","href":"https:\/\/api.w.org\/{rel}","templated":true}]}}