{"id":117695,"date":"2018-07-31T19:26:16","date_gmt":"2018-07-31T17:26:16","guid":{"rendered":"https:\/\/dutchhealthstore.com\/product\/white-fir-christmas-tree-distillation\/"},"modified":"2024-02-06T14:51:53","modified_gmt":"2024-02-06T14:51:53","slug":"white-fir-christmas-tree-distillation","status":"publish","type":"product","link":"https:\/\/dutchhealthstore.com\/fr\/product\/white-fir-christmas-tree-distillation\/","title":{"rendered":"Christmas Tree Essential Oil Blend"},"content":{"rendered":"<p style=\"font-weight: 400;\"><b><strong><img decoding=\"async\" class=\"size-full wp-image-37041 alignright\" src=\"https:\/\/dutchhealthstore.com\/wp-content\/uploads\/2018\/04\/Living_Libations-1.png\" alt=\"Organic &amp; Natural Beautyproducts - Living Libations\" width=\"175\" height=\"82\"><\/strong><\/b><\/p>\n<p><strong>Nom botanique :<\/strong> Abies fraseri + Abies peocera<br \/>\n<strong>Famille botanique :<\/strong> Pinaceae<br \/>\n<strong>M\u00e9thode d&rsquo;extraction :<\/strong> Co-distillation \u00e0 la vapeur<br \/>\n<strong>Partie de la plante distill\u00e9e :<\/strong> Aiguilles et brindilles<br \/>\n<strong>Pays d&rsquo;origine :<\/strong> Ouest des \u00c9tats-Unis<br \/>\n<strong>M\u00e9thode de culture :<\/strong> Cueillette sauvage<br \/>\n<strong>Composition :<\/strong> 100% Abies fraseri + Abies peocera<br \/>\n<strong>Coh\u00e9rence :<\/strong> Consistance fine<\/p>\n<h3>Description de l&rsquo;odeur<\/h3>\n<p>Des notes claires de sapin de No\u00ebl avec des accents festifs d&rsquo;evergreen a\u00e9rien.<\/p>\n<h3>Dans Living Libations<\/h3>\n<p>Hearth Mirth Diffusing Blend<\/p>\n<h3>Se marie bien avec<\/h3>\n<p>Sapin argent\u00e9, encens, tous les agrumes, \u00e9pic\u00e9a, bouleau doux, v\u00e9tiver, nard, marjolaine, lavande et eucalyptus.<\/p>\n<h3>Utilisations<\/h3>\n<p>Diffuser ou utiliser dans une pipe \u00e0 sel. Purifiez le corps et l&rsquo;esprit et sanctifiez l&rsquo;esprit dans les saunas avec White Fir ou b\u00e9nissez le bain avec quelques gouttes.<\/p>\n<h3>Constituants<\/h3>\n<p>Teneurs \u00e9lev\u00e9es en l-Limon\u00e8ne et d-Limon\u00e8ne.<\/p>\n<p>Christmas Tree Essential Oil apporte de la gaiet\u00e9 \u00e0 votre maison et \u00e0 votre foyer. En tant que tonique spirituel, il offre une essence qui clarifie la boussole des voies int\u00e9rieures et donne de l&rsquo;air \u00e0 l&rsquo;alignement \u00e9motionnel.<\/p>\n<p><strong>Taille : 5 ml<\/strong><\/p>\n<h3>Ingr\u00e9dients biologiques<\/h3>\n<p>M\u00e9lange d&rsquo;huiles essentielles de sapin de No\u00ebl (Abies fraseri + Abies peocera) 100%.<\/p>\n<p style=\"text-align: center;\"><em>\u00ab\u00a0Le Sapin blanc contient 95% de monoterp\u00e8nes. En outre, Abies alba produit une huile de c\u00f4ne \u00e0 l&rsquo;odeur balsamique tr\u00e8s agr\u00e9able compos\u00e9e principalement de l-Limon\u00e8ne et utilis\u00e9e comme adjuvant dans tous les parfums d&rsquo;aiguilles de Pin.\u00a0\u00bb<\/em><br \/>\n~ Jeanne Rose, <strong>375 Essential Oils and Hydrosols<\/strong><b><\/b><\/p>\n<p><img fetchpriority=\"high\" decoding=\"async\" class=\"aligncenter size-full wp-image-31577\" src=\"https:\/\/dutchhealthstore.com\/wp-content\/uploads\/2018\/03\/organic_big.png\" alt=\"Organic and Natural - Living Libations\" width=\"623\" height=\"103\" srcset=\"https:\/\/dutchhealthstore.com\/wp-content\/uploads\/2018\/03\/organic_big.png 623w, https:\/\/dutchhealthstore.com\/wp-content\/uploads\/2018\/03\/organic_big-510x84.png 510w, https:\/\/dutchhealthstore.com\/wp-content\/uploads\/2018\/03\/organic_big-600x99.png 600w, https:\/\/dutchhealthstore.com\/wp-content\/uploads\/2018\/03\/organic_big-350x58.png 350w\" sizes=\"(max-width: 623px) 100vw, 623px\" \/><\/p>\n","protected":false},"excerpt":{"rendered":"<p>Festive et joyeuse, Living Libations <strong>Christmas Tree White Fir<\/strong> <strong>Essential <\/strong><span style=\"font-size: 14.4px;\"><b>Oil<\/b> est<\/span> revitalisante et illuminante. Ses aiguilles numineuses contiennent des propri\u00e9t\u00e9s puissantes qui sont utilis\u00e9es par les Am\u00e9rindiens depuis des centaines d&rsquo;ann\u00e9es dans les pr\u00e9parations d&rsquo;auto-soins.<br \/>\nCette distillation particuli\u00e8re a \u00e9t\u00e9 distill\u00e9e \u00e0 juste titre, \u00e0 partir d&rsquo;arbres de No\u00ebl apr\u00e8s la p\u00e9riode des f\u00eates. Purifiez le corps, l&rsquo;esprit et la maison et sanctifiez l&rsquo;esprit avec ce parfum de for\u00eat frais et envo\u00fbtant.<\/p>\n","protected":false},"featured_media":117518,"comment_status":"open","ping_status":"closed","template":"","meta":[],"product_brand":[],"product_cat":[6734,1507,1211,3757,6733],"product_tag":[6215,4495],"class_list":{"0":"post-117695","1":"product","2":"type-product","3":"status-publish","4":"has-post-thumbnail","6":"product_cat-essential-oils","7":"product_cat-plantes-huiles-essentielles-living-libations","8":"product_cat-living-libations-france","9":"product_cat-plantes-huiles-essentielles","10":"product_cat-wellness-fr-2","11":"product_tag-blend-fr","12":"product_tag-essential-oil-fr","13":"pa_brand-livinglibations-fr","14":"pa_essential-oils-product-type-essential-oils-fr","15":"pa_size-5-ml-fr","17":"first","18":"instock","19":"taxable","20":"shipping-taxable","21":"purchasable","22":"product-type-simple"},"bundled_by":[],"bundle_stock_status":"instock","bundle_stock_quantity":1,"bundle_virtual":false,"bundle_layout":"","bundle_add_to_cart_form_location":"","bundle_editable_in_cart":false,"bundle_sold_individually_context":"","bundle_item_grouping":"","bundle_min_size":"","bundle_max_size":"","bundle_price":[],"bundled_items":[],"bundle_sell_ids":[],"atum_controlled":true,"out_stock_date":null,"out_stock_threshold":null,"inheritable":false,"stock_on_hold":0,"sold_today":0,"sales_last_days":0,"out_stock_days":0,"lost_sales":0,"update_date":"2026-05-12T11:15:17","atum_locations":[],"atum_stock_status":"instock","restock_status":false,"low_stock_amount":"","sales_update_date":"2026-05-12T11:15:17","calc_backorders":null,"group_of_quantity":0,"min_quantity":0,"max_quantity":"","exclude_order_quantity_value_rules":"no","exclude_category_quantity_rules":"no","combine_variations":"no","yoast_head":"<!-- This site is optimized with the Yoast SEO Premium plugin v26.5 (Yoast SEO v26.5) - https:\/\/yoast.com\/wordpress\/plugins\/seo\/ -->\n<title>Christmas Tree Essential Oil Blend | Living Libations<\/title>\n<meta name=\"description\" content=\"Ses aiguilles numineuses contiennent des propri\u00e9t\u00e9s puissantes qui sont utilis\u00e9es par les Am\u00e9rindiens depuis des centaines d&#039;ann\u00e9es dans les pr\u00e9parations d&#039;auto-soins.\" \/>\n<meta name=\"robots\" content=\"index, follow, max-snippet:-1, max-image-preview:large, max-video-preview:-1\" \/>\n<link rel=\"canonical\" href=\"https:\/\/dutchhealthstore.com\/fr\/product\/white-fir-christmas-tree-distillation\/\" \/>\n<meta property=\"og:locale\" content=\"fr_FR\" \/>\n<meta property=\"og:type\" content=\"article\" \/>\n<meta property=\"og:title\" content=\"Christmas Tree Essential Oil Blend - Dutch Health Store\" \/>\n<meta property=\"og:description\" content=\"Ses aiguilles numineuses contiennent des propri\u00e9t\u00e9s puissantes qui sont utilis\u00e9es par les Am\u00e9rindiens depuis des centaines d&#039;ann\u00e9es dans les pr\u00e9parations d&#039;auto-soins.\" \/>\n<meta property=\"og:url\" content=\"https:\/\/dutchhealthstore.com\/fr\/product\/white-fir-christmas-tree-distillation\/\" \/>\n<meta property=\"og:site_name\" content=\"Dutch Health Store\" \/>\n<meta property=\"article:publisher\" content=\"https:\/\/www.instagram.com\/dutchhealthstore\/\" \/>\n<meta property=\"article:modified_time\" content=\"2024-02-06T14:51:53+00:00\" \/>\n<meta property=\"og:image\" content=\"https:\/\/dutchhealthstore.com\/wp-content\/uploads\/2018\/07\/Living-Libations-Chrismas-Tree-Essential-Oil-Blend-e1596447079547.png\" \/>\n\t<meta property=\"og:image:width\" content=\"500\" \/>\n\t<meta property=\"og:image:height\" content=\"500\" \/>\n\t<meta property=\"og:image:type\" content=\"image\/jpeg\" \/>\n<meta name=\"twitter:card\" content=\"summary_large_image\" \/>\n<meta name=\"twitter:label1\" content=\"Prix\" \/>\n\t<meta name=\"twitter:data1\" content=\"&euro;33,00\" \/>\n\t<meta name=\"twitter:label2\" content=\"Disponibilit\u00e9\" \/>\n\t<meta name=\"twitter:data2\" content=\"En stock\" \/>\n<script type=\"application\/ld+json\" class=\"yoast-schema-graph\">{\"@context\":\"https:\/\/schema.org\",\"@graph\":[{\"@type\":\"WebPage\",\"@id\":\"https:\/\/dutchhealthstore.com\/fr\/product\/white-fir-christmas-tree-distillation\/\",\"url\":\"https:\/\/dutchhealthstore.com\/fr\/product\/white-fir-christmas-tree-distillation\/\",\"name\":\"Christmas Tree Essential Oil Blend | Living Libations\",\"isPartOf\":{\"@id\":\"https:\/\/dutchhealthstore.com\/fr\/#website\"},\"primaryImageOfPage\":{\"@id\":\"https:\/\/dutchhealthstore.com\/fr\/product\/white-fir-christmas-tree-distillation\/#primaryimage\"},\"image\":{\"@id\":\"https:\/\/dutchhealthstore.com\/fr\/product\/white-fir-christmas-tree-distillation\/#primaryimage\"},\"thumbnailUrl\":\"https:\/\/dutchhealthstore.com\/wp-content\/uploads\/2018\/07\/Living-Libations-Chrismas-Tree-Essential-Oil-Blend-e1596447079547.png\",\"datePublished\":\"2018-07-31T17:26:16+00:00\",\"dateModified\":\"2024-02-06T14:51:53+00:00\",\"description\":\"Ses aiguilles numineuses contiennent des propri\u00e9t\u00e9s puissantes qui sont utilis\u00e9es par les Am\u00e9rindiens depuis des centaines d'ann\u00e9es dans les pr\u00e9parations d'auto-soins.\",\"breadcrumb\":{\"@id\":\"https:\/\/dutchhealthstore.com\/fr\/product\/white-fir-christmas-tree-distillation\/#breadcrumb\"},\"inLanguage\":\"fr-FR\",\"potentialAction\":[{\"@type\":\"ReadAction\",\"target\":[\"https:\/\/dutchhealthstore.com\/fr\/product\/white-fir-christmas-tree-distillation\/\"]}]},{\"@type\":\"ImageObject\",\"inLanguage\":\"fr-FR\",\"@id\":\"https:\/\/dutchhealthstore.com\/fr\/product\/white-fir-christmas-tree-distillation\/#primaryimage\",\"url\":\"https:\/\/dutchhealthstore.com\/wp-content\/uploads\/2018\/07\/Living-Libations-Chrismas-Tree-Essential-Oil-Blend-e1596447079547.png\",\"contentUrl\":\"https:\/\/dutchhealthstore.com\/wp-content\/uploads\/2018\/07\/Living-Libations-Chrismas-Tree-Essential-Oil-Blend-e1596447079547.png\",\"width\":500,\"height\":500,\"caption\":\"Living Libations Chrismas Tree Essential Oil Blend\"},{\"@type\":\"BreadcrumbList\",\"@id\":\"https:\/\/dutchhealthstore.com\/fr\/product\/white-fir-christmas-tree-distillation\/#breadcrumb\",\"itemListElement\":[{\"@type\":\"ListItem\",\"position\":1,\"name\":\"Home\",\"item\":\"https:\/\/dutchhealthstore.com\/fr\/\"},{\"@type\":\"ListItem\",\"position\":2,\"name\":\"Shop\",\"item\":\"https:\/\/dutchhealthstore.com\/fr\/shop\/\"},{\"@type\":\"ListItem\",\"position\":3,\"name\":\"Christmas Tree Essential Oil Blend\"}]},{\"@type\":\"WebSite\",\"@id\":\"https:\/\/dutchhealthstore.com\/fr\/#website\",\"url\":\"https:\/\/dutchhealthstore.com\/fr\/\",\"name\":\"Dutch Health Store\",\"description\":\"Enhance Your Beauty with Organic &amp; Natural Skincare\",\"publisher\":{\"@id\":\"https:\/\/dutchhealthstore.com\/fr\/#organization\"},\"potentialAction\":[{\"@type\":\"SearchAction\",\"target\":{\"@type\":\"EntryPoint\",\"urlTemplate\":\"https:\/\/dutchhealthstore.com\/fr\/?s={search_term_string}\"},\"query-input\":{\"@type\":\"PropertyValueSpecification\",\"valueRequired\":true,\"valueName\":\"search_term_string\"}}],\"inLanguage\":\"fr-FR\"},{\"@type\":\"Organization\",\"@id\":\"https:\/\/dutchhealthstore.com\/fr\/#organization\",\"name\":\"Dutch Health Store\",\"url\":\"https:\/\/dutchhealthstore.com\/fr\/\",\"logo\":{\"@type\":\"ImageObject\",\"inLanguage\":\"fr-FR\",\"@id\":\"https:\/\/dutchhealthstore.com\/fr\/#\/schema\/logo\/image\/\",\"url\":\"https:\/\/dutchhealthstore.com\/wp-content\/uploads\/2020\/08\/logo-dutchhealthstore-jpg-e1599484957574.jpg\",\"contentUrl\":\"https:\/\/dutchhealthstore.com\/wp-content\/uploads\/2020\/08\/logo-dutchhealthstore-jpg-e1599484957574.jpg\",\"width\":400,\"height\":62,\"caption\":\"Dutch Health Store\"},\"image\":{\"@id\":\"https:\/\/dutchhealthstore.com\/fr\/#\/schema\/logo\/image\/\"},\"sameAs\":[\"https:\/\/www.instagram.com\/dutchhealthstore\/\",\"https:\/\/www.facebook.com\/dutchhealthstore\"]}]}<\/script>\n<meta property=\"product:brand\" content=\"Living Libations\" \/>\n<meta property=\"product:price:amount\" content=\"33.00\" \/>\n<meta property=\"product:price:currency\" content=\"EUR\" \/>\n<meta property=\"og:availability\" content=\"instock\" \/>\n<meta property=\"product:availability\" content=\"instock\" \/>\n<meta property=\"product:condition\" content=\"new\" \/>\n<!-- \/ Yoast SEO Premium plugin. -->","yoast_head_json":{"title":"Christmas Tree Essential Oil Blend | Living Libations","description":"Ses aiguilles numineuses contiennent des propri\u00e9t\u00e9s puissantes qui sont utilis\u00e9es par les Am\u00e9rindiens depuis des centaines d'ann\u00e9es dans les pr\u00e9parations d'auto-soins.","robots":{"index":"index","follow":"follow","max-snippet":"max-snippet:-1","max-image-preview":"max-image-preview:large","max-video-preview":"max-video-preview:-1"},"canonical":"https:\/\/dutchhealthstore.com\/fr\/product\/white-fir-christmas-tree-distillation\/","og_locale":"fr_FR","og_type":"article","og_title":"Christmas Tree Essential Oil Blend - Dutch Health Store","og_description":"Ses aiguilles numineuses contiennent des propri\u00e9t\u00e9s puissantes qui sont utilis\u00e9es par les Am\u00e9rindiens depuis des centaines d'ann\u00e9es dans les pr\u00e9parations d'auto-soins.","og_url":"https:\/\/dutchhealthstore.com\/fr\/product\/white-fir-christmas-tree-distillation\/","og_site_name":"Dutch Health Store","article_publisher":"https:\/\/www.instagram.com\/dutchhealthstore\/","article_modified_time":"2024-02-06T14:51:53+00:00","og_image":[{"width":500,"height":500,"url":"https:\/\/dutchhealthstore.com\/wp-content\/uploads\/2018\/07\/Living-Libations-Chrismas-Tree-Essential-Oil-Blend-e1596447079547.png","type":"image\/jpeg"}],"twitter_card":"summary_large_image","twitter_misc":{"Prix":"&euro;33,00","Disponibilit\u00e9":"En stock"},"schema":{"@context":"https:\/\/schema.org","@graph":[{"@type":"WebPage","@id":"https:\/\/dutchhealthstore.com\/fr\/product\/white-fir-christmas-tree-distillation\/","url":"https:\/\/dutchhealthstore.com\/fr\/product\/white-fir-christmas-tree-distillation\/","name":"Christmas Tree Essential Oil Blend | Living Libations","isPartOf":{"@id":"https:\/\/dutchhealthstore.com\/fr\/#website"},"primaryImageOfPage":{"@id":"https:\/\/dutchhealthstore.com\/fr\/product\/white-fir-christmas-tree-distillation\/#primaryimage"},"image":{"@id":"https:\/\/dutchhealthstore.com\/fr\/product\/white-fir-christmas-tree-distillation\/#primaryimage"},"thumbnailUrl":"https:\/\/dutchhealthstore.com\/wp-content\/uploads\/2018\/07\/Living-Libations-Chrismas-Tree-Essential-Oil-Blend-e1596447079547.png","datePublished":"2018-07-31T17:26:16+00:00","dateModified":"2024-02-06T14:51:53+00:00","description":"Ses aiguilles numineuses contiennent des propri\u00e9t\u00e9s puissantes qui sont utilis\u00e9es par les Am\u00e9rindiens depuis des centaines d'ann\u00e9es dans les pr\u00e9parations d'auto-soins.","breadcrumb":{"@id":"https:\/\/dutchhealthstore.com\/fr\/product\/white-fir-christmas-tree-distillation\/#breadcrumb"},"inLanguage":"fr-FR","potentialAction":[{"@type":"ReadAction","target":["https:\/\/dutchhealthstore.com\/fr\/product\/white-fir-christmas-tree-distillation\/"]}]},{"@type":"ImageObject","inLanguage":"fr-FR","@id":"https:\/\/dutchhealthstore.com\/fr\/product\/white-fir-christmas-tree-distillation\/#primaryimage","url":"https:\/\/dutchhealthstore.com\/wp-content\/uploads\/2018\/07\/Living-Libations-Chrismas-Tree-Essential-Oil-Blend-e1596447079547.png","contentUrl":"https:\/\/dutchhealthstore.com\/wp-content\/uploads\/2018\/07\/Living-Libations-Chrismas-Tree-Essential-Oil-Blend-e1596447079547.png","width":500,"height":500,"caption":"Living Libations Chrismas Tree Essential Oil Blend"},{"@type":"BreadcrumbList","@id":"https:\/\/dutchhealthstore.com\/fr\/product\/white-fir-christmas-tree-distillation\/#breadcrumb","itemListElement":[{"@type":"ListItem","position":1,"name":"Home","item":"https:\/\/dutchhealthstore.com\/fr\/"},{"@type":"ListItem","position":2,"name":"Shop","item":"https:\/\/dutchhealthstore.com\/fr\/shop\/"},{"@type":"ListItem","position":3,"name":"Christmas Tree Essential Oil Blend"}]},{"@type":"WebSite","@id":"https:\/\/dutchhealthstore.com\/fr\/#website","url":"https:\/\/dutchhealthstore.com\/fr\/","name":"Dutch Health Store","description":"Enhance Your Beauty with Organic &amp; Natural Skincare","publisher":{"@id":"https:\/\/dutchhealthstore.com\/fr\/#organization"},"potentialAction":[{"@type":"SearchAction","target":{"@type":"EntryPoint","urlTemplate":"https:\/\/dutchhealthstore.com\/fr\/?s={search_term_string}"},"query-input":{"@type":"PropertyValueSpecification","valueRequired":true,"valueName":"search_term_string"}}],"inLanguage":"fr-FR"},{"@type":"Organization","@id":"https:\/\/dutchhealthstore.com\/fr\/#organization","name":"Dutch Health Store","url":"https:\/\/dutchhealthstore.com\/fr\/","logo":{"@type":"ImageObject","inLanguage":"fr-FR","@id":"https:\/\/dutchhealthstore.com\/fr\/#\/schema\/logo\/image\/","url":"https:\/\/dutchhealthstore.com\/wp-content\/uploads\/2020\/08\/logo-dutchhealthstore-jpg-e1599484957574.jpg","contentUrl":"https:\/\/dutchhealthstore.com\/wp-content\/uploads\/2020\/08\/logo-dutchhealthstore-jpg-e1599484957574.jpg","width":400,"height":62,"caption":"Dutch Health Store"},"image":{"@id":"https:\/\/dutchhealthstore.com\/fr\/#\/schema\/logo\/image\/"},"sameAs":["https:\/\/www.instagram.com\/dutchhealthstore\/","https:\/\/www.facebook.com\/dutchhealthstore"]}]},"product_brand":"Living Libations","product_price_amount":"33.00","product_price_currency":"EUR","og_availability":"instock","product_availability":"instock","product_condition":"new"},"_links":{"self":[{"href":"https:\/\/dutchhealthstore.com\/fr\/wp-json\/wp\/v2\/product\/117695","targetHints":{"allow":["GET"]}}],"collection":[{"href":"https:\/\/dutchhealthstore.com\/fr\/wp-json\/wp\/v2\/product"}],"about":[{"href":"https:\/\/dutchhealthstore.com\/fr\/wp-json\/wp\/v2\/types\/product"}],"replies":[{"embeddable":true,"href":"https:\/\/dutchhealthstore.com\/fr\/wp-json\/wp\/v2\/comments?post=117695"}],"wp:featuredmedia":[{"embeddable":true,"href":"https:\/\/dutchhealthstore.com\/fr\/wp-json\/wp\/v2\/media\/117518"}],"wp:attachment":[{"href":"https:\/\/dutchhealthstore.com\/fr\/wp-json\/wp\/v2\/media?parent=117695"}],"wp:term":[{"taxonomy":"product_brand","embeddable":true,"href":"https:\/\/dutchhealthstore.com\/fr\/wp-json\/wp\/v2\/product_brand?post=117695"},{"taxonomy":"product_cat","embeddable":true,"href":"https:\/\/dutchhealthstore.com\/fr\/wp-json\/wp\/v2\/product_cat?post=117695"},{"taxonomy":"product_tag","embeddable":true,"href":"https:\/\/dutchhealthstore.com\/fr\/wp-json\/wp\/v2\/product_tag?post=117695"}],"curies":[{"name":"wp","href":"https:\/\/api.w.org\/{rel}","templated":true}]}}