{"id":117681,"date":"2020-07-09T08:07:44","date_gmt":"2020-07-09T06:07:44","guid":{"rendered":"https:\/\/dutchhealthstore.com\/product\/clary-sage-essential-oil\/"},"modified":"2025-01-16T14:15:12","modified_gmt":"2025-01-16T13:15:12","slug":"clary-sage-essential-oil","status":"publish","type":"product","link":"https:\/\/dutchhealthstore.com\/fr\/product\/clary-sage-essential-oil\/","title":{"rendered":"Clary Sage Essential Oil"},"content":{"rendered":"<p><strong><img decoding=\"async\" class=\"size-full wp-image-69549 alignright\" src=\"https:\/\/dutchhealthstore.com\/wp-content\/uploads\/2019\/08\/NEW-Living-Libations-Logo.jpg\" alt=\"NEW - Living Libations - Logo\" width=\"175\" height=\"82\">Nom botanique:<\/strong> Salvia sclarea<br \/>\n<strong>Famille botanique:<\/strong> Lamiaceae<br \/>\n<strong>M\u00e9thode d&rsquo;extraction:<\/strong> Distillation \u00e0 la vapeur<br \/>\n<strong>Partie de la plante distill\u00e9e:<\/strong> Fleurs<br \/>\n<strong>Pays d&rsquo;origine:<\/strong> France<br \/>\n<strong>M\u00e9thode de culture:<\/strong> Organique<br \/>\n<strong>Composition:<\/strong> 100% Salvia sclarea<br \/>\n<strong>Consistance:<\/strong> Viscosit\u00e9 fine<\/p>\n<h3>Description de l&rsquo;odeur<\/h3>\n<p>Chaud, apaisant, herbac\u00e9, notes fra\u00eeches d&rsquo;herbes vertes.<\/p>\n<h3>Se marie bien avec<\/h3>\n<p>C\u00e8dre, Bergamote, Marjolaine, Encens, Camomille, Petitgrain, Rose Otto, Romarin et Encens.<\/p>\n<a href=\"https:\/\/dutchhealthstore.com\/wp-content\/uploads\/2020\/07\/ANALYSIS-Clary-Sage-Essential-Oil-Living-Libations.pdf\" class=\"button primary is-primary is-small\"  >\n\t\t<span>ANALYSE DES HUILES ESSENTIELLES &gt;<\/span>\n\t<\/a>\n\n<h3>Utilisations<\/h3>\n<p>D\u00e9tend l&rsquo;esprit et apaise l&rsquo;appr\u00e9hension. Inhaler dans les tuyaux de sel, diffuser et inhaler pour les m\u00e9ditations.<br \/>\nM\u00e9langez avec de la marjolaine pour des massages fondants au moment de la lune. Suscite la sensualit\u00e9. Magnifique dans les bains. S\u00e9r\u00e9nit\u00e9 dans les s\u00e9rums. Dans les toniques de soins de la peau, la sauge sclar\u00e9e \u00e9quilibre la production de s\u00e9bum dans la peau et le cuir chevelu pour un \u00e9clat naturel.<\/p>\n<p>Les bourgeons verts opalins euphoriques de Clary Sage Essential Oil favorisent une d\u00e9licieuse sensation de tranquillit\u00e9 et m\u00eame d&rsquo;\u00e9tourdissement. La sauge sclar\u00e9e apaisante peut \u00eatre utilis\u00e9e pour oindre le corps au niveau des tempes et des poignets pour un parfum paisible. Botanique euphorisante, notre Clary Sage Essential Oil r\u00e9confortante est un onguent fantastique pour le massage abdominal, notamment lors de la majest\u00e9 des soins de lune.<\/p>\n<p><strong>Taille: 5 ml et 15 ml<\/strong><\/p>\n<h3>Ingr\u00e9dients Biologiques<\/h3>\n<p>100% d&rsquo;huile essentielle de sauge sclar\u00e9e (Salvia sclarea).<\/p>\n<p style=\"text-align: center;\"><em> \u00ab\u00a0L&rsquo;huile essentielle [clary sage] La vapeur d&rsquo;eau distill\u00e9e \u00e0 partir des herbes et des fleurs de la plante a traditionnellement \u00e9t\u00e9 utilis\u00e9e dans le vin muscat allemand, la bi\u00e8re anglaise et le vermouth italien (ainsi que comme fixateur de parfum) pour exploiter les effets capiteux et l&rsquo;ar\u00f4me sensuel de la sauge sclar\u00e9e&#8230; La sauge sclar\u00e9e est \u00e9galement un ingr\u00e9dient pr\u00e9cieux dans les pr\u00e9parations de soins corporels, o\u00f9 elle r\u00e9gule les s\u00e9cr\u00e9tions de la peau et des cheveux et agit comme un stimulant du cuir chevelu.\u00a0\u00bb<\/em><br \/>\n~ Kate et Peter Damian, <strong>Scent and Psyche<\/strong>.<\/p>\n<p style=\"text-align: center;\"><em>\u00ab\u00a0J&rsquo;ai d\u00e9couvert mon amour pour le sclar\u00e9, \u00e9galement connu sous le nom de sauge sclar\u00e9e, dans le sud de la France. Je me suis retrouv\u00e9 dans un immense champ de sclar\u00e9, inond\u00e9 de soleil, entour\u00e9 d&rsquo;une myriade de couleurs \u00e9clatantes&#8230; J&rsquo;ai appris bien plus tard, gr\u00e2ce \u00e0 l&rsquo;aromath\u00e9rapie, que le sclar\u00e9 pouvait effectivement provoquer une euphorie&#8230; Comme sa cousine la pierre d&rsquo;opale, elle est puissante, rayonnante et d\u00e9routante. Elle r\u00e9g\u00e9n\u00e8re l&rsquo;\u00e9nergie et inspire l&rsquo;esprit et l&rsquo;\u00e2me, avec un peu de folie et de risque en prime.\u00a0\u00bb<\/em><br \/>\n~ Susanne Fischer Rizzi, <strong>Complete Aromatherapy Handbook: Essential Oils for Radiant Health<\/strong><\/p>\n<p><img fetchpriority=\"high\" decoding=\"async\" class=\"size-medium wp-image-68103 aligncenter\" src=\"https:\/\/dutchhealthstore.com\/wp-content\/uploads\/2018\/02\/Living-Libations-Organic-Logo-800x89.png\" alt=\"Living Libations - Organic Logo\" width=\"800\" height=\"89\" srcset=\"https:\/\/dutchhealthstore.com\/wp-content\/uploads\/2018\/02\/Living-Libations-Organic-Logo-800x89.png 800w, https:\/\/dutchhealthstore.com\/wp-content\/uploads\/2018\/02\/Living-Libations-Organic-Logo-510x57.png 510w, https:\/\/dutchhealthstore.com\/wp-content\/uploads\/2018\/02\/Living-Libations-Organic-Logo-768x85.png 768w, https:\/\/dutchhealthstore.com\/wp-content\/uploads\/2018\/02\/Living-Libations-Organic-Logo.png 1400w\" sizes=\"(max-width: 800px) 100vw, 800px\" \/><\/p>\n","protected":false},"excerpt":{"rendered":"<p><strong>Clary Sage Essential Oil<\/strong> enchanteresse est distill\u00e9e \u00e0 la vapeur d&rsquo;eau \u00e0 partir de plantes fleuries biologiques qui poussent dans les champs parfum\u00e9s du sud de la France. En plus d&rsquo;\u00eatre un merveilleux d\u00e9stressant, la sauge sclar\u00e9e inspire des sentiments d&rsquo;euphorie et b\u00e9nit l&rsquo;essence m\u00eame de la f\u00e9minit\u00e9.<br \/>\nEnduisez le corps de cette huile ancienne et myst\u00e9rieuse qui a \u00e9t\u00e9 appel\u00e9e \u00ab\u00a0l&rsquo;une des huiles essentielles les plus \u00e9nigmatiques de l&rsquo;apothicairerie myst\u00e9rieuse de l&rsquo;aromath\u00e9rapie\u00a0\u00bb.<\/p>\n","protected":false},"featured_media":112289,"comment_status":"open","ping_status":"closed","template":"","meta":[],"product_brand":[],"product_cat":[1507,6734,1211,1209,3757,6733],"product_tag":[4495],"class_list":{"0":"post-117681","1":"product","2":"type-product","3":"status-publish","4":"has-post-thumbnail","6":"product_cat-plantes-huiles-essentielles-living-libations","7":"product_cat-essential-oils","8":"product_cat-living-libations-france","9":"product_cat-par-marques","10":"product_cat-plantes-huiles-essentielles","11":"product_cat-wellness-fr-2","12":"product_tag-essential-oil-fr","13":"pa_brand-livinglibations-fr","14":"pa_essential-oils-product-type-essential-oils-fr","15":"pa_size-15-ml-fr","16":"pa_size-5-ml-fr","18":"first","19":"instock","20":"taxable","21":"shipping-taxable","22":"purchasable","23":"product-type-variable"},"bundled_by":[],"bundle_stock_status":"instock","bundle_stock_quantity":null,"bundle_virtual":false,"bundle_layout":"","bundle_add_to_cart_form_location":"","bundle_editable_in_cart":false,"bundle_sold_individually_context":"","bundle_item_grouping":"","bundle_min_size":"","bundle_max_size":"","bundle_price":[],"bundled_items":[],"bundle_sell_ids":[],"atum_controlled":true,"out_stock_date":null,"out_stock_threshold":null,"inheritable":true,"stock_on_hold":2,"sold_today":0,"sales_last_days":1,"out_stock_days":0,"lost_sales":0,"update_date":"2026-05-01T06:56:18","atum_locations":[],"atum_stock_status":"instock","restock_status":false,"low_stock_amount":"","sales_update_date":"2026-04-30T00:14:46","calc_backorders":null,"group_of_quantity":0,"min_quantity":0,"max_quantity":"","exclude_order_quantity_value_rules":"no","exclude_category_quantity_rules":"no","combine_variations":"no","yoast_head":"<!-- This site is optimized with the Yoast SEO Premium plugin v26.5 (Yoast SEO v26.5) - https:\/\/yoast.com\/wordpress\/plugins\/seo\/ -->\n<title>Clary Sage Essential Oil | Living Libations<\/title>\n<meta name=\"description\" content=\"Clary Sage Essential Oil enchanteresse est distill\u00e9e \u00e0 la vapeur \u00e0 partir de plantes fleuries biologiques qui poussent dans les champs parfum\u00e9s du sud de la France.\" \/>\n<meta name=\"robots\" content=\"index, follow, max-snippet:-1, max-image-preview:large, max-video-preview:-1\" \/>\n<link rel=\"canonical\" href=\"https:\/\/dutchhealthstore.com\/fr\/product\/clary-sage-essential-oil\/\" \/>\n<meta property=\"og:locale\" content=\"fr_FR\" \/>\n<meta property=\"og:type\" content=\"article\" \/>\n<meta property=\"og:title\" content=\"Clary Sage Essential Oil - Dutch Health Store\" \/>\n<meta property=\"og:description\" content=\"Clary Sage Essential Oil enchanteresse est distill\u00e9e \u00e0 la vapeur \u00e0 partir de plantes fleuries biologiques qui poussent dans les champs parfum\u00e9s du sud de la France.\" \/>\n<meta property=\"og:url\" content=\"https:\/\/dutchhealthstore.com\/fr\/product\/clary-sage-essential-oil\/\" \/>\n<meta property=\"og:site_name\" content=\"Dutch Health Store\" \/>\n<meta property=\"article:publisher\" content=\"https:\/\/www.instagram.com\/dutchhealthstore\/\" \/>\n<meta property=\"article:modified_time\" content=\"2025-01-16T13:15:12+00:00\" \/>\n<meta property=\"og:image\" content=\"https:\/\/dutchhealthstore.com\/wp-content\/uploads\/2020\/07\/Living-Libations-Clary-Sage-Essential-Oil.-e1594281914861.png\" \/>\n\t<meta property=\"og:image:width\" content=\"500\" \/>\n\t<meta property=\"og:image:height\" content=\"500\" \/>\n\t<meta property=\"og:image:type\" content=\"image\/jpeg\" \/>\n<meta name=\"twitter:card\" content=\"summary_large_image\" \/>\n<meta name=\"twitter:label1\" content=\"Disponibilit\u00e9\" \/>\n\t<meta name=\"twitter:data1\" content=\"En stock\" \/>\n<script type=\"application\/ld+json\" class=\"yoast-schema-graph\">{\"@context\":\"https:\/\/schema.org\",\"@graph\":[{\"@type\":\"WebPage\",\"@id\":\"https:\/\/dutchhealthstore.com\/fr\/product\/clary-sage-essential-oil\/\",\"url\":\"https:\/\/dutchhealthstore.com\/fr\/product\/clary-sage-essential-oil\/\",\"name\":\"Clary Sage Essential Oil | Living Libations\",\"isPartOf\":{\"@id\":\"https:\/\/dutchhealthstore.com\/fr\/#website\"},\"primaryImageOfPage\":{\"@id\":\"https:\/\/dutchhealthstore.com\/fr\/product\/clary-sage-essential-oil\/#primaryimage\"},\"image\":{\"@id\":\"https:\/\/dutchhealthstore.com\/fr\/product\/clary-sage-essential-oil\/#primaryimage\"},\"thumbnailUrl\":\"https:\/\/dutchhealthstore.com\/wp-content\/uploads\/2020\/07\/Living-Libations-Clary-Sage-Essential-Oil.-e1594281914861.png\",\"datePublished\":\"2020-07-09T06:07:44+00:00\",\"dateModified\":\"2025-01-16T13:15:12+00:00\",\"description\":\"Clary Sage Essential Oil enchanteresse est distill\u00e9e \u00e0 la vapeur \u00e0 partir de plantes fleuries biologiques qui poussent dans les champs parfum\u00e9s du sud de la France.\",\"breadcrumb\":{\"@id\":\"https:\/\/dutchhealthstore.com\/fr\/product\/clary-sage-essential-oil\/#breadcrumb\"},\"inLanguage\":\"fr-FR\",\"potentialAction\":[{\"@type\":\"ReadAction\",\"target\":[\"https:\/\/dutchhealthstore.com\/fr\/product\/clary-sage-essential-oil\/\"]}]},{\"@type\":\"ImageObject\",\"inLanguage\":\"fr-FR\",\"@id\":\"https:\/\/dutchhealthstore.com\/fr\/product\/clary-sage-essential-oil\/#primaryimage\",\"url\":\"https:\/\/dutchhealthstore.com\/wp-content\/uploads\/2020\/07\/Living-Libations-Clary-Sage-Essential-Oil.-e1594281914861.png\",\"contentUrl\":\"https:\/\/dutchhealthstore.com\/wp-content\/uploads\/2020\/07\/Living-Libations-Clary-Sage-Essential-Oil.-e1594281914861.png\",\"width\":500,\"height\":500,\"caption\":\"Living Libations Clary Sage Essential Oil\"},{\"@type\":\"BreadcrumbList\",\"@id\":\"https:\/\/dutchhealthstore.com\/fr\/product\/clary-sage-essential-oil\/#breadcrumb\",\"itemListElement\":[{\"@type\":\"ListItem\",\"position\":1,\"name\":\"Home\",\"item\":\"https:\/\/dutchhealthstore.com\/fr\/\"},{\"@type\":\"ListItem\",\"position\":2,\"name\":\"Shop\",\"item\":\"https:\/\/dutchhealthstore.com\/fr\/shop\/\"},{\"@type\":\"ListItem\",\"position\":3,\"name\":\"Clary Sage Essential Oil\"}]},{\"@type\":\"WebSite\",\"@id\":\"https:\/\/dutchhealthstore.com\/fr\/#website\",\"url\":\"https:\/\/dutchhealthstore.com\/fr\/\",\"name\":\"Dutch Health Store\",\"description\":\"Enhance Your Beauty with Organic &amp; Natural Skincare\",\"publisher\":{\"@id\":\"https:\/\/dutchhealthstore.com\/fr\/#organization\"},\"potentialAction\":[{\"@type\":\"SearchAction\",\"target\":{\"@type\":\"EntryPoint\",\"urlTemplate\":\"https:\/\/dutchhealthstore.com\/fr\/?s={search_term_string}\"},\"query-input\":{\"@type\":\"PropertyValueSpecification\",\"valueRequired\":true,\"valueName\":\"search_term_string\"}}],\"inLanguage\":\"fr-FR\"},{\"@type\":\"Organization\",\"@id\":\"https:\/\/dutchhealthstore.com\/fr\/#organization\",\"name\":\"Dutch Health Store\",\"url\":\"https:\/\/dutchhealthstore.com\/fr\/\",\"logo\":{\"@type\":\"ImageObject\",\"inLanguage\":\"fr-FR\",\"@id\":\"https:\/\/dutchhealthstore.com\/fr\/#\/schema\/logo\/image\/\",\"url\":\"https:\/\/dutchhealthstore.com\/wp-content\/uploads\/2020\/08\/logo-dutchhealthstore-jpg-e1599484957574.jpg\",\"contentUrl\":\"https:\/\/dutchhealthstore.com\/wp-content\/uploads\/2020\/08\/logo-dutchhealthstore-jpg-e1599484957574.jpg\",\"width\":400,\"height\":62,\"caption\":\"Dutch Health Store\"},\"image\":{\"@id\":\"https:\/\/dutchhealthstore.com\/fr\/#\/schema\/logo\/image\/\"},\"sameAs\":[\"https:\/\/www.instagram.com\/dutchhealthstore\/\",\"https:\/\/www.facebook.com\/dutchhealthstore\"]}]}<\/script>\n<meta property=\"product:brand\" content=\"Living Libations\" \/>\n<meta property=\"og:availability\" content=\"instock\" \/>\n<meta property=\"product:availability\" content=\"instock\" \/>\n<meta property=\"product:condition\" content=\"new\" \/>\n<!-- \/ Yoast SEO Premium plugin. -->","yoast_head_json":{"title":"Clary Sage Essential Oil | Living Libations","description":"Clary Sage Essential Oil enchanteresse est distill\u00e9e \u00e0 la vapeur \u00e0 partir de plantes fleuries biologiques qui poussent dans les champs parfum\u00e9s du sud de la France.","robots":{"index":"index","follow":"follow","max-snippet":"max-snippet:-1","max-image-preview":"max-image-preview:large","max-video-preview":"max-video-preview:-1"},"canonical":"https:\/\/dutchhealthstore.com\/fr\/product\/clary-sage-essential-oil\/","og_locale":"fr_FR","og_type":"article","og_title":"Clary Sage Essential Oil - Dutch Health Store","og_description":"Clary Sage Essential Oil enchanteresse est distill\u00e9e \u00e0 la vapeur \u00e0 partir de plantes fleuries biologiques qui poussent dans les champs parfum\u00e9s du sud de la France.","og_url":"https:\/\/dutchhealthstore.com\/fr\/product\/clary-sage-essential-oil\/","og_site_name":"Dutch Health Store","article_publisher":"https:\/\/www.instagram.com\/dutchhealthstore\/","article_modified_time":"2025-01-16T13:15:12+00:00","og_image":[{"width":500,"height":500,"url":"https:\/\/dutchhealthstore.com\/wp-content\/uploads\/2020\/07\/Living-Libations-Clary-Sage-Essential-Oil.-e1594281914861.png","type":"image\/jpeg"}],"twitter_card":"summary_large_image","twitter_misc":{"Disponibilit\u00e9":"En stock"},"schema":{"@context":"https:\/\/schema.org","@graph":[{"@type":"WebPage","@id":"https:\/\/dutchhealthstore.com\/fr\/product\/clary-sage-essential-oil\/","url":"https:\/\/dutchhealthstore.com\/fr\/product\/clary-sage-essential-oil\/","name":"Clary Sage Essential Oil | Living Libations","isPartOf":{"@id":"https:\/\/dutchhealthstore.com\/fr\/#website"},"primaryImageOfPage":{"@id":"https:\/\/dutchhealthstore.com\/fr\/product\/clary-sage-essential-oil\/#primaryimage"},"image":{"@id":"https:\/\/dutchhealthstore.com\/fr\/product\/clary-sage-essential-oil\/#primaryimage"},"thumbnailUrl":"https:\/\/dutchhealthstore.com\/wp-content\/uploads\/2020\/07\/Living-Libations-Clary-Sage-Essential-Oil.-e1594281914861.png","datePublished":"2020-07-09T06:07:44+00:00","dateModified":"2025-01-16T13:15:12+00:00","description":"Clary Sage Essential Oil enchanteresse est distill\u00e9e \u00e0 la vapeur \u00e0 partir de plantes fleuries biologiques qui poussent dans les champs parfum\u00e9s du sud de la France.","breadcrumb":{"@id":"https:\/\/dutchhealthstore.com\/fr\/product\/clary-sage-essential-oil\/#breadcrumb"},"inLanguage":"fr-FR","potentialAction":[{"@type":"ReadAction","target":["https:\/\/dutchhealthstore.com\/fr\/product\/clary-sage-essential-oil\/"]}]},{"@type":"ImageObject","inLanguage":"fr-FR","@id":"https:\/\/dutchhealthstore.com\/fr\/product\/clary-sage-essential-oil\/#primaryimage","url":"https:\/\/dutchhealthstore.com\/wp-content\/uploads\/2020\/07\/Living-Libations-Clary-Sage-Essential-Oil.-e1594281914861.png","contentUrl":"https:\/\/dutchhealthstore.com\/wp-content\/uploads\/2020\/07\/Living-Libations-Clary-Sage-Essential-Oil.-e1594281914861.png","width":500,"height":500,"caption":"Living Libations Clary Sage Essential Oil"},{"@type":"BreadcrumbList","@id":"https:\/\/dutchhealthstore.com\/fr\/product\/clary-sage-essential-oil\/#breadcrumb","itemListElement":[{"@type":"ListItem","position":1,"name":"Home","item":"https:\/\/dutchhealthstore.com\/fr\/"},{"@type":"ListItem","position":2,"name":"Shop","item":"https:\/\/dutchhealthstore.com\/fr\/shop\/"},{"@type":"ListItem","position":3,"name":"Clary Sage Essential Oil"}]},{"@type":"WebSite","@id":"https:\/\/dutchhealthstore.com\/fr\/#website","url":"https:\/\/dutchhealthstore.com\/fr\/","name":"Dutch Health Store","description":"Enhance Your Beauty with Organic &amp; Natural Skincare","publisher":{"@id":"https:\/\/dutchhealthstore.com\/fr\/#organization"},"potentialAction":[{"@type":"SearchAction","target":{"@type":"EntryPoint","urlTemplate":"https:\/\/dutchhealthstore.com\/fr\/?s={search_term_string}"},"query-input":{"@type":"PropertyValueSpecification","valueRequired":true,"valueName":"search_term_string"}}],"inLanguage":"fr-FR"},{"@type":"Organization","@id":"https:\/\/dutchhealthstore.com\/fr\/#organization","name":"Dutch Health Store","url":"https:\/\/dutchhealthstore.com\/fr\/","logo":{"@type":"ImageObject","inLanguage":"fr-FR","@id":"https:\/\/dutchhealthstore.com\/fr\/#\/schema\/logo\/image\/","url":"https:\/\/dutchhealthstore.com\/wp-content\/uploads\/2020\/08\/logo-dutchhealthstore-jpg-e1599484957574.jpg","contentUrl":"https:\/\/dutchhealthstore.com\/wp-content\/uploads\/2020\/08\/logo-dutchhealthstore-jpg-e1599484957574.jpg","width":400,"height":62,"caption":"Dutch Health Store"},"image":{"@id":"https:\/\/dutchhealthstore.com\/fr\/#\/schema\/logo\/image\/"},"sameAs":["https:\/\/www.instagram.com\/dutchhealthstore\/","https:\/\/www.facebook.com\/dutchhealthstore"]}]},"product_brand":"Living Libations","og_availability":"instock","product_availability":"instock","product_condition":"new"},"_links":{"self":[{"href":"https:\/\/dutchhealthstore.com\/fr\/wp-json\/wp\/v2\/product\/117681","targetHints":{"allow":["GET"]}}],"collection":[{"href":"https:\/\/dutchhealthstore.com\/fr\/wp-json\/wp\/v2\/product"}],"about":[{"href":"https:\/\/dutchhealthstore.com\/fr\/wp-json\/wp\/v2\/types\/product"}],"replies":[{"embeddable":true,"href":"https:\/\/dutchhealthstore.com\/fr\/wp-json\/wp\/v2\/comments?post=117681"}],"wp:featuredmedia":[{"embeddable":true,"href":"https:\/\/dutchhealthstore.com\/fr\/wp-json\/wp\/v2\/media\/112289"}],"wp:attachment":[{"href":"https:\/\/dutchhealthstore.com\/fr\/wp-json\/wp\/v2\/media?parent=117681"}],"wp:term":[{"taxonomy":"product_brand","embeddable":true,"href":"https:\/\/dutchhealthstore.com\/fr\/wp-json\/wp\/v2\/product_brand?post=117681"},{"taxonomy":"product_cat","embeddable":true,"href":"https:\/\/dutchhealthstore.com\/fr\/wp-json\/wp\/v2\/product_cat?post=117681"},{"taxonomy":"product_tag","embeddable":true,"href":"https:\/\/dutchhealthstore.com\/fr\/wp-json\/wp\/v2\/product_tag?post=117681"}],"curies":[{"name":"wp","href":"https:\/\/api.w.org\/{rel}","templated":true}]}}