{"id":117653,"date":"2020-07-09T07:21:22","date_gmt":"2020-07-09T05:21:22","guid":{"rendered":"https:\/\/dutchhealthstore.com\/product\/cinnamon-bark-essential-oil\/"},"modified":"2025-08-12T09:57:09","modified_gmt":"2025-08-12T07:57:09","slug":"cinnamon-bark-essential-oil","status":"publish","type":"product","link":"https:\/\/dutchhealthstore.com\/fr\/product\/cinnamon-bark-essential-oil\/","title":{"rendered":"Cinnamon Bark Essential Oil"},"content":{"rendered":"<p><strong><img decoding=\"async\" class=\"size-full wp-image-69549 alignright\" src=\"https:\/\/dutchhealthstore.com\/wp-content\/uploads\/2019\/08\/NEW-Living-Libations-Logo.jpg\" alt=\"NEW - Living Libations - Logo\" width=\"175\" height=\"82\">Nom botanique:<\/strong> Cinnamomum zeylanicum<br \/>\n<strong>Famille botanique:<\/strong> Lauraceae<br \/>\n<strong>M\u00e9thode d&rsquo;extraction:<\/strong> Distillation \u00e0 la vapeur<br \/>\n<strong>Partie de la plante distill\u00e9e:<\/strong> \u00c9corce<br \/>\n<strong>Pays d&rsquo;origine:<\/strong> Madagascar<br \/>\n<strong>M\u00e9thode de culture:<\/strong> Organique<br \/>\n<strong>Composition:<\/strong> 100% Cinnamomum zeylanicum<br \/>\n<strong>Consistance:<\/strong> Viscosit\u00e9 fine<\/p>\n<h3>Description de l&rsquo;odeur<\/h3>\n<p>\u00c9pic\u00e9, doux, chaud et sec.<\/p>\n<h3>Dans Living Libations<\/h3>\n<p>Love Wine, Ensorcell Serum, Illume Hotberry, Hot Lover Lips, Happy Gum Drops, Ozonated Happy Gum Drops, Neem Enamelizer, Radiant Love Lotion, et Radiant Love Butter.<\/p>\n<h3>Se marie bien avec<\/h3>\n<p>Girofle, curcuma, orange sanguine et caf\u00e9.<\/p>\n<a href=\"https:\/\/dutchhealthstore.com\/wp-content\/uploads\/2020\/07\/ANALYSIS-Cinnamon-Bark-Essential-Oil-Living-Libations.pdf\" class=\"button primary is-primary is-small\"  >\n\t\t<span>ANALYSE DES HUILES ESSENTIELLES &gt;<\/span>\n\t<\/a>\n\n<p><strong>Taille: 5 ml et 15 ml<\/strong><\/p>\n<h3>Utilisations<\/h3>\n<p>Diluez toujours 1 \u00e0 3%Cinnamon Bark Essential Oil dans une huile de support organique, Best Skin Ever, ou de l&rsquo;huile jojoba et appliquez sur la peau pour un s\u00e9rum de rajeunissement rapide. Ajouter comme huile culinaire aux th\u00e9s, etc., ou mettre une goutte sur du chocolat. Un parfum d\u00e9licieusement chaleureux \u00e0 diffuser dans une casserole d&rsquo;eau sur la cuisini\u00e8re ou dans un diffuseur. Biotique botanique puissant qui rafra\u00eechit l&rsquo;haleine et est excellent pour les soins bucco-dentaires biologiques.<\/p>\n<p>Cette distillation authentique de la v\u00e9ritable \u00e9corce de cannelle est un classique de l&rsquo;aromath\u00e9rapie. Avec son ar\u00f4me d\u00e9licieux et r\u00e9confortant, ce biotique botanique met du piquant dans chaque mol\u00e9cule puissante. Notre cannelle est un v\u00e9ritable d\u00e9lice multisensoriel qui est utilis\u00e9 depuis l&rsquo;Antiquit\u00e9 pour des d\u00e9lices culinaires, des soins bucco-dentaires efficaces, des soins de la peau stimulants et un coup de pouce aux soins corporels.<\/p>\n<h3>Ingr\u00e9dients Biologiques<\/h3>\n<p>100% huile essentielle d&rsquo;\u00e9corce de cannelle (Cinnamomum zeylanicum).<\/p>\n<p style=\"text-align: center;\"><em>\u00ab\u00a0La chaude lueur de la cannelle rayonne \u00e0 travers le temps et l&rsquo;espace, transformant la tristesse en bonheur. Elle permet de r\u00e9aliser que l&rsquo;amour est toujours l\u00e0, si l&rsquo;on s&rsquo;accorde \u00e0 sa vibration chaude.\u00a0\u00bb<\/em><br \/>\n~ Valerie Ann Worwood, <strong>Aromatherapy for the Soul<\/strong><\/p>\n<p style=\"text-align: center;\"><em>\u00ab\u00a0La cannelle \u00e9tait \u00e9galement utilis\u00e9e dans de nombreuses pr\u00e9parations de parfums anciens, comme l&rsquo;Unguent royal. Pour les Arabes, la cannelle \u00e9tait un symbole de richesse, et pour les Chinois, elle \u00e9tait une panac\u00e9e et \u00e9tait br\u00fbl\u00e9e comme encens. Dans l&rsquo;Europe m\u00e9di\u00e9vale, comme beaucoup d&rsquo;\u00e9pices exotiques, elle se retrouvait dans les parfums et les philtres d&rsquo;amour.\u00a0\u00bb<\/em><br \/>\n~ Jennifer Peace Rhind, <strong>Fragrance and Wellbeing<\/strong><\/p>\n<p><strong>Voir notre clip YouTube sur ce produit<\/strong><\/p>\n<p><iframe title=\"Essential Oils 101: Blue Lotus, Chamomile, Cinnamon, Cardamom, Cedar and Sage\" width=\"1020\" height=\"574\" src=\"https:\/\/www.youtube.com\/embed\/wkXVNyGtDKM?feature=oembed\" frameborder=\"0\" allow=\"accelerometer; autoplay; encrypted-media; gyroscope; picture-in-picture\" allowfullscreen><\/iframe><\/p>\n<p><img fetchpriority=\"high\" decoding=\"async\" class=\"size-medium wp-image-68103 aligncenter\" src=\"https:\/\/dutchhealthstore.com\/wp-content\/uploads\/2018\/02\/Living-Libations-Organic-Logo-800x89.png\" alt=\"Living Libations - Organic Logo\" width=\"800\" height=\"89\" srcset=\"https:\/\/dutchhealthstore.com\/wp-content\/uploads\/2018\/02\/Living-Libations-Organic-Logo-800x89.png 800w, https:\/\/dutchhealthstore.com\/wp-content\/uploads\/2018\/02\/Living-Libations-Organic-Logo-510x57.png 510w, https:\/\/dutchhealthstore.com\/wp-content\/uploads\/2018\/02\/Living-Libations-Organic-Logo-768x85.png 768w, https:\/\/dutchhealthstore.com\/wp-content\/uploads\/2018\/02\/Living-Libations-Organic-Logo.png 1400w\" sizes=\"(max-width: 800px) 100vw, 800px\" \/><\/p>\n","protected":false},"excerpt":{"rendered":"<p><strong>Cinnamon Bark Essential Oil,<\/strong> \u00e9pic\u00e9e et sensuelle, est distill\u00e9e \u00e0 la vapeur \u00e0 partir de l&rsquo;\u00e9corce d&rsquo;arbres cultiv\u00e9s biologiquement \u00e0 Madagascar.<br \/>\nUne huile aromatique d\u00e9licieusement ambrosienne, qui regorge de puissance v\u00e9g\u00e9tale. La cannelle douce r\u00e9chauffe et fait vibrer le c\u0153ur, la peau et les papilles gustatives.<\/p>\n","protected":false},"featured_media":112275,"comment_status":"open","ping_status":"closed","template":"","meta":[],"product_brand":[],"product_cat":[6734,1507,1211,1209,3757,6733],"product_tag":[4495],"class_list":{"0":"post-117653","1":"product","2":"type-product","3":"status-publish","4":"has-post-thumbnail","6":"product_cat-essential-oils","7":"product_cat-plantes-huiles-essentielles-living-libations","8":"product_cat-living-libations-france","9":"product_cat-par-marques","10":"product_cat-plantes-huiles-essentielles","11":"product_cat-wellness-fr-2","12":"product_tag-essential-oil-fr","13":"pa_brand-livinglibations-fr","14":"pa_essential-oils-product-type-essential-oils-fr","15":"pa_size-5-ml-fr","16":"pa_size-15-ml-fr","18":"first","19":"instock","20":"taxable","21":"shipping-taxable","22":"purchasable","23":"product-type-variable"},"bundled_by":[],"bundle_stock_status":"instock","bundle_stock_quantity":null,"bundle_virtual":false,"bundle_layout":"","bundle_add_to_cart_form_location":"","bundle_editable_in_cart":false,"bundle_sold_individually_context":"","bundle_item_grouping":"","bundle_min_size":"","bundle_max_size":"","bundle_price":[],"bundled_items":[],"bundle_sell_ids":[],"atum_controlled":true,"out_stock_date":null,"out_stock_threshold":null,"inheritable":true,"stock_on_hold":0,"sold_today":0,"sales_last_days":0,"out_stock_days":0,"lost_sales":0,"update_date":"2026-04-06T01:46:28","atum_locations":[],"atum_stock_status":"instock","restock_status":false,"low_stock_amount":"","sales_update_date":"2026-04-06T01:46:28","calc_backorders":null,"group_of_quantity":0,"min_quantity":0,"max_quantity":"","exclude_order_quantity_value_rules":"no","exclude_category_quantity_rules":"no","combine_variations":"no","yoast_head":"<!-- This site is optimized with the Yoast SEO Premium plugin v26.5 (Yoast SEO v26.5) - https:\/\/yoast.com\/wordpress\/plugins\/seo\/ -->\n<title>Cinnamon Bark Essential Oil | Living Libations<\/title>\n<meta name=\"description\" content=\"Cinnamon Bark Essential Oil, \u00e9pic\u00e9e et sensuelle, est distill\u00e9e \u00e0 la vapeur \u00e0 partir de l&#039;\u00e9corce d&#039;arbres cultiv\u00e9s biologiquement \u00e0 Madagascar.\" \/>\n<meta name=\"robots\" content=\"index, follow, max-snippet:-1, max-image-preview:large, max-video-preview:-1\" \/>\n<link rel=\"canonical\" href=\"https:\/\/dutchhealthstore.com\/fr\/product\/cinnamon-bark-essential-oil\/\" \/>\n<meta property=\"og:locale\" content=\"fr_FR\" \/>\n<meta property=\"og:type\" content=\"article\" \/>\n<meta property=\"og:title\" content=\"Cinnamon Bark Essential Oil - Dutch Health Store\" \/>\n<meta property=\"og:description\" content=\"Cinnamon Bark Essential Oil, \u00e9pic\u00e9e et sensuelle, est distill\u00e9e \u00e0 la vapeur \u00e0 partir de l&#039;\u00e9corce d&#039;arbres cultiv\u00e9s biologiquement \u00e0 Madagascar.\" \/>\n<meta property=\"og:url\" content=\"https:\/\/dutchhealthstore.com\/fr\/product\/cinnamon-bark-essential-oil\/\" \/>\n<meta property=\"og:site_name\" content=\"Dutch Health Store\" \/>\n<meta property=\"article:publisher\" content=\"https:\/\/www.instagram.com\/dutchhealthstore\/\" \/>\n<meta property=\"article:modified_time\" content=\"2025-08-12T07:57:09+00:00\" \/>\n<meta property=\"og:image\" content=\"https:\/\/dutchhealthstore.com\/wp-content\/uploads\/2020\/07\/living-libations-cinnamon-Bark-Essential-Oil.-e1594278939566.jpg\" \/>\n\t<meta property=\"og:image:width\" content=\"500\" \/>\n\t<meta property=\"og:image:height\" content=\"500\" \/>\n\t<meta property=\"og:image:type\" content=\"image\/jpeg\" \/>\n<meta name=\"twitter:card\" content=\"summary_large_image\" \/>\n<meta name=\"twitter:label1\" content=\"Disponibilit\u00e9\" \/>\n\t<meta name=\"twitter:data1\" content=\"En stock\" \/>\n<script type=\"application\/ld+json\" class=\"yoast-schema-graph\">{\"@context\":\"https:\/\/schema.org\",\"@graph\":[{\"@type\":\"WebPage\",\"@id\":\"https:\/\/dutchhealthstore.com\/fr\/product\/cinnamon-bark-essential-oil\/\",\"url\":\"https:\/\/dutchhealthstore.com\/fr\/product\/cinnamon-bark-essential-oil\/\",\"name\":\"Cinnamon Bark Essential Oil | Living Libations\",\"isPartOf\":{\"@id\":\"https:\/\/dutchhealthstore.com\/fr\/#website\"},\"primaryImageOfPage\":{\"@id\":\"https:\/\/dutchhealthstore.com\/fr\/product\/cinnamon-bark-essential-oil\/#primaryimage\"},\"image\":{\"@id\":\"https:\/\/dutchhealthstore.com\/fr\/product\/cinnamon-bark-essential-oil\/#primaryimage\"},\"thumbnailUrl\":\"https:\/\/dutchhealthstore.com\/wp-content\/uploads\/2020\/07\/living-libations-cinnamon-Bark-Essential-Oil.-e1594278939566.jpg\",\"datePublished\":\"2020-07-09T05:21:22+00:00\",\"dateModified\":\"2025-08-12T07:57:09+00:00\",\"description\":\"Cinnamon Bark Essential Oil, \u00e9pic\u00e9e et sensuelle, est distill\u00e9e \u00e0 la vapeur \u00e0 partir de l'\u00e9corce d'arbres cultiv\u00e9s biologiquement \u00e0 Madagascar.\",\"breadcrumb\":{\"@id\":\"https:\/\/dutchhealthstore.com\/fr\/product\/cinnamon-bark-essential-oil\/#breadcrumb\"},\"inLanguage\":\"fr-FR\",\"potentialAction\":[{\"@type\":\"ReadAction\",\"target\":[\"https:\/\/dutchhealthstore.com\/fr\/product\/cinnamon-bark-essential-oil\/\"]}]},{\"@type\":\"ImageObject\",\"inLanguage\":\"fr-FR\",\"@id\":\"https:\/\/dutchhealthstore.com\/fr\/product\/cinnamon-bark-essential-oil\/#primaryimage\",\"url\":\"https:\/\/dutchhealthstore.com\/wp-content\/uploads\/2020\/07\/living-libations-cinnamon-Bark-Essential-Oil.-e1594278939566.jpg\",\"contentUrl\":\"https:\/\/dutchhealthstore.com\/wp-content\/uploads\/2020\/07\/living-libations-cinnamon-Bark-Essential-Oil.-e1594278939566.jpg\",\"width\":500,\"height\":500,\"caption\":\"living libations cinnamon Bark Essential Oil.\"},{\"@type\":\"BreadcrumbList\",\"@id\":\"https:\/\/dutchhealthstore.com\/fr\/product\/cinnamon-bark-essential-oil\/#breadcrumb\",\"itemListElement\":[{\"@type\":\"ListItem\",\"position\":1,\"name\":\"Home\",\"item\":\"https:\/\/dutchhealthstore.com\/fr\/\"},{\"@type\":\"ListItem\",\"position\":2,\"name\":\"Shop\",\"item\":\"https:\/\/dutchhealthstore.com\/fr\/shop\/\"},{\"@type\":\"ListItem\",\"position\":3,\"name\":\"Cinnamon Bark Essential Oil\"}]},{\"@type\":\"WebSite\",\"@id\":\"https:\/\/dutchhealthstore.com\/fr\/#website\",\"url\":\"https:\/\/dutchhealthstore.com\/fr\/\",\"name\":\"Dutch Health Store\",\"description\":\"Enhance Your Beauty with Organic &amp; Natural Skincare\",\"publisher\":{\"@id\":\"https:\/\/dutchhealthstore.com\/fr\/#organization\"},\"potentialAction\":[{\"@type\":\"SearchAction\",\"target\":{\"@type\":\"EntryPoint\",\"urlTemplate\":\"https:\/\/dutchhealthstore.com\/fr\/?s={search_term_string}\"},\"query-input\":{\"@type\":\"PropertyValueSpecification\",\"valueRequired\":true,\"valueName\":\"search_term_string\"}}],\"inLanguage\":\"fr-FR\"},{\"@type\":\"Organization\",\"@id\":\"https:\/\/dutchhealthstore.com\/fr\/#organization\",\"name\":\"Dutch Health Store\",\"url\":\"https:\/\/dutchhealthstore.com\/fr\/\",\"logo\":{\"@type\":\"ImageObject\",\"inLanguage\":\"fr-FR\",\"@id\":\"https:\/\/dutchhealthstore.com\/fr\/#\/schema\/logo\/image\/\",\"url\":\"https:\/\/dutchhealthstore.com\/wp-content\/uploads\/2020\/08\/logo-dutchhealthstore-jpg-e1599484957574.jpg\",\"contentUrl\":\"https:\/\/dutchhealthstore.com\/wp-content\/uploads\/2020\/08\/logo-dutchhealthstore-jpg-e1599484957574.jpg\",\"width\":400,\"height\":62,\"caption\":\"Dutch Health Store\"},\"image\":{\"@id\":\"https:\/\/dutchhealthstore.com\/fr\/#\/schema\/logo\/image\/\"},\"sameAs\":[\"https:\/\/www.instagram.com\/dutchhealthstore\/\",\"https:\/\/www.facebook.com\/dutchhealthstore\"]}]}<\/script>\n<meta property=\"product:brand\" content=\"Living Libations\" \/>\n<meta property=\"og:availability\" content=\"instock\" \/>\n<meta property=\"product:availability\" content=\"instock\" \/>\n<meta property=\"product:condition\" content=\"new\" \/>\n<!-- \/ Yoast SEO Premium plugin. -->","yoast_head_json":{"title":"Cinnamon Bark Essential Oil | Living Libations","description":"Cinnamon Bark Essential Oil, \u00e9pic\u00e9e et sensuelle, est distill\u00e9e \u00e0 la vapeur \u00e0 partir de l'\u00e9corce d'arbres cultiv\u00e9s biologiquement \u00e0 Madagascar.","robots":{"index":"index","follow":"follow","max-snippet":"max-snippet:-1","max-image-preview":"max-image-preview:large","max-video-preview":"max-video-preview:-1"},"canonical":"https:\/\/dutchhealthstore.com\/fr\/product\/cinnamon-bark-essential-oil\/","og_locale":"fr_FR","og_type":"article","og_title":"Cinnamon Bark Essential Oil - Dutch Health Store","og_description":"Cinnamon Bark Essential Oil, \u00e9pic\u00e9e et sensuelle, est distill\u00e9e \u00e0 la vapeur \u00e0 partir de l'\u00e9corce d'arbres cultiv\u00e9s biologiquement \u00e0 Madagascar.","og_url":"https:\/\/dutchhealthstore.com\/fr\/product\/cinnamon-bark-essential-oil\/","og_site_name":"Dutch Health Store","article_publisher":"https:\/\/www.instagram.com\/dutchhealthstore\/","article_modified_time":"2025-08-12T07:57:09+00:00","og_image":[{"width":500,"height":500,"url":"https:\/\/dutchhealthstore.com\/wp-content\/uploads\/2020\/07\/living-libations-cinnamon-Bark-Essential-Oil.-e1594278939566.jpg","type":"image\/jpeg"}],"twitter_card":"summary_large_image","twitter_misc":{"Disponibilit\u00e9":"En stock"},"schema":{"@context":"https:\/\/schema.org","@graph":[{"@type":"WebPage","@id":"https:\/\/dutchhealthstore.com\/fr\/product\/cinnamon-bark-essential-oil\/","url":"https:\/\/dutchhealthstore.com\/fr\/product\/cinnamon-bark-essential-oil\/","name":"Cinnamon Bark Essential Oil | Living Libations","isPartOf":{"@id":"https:\/\/dutchhealthstore.com\/fr\/#website"},"primaryImageOfPage":{"@id":"https:\/\/dutchhealthstore.com\/fr\/product\/cinnamon-bark-essential-oil\/#primaryimage"},"image":{"@id":"https:\/\/dutchhealthstore.com\/fr\/product\/cinnamon-bark-essential-oil\/#primaryimage"},"thumbnailUrl":"https:\/\/dutchhealthstore.com\/wp-content\/uploads\/2020\/07\/living-libations-cinnamon-Bark-Essential-Oil.-e1594278939566.jpg","datePublished":"2020-07-09T05:21:22+00:00","dateModified":"2025-08-12T07:57:09+00:00","description":"Cinnamon Bark Essential Oil, \u00e9pic\u00e9e et sensuelle, est distill\u00e9e \u00e0 la vapeur \u00e0 partir de l'\u00e9corce d'arbres cultiv\u00e9s biologiquement \u00e0 Madagascar.","breadcrumb":{"@id":"https:\/\/dutchhealthstore.com\/fr\/product\/cinnamon-bark-essential-oil\/#breadcrumb"},"inLanguage":"fr-FR","potentialAction":[{"@type":"ReadAction","target":["https:\/\/dutchhealthstore.com\/fr\/product\/cinnamon-bark-essential-oil\/"]}]},{"@type":"ImageObject","inLanguage":"fr-FR","@id":"https:\/\/dutchhealthstore.com\/fr\/product\/cinnamon-bark-essential-oil\/#primaryimage","url":"https:\/\/dutchhealthstore.com\/wp-content\/uploads\/2020\/07\/living-libations-cinnamon-Bark-Essential-Oil.-e1594278939566.jpg","contentUrl":"https:\/\/dutchhealthstore.com\/wp-content\/uploads\/2020\/07\/living-libations-cinnamon-Bark-Essential-Oil.-e1594278939566.jpg","width":500,"height":500,"caption":"living libations cinnamon Bark Essential Oil."},{"@type":"BreadcrumbList","@id":"https:\/\/dutchhealthstore.com\/fr\/product\/cinnamon-bark-essential-oil\/#breadcrumb","itemListElement":[{"@type":"ListItem","position":1,"name":"Home","item":"https:\/\/dutchhealthstore.com\/fr\/"},{"@type":"ListItem","position":2,"name":"Shop","item":"https:\/\/dutchhealthstore.com\/fr\/shop\/"},{"@type":"ListItem","position":3,"name":"Cinnamon Bark Essential Oil"}]},{"@type":"WebSite","@id":"https:\/\/dutchhealthstore.com\/fr\/#website","url":"https:\/\/dutchhealthstore.com\/fr\/","name":"Dutch Health Store","description":"Enhance Your Beauty with Organic &amp; Natural Skincare","publisher":{"@id":"https:\/\/dutchhealthstore.com\/fr\/#organization"},"potentialAction":[{"@type":"SearchAction","target":{"@type":"EntryPoint","urlTemplate":"https:\/\/dutchhealthstore.com\/fr\/?s={search_term_string}"},"query-input":{"@type":"PropertyValueSpecification","valueRequired":true,"valueName":"search_term_string"}}],"inLanguage":"fr-FR"},{"@type":"Organization","@id":"https:\/\/dutchhealthstore.com\/fr\/#organization","name":"Dutch Health Store","url":"https:\/\/dutchhealthstore.com\/fr\/","logo":{"@type":"ImageObject","inLanguage":"fr-FR","@id":"https:\/\/dutchhealthstore.com\/fr\/#\/schema\/logo\/image\/","url":"https:\/\/dutchhealthstore.com\/wp-content\/uploads\/2020\/08\/logo-dutchhealthstore-jpg-e1599484957574.jpg","contentUrl":"https:\/\/dutchhealthstore.com\/wp-content\/uploads\/2020\/08\/logo-dutchhealthstore-jpg-e1599484957574.jpg","width":400,"height":62,"caption":"Dutch Health Store"},"image":{"@id":"https:\/\/dutchhealthstore.com\/fr\/#\/schema\/logo\/image\/"},"sameAs":["https:\/\/www.instagram.com\/dutchhealthstore\/","https:\/\/www.facebook.com\/dutchhealthstore"]}]},"product_brand":"Living Libations","og_availability":"instock","product_availability":"instock","product_condition":"new"},"_links":{"self":[{"href":"https:\/\/dutchhealthstore.com\/fr\/wp-json\/wp\/v2\/product\/117653","targetHints":{"allow":["GET"]}}],"collection":[{"href":"https:\/\/dutchhealthstore.com\/fr\/wp-json\/wp\/v2\/product"}],"about":[{"href":"https:\/\/dutchhealthstore.com\/fr\/wp-json\/wp\/v2\/types\/product"}],"replies":[{"embeddable":true,"href":"https:\/\/dutchhealthstore.com\/fr\/wp-json\/wp\/v2\/comments?post=117653"}],"wp:featuredmedia":[{"embeddable":true,"href":"https:\/\/dutchhealthstore.com\/fr\/wp-json\/wp\/v2\/media\/112275"}],"wp:attachment":[{"href":"https:\/\/dutchhealthstore.com\/fr\/wp-json\/wp\/v2\/media?parent=117653"}],"wp:term":[{"taxonomy":"product_brand","embeddable":true,"href":"https:\/\/dutchhealthstore.com\/fr\/wp-json\/wp\/v2\/product_brand?post=117653"},{"taxonomy":"product_cat","embeddable":true,"href":"https:\/\/dutchhealthstore.com\/fr\/wp-json\/wp\/v2\/product_cat?post=117653"},{"taxonomy":"product_tag","embeddable":true,"href":"https:\/\/dutchhealthstore.com\/fr\/wp-json\/wp\/v2\/product_tag?post=117653"}],"curies":[{"name":"wp","href":"https:\/\/api.w.org\/{rel}","templated":true}]}}