{"id":117634,"date":"2018-02-10T20:38:55","date_gmt":"2018-02-10T19:38:55","guid":{"rendered":"https:\/\/dutchhealthstore.com\/product\/chamomile-essential-oil\/"},"modified":"2025-11-23T12:50:42","modified_gmt":"2025-11-23T11:50:42","slug":"chamomile-essential-oil","status":"publish","type":"product","link":"https:\/\/dutchhealthstore.com\/fr\/product\/chamomile-essential-oil\/","title":{"rendered":"Chamomile Essential Oil"},"content":{"rendered":"<p style=\"font-weight: 400;\"><img decoding=\"async\" class=\"size-full wp-image-37041 alignright\" src=\"https:\/\/dutchhealthstore.com\/wp-content\/uploads\/2018\/04\/Living_Libations-1.png\" alt=\"Organic &amp; Natural Beautyproducts - Living Libations\" width=\"175\" height=\"82\"><\/p>\n<p style=\"font-weight: 400;\"><b><strong>Nom botanique: <\/strong><\/b><i><em>Anthemis nobilis<\/em><\/i><br \/>\n<b><strong>Famille botanique: <\/strong><\/b><i><em>Asteraceae <\/em><\/i><br \/>\n<b><strong>M\u00e9thode d&rsquo;extraction:<\/strong><\/b> Distillation \u00e0 la vapeur<br \/>\n<b><strong>Partie de la plante distill\u00e9e:<\/strong><\/b> Fleurs<br \/>\n<b><strong>Pays d&rsquo;origine:<\/strong><\/b> France<br \/>\n<b><strong>M\u00e9thode de culture:<\/strong><\/b> Organique<br \/>\n<b><\/b><\/p>\n<h3 style=\"font-weight: 400;\"><strong>Description de l&rsquo;odeur<\/strong><\/h3>\n<p style=\"font-weight: 400;\">Fruit floral doux avec des notes fra\u00eeches et estivales de pommes et de foin.<br \/>\n<b><\/b><\/p>\n<h3 style=\"font-weight: 400;\"><strong>Dans Living Libations<\/strong><\/h3>\n<p style=\"font-weight: 400;\">Bedtime Story Blend, Vanilla Chamomile Lover Lips<br \/>\n<b><\/b><\/p>\n<h3 style=\"font-weight: 400;\"><strong>Se marie bien avec<\/strong><\/h3>\n<p style=\"font-weight: 400;\">Gingembre, Cardamome, Rose Otto, Baies d&rsquo;argousier, Ylang, Encens, Camomille allemande, Camomille du Cap, Bergamote, Citron, Pamplemousse, G\u00e9ranium, Marjolaine et Hysope.<br \/>\n<b><\/b><\/p>\n<h3 style=\"font-weight: 400;\"><strong>Utilisations<\/strong><\/h3>\n<p style=\"font-weight: 400;\">Peut \u00eatre appliqu\u00e9 pur sur une myriade de tissus, notamment comme nettoyant pour le visage avec de l&rsquo;huile de jojoba pour \u00e9liminer les imperfections et unifier le teint. Massez les muscles, oignez les chakras &#8211; en particulier le plexus solaire. Joli dans les parfums, surtout lorsqu&rsquo;il est mis en valeur par le foin et la sauge sclar\u00e9e pour cr\u00e9er des accords chypr\u00e9s. M\u00e9langez avec du jojoba et de la cire d&rsquo;abeille pour cr\u00e9er des baumes calmes pour les b\u00e9b\u00e9s et les parents. Bienveillant dans les bains. Parfait dans les pipes \u00e0 sel et d\u00e9licieux dans les diffuseurs.<\/p>\n<p style=\"font-weight: 400;\">Chamomile Essential Oil a un parfum doux, \u00e9th\u00e9r\u00e9, l\u00e9g\u00e8rement herbac\u00e9, rappelant une pomme m\u00fbre dansant sur une brise d&rsquo;\u00e9t\u00e9. Cette essence est riche en esters apaisants, ce qui en fait l&rsquo;huile la plus douce pour r\u00e9conforter et masser les b\u00e9b\u00e9s et att\u00e9nuer la sensibilit\u00e9 de la peau.<\/p>\n<p style=\"font-weight: 400;\">La camomille bienveillante fait fondre les muscles et les esprits tendus; elle peut \u00eatre utilis\u00e9e pour oindre le ventre, le cou, les tempes et les \u00e9paules. Inhalez via la bouteille, le diffuseur ou la pipe \u00e0 sel pour une exp\u00e9rience apaisante de s\u00e9r\u00e9nit\u00e9. Il est magnifique dans les bains avant le coucher. Les cr\u00e9ations culinaires c\u00e8dent aux d\u00e9licates divinations de la camomille, et une goutte de cette essence apaisante ajout\u00e9e \u00e0 du miel et de l&rsquo;eau chaude avant de reposer la t\u00eate dans le lit est une fa\u00e7on paisible de terminer la journ\u00e9e.<\/p>\n<h3>Ingr\u00e9dients Biologiques<\/h3>\n<p>100% huile essentielle de camomille (Anthemis nobilis).<\/p>\n<p style=\"font-weight: 400; text-align: center;\"><i><em>\u00ab\u00a0Si les esters monoterp\u00e9no\u00efdes sont courants dans de nombreuses huiles essentielles, il n&rsquo;y a pratiquement aucune autre huile qui refl\u00e8te la nature des esters aussi exclusivement que la camomille romaine.\u00a0\u00bb<br \/>\n<\/em><\/i>~ Kurt Schnaubelt, <strong>Advanced Aromatherapy<\/strong><\/p>\n<p style=\"font-weight: 400; text-align: center;\"><i> <\/i><i><em>\u00ab\u00a0Lorsqu&rsquo;une personne se sent morose, grincheuse, m\u00e9contente ou impatiente, la camomille est un bon cordial. Elle est b\u00e9n\u00e9fique pour les personnes qui se sentent col\u00e9reuses, \u00e9gocentriques, trop sensibles ou rarement satisfaites.\u00a0\u00bb<br \/>\n<\/em><\/i>~ Susanne Fischer-Rizzi, <strong>The Complete Aromatherapy Handbook<\/strong><\/p>\n<p style=\"font-weight: 400; text-align: center;\"><i> <\/i><i><em>\u00ab\u00a0Avec ses niveaux extr\u00eamement \u00e9lev\u00e9s d&rsquo;esters parfum\u00e9s qui rappellent les pommes vertes et les champs de fin d&rsquo;\u00e9t\u00e9, la camomille romaine est aujourd&rsquo;hui consid\u00e9r\u00e9e comme l&rsquo;un des relaxants classiques &#8230; c&rsquo;est l&rsquo;un des aromatiques les plus efficaces. Cette huile brillera quand la tension est syst\u00e9mique &#8230; Comme une d\u00e9esse de la terre abondante, la camomille romaine engage la chaleur douce et la douceur des jours de fin d&rsquo;\u00e9t\u00e9 qui s&rsquo;attardent, nous invitant \u00e0 nous d\u00e9tendre dans l&rsquo;harmonie inh\u00e9rente des rythmes de la vie, \u00e0 c\u00e9der au flux inn\u00e9 de la vie et \u00e0 profiter de ses fruits de nature cyclique et de s\u00e9r\u00e9nit\u00e9.\u00a0\u00bb<br \/>\n<\/em><\/i>~ Peter Holmes,<strong> Aromatica<\/strong><\/p>\n<p style=\"font-weight: 400; text-align: center;\"><i> <\/i><i><em>\u00ab\u00a0Les enfants aussi peuvent avoir des jours o\u00f9 ils se sentent impatients d\u00e9sagr\u00e9ables ou tendus. Pour les enfants qui se r\u00e9veillent pendant la nuit ou qui font des cauchemars et qui veulent \u00eatre tenus ou promen\u00e9s, la camomille est tr\u00e8s utile.\u00a0\u00bb<br \/>\n<\/em><\/i>~ Susanne Fischer-Rizzi, <strong>The Complete Aromatherapy Handbook<\/strong><\/p>\n<p>&nbsp;<\/p>\n<p><img fetchpriority=\"high\" decoding=\"async\" class=\"size-medium wp-image-68103 aligncenter\" src=\"https:\/\/dutchhealthstore.com\/wp-content\/uploads\/2018\/02\/Living-Libations-Organic-Logo-800x89.png\" alt=\"Living Libations - Organic Logo\" width=\"800\" height=\"89\" srcset=\"https:\/\/dutchhealthstore.com\/wp-content\/uploads\/2018\/02\/Living-Libations-Organic-Logo-800x89.png 800w, https:\/\/dutchhealthstore.com\/wp-content\/uploads\/2018\/02\/Living-Libations-Organic-Logo-510x57.png 510w, https:\/\/dutchhealthstore.com\/wp-content\/uploads\/2018\/02\/Living-Libations-Organic-Logo-768x85.png 768w, https:\/\/dutchhealthstore.com\/wp-content\/uploads\/2018\/02\/Living-Libations-Organic-Logo.png 1400w\" sizes=\"(max-width: 800px) 100vw, 800px\" \/><\/p>\n","protected":false},"excerpt":{"rendered":"<p><strong>Chamomile Essential Oil<\/strong> a un parfum doux, \u00e9th\u00e9r\u00e9, l\u00e9g\u00e8rement herbac\u00e9, rappelant une pomme m\u00fbre dansant sur une brise d&rsquo;\u00e9t\u00e9.<br \/>\nCette essence est riche en esters apaisants, ce qui en fait l&rsquo;huile la plus douce pour r\u00e9conforter et masser les b\u00e9b\u00e9s et att\u00e9nuer la sensibilit\u00e9 de la peau.<\/p>\n","protected":false},"featured_media":117533,"comment_status":"open","ping_status":"closed","template":"","meta":[],"product_brand":[],"product_cat":[1507,6734,1211,1209,3757,1010,6733],"product_tag":[4495],"class_list":{"0":"post-117634","1":"product","2":"type-product","3":"status-publish","4":"has-post-thumbnail","6":"product_cat-plantes-huiles-essentielles-living-libations","7":"product_cat-essential-oils","8":"product_cat-living-libations-france","9":"product_cat-par-marques","10":"product_cat-plantes-huiles-essentielles","11":"product_cat-notre-boutique","12":"product_cat-wellness-fr-2","13":"product_tag-essential-oil-fr","14":"pa_brand-livinglibations-fr","15":"pa_essential-oils-product-type-essential-oils-fr","16":"pa_size-5-ml-fr","17":"pa_size-15-ml-fr","18":"pa_size-30-ml-fr","20":"first","21":"instock","22":"taxable","23":"shipping-taxable","24":"purchasable","25":"product-type-variable"},"bundled_by":[],"bundle_stock_status":"instock","bundle_stock_quantity":null,"bundle_virtual":false,"bundle_layout":"","bundle_add_to_cart_form_location":"","bundle_editable_in_cart":false,"bundle_sold_individually_context":"","bundle_item_grouping":"","bundle_min_size":"","bundle_max_size":"","bundle_price":[],"bundled_items":[],"bundle_sell_ids":[],"atum_controlled":true,"out_stock_date":null,"out_stock_threshold":null,"inheritable":true,"stock_on_hold":0,"sold_today":0,"sales_last_days":0,"out_stock_days":0,"lost_sales":0,"update_date":"2026-04-10T00:00:31","atum_locations":[],"atum_stock_status":"instock","restock_status":false,"low_stock_amount":"","sales_update_date":"2026-04-10T00:00:31","calc_backorders":null,"group_of_quantity":0,"min_quantity":0,"max_quantity":"","exclude_order_quantity_value_rules":"no","exclude_category_quantity_rules":"no","combine_variations":"no","yoast_head":"<!-- This site is optimized with the Yoast SEO Premium plugin v26.5 (Yoast SEO v26.5) - https:\/\/yoast.com\/wordpress\/plugins\/seo\/ -->\n<title>Chamomile Essential Oil | Living Libations<\/title>\n<meta name=\"description\" content=\"Chamomile Essential Oil a un parfum doux, \u00e9th\u00e9r\u00e9, l\u00e9g\u00e8rement herbac\u00e9, rappelant une pomme m\u00fbre dansant sur une brise d&#039;\u00e9t\u00e9.\" \/>\n<meta name=\"robots\" content=\"index, follow, max-snippet:-1, max-image-preview:large, max-video-preview:-1\" \/>\n<link rel=\"canonical\" href=\"https:\/\/dutchhealthstore.com\/fr\/product\/chamomile-essential-oil\/\" \/>\n<meta property=\"og:locale\" content=\"fr_FR\" \/>\n<meta property=\"og:type\" content=\"article\" \/>\n<meta property=\"og:title\" content=\"Chamomile Essential Oil - Dutch Health Store\" \/>\n<meta property=\"og:description\" content=\"Chamomile Essential Oil a un parfum doux, \u00e9th\u00e9r\u00e9, l\u00e9g\u00e8rement herbac\u00e9, rappelant une pomme m\u00fbre dansant sur une brise d&#039;\u00e9t\u00e9.\" \/>\n<meta property=\"og:url\" content=\"https:\/\/dutchhealthstore.com\/fr\/product\/chamomile-essential-oil\/\" \/>\n<meta property=\"og:site_name\" content=\"Dutch Health Store\" \/>\n<meta property=\"article:publisher\" content=\"https:\/\/www.instagram.com\/dutchhealthstore\/\" \/>\n<meta property=\"article:modified_time\" content=\"2025-11-23T11:50:42+00:00\" \/>\n<meta property=\"og:image\" content=\"https:\/\/dutchhealthstore.com\/wp-content\/uploads\/2018\/02\/Living-Libations-Chamomile-Essential-Oil-e1596448621288.png\" \/>\n\t<meta property=\"og:image:width\" content=\"500\" \/>\n\t<meta property=\"og:image:height\" content=\"500\" \/>\n\t<meta property=\"og:image:type\" content=\"image\/jpeg\" \/>\n<meta name=\"twitter:card\" content=\"summary_large_image\" \/>\n<meta name=\"twitter:label1\" content=\"Disponibilit\u00e9\" \/>\n\t<meta name=\"twitter:data1\" content=\"En stock\" \/>\n<script type=\"application\/ld+json\" class=\"yoast-schema-graph\">{\"@context\":\"https:\/\/schema.org\",\"@graph\":[{\"@type\":\"WebPage\",\"@id\":\"https:\/\/dutchhealthstore.com\/fr\/product\/chamomile-essential-oil\/\",\"url\":\"https:\/\/dutchhealthstore.com\/fr\/product\/chamomile-essential-oil\/\",\"name\":\"Chamomile Essential Oil | Living Libations\",\"isPartOf\":{\"@id\":\"https:\/\/dutchhealthstore.com\/fr\/#website\"},\"primaryImageOfPage\":{\"@id\":\"https:\/\/dutchhealthstore.com\/fr\/product\/chamomile-essential-oil\/#primaryimage\"},\"image\":{\"@id\":\"https:\/\/dutchhealthstore.com\/fr\/product\/chamomile-essential-oil\/#primaryimage\"},\"thumbnailUrl\":\"https:\/\/dutchhealthstore.com\/wp-content\/uploads\/2018\/02\/Living-Libations-Chamomile-Essential-Oil-e1596448621288.png\",\"datePublished\":\"2018-02-10T19:38:55+00:00\",\"dateModified\":\"2025-11-23T11:50:42+00:00\",\"description\":\"Chamomile Essential Oil a un parfum doux, \u00e9th\u00e9r\u00e9, l\u00e9g\u00e8rement herbac\u00e9, rappelant une pomme m\u00fbre dansant sur une brise d'\u00e9t\u00e9.\",\"breadcrumb\":{\"@id\":\"https:\/\/dutchhealthstore.com\/fr\/product\/chamomile-essential-oil\/#breadcrumb\"},\"inLanguage\":\"fr-FR\",\"potentialAction\":[{\"@type\":\"ReadAction\",\"target\":[\"https:\/\/dutchhealthstore.com\/fr\/product\/chamomile-essential-oil\/\"]}]},{\"@type\":\"ImageObject\",\"inLanguage\":\"fr-FR\",\"@id\":\"https:\/\/dutchhealthstore.com\/fr\/product\/chamomile-essential-oil\/#primaryimage\",\"url\":\"https:\/\/dutchhealthstore.com\/wp-content\/uploads\/2018\/02\/Living-Libations-Chamomile-Essential-Oil-e1596448621288.png\",\"contentUrl\":\"https:\/\/dutchhealthstore.com\/wp-content\/uploads\/2018\/02\/Living-Libations-Chamomile-Essential-Oil-e1596448621288.png\",\"width\":500,\"height\":500},{\"@type\":\"BreadcrumbList\",\"@id\":\"https:\/\/dutchhealthstore.com\/fr\/product\/chamomile-essential-oil\/#breadcrumb\",\"itemListElement\":[{\"@type\":\"ListItem\",\"position\":1,\"name\":\"Home\",\"item\":\"https:\/\/dutchhealthstore.com\/fr\/\"},{\"@type\":\"ListItem\",\"position\":2,\"name\":\"Shop\",\"item\":\"https:\/\/dutchhealthstore.com\/fr\/shop\/\"},{\"@type\":\"ListItem\",\"position\":3,\"name\":\"Chamomile Essential Oil\"}]},{\"@type\":\"WebSite\",\"@id\":\"https:\/\/dutchhealthstore.com\/fr\/#website\",\"url\":\"https:\/\/dutchhealthstore.com\/fr\/\",\"name\":\"Dutch Health Store\",\"description\":\"Enhance Your Beauty with Organic &amp; Natural Skincare\",\"publisher\":{\"@id\":\"https:\/\/dutchhealthstore.com\/fr\/#organization\"},\"potentialAction\":[{\"@type\":\"SearchAction\",\"target\":{\"@type\":\"EntryPoint\",\"urlTemplate\":\"https:\/\/dutchhealthstore.com\/fr\/?s={search_term_string}\"},\"query-input\":{\"@type\":\"PropertyValueSpecification\",\"valueRequired\":true,\"valueName\":\"search_term_string\"}}],\"inLanguage\":\"fr-FR\"},{\"@type\":\"Organization\",\"@id\":\"https:\/\/dutchhealthstore.com\/fr\/#organization\",\"name\":\"Dutch Health Store\",\"url\":\"https:\/\/dutchhealthstore.com\/fr\/\",\"logo\":{\"@type\":\"ImageObject\",\"inLanguage\":\"fr-FR\",\"@id\":\"https:\/\/dutchhealthstore.com\/fr\/#\/schema\/logo\/image\/\",\"url\":\"https:\/\/dutchhealthstore.com\/wp-content\/uploads\/2020\/08\/logo-dutchhealthstore-jpg-e1599484957574.jpg\",\"contentUrl\":\"https:\/\/dutchhealthstore.com\/wp-content\/uploads\/2020\/08\/logo-dutchhealthstore-jpg-e1599484957574.jpg\",\"width\":400,\"height\":62,\"caption\":\"Dutch Health Store\"},\"image\":{\"@id\":\"https:\/\/dutchhealthstore.com\/fr\/#\/schema\/logo\/image\/\"},\"sameAs\":[\"https:\/\/www.instagram.com\/dutchhealthstore\/\",\"https:\/\/www.facebook.com\/dutchhealthstore\"]}]}<\/script>\n<meta property=\"product:brand\" content=\"Living Libations\" \/>\n<meta property=\"og:availability\" content=\"instock\" \/>\n<meta property=\"product:availability\" content=\"instock\" \/>\n<meta property=\"product:condition\" content=\"new\" \/>\n<!-- \/ Yoast SEO Premium plugin. -->","yoast_head_json":{"title":"Chamomile Essential Oil | Living Libations","description":"Chamomile Essential Oil a un parfum doux, \u00e9th\u00e9r\u00e9, l\u00e9g\u00e8rement herbac\u00e9, rappelant une pomme m\u00fbre dansant sur une brise d'\u00e9t\u00e9.","robots":{"index":"index","follow":"follow","max-snippet":"max-snippet:-1","max-image-preview":"max-image-preview:large","max-video-preview":"max-video-preview:-1"},"canonical":"https:\/\/dutchhealthstore.com\/fr\/product\/chamomile-essential-oil\/","og_locale":"fr_FR","og_type":"article","og_title":"Chamomile Essential Oil - Dutch Health Store","og_description":"Chamomile Essential Oil a un parfum doux, \u00e9th\u00e9r\u00e9, l\u00e9g\u00e8rement herbac\u00e9, rappelant une pomme m\u00fbre dansant sur une brise d'\u00e9t\u00e9.","og_url":"https:\/\/dutchhealthstore.com\/fr\/product\/chamomile-essential-oil\/","og_site_name":"Dutch Health Store","article_publisher":"https:\/\/www.instagram.com\/dutchhealthstore\/","article_modified_time":"2025-11-23T11:50:42+00:00","og_image":[{"width":500,"height":500,"url":"https:\/\/dutchhealthstore.com\/wp-content\/uploads\/2018\/02\/Living-Libations-Chamomile-Essential-Oil-e1596448621288.png","type":"image\/jpeg"}],"twitter_card":"summary_large_image","twitter_misc":{"Disponibilit\u00e9":"En stock"},"schema":{"@context":"https:\/\/schema.org","@graph":[{"@type":"WebPage","@id":"https:\/\/dutchhealthstore.com\/fr\/product\/chamomile-essential-oil\/","url":"https:\/\/dutchhealthstore.com\/fr\/product\/chamomile-essential-oil\/","name":"Chamomile Essential Oil | Living Libations","isPartOf":{"@id":"https:\/\/dutchhealthstore.com\/fr\/#website"},"primaryImageOfPage":{"@id":"https:\/\/dutchhealthstore.com\/fr\/product\/chamomile-essential-oil\/#primaryimage"},"image":{"@id":"https:\/\/dutchhealthstore.com\/fr\/product\/chamomile-essential-oil\/#primaryimage"},"thumbnailUrl":"https:\/\/dutchhealthstore.com\/wp-content\/uploads\/2018\/02\/Living-Libations-Chamomile-Essential-Oil-e1596448621288.png","datePublished":"2018-02-10T19:38:55+00:00","dateModified":"2025-11-23T11:50:42+00:00","description":"Chamomile Essential Oil a un parfum doux, \u00e9th\u00e9r\u00e9, l\u00e9g\u00e8rement herbac\u00e9, rappelant une pomme m\u00fbre dansant sur une brise d'\u00e9t\u00e9.","breadcrumb":{"@id":"https:\/\/dutchhealthstore.com\/fr\/product\/chamomile-essential-oil\/#breadcrumb"},"inLanguage":"fr-FR","potentialAction":[{"@type":"ReadAction","target":["https:\/\/dutchhealthstore.com\/fr\/product\/chamomile-essential-oil\/"]}]},{"@type":"ImageObject","inLanguage":"fr-FR","@id":"https:\/\/dutchhealthstore.com\/fr\/product\/chamomile-essential-oil\/#primaryimage","url":"https:\/\/dutchhealthstore.com\/wp-content\/uploads\/2018\/02\/Living-Libations-Chamomile-Essential-Oil-e1596448621288.png","contentUrl":"https:\/\/dutchhealthstore.com\/wp-content\/uploads\/2018\/02\/Living-Libations-Chamomile-Essential-Oil-e1596448621288.png","width":500,"height":500},{"@type":"BreadcrumbList","@id":"https:\/\/dutchhealthstore.com\/fr\/product\/chamomile-essential-oil\/#breadcrumb","itemListElement":[{"@type":"ListItem","position":1,"name":"Home","item":"https:\/\/dutchhealthstore.com\/fr\/"},{"@type":"ListItem","position":2,"name":"Shop","item":"https:\/\/dutchhealthstore.com\/fr\/shop\/"},{"@type":"ListItem","position":3,"name":"Chamomile Essential Oil"}]},{"@type":"WebSite","@id":"https:\/\/dutchhealthstore.com\/fr\/#website","url":"https:\/\/dutchhealthstore.com\/fr\/","name":"Dutch Health Store","description":"Enhance Your Beauty with Organic &amp; Natural Skincare","publisher":{"@id":"https:\/\/dutchhealthstore.com\/fr\/#organization"},"potentialAction":[{"@type":"SearchAction","target":{"@type":"EntryPoint","urlTemplate":"https:\/\/dutchhealthstore.com\/fr\/?s={search_term_string}"},"query-input":{"@type":"PropertyValueSpecification","valueRequired":true,"valueName":"search_term_string"}}],"inLanguage":"fr-FR"},{"@type":"Organization","@id":"https:\/\/dutchhealthstore.com\/fr\/#organization","name":"Dutch Health Store","url":"https:\/\/dutchhealthstore.com\/fr\/","logo":{"@type":"ImageObject","inLanguage":"fr-FR","@id":"https:\/\/dutchhealthstore.com\/fr\/#\/schema\/logo\/image\/","url":"https:\/\/dutchhealthstore.com\/wp-content\/uploads\/2020\/08\/logo-dutchhealthstore-jpg-e1599484957574.jpg","contentUrl":"https:\/\/dutchhealthstore.com\/wp-content\/uploads\/2020\/08\/logo-dutchhealthstore-jpg-e1599484957574.jpg","width":400,"height":62,"caption":"Dutch Health Store"},"image":{"@id":"https:\/\/dutchhealthstore.com\/fr\/#\/schema\/logo\/image\/"},"sameAs":["https:\/\/www.instagram.com\/dutchhealthstore\/","https:\/\/www.facebook.com\/dutchhealthstore"]}]},"product_brand":"Living Libations","og_availability":"instock","product_availability":"instock","product_condition":"new"},"_links":{"self":[{"href":"https:\/\/dutchhealthstore.com\/fr\/wp-json\/wp\/v2\/product\/117634","targetHints":{"allow":["GET"]}}],"collection":[{"href":"https:\/\/dutchhealthstore.com\/fr\/wp-json\/wp\/v2\/product"}],"about":[{"href":"https:\/\/dutchhealthstore.com\/fr\/wp-json\/wp\/v2\/types\/product"}],"replies":[{"embeddable":true,"href":"https:\/\/dutchhealthstore.com\/fr\/wp-json\/wp\/v2\/comments?post=117634"}],"wp:featuredmedia":[{"embeddable":true,"href":"https:\/\/dutchhealthstore.com\/fr\/wp-json\/wp\/v2\/media\/117533"}],"wp:attachment":[{"href":"https:\/\/dutchhealthstore.com\/fr\/wp-json\/wp\/v2\/media?parent=117634"}],"wp:term":[{"taxonomy":"product_brand","embeddable":true,"href":"https:\/\/dutchhealthstore.com\/fr\/wp-json\/wp\/v2\/product_brand?post=117634"},{"taxonomy":"product_cat","embeddable":true,"href":"https:\/\/dutchhealthstore.com\/fr\/wp-json\/wp\/v2\/product_cat?post=117634"},{"taxonomy":"product_tag","embeddable":true,"href":"https:\/\/dutchhealthstore.com\/fr\/wp-json\/wp\/v2\/product_tag?post=117634"}],"curies":[{"name":"wp","href":"https:\/\/api.w.org\/{rel}","templated":true}]}}