{"id":117614,"date":"2018-02-10T21:01:21","date_gmt":"2018-02-10T20:01:21","guid":{"rendered":"https:\/\/dutchhealthstore.com\/product\/wild-moroccan-chamomile-essential-oil\/"},"modified":"2023-01-26T08:14:12","modified_gmt":"2023-01-26T08:14:12","slug":"wild-moroccan-chamomile-essential-oil","status":"publish","type":"product","link":"https:\/\/dutchhealthstore.com\/fr\/product\/wild-moroccan-chamomile-essential-oil\/","title":{"rendered":"Chamomile, Wild Moroccan Essential Oil"},"content":{"rendered":"<p><img decoding=\"async\" class=\"alignright size-full wp-image-37041\" src=\"https:\/\/dutchhealthstore.com\/wp-content\/uploads\/2018\/04\/Living_Libations-1.png\" alt=\"Organic &amp; Natural Beautyproducts - Living Libations\" width=\"175\" height=\"82\">Wild Chamomile Essential Oil contient des teintes bleues mais ne fait qu&rsquo;imiter certaines qualit\u00e9s des vraies camomilles. Cette vari\u00e9t\u00e9 d&rsquo;Ormenis semble \u00eatre plus rigoureuse que la camomille romaine opulente en esters et la camomille allemande abondante en sesquiterp\u00e8nes. Selon l&rsquo;expert en huiles essentielles Kurt Schnaubelt, cette vari\u00e9t\u00e9 de camomille est un concentr\u00e9 d&rsquo;\u00e9nergie pour la peau, ce qui nous confirme que cette huile essentielle unique est une panac\u00e9e pour la peau.<\/p>\n<p><strong>Nom botanique :<\/strong> Ormenis multicaulis (ou Ormenis mixtus)<br \/>\n<strong>Famille botanique :<\/strong> Asteraceae<br \/>\n<strong>M\u00e9thode d&rsquo;extraction :<\/strong> Distillation \u00e0 la vapeur<br \/>\n<strong>Partie de la plante distill\u00e9e :<\/strong> Fleurs<br \/>\n<strong>Pays d&rsquo;origine :<\/strong> Maroc<br \/>\n<strong>M\u00e9thode de culture :<\/strong> R\u00e9colte sauvage<br \/>\n<strong>Composition :<\/strong> 100% Ormenis multicaulis<br \/>\n<strong>Coh\u00e9rence :<\/strong> Mince<\/p>\n<h3>Analyses de produits<\/h3>\n<p>Veuillez cliquer sur le lien ci-dessous pour lire le certificat d&rsquo;analyse du produit.<\/p>\n<p><a href=\"https:\/\/dutchhealthstore.com\/wp-content\/uploads\/2019\/05\/ANALYSIS-Chamomile-Wild-Morrocan-Essential-Oil-Living-Libations.pdf\" rel=\"noopener\"><img decoding=\"async\" class=\"wp-image-56302 size-full alignnone\" src=\"https:\/\/dutchhealthstore.com\/wp-content\/uploads\/2019\/05\/logo-pdf-navi-organics.jpg\" alt=\"logo pdf navi organics\" width=\"100\" height=\"104\"><\/a><\/p>\n<h3>Description de l&rsquo;odeur<\/h3>\n<p>L\u00e9ger, frais, floral et herbac\u00e9, avec des notes papillonnantes de baume.<\/p>\n<h3>Se marie bien avec<\/h3>\n<p>Marjolaine, Lavande, Rose Otto, Camomille, Ylang, Citron, Lime, Bergamote, Tanaisie, C\u00e8dre, Pin, Inula, Ravensara, Encens et Myrrhe.<\/p>\n<h3>Utilisations<\/h3>\n<p>Dans les tuyaux, bains et diffuseurs de sel. Un baume bienfaisant et apaisant peut \u00eatre fabriqu\u00e9 pour le massage. Id\u00e9al dans les s\u00e9rums pour activer et reconstituer la peau.<\/p>\n<p><strong>Taille: 5 ml et 15 ml<\/strong><\/p>\n<h3>Ingr\u00e9dients biologiques<\/h3>\n<p>Huile essentielle de camomille marocaine 100% sauvage (Ormenis multicaulis (ou Ormenis mixtus)).<\/p>\n<p style=\"text-align: center;\"><em>\u00ab\u00a0Cette fleur aux p\u00e9tales doux, qui se referme lorsque le ciel cr\u00e9pusculaire se transforme en un bleu velours profond, est souvent confondue avec une autre&#8230;<br \/>\nce parfum r\u00e9v\u00e8le le v\u00e9ritable esprit int\u00e9rieur, tout en fournissant, si n\u00e9cessaire, le camouflage parfois n\u00e9cessaire pour cacher un c\u0153ur doux et tendre\u00a0\u00bb.<\/em><br \/>\n\u223c Valerie Ann Worwood, <strong>Aromatherapy for the Soul<\/strong><\/p>\n<p>&nbsp;<\/p>\n<p><img fetchpriority=\"high\" decoding=\"async\" class=\"aligncenter size-full wp-image-31577\" src=\"https:\/\/dutchhealthstore.com\/wp-content\/uploads\/2018\/03\/organic_big.png\" alt=\"Organic and Natural - Living Libations\" width=\"623\" height=\"103\" srcset=\"https:\/\/dutchhealthstore.com\/wp-content\/uploads\/2018\/03\/organic_big.png 623w, https:\/\/dutchhealthstore.com\/wp-content\/uploads\/2018\/03\/organic_big-510x84.png 510w, https:\/\/dutchhealthstore.com\/wp-content\/uploads\/2018\/03\/organic_big-600x99.png 600w, https:\/\/dutchhealthstore.com\/wp-content\/uploads\/2018\/03\/organic_big-350x58.png 350w\" sizes=\"(max-width: 623px) 100vw, 623px\" \/><\/p>\n","protected":false},"excerpt":{"rendered":"<p><strong>Wild Moroccan Chamomile strong <\/strong> est une cousine des camomilles romaine et allemande, plus connues, de la famille florale des marguerites, les Asteraceae. La camomille marocaine n&rsquo;est pas une vraie camomille, mais elle est distill\u00e9e \u00e0 la vapeur \u00e0 partir d&rsquo;une plante vivace cousine de la camomille.<br \/>\nCette huile florale est une sorte d&rsquo;anomalie dans le monde des huiles essentielles et il reste encore beaucoup \u00e0 d\u00e9couvrir sur ses vertus aromath\u00e9rapeutiques. Le soin de la peau est le domaine o\u00f9 Moroccan Chamomile Essential Oil brille vraiment.<\/p>\n","protected":false},"featured_media":106837,"comment_status":"open","ping_status":"closed","template":"","meta":[],"product_brand":[],"product_cat":[1507,6734,1211,1209,3757,1010,6733],"product_tag":[4495],"class_list":{"0":"post-117614","1":"product","2":"type-product","3":"status-publish","4":"has-post-thumbnail","6":"product_cat-plantes-huiles-essentielles-living-libations","7":"product_cat-essential-oils","8":"product_cat-living-libations-france","9":"product_cat-par-marques","10":"product_cat-plantes-huiles-essentielles","11":"product_cat-notre-boutique","12":"product_cat-wellness-fr-2","13":"product_tag-essential-oil-fr","14":"pa_brand-livinglibations-fr","15":"pa_essential-oils-product-type-essential-oils-fr","16":"pa_size-15-ml-fr","17":"pa_size-5-ml-fr","19":"first","20":"instock","21":"taxable","22":"shipping-taxable","23":"purchasable","24":"product-type-variable"},"bundled_by":[],"bundle_stock_status":"instock","bundle_stock_quantity":null,"bundle_virtual":false,"bundle_layout":"","bundle_add_to_cart_form_location":"","bundle_editable_in_cart":false,"bundle_sold_individually_context":"","bundle_item_grouping":"","bundle_min_size":"","bundle_max_size":"","bundle_price":[],"bundled_items":[],"bundle_sell_ids":[],"atum_controlled":true,"out_stock_date":null,"out_stock_threshold":null,"inheritable":true,"stock_on_hold":0,"sold_today":0,"sales_last_days":0,"out_stock_days":0,"lost_sales":0,"update_date":"2026-05-12T13:35:55","atum_locations":[],"atum_stock_status":"instock","restock_status":false,"low_stock_amount":"","sales_update_date":"2026-05-12T13:35:55","calc_backorders":null,"group_of_quantity":0,"min_quantity":0,"max_quantity":"","exclude_order_quantity_value_rules":"no","exclude_category_quantity_rules":"no","combine_variations":"no","yoast_head":"<!-- This site is optimized with the Yoast SEO Premium plugin v26.5 (Yoast SEO v26.5) - https:\/\/yoast.com\/wordpress\/plugins\/seo\/ -->\n<title>Chamomile, Wild Moroccan Essential Oil | Living Libations<\/title>\n<meta name=\"description\" content=\"Cette vari\u00e9t\u00e9 de camomille est un concentr\u00e9 de puissance pour la peau, ce qui nous confirme que cette huile essentielle unique est un produit universel pour la peau.\" \/>\n<meta name=\"robots\" content=\"index, follow, max-snippet:-1, max-image-preview:large, max-video-preview:-1\" \/>\n<link rel=\"canonical\" href=\"https:\/\/dutchhealthstore.com\/fr\/product\/wild-moroccan-chamomile-essential-oil\/\" \/>\n<meta property=\"og:locale\" content=\"fr_FR\" \/>\n<meta property=\"og:type\" content=\"article\" \/>\n<meta property=\"og:title\" content=\"Chamomile, Wild Moroccan Essential Oil - Dutch Health Store\" \/>\n<meta property=\"og:description\" content=\"Cette vari\u00e9t\u00e9 de camomille est un concentr\u00e9 de puissance pour la peau, ce qui nous confirme que cette huile essentielle unique est un produit universel pour la peau.\" \/>\n<meta property=\"og:url\" content=\"https:\/\/dutchhealthstore.com\/fr\/product\/wild-moroccan-chamomile-essential-oil\/\" \/>\n<meta property=\"og:site_name\" content=\"Dutch Health Store\" \/>\n<meta property=\"article:publisher\" content=\"https:\/\/www.instagram.com\/dutchhealthstore\/\" \/>\n<meta property=\"article:modified_time\" content=\"2023-01-26T08:14:12+00:00\" \/>\n<meta property=\"og:image\" content=\"https:\/\/dutchhealthstore.com\/wp-content\/uploads\/2018\/02\/living-libations-chamomile-wild-moroccan-e1592201843790.jpg\" \/>\n\t<meta property=\"og:image:width\" content=\"500\" \/>\n\t<meta property=\"og:image:height\" content=\"500\" \/>\n\t<meta property=\"og:image:type\" content=\"image\/jpeg\" \/>\n<meta name=\"twitter:card\" content=\"summary_large_image\" \/>\n<meta name=\"twitter:label1\" content=\"Disponibilit\u00e9\" \/>\n\t<meta name=\"twitter:data1\" content=\"En stock\" \/>\n<script type=\"application\/ld+json\" class=\"yoast-schema-graph\">{\"@context\":\"https:\/\/schema.org\",\"@graph\":[{\"@type\":\"WebPage\",\"@id\":\"https:\/\/dutchhealthstore.com\/fr\/product\/wild-moroccan-chamomile-essential-oil\/\",\"url\":\"https:\/\/dutchhealthstore.com\/fr\/product\/wild-moroccan-chamomile-essential-oil\/\",\"name\":\"Chamomile, Wild Moroccan Essential Oil | Living Libations\",\"isPartOf\":{\"@id\":\"https:\/\/dutchhealthstore.com\/fr\/#website\"},\"primaryImageOfPage\":{\"@id\":\"https:\/\/dutchhealthstore.com\/fr\/product\/wild-moroccan-chamomile-essential-oil\/#primaryimage\"},\"image\":{\"@id\":\"https:\/\/dutchhealthstore.com\/fr\/product\/wild-moroccan-chamomile-essential-oil\/#primaryimage\"},\"thumbnailUrl\":\"https:\/\/dutchhealthstore.com\/wp-content\/uploads\/2018\/02\/living-libations-chamomile-wild-moroccan-e1592201843790.jpg\",\"datePublished\":\"2018-02-10T20:01:21+00:00\",\"dateModified\":\"2023-01-26T08:14:12+00:00\",\"description\":\"Cette vari\u00e9t\u00e9 de camomille est un concentr\u00e9 de puissance pour la peau, ce qui nous confirme que cette huile essentielle unique est un produit universel pour la peau.\",\"breadcrumb\":{\"@id\":\"https:\/\/dutchhealthstore.com\/fr\/product\/wild-moroccan-chamomile-essential-oil\/#breadcrumb\"},\"inLanguage\":\"fr-FR\",\"potentialAction\":[{\"@type\":\"ReadAction\",\"target\":[\"https:\/\/dutchhealthstore.com\/fr\/product\/wild-moroccan-chamomile-essential-oil\/\"]}]},{\"@type\":\"ImageObject\",\"inLanguage\":\"fr-FR\",\"@id\":\"https:\/\/dutchhealthstore.com\/fr\/product\/wild-moroccan-chamomile-essential-oil\/#primaryimage\",\"url\":\"https:\/\/dutchhealthstore.com\/wp-content\/uploads\/2018\/02\/living-libations-chamomile-wild-moroccan-e1592201843790.jpg\",\"contentUrl\":\"https:\/\/dutchhealthstore.com\/wp-content\/uploads\/2018\/02\/living-libations-chamomile-wild-moroccan-e1592201843790.jpg\",\"width\":500,\"height\":500},{\"@type\":\"BreadcrumbList\",\"@id\":\"https:\/\/dutchhealthstore.com\/fr\/product\/wild-moroccan-chamomile-essential-oil\/#breadcrumb\",\"itemListElement\":[{\"@type\":\"ListItem\",\"position\":1,\"name\":\"Home\",\"item\":\"https:\/\/dutchhealthstore.com\/fr\/\"},{\"@type\":\"ListItem\",\"position\":2,\"name\":\"Shop\",\"item\":\"https:\/\/dutchhealthstore.com\/fr\/shop\/\"},{\"@type\":\"ListItem\",\"position\":3,\"name\":\"Chamomile, Wild Moroccan Essential Oil\"}]},{\"@type\":\"WebSite\",\"@id\":\"https:\/\/dutchhealthstore.com\/fr\/#website\",\"url\":\"https:\/\/dutchhealthstore.com\/fr\/\",\"name\":\"Dutch Health Store\",\"description\":\"Enhance Your Beauty with Organic &amp; Natural Skincare\",\"publisher\":{\"@id\":\"https:\/\/dutchhealthstore.com\/fr\/#organization\"},\"potentialAction\":[{\"@type\":\"SearchAction\",\"target\":{\"@type\":\"EntryPoint\",\"urlTemplate\":\"https:\/\/dutchhealthstore.com\/fr\/?s={search_term_string}\"},\"query-input\":{\"@type\":\"PropertyValueSpecification\",\"valueRequired\":true,\"valueName\":\"search_term_string\"}}],\"inLanguage\":\"fr-FR\"},{\"@type\":\"Organization\",\"@id\":\"https:\/\/dutchhealthstore.com\/fr\/#organization\",\"name\":\"Dutch Health Store\",\"url\":\"https:\/\/dutchhealthstore.com\/fr\/\",\"logo\":{\"@type\":\"ImageObject\",\"inLanguage\":\"fr-FR\",\"@id\":\"https:\/\/dutchhealthstore.com\/fr\/#\/schema\/logo\/image\/\",\"url\":\"https:\/\/dutchhealthstore.com\/wp-content\/uploads\/2020\/08\/logo-dutchhealthstore-jpg-e1599484957574.jpg\",\"contentUrl\":\"https:\/\/dutchhealthstore.com\/wp-content\/uploads\/2020\/08\/logo-dutchhealthstore-jpg-e1599484957574.jpg\",\"width\":400,\"height\":62,\"caption\":\"Dutch Health Store\"},\"image\":{\"@id\":\"https:\/\/dutchhealthstore.com\/fr\/#\/schema\/logo\/image\/\"},\"sameAs\":[\"https:\/\/www.instagram.com\/dutchhealthstore\/\",\"https:\/\/www.facebook.com\/dutchhealthstore\"]}]}<\/script>\n<meta property=\"product:brand\" content=\"Living Libations\" \/>\n<meta property=\"og:availability\" content=\"instock\" \/>\n<meta property=\"product:availability\" content=\"instock\" \/>\n<meta property=\"product:condition\" content=\"new\" \/>\n<!-- \/ Yoast SEO Premium plugin. -->","yoast_head_json":{"title":"Chamomile, Wild Moroccan Essential Oil | Living Libations","description":"Cette vari\u00e9t\u00e9 de camomille est un concentr\u00e9 de puissance pour la peau, ce qui nous confirme que cette huile essentielle unique est un produit universel pour la peau.","robots":{"index":"index","follow":"follow","max-snippet":"max-snippet:-1","max-image-preview":"max-image-preview:large","max-video-preview":"max-video-preview:-1"},"canonical":"https:\/\/dutchhealthstore.com\/fr\/product\/wild-moroccan-chamomile-essential-oil\/","og_locale":"fr_FR","og_type":"article","og_title":"Chamomile, Wild Moroccan Essential Oil - Dutch Health Store","og_description":"Cette vari\u00e9t\u00e9 de camomille est un concentr\u00e9 de puissance pour la peau, ce qui nous confirme que cette huile essentielle unique est un produit universel pour la peau.","og_url":"https:\/\/dutchhealthstore.com\/fr\/product\/wild-moroccan-chamomile-essential-oil\/","og_site_name":"Dutch Health Store","article_publisher":"https:\/\/www.instagram.com\/dutchhealthstore\/","article_modified_time":"2023-01-26T08:14:12+00:00","og_image":[{"width":500,"height":500,"url":"https:\/\/dutchhealthstore.com\/wp-content\/uploads\/2018\/02\/living-libations-chamomile-wild-moroccan-e1592201843790.jpg","type":"image\/jpeg"}],"twitter_card":"summary_large_image","twitter_misc":{"Disponibilit\u00e9":"En stock"},"schema":{"@context":"https:\/\/schema.org","@graph":[{"@type":"WebPage","@id":"https:\/\/dutchhealthstore.com\/fr\/product\/wild-moroccan-chamomile-essential-oil\/","url":"https:\/\/dutchhealthstore.com\/fr\/product\/wild-moroccan-chamomile-essential-oil\/","name":"Chamomile, Wild Moroccan Essential Oil | Living Libations","isPartOf":{"@id":"https:\/\/dutchhealthstore.com\/fr\/#website"},"primaryImageOfPage":{"@id":"https:\/\/dutchhealthstore.com\/fr\/product\/wild-moroccan-chamomile-essential-oil\/#primaryimage"},"image":{"@id":"https:\/\/dutchhealthstore.com\/fr\/product\/wild-moroccan-chamomile-essential-oil\/#primaryimage"},"thumbnailUrl":"https:\/\/dutchhealthstore.com\/wp-content\/uploads\/2018\/02\/living-libations-chamomile-wild-moroccan-e1592201843790.jpg","datePublished":"2018-02-10T20:01:21+00:00","dateModified":"2023-01-26T08:14:12+00:00","description":"Cette vari\u00e9t\u00e9 de camomille est un concentr\u00e9 de puissance pour la peau, ce qui nous confirme que cette huile essentielle unique est un produit universel pour la peau.","breadcrumb":{"@id":"https:\/\/dutchhealthstore.com\/fr\/product\/wild-moroccan-chamomile-essential-oil\/#breadcrumb"},"inLanguage":"fr-FR","potentialAction":[{"@type":"ReadAction","target":["https:\/\/dutchhealthstore.com\/fr\/product\/wild-moroccan-chamomile-essential-oil\/"]}]},{"@type":"ImageObject","inLanguage":"fr-FR","@id":"https:\/\/dutchhealthstore.com\/fr\/product\/wild-moroccan-chamomile-essential-oil\/#primaryimage","url":"https:\/\/dutchhealthstore.com\/wp-content\/uploads\/2018\/02\/living-libations-chamomile-wild-moroccan-e1592201843790.jpg","contentUrl":"https:\/\/dutchhealthstore.com\/wp-content\/uploads\/2018\/02\/living-libations-chamomile-wild-moroccan-e1592201843790.jpg","width":500,"height":500},{"@type":"BreadcrumbList","@id":"https:\/\/dutchhealthstore.com\/fr\/product\/wild-moroccan-chamomile-essential-oil\/#breadcrumb","itemListElement":[{"@type":"ListItem","position":1,"name":"Home","item":"https:\/\/dutchhealthstore.com\/fr\/"},{"@type":"ListItem","position":2,"name":"Shop","item":"https:\/\/dutchhealthstore.com\/fr\/shop\/"},{"@type":"ListItem","position":3,"name":"Chamomile, Wild Moroccan Essential Oil"}]},{"@type":"WebSite","@id":"https:\/\/dutchhealthstore.com\/fr\/#website","url":"https:\/\/dutchhealthstore.com\/fr\/","name":"Dutch Health Store","description":"Enhance Your Beauty with Organic &amp; Natural Skincare","publisher":{"@id":"https:\/\/dutchhealthstore.com\/fr\/#organization"},"potentialAction":[{"@type":"SearchAction","target":{"@type":"EntryPoint","urlTemplate":"https:\/\/dutchhealthstore.com\/fr\/?s={search_term_string}"},"query-input":{"@type":"PropertyValueSpecification","valueRequired":true,"valueName":"search_term_string"}}],"inLanguage":"fr-FR"},{"@type":"Organization","@id":"https:\/\/dutchhealthstore.com\/fr\/#organization","name":"Dutch Health Store","url":"https:\/\/dutchhealthstore.com\/fr\/","logo":{"@type":"ImageObject","inLanguage":"fr-FR","@id":"https:\/\/dutchhealthstore.com\/fr\/#\/schema\/logo\/image\/","url":"https:\/\/dutchhealthstore.com\/wp-content\/uploads\/2020\/08\/logo-dutchhealthstore-jpg-e1599484957574.jpg","contentUrl":"https:\/\/dutchhealthstore.com\/wp-content\/uploads\/2020\/08\/logo-dutchhealthstore-jpg-e1599484957574.jpg","width":400,"height":62,"caption":"Dutch Health Store"},"image":{"@id":"https:\/\/dutchhealthstore.com\/fr\/#\/schema\/logo\/image\/"},"sameAs":["https:\/\/www.instagram.com\/dutchhealthstore\/","https:\/\/www.facebook.com\/dutchhealthstore"]}]},"product_brand":"Living Libations","og_availability":"instock","product_availability":"instock","product_condition":"new"},"_links":{"self":[{"href":"https:\/\/dutchhealthstore.com\/fr\/wp-json\/wp\/v2\/product\/117614","targetHints":{"allow":["GET"]}}],"collection":[{"href":"https:\/\/dutchhealthstore.com\/fr\/wp-json\/wp\/v2\/product"}],"about":[{"href":"https:\/\/dutchhealthstore.com\/fr\/wp-json\/wp\/v2\/types\/product"}],"replies":[{"embeddable":true,"href":"https:\/\/dutchhealthstore.com\/fr\/wp-json\/wp\/v2\/comments?post=117614"}],"wp:featuredmedia":[{"embeddable":true,"href":"https:\/\/dutchhealthstore.com\/fr\/wp-json\/wp\/v2\/media\/106837"}],"wp:attachment":[{"href":"https:\/\/dutchhealthstore.com\/fr\/wp-json\/wp\/v2\/media?parent=117614"}],"wp:term":[{"taxonomy":"product_brand","embeddable":true,"href":"https:\/\/dutchhealthstore.com\/fr\/wp-json\/wp\/v2\/product_brand?post=117614"},{"taxonomy":"product_cat","embeddable":true,"href":"https:\/\/dutchhealthstore.com\/fr\/wp-json\/wp\/v2\/product_cat?post=117614"},{"taxonomy":"product_tag","embeddable":true,"href":"https:\/\/dutchhealthstore.com\/fr\/wp-json\/wp\/v2\/product_tag?post=117614"}],"curies":[{"name":"wp","href":"https:\/\/api.w.org\/{rel}","templated":true}]}}