{"id":117570,"date":"2018-02-10T21:04:45","date_gmt":"2018-02-10T20:04:45","guid":{"rendered":"https:\/\/dutchhealthstore.com\/product\/chamomile-german-blue-essential-oil\/"},"modified":"2023-10-27T10:23:51","modified_gmt":"2023-10-27T10:23:51","slug":"chamomile-german-blue-essential-oil","status":"publish","type":"product","link":"https:\/\/dutchhealthstore.com\/fr\/product\/chamomile-german-blue-essential-oil\/","title":{"rendered":"Chamomile, German Essential Oil"},"content":{"rendered":"<p><img decoding=\"async\" class=\"alignright size-full wp-image-37041\" src=\"https:\/\/dutchhealthstore.com\/wp-content\/uploads\/2018\/04\/Living_Libations-1.png\" alt=\"Organic &amp; Natural Beautyproducts - Living Libations\" width=\"175\" height=\"82\">La cueillette des p\u00e9tales t\u00f4t le matin permet d&rsquo;obtenir les meilleures distillations avec une matricine abondante, qui est plus abondante dans les fleurs \u00e0 l&rsquo;aube. De grandes quantit\u00e9s de sesquiterp\u00e8nes apaisants conf\u00e8rent \u00e0 cette distillation une couleur bleu oc\u00e9anique profonde et expriment des propri\u00e9t\u00e9s rafra\u00eechissantes et calmantes convaincantes. Cette essence de couleur bleue est un ingr\u00e9dient champion pour fortifier les soins du visage et les s\u00e9rums corporels bienveillants.<\/p>\n<p>Consacr\u00e9e par de nombreuses sages-femmes, la Matricaria, du latin \u00ab\u00a0matrix\u00a0\u00bb (matrice) et \u00ab\u00a0mater\u00a0\u00bb (m\u00e8re), est appr\u00e9ci\u00e9e comme tonique de naissance.<\/p>\n<p>Si la <a href=\"https:\/\/dutchhealthstore.com\/fr\/product\/chamomile-essential-oil\/\">camomille romaine<\/a> et la camomille allemande sont toutes deux championnes pour les soins de la peau, elles se distinguent par leur couleur et leur parfum. Le liquide dor\u00e9 de la camomille romaine est le soleil d&rsquo;une journ\u00e9e d&rsquo;\u00e9t\u00e9 avec des notes r\u00e9confortantes de foin miell\u00e9. La teinte bleue oc\u00e9anique de la camomille allemande offre une fleur imperturbable qui est l\u00e0 pour garder votre peau et votre esprit calmes, frais et clairs gr\u00e2ce \u00e0 son nexus-nectar.<\/p>\n<p><strong>Nom botanique: <\/strong>Matricaria chamomilla<br \/>\n<strong>Famille botanique:<\/strong> Asteraceae<br \/>\n<strong>M\u00e9thode d&rsquo;extraction:<\/strong> Distillation \u00e0 la vapeur<br \/>\n<strong>Partie de la plante distill\u00e9e:<\/strong> Fleurs<br \/>\n<strong>Pays d&rsquo;origine:<\/strong> Allemagne<br \/>\n<strong>M\u00e9thode de culture:<\/strong> Organique<br \/>\n<strong>Composition:<\/strong> 100% Matricaria chamomilla<br \/>\n<strong>Consistance:<\/strong> Mince \u00e0 moyen<\/p>\n<h3>Description de l&rsquo;odeur<\/h3>\n<p>Floral, herbac\u00e9, et doux.<\/p>\n<h3>Dans Living Libations<\/h3>\n<p>All Seeing Eye Cr\u00e8me, Open Sky Eye Serum<\/p>\n<h3>Se marie bien avec<\/h3>\n<p>Bouleau doux, Basilic, Encens, Camomille, Achill\u00e9e, Cardamome, Rose Otto, Menthe poivr\u00e9e, Palmarosa, G\u00e9ranium et Eucalyptus.<\/p>\n<h3>Utilisations<\/h3>\n<p>Appliqu\u00e9 localement pour les probl\u00e8mes de peau chaude et s\u00e8che. Calme et \u00e9claircit l&rsquo;aspect de la peau rouge. Am\u00e9liore l&rsquo;apparence et la sensation de la texture de la peau. Ajout\u00e9 \u00e0 une huile de massage pour langer amoureusement l&rsquo;esprit, les muscles et les \u00e9motions. Utilis\u00e9 comme huile culinaire et dans le th\u00e9. Facile \u00e0 utiliser &#8211; peut \u00eatre appliqu\u00e9 non dilu\u00e9 sur la peau.<\/p>\n<p><strong>Taille: 5 ml, 15 ml et 30 ml<\/strong><\/p>\n<h3>Constituants<\/h3>\n<p>Sesquiterp\u00e8nes apaisants: chamazulenze et alpha-bisabolol.<\/p>\n<h3>Ingr\u00e9dients Biologiques<\/h3>\n<p>100% huile essentielle de camomille allemande (Matricaria chamomilla).<\/p>\n<p style=\"text-align: center;\"><em>\u00ab\u00a0Une huile essentielle authentique de type alpha-bisabolol, en font l&rsquo;une des huiles essentielles les plus pr\u00e9cieuses&#8230;<br \/>\nL&rsquo;huile essentielle de camomille allemande est totalement non toxique et non irritante et constitue un agent universel bienvenu&#8230;<br \/>\nL&rsquo;ajout d&rsquo;huile essentielle de camomille allemande aux huiles pour le visage et le corps fonctionne toujours.\u00a0\u00bb<br \/>\n<\/em>\u223c Kurt Schnaubelt, <strong>L&rsquo;intelligence des huileessentielles<\/strong><\/p>\n<p>&nbsp;<\/p>\n<p><img fetchpriority=\"high\" decoding=\"async\" class=\"aligncenter size-full wp-image-31577\" src=\"https:\/\/dutchhealthstore.com\/wp-content\/uploads\/2018\/03\/organic_big.png\" alt=\"Organic and Natural - Living Libations\" width=\"623\" height=\"103\" srcset=\"https:\/\/dutchhealthstore.com\/wp-content\/uploads\/2018\/03\/organic_big.png 623w, https:\/\/dutchhealthstore.com\/wp-content\/uploads\/2018\/03\/organic_big-510x84.png 510w, https:\/\/dutchhealthstore.com\/wp-content\/uploads\/2018\/03\/organic_big-600x99.png 600w, https:\/\/dutchhealthstore.com\/wp-content\/uploads\/2018\/03\/organic_big-350x58.png 350w\" sizes=\"(max-width: 623px) 100vw, 623px\" \/><\/p>\n","protected":false},"excerpt":{"rendered":"<p><strong>German Chamomile Essential Oil<\/strong> magnifiquement \u00e9clatante est un profond, riche, l&rsquo;essence bleu d&rsquo;encre qui ensorcelle l&rsquo;\u00e2me avec le confort frais. Sa teinte bleu fonc\u00e9, nous donne un indice que la camomille allemande est une essence extraordinaire pour sa caresse calme et reconstituante pour les peaux en difficult\u00e9.<\/p>\n","protected":false},"featured_media":58863,"comment_status":"open","ping_status":"closed","template":"","meta":[],"product_brand":[],"product_cat":[6734,1507,1211,1209,3757,1010,6733],"product_tag":[4495],"class_list":{"0":"post-117570","1":"product","2":"type-product","3":"status-publish","4":"has-post-thumbnail","6":"product_cat-essential-oils","7":"product_cat-plantes-huiles-essentielles-living-libations","8":"product_cat-living-libations-france","9":"product_cat-par-marques","10":"product_cat-plantes-huiles-essentielles","11":"product_cat-notre-boutique","12":"product_cat-wellness-fr-2","13":"product_tag-essential-oil-fr","14":"pa_brand-livinglibations-fr","15":"pa_essential-oils-product-type-essential-oils-fr","16":"pa_size-15-ml-fr","17":"pa_size-30-ml-fr","18":"pa_size-5-ml-fr","20":"first","21":"instock","22":"taxable","23":"shipping-taxable","24":"purchasable","25":"product-type-variable"},"bundled_by":[],"bundle_stock_status":"instock","bundle_stock_quantity":null,"bundle_virtual":false,"bundle_layout":"","bundle_add_to_cart_form_location":"","bundle_editable_in_cart":false,"bundle_sold_individually_context":"","bundle_item_grouping":"","bundle_min_size":"","bundle_max_size":"","bundle_price":[],"bundled_items":[],"bundle_sell_ids":[],"atum_controlled":true,"out_stock_date":null,"out_stock_threshold":null,"inheritable":true,"stock_on_hold":0,"sold_today":0,"sales_last_days":0,"out_stock_days":0,"lost_sales":0,"update_date":"2026-05-09T00:20:28","atum_locations":[],"atum_stock_status":"instock","restock_status":false,"low_stock_amount":"","sales_update_date":"2026-05-09T00:20:28","calc_backorders":null,"group_of_quantity":0,"min_quantity":0,"max_quantity":"","exclude_order_quantity_value_rules":"no","exclude_category_quantity_rules":"no","combine_variations":"no","yoast_head":"<!-- This site is optimized with the Yoast SEO Premium plugin v26.5 (Yoast SEO v26.5) - https:\/\/yoast.com\/wordpress\/plugins\/seo\/ -->\n<title>Chamomile German Blue Essential Oil | Living Libations<\/title>\n<meta name=\"description\" content=\"German Blue Chamomile Essential Oil magnifiquement \u00e9clatante est un profond, riche, l&#039;essence bleu encre qui ensorcelle l&#039;\u00e2me avec le confort frais.\" \/>\n<meta name=\"robots\" content=\"index, follow, max-snippet:-1, max-image-preview:large, max-video-preview:-1\" \/>\n<link rel=\"canonical\" href=\"https:\/\/dutchhealthstore.com\/fr\/product\/chamomile-german-blue-essential-oil\/\" \/>\n<meta property=\"og:locale\" content=\"fr_FR\" \/>\n<meta property=\"og:type\" content=\"article\" \/>\n<meta property=\"og:title\" content=\"Chamomile, German Essential Oil - Dutch Health Store\" \/>\n<meta property=\"og:description\" content=\"German Blue Chamomile Essential Oil magnifiquement \u00e9clatante est un profond, riche, l&#039;essence bleu encre qui ensorcelle l&#039;\u00e2me avec le confort frais.\" \/>\n<meta property=\"og:url\" content=\"https:\/\/dutchhealthstore.com\/fr\/product\/chamomile-german-blue-essential-oil\/\" \/>\n<meta property=\"og:site_name\" content=\"Dutch Health Store\" \/>\n<meta property=\"article:publisher\" content=\"https:\/\/www.instagram.com\/dutchhealthstore\/\" \/>\n<meta property=\"article:modified_time\" content=\"2023-10-27T10:23:51+00:00\" \/>\n<meta property=\"og:image\" content=\"https:\/\/dutchhealthstore.com\/wp-content\/uploads\/2018\/02\/Living-Libations-Chamomile-German-Blue-Essential-Oil.jpg\" \/>\n\t<meta property=\"og:image:width\" content=\"1200\" \/>\n\t<meta property=\"og:image:height\" content=\"1200\" \/>\n\t<meta property=\"og:image:type\" content=\"image\/jpeg\" \/>\n<meta name=\"twitter:card\" content=\"summary_large_image\" \/>\n<meta name=\"twitter:label1\" content=\"Disponibilit\u00e9\" \/>\n\t<meta name=\"twitter:data1\" content=\"En stock\" \/>\n<script type=\"application\/ld+json\" class=\"yoast-schema-graph\">{\"@context\":\"https:\/\/schema.org\",\"@graph\":[{\"@type\":\"WebPage\",\"@id\":\"https:\/\/dutchhealthstore.com\/fr\/product\/chamomile-german-blue-essential-oil\/\",\"url\":\"https:\/\/dutchhealthstore.com\/fr\/product\/chamomile-german-blue-essential-oil\/\",\"name\":\"Chamomile German Blue Essential Oil | Living Libations\",\"isPartOf\":{\"@id\":\"https:\/\/dutchhealthstore.com\/fr\/#website\"},\"primaryImageOfPage\":{\"@id\":\"https:\/\/dutchhealthstore.com\/fr\/product\/chamomile-german-blue-essential-oil\/#primaryimage\"},\"image\":{\"@id\":\"https:\/\/dutchhealthstore.com\/fr\/product\/chamomile-german-blue-essential-oil\/#primaryimage\"},\"thumbnailUrl\":\"https:\/\/dutchhealthstore.com\/wp-content\/uploads\/2018\/02\/Living-Libations-Chamomile-German-Blue-Essential-Oil.jpg\",\"datePublished\":\"2018-02-10T20:04:45+00:00\",\"dateModified\":\"2023-10-27T10:23:51+00:00\",\"description\":\"German Blue Chamomile Essential Oil magnifiquement \u00e9clatante est un profond, riche, l'essence bleu encre qui ensorcelle l'\u00e2me avec le confort frais.\",\"breadcrumb\":{\"@id\":\"https:\/\/dutchhealthstore.com\/fr\/product\/chamomile-german-blue-essential-oil\/#breadcrumb\"},\"inLanguage\":\"fr-FR\",\"potentialAction\":[{\"@type\":\"ReadAction\",\"target\":[\"https:\/\/dutchhealthstore.com\/fr\/product\/chamomile-german-blue-essential-oil\/\"]}]},{\"@type\":\"ImageObject\",\"inLanguage\":\"fr-FR\",\"@id\":\"https:\/\/dutchhealthstore.com\/fr\/product\/chamomile-german-blue-essential-oil\/#primaryimage\",\"url\":\"https:\/\/dutchhealthstore.com\/wp-content\/uploads\/2018\/02\/Living-Libations-Chamomile-German-Blue-Essential-Oil.jpg\",\"contentUrl\":\"https:\/\/dutchhealthstore.com\/wp-content\/uploads\/2018\/02\/Living-Libations-Chamomile-German-Blue-Essential-Oil.jpg\",\"width\":1200,\"height\":1200,\"caption\":\"Living Libations - Chamomile German Blue Essential Oil\"},{\"@type\":\"BreadcrumbList\",\"@id\":\"https:\/\/dutchhealthstore.com\/fr\/product\/chamomile-german-blue-essential-oil\/#breadcrumb\",\"itemListElement\":[{\"@type\":\"ListItem\",\"position\":1,\"name\":\"Home\",\"item\":\"https:\/\/dutchhealthstore.com\/fr\/\"},{\"@type\":\"ListItem\",\"position\":2,\"name\":\"Shop\",\"item\":\"https:\/\/dutchhealthstore.com\/fr\/shop\/\"},{\"@type\":\"ListItem\",\"position\":3,\"name\":\"Chamomile, German Essential Oil\"}]},{\"@type\":\"WebSite\",\"@id\":\"https:\/\/dutchhealthstore.com\/fr\/#website\",\"url\":\"https:\/\/dutchhealthstore.com\/fr\/\",\"name\":\"Dutch Health Store\",\"description\":\"Enhance Your Beauty with Organic &amp; Natural Skincare\",\"publisher\":{\"@id\":\"https:\/\/dutchhealthstore.com\/fr\/#organization\"},\"potentialAction\":[{\"@type\":\"SearchAction\",\"target\":{\"@type\":\"EntryPoint\",\"urlTemplate\":\"https:\/\/dutchhealthstore.com\/fr\/?s={search_term_string}\"},\"query-input\":{\"@type\":\"PropertyValueSpecification\",\"valueRequired\":true,\"valueName\":\"search_term_string\"}}],\"inLanguage\":\"fr-FR\"},{\"@type\":\"Organization\",\"@id\":\"https:\/\/dutchhealthstore.com\/fr\/#organization\",\"name\":\"Dutch Health Store\",\"url\":\"https:\/\/dutchhealthstore.com\/fr\/\",\"logo\":{\"@type\":\"ImageObject\",\"inLanguage\":\"fr-FR\",\"@id\":\"https:\/\/dutchhealthstore.com\/fr\/#\/schema\/logo\/image\/\",\"url\":\"https:\/\/dutchhealthstore.com\/wp-content\/uploads\/2020\/08\/logo-dutchhealthstore-jpg-e1599484957574.jpg\",\"contentUrl\":\"https:\/\/dutchhealthstore.com\/wp-content\/uploads\/2020\/08\/logo-dutchhealthstore-jpg-e1599484957574.jpg\",\"width\":400,\"height\":62,\"caption\":\"Dutch Health Store\"},\"image\":{\"@id\":\"https:\/\/dutchhealthstore.com\/fr\/#\/schema\/logo\/image\/\"},\"sameAs\":[\"https:\/\/www.instagram.com\/dutchhealthstore\/\",\"https:\/\/www.facebook.com\/dutchhealthstore\"]}]}<\/script>\n<meta property=\"product:brand\" content=\"Living Libations\" \/>\n<meta property=\"og:availability\" content=\"instock\" \/>\n<meta property=\"product:availability\" content=\"instock\" \/>\n<meta property=\"product:condition\" content=\"new\" \/>\n<!-- \/ Yoast SEO Premium plugin. -->","yoast_head_json":{"title":"Chamomile German Blue Essential Oil | Living Libations","description":"German Blue Chamomile Essential Oil magnifiquement \u00e9clatante est un profond, riche, l'essence bleu encre qui ensorcelle l'\u00e2me avec le confort frais.","robots":{"index":"index","follow":"follow","max-snippet":"max-snippet:-1","max-image-preview":"max-image-preview:large","max-video-preview":"max-video-preview:-1"},"canonical":"https:\/\/dutchhealthstore.com\/fr\/product\/chamomile-german-blue-essential-oil\/","og_locale":"fr_FR","og_type":"article","og_title":"Chamomile, German Essential Oil - Dutch Health Store","og_description":"German Blue Chamomile Essential Oil magnifiquement \u00e9clatante est un profond, riche, l'essence bleu encre qui ensorcelle l'\u00e2me avec le confort frais.","og_url":"https:\/\/dutchhealthstore.com\/fr\/product\/chamomile-german-blue-essential-oil\/","og_site_name":"Dutch Health Store","article_publisher":"https:\/\/www.instagram.com\/dutchhealthstore\/","article_modified_time":"2023-10-27T10:23:51+00:00","og_image":[{"width":1200,"height":1200,"url":"https:\/\/dutchhealthstore.com\/wp-content\/uploads\/2018\/02\/Living-Libations-Chamomile-German-Blue-Essential-Oil.jpg","type":"image\/jpeg"}],"twitter_card":"summary_large_image","twitter_misc":{"Disponibilit\u00e9":"En stock"},"schema":{"@context":"https:\/\/schema.org","@graph":[{"@type":"WebPage","@id":"https:\/\/dutchhealthstore.com\/fr\/product\/chamomile-german-blue-essential-oil\/","url":"https:\/\/dutchhealthstore.com\/fr\/product\/chamomile-german-blue-essential-oil\/","name":"Chamomile German Blue Essential Oil | Living Libations","isPartOf":{"@id":"https:\/\/dutchhealthstore.com\/fr\/#website"},"primaryImageOfPage":{"@id":"https:\/\/dutchhealthstore.com\/fr\/product\/chamomile-german-blue-essential-oil\/#primaryimage"},"image":{"@id":"https:\/\/dutchhealthstore.com\/fr\/product\/chamomile-german-blue-essential-oil\/#primaryimage"},"thumbnailUrl":"https:\/\/dutchhealthstore.com\/wp-content\/uploads\/2018\/02\/Living-Libations-Chamomile-German-Blue-Essential-Oil.jpg","datePublished":"2018-02-10T20:04:45+00:00","dateModified":"2023-10-27T10:23:51+00:00","description":"German Blue Chamomile Essential Oil magnifiquement \u00e9clatante est un profond, riche, l'essence bleu encre qui ensorcelle l'\u00e2me avec le confort frais.","breadcrumb":{"@id":"https:\/\/dutchhealthstore.com\/fr\/product\/chamomile-german-blue-essential-oil\/#breadcrumb"},"inLanguage":"fr-FR","potentialAction":[{"@type":"ReadAction","target":["https:\/\/dutchhealthstore.com\/fr\/product\/chamomile-german-blue-essential-oil\/"]}]},{"@type":"ImageObject","inLanguage":"fr-FR","@id":"https:\/\/dutchhealthstore.com\/fr\/product\/chamomile-german-blue-essential-oil\/#primaryimage","url":"https:\/\/dutchhealthstore.com\/wp-content\/uploads\/2018\/02\/Living-Libations-Chamomile-German-Blue-Essential-Oil.jpg","contentUrl":"https:\/\/dutchhealthstore.com\/wp-content\/uploads\/2018\/02\/Living-Libations-Chamomile-German-Blue-Essential-Oil.jpg","width":1200,"height":1200,"caption":"Living Libations - Chamomile German Blue Essential Oil"},{"@type":"BreadcrumbList","@id":"https:\/\/dutchhealthstore.com\/fr\/product\/chamomile-german-blue-essential-oil\/#breadcrumb","itemListElement":[{"@type":"ListItem","position":1,"name":"Home","item":"https:\/\/dutchhealthstore.com\/fr\/"},{"@type":"ListItem","position":2,"name":"Shop","item":"https:\/\/dutchhealthstore.com\/fr\/shop\/"},{"@type":"ListItem","position":3,"name":"Chamomile, German Essential Oil"}]},{"@type":"WebSite","@id":"https:\/\/dutchhealthstore.com\/fr\/#website","url":"https:\/\/dutchhealthstore.com\/fr\/","name":"Dutch Health Store","description":"Enhance Your Beauty with Organic &amp; Natural Skincare","publisher":{"@id":"https:\/\/dutchhealthstore.com\/fr\/#organization"},"potentialAction":[{"@type":"SearchAction","target":{"@type":"EntryPoint","urlTemplate":"https:\/\/dutchhealthstore.com\/fr\/?s={search_term_string}"},"query-input":{"@type":"PropertyValueSpecification","valueRequired":true,"valueName":"search_term_string"}}],"inLanguage":"fr-FR"},{"@type":"Organization","@id":"https:\/\/dutchhealthstore.com\/fr\/#organization","name":"Dutch Health Store","url":"https:\/\/dutchhealthstore.com\/fr\/","logo":{"@type":"ImageObject","inLanguage":"fr-FR","@id":"https:\/\/dutchhealthstore.com\/fr\/#\/schema\/logo\/image\/","url":"https:\/\/dutchhealthstore.com\/wp-content\/uploads\/2020\/08\/logo-dutchhealthstore-jpg-e1599484957574.jpg","contentUrl":"https:\/\/dutchhealthstore.com\/wp-content\/uploads\/2020\/08\/logo-dutchhealthstore-jpg-e1599484957574.jpg","width":400,"height":62,"caption":"Dutch Health Store"},"image":{"@id":"https:\/\/dutchhealthstore.com\/fr\/#\/schema\/logo\/image\/"},"sameAs":["https:\/\/www.instagram.com\/dutchhealthstore\/","https:\/\/www.facebook.com\/dutchhealthstore"]}]},"product_brand":"Living Libations","og_availability":"instock","product_availability":"instock","product_condition":"new"},"_links":{"self":[{"href":"https:\/\/dutchhealthstore.com\/fr\/wp-json\/wp\/v2\/product\/117570","targetHints":{"allow":["GET"]}}],"collection":[{"href":"https:\/\/dutchhealthstore.com\/fr\/wp-json\/wp\/v2\/product"}],"about":[{"href":"https:\/\/dutchhealthstore.com\/fr\/wp-json\/wp\/v2\/types\/product"}],"replies":[{"embeddable":true,"href":"https:\/\/dutchhealthstore.com\/fr\/wp-json\/wp\/v2\/comments?post=117570"}],"wp:featuredmedia":[{"embeddable":true,"href":"https:\/\/dutchhealthstore.com\/fr\/wp-json\/wp\/v2\/media\/58863"}],"wp:attachment":[{"href":"https:\/\/dutchhealthstore.com\/fr\/wp-json\/wp\/v2\/media?parent=117570"}],"wp:term":[{"taxonomy":"product_brand","embeddable":true,"href":"https:\/\/dutchhealthstore.com\/fr\/wp-json\/wp\/v2\/product_brand?post=117570"},{"taxonomy":"product_cat","embeddable":true,"href":"https:\/\/dutchhealthstore.com\/fr\/wp-json\/wp\/v2\/product_cat?post=117570"},{"taxonomy":"product_tag","embeddable":true,"href":"https:\/\/dutchhealthstore.com\/fr\/wp-json\/wp\/v2\/product_tag?post=117570"}],"curies":[{"name":"wp","href":"https:\/\/api.w.org\/{rel}","templated":true}]}}