{"id":116757,"date":"2018-02-10T19:30:22","date_gmt":"2018-02-10T18:30:22","guid":{"rendered":"https:\/\/dutchhealthstore.com\/product\/digest-the-best\/"},"modified":"2025-10-28T11:18:31","modified_gmt":"2025-10-28T10:18:31","slug":"digest-the-best","status":"publish","type":"product","link":"https:\/\/dutchhealthstore.com\/fr\/product\/digest-the-best\/","title":{"rendered":"Zest the Best"},"content":{"rendered":"<p><strong><img decoding=\"async\" class=\"size-full wp-image-37041 alignright\" src=\"https:\/\/dutchhealthstore.com\/wp-content\/uploads\/2018\/04\/Living_Libations-1.png\" alt=\"Organic &amp; Natural Beautyproducts - Living Libations\" width=\"175\" height=\"82\">Zest<\/strong><strong>the<\/strong> <strong>Best<\/strong> est une formule kal\u00e9idoscope-culinaire cr\u00e9\u00e9e comme un ap\u00e9ritif pour la meilleure haleine qui soit.<br \/>\nUne savoureuse synergie d&rsquo;essences herbac\u00e9es traditionnellement utilis\u00e9es pour stimuler en douceur afin que vous puissiez savourer ce qui se trouve dans votre assiette.<br \/>\nDiverses essences ap\u00e9ritives r\u00e9inventent vos plats pr\u00e9f\u00e9r\u00e9s avec une touche de c\u00e9l\u00e9bration v\u00e9g\u00e9tale liquide.<br \/>\nFaites l&rsquo;exp\u00e9rience d&rsquo;un jardin entier dans chaque goutte, car Zest the Best peut rafra\u00eechir l&rsquo;haleine avant ou apr\u00e8s les repas, \u00eatre ajout\u00e9 \u00e0 des soupes savoureuses et \u00e0 des vinaigrettes, \u00eatre inhal\u00e9 pour faire circuler les jus et \u00eatre mass\u00e9 sur le plexus solaire.<\/p>\n<p>Faites couler votre jus, faites vibrer vos papilles et consacrez vos repas avec de d\u00e9licieuses gouttes de ce jardin herbac\u00e9 en bouteille.<br \/>\n<em>Anciennement, <strong>Digest the Best<\/strong> &#8211; nouveau nom mais la formule reste la m\u00eame.<\/em><\/p>\n<h3>Utiliser<\/h3>\n<p>Pour rafra\u00eechir l&rsquo;haleine de votre gourmet, utilisez 1 \u00e0 2 gouttes \u00e0 la place d&rsquo;herbes et d&rsquo;\u00e9pices fra\u00eeches ou s\u00e9ch\u00e9es dans vos soupes, rago\u00fbts et brassins pr\u00e9f\u00e9r\u00e9s. D\u00e9licieux comme ajout \u00e0 une vinaigrette. Une goutte dans du th\u00e9 ou de l&rsquo;huile d&rsquo;olive avant ou apr\u00e8s les repas. Ou, tout simplement, ouvrez la bouteille et inhalez. Toutes les huiles contenues dans Zest the Best sont r\u00e9pertori\u00e9es comme GRAS par la FDA. *<\/p>\n<h3>*Gras<\/h3>\n<p>Les huiles essentielles rel\u00e8vent de la comp\u00e9tence de la FDA en tant que produits alimentaires, et celle-ci maintient des montagnes de r\u00e9glementations pour l&rsquo;utilisation des huiles dans les soins bucco-dentaires. Parmi ces r\u00e8glements, la FDA tient une liste des huiles essentielles qui sont \u00e9tiquet\u00e9es \u00ab\u00a0Generally Recognized as Safe\u00a0\u00bb (GRAS). Le label GRAS est accord\u00e9 \u00e0 une huile essentielle par la FDA si elle est \u00ab\u00a0g\u00e9n\u00e9ralement reconnue, parmi les experts qualifi\u00e9s, comme ayant \u00e9t\u00e9 suffisamment d\u00e9montr\u00e9e pour \u00eatre s\u00fbre dans les conditions de son utilisation pr\u00e9vue&#8230;\u00a0\u00bb. L&rsquo;industrie alimentaire et aromatique ajoute des huiles essentielles comme la bergamote, la menthe poivr\u00e9e et la vanille pour renforcer le go\u00fbt et l&rsquo;ar\u00f4me de nombreux produits, tels que les jus, les liqueurs et les th\u00e9s.<\/p>\n<h3 class=\"yikes-custom-woo-tab-title yikes-custom-woo-tab-title-natural-organic-ingredients\">Ingr\u00e9dients Naturels\/Biologiques<\/h3>\n<p><strong> huile essentielle huile cardamome<\/strong><em> (Elettaria cardamomum) &#8211; <\/em>L&rsquo;ar\u00f4me charismatique de la cardamome, doux et \u00e9pic\u00e9, enflamme les sens. Il est largement utilis\u00e9 dans la cuisine indienne et les soins ayurv\u00e9diques.<\/p>\n<p><strong> huile essentielle huileestragon <\/strong><em>(Artemisia dracunculus<\/em>) &#8211; L&rsquo;estragon parfum\u00e9 est distill\u00e9 \u00e0 partir des feuilles et des fleurs de la plante Artemisia dracunculus, \u00e9galement appel\u00e9e herbe au dragon en raison de ses racines semblables \u00e0 celles du dragon. Une herbe populaire en cuisine, l&rsquo;estragon est un merveilleux ap\u00e9ritif qui peut \u00e9veiller l&rsquo;app\u00e9tit et temp\u00e9rer les querelles. L&rsquo;ar\u00f4me, un des pr\u00e9f\u00e9r\u00e9s des chefs, est doux et \u00e9pic\u00e9, avec des notes excitantes d&rsquo;anis bois\u00e9.<\/p>\n<p><strong>Cannelle \u00e9corce huile essentielle <\/strong>(Cinnamomum zeylanicum) &#8211; Cette \u00e9pice ancienne est si douce et agr\u00e9able tout en poss\u00e9dant de puissants avantages biotiques botaniques.<\/p>\n<p><strong>Origan<\/strong> (Essentiel <em>(Origanum vulgare)<\/em> &#8211; L&rsquo;origan opulent est un botanique-biotique classique qui illumine la force de fortification du corps.<\/p>\n<p><strong> huile essentielle huile mastic<\/strong> <em>(Pistacia lentiscus)<\/em> &#8211; Cette r\u00e9sine ancienne et aromatique, semblable \u00e0 l&rsquo;encens, provient de la s\u00e8ve interne du lentisque. Cette \u00e9pice est souvent utilis\u00e9e dans la cuisine grecque; son ar\u00f4me est celui du pin vert avec des notes de myrrhe.<\/p>\n<p><strong>Citron Essentiel <\/strong><em>(Citrus limonum)<\/em> &#8211; Le citron vif est le zeste classique qui fait vibrer les papilles gustatives et est une source de joie ensoleill\u00e9e d&rsquo;agrumes.<\/p>\n<p><strong> huile essentielle de Sarriette<\/strong> <em>(Satureja montana)<\/em> &#8211; Notre magnifique sarriette des montagnes fortifie le corps en cr\u00e9ant une aura rayonnante qui brille sous le soleil hivernal des montagnes. C&rsquo;est un \u00e9lixir \u00e9nergisant qui aide ceux qui manquent de motivation.<\/p>\n<p><strong> huile essentielle huile graines de carotte<\/strong> <em>(Daucus carota)<\/em>&#8211; L&rsquo;essence calmante de graines de carotte est un ar\u00f4me bois\u00e9 l\u00e9g\u00e8rement sucr\u00e9 et inspirant distill\u00e9 \u00e0 partir des graines de plantes fran\u00e7aises biologiques. Traditionnellement, les graines de carotte sont utilis\u00e9es comme un digestif de luxe.<\/p>\n<p><strong> huile essentielle de racine de gingembre<\/strong> <em>(Zingiber officinale)<\/em> &#8211; \u00c9pic\u00e9e et vivifiante, notre magnifique essence de racine de gingembre a un punch herbac\u00e9! Extrait supercritique de gingembre biologique cultiv\u00e9 \u00e0 Madagascar, notre gingembre juteux ajoute un zeste de chaleur! Le gingembre est l&rsquo;une des \u00e9pices les plus populaires au monde. Les qualit\u00e9s apaisantes du gingembre ont \u00e9t\u00e9 appr\u00e9ci\u00e9es gr\u00e2ce \u00e0 son utilisation intensive dans les anciennes cultures indiennes et chinoises.<\/p>\n<p><strong> huile essentielle de curcuma<\/strong> <em>(Curcuma longa)<\/em> &#8211; Notre extrait de curcuma, super puissant et all\u00e9chant, est un h\u00e9ros \u00e0 base de plantes de la bont\u00e9 de l&rsquo;or.<\/p>\n<p><strong>Coriandre huile Essentielle<\/strong> <em>(Coriander sativum)<\/em> &#8211; La coriandre culinaire est une essence d\u00e9lectable qui est un ap\u00e9ritif \u00e0 base de plantes \u00e9prouv\u00e9 par le temps. La coriandre, l&rsquo;une des grandes vedettes de l&rsquo;Ancien Testament, \u00e9tait consomm\u00e9e \u00e0 la P\u00e2que et c\u00e9l\u00e9br\u00e9e comme un don de Dieu. Les Romains de l&rsquo;Antiquit\u00e9 se r\u00e9galaient de vin de coriandre, tandis que les \u00c9gyptiens enterraient leurs morts avec les graines aromatiques. Lorsque les graines de coriandre sont \u00e9cras\u00e9es, elles lib\u00e8rent ce merveilleux ar\u00f4me parfum\u00e9 que l&rsquo;on appelle commun\u00e9ment la coriandre.<\/p>\n<p><strong> huile essentielle huile baie de schizandra<\/strong> <em>(Schizandra spenanthera)<\/em> &#8211; Notre baie de schizandra est distill\u00e9e \u00e0 partir des baies de l&rsquo;arbuste indon\u00e9sien Schizandra. Ces baies sont un aliment de base dans la culture traditionnelle chinoise, et sont utilis\u00e9es depuis des milliers d&rsquo;ann\u00e9es pour stimuler le chi du corps. Connu sous le nom de \u00ab\u00a0wu wei zi\u00a0\u00bb en chinois, ce \u00ab\u00a0fruit aux cinq saveurs\u00a0\u00bb contient une palette complexe de saveurs am\u00e8res, sal\u00e9es, \u00e9pic\u00e9es, sucr\u00e9es et acides. Notre huile Schizandra est une extraction super-critique et contient tous les composants lipophiles pour encore plus de b\u00e9n\u00e9fices aromatiques qu&rsquo;elle n&rsquo;a d&rsquo;ar\u00f4mes!<\/p>\n<p><strong>Romarin Verbenone huile Essentielle <\/strong><em>(Rosemarinus verbenone)<\/em> &#8211; Cette vari\u00e9t\u00e9 particuli\u00e8re de romarin est une essence brillamment clarifiante pour l&rsquo;esprit et le corps. Le v\u00e9ritable pouvoir de la \u00ab\u00a0rose des mers\u00a0\u00bb r\u00e9side dans sa myst\u00e9rieuse capacit\u00e9 \u00e0 revitaliser l&rsquo;esprit et l&rsquo;\u00e2me.<\/p>\n<p><img fetchpriority=\"high\" decoding=\"async\" class=\"aligncenter size-full wp-image-31577\" src=\"https:\/\/dutchhealthstore.com\/wp-content\/uploads\/2018\/03\/organic_big.png\" alt=\"Organic and Natural - Living Libations\" width=\"623\" height=\"103\" srcset=\"https:\/\/dutchhealthstore.com\/wp-content\/uploads\/2018\/03\/organic_big.png 623w, https:\/\/dutchhealthstore.com\/wp-content\/uploads\/2018\/03\/organic_big-510x84.png 510w, https:\/\/dutchhealthstore.com\/wp-content\/uploads\/2018\/03\/organic_big-600x99.png 600w, https:\/\/dutchhealthstore.com\/wp-content\/uploads\/2018\/03\/organic_big-350x58.png 350w\" sizes=\"(max-width: 623px) 100vw, 623px\" \/><\/p>\n","protected":false},"excerpt":{"rendered":"<p><strong>Zest <\/strong><strong>the<\/strong> <strong>Best<\/strong> est une formule kal\u00e9idoscope-culinaire cr\u00e9\u00e9e comme un ap\u00e9ritif pour la meilleure haleine qui soit.<br \/>\nUne savoureuse synergie d&rsquo;essences herbac\u00e9es traditionnellement utilis\u00e9es pour stimuler en douceur afin que vous puissiez savourer ce qui se trouve dans votre assiette.<br \/>\nDiverses essences ap\u00e9ritives r\u00e9inventent vos plats pr\u00e9f\u00e9r\u00e9s avec une touche de c\u00e9l\u00e9bration v\u00e9g\u00e9tale liquide.<br \/>\nFaites l&rsquo;exp\u00e9rience d&rsquo;un jardin entier dans chaque goutte, car Zest the Best peut rafra\u00eechir l&rsquo;haleine avant ou apr\u00e8s les repas, \u00eatre ajout\u00e9 \u00e0 des soupes savoureuses et \u00e0 des vinaigrettes, \u00eatre inhal\u00e9 pour faire circuler les jus et \u00eatre mass\u00e9 sur le plexus solaire.<\/p>\n<p>Faites couler votre jus, faites vibrer vos papilles et consacrez vos repas avec de d\u00e9licieuses gouttes de ce jardin herbac\u00e9 en bouteille.<\/p>\n<div><em>Anciennement, <strong>Digest the Best<\/strong> &#8211; nouveau nom mais la formule reste la m\u00eame.<\/em><\/div>\n","protected":false},"featured_media":87952,"comment_status":"open","ping_status":"closed","template":"","meta":[],"product_brand":[],"product_cat":[6734,1211,3756,6746,1209,1010,6733],"product_tag":[6215,4392],"class_list":{"0":"post-116757","1":"product","2":"type-product","3":"status-publish","4":"has-post-thumbnail","6":"product_cat-essential-oils","7":"product_cat-living-libations-france","8":"product_cat-melanges","9":"product_cat-essential-oil-blends-fr-2","10":"product_cat-par-marques","11":"product_cat-notre-boutique","12":"product_cat-wellness-fr-2","13":"product_tag-blend-fr","14":"product_tag-elixir-fr","15":"pa_brand-livinglibations-fr","16":"pa_essential-oils-product-type-essential-oil-blends-fr","17":"pa_size-5-ml-fr","18":"pa_size-15-ml-fr","20":"first","21":"instock","22":"taxable","23":"shipping-taxable","24":"purchasable","25":"product-type-variable"},"bundled_by":[],"bundle_stock_status":"instock","bundle_stock_quantity":null,"bundle_virtual":false,"bundle_layout":"","bundle_add_to_cart_form_location":"","bundle_editable_in_cart":false,"bundle_sold_individually_context":"","bundle_item_grouping":"","bundle_min_size":"","bundle_max_size":"","bundle_price":[],"bundled_items":[],"bundle_sell_ids":[232308],"atum_controlled":true,"out_stock_date":null,"out_stock_threshold":null,"inheritable":true,"stock_on_hold":1,"sold_today":0,"sales_last_days":0,"out_stock_days":0,"lost_sales":0,"update_date":"2026-04-09T08:00:49","atum_locations":[],"atum_stock_status":"instock","restock_status":false,"low_stock_amount":"","sales_update_date":"2026-04-09T08:00:49","calc_backorders":null,"group_of_quantity":0,"min_quantity":0,"max_quantity":"","exclude_order_quantity_value_rules":"no","exclude_category_quantity_rules":"no","combine_variations":"no","yoast_head":"<!-- This site is optimized with the Yoast SEO Premium plugin v26.5 (Yoast SEO v26.5) - https:\/\/yoast.com\/wordpress\/plugins\/seo\/ -->\n<title>Zest the Best | Organic &amp; Natural | Living libations<\/title>\n<meta name=\"description\" content=\"Zest the Best est une formule kal\u00e9idoscope-culinaire cr\u00e9\u00e9e comme un ap\u00e9ritif pour la meilleure haleine qui soit.\" \/>\n<meta name=\"robots\" content=\"index, follow, max-snippet:-1, max-image-preview:large, max-video-preview:-1\" \/>\n<link rel=\"canonical\" href=\"https:\/\/dutchhealthstore.com\/fr\/product\/digest-the-best\/\" \/>\n<meta property=\"og:locale\" content=\"fr_FR\" \/>\n<meta property=\"og:type\" content=\"article\" \/>\n<meta property=\"og:title\" content=\"Zest the Best - Dutch Health Store\" \/>\n<meta property=\"og:description\" content=\"Zest the Best est une formule kal\u00e9idoscope-culinaire cr\u00e9\u00e9e comme un ap\u00e9ritif pour la meilleure haleine qui soit.\" \/>\n<meta property=\"og:url\" content=\"https:\/\/dutchhealthstore.com\/fr\/product\/digest-the-best\/\" \/>\n<meta property=\"og:site_name\" content=\"Dutch Health Store\" \/>\n<meta property=\"article:publisher\" content=\"https:\/\/www.instagram.com\/dutchhealthstore\/\" \/>\n<meta property=\"article:modified_time\" content=\"2025-10-28T10:18:31+00:00\" \/>\n<meta property=\"og:image\" content=\"https:\/\/dutchhealthstore.com\/wp-content\/uploads\/2018\/02\/Zest-The-Best-Living-Libations-e1598263866873.jpg\" \/>\n\t<meta property=\"og:image:width\" content=\"500\" \/>\n\t<meta property=\"og:image:height\" content=\"500\" \/>\n\t<meta property=\"og:image:type\" content=\"image\/jpeg\" \/>\n<meta name=\"twitter:card\" content=\"summary_large_image\" \/>\n<meta name=\"twitter:label1\" content=\"Disponibilit\u00e9\" \/>\n\t<meta name=\"twitter:data1\" content=\"En stock\" \/>\n<script type=\"application\/ld+json\" class=\"yoast-schema-graph\">{\"@context\":\"https:\/\/schema.org\",\"@graph\":[{\"@type\":\"WebPage\",\"@id\":\"https:\/\/dutchhealthstore.com\/fr\/product\/digest-the-best\/\",\"url\":\"https:\/\/dutchhealthstore.com\/fr\/product\/digest-the-best\/\",\"name\":\"Zest the Best | Organic & Natural | Living libations\",\"isPartOf\":{\"@id\":\"https:\/\/dutchhealthstore.com\/fr\/#website\"},\"primaryImageOfPage\":{\"@id\":\"https:\/\/dutchhealthstore.com\/fr\/product\/digest-the-best\/#primaryimage\"},\"image\":{\"@id\":\"https:\/\/dutchhealthstore.com\/fr\/product\/digest-the-best\/#primaryimage\"},\"thumbnailUrl\":\"https:\/\/dutchhealthstore.com\/wp-content\/uploads\/2018\/02\/Zest-The-Best-Living-Libations-e1598263866873.jpg\",\"datePublished\":\"2018-02-10T18:30:22+00:00\",\"dateModified\":\"2025-10-28T10:18:31+00:00\",\"description\":\"Zest the Best est une formule kal\u00e9idoscope-culinaire cr\u00e9\u00e9e comme un ap\u00e9ritif pour la meilleure haleine qui soit.\",\"breadcrumb\":{\"@id\":\"https:\/\/dutchhealthstore.com\/fr\/product\/digest-the-best\/#breadcrumb\"},\"inLanguage\":\"fr-FR\",\"potentialAction\":[{\"@type\":\"ReadAction\",\"target\":[\"https:\/\/dutchhealthstore.com\/fr\/product\/digest-the-best\/\"]}]},{\"@type\":\"ImageObject\",\"inLanguage\":\"fr-FR\",\"@id\":\"https:\/\/dutchhealthstore.com\/fr\/product\/digest-the-best\/#primaryimage\",\"url\":\"https:\/\/dutchhealthstore.com\/wp-content\/uploads\/2018\/02\/Zest-The-Best-Living-Libations-e1598263866873.jpg\",\"contentUrl\":\"https:\/\/dutchhealthstore.com\/wp-content\/uploads\/2018\/02\/Zest-The-Best-Living-Libations-e1598263866873.jpg\",\"width\":500,\"height\":500,\"caption\":\"Zest The Best - Living Libations\"},{\"@type\":\"BreadcrumbList\",\"@id\":\"https:\/\/dutchhealthstore.com\/fr\/product\/digest-the-best\/#breadcrumb\",\"itemListElement\":[{\"@type\":\"ListItem\",\"position\":1,\"name\":\"Home\",\"item\":\"https:\/\/dutchhealthstore.com\/fr\/\"},{\"@type\":\"ListItem\",\"position\":2,\"name\":\"Shop\",\"item\":\"https:\/\/dutchhealthstore.com\/fr\/shop\/\"},{\"@type\":\"ListItem\",\"position\":3,\"name\":\"Zest the Best\"}]},{\"@type\":\"WebSite\",\"@id\":\"https:\/\/dutchhealthstore.com\/fr\/#website\",\"url\":\"https:\/\/dutchhealthstore.com\/fr\/\",\"name\":\"Dutch Health Store\",\"description\":\"Enhance Your Beauty with Organic &amp; Natural Skincare\",\"publisher\":{\"@id\":\"https:\/\/dutchhealthstore.com\/fr\/#organization\"},\"potentialAction\":[{\"@type\":\"SearchAction\",\"target\":{\"@type\":\"EntryPoint\",\"urlTemplate\":\"https:\/\/dutchhealthstore.com\/fr\/?s={search_term_string}\"},\"query-input\":{\"@type\":\"PropertyValueSpecification\",\"valueRequired\":true,\"valueName\":\"search_term_string\"}}],\"inLanguage\":\"fr-FR\"},{\"@type\":\"Organization\",\"@id\":\"https:\/\/dutchhealthstore.com\/fr\/#organization\",\"name\":\"Dutch Health Store\",\"url\":\"https:\/\/dutchhealthstore.com\/fr\/\",\"logo\":{\"@type\":\"ImageObject\",\"inLanguage\":\"fr-FR\",\"@id\":\"https:\/\/dutchhealthstore.com\/fr\/#\/schema\/logo\/image\/\",\"url\":\"https:\/\/dutchhealthstore.com\/wp-content\/uploads\/2020\/08\/logo-dutchhealthstore-jpg-e1599484957574.jpg\",\"contentUrl\":\"https:\/\/dutchhealthstore.com\/wp-content\/uploads\/2020\/08\/logo-dutchhealthstore-jpg-e1599484957574.jpg\",\"width\":400,\"height\":62,\"caption\":\"Dutch Health Store\"},\"image\":{\"@id\":\"https:\/\/dutchhealthstore.com\/fr\/#\/schema\/logo\/image\/\"},\"sameAs\":[\"https:\/\/www.instagram.com\/dutchhealthstore\/\",\"https:\/\/www.facebook.com\/dutchhealthstore\"]}]}<\/script>\n<meta property=\"product:brand\" content=\"Living Libations\" \/>\n<meta property=\"og:availability\" content=\"instock\" \/>\n<meta property=\"product:availability\" content=\"instock\" \/>\n<meta property=\"product:condition\" content=\"new\" \/>\n<!-- \/ Yoast SEO Premium plugin. -->","yoast_head_json":{"title":"Zest the Best | Organic & Natural | Living libations","description":"Zest the Best est une formule kal\u00e9idoscope-culinaire cr\u00e9\u00e9e comme un ap\u00e9ritif pour la meilleure haleine qui soit.","robots":{"index":"index","follow":"follow","max-snippet":"max-snippet:-1","max-image-preview":"max-image-preview:large","max-video-preview":"max-video-preview:-1"},"canonical":"https:\/\/dutchhealthstore.com\/fr\/product\/digest-the-best\/","og_locale":"fr_FR","og_type":"article","og_title":"Zest the Best - Dutch Health Store","og_description":"Zest the Best est une formule kal\u00e9idoscope-culinaire cr\u00e9\u00e9e comme un ap\u00e9ritif pour la meilleure haleine qui soit.","og_url":"https:\/\/dutchhealthstore.com\/fr\/product\/digest-the-best\/","og_site_name":"Dutch Health Store","article_publisher":"https:\/\/www.instagram.com\/dutchhealthstore\/","article_modified_time":"2025-10-28T10:18:31+00:00","og_image":[{"width":500,"height":500,"url":"https:\/\/dutchhealthstore.com\/wp-content\/uploads\/2018\/02\/Zest-The-Best-Living-Libations-e1598263866873.jpg","type":"image\/jpeg"}],"twitter_card":"summary_large_image","twitter_misc":{"Disponibilit\u00e9":"En stock"},"schema":{"@context":"https:\/\/schema.org","@graph":[{"@type":"WebPage","@id":"https:\/\/dutchhealthstore.com\/fr\/product\/digest-the-best\/","url":"https:\/\/dutchhealthstore.com\/fr\/product\/digest-the-best\/","name":"Zest the Best | Organic & Natural | Living libations","isPartOf":{"@id":"https:\/\/dutchhealthstore.com\/fr\/#website"},"primaryImageOfPage":{"@id":"https:\/\/dutchhealthstore.com\/fr\/product\/digest-the-best\/#primaryimage"},"image":{"@id":"https:\/\/dutchhealthstore.com\/fr\/product\/digest-the-best\/#primaryimage"},"thumbnailUrl":"https:\/\/dutchhealthstore.com\/wp-content\/uploads\/2018\/02\/Zest-The-Best-Living-Libations-e1598263866873.jpg","datePublished":"2018-02-10T18:30:22+00:00","dateModified":"2025-10-28T10:18:31+00:00","description":"Zest the Best est une formule kal\u00e9idoscope-culinaire cr\u00e9\u00e9e comme un ap\u00e9ritif pour la meilleure haleine qui soit.","breadcrumb":{"@id":"https:\/\/dutchhealthstore.com\/fr\/product\/digest-the-best\/#breadcrumb"},"inLanguage":"fr-FR","potentialAction":[{"@type":"ReadAction","target":["https:\/\/dutchhealthstore.com\/fr\/product\/digest-the-best\/"]}]},{"@type":"ImageObject","inLanguage":"fr-FR","@id":"https:\/\/dutchhealthstore.com\/fr\/product\/digest-the-best\/#primaryimage","url":"https:\/\/dutchhealthstore.com\/wp-content\/uploads\/2018\/02\/Zest-The-Best-Living-Libations-e1598263866873.jpg","contentUrl":"https:\/\/dutchhealthstore.com\/wp-content\/uploads\/2018\/02\/Zest-The-Best-Living-Libations-e1598263866873.jpg","width":500,"height":500,"caption":"Zest The Best - Living Libations"},{"@type":"BreadcrumbList","@id":"https:\/\/dutchhealthstore.com\/fr\/product\/digest-the-best\/#breadcrumb","itemListElement":[{"@type":"ListItem","position":1,"name":"Home","item":"https:\/\/dutchhealthstore.com\/fr\/"},{"@type":"ListItem","position":2,"name":"Shop","item":"https:\/\/dutchhealthstore.com\/fr\/shop\/"},{"@type":"ListItem","position":3,"name":"Zest the Best"}]},{"@type":"WebSite","@id":"https:\/\/dutchhealthstore.com\/fr\/#website","url":"https:\/\/dutchhealthstore.com\/fr\/","name":"Dutch Health Store","description":"Enhance Your Beauty with Organic &amp; Natural Skincare","publisher":{"@id":"https:\/\/dutchhealthstore.com\/fr\/#organization"},"potentialAction":[{"@type":"SearchAction","target":{"@type":"EntryPoint","urlTemplate":"https:\/\/dutchhealthstore.com\/fr\/?s={search_term_string}"},"query-input":{"@type":"PropertyValueSpecification","valueRequired":true,"valueName":"search_term_string"}}],"inLanguage":"fr-FR"},{"@type":"Organization","@id":"https:\/\/dutchhealthstore.com\/fr\/#organization","name":"Dutch Health Store","url":"https:\/\/dutchhealthstore.com\/fr\/","logo":{"@type":"ImageObject","inLanguage":"fr-FR","@id":"https:\/\/dutchhealthstore.com\/fr\/#\/schema\/logo\/image\/","url":"https:\/\/dutchhealthstore.com\/wp-content\/uploads\/2020\/08\/logo-dutchhealthstore-jpg-e1599484957574.jpg","contentUrl":"https:\/\/dutchhealthstore.com\/wp-content\/uploads\/2020\/08\/logo-dutchhealthstore-jpg-e1599484957574.jpg","width":400,"height":62,"caption":"Dutch Health Store"},"image":{"@id":"https:\/\/dutchhealthstore.com\/fr\/#\/schema\/logo\/image\/"},"sameAs":["https:\/\/www.instagram.com\/dutchhealthstore\/","https:\/\/www.facebook.com\/dutchhealthstore"]}]},"product_brand":"Living Libations","og_availability":"instock","product_availability":"instock","product_condition":"new"},"_links":{"self":[{"href":"https:\/\/dutchhealthstore.com\/fr\/wp-json\/wp\/v2\/product\/116757","targetHints":{"allow":["GET"]}}],"collection":[{"href":"https:\/\/dutchhealthstore.com\/fr\/wp-json\/wp\/v2\/product"}],"about":[{"href":"https:\/\/dutchhealthstore.com\/fr\/wp-json\/wp\/v2\/types\/product"}],"replies":[{"embeddable":true,"href":"https:\/\/dutchhealthstore.com\/fr\/wp-json\/wp\/v2\/comments?post=116757"}],"wp:featuredmedia":[{"embeddable":true,"href":"https:\/\/dutchhealthstore.com\/fr\/wp-json\/wp\/v2\/media\/87952"}],"wp:attachment":[{"href":"https:\/\/dutchhealthstore.com\/fr\/wp-json\/wp\/v2\/media?parent=116757"}],"wp:term":[{"taxonomy":"product_brand","embeddable":true,"href":"https:\/\/dutchhealthstore.com\/fr\/wp-json\/wp\/v2\/product_brand?post=116757"},{"taxonomy":"product_cat","embeddable":true,"href":"https:\/\/dutchhealthstore.com\/fr\/wp-json\/wp\/v2\/product_cat?post=116757"},{"taxonomy":"product_tag","embeddable":true,"href":"https:\/\/dutchhealthstore.com\/fr\/wp-json\/wp\/v2\/product_tag?post=116757"}],"curies":[{"name":"wp","href":"https:\/\/api.w.org\/{rel}","templated":true}]}}