{"id":116694,"date":"2020-03-13T18:25:47","date_gmt":"2020-03-13T17:25:47","guid":{"rendered":"https:\/\/dutchhealthstore.com\/product\/carnation-absolute\/"},"modified":"2026-04-03T14:29:53","modified_gmt":"2026-04-03T12:29:53","slug":"carnation-absolute","status":"publish","type":"product","link":"https:\/\/dutchhealthstore.com\/fr\/product\/carnation-absolute\/","title":{"rendered":"Carnation Absolute"},"content":{"rendered":"<p><img decoding=\"async\" class=\"alignright size-full wp-image-69549\" src=\"https:\/\/dutchhealthstore.com\/wp-content\/uploads\/2019\/08\/NEW-Living-Libations-Logo.jpg\" alt=\"NEW - Living Libations - Logo\" width=\"175\" height=\"82\"><\/p>\n<p><strong>Nom botanique :<\/strong> Caryophyllales<br \/>\n<strong>M\u00e9thode d&rsquo;extraction :<\/strong> Absolue<br \/>\n<strong>Partie de la plante distill\u00e9e :<\/strong> Fleur<br \/>\n<strong>Pays d&rsquo;origine:<\/strong> \u00c9gypte<br \/>\n<strong>M\u00e9thode de culture : <\/strong>Cultiv\u00e9, non pulv\u00e9ris\u00e9<br \/>\n<strong>Composition :<\/strong> 100% Dianthus caryophyllus<br \/>\n<strong>Consistance :<\/strong> \u00c9pais<\/p>\n<h3>Analyse des huile essentielles<\/h3>\n<h3><a href=\"https:\/\/dutchhealthstore.com\/wp-content\/uploads\/2020\/03\/ANALYSIS-Rose-De-Mai-Absolute-Living-Libations-1-4.pdf\" target=\"_blank\" rel=\"noopener noreferrer\"><img decoding=\"async\" class=\"wp-image-56302 size-full alignnone\" src=\"https:\/\/dutchhealthstore.com\/wp-content\/uploads\/2019\/05\/logo-pdf-navi-organics.jpg\" alt=\"logo pdf navi organics\" width=\"100\" height=\"104\"><\/a><\/h3>\n<h3>Description de l&rsquo;odeur<\/h3>\n<p>Floral chaud avec des notes de miel et d&rsquo;\u00e9pices euphoriques.<\/p>\n<h3>Dans Living Libations<\/h3>\n<p>Lei Lady Lei Perfume<\/p>\n<h3>Se marie bien avec<\/h3>\n<p>Jasmin, Rose, Pamplemousse, Lavande, Patchouli, et Ylang.<\/p>\n<h3>Utilisations<\/h3>\n<p>D\u00e9tente. Un philtre d&rsquo;amour. Oindre directement de la bouteille pour un avant-dernier parfum. Levier de tension.<\/p>\n<h3>La diff\u00e9rence entre Jonquil absolute et Carnation absolute<\/h3>\n<p>En g\u00e9n\u00e9ral, ils ont une odeur et des profils de pigments similaires. Elles sont comme des s\u0153urs de parfum. Ils se marient \u00e9galement bien avec la vanille, le jasmin, l&rsquo;ylang, le narcisse, l&rsquo;\u0153illet, le champa, le benjoin, le n\u00e9roli et tous les agrumes.<\/p>\n<p>L&rsquo;absolue de jonquille peut \u00eatre d\u00e9crite comme un liquide brun olive, lourd, mielleux, d&rsquo;une douceur florale profonde, avec un fort sous-entendu vert, une touche d&rsquo;\u00e9pice cannelle et un ass\u00e8chement tenace. Rappelle la jacinthe d&rsquo;eau.<\/p>\n<p>L&rsquo;\u0153illet est aussi souvent d\u00e9crit comme un absolu qui est un liquide visqueux de couleur vert olive \u00e0 brun olive avec des notes herbac\u00e9es semblables \u00e0 du miel ; un parfum doux et tenace avec un murmure de clou de girofle balsamique.<\/p>\n<p>Le caract\u00e8re de l&rsquo;ar\u00f4me de chaque essence est cr\u00e9\u00e9 par les constituants biochimiques qui composent l&rsquo;huile botanique. L&rsquo;\u0153illet et la jonquille ont des odeurs similaires car ils tirent leur signature olfactive de plusieurs des m\u00eames constituants. Ils ont en commun des \u00e9l\u00e9ments majeurs. Parmi eux, on trouve les benzoates de benzyle (y compris le m\u00e9thyle, l&rsquo;ac\u00e9tate et le salicylate), les linalools, les ald\u00e9hydes et les linol\u00e9ates. Ils partagent \u00e9galement tous deux une \u00e9pice subtile, mais l&rsquo;accent de la jonquille est un l\u00e9ger composant indole cinnamate, tandis que l&rsquo;\u0153illet s&rsquo;oriente vers le composant eug\u00e9nol (clou de girofle), mais toujours avec des nuances de ph\u00e9nyl\u00e9thanol, qui contribue \u00e0 un soup\u00e7on d&rsquo;ar\u00f4me de jacinthe dans cet absolu \u00e9galement.<\/p>\n<p>Enveloppez-vous dans une couverture chaude de luxe r\u00e9confortant et euphorisant avec notre<strong> Carnation Absolute<\/strong>.<\/p>\n<p>Il n&rsquo;y a pas de parfum plus doux que ce philtre d&rsquo;amour sensuellement dot\u00e9, qui encourage une humeur d\u00e9licieusement d\u00e9cadente. Inhalez des notes de miel, d&rsquo;\u00e9pices et de tout ce qui est agr\u00e9able avec un souffle de lilas-langue, le tout envelopp\u00e9 d&rsquo;une po\u00e9sie rose p\u00e2le.<br \/>\nLes effets euphoriques de l&rsquo;\u0153illet charismatique transformeront votre journ\u00e9e ordinaire en une r\u00eaverie agr\u00e9able et placide.<\/p>\n<p>Les \u0153illets ont traditionnellement \u00e9t\u00e9 utilis\u00e9s par les artistes, les \u00e9crivains et les po\u00e8tes pour inspirer la cr\u00e9ativit\u00e9, augmenter la motivation et fournir une v\u00e9ritable muse d&rsquo;euphorie. Cultiv\u00e9 pour la premi\u00e8re fois dans l&rsquo;\u00c9gypte ancienne il y a plus de 2 000 ans, l&rsquo;\u0153illet est l&rsquo;une des fleurs les plus populaires au monde. On dit qu&rsquo;il \u00e9tait la fleur pr\u00e9f\u00e9r\u00e9e de Jove, le roi romain des dieux. Les \u0153illets repr\u00e9sentent l&rsquo;amour, la puret\u00e9, la bonne fortune, la bienveillance et la gratitude.<\/p>\n<p>Les oeillets sont si doux ! Elles ont m\u00eame \u00e9t\u00e9 d\u00e9sign\u00e9es comme la fleur officielle de la f\u00eate des m\u00e8res ! Pourtant, le parfum des \u0153illets cultiv\u00e9s qui envahissent les magasins de fleurs n&rsquo;est pas comparable \u00e0 la f\u00e9licit\u00e9 d\u00e9bordante du baiser aromatique riche et mielleux de cet absolu.<\/p>\n<p>L&rsquo;huile d&rsquo;\u0153illet est convoit\u00e9e pour ses qualit\u00e9s habiles \u00e0 stimuler le d\u00e9sir et son parfum enchanteur. Bien qu&rsquo;elle puisse \u00eatre utilis\u00e9e pour faire fondre les muscles lors d&rsquo;un massage, la plupart des gens appr\u00e9cient notre absolue d&rsquo;\u0153illet pour son ar\u00f4me sulfureux et ses effets stimulants sur la cr\u00e9ativit\u00e9. Utilisez Carnation Absolute pour \u00e9crire, peindre, jouer de la musique et r\u00eaver. Il peut aider \u00e0 choisir entre deux choses, \u00e0 faire appel \u00e0 ce sentiment amoureux, \u00e0 \u00e9gayer l&rsquo;ambiance d&rsquo;une pi\u00e8ce et \u00e0 donner un ton romantique \u00e0 la soir\u00e9e. Couronnez votre corps et vos cheveux avec de carnation absolute, pour une touche exotique et euphorique.<\/p>\n<p><strong>Taille : 2,5 ml<\/strong><\/p>\n<h3>Ingr\u00e9dients biologiques<\/h3>\n<p>100% absolue d&rsquo;\u0153illet (Caryophyllales).<\/p>\n<p style=\"text-align: center;\"><em>\u00ab\u00a0L&rsquo;ann\u00e9e qui grandit est ancienne, pas encore sur la mort de l&rsquo;\u00e9t\u00e9, ni sur la naissance de l&rsquo;hiver tremblant,<\/em><br \/>\n<em>les plus belles fleurs de la saison sont nos oeillets et nos girofl\u00e9es stri\u00e9es.\u00a0\u00bb<\/em><\/p>\n<p style=\"text-align: center;\">~William Shakespeare<\/p>\n<p style=\"text-align: center;\"><em>\u00ab\u00a0[Carnation Absolute] est r\u00e9put\u00e9 pour \u00eatre&#8230; stimulant, rafra\u00eechissant et revigorant, et peut am\u00e9liorer la cr\u00e9ativit\u00e9. Ce parfum \u00e9tait utilis\u00e9 dans la Gr\u00e8ce antique pour rafra\u00eechir l&rsquo;esprit, et les po\u00e8tes romantiques tels que Byron et Shelley \u00e9taient r\u00e9put\u00e9s appr\u00e9cier l&rsquo;effet euphorisant de son parfum.\u00a0\u00bb<\/em><\/p>\n<p style=\"text-align: center;\">~Jennifer Peace Rhind. <strong>Essential Oils: A Handbook for Aromatherapy Practice<\/strong><\/p>\n<p><img fetchpriority=\"high\" decoding=\"async\" class=\"size-medium wp-image-68103 aligncenter\" src=\"https:\/\/dutchhealthstore.com\/wp-content\/uploads\/2018\/02\/Living-Libations-Organic-Logo-800x89.png\" alt=\"Living Libations - Organic Logo\" width=\"800\" height=\"89\" srcset=\"https:\/\/dutchhealthstore.com\/wp-content\/uploads\/2018\/02\/Living-Libations-Organic-Logo-800x89.png 800w, https:\/\/dutchhealthstore.com\/wp-content\/uploads\/2018\/02\/Living-Libations-Organic-Logo-510x57.png 510w, https:\/\/dutchhealthstore.com\/wp-content\/uploads\/2018\/02\/Living-Libations-Organic-Logo-768x85.png 768w, https:\/\/dutchhealthstore.com\/wp-content\/uploads\/2018\/02\/Living-Libations-Organic-Logo.png 1400w\" sizes=\"(max-width: 800px) 100vw, 800px\" \/><\/p>\n","protected":false},"excerpt":{"rendered":"<p>Enveloppez-vous dans une couverture chaude de luxe r\u00e9confortant et euphorisant avec notre<strong> Carnation Absolute<\/strong>.<\/p>\n<p>Il n&rsquo;y a pas de parfum plus doux que ce philtre d&rsquo;amour sensuellement dot\u00e9, qui encourage une humeur d\u00e9licieusement d\u00e9cadente. Inhalez des notes de miel, d&rsquo;\u00e9pices et de tout ce qui est agr\u00e9able avec un souffle de lilas-langue, le tout envelopp\u00e9 d&rsquo;une po\u00e9sie rose p\u00e2le.<br \/>\nLes effets euphoriques de l&rsquo;\u0153illet charismatique transformeront votre journ\u00e9e ordinaire en une r\u00eaverie agr\u00e9able et placide.<\/p>\n","protected":false},"featured_media":337460,"comment_status":"open","ping_status":"closed","template":"","meta":[],"product_brand":[],"product_cat":[3754,6734,1507,1211,1209,6733],"product_tag":[8678,4495],"class_list":{"0":"post-116694","1":"product","2":"type-product","3":"status-publish","4":"has-post-thumbnail","6":"product_cat-essences-absolues","7":"product_cat-essential-oils","8":"product_cat-plantes-huiles-essentielles-living-libations","9":"product_cat-living-libations-france","10":"product_cat-par-marques","11":"product_cat-wellness-fr-2","12":"product_tag-absolute-fr","13":"product_tag-essential-oil-fr","14":"pa_brand-livinglibations-fr","15":"pa_essential-oils-product-type-absolute-essences-fr","16":"pa_essential-oils-product-type-essential-oils-fr","17":"pa_gtin-7439657362316-fr","18":"pa_size-2-5-ml-fr","20":"first","21":"outofstock","22":"taxable","23":"shipping-taxable","24":"purchasable","25":"product-type-simple"},"bundled_by":[],"bundle_stock_status":"outofstock","bundle_stock_quantity":0,"bundle_virtual":false,"bundle_layout":"","bundle_add_to_cart_form_location":"","bundle_editable_in_cart":false,"bundle_sold_individually_context":"","bundle_item_grouping":"","bundle_min_size":"","bundle_max_size":"","bundle_price":[],"bundled_items":[],"bundle_sell_ids":[],"atum_controlled":true,"out_stock_date":"2026-04-03 14:29:54","out_stock_threshold":null,"inheritable":false,"stock_on_hold":1,"sold_today":0,"sales_last_days":1,"out_stock_days":3,"lost_sales":27,"update_date":"2026-04-09T11:40:11","atum_locations":[],"atum_stock_status":"outofstock","restock_status":false,"low_stock_amount":"","sales_update_date":"2026-04-09T11:40:11","calc_backorders":null,"group_of_quantity":0,"min_quantity":0,"max_quantity":"","exclude_order_quantity_value_rules":"no","exclude_category_quantity_rules":"no","combine_variations":"no","yoast_head":"<!-- This site is optimized with the Yoast SEO Premium plugin v26.5 (Yoast SEO v26.5) - https:\/\/yoast.com\/wordpress\/plugins\/seo\/ -->\n<title>Carnation Absolute | Living Libations<\/title>\n<meta name=\"description\" content=\"Enveloppez-vous dans une couverture chaude de luxe r\u00e9confortant et euphorisant avec notre Carnation Absolute.\" \/>\n<meta name=\"robots\" content=\"index, follow, max-snippet:-1, max-image-preview:large, max-video-preview:-1\" \/>\n<link rel=\"canonical\" href=\"https:\/\/dutchhealthstore.com\/fr\/product\/carnation-absolute\/\" \/>\n<meta property=\"og:locale\" content=\"fr_FR\" \/>\n<meta property=\"og:type\" content=\"article\" \/>\n<meta property=\"og:title\" content=\"Carnation Absolute - Dutch Health Store\" \/>\n<meta property=\"og:description\" content=\"Enveloppez-vous dans une couverture chaude de luxe r\u00e9confortant et euphorisant avec notre Carnation Absolute.\" \/>\n<meta property=\"og:url\" content=\"https:\/\/dutchhealthstore.com\/fr\/product\/carnation-absolute\/\" \/>\n<meta property=\"og:site_name\" content=\"Dutch Health Store\" \/>\n<meta property=\"article:publisher\" content=\"https:\/\/www.instagram.com\/dutchhealthstore\/\" \/>\n<meta property=\"article:modified_time\" content=\"2026-04-03T12:29:53+00:00\" \/>\n<meta property=\"og:image\" content=\"https:\/\/dutchhealthstore.com\/wp-content\/uploads\/2020\/03\/Carnation-Absolute-Living-Libations.jpg\" \/>\n\t<meta property=\"og:image:width\" content=\"500\" \/>\n\t<meta property=\"og:image:height\" content=\"500\" \/>\n\t<meta property=\"og:image:type\" content=\"image\/jpeg\" \/>\n<meta name=\"twitter:card\" content=\"summary_large_image\" \/>\n<meta name=\"twitter:label1\" content=\"Prix\" \/>\n\t<meta name=\"twitter:data1\" content=\"&euro;64,00\" \/>\n\t<meta name=\"twitter:label2\" content=\"Disponibilit\u00e9\" \/>\n\t<meta name=\"twitter:data2\" content=\"Rupture de stock\" \/>\n<script type=\"application\/ld+json\" class=\"yoast-schema-graph\">{\"@context\":\"https:\/\/schema.org\",\"@graph\":[{\"@type\":\"WebPage\",\"@id\":\"https:\/\/dutchhealthstore.com\/fr\/product\/carnation-absolute\/\",\"url\":\"https:\/\/dutchhealthstore.com\/fr\/product\/carnation-absolute\/\",\"name\":\"Carnation Absolute | Living Libations\",\"isPartOf\":{\"@id\":\"https:\/\/dutchhealthstore.com\/fr\/#website\"},\"primaryImageOfPage\":{\"@id\":\"https:\/\/dutchhealthstore.com\/fr\/product\/carnation-absolute\/#primaryimage\"},\"image\":{\"@id\":\"https:\/\/dutchhealthstore.com\/fr\/product\/carnation-absolute\/#primaryimage\"},\"thumbnailUrl\":\"https:\/\/dutchhealthstore.com\/wp-content\/uploads\/2020\/03\/2025-04-15-13_42_00-Carnation-Absolute-\u2013-Living-Libations-INT.jpg\",\"datePublished\":\"2020-03-13T17:25:47+00:00\",\"dateModified\":\"2026-04-03T12:29:53+00:00\",\"description\":\"Enveloppez-vous dans une couverture chaude de luxe r\u00e9confortant et euphorisant avec notre Carnation Absolute.\",\"breadcrumb\":{\"@id\":\"https:\/\/dutchhealthstore.com\/fr\/product\/carnation-absolute\/#breadcrumb\"},\"inLanguage\":\"fr-FR\",\"potentialAction\":[{\"@type\":\"ReadAction\",\"target\":[\"https:\/\/dutchhealthstore.com\/fr\/product\/carnation-absolute\/\"]}]},{\"@type\":\"ImageObject\",\"inLanguage\":\"fr-FR\",\"@id\":\"https:\/\/dutchhealthstore.com\/fr\/product\/carnation-absolute\/#primaryimage\",\"url\":\"https:\/\/dutchhealthstore.com\/wp-content\/uploads\/2020\/03\/2025-04-15-13_42_00-Carnation-Absolute-\u2013-Living-Libations-INT.jpg\",\"contentUrl\":\"https:\/\/dutchhealthstore.com\/wp-content\/uploads\/2020\/03\/2025-04-15-13_42_00-Carnation-Absolute-\u2013-Living-Libations-INT.jpg\",\"width\":530,\"height\":530},{\"@type\":\"BreadcrumbList\",\"@id\":\"https:\/\/dutchhealthstore.com\/fr\/product\/carnation-absolute\/#breadcrumb\",\"itemListElement\":[{\"@type\":\"ListItem\",\"position\":1,\"name\":\"Home\",\"item\":\"https:\/\/dutchhealthstore.com\/fr\/\"},{\"@type\":\"ListItem\",\"position\":2,\"name\":\"Shop\",\"item\":\"https:\/\/dutchhealthstore.com\/fr\/shop\/\"},{\"@type\":\"ListItem\",\"position\":3,\"name\":\"Carnation Absolute\"}]},{\"@type\":\"WebSite\",\"@id\":\"https:\/\/dutchhealthstore.com\/fr\/#website\",\"url\":\"https:\/\/dutchhealthstore.com\/fr\/\",\"name\":\"Dutch Health Store\",\"description\":\"Enhance Your Beauty with Organic &amp; Natural Skincare\",\"publisher\":{\"@id\":\"https:\/\/dutchhealthstore.com\/fr\/#organization\"},\"potentialAction\":[{\"@type\":\"SearchAction\",\"target\":{\"@type\":\"EntryPoint\",\"urlTemplate\":\"https:\/\/dutchhealthstore.com\/fr\/?s={search_term_string}\"},\"query-input\":{\"@type\":\"PropertyValueSpecification\",\"valueRequired\":true,\"valueName\":\"search_term_string\"}}],\"inLanguage\":\"fr-FR\"},{\"@type\":\"Organization\",\"@id\":\"https:\/\/dutchhealthstore.com\/fr\/#organization\",\"name\":\"Dutch Health Store\",\"url\":\"https:\/\/dutchhealthstore.com\/fr\/\",\"logo\":{\"@type\":\"ImageObject\",\"inLanguage\":\"fr-FR\",\"@id\":\"https:\/\/dutchhealthstore.com\/fr\/#\/schema\/logo\/image\/\",\"url\":\"https:\/\/dutchhealthstore.com\/wp-content\/uploads\/2020\/08\/logo-dutchhealthstore-jpg-e1599484957574.jpg\",\"contentUrl\":\"https:\/\/dutchhealthstore.com\/wp-content\/uploads\/2020\/08\/logo-dutchhealthstore-jpg-e1599484957574.jpg\",\"width\":400,\"height\":62,\"caption\":\"Dutch Health Store\"},\"image\":{\"@id\":\"https:\/\/dutchhealthstore.com\/fr\/#\/schema\/logo\/image\/\"},\"sameAs\":[\"https:\/\/www.instagram.com\/dutchhealthstore\/\",\"https:\/\/www.facebook.com\/dutchhealthstore\"]}]}<\/script>\n<meta property=\"product:brand\" content=\"Living Libations\" \/>\n<meta property=\"product:price:amount\" content=\"64.00\" \/>\n<meta property=\"product:price:currency\" content=\"EUR\" \/>\n<meta property=\"og:availability\" content=\"out of stock\" \/>\n<meta property=\"product:availability\" content=\"out of stock\" \/>\n<meta property=\"product:condition\" content=\"new\" \/>\n<!-- \/ Yoast SEO Premium plugin. -->","yoast_head_json":{"title":"Carnation Absolute | Living Libations","description":"Enveloppez-vous dans une couverture chaude de luxe r\u00e9confortant et euphorisant avec notre Carnation Absolute.","robots":{"index":"index","follow":"follow","max-snippet":"max-snippet:-1","max-image-preview":"max-image-preview:large","max-video-preview":"max-video-preview:-1"},"canonical":"https:\/\/dutchhealthstore.com\/fr\/product\/carnation-absolute\/","og_locale":"fr_FR","og_type":"article","og_title":"Carnation Absolute - Dutch Health Store","og_description":"Enveloppez-vous dans une couverture chaude de luxe r\u00e9confortant et euphorisant avec notre Carnation Absolute.","og_url":"https:\/\/dutchhealthstore.com\/fr\/product\/carnation-absolute\/","og_site_name":"Dutch Health Store","article_publisher":"https:\/\/www.instagram.com\/dutchhealthstore\/","article_modified_time":"2026-04-03T12:29:53+00:00","og_image":[{"width":500,"height":500,"url":"https:\/\/dutchhealthstore.com\/wp-content\/uploads\/2020\/03\/Carnation-Absolute-Living-Libations.jpg","type":"image\/jpeg"}],"twitter_card":"summary_large_image","twitter_misc":{"Prix":"&euro;64,00","Disponibilit\u00e9":"Rupture de stock"},"schema":{"@context":"https:\/\/schema.org","@graph":[{"@type":"WebPage","@id":"https:\/\/dutchhealthstore.com\/fr\/product\/carnation-absolute\/","url":"https:\/\/dutchhealthstore.com\/fr\/product\/carnation-absolute\/","name":"Carnation Absolute | Living Libations","isPartOf":{"@id":"https:\/\/dutchhealthstore.com\/fr\/#website"},"primaryImageOfPage":{"@id":"https:\/\/dutchhealthstore.com\/fr\/product\/carnation-absolute\/#primaryimage"},"image":{"@id":"https:\/\/dutchhealthstore.com\/fr\/product\/carnation-absolute\/#primaryimage"},"thumbnailUrl":"https:\/\/dutchhealthstore.com\/wp-content\/uploads\/2020\/03\/2025-04-15-13_42_00-Carnation-Absolute-\u2013-Living-Libations-INT.jpg","datePublished":"2020-03-13T17:25:47+00:00","dateModified":"2026-04-03T12:29:53+00:00","description":"Enveloppez-vous dans une couverture chaude de luxe r\u00e9confortant et euphorisant avec notre Carnation Absolute.","breadcrumb":{"@id":"https:\/\/dutchhealthstore.com\/fr\/product\/carnation-absolute\/#breadcrumb"},"inLanguage":"fr-FR","potentialAction":[{"@type":"ReadAction","target":["https:\/\/dutchhealthstore.com\/fr\/product\/carnation-absolute\/"]}]},{"@type":"ImageObject","inLanguage":"fr-FR","@id":"https:\/\/dutchhealthstore.com\/fr\/product\/carnation-absolute\/#primaryimage","url":"https:\/\/dutchhealthstore.com\/wp-content\/uploads\/2020\/03\/2025-04-15-13_42_00-Carnation-Absolute-\u2013-Living-Libations-INT.jpg","contentUrl":"https:\/\/dutchhealthstore.com\/wp-content\/uploads\/2020\/03\/2025-04-15-13_42_00-Carnation-Absolute-\u2013-Living-Libations-INT.jpg","width":530,"height":530},{"@type":"BreadcrumbList","@id":"https:\/\/dutchhealthstore.com\/fr\/product\/carnation-absolute\/#breadcrumb","itemListElement":[{"@type":"ListItem","position":1,"name":"Home","item":"https:\/\/dutchhealthstore.com\/fr\/"},{"@type":"ListItem","position":2,"name":"Shop","item":"https:\/\/dutchhealthstore.com\/fr\/shop\/"},{"@type":"ListItem","position":3,"name":"Carnation Absolute"}]},{"@type":"WebSite","@id":"https:\/\/dutchhealthstore.com\/fr\/#website","url":"https:\/\/dutchhealthstore.com\/fr\/","name":"Dutch Health Store","description":"Enhance Your Beauty with Organic &amp; Natural Skincare","publisher":{"@id":"https:\/\/dutchhealthstore.com\/fr\/#organization"},"potentialAction":[{"@type":"SearchAction","target":{"@type":"EntryPoint","urlTemplate":"https:\/\/dutchhealthstore.com\/fr\/?s={search_term_string}"},"query-input":{"@type":"PropertyValueSpecification","valueRequired":true,"valueName":"search_term_string"}}],"inLanguage":"fr-FR"},{"@type":"Organization","@id":"https:\/\/dutchhealthstore.com\/fr\/#organization","name":"Dutch Health Store","url":"https:\/\/dutchhealthstore.com\/fr\/","logo":{"@type":"ImageObject","inLanguage":"fr-FR","@id":"https:\/\/dutchhealthstore.com\/fr\/#\/schema\/logo\/image\/","url":"https:\/\/dutchhealthstore.com\/wp-content\/uploads\/2020\/08\/logo-dutchhealthstore-jpg-e1599484957574.jpg","contentUrl":"https:\/\/dutchhealthstore.com\/wp-content\/uploads\/2020\/08\/logo-dutchhealthstore-jpg-e1599484957574.jpg","width":400,"height":62,"caption":"Dutch Health Store"},"image":{"@id":"https:\/\/dutchhealthstore.com\/fr\/#\/schema\/logo\/image\/"},"sameAs":["https:\/\/www.instagram.com\/dutchhealthstore\/","https:\/\/www.facebook.com\/dutchhealthstore"]}]},"product_brand":"Living Libations","product_price_amount":"64.00","product_price_currency":"EUR","og_availability":"out of stock","product_availability":"out of stock","product_condition":"new"},"_links":{"self":[{"href":"https:\/\/dutchhealthstore.com\/fr\/wp-json\/wp\/v2\/product\/116694","targetHints":{"allow":["GET"]}}],"collection":[{"href":"https:\/\/dutchhealthstore.com\/fr\/wp-json\/wp\/v2\/product"}],"about":[{"href":"https:\/\/dutchhealthstore.com\/fr\/wp-json\/wp\/v2\/types\/product"}],"replies":[{"embeddable":true,"href":"https:\/\/dutchhealthstore.com\/fr\/wp-json\/wp\/v2\/comments?post=116694"}],"wp:featuredmedia":[{"embeddable":true,"href":"https:\/\/dutchhealthstore.com\/fr\/wp-json\/wp\/v2\/media\/337460"}],"wp:attachment":[{"href":"https:\/\/dutchhealthstore.com\/fr\/wp-json\/wp\/v2\/media?parent=116694"}],"wp:term":[{"taxonomy":"product_brand","embeddable":true,"href":"https:\/\/dutchhealthstore.com\/fr\/wp-json\/wp\/v2\/product_brand?post=116694"},{"taxonomy":"product_cat","embeddable":true,"href":"https:\/\/dutchhealthstore.com\/fr\/wp-json\/wp\/v2\/product_cat?post=116694"},{"taxonomy":"product_tag","embeddable":true,"href":"https:\/\/dutchhealthstore.com\/fr\/wp-json\/wp\/v2\/product_tag?post=116694"}],"curies":[{"name":"wp","href":"https:\/\/api.w.org\/{rel}","templated":true}]}}