{"id":116677,"date":"2018-02-10T20:47:27","date_gmt":"2018-02-10T19:47:27","guid":{"rendered":"https:\/\/dutchhealthstore.com\/product\/cardamom-essential-oil\/"},"modified":"2025-10-28T11:27:54","modified_gmt":"2025-10-28T10:27:54","slug":"cardamom-essential-oil","status":"publish","type":"product","link":"https:\/\/dutchhealthstore.com\/fr\/product\/cardamom-essential-oil\/","title":{"rendered":"Cardamom Essential Oil"},"content":{"rendered":"<p><img decoding=\"async\" class=\"alignright size-full wp-image-37041\" src=\"https:\/\/dutchhealthstore.com\/wp-content\/uploads\/2018\/04\/Living_Libations-1.png\" alt=\"Organic &amp; Natural Beautyproducts - Living Libations\" width=\"175\" height=\"82\"><\/p>\n<p><strong>Nom botanique:<\/strong> Elettaria cardamomum<br \/>\n<strong>Famille botanique:<\/strong> Zingiberaceae<br \/>\n<strong>M\u00e9thode d&rsquo;extraction:<\/strong> Distillation \u00e0 la vapeur<br \/>\n<strong>Partie de la plante distill\u00e9e:<\/strong> Fruit<br \/>\n<strong>Pays d&rsquo;origine:<\/strong> Costa Rica<br \/>\n<strong>M\u00e9thode de culture:<\/strong> Organique<br \/>\n<strong>Composition:<\/strong> 100% Elettaria cardamomum<br \/>\n<strong>Coh\u00e9rence:<\/strong> Mince<\/p>\n<h3>Analyses de produits<\/h3>\n<p>Veuillez cliquer sur le lien ci-dessous pour lire le certificat d&rsquo;analyse du produit.<\/p>\n<p><a href=\"https:\/\/dutchhealthstore.com\/wp-content\/uploads\/2019\/05\/ANALYSIS-Cardamom-Essential-Oil-Living-Libations.pdf\" rel=\"noopener\"><img decoding=\"async\" class=\"alignleft wp-image-56302 size-full\" src=\"https:\/\/dutchhealthstore.com\/wp-content\/uploads\/2019\/05\/logo-pdf-navi-organics.jpg\" alt=\"logo pdf navi organics\" width=\"100\" height=\"104\"><\/a><\/p>\n<h3><\/h3>\n<h3><\/h3>\n<h3><\/h3>\n<h3>Description de l&rsquo;odeur<\/h3>\n<p>Clarifiant, doux et \u00e9pic\u00e9 avec un soup\u00e7on d&rsquo;eucalyptus vert.<\/p>\n<h3>Dans Living Libations<\/h3>\n<p>Love Wine, Zest the Best, s\u00e9rum dentaire Yogi<\/p>\n<h3>Se marie bien avec<\/h3>\n<p>Cannelle, Clou de girofle, Thym, Ylang, Rose Otto, Encens et Orange.<\/p>\n<h3>Utilisations<\/h3>\n<p>Une huile culinaire d\u00e9licieuse, une goutte ou deux de cardamome suffisent \u00e0 \u00e9picer vos plats pr\u00e9f\u00e9r\u00e9s et vos philtres d&rsquo;amour d&rsquo;une douceur exotique. Ajoutez \u00e0 un m\u00e9lange de massage pour vous d\u00e9tendre, lib\u00e9rer l&rsquo;esprit et la peau. Ajoute une note masculine verte et exotique aux eaux de Cologne et aux parfums amoureux. Diffusez pour insuffler aux environnements une clart\u00e9 accueillante. Une pinc\u00e9e dans un bain pour vivifier.<\/p>\n<p>L&rsquo;\u00e9nergie v\u00e9g\u00e9tale de notre <strong> Cardamom Essential Oil<\/strong> s&rsquo;appuie sur une utilisation mill\u00e9naire. Mentionn\u00e9e sur des tablettes d&rsquo;argile de Sum\u00e9rie, appr\u00e9ci\u00e9e par les Grecs et les Romains de l&rsquo;Antiquit\u00e9 comme un parfum agr\u00e9able, l&rsquo;huile de cardamome est \u00e9galement porteuse d&rsquo;une \u00e9nergie charg\u00e9e et clarifiante. Les \u00c9gyptiens de l&rsquo;Antiquit\u00e9 utilisaient la cardamome pour se rafra\u00eechir la bouche, tandis que les Vikings utilisaient cette \u00e9pice parfum\u00e9e dans leur cuisine et dans la fabrication du vin.<\/p>\n<p>Notre Cardamom Essential Oil est distill\u00e9e au Costa Rica, o\u00f9 l&rsquo;\u00e9pice pousse en gousses vertes parfum\u00e9es. La cardamome est l&rsquo;une des \u00e9pices les plus classiques et les plus recherch\u00e9es au monde. Appr\u00e9ci\u00e9 dans le chai et en Arabie saoudite, le caf\u00e9 \u00e0 la cardamome est la boisson la plus populaire de tout le pays, l&rsquo;\u00e9pice \u00e9tant l&rsquo;ingr\u00e9dient cl\u00e9 de ce que l&rsquo;on appelle aujourd&rsquo;hui le caf\u00e9 arabe.<\/p>\n<p>Les anciennes \u00e9critures brahmaniques indiennes mentionnaient la cardamome pour les d\u00e9s\u00e9quilibres, y compris la mauvaise haleine. De nombreux Indiens modernes m\u00e2chent encore de la cardamome envelopp\u00e9e dans des feuilles de noix de b\u00e9tel pour favoriser la digestion et rafra\u00eechir l&rsquo;haleine apr\u00e8s un repas. Avec son ar\u00f4me revigorant et stimulant, il fait fondre les muscles et les esprits tout en remontant le moral.<\/p>\n<p>Les cosses des graines de cardamome sont comme des diamants verts d&rsquo;une force r\u00e9siliente qui est charismatique en tant que parfum ou appr\u00e9ci\u00e9e dans une goutte de miel. Ces pierres pr\u00e9cieuses douces et \u00e9pic\u00e9es inspirent par leur ar\u00f4me exotique, \u00e9mettant un appel au clairon qui soutient l&rsquo;action accord\u00e9e \u00e0 la fr\u00e9quence de la clart\u00e9.<\/p>\n<h3>Ingr\u00e9dients Biologiques<\/h3>\n<p>100% huile essentielle de cardamome (Elettaria cardamomum).<\/p>\n<p style=\"text-align: center;\"><em>\u00ab\u00a0La cardamome est plus agr\u00e9able de saveur et d&rsquo;odeur avec une petite amertume.\u00a0\u00bb<\/em><br \/>\n\u223c Galen, <strong>Seventh Book of Simples, circa 15th century<\/strong><\/p>\n<p style=\"text-align: center;\"><em>\u00ab\u00a0Quand l&rsquo;hiver nous a install\u00e9s, nous respirons le vinaigre et la cardamome, et consid\u00e9rons la valeur de la pluie.\u00a0\u00bb<\/em><br \/>\n\u223c Liz Lefroy<\/p>\n<p style=\"text-align: center;\"><em>\u00ab\u00a0A l&rsquo;\u00e9poque, la soci\u00e9t\u00e9 sum\u00e9rienne \u00e9tait bas\u00e9e sur des principes matriarcaux&#8230;<br \/>\nL&rsquo;Asu [female herbalists] utilisait probablement des essences de plantes distill\u00e9es &#8211; nous pouvons le sugg\u00e9rer car<br \/>\nun r\u00e9cipient de distillation en argile datant de 5500 avant J.-C. a \u00e9t\u00e9 trouv\u00e9 sur un site fun\u00e9raire sum\u00e9rien, \u00e0 partir duquel nous pouvons commencer<br \/>\npour voir comment des aromates comme la cardamome, par l&rsquo;interm\u00e9diaire des Sum\u00e9riens, ont \u00e9t\u00e9 utilis\u00e9s par toutes les autres cultures qu&rsquo;ils ont influenc\u00e9es.\u00a0\u00bb<\/em><br \/>\n\u223c Jennifer Peace Rhind, <strong>Fragrance and Wellbeing<\/strong><\/p>\n<p><img fetchpriority=\"high\" decoding=\"async\" class=\"aligncenter size-full wp-image-31577\" src=\"https:\/\/dutchhealthstore.com\/wp-content\/uploads\/2018\/03\/organic_big.png\" alt=\"Organic and Natural - Living Libations\" width=\"623\" height=\"103\" srcset=\"https:\/\/dutchhealthstore.com\/wp-content\/uploads\/2018\/03\/organic_big.png 623w, https:\/\/dutchhealthstore.com\/wp-content\/uploads\/2018\/03\/organic_big-510x84.png 510w, https:\/\/dutchhealthstore.com\/wp-content\/uploads\/2018\/03\/organic_big-600x99.png 600w, https:\/\/dutchhealthstore.com\/wp-content\/uploads\/2018\/03\/organic_big-350x58.png 350w\" sizes=\"(max-width: 623px) 100vw, 623px\" \/><\/p>\n","protected":false},"excerpt":{"rendered":"<p>Living Libations captivante <strong>Cardamome huile Essentielle<\/strong> porte en elle les mythes mystiques des anciens Egyptiens, la sagesse des anciens Grecs, et la force des anciens Vikings! L&rsquo;essence de cardamome \u00e9tait connue comme le \u00ab\u00a0feu de V\u00e9nus\u00a0\u00bb et se trouvait dans de nombreux philtres d&rsquo;amour. Il aide \u00e0 d\u00e9tendre les esprits, \u00e0 \u00e9largir la r\u00e9ceptivit\u00e9 et \u00e0 rafra\u00eechir l&rsquo;haleine. Profitez de la chaleur \u00e9pic\u00e9e de cette essence revitalisante, qui vous apaisera et vous inspirera simultan\u00e9ment.<\/p>\n","protected":false},"featured_media":58698,"comment_status":"open","ping_status":"closed","template":"","meta":[],"product_brand":[],"product_cat":[1507,6734,1211,1209,3757,1010,6733],"product_tag":[4495],"class_list":{"0":"post-116677","1":"product","2":"type-product","3":"status-publish","4":"has-post-thumbnail","6":"product_cat-plantes-huiles-essentielles-living-libations","7":"product_cat-essential-oils","8":"product_cat-living-libations-france","9":"product_cat-par-marques","10":"product_cat-plantes-huiles-essentielles","11":"product_cat-notre-boutique","12":"product_cat-wellness-fr-2","13":"product_tag-essential-oil-fr","14":"pa_brand-livinglibations-fr","15":"pa_essential-oils-product-type-essential-oils-fr","16":"pa_size-15-ml-fr","17":"pa_size-30-ml-fr","18":"pa_size-5-ml-fr","20":"first","21":"instock","22":"taxable","23":"shipping-taxable","24":"purchasable","25":"product-type-variable"},"bundled_by":[],"bundle_stock_status":"instock","bundle_stock_quantity":null,"bundle_virtual":false,"bundle_layout":"","bundle_add_to_cart_form_location":"","bundle_editable_in_cart":false,"bundle_sold_individually_context":"","bundle_item_grouping":"","bundle_min_size":"","bundle_max_size":"","bundle_price":[],"bundled_items":[],"bundle_sell_ids":[],"atum_controlled":true,"out_stock_date":null,"out_stock_threshold":null,"inheritable":true,"stock_on_hold":0,"sold_today":0,"sales_last_days":0,"out_stock_days":0,"lost_sales":0,"update_date":"2026-04-15T00:03:40","atum_locations":[],"atum_stock_status":"instock","restock_status":false,"low_stock_amount":"","sales_update_date":"2026-04-15T00:03:40","calc_backorders":null,"group_of_quantity":0,"min_quantity":0,"max_quantity":"","exclude_order_quantity_value_rules":"no","exclude_category_quantity_rules":"no","combine_variations":"no","yoast_head":"<!-- This site is optimized with the Yoast SEO Premium plugin v26.5 (Yoast SEO v26.5) - https:\/\/yoast.com\/wordpress\/plugins\/seo\/ -->\n<title>Cardamom Essential Oil | Organic &amp; Natural | Living Libations<\/title>\n<meta name=\"description\" content=\"Living Libations captivating Cardamom Essential Oil porte en elle les mythes mystiques des anciens Egyptiens, la sagesse des anciens Grecs, et la force des anciens Vikings!\" \/>\n<meta name=\"robots\" content=\"index, follow, max-snippet:-1, max-image-preview:large, max-video-preview:-1\" \/>\n<link rel=\"canonical\" href=\"https:\/\/dutchhealthstore.com\/fr\/product\/cardamom-essential-oil\/\" \/>\n<meta property=\"og:locale\" content=\"fr_FR\" \/>\n<meta property=\"og:type\" content=\"article\" \/>\n<meta property=\"og:title\" content=\"Cardamom Essential Oil - Dutch Health Store\" \/>\n<meta property=\"og:description\" content=\"Living Libations captivating Cardamom Essential Oil porte en elle les mythes mystiques des anciens Egyptiens, la sagesse des anciens Grecs, et la force des anciens Vikings!\" \/>\n<meta property=\"og:url\" content=\"https:\/\/dutchhealthstore.com\/fr\/product\/cardamom-essential-oil\/\" \/>\n<meta property=\"og:site_name\" content=\"Dutch Health Store\" \/>\n<meta property=\"article:publisher\" content=\"https:\/\/www.instagram.com\/dutchhealthstore\/\" \/>\n<meta property=\"article:modified_time\" content=\"2025-10-28T10:27:54+00:00\" \/>\n<meta property=\"og:image\" content=\"https:\/\/dutchhealthstore.com\/wp-content\/uploads\/2018\/02\/Cardamom-Essential-Oil-Living-Libations.jpg\" \/>\n\t<meta property=\"og:image:width\" content=\"1200\" \/>\n\t<meta property=\"og:image:height\" content=\"1200\" \/>\n\t<meta property=\"og:image:type\" content=\"image\/jpeg\" \/>\n<meta name=\"twitter:card\" content=\"summary_large_image\" \/>\n<meta name=\"twitter:label1\" content=\"Disponibilit\u00e9\" \/>\n\t<meta name=\"twitter:data1\" content=\"En stock\" \/>\n<script type=\"application\/ld+json\" class=\"yoast-schema-graph\">{\"@context\":\"https:\/\/schema.org\",\"@graph\":[{\"@type\":\"WebPage\",\"@id\":\"https:\/\/dutchhealthstore.com\/fr\/product\/cardamom-essential-oil\/\",\"url\":\"https:\/\/dutchhealthstore.com\/fr\/product\/cardamom-essential-oil\/\",\"name\":\"Cardamom Essential Oil | Organic & Natural | Living Libations\",\"isPartOf\":{\"@id\":\"https:\/\/dutchhealthstore.com\/fr\/#website\"},\"primaryImageOfPage\":{\"@id\":\"https:\/\/dutchhealthstore.com\/fr\/product\/cardamom-essential-oil\/#primaryimage\"},\"image\":{\"@id\":\"https:\/\/dutchhealthstore.com\/fr\/product\/cardamom-essential-oil\/#primaryimage\"},\"thumbnailUrl\":\"https:\/\/dutchhealthstore.com\/wp-content\/uploads\/2018\/02\/Cardamom-Essential-Oil-Living-Libations.jpg\",\"datePublished\":\"2018-02-10T19:47:27+00:00\",\"dateModified\":\"2025-10-28T10:27:54+00:00\",\"description\":\"Living Libations captivating Cardamom Essential Oil porte en elle les mythes mystiques des anciens Egyptiens, la sagesse des anciens Grecs, et la force des anciens Vikings!\",\"breadcrumb\":{\"@id\":\"https:\/\/dutchhealthstore.com\/fr\/product\/cardamom-essential-oil\/#breadcrumb\"},\"inLanguage\":\"fr-FR\",\"potentialAction\":[{\"@type\":\"ReadAction\",\"target\":[\"https:\/\/dutchhealthstore.com\/fr\/product\/cardamom-essential-oil\/\"]}]},{\"@type\":\"ImageObject\",\"inLanguage\":\"fr-FR\",\"@id\":\"https:\/\/dutchhealthstore.com\/fr\/product\/cardamom-essential-oil\/#primaryimage\",\"url\":\"https:\/\/dutchhealthstore.com\/wp-content\/uploads\/2018\/02\/Cardamom-Essential-Oil-Living-Libations.jpg\",\"contentUrl\":\"https:\/\/dutchhealthstore.com\/wp-content\/uploads\/2018\/02\/Cardamom-Essential-Oil-Living-Libations.jpg\",\"width\":1200,\"height\":1200,\"caption\":\"Cardamom Essential Oil - Living Libations\"},{\"@type\":\"BreadcrumbList\",\"@id\":\"https:\/\/dutchhealthstore.com\/fr\/product\/cardamom-essential-oil\/#breadcrumb\",\"itemListElement\":[{\"@type\":\"ListItem\",\"position\":1,\"name\":\"Home\",\"item\":\"https:\/\/dutchhealthstore.com\/fr\/\"},{\"@type\":\"ListItem\",\"position\":2,\"name\":\"Shop\",\"item\":\"https:\/\/dutchhealthstore.com\/fr\/shop\/\"},{\"@type\":\"ListItem\",\"position\":3,\"name\":\"Cardamom Essential Oil\"}]},{\"@type\":\"WebSite\",\"@id\":\"https:\/\/dutchhealthstore.com\/fr\/#website\",\"url\":\"https:\/\/dutchhealthstore.com\/fr\/\",\"name\":\"Dutch Health Store\",\"description\":\"Enhance Your Beauty with Organic &amp; Natural Skincare\",\"publisher\":{\"@id\":\"https:\/\/dutchhealthstore.com\/fr\/#organization\"},\"potentialAction\":[{\"@type\":\"SearchAction\",\"target\":{\"@type\":\"EntryPoint\",\"urlTemplate\":\"https:\/\/dutchhealthstore.com\/fr\/?s={search_term_string}\"},\"query-input\":{\"@type\":\"PropertyValueSpecification\",\"valueRequired\":true,\"valueName\":\"search_term_string\"}}],\"inLanguage\":\"fr-FR\"},{\"@type\":\"Organization\",\"@id\":\"https:\/\/dutchhealthstore.com\/fr\/#organization\",\"name\":\"Dutch Health Store\",\"url\":\"https:\/\/dutchhealthstore.com\/fr\/\",\"logo\":{\"@type\":\"ImageObject\",\"inLanguage\":\"fr-FR\",\"@id\":\"https:\/\/dutchhealthstore.com\/fr\/#\/schema\/logo\/image\/\",\"url\":\"https:\/\/dutchhealthstore.com\/wp-content\/uploads\/2020\/08\/logo-dutchhealthstore-jpg-e1599484957574.jpg\",\"contentUrl\":\"https:\/\/dutchhealthstore.com\/wp-content\/uploads\/2020\/08\/logo-dutchhealthstore-jpg-e1599484957574.jpg\",\"width\":400,\"height\":62,\"caption\":\"Dutch Health Store\"},\"image\":{\"@id\":\"https:\/\/dutchhealthstore.com\/fr\/#\/schema\/logo\/image\/\"},\"sameAs\":[\"https:\/\/www.instagram.com\/dutchhealthstore\/\",\"https:\/\/www.facebook.com\/dutchhealthstore\"]}]}<\/script>\n<meta property=\"product:brand\" content=\"Living Libations\" \/>\n<meta property=\"og:availability\" content=\"instock\" \/>\n<meta property=\"product:availability\" content=\"instock\" \/>\n<meta property=\"product:condition\" content=\"new\" \/>\n<!-- \/ Yoast SEO Premium plugin. -->","yoast_head_json":{"title":"Cardamom Essential Oil | Organic & Natural | Living Libations","description":"Living Libations captivating Cardamom Essential Oil porte en elle les mythes mystiques des anciens Egyptiens, la sagesse des anciens Grecs, et la force des anciens Vikings!","robots":{"index":"index","follow":"follow","max-snippet":"max-snippet:-1","max-image-preview":"max-image-preview:large","max-video-preview":"max-video-preview:-1"},"canonical":"https:\/\/dutchhealthstore.com\/fr\/product\/cardamom-essential-oil\/","og_locale":"fr_FR","og_type":"article","og_title":"Cardamom Essential Oil - Dutch Health Store","og_description":"Living Libations captivating Cardamom Essential Oil porte en elle les mythes mystiques des anciens Egyptiens, la sagesse des anciens Grecs, et la force des anciens Vikings!","og_url":"https:\/\/dutchhealthstore.com\/fr\/product\/cardamom-essential-oil\/","og_site_name":"Dutch Health Store","article_publisher":"https:\/\/www.instagram.com\/dutchhealthstore\/","article_modified_time":"2025-10-28T10:27:54+00:00","og_image":[{"width":1200,"height":1200,"url":"https:\/\/dutchhealthstore.com\/wp-content\/uploads\/2018\/02\/Cardamom-Essential-Oil-Living-Libations.jpg","type":"image\/jpeg"}],"twitter_card":"summary_large_image","twitter_misc":{"Disponibilit\u00e9":"En stock"},"schema":{"@context":"https:\/\/schema.org","@graph":[{"@type":"WebPage","@id":"https:\/\/dutchhealthstore.com\/fr\/product\/cardamom-essential-oil\/","url":"https:\/\/dutchhealthstore.com\/fr\/product\/cardamom-essential-oil\/","name":"Cardamom Essential Oil | Organic & Natural | Living Libations","isPartOf":{"@id":"https:\/\/dutchhealthstore.com\/fr\/#website"},"primaryImageOfPage":{"@id":"https:\/\/dutchhealthstore.com\/fr\/product\/cardamom-essential-oil\/#primaryimage"},"image":{"@id":"https:\/\/dutchhealthstore.com\/fr\/product\/cardamom-essential-oil\/#primaryimage"},"thumbnailUrl":"https:\/\/dutchhealthstore.com\/wp-content\/uploads\/2018\/02\/Cardamom-Essential-Oil-Living-Libations.jpg","datePublished":"2018-02-10T19:47:27+00:00","dateModified":"2025-10-28T10:27:54+00:00","description":"Living Libations captivating Cardamom Essential Oil porte en elle les mythes mystiques des anciens Egyptiens, la sagesse des anciens Grecs, et la force des anciens Vikings!","breadcrumb":{"@id":"https:\/\/dutchhealthstore.com\/fr\/product\/cardamom-essential-oil\/#breadcrumb"},"inLanguage":"fr-FR","potentialAction":[{"@type":"ReadAction","target":["https:\/\/dutchhealthstore.com\/fr\/product\/cardamom-essential-oil\/"]}]},{"@type":"ImageObject","inLanguage":"fr-FR","@id":"https:\/\/dutchhealthstore.com\/fr\/product\/cardamom-essential-oil\/#primaryimage","url":"https:\/\/dutchhealthstore.com\/wp-content\/uploads\/2018\/02\/Cardamom-Essential-Oil-Living-Libations.jpg","contentUrl":"https:\/\/dutchhealthstore.com\/wp-content\/uploads\/2018\/02\/Cardamom-Essential-Oil-Living-Libations.jpg","width":1200,"height":1200,"caption":"Cardamom Essential Oil - Living Libations"},{"@type":"BreadcrumbList","@id":"https:\/\/dutchhealthstore.com\/fr\/product\/cardamom-essential-oil\/#breadcrumb","itemListElement":[{"@type":"ListItem","position":1,"name":"Home","item":"https:\/\/dutchhealthstore.com\/fr\/"},{"@type":"ListItem","position":2,"name":"Shop","item":"https:\/\/dutchhealthstore.com\/fr\/shop\/"},{"@type":"ListItem","position":3,"name":"Cardamom Essential Oil"}]},{"@type":"WebSite","@id":"https:\/\/dutchhealthstore.com\/fr\/#website","url":"https:\/\/dutchhealthstore.com\/fr\/","name":"Dutch Health Store","description":"Enhance Your Beauty with Organic &amp; Natural Skincare","publisher":{"@id":"https:\/\/dutchhealthstore.com\/fr\/#organization"},"potentialAction":[{"@type":"SearchAction","target":{"@type":"EntryPoint","urlTemplate":"https:\/\/dutchhealthstore.com\/fr\/?s={search_term_string}"},"query-input":{"@type":"PropertyValueSpecification","valueRequired":true,"valueName":"search_term_string"}}],"inLanguage":"fr-FR"},{"@type":"Organization","@id":"https:\/\/dutchhealthstore.com\/fr\/#organization","name":"Dutch Health Store","url":"https:\/\/dutchhealthstore.com\/fr\/","logo":{"@type":"ImageObject","inLanguage":"fr-FR","@id":"https:\/\/dutchhealthstore.com\/fr\/#\/schema\/logo\/image\/","url":"https:\/\/dutchhealthstore.com\/wp-content\/uploads\/2020\/08\/logo-dutchhealthstore-jpg-e1599484957574.jpg","contentUrl":"https:\/\/dutchhealthstore.com\/wp-content\/uploads\/2020\/08\/logo-dutchhealthstore-jpg-e1599484957574.jpg","width":400,"height":62,"caption":"Dutch Health Store"},"image":{"@id":"https:\/\/dutchhealthstore.com\/fr\/#\/schema\/logo\/image\/"},"sameAs":["https:\/\/www.instagram.com\/dutchhealthstore\/","https:\/\/www.facebook.com\/dutchhealthstore"]}]},"product_brand":"Living Libations","og_availability":"instock","product_availability":"instock","product_condition":"new"},"_links":{"self":[{"href":"https:\/\/dutchhealthstore.com\/fr\/wp-json\/wp\/v2\/product\/116677","targetHints":{"allow":["GET"]}}],"collection":[{"href":"https:\/\/dutchhealthstore.com\/fr\/wp-json\/wp\/v2\/product"}],"about":[{"href":"https:\/\/dutchhealthstore.com\/fr\/wp-json\/wp\/v2\/types\/product"}],"replies":[{"embeddable":true,"href":"https:\/\/dutchhealthstore.com\/fr\/wp-json\/wp\/v2\/comments?post=116677"}],"wp:featuredmedia":[{"embeddable":true,"href":"https:\/\/dutchhealthstore.com\/fr\/wp-json\/wp\/v2\/media\/58698"}],"wp:attachment":[{"href":"https:\/\/dutchhealthstore.com\/fr\/wp-json\/wp\/v2\/media?parent=116677"}],"wp:term":[{"taxonomy":"product_brand","embeddable":true,"href":"https:\/\/dutchhealthstore.com\/fr\/wp-json\/wp\/v2\/product_brand?post=116677"},{"taxonomy":"product_cat","embeddable":true,"href":"https:\/\/dutchhealthstore.com\/fr\/wp-json\/wp\/v2\/product_cat?post=116677"},{"taxonomy":"product_tag","embeddable":true,"href":"https:\/\/dutchhealthstore.com\/fr\/wp-json\/wp\/v2\/product_tag?post=116677"}],"curies":[{"name":"wp","href":"https:\/\/api.w.org\/{rel}","templated":true}]}}