{"id":116647,"date":"2020-06-11T12:47:28","date_gmt":"2020-06-11T10:47:28","guid":{"rendered":"https:\/\/dutchhealthstore.com\/product\/carrot-seed-essential-oil\/"},"modified":"2025-01-16T15:53:38","modified_gmt":"2025-01-16T14:53:38","slug":"carrot-seed-essential-oil","status":"publish","type":"product","link":"https:\/\/dutchhealthstore.com\/fr\/product\/carrot-seed-essential-oil\/","title":{"rendered":"Carrot Seed Essential Oil"},"content":{"rendered":"<p><img decoding=\"async\" class=\"size-full wp-image-69549 alignright\" src=\"https:\/\/dutchhealthstore.com\/wp-content\/uploads\/2019\/08\/NEW-Living-Libations-Logo.jpg\" alt=\"NEW - Living Libations - Logo\" width=\"175\" height=\"82\"><strong>Nom botanique:<\/strong> Daucus carota<br \/>\n<strong>Famille botanique:<\/strong> Umbelliferae<br \/>\n<strong>M\u00e9thode d&rsquo;extraction:<\/strong> CO2<br \/>\n<strong>Partie de la plante distill\u00e9e:<\/strong> Graine<br \/>\n<strong>Pays d&rsquo;origine:<\/strong> Pays-Bas<br \/>\n<strong>M\u00e9thode de culture:<\/strong> Organique<br \/>\n<strong>Composition:<\/strong> 100% Daucus carota<br \/>\n<strong>Consistance:<\/strong> L\u00e9g\u00e8rement plus \u00e9paisse que fine mais pas tout \u00e0 fait de viscosit\u00e9 moyenne.<\/p>\n<h3>Description de l&rsquo;odeur<\/h3>\n<p>Bois\u00e9, herbac\u00e9 et l\u00e9g\u00e8rement sucr\u00e9.<\/p>\n<h3>Dans Living Libations<\/h3>\n<p>Chocolate Karat Serum, Everybody Loves the Sunshine, Everybody Loves the Sunshine with Zinc, Zest the Best, et Hooray Hand Cr\u00e8me.<\/p>\n<h3>Se marie bien avec<\/h3>\n<p>Pamplemousse, cannelle, clou de girofle, cardamome, encens, palmarosa, rose, lavande, immortelle, romarin, niaouli, myrrhe, ciste et g\u00e9ranium.<\/p>\n<h3>Utilisations<\/h3>\n<p>Tonique. Nettoyant. \u00c9quilibre les peaux grasses et s\u00e8ches. Supr\u00eame pour les s\u00e9rums pour la peau. Lisse, adoucit et stabilise la peau. Bannit l&rsquo;apparition d&rsquo;imperfections. Une seule goutte suffira!<\/p>\n<p style=\"text-align: left;\">Cette huile carotte de la Reine Anne est distill\u00e9e \u00e0 partir des douces fleurs sauvages qui ornent les prairies des Pays-Bas. L&rsquo;essence de graines de carotte est traditionnellement utilis\u00e9e pour rajeunir la peau car elle lui redonne \u00e9lasticit\u00e9 et r\u00e9silience. Utilisez Carrot Seed sur la peau avec une huile de support ou en combinaison avec d&rsquo;autres huiles essentielles comme la rose otto, l&rsquo;immortelle et l&rsquo;encens. Ce m\u00e9lange saisissant est utilis\u00e9 pour \u00e9quilibrer et am\u00e9liorer tous les types de peau. La graine de carotte est une excellente essence pour les massages faciaux et constitue \u00e9galement une belle note centrale dans les parfums.<\/p>\n<p><strong>Taille: 5 ml, 15 ml, 30 ml et 100 ml<\/strong><\/p>\n<h3>Ingr\u00e9dients biologiques<\/h3>\n<p>100% huile essentielle de graines de carotte (Daucus carota).<\/p>\n<p style=\"text-align: center;\"><em>\u00ab\u00a0La graine de carotte&#8230; est populaire en tant qu&rsquo;article de soin de la peau, o\u00f9 elle affiche un effet revitalisant distinct sur les peaux souffrant d&rsquo;un manque de tonus&#8230; elle revitalise les peaux s\u00e8ches et blafardes.\u00a0\u00bb<\/em><br \/>\n~ Kurt Schnaubelt, <strong>Advanced Aromatherapy<\/strong><\/p>\n<p><img fetchpriority=\"high\" decoding=\"async\" class=\"size-medium wp-image-68103 aligncenter\" src=\"https:\/\/dutchhealthstore.com\/wp-content\/uploads\/2018\/02\/Living-Libations-Organic-Logo-800x89.png\" alt=\"Living Libations - Organic Logo\" width=\"800\" height=\"89\" srcset=\"https:\/\/dutchhealthstore.com\/wp-content\/uploads\/2018\/02\/Living-Libations-Organic-Logo-800x89.png 800w, https:\/\/dutchhealthstore.com\/wp-content\/uploads\/2018\/02\/Living-Libations-Organic-Logo-510x57.png 510w, https:\/\/dutchhealthstore.com\/wp-content\/uploads\/2018\/02\/Living-Libations-Organic-Logo-768x85.png 768w, https:\/\/dutchhealthstore.com\/wp-content\/uploads\/2018\/02\/Living-Libations-Organic-Logo.png 1400w\" sizes=\"(max-width: 800px) 100vw, 800px\" \/><\/p>\n<p>&nbsp;<\/p>\n","protected":false},"excerpt":{"rendered":"<p>La dentelle de la reine Anne illumine la peau et le visage! Living Libations <strong>Carrot Seed Essential Oil<\/strong> a \u00e9t\u00e9 traditionnellement utilis\u00e9e pour rajeunir la peau. Avec un ar\u00f4me bois\u00e9 l\u00e9g\u00e8rement sucr\u00e9 et inspirant, notre Carrot Seed oil est distill\u00e9e \u00e0 partir des graines de plantes Daucus carota biologiques des Pays-Bas. Cette huile opulente pour le soin de la peau \u00e9quilibre gracieusement les teints gras et secs.<\/p>\n","protected":false},"featured_media":151482,"comment_status":"open","ping_status":"closed","template":"","meta":[],"product_brand":[],"product_cat":[6734,1507,1211,1209,3757,6733],"product_tag":[4495],"class_list":{"0":"post-116647","1":"product","2":"type-product","3":"status-publish","4":"has-post-thumbnail","6":"product_cat-essential-oils","7":"product_cat-plantes-huiles-essentielles-living-libations","8":"product_cat-living-libations-france","9":"product_cat-par-marques","10":"product_cat-plantes-huiles-essentielles","11":"product_cat-wellness-fr-2","12":"product_tag-essential-oil-fr","13":"pa_brand-livinglibations-fr","14":"pa_essential-oils-product-type-essential-oils-fr","15":"pa_size-5-ml-fr","16":"pa_size-15-ml-fr","17":"pa_size-30-ml-fr","18":"pa_size-100-ml-fr","20":"first","21":"instock","22":"taxable","23":"shipping-taxable","24":"purchasable","25":"product-type-variable"},"bundled_by":[],"bundle_stock_status":"instock","bundle_stock_quantity":null,"bundle_virtual":false,"bundle_layout":"","bundle_add_to_cart_form_location":"","bundle_editable_in_cart":false,"bundle_sold_individually_context":"","bundle_item_grouping":"","bundle_min_size":"","bundle_max_size":"","bundle_price":[],"bundled_items":[],"bundle_sell_ids":[],"atum_controlled":true,"out_stock_date":null,"out_stock_threshold":null,"inheritable":true,"stock_on_hold":1,"sold_today":0,"sales_last_days":0,"out_stock_days":0,"lost_sales":0,"update_date":"2026-04-07T06:57:36","atum_locations":[],"atum_stock_status":"instock","restock_status":false,"low_stock_amount":"","sales_update_date":"2026-04-07T06:57:36","calc_backorders":null,"group_of_quantity":0,"min_quantity":0,"max_quantity":"","exclude_order_quantity_value_rules":"no","exclude_category_quantity_rules":"no","combine_variations":"no","yoast_head":"<!-- This site is optimized with the Yoast SEO Premium plugin v26.5 (Yoast SEO v26.5) - https:\/\/yoast.com\/wordpress\/plugins\/seo\/ -->\n<title>Carrot Seed Essential Oil | Living Libations<\/title>\n<meta name=\"description\" content=\"Avec un ar\u00f4me bois\u00e9 l\u00e9g\u00e8rement sucr\u00e9 et inspirant, notre Carrot Seed oil est distill\u00e9e \u00e0 partir des graines de plantes Daucus carota biologiques des Pays-Bas.\" \/>\n<meta name=\"robots\" content=\"index, follow, max-snippet:-1, max-image-preview:large, max-video-preview:-1\" \/>\n<link rel=\"canonical\" href=\"https:\/\/dutchhealthstore.com\/fr\/product\/carrot-seed-essential-oil\/\" \/>\n<meta property=\"og:locale\" content=\"fr_FR\" \/>\n<meta property=\"og:type\" content=\"article\" \/>\n<meta property=\"og:title\" content=\"Carrot Seed Essential Oil - Dutch Health Store\" \/>\n<meta property=\"og:description\" content=\"Avec un ar\u00f4me bois\u00e9 l\u00e9g\u00e8rement sucr\u00e9 et inspirant, notre Carrot Seed oil est distill\u00e9e \u00e0 partir des graines de plantes Daucus carota biologiques des Pays-Bas.\" \/>\n<meta property=\"og:url\" content=\"https:\/\/dutchhealthstore.com\/fr\/product\/carrot-seed-essential-oil\/\" \/>\n<meta property=\"og:site_name\" content=\"Dutch Health Store\" \/>\n<meta property=\"article:publisher\" content=\"https:\/\/www.instagram.com\/dutchhealthstore\/\" \/>\n<meta property=\"article:modified_time\" content=\"2025-01-16T14:53:38+00:00\" \/>\n<meta property=\"og:image\" content=\"https:\/\/dutchhealthstore.com\/wp-content\/uploads\/2020\/06\/carrot-seed-eo-living-libations.jpg\" \/>\n\t<meta property=\"og:image:width\" content=\"500\" \/>\n\t<meta property=\"og:image:height\" content=\"500\" \/>\n\t<meta property=\"og:image:type\" content=\"image\/jpeg\" \/>\n<meta name=\"twitter:card\" content=\"summary_large_image\" \/>\n<meta name=\"twitter:label1\" content=\"Disponibilit\u00e9\" \/>\n\t<meta name=\"twitter:data1\" content=\"En stock\" \/>\n<script type=\"application\/ld+json\" class=\"yoast-schema-graph\">{\"@context\":\"https:\/\/schema.org\",\"@graph\":[{\"@type\":\"WebPage\",\"@id\":\"https:\/\/dutchhealthstore.com\/fr\/product\/carrot-seed-essential-oil\/\",\"url\":\"https:\/\/dutchhealthstore.com\/fr\/product\/carrot-seed-essential-oil\/\",\"name\":\"Carrot Seed Essential Oil | Living Libations\",\"isPartOf\":{\"@id\":\"https:\/\/dutchhealthstore.com\/fr\/#website\"},\"primaryImageOfPage\":{\"@id\":\"https:\/\/dutchhealthstore.com\/fr\/product\/carrot-seed-essential-oil\/#primaryimage\"},\"image\":{\"@id\":\"https:\/\/dutchhealthstore.com\/fr\/product\/carrot-seed-essential-oil\/#primaryimage\"},\"thumbnailUrl\":\"https:\/\/dutchhealthstore.com\/wp-content\/uploads\/2020\/06\/carrot-seed-eo-living-libations.jpg\",\"datePublished\":\"2020-06-11T10:47:28+00:00\",\"dateModified\":\"2025-01-16T14:53:38+00:00\",\"description\":\"Avec un ar\u00f4me bois\u00e9 l\u00e9g\u00e8rement sucr\u00e9 et inspirant, notre Carrot Seed oil est distill\u00e9e \u00e0 partir des graines de plantes Daucus carota biologiques des Pays-Bas.\",\"breadcrumb\":{\"@id\":\"https:\/\/dutchhealthstore.com\/fr\/product\/carrot-seed-essential-oil\/#breadcrumb\"},\"inLanguage\":\"fr-FR\",\"potentialAction\":[{\"@type\":\"ReadAction\",\"target\":[\"https:\/\/dutchhealthstore.com\/fr\/product\/carrot-seed-essential-oil\/\"]}]},{\"@type\":\"ImageObject\",\"inLanguage\":\"fr-FR\",\"@id\":\"https:\/\/dutchhealthstore.com\/fr\/product\/carrot-seed-essential-oil\/#primaryimage\",\"url\":\"https:\/\/dutchhealthstore.com\/wp-content\/uploads\/2020\/06\/carrot-seed-eo-living-libations.jpg\",\"contentUrl\":\"https:\/\/dutchhealthstore.com\/wp-content\/uploads\/2020\/06\/carrot-seed-eo-living-libations.jpg\",\"width\":500,\"height\":500,\"caption\":\"carrot seed eo living libations\"},{\"@type\":\"BreadcrumbList\",\"@id\":\"https:\/\/dutchhealthstore.com\/fr\/product\/carrot-seed-essential-oil\/#breadcrumb\",\"itemListElement\":[{\"@type\":\"ListItem\",\"position\":1,\"name\":\"Home\",\"item\":\"https:\/\/dutchhealthstore.com\/fr\/\"},{\"@type\":\"ListItem\",\"position\":2,\"name\":\"Shop\",\"item\":\"https:\/\/dutchhealthstore.com\/fr\/shop\/\"},{\"@type\":\"ListItem\",\"position\":3,\"name\":\"Carrot Seed Essential Oil\"}]},{\"@type\":\"WebSite\",\"@id\":\"https:\/\/dutchhealthstore.com\/fr\/#website\",\"url\":\"https:\/\/dutchhealthstore.com\/fr\/\",\"name\":\"Dutch Health Store\",\"description\":\"Enhance Your Beauty with Organic &amp; Natural Skincare\",\"publisher\":{\"@id\":\"https:\/\/dutchhealthstore.com\/fr\/#organization\"},\"potentialAction\":[{\"@type\":\"SearchAction\",\"target\":{\"@type\":\"EntryPoint\",\"urlTemplate\":\"https:\/\/dutchhealthstore.com\/fr\/?s={search_term_string}\"},\"query-input\":{\"@type\":\"PropertyValueSpecification\",\"valueRequired\":true,\"valueName\":\"search_term_string\"}}],\"inLanguage\":\"fr-FR\"},{\"@type\":\"Organization\",\"@id\":\"https:\/\/dutchhealthstore.com\/fr\/#organization\",\"name\":\"Dutch Health Store\",\"url\":\"https:\/\/dutchhealthstore.com\/fr\/\",\"logo\":{\"@type\":\"ImageObject\",\"inLanguage\":\"fr-FR\",\"@id\":\"https:\/\/dutchhealthstore.com\/fr\/#\/schema\/logo\/image\/\",\"url\":\"https:\/\/dutchhealthstore.com\/wp-content\/uploads\/2020\/08\/logo-dutchhealthstore-jpg-e1599484957574.jpg\",\"contentUrl\":\"https:\/\/dutchhealthstore.com\/wp-content\/uploads\/2020\/08\/logo-dutchhealthstore-jpg-e1599484957574.jpg\",\"width\":400,\"height\":62,\"caption\":\"Dutch Health Store\"},\"image\":{\"@id\":\"https:\/\/dutchhealthstore.com\/fr\/#\/schema\/logo\/image\/\"},\"sameAs\":[\"https:\/\/www.instagram.com\/dutchhealthstore\/\",\"https:\/\/www.facebook.com\/dutchhealthstore\"]}]}<\/script>\n<meta property=\"product:brand\" content=\"Living Libations\" \/>\n<meta property=\"og:availability\" content=\"instock\" \/>\n<meta property=\"product:availability\" content=\"instock\" \/>\n<meta property=\"product:condition\" content=\"new\" \/>\n<!-- \/ Yoast SEO Premium plugin. -->","yoast_head_json":{"title":"Carrot Seed Essential Oil | Living Libations","description":"Avec un ar\u00f4me bois\u00e9 l\u00e9g\u00e8rement sucr\u00e9 et inspirant, notre Carrot Seed oil est distill\u00e9e \u00e0 partir des graines de plantes Daucus carota biologiques des Pays-Bas.","robots":{"index":"index","follow":"follow","max-snippet":"max-snippet:-1","max-image-preview":"max-image-preview:large","max-video-preview":"max-video-preview:-1"},"canonical":"https:\/\/dutchhealthstore.com\/fr\/product\/carrot-seed-essential-oil\/","og_locale":"fr_FR","og_type":"article","og_title":"Carrot Seed Essential Oil - Dutch Health Store","og_description":"Avec un ar\u00f4me bois\u00e9 l\u00e9g\u00e8rement sucr\u00e9 et inspirant, notre Carrot Seed oil est distill\u00e9e \u00e0 partir des graines de plantes Daucus carota biologiques des Pays-Bas.","og_url":"https:\/\/dutchhealthstore.com\/fr\/product\/carrot-seed-essential-oil\/","og_site_name":"Dutch Health Store","article_publisher":"https:\/\/www.instagram.com\/dutchhealthstore\/","article_modified_time":"2025-01-16T14:53:38+00:00","og_image":[{"width":500,"height":500,"url":"https:\/\/dutchhealthstore.com\/wp-content\/uploads\/2020\/06\/carrot-seed-eo-living-libations.jpg","type":"image\/jpeg"}],"twitter_card":"summary_large_image","twitter_misc":{"Disponibilit\u00e9":"En stock"},"schema":{"@context":"https:\/\/schema.org","@graph":[{"@type":"WebPage","@id":"https:\/\/dutchhealthstore.com\/fr\/product\/carrot-seed-essential-oil\/","url":"https:\/\/dutchhealthstore.com\/fr\/product\/carrot-seed-essential-oil\/","name":"Carrot Seed Essential Oil | Living Libations","isPartOf":{"@id":"https:\/\/dutchhealthstore.com\/fr\/#website"},"primaryImageOfPage":{"@id":"https:\/\/dutchhealthstore.com\/fr\/product\/carrot-seed-essential-oil\/#primaryimage"},"image":{"@id":"https:\/\/dutchhealthstore.com\/fr\/product\/carrot-seed-essential-oil\/#primaryimage"},"thumbnailUrl":"https:\/\/dutchhealthstore.com\/wp-content\/uploads\/2020\/06\/carrot-seed-eo-living-libations.jpg","datePublished":"2020-06-11T10:47:28+00:00","dateModified":"2025-01-16T14:53:38+00:00","description":"Avec un ar\u00f4me bois\u00e9 l\u00e9g\u00e8rement sucr\u00e9 et inspirant, notre Carrot Seed oil est distill\u00e9e \u00e0 partir des graines de plantes Daucus carota biologiques des Pays-Bas.","breadcrumb":{"@id":"https:\/\/dutchhealthstore.com\/fr\/product\/carrot-seed-essential-oil\/#breadcrumb"},"inLanguage":"fr-FR","potentialAction":[{"@type":"ReadAction","target":["https:\/\/dutchhealthstore.com\/fr\/product\/carrot-seed-essential-oil\/"]}]},{"@type":"ImageObject","inLanguage":"fr-FR","@id":"https:\/\/dutchhealthstore.com\/fr\/product\/carrot-seed-essential-oil\/#primaryimage","url":"https:\/\/dutchhealthstore.com\/wp-content\/uploads\/2020\/06\/carrot-seed-eo-living-libations.jpg","contentUrl":"https:\/\/dutchhealthstore.com\/wp-content\/uploads\/2020\/06\/carrot-seed-eo-living-libations.jpg","width":500,"height":500,"caption":"carrot seed eo living libations"},{"@type":"BreadcrumbList","@id":"https:\/\/dutchhealthstore.com\/fr\/product\/carrot-seed-essential-oil\/#breadcrumb","itemListElement":[{"@type":"ListItem","position":1,"name":"Home","item":"https:\/\/dutchhealthstore.com\/fr\/"},{"@type":"ListItem","position":2,"name":"Shop","item":"https:\/\/dutchhealthstore.com\/fr\/shop\/"},{"@type":"ListItem","position":3,"name":"Carrot Seed Essential Oil"}]},{"@type":"WebSite","@id":"https:\/\/dutchhealthstore.com\/fr\/#website","url":"https:\/\/dutchhealthstore.com\/fr\/","name":"Dutch Health Store","description":"Enhance Your Beauty with Organic &amp; Natural Skincare","publisher":{"@id":"https:\/\/dutchhealthstore.com\/fr\/#organization"},"potentialAction":[{"@type":"SearchAction","target":{"@type":"EntryPoint","urlTemplate":"https:\/\/dutchhealthstore.com\/fr\/?s={search_term_string}"},"query-input":{"@type":"PropertyValueSpecification","valueRequired":true,"valueName":"search_term_string"}}],"inLanguage":"fr-FR"},{"@type":"Organization","@id":"https:\/\/dutchhealthstore.com\/fr\/#organization","name":"Dutch Health Store","url":"https:\/\/dutchhealthstore.com\/fr\/","logo":{"@type":"ImageObject","inLanguage":"fr-FR","@id":"https:\/\/dutchhealthstore.com\/fr\/#\/schema\/logo\/image\/","url":"https:\/\/dutchhealthstore.com\/wp-content\/uploads\/2020\/08\/logo-dutchhealthstore-jpg-e1599484957574.jpg","contentUrl":"https:\/\/dutchhealthstore.com\/wp-content\/uploads\/2020\/08\/logo-dutchhealthstore-jpg-e1599484957574.jpg","width":400,"height":62,"caption":"Dutch Health Store"},"image":{"@id":"https:\/\/dutchhealthstore.com\/fr\/#\/schema\/logo\/image\/"},"sameAs":["https:\/\/www.instagram.com\/dutchhealthstore\/","https:\/\/www.facebook.com\/dutchhealthstore"]}]},"product_brand":"Living Libations","og_availability":"instock","product_availability":"instock","product_condition":"new"},"_links":{"self":[{"href":"https:\/\/dutchhealthstore.com\/fr\/wp-json\/wp\/v2\/product\/116647","targetHints":{"allow":["GET"]}}],"collection":[{"href":"https:\/\/dutchhealthstore.com\/fr\/wp-json\/wp\/v2\/product"}],"about":[{"href":"https:\/\/dutchhealthstore.com\/fr\/wp-json\/wp\/v2\/types\/product"}],"replies":[{"embeddable":true,"href":"https:\/\/dutchhealthstore.com\/fr\/wp-json\/wp\/v2\/comments?post=116647"}],"wp:featuredmedia":[{"embeddable":true,"href":"https:\/\/dutchhealthstore.com\/fr\/wp-json\/wp\/v2\/media\/151482"}],"wp:attachment":[{"href":"https:\/\/dutchhealthstore.com\/fr\/wp-json\/wp\/v2\/media?parent=116647"}],"wp:term":[{"taxonomy":"product_brand","embeddable":true,"href":"https:\/\/dutchhealthstore.com\/fr\/wp-json\/wp\/v2\/product_brand?post=116647"},{"taxonomy":"product_cat","embeddable":true,"href":"https:\/\/dutchhealthstore.com\/fr\/wp-json\/wp\/v2\/product_cat?post=116647"},{"taxonomy":"product_tag","embeddable":true,"href":"https:\/\/dutchhealthstore.com\/fr\/wp-json\/wp\/v2\/product_tag?post=116647"}],"curies":[{"name":"wp","href":"https:\/\/api.w.org\/{rel}","templated":true}]}}