{"id":116616,"date":"2018-02-10T19:59:57","date_gmt":"2018-02-10T18:59:57","guid":{"rendered":"https:\/\/dutchhealthstore.com\/product\/camellia-carrier-oil\/"},"modified":"2025-12-23T08:55:33","modified_gmt":"2025-12-23T07:55:33","slug":"camellia-carrier-oil","status":"publish","type":"product","link":"https:\/\/dutchhealthstore.com\/fr\/product\/camellia-carrier-oil\/","title":{"rendered":"Camellia Carrier Oil"},"content":{"rendered":"<p><strong><img decoding=\"async\" class=\"size-full wp-image-69549 alignright\" src=\"https:\/\/dutchhealthstore.com\/wp-content\/uploads\/2019\/08\/NEW-Living-Libations-Logo.jpg\" alt=\"NEW - Living Libations - Logo\" width=\"175\" height=\"82\">Nom botanique:<\/strong>Camellia japonica et Lavendula vera<br \/>\n<strong>Famille botanique: <\/strong>Theaceae<br \/>\n<strong>M\u00e9thode d&rsquo;extraction: <\/strong>Press\u00e9 \u00e0 froid<br \/>\n<strong>Partie de la plante distill\u00e9e:<\/strong> Graines<br \/>\n<strong>Pays d&rsquo;origine: <\/strong>Japon<br \/>\n<strong>M\u00e9thode de culture:<\/strong> Organique<\/p>\n<h3>Dans Living Libations<\/h3>\n<p>All Season Serum<\/p>\n<h3>Se marie bien avec<\/h3>\n<p>Jojoba, Myrrhe, Encens, Rose Otto, Camomille, Ylang, Bois de Santal, Palmarosa, Eglantier, Tamanu, Citron et Thym Linalool.<\/p>\n<h3>Utiliser<\/h3>\n<p>\u00c9mollient.<\/p>\n<p>Facilement absorb\u00e9e, la peau se d\u00e9lecte de son infusion profonde d&rsquo;acides gras om\u00e9ga 9 et palm\u00e9s, de vitamines nourrissantes A, B et D, et de quantit\u00e9s \u00e9lev\u00e9es d&rsquo;alpha-tocoph\u00e9rol, une souche de vitamine E qui agit en synergie avec le s\u00e9bum naturel de la peau. Le cam\u00e9lia reconstitue les lipides, r\u00e9gule les s\u00e9cr\u00e9tions s\u00e9bac\u00e9es et purifie les pores. La peau assoiff\u00e9e de l&rsquo;hiver rena\u00eet gr\u00e2ce \u00e0 cet \u00e9mollient efficace qui ravive l&rsquo;\u00e9lasticit\u00e9 et r\u00e9duit les lignes s\u00e8ches. C&rsquo;est \u00e9galement un tr\u00e9sor \u00e9prouv\u00e9 des geishas japonaises, qui utilisaient traditionnellement l&rsquo;huile pour garder leurs longues tresses brillantes et douces, pour enlever le maquillage et pour hydrater la peau, les cheveux et les ongles.<\/p>\n<p style=\"font-weight: 400;\">L&rsquo;hiver arrive&#8230; sur votre peau! Pas d&rsquo;inqui\u00e9tude avec ce lait hydratant fabriqu\u00e9 \u00e0 partir de graines de fleurs de cam\u00e9lia japonaises press\u00e9es \u00e0 froid et aussi pures que la neige en hiver. Cet \u00e9lixir in\u00e9gal\u00e9 est press\u00e9 \u00e0 partir des graines de la fleur de Camellia japonica, qui offre librement une huile pr\u00e9cieuse et riche en lipides pour la peau.<\/p>\n<h3>Ingr\u00e9dients Biologiques<\/h3>\n<p>Huile de support 100% cam\u00e9lia (Camellia japonica et Lavendula vera).<\/p>\n<p style=\"font-weight: 400; text-align: center;\"><em>\u00ab\u00a0Il est prouv\u00e9 que l&rsquo;huile de cam\u00e9lia a sa place dans toutes les \u00e9mulsions utilis\u00e9es dans les domaines de la cosm\u00e9tologie et des soins de la peau&#8230;. <\/em><br \/>\n<em>C. Japonica peut \u00eatre consid\u00e9r\u00e9 comme [un] candidat possible \u00e0 la r\u00e9duction de la ligne fine pour une application topique\u00a0\u00bb. <\/em><br \/>\n~T. K. Lim, <strong>Edible Plants, Vol. 8<\/strong><\/p>\n<p><img fetchpriority=\"high\" decoding=\"async\" class=\"aligncenter size-full wp-image-31577\" src=\"https:\/\/dutchhealthstore.com\/wp-content\/uploads\/2018\/03\/organic_big.png\" alt=\"Organic and Natural - Living Libations\" width=\"623\" height=\"103\" srcset=\"https:\/\/dutchhealthstore.com\/wp-content\/uploads\/2018\/03\/organic_big.png 623w, https:\/\/dutchhealthstore.com\/wp-content\/uploads\/2018\/03\/organic_big-510x84.png 510w, https:\/\/dutchhealthstore.com\/wp-content\/uploads\/2018\/03\/organic_big-600x99.png 600w, https:\/\/dutchhealthstore.com\/wp-content\/uploads\/2018\/03\/organic_big-350x58.png 350w\" sizes=\"(max-width: 623px) 100vw, 623px\" \/><\/p>\n","protected":false},"excerpt":{"rendered":"<p>Cherished <b>Camellia Oil<\/b> provient de la fleur japonaise \u00e0 floraison hivernale, Tsubaki, connue sous le nom de rose d&rsquo;hiver. Les succulentes graines de Camellia sont press\u00e9es \u00e0 froid pour r\u00e9v\u00e9ler un \u00e9l\u00e9gant \u00e9lixir d&rsquo;humidit\u00e9 infinie.<\/p>\n","protected":false},"featured_media":112499,"comment_status":"open","ping_status":"closed","template":"","meta":[],"product_brand":[],"product_cat":[6734,1507,3755,1211,1209,1010,6733],"product_tag":[8910,4495],"class_list":{"0":"post-116616","1":"product","2":"type-product","3":"status-publish","4":"has-post-thumbnail","6":"product_cat-essential-oils","7":"product_cat-plantes-huiles-essentielles-living-libations","8":"product_cat-huiles-vegetales","9":"product_cat-living-libations-france","10":"product_cat-par-marques","11":"product_cat-notre-boutique","12":"product_cat-wellness-fr-2","13":"product_tag-carrier-oil-fr","14":"product_tag-essential-oil-fr","15":"pa_brand-livinglibations-fr","16":"pa_essential-oils-product-type-carrier-oils-fr","17":"pa_essential-oils-product-type-essential-oils-fr","18":"pa_size-15-ml-fr","19":"pa_size-30-ml-fr","21":"first","22":"instock","23":"taxable","24":"shipping-taxable","25":"purchasable","26":"product-type-variable"},"bundled_by":[],"bundle_stock_status":"instock","bundle_stock_quantity":null,"bundle_virtual":false,"bundle_layout":"","bundle_add_to_cart_form_location":"","bundle_editable_in_cart":false,"bundle_sold_individually_context":"","bundle_item_grouping":"","bundle_min_size":"","bundle_max_size":"","bundle_price":[],"bundled_items":[],"bundle_sell_ids":[],"atum_controlled":true,"out_stock_date":null,"out_stock_threshold":null,"inheritable":true,"stock_on_hold":0,"sold_today":0,"sales_last_days":0,"out_stock_days":0,"lost_sales":0,"update_date":"2026-04-12T00:02:12","atum_locations":[],"atum_stock_status":"instock","restock_status":false,"low_stock_amount":"","sales_update_date":"2026-04-12T00:02:11","calc_backorders":null,"group_of_quantity":0,"min_quantity":0,"max_quantity":"","exclude_order_quantity_value_rules":"no","exclude_category_quantity_rules":"no","combine_variations":"no","yoast_head":"<!-- This site is optimized with the Yoast SEO Premium plugin v26.5 (Yoast SEO v26.5) - https:\/\/yoast.com\/wordpress\/plugins\/seo\/ -->\n<title>Camellia Carrier Oil - Living Libations<\/title>\n<meta name=\"description\" content=\"Cherished Camellia Oil provient de la fleur japonaise \u00e0 floraison hivernale, le tsubaki, connue sous le nom de rose de l&#039;hiver.\" \/>\n<meta name=\"robots\" content=\"index, follow, max-snippet:-1, max-image-preview:large, max-video-preview:-1\" \/>\n<link rel=\"canonical\" href=\"https:\/\/dutchhealthstore.com\/fr\/product\/camellia-carrier-oil\/\" \/>\n<meta property=\"og:locale\" content=\"fr_FR\" \/>\n<meta property=\"og:type\" content=\"article\" \/>\n<meta property=\"og:title\" content=\"Camellia Carrier Oil - Dutch Health Store\" \/>\n<meta property=\"og:description\" content=\"Cherished Camellia Oil provient de la fleur japonaise \u00e0 floraison hivernale, le tsubaki, connue sous le nom de rose de l&#039;hiver.\" \/>\n<meta property=\"og:url\" content=\"https:\/\/dutchhealthstore.com\/fr\/product\/camellia-carrier-oil\/\" \/>\n<meta property=\"og:site_name\" content=\"Dutch Health Store\" \/>\n<meta property=\"article:publisher\" content=\"https:\/\/www.instagram.com\/dutchhealthstore\/\" \/>\n<meta property=\"article:modified_time\" content=\"2025-12-23T07:55:33+00:00\" \/>\n<meta property=\"og:image\" content=\"https:\/\/dutchhealthstore.com\/wp-content\/uploads\/2018\/02\/Living-Libations-Camellia-Carrier-Oil-e1594301963713.jpg\" \/>\n\t<meta property=\"og:image:width\" content=\"500\" \/>\n\t<meta property=\"og:image:height\" content=\"500\" \/>\n\t<meta property=\"og:image:type\" content=\"image\/jpeg\" \/>\n<meta name=\"twitter:card\" content=\"summary_large_image\" \/>\n<meta name=\"twitter:label1\" content=\"Disponibilit\u00e9\" \/>\n\t<meta name=\"twitter:data1\" content=\"En stock\" \/>\n<script type=\"application\/ld+json\" class=\"yoast-schema-graph\">{\"@context\":\"https:\/\/schema.org\",\"@graph\":[{\"@type\":\"WebPage\",\"@id\":\"https:\/\/dutchhealthstore.com\/fr\/product\/camellia-carrier-oil\/\",\"url\":\"https:\/\/dutchhealthstore.com\/fr\/product\/camellia-carrier-oil\/\",\"name\":\"Camellia Carrier Oil - Living Libations\",\"isPartOf\":{\"@id\":\"https:\/\/dutchhealthstore.com\/fr\/#website\"},\"primaryImageOfPage\":{\"@id\":\"https:\/\/dutchhealthstore.com\/fr\/product\/camellia-carrier-oil\/#primaryimage\"},\"image\":{\"@id\":\"https:\/\/dutchhealthstore.com\/fr\/product\/camellia-carrier-oil\/#primaryimage\"},\"thumbnailUrl\":\"https:\/\/dutchhealthstore.com\/wp-content\/uploads\/2018\/02\/Living-Libations-Camellia-Carrier-Oil-e1594301963713.jpg\",\"datePublished\":\"2018-02-10T18:59:57+00:00\",\"dateModified\":\"2025-12-23T07:55:33+00:00\",\"description\":\"Cherished Camellia Oil provient de la fleur japonaise \u00e0 floraison hivernale, le tsubaki, connue sous le nom de rose de l'hiver.\",\"breadcrumb\":{\"@id\":\"https:\/\/dutchhealthstore.com\/fr\/product\/camellia-carrier-oil\/#breadcrumb\"},\"inLanguage\":\"fr-FR\",\"potentialAction\":[{\"@type\":\"ReadAction\",\"target\":[\"https:\/\/dutchhealthstore.com\/fr\/product\/camellia-carrier-oil\/\"]}]},{\"@type\":\"ImageObject\",\"inLanguage\":\"fr-FR\",\"@id\":\"https:\/\/dutchhealthstore.com\/fr\/product\/camellia-carrier-oil\/#primaryimage\",\"url\":\"https:\/\/dutchhealthstore.com\/wp-content\/uploads\/2018\/02\/Living-Libations-Camellia-Carrier-Oil-e1594301963713.jpg\",\"contentUrl\":\"https:\/\/dutchhealthstore.com\/wp-content\/uploads\/2018\/02\/Living-Libations-Camellia-Carrier-Oil-e1594301963713.jpg\",\"width\":500,\"height\":500,\"caption\":\"Living Libations Camellia Carrier Oil\"},{\"@type\":\"BreadcrumbList\",\"@id\":\"https:\/\/dutchhealthstore.com\/fr\/product\/camellia-carrier-oil\/#breadcrumb\",\"itemListElement\":[{\"@type\":\"ListItem\",\"position\":1,\"name\":\"Home\",\"item\":\"https:\/\/dutchhealthstore.com\/fr\/\"},{\"@type\":\"ListItem\",\"position\":2,\"name\":\"Shop\",\"item\":\"https:\/\/dutchhealthstore.com\/fr\/shop\/\"},{\"@type\":\"ListItem\",\"position\":3,\"name\":\"Camellia Carrier Oil\"}]},{\"@type\":\"WebSite\",\"@id\":\"https:\/\/dutchhealthstore.com\/fr\/#website\",\"url\":\"https:\/\/dutchhealthstore.com\/fr\/\",\"name\":\"Dutch Health Store\",\"description\":\"Enhance Your Beauty with Organic &amp; Natural Skincare\",\"publisher\":{\"@id\":\"https:\/\/dutchhealthstore.com\/fr\/#organization\"},\"potentialAction\":[{\"@type\":\"SearchAction\",\"target\":{\"@type\":\"EntryPoint\",\"urlTemplate\":\"https:\/\/dutchhealthstore.com\/fr\/?s={search_term_string}\"},\"query-input\":{\"@type\":\"PropertyValueSpecification\",\"valueRequired\":true,\"valueName\":\"search_term_string\"}}],\"inLanguage\":\"fr-FR\"},{\"@type\":\"Organization\",\"@id\":\"https:\/\/dutchhealthstore.com\/fr\/#organization\",\"name\":\"Dutch Health Store\",\"url\":\"https:\/\/dutchhealthstore.com\/fr\/\",\"logo\":{\"@type\":\"ImageObject\",\"inLanguage\":\"fr-FR\",\"@id\":\"https:\/\/dutchhealthstore.com\/fr\/#\/schema\/logo\/image\/\",\"url\":\"https:\/\/dutchhealthstore.com\/wp-content\/uploads\/2020\/08\/logo-dutchhealthstore-jpg-e1599484957574.jpg\",\"contentUrl\":\"https:\/\/dutchhealthstore.com\/wp-content\/uploads\/2020\/08\/logo-dutchhealthstore-jpg-e1599484957574.jpg\",\"width\":400,\"height\":62,\"caption\":\"Dutch Health Store\"},\"image\":{\"@id\":\"https:\/\/dutchhealthstore.com\/fr\/#\/schema\/logo\/image\/\"},\"sameAs\":[\"https:\/\/www.instagram.com\/dutchhealthstore\/\",\"https:\/\/www.facebook.com\/dutchhealthstore\"]}]}<\/script>\n<meta property=\"product:brand\" content=\"Living Libations\" \/>\n<meta property=\"og:availability\" content=\"instock\" \/>\n<meta property=\"product:availability\" content=\"instock\" \/>\n<meta property=\"product:condition\" content=\"new\" \/>\n<!-- \/ Yoast SEO Premium plugin. -->","yoast_head_json":{"title":"Camellia Carrier Oil - Living Libations","description":"Cherished Camellia Oil provient de la fleur japonaise \u00e0 floraison hivernale, le tsubaki, connue sous le nom de rose de l'hiver.","robots":{"index":"index","follow":"follow","max-snippet":"max-snippet:-1","max-image-preview":"max-image-preview:large","max-video-preview":"max-video-preview:-1"},"canonical":"https:\/\/dutchhealthstore.com\/fr\/product\/camellia-carrier-oil\/","og_locale":"fr_FR","og_type":"article","og_title":"Camellia Carrier Oil - Dutch Health Store","og_description":"Cherished Camellia Oil provient de la fleur japonaise \u00e0 floraison hivernale, le tsubaki, connue sous le nom de rose de l'hiver.","og_url":"https:\/\/dutchhealthstore.com\/fr\/product\/camellia-carrier-oil\/","og_site_name":"Dutch Health Store","article_publisher":"https:\/\/www.instagram.com\/dutchhealthstore\/","article_modified_time":"2025-12-23T07:55:33+00:00","og_image":[{"width":500,"height":500,"url":"https:\/\/dutchhealthstore.com\/wp-content\/uploads\/2018\/02\/Living-Libations-Camellia-Carrier-Oil-e1594301963713.jpg","type":"image\/jpeg"}],"twitter_card":"summary_large_image","twitter_misc":{"Disponibilit\u00e9":"En stock"},"schema":{"@context":"https:\/\/schema.org","@graph":[{"@type":"WebPage","@id":"https:\/\/dutchhealthstore.com\/fr\/product\/camellia-carrier-oil\/","url":"https:\/\/dutchhealthstore.com\/fr\/product\/camellia-carrier-oil\/","name":"Camellia Carrier Oil - Living Libations","isPartOf":{"@id":"https:\/\/dutchhealthstore.com\/fr\/#website"},"primaryImageOfPage":{"@id":"https:\/\/dutchhealthstore.com\/fr\/product\/camellia-carrier-oil\/#primaryimage"},"image":{"@id":"https:\/\/dutchhealthstore.com\/fr\/product\/camellia-carrier-oil\/#primaryimage"},"thumbnailUrl":"https:\/\/dutchhealthstore.com\/wp-content\/uploads\/2018\/02\/Living-Libations-Camellia-Carrier-Oil-e1594301963713.jpg","datePublished":"2018-02-10T18:59:57+00:00","dateModified":"2025-12-23T07:55:33+00:00","description":"Cherished Camellia Oil provient de la fleur japonaise \u00e0 floraison hivernale, le tsubaki, connue sous le nom de rose de l'hiver.","breadcrumb":{"@id":"https:\/\/dutchhealthstore.com\/fr\/product\/camellia-carrier-oil\/#breadcrumb"},"inLanguage":"fr-FR","potentialAction":[{"@type":"ReadAction","target":["https:\/\/dutchhealthstore.com\/fr\/product\/camellia-carrier-oil\/"]}]},{"@type":"ImageObject","inLanguage":"fr-FR","@id":"https:\/\/dutchhealthstore.com\/fr\/product\/camellia-carrier-oil\/#primaryimage","url":"https:\/\/dutchhealthstore.com\/wp-content\/uploads\/2018\/02\/Living-Libations-Camellia-Carrier-Oil-e1594301963713.jpg","contentUrl":"https:\/\/dutchhealthstore.com\/wp-content\/uploads\/2018\/02\/Living-Libations-Camellia-Carrier-Oil-e1594301963713.jpg","width":500,"height":500,"caption":"Living Libations Camellia Carrier Oil"},{"@type":"BreadcrumbList","@id":"https:\/\/dutchhealthstore.com\/fr\/product\/camellia-carrier-oil\/#breadcrumb","itemListElement":[{"@type":"ListItem","position":1,"name":"Home","item":"https:\/\/dutchhealthstore.com\/fr\/"},{"@type":"ListItem","position":2,"name":"Shop","item":"https:\/\/dutchhealthstore.com\/fr\/shop\/"},{"@type":"ListItem","position":3,"name":"Camellia Carrier Oil"}]},{"@type":"WebSite","@id":"https:\/\/dutchhealthstore.com\/fr\/#website","url":"https:\/\/dutchhealthstore.com\/fr\/","name":"Dutch Health Store","description":"Enhance Your Beauty with Organic &amp; Natural Skincare","publisher":{"@id":"https:\/\/dutchhealthstore.com\/fr\/#organization"},"potentialAction":[{"@type":"SearchAction","target":{"@type":"EntryPoint","urlTemplate":"https:\/\/dutchhealthstore.com\/fr\/?s={search_term_string}"},"query-input":{"@type":"PropertyValueSpecification","valueRequired":true,"valueName":"search_term_string"}}],"inLanguage":"fr-FR"},{"@type":"Organization","@id":"https:\/\/dutchhealthstore.com\/fr\/#organization","name":"Dutch Health Store","url":"https:\/\/dutchhealthstore.com\/fr\/","logo":{"@type":"ImageObject","inLanguage":"fr-FR","@id":"https:\/\/dutchhealthstore.com\/fr\/#\/schema\/logo\/image\/","url":"https:\/\/dutchhealthstore.com\/wp-content\/uploads\/2020\/08\/logo-dutchhealthstore-jpg-e1599484957574.jpg","contentUrl":"https:\/\/dutchhealthstore.com\/wp-content\/uploads\/2020\/08\/logo-dutchhealthstore-jpg-e1599484957574.jpg","width":400,"height":62,"caption":"Dutch Health Store"},"image":{"@id":"https:\/\/dutchhealthstore.com\/fr\/#\/schema\/logo\/image\/"},"sameAs":["https:\/\/www.instagram.com\/dutchhealthstore\/","https:\/\/www.facebook.com\/dutchhealthstore"]}]},"product_brand":"Living Libations","og_availability":"instock","product_availability":"instock","product_condition":"new"},"_links":{"self":[{"href":"https:\/\/dutchhealthstore.com\/fr\/wp-json\/wp\/v2\/product\/116616","targetHints":{"allow":["GET"]}}],"collection":[{"href":"https:\/\/dutchhealthstore.com\/fr\/wp-json\/wp\/v2\/product"}],"about":[{"href":"https:\/\/dutchhealthstore.com\/fr\/wp-json\/wp\/v2\/types\/product"}],"replies":[{"embeddable":true,"href":"https:\/\/dutchhealthstore.com\/fr\/wp-json\/wp\/v2\/comments?post=116616"}],"wp:featuredmedia":[{"embeddable":true,"href":"https:\/\/dutchhealthstore.com\/fr\/wp-json\/wp\/v2\/media\/112499"}],"wp:attachment":[{"href":"https:\/\/dutchhealthstore.com\/fr\/wp-json\/wp\/v2\/media?parent=116616"}],"wp:term":[{"taxonomy":"product_brand","embeddable":true,"href":"https:\/\/dutchhealthstore.com\/fr\/wp-json\/wp\/v2\/product_brand?post=116616"},{"taxonomy":"product_cat","embeddable":true,"href":"https:\/\/dutchhealthstore.com\/fr\/wp-json\/wp\/v2\/product_cat?post=116616"},{"taxonomy":"product_tag","embeddable":true,"href":"https:\/\/dutchhealthstore.com\/fr\/wp-json\/wp\/v2\/product_tag?post=116616"}],"curies":[{"name":"wp","href":"https:\/\/api.w.org\/{rel}","templated":true}]}}