{"id":116526,"date":"2020-06-25T11:51:10","date_gmt":"2020-06-25T09:51:10","guid":{"rendered":"https:\/\/dutchhealthstore.com\/product\/cacao-absolute\/"},"modified":"2025-09-23T15:20:13","modified_gmt":"2025-09-23T13:20:13","slug":"cacao-absolute","status":"publish","type":"product","link":"https:\/\/dutchhealthstore.com\/fr\/product\/cacao-absolute\/","title":{"rendered":"Cacao Absolute"},"content":{"rendered":"<h3><img decoding=\"async\" class=\"size-full wp-image-69549 alignright\" src=\"https:\/\/dutchhealthstore.com\/wp-content\/uploads\/2019\/08\/NEW-Living-Libations-Logo.jpg\" alt=\"NEW - Living Libations - Logo\" width=\"175\" height=\"82\"><\/h3>\n<p><strong>Nom botanique :<\/strong> Theobroma cacao<br \/>\n<strong>Famille botanique :<\/strong> Malvaceae<br \/>\n<strong>M\u00e9thode d&rsquo;extraction :<\/strong> Absolue<br \/>\n<strong>Partie de la plante distill\u00e9e :<\/strong> Haricots<br \/>\n<strong>Pays d&rsquo;origine :<\/strong> Tanzanie et distill\u00e9 en France<br \/>\n<strong>M\u00e9thode de culture :<\/strong> Organique<br \/>\n<strong>Composition :<\/strong> 50% Theobroma cacao 50% Alcool biodynamique biologique<br \/>\n<strong>M\u00e9thode de consistance :<\/strong> Solide. La dilution dans l&rsquo;alcool rend l&rsquo;absolu de cacao pr\u00eat \u00e0 \u00eatre vers\u00e9. Cette absolue ne se m\u00e9lange pas \u00e0 l&rsquo;huile, mais seulement \u00e0 un solvant comme l&rsquo;alcool ou d&rsquo;autres huiles essentielles.<\/p>\n<h3>Description de l&rsquo;odeur<\/h3>\n<p>Un velours profond et riche de chocolat noir avec des notes de caf\u00e9 fra\u00eechement moulu, de liqueur et de caramel.<\/p>\n<h3>Se marie bien avec<\/h3>\n<p>Vanille, jasmin, ylang, citron vert, orange sanguine, citron, pamplemousse, bois de santal, racine d&rsquo;iris, rayon de miel, rose, tub\u00e9reuse, \u0153illet, n\u00e9roli, mandarine, petit grain et bergamote.<\/p>\n<h3>Utilisations<\/h3>\n<p>Parfait pour les parfums qui inspirent le d\u00e9sir et le plaisir de l&rsquo;exp\u00e9rience d\u00e9lectable de la vie.<\/p>\n<p>Stimulez vos sens tout en satisfaisant la gourmandise de votre \u00e2me ! Cacao Absolute est un \u00e9lixir riche et velout\u00e9 qui enflamme les passions et inspire un app\u00e9tit pour la vie. V\u00e9n\u00e9r\u00e9 par les anciens habitants d&rsquo;Am\u00e9rique centrale, le cacao est connu comme \u00ab\u00a0la nourriture des dieux\u00a0\u00bb et a longtemps \u00e9t\u00e9 tenu en haute estime pour sa valeur en tant qu&rsquo;aliment, ainsi que pour ses bienfaits \u00e9motionnels et spirituels. Cet absolu ultra-concentr\u00e9 chasse le doute et booste le d\u00e9sir. C&rsquo;est \u00e9galement un ajout d\u00e9lectable et b\u00e9n\u00e9fique aux beurres corporels, aux m\u00e9langes d&rsquo;huiles personnalis\u00e9s et aux parfums.<\/p>\n<p>C\u00e9l\u00e9br\u00e9 depuis des temps imm\u00e9moriaux, le chocolat a une histoire aussi riche que son go\u00fbt et son parfum d\u00e9lectables. C&rsquo;\u00e9tait l&rsquo;aliment et la boisson pr\u00e9f\u00e9r\u00e9s des cultures mayas et azt\u00e8ques d&rsquo;Am\u00e9rique centrale, qui remontent respectivement \u00e0 2600 avant notre \u00e8re et au 12e si\u00e8cle de notre \u00e8re.<\/p>\n<p>Dans la culture azt\u00e8que, les graines ou les f\u00e8ves de la plante de cacao \u00e9taient utilis\u00e9es comme monnaie et pour fabriquer une boisson sacr\u00e9e appel\u00e9e Xocoatl. Sur un metate en pierre, des graines de ma\u00efs et de cacao grill\u00e9es ont \u00e9t\u00e9 moulues avec de la cannelle, de la vanille, du sel, de la Maca et des piments pour cr\u00e9er un m\u00e9lange savoureux qui a \u00e9t\u00e9 transform\u00e9 en une infusion d\u00e9licieusement revigorante. Consommer du chocolat comme boisson \u00e9tait un privil\u00e8ge incroyable dont seuls les membres de la royaut\u00e9 et les grands pr\u00eatres b\u00e9n\u00e9ficiaient. Xocoatl \u00e9tait un aphrodisiaque connu associ\u00e9 au dieu azt\u00e8que Xochipilli, qui \u00e9tait le dieu de la musique, de la po\u00e9sie et de la spiritualit\u00e9.<\/p>\n<p>Cacao Absolute contient les m\u00eames compos\u00e9s que ceux pr\u00e9sents dans le chocolat et que le cerveau lib\u00e8re apr\u00e8s un baiser. Et bien s\u00fbr, le chocolat est connu depuis longtemps pour nous rendre heureux. Il offre un parfum euphorique qui peut exciter les d\u00e9sirs amoureux et \u00e9lever l&rsquo;humeur.<\/p>\n<p>Lorsque vous ajoutez quelques gouttes de ce nectar de chocolat distill\u00e9 dans une huile de massage, un bain ou un parfum, vous \u00e9tablissez une connexion olfactive directe avec la pure divinit\u00e9 du chocolat ; les esprits des anciens Azt\u00e8ques et de leur dieu-po\u00e8te Xochipilli sont invit\u00e9s \u00e0 se r\u00e9unir lors de la consommation rituelle de \u00ab\u00a0la nourriture des dieux\u00a0\u00bb.<\/p>\n<p><strong>Taille : 5 ml<\/strong><\/p>\n<h3>Ingr\u00e9dients biologiques<\/h3>\n<p>50% de Theobroma cacao et 50% d&rsquo;alcool biologique biodynamique.<\/p>\n<p style=\"text-align: center;\"><em>\u00a0\u00bb Cacao absolute (Theobroma cacao) est une absolue \u00e9paisse de couleur brun fonc\u00e9 extraite des f\u00e8ves de cacao. Certaines absolues de cacao sont plus sucr\u00e9es, d&rsquo;autres plus riches, d&rsquo;autres encore plus am\u00e8res, comme les vari\u00e9t\u00e9s de chocolat noir. L&rsquo;absolue de cacao se marie bien avec les partenaires \u00e9vidents du chocolat &#8211; menthe, orange, vanille &#8211; ainsi qu&rsquo;avec l&rsquo;ylang ylang, le safran et le jasmin. Le parfum du chocolat a toujours \u00e9t\u00e9 consid\u00e9r\u00e9 comme un aphrodisiaque.\u00a0\u00bb<\/em><br \/>\n~ Mandy Aftel,<strong> Scents and Sensibilities<\/strong>.<\/p>\n<p><img fetchpriority=\"high\" decoding=\"async\" class=\"size-medium wp-image-68103 aligncenter\" src=\"https:\/\/dutchhealthstore.com\/wp-content\/uploads\/2018\/02\/Living-Libations-Organic-Logo-800x89.png\" alt=\"Living Libations - Organic Logo\" width=\"800\" height=\"89\" srcset=\"https:\/\/dutchhealthstore.com\/wp-content\/uploads\/2018\/02\/Living-Libations-Organic-Logo-800x89.png 800w, https:\/\/dutchhealthstore.com\/wp-content\/uploads\/2018\/02\/Living-Libations-Organic-Logo-510x57.png 510w, https:\/\/dutchhealthstore.com\/wp-content\/uploads\/2018\/02\/Living-Libations-Organic-Logo-768x85.png 768w, https:\/\/dutchhealthstore.com\/wp-content\/uploads\/2018\/02\/Living-Libations-Organic-Logo.png 1400w\" sizes=\"(max-width: 800px) 100vw, 800px\" \/><\/p>\n","protected":false},"excerpt":{"rendered":"<p>Living Libations <strong>Cacao Absolute<\/strong> est une manifestation liquide des anciens rituels de chocolat, des \u00e9lixirs et de la v\u00e9n\u00e9ration divine du chocolat.<br \/>\nExtraite des f\u00e8ves de cacao s\u00e9ch\u00e9es au soleil, cette absolue est une expression riche et concentr\u00e9e de tout ce qui fait du chocolat \u00ab\u00a0la nourriture des dieux\u00a0\u00bb.<\/p>\n","protected":false},"featured_media":109090,"comment_status":"open","ping_status":"closed","template":"","meta":[],"product_brand":[],"product_cat":[6734,1507,1211,1209,3757,6733],"product_tag":[8678,4495],"class_list":{"0":"post-116526","1":"product","2":"type-product","3":"status-publish","4":"has-post-thumbnail","6":"product_cat-essential-oils","7":"product_cat-plantes-huiles-essentielles-living-libations","8":"product_cat-living-libations-france","9":"product_cat-par-marques","10":"product_cat-plantes-huiles-essentielles","11":"product_cat-wellness-fr-2","12":"product_tag-absolute-fr","13":"product_tag-essential-oil-fr","14":"pa_brand-livinglibations-fr","15":"pa_essential-oils-product-type-essential-oils-fr","16":"pa_size-5-ml-fr","18":"first","19":"instock","20":"taxable","21":"shipping-taxable","22":"purchasable","23":"product-type-simple"},"bundled_by":[],"bundle_stock_status":"instock","bundle_stock_quantity":3,"bundle_virtual":false,"bundle_layout":"","bundle_add_to_cart_form_location":"","bundle_editable_in_cart":false,"bundle_sold_individually_context":"","bundle_item_grouping":"","bundle_min_size":"","bundle_max_size":"","bundle_price":[],"bundled_items":[],"bundle_sell_ids":[],"atum_controlled":true,"out_stock_date":null,"out_stock_threshold":null,"inheritable":false,"stock_on_hold":0,"sold_today":0,"sales_last_days":0,"out_stock_days":30,"lost_sales":394,"update_date":"2026-04-09T11:40:11","atum_locations":[],"atum_stock_status":"instock","restock_status":false,"low_stock_amount":"","sales_update_date":"2026-04-09T11:40:11","calc_backorders":null,"group_of_quantity":0,"min_quantity":0,"max_quantity":"","exclude_order_quantity_value_rules":"no","exclude_category_quantity_rules":"no","combine_variations":"no","yoast_head":"<!-- This site is optimized with the Yoast SEO Premium plugin v26.5 (Yoast SEO v26.5) - https:\/\/yoast.com\/wordpress\/plugins\/seo\/ -->\n<title>Cacao Absolute | Living Libations<\/title>\n<meta name=\"description\" content=\"Extraite des f\u00e8ves de cacao s\u00e9ch\u00e9es au soleil, cette absolue est une expression riche et concentr\u00e9e de tout ce qui fait du chocolat &quot;la nourriture des dieux&quot;.\" \/>\n<meta name=\"robots\" content=\"index, follow, max-snippet:-1, max-image-preview:large, max-video-preview:-1\" \/>\n<link rel=\"canonical\" href=\"https:\/\/dutchhealthstore.com\/fr\/product\/cacao-absolute\/\" \/>\n<meta property=\"og:locale\" content=\"fr_FR\" \/>\n<meta property=\"og:type\" content=\"article\" \/>\n<meta property=\"og:title\" content=\"Cacao Absolute - Dutch Health Store\" \/>\n<meta property=\"og:description\" content=\"Extraite des f\u00e8ves de cacao s\u00e9ch\u00e9es au soleil, cette absolue est une expression riche et concentr\u00e9e de tout ce qui fait du chocolat &quot;la nourriture des dieux&quot;.\" \/>\n<meta property=\"og:url\" content=\"https:\/\/dutchhealthstore.com\/fr\/product\/cacao-absolute\/\" \/>\n<meta property=\"og:site_name\" content=\"Dutch Health Store\" \/>\n<meta property=\"article:publisher\" content=\"https:\/\/www.instagram.com\/dutchhealthstore\/\" \/>\n<meta property=\"article:modified_time\" content=\"2025-09-23T13:20:13+00:00\" \/>\n<meta property=\"og:image\" content=\"https:\/\/dutchhealthstore.com\/wp-content\/uploads\/2020\/06\/Living-Libations-Cacao-Absolute-e1593085069508.jpg\" \/>\n\t<meta property=\"og:image:width\" content=\"500\" \/>\n\t<meta property=\"og:image:height\" content=\"500\" \/>\n\t<meta property=\"og:image:type\" content=\"image\/jpeg\" \/>\n<meta name=\"twitter:card\" content=\"summary_large_image\" \/>\n<meta name=\"twitter:label1\" content=\"Prix\" \/>\n\t<meta name=\"twitter:data1\" content=\"&euro;46,00\" \/>\n\t<meta name=\"twitter:label2\" content=\"Disponibilit\u00e9\" \/>\n\t<meta name=\"twitter:data2\" content=\"En stock\" \/>\n<script type=\"application\/ld+json\" class=\"yoast-schema-graph\">{\"@context\":\"https:\/\/schema.org\",\"@graph\":[{\"@type\":\"WebPage\",\"@id\":\"https:\/\/dutchhealthstore.com\/fr\/product\/cacao-absolute\/\",\"url\":\"https:\/\/dutchhealthstore.com\/fr\/product\/cacao-absolute\/\",\"name\":\"Cacao Absolute | Living Libations\",\"isPartOf\":{\"@id\":\"https:\/\/dutchhealthstore.com\/fr\/#website\"},\"primaryImageOfPage\":{\"@id\":\"https:\/\/dutchhealthstore.com\/fr\/product\/cacao-absolute\/#primaryimage\"},\"image\":{\"@id\":\"https:\/\/dutchhealthstore.com\/fr\/product\/cacao-absolute\/#primaryimage\"},\"thumbnailUrl\":\"https:\/\/dutchhealthstore.com\/wp-content\/uploads\/2020\/06\/Living-Libations-Cacao-Absolute-e1593085069508.jpg\",\"datePublished\":\"2020-06-25T09:51:10+00:00\",\"dateModified\":\"2025-09-23T13:20:13+00:00\",\"description\":\"Extraite des f\u00e8ves de cacao s\u00e9ch\u00e9es au soleil, cette absolue est une expression riche et concentr\u00e9e de tout ce qui fait du chocolat \\\"la nourriture des dieux\\\".\",\"breadcrumb\":{\"@id\":\"https:\/\/dutchhealthstore.com\/fr\/product\/cacao-absolute\/#breadcrumb\"},\"inLanguage\":\"fr-FR\",\"potentialAction\":[{\"@type\":\"ReadAction\",\"target\":[\"https:\/\/dutchhealthstore.com\/fr\/product\/cacao-absolute\/\"]}]},{\"@type\":\"ImageObject\",\"inLanguage\":\"fr-FR\",\"@id\":\"https:\/\/dutchhealthstore.com\/fr\/product\/cacao-absolute\/#primaryimage\",\"url\":\"https:\/\/dutchhealthstore.com\/wp-content\/uploads\/2020\/06\/Living-Libations-Cacao-Absolute-e1593085069508.jpg\",\"contentUrl\":\"https:\/\/dutchhealthstore.com\/wp-content\/uploads\/2020\/06\/Living-Libations-Cacao-Absolute-e1593085069508.jpg\",\"width\":500,\"height\":500},{\"@type\":\"BreadcrumbList\",\"@id\":\"https:\/\/dutchhealthstore.com\/fr\/product\/cacao-absolute\/#breadcrumb\",\"itemListElement\":[{\"@type\":\"ListItem\",\"position\":1,\"name\":\"Home\",\"item\":\"https:\/\/dutchhealthstore.com\/fr\/\"},{\"@type\":\"ListItem\",\"position\":2,\"name\":\"Shop\",\"item\":\"https:\/\/dutchhealthstore.com\/fr\/shop\/\"},{\"@type\":\"ListItem\",\"position\":3,\"name\":\"Cacao Absolute\"}]},{\"@type\":\"WebSite\",\"@id\":\"https:\/\/dutchhealthstore.com\/fr\/#website\",\"url\":\"https:\/\/dutchhealthstore.com\/fr\/\",\"name\":\"Dutch Health Store\",\"description\":\"Enhance Your Beauty with Organic &amp; Natural Skincare\",\"publisher\":{\"@id\":\"https:\/\/dutchhealthstore.com\/fr\/#organization\"},\"potentialAction\":[{\"@type\":\"SearchAction\",\"target\":{\"@type\":\"EntryPoint\",\"urlTemplate\":\"https:\/\/dutchhealthstore.com\/fr\/?s={search_term_string}\"},\"query-input\":{\"@type\":\"PropertyValueSpecification\",\"valueRequired\":true,\"valueName\":\"search_term_string\"}}],\"inLanguage\":\"fr-FR\"},{\"@type\":\"Organization\",\"@id\":\"https:\/\/dutchhealthstore.com\/fr\/#organization\",\"name\":\"Dutch Health Store\",\"url\":\"https:\/\/dutchhealthstore.com\/fr\/\",\"logo\":{\"@type\":\"ImageObject\",\"inLanguage\":\"fr-FR\",\"@id\":\"https:\/\/dutchhealthstore.com\/fr\/#\/schema\/logo\/image\/\",\"url\":\"https:\/\/dutchhealthstore.com\/wp-content\/uploads\/2020\/08\/logo-dutchhealthstore-jpg-e1599484957574.jpg\",\"contentUrl\":\"https:\/\/dutchhealthstore.com\/wp-content\/uploads\/2020\/08\/logo-dutchhealthstore-jpg-e1599484957574.jpg\",\"width\":400,\"height\":62,\"caption\":\"Dutch Health Store\"},\"image\":{\"@id\":\"https:\/\/dutchhealthstore.com\/fr\/#\/schema\/logo\/image\/\"},\"sameAs\":[\"https:\/\/www.instagram.com\/dutchhealthstore\/\",\"https:\/\/www.facebook.com\/dutchhealthstore\"]}]}<\/script>\n<meta property=\"product:brand\" content=\"Living Libations\" \/>\n<meta property=\"product:price:amount\" content=\"46.00\" \/>\n<meta property=\"product:price:currency\" content=\"EUR\" \/>\n<meta property=\"og:availability\" content=\"instock\" \/>\n<meta property=\"product:availability\" content=\"instock\" \/>\n<meta property=\"product:condition\" content=\"new\" \/>\n<!-- \/ Yoast SEO Premium plugin. -->","yoast_head_json":{"title":"Cacao Absolute | Living Libations","description":"Extraite des f\u00e8ves de cacao s\u00e9ch\u00e9es au soleil, cette absolue est une expression riche et concentr\u00e9e de tout ce qui fait du chocolat \"la nourriture des dieux\".","robots":{"index":"index","follow":"follow","max-snippet":"max-snippet:-1","max-image-preview":"max-image-preview:large","max-video-preview":"max-video-preview:-1"},"canonical":"https:\/\/dutchhealthstore.com\/fr\/product\/cacao-absolute\/","og_locale":"fr_FR","og_type":"article","og_title":"Cacao Absolute - Dutch Health Store","og_description":"Extraite des f\u00e8ves de cacao s\u00e9ch\u00e9es au soleil, cette absolue est une expression riche et concentr\u00e9e de tout ce qui fait du chocolat \"la nourriture des dieux\".","og_url":"https:\/\/dutchhealthstore.com\/fr\/product\/cacao-absolute\/","og_site_name":"Dutch Health Store","article_publisher":"https:\/\/www.instagram.com\/dutchhealthstore\/","article_modified_time":"2025-09-23T13:20:13+00:00","og_image":[{"width":500,"height":500,"url":"https:\/\/dutchhealthstore.com\/wp-content\/uploads\/2020\/06\/Living-Libations-Cacao-Absolute-e1593085069508.jpg","type":"image\/jpeg"}],"twitter_card":"summary_large_image","twitter_misc":{"Prix":"&euro;46,00","Disponibilit\u00e9":"En stock"},"schema":{"@context":"https:\/\/schema.org","@graph":[{"@type":"WebPage","@id":"https:\/\/dutchhealthstore.com\/fr\/product\/cacao-absolute\/","url":"https:\/\/dutchhealthstore.com\/fr\/product\/cacao-absolute\/","name":"Cacao Absolute | Living Libations","isPartOf":{"@id":"https:\/\/dutchhealthstore.com\/fr\/#website"},"primaryImageOfPage":{"@id":"https:\/\/dutchhealthstore.com\/fr\/product\/cacao-absolute\/#primaryimage"},"image":{"@id":"https:\/\/dutchhealthstore.com\/fr\/product\/cacao-absolute\/#primaryimage"},"thumbnailUrl":"https:\/\/dutchhealthstore.com\/wp-content\/uploads\/2020\/06\/Living-Libations-Cacao-Absolute-e1593085069508.jpg","datePublished":"2020-06-25T09:51:10+00:00","dateModified":"2025-09-23T13:20:13+00:00","description":"Extraite des f\u00e8ves de cacao s\u00e9ch\u00e9es au soleil, cette absolue est une expression riche et concentr\u00e9e de tout ce qui fait du chocolat \"la nourriture des dieux\".","breadcrumb":{"@id":"https:\/\/dutchhealthstore.com\/fr\/product\/cacao-absolute\/#breadcrumb"},"inLanguage":"fr-FR","potentialAction":[{"@type":"ReadAction","target":["https:\/\/dutchhealthstore.com\/fr\/product\/cacao-absolute\/"]}]},{"@type":"ImageObject","inLanguage":"fr-FR","@id":"https:\/\/dutchhealthstore.com\/fr\/product\/cacao-absolute\/#primaryimage","url":"https:\/\/dutchhealthstore.com\/wp-content\/uploads\/2020\/06\/Living-Libations-Cacao-Absolute-e1593085069508.jpg","contentUrl":"https:\/\/dutchhealthstore.com\/wp-content\/uploads\/2020\/06\/Living-Libations-Cacao-Absolute-e1593085069508.jpg","width":500,"height":500},{"@type":"BreadcrumbList","@id":"https:\/\/dutchhealthstore.com\/fr\/product\/cacao-absolute\/#breadcrumb","itemListElement":[{"@type":"ListItem","position":1,"name":"Home","item":"https:\/\/dutchhealthstore.com\/fr\/"},{"@type":"ListItem","position":2,"name":"Shop","item":"https:\/\/dutchhealthstore.com\/fr\/shop\/"},{"@type":"ListItem","position":3,"name":"Cacao Absolute"}]},{"@type":"WebSite","@id":"https:\/\/dutchhealthstore.com\/fr\/#website","url":"https:\/\/dutchhealthstore.com\/fr\/","name":"Dutch Health Store","description":"Enhance Your Beauty with Organic &amp; Natural Skincare","publisher":{"@id":"https:\/\/dutchhealthstore.com\/fr\/#organization"},"potentialAction":[{"@type":"SearchAction","target":{"@type":"EntryPoint","urlTemplate":"https:\/\/dutchhealthstore.com\/fr\/?s={search_term_string}"},"query-input":{"@type":"PropertyValueSpecification","valueRequired":true,"valueName":"search_term_string"}}],"inLanguage":"fr-FR"},{"@type":"Organization","@id":"https:\/\/dutchhealthstore.com\/fr\/#organization","name":"Dutch Health Store","url":"https:\/\/dutchhealthstore.com\/fr\/","logo":{"@type":"ImageObject","inLanguage":"fr-FR","@id":"https:\/\/dutchhealthstore.com\/fr\/#\/schema\/logo\/image\/","url":"https:\/\/dutchhealthstore.com\/wp-content\/uploads\/2020\/08\/logo-dutchhealthstore-jpg-e1599484957574.jpg","contentUrl":"https:\/\/dutchhealthstore.com\/wp-content\/uploads\/2020\/08\/logo-dutchhealthstore-jpg-e1599484957574.jpg","width":400,"height":62,"caption":"Dutch Health Store"},"image":{"@id":"https:\/\/dutchhealthstore.com\/fr\/#\/schema\/logo\/image\/"},"sameAs":["https:\/\/www.instagram.com\/dutchhealthstore\/","https:\/\/www.facebook.com\/dutchhealthstore"]}]},"product_brand":"Living Libations","product_price_amount":"46.00","product_price_currency":"EUR","og_availability":"instock","product_availability":"instock","product_condition":"new"},"_links":{"self":[{"href":"https:\/\/dutchhealthstore.com\/fr\/wp-json\/wp\/v2\/product\/116526","targetHints":{"allow":["GET"]}}],"collection":[{"href":"https:\/\/dutchhealthstore.com\/fr\/wp-json\/wp\/v2\/product"}],"about":[{"href":"https:\/\/dutchhealthstore.com\/fr\/wp-json\/wp\/v2\/types\/product"}],"replies":[{"embeddable":true,"href":"https:\/\/dutchhealthstore.com\/fr\/wp-json\/wp\/v2\/comments?post=116526"}],"wp:featuredmedia":[{"embeddable":true,"href":"https:\/\/dutchhealthstore.com\/fr\/wp-json\/wp\/v2\/media\/109090"}],"wp:attachment":[{"href":"https:\/\/dutchhealthstore.com\/fr\/wp-json\/wp\/v2\/media?parent=116526"}],"wp:term":[{"taxonomy":"product_brand","embeddable":true,"href":"https:\/\/dutchhealthstore.com\/fr\/wp-json\/wp\/v2\/product_brand?post=116526"},{"taxonomy":"product_cat","embeddable":true,"href":"https:\/\/dutchhealthstore.com\/fr\/wp-json\/wp\/v2\/product_cat?post=116526"},{"taxonomy":"product_tag","embeddable":true,"href":"https:\/\/dutchhealthstore.com\/fr\/wp-json\/wp\/v2\/product_tag?post=116526"}],"curies":[{"name":"wp","href":"https:\/\/api.w.org\/{rel}","templated":true}]}}