{"id":116417,"date":"2018-02-10T21:09:05","date_gmt":"2018-02-10T20:09:05","guid":{"rendered":"https:\/\/dutchhealthstore.com\/product\/buddhawood-essential-oil\/"},"modified":"2023-01-31T11:22:48","modified_gmt":"2023-01-31T11:22:48","slug":"buddhawood-essential-oil","status":"publish","type":"product","link":"https:\/\/dutchhealthstore.com\/fr\/product\/buddhawood-essential-oil\/","title":{"rendered":"Buddhawood Essential Oil"},"content":{"rendered":"<p><strong><img decoding=\"async\" class=\"alignright size-full wp-image-37041\" src=\"https:\/\/dutchhealthstore.com\/wp-content\/uploads\/2018\/04\/Living_Libations-1.png\" alt=\"Organic &amp; Natural Beautyproducts - Living Libations\" width=\"175\" height=\"82\"><\/strong><\/p>\n<p><strong>Nom botanique :<\/strong> Eremophillia mitchelli<br \/>\n<strong>Famille botanique :<\/strong> Myoporaceae<br \/>\n<strong>M\u00e9thode d&rsquo;extraction :<\/strong> Distillation \u00e0 la vapeur<br \/>\n<strong>Partie de la plante distill\u00e9e :<\/strong> Bois et \u00e9corce Pays d&rsquo;origine : Australie<br \/>\n<strong>M\u00e9thode de culture :<\/strong> Sauvage<br \/>\n<strong>Composition :<\/strong> 100 % Eremophillia mitchelli<br \/>\n<strong>Consistance :<\/strong> Viscosit\u00e9 \u00e9paisse<\/p>\n<h3>Analyses de produits<\/h3>\n<p>Veuillez cliquer sur le lien ci-dessous pour lire le certificat d&rsquo;analyse du produit.<\/p>\n<p><a href=\"https:\/\/dutchhealthstore.com\/wp-content\/uploads\/2019\/05\/ANALYSIS-Buddhawood-Essential-Oil-Living-Libations.pdf\" rel=\"noopener\"><img decoding=\"async\" class=\"alignleft wp-image-56302 size-full\" src=\"https:\/\/dutchhealthstore.com\/wp-content\/uploads\/2019\/05\/logo-pdf-navi-organics.jpg\" alt=\"logo pdf navi organics\" width=\"100\" height=\"104\"><\/a><\/p>\n<p>&nbsp;<\/p>\n<p>&nbsp;<\/p>\n<p>&nbsp;<\/p>\n<p>&nbsp;<\/p>\n<h3>Description de l&rsquo;odeur<\/h3>\n<p>Bois et mousse avec un \u00e9clat r\u00e9sineux, fum\u00e9, balsamique et cuir.<\/p>\n<h3>Se marie bien avec<\/h3>\n<p>Sauge, c\u00e8dre, bergamote, jasmin, v\u00e9tiver, patchouli, palo santo, citron vert, santal, marjolaine, poivre noir, mousse de ch\u00eane, mandarine, nard, thym, tabac et pamplemousse.<\/p>\n<h3>Utilisations<\/h3>\n<p>Le bois de Bouddha bien-aim\u00e9 peut \u00eatre utilis\u00e9 pour oindre le corps pendant la m\u00e9ditation tout en centrant les \u00e9motions et en ancrant l&rsquo;esprit. Cette huile a peut-\u00eatre \u00e9t\u00e9 nomm\u00e9e pour sa capacit\u00e9 \u00ab\u00a0semblable \u00e0 celle de Bouddha\u00a0\u00bb \u00e0 adoucir les pens\u00e9es fr\u00e9n\u00e9tiques et \u00e0 permettre \u00e0 la clart\u00e9 de s&rsquo;\u00e9panouir. Ajoutez l&rsquo;huile de bois de bouddha comme fixateur ou note de base dans les parfums et eaux de Cologne masculins. Quelques gouttes dans un bain ou dans un diffuseur d\u00e9clencheront des niveaux de purification in\u00e9gal\u00e9s.<\/p>\n<p><strong>Buddha Wood Essential Oil<\/strong> est une essence riche et bois\u00e9e recueillie \u00e0 partir de l&rsquo;\u00e9corce d&rsquo;arbustes qui poussent \u00e0 l&rsquo;\u00e9tat sauvage dans le sud de l&rsquo;Australie. Le bois de Bouddha est un proche cousin biochimique du bois d&rsquo;agar, les deux bois aromatiques contenant des c\u00e9tones sesquiterp\u00e9niques, l&rsquo;\u00e9rmophilone, l&rsquo;hydroxyeremophilone et l&rsquo;hydroxy-dihydroeremophilone. Le nom botanique, Eremophila, signifie aimer un endroit solitaire. Cette infusion de bois de Bouddha touche le c\u0153ur m\u00eame de votre \u00eatre, la sph\u00e8re int\u00e9rieure o\u00f9 la solitude sereine est proche et ch\u00e8re. Le bois de Bouddha est l&rsquo;un des bois les plus parfum\u00e9s \u00e0 provenir du pays des antipodes. Il est connu pour \u00eatre une huile terreuse et fondatrice. Son ar\u00f4me l\u00e9g\u00e8rement fum\u00e9 et moussu est r\u00e9put\u00e9 pour centrer l&rsquo;esprit.<br \/>\nFaites appel \u00e0 votre Bouddha int\u00e9rieur avec cette essence d&rsquo;\u00e9corce bienveillante.<\/p>\n<p><strong>Taille : 5 ml, 15 ml et 30 ml<\/strong><\/p>\n<h3>Ingr\u00e9dients biologiques<\/h3>\n<p>100% huile essentielle de bois de Bouddha (Eremophillia mitchelli).<\/p>\n<p style=\"text-align: center;\"><em>\u00ab\u00a0Si vous vous sentez seul quand vous \u00eates seul, vous \u00eates en mauvaise compagnie.\u00a0\u00bb<\/em><br \/>\n\u223c Jean-Paul Sartre<\/p>\n<p style=\"text-align: center;\"><em>\u00ab\u00a0Le meilleur rem\u00e8de pour ceux qui ont peur, qui se sentent seuls ou malheureux, c&rsquo;est d&rsquo;aller dehors, dans un endroit o\u00f9&#8230;<\/em><br \/>\n<em>ils peuvent \u00eatre tranquilles, seuls avec les cieux, la nature et Dieu. <\/em><br \/>\n<em>Parce que c&rsquo;est seulement \u00e0 ce moment-l\u00e0 que l&rsquo;on sent que tout est comme il se doit.\u00a0\u00bb <\/em><br \/>\n\u223c Anne Frank<\/p>\n<p>&nbsp;<\/p>\n<p><img fetchpriority=\"high\" decoding=\"async\" class=\"aligncenter size-full wp-image-31577\" src=\"https:\/\/dutchhealthstore.com\/wp-content\/uploads\/2018\/03\/organic_big.png\" alt=\"Organic and Natural - Living Libations\" width=\"623\" height=\"103\" srcset=\"https:\/\/dutchhealthstore.com\/wp-content\/uploads\/2018\/03\/organic_big.png 623w, https:\/\/dutchhealthstore.com\/wp-content\/uploads\/2018\/03\/organic_big-510x84.png 510w, https:\/\/dutchhealthstore.com\/wp-content\/uploads\/2018\/03\/organic_big-600x99.png 600w, https:\/\/dutchhealthstore.com\/wp-content\/uploads\/2018\/03\/organic_big-350x58.png 350w\" sizes=\"(max-width: 623px) 100vw, 623px\" \/><\/p>\n","protected":false},"excerpt":{"rendered":"<p><strong>Buddha Wood Essential Oil<\/strong> bienveillant est une offrande d&rsquo;une \u00e9corce de rem\u00e8de ravageur pour l&rsquo;illumination de tous les \u00eatres. Il est parfois utilis\u00e9 comme substitut l\u00e9g\u00e8rement moins sucr\u00e9 du bois de santal dans les parfums ou les m\u00e9langes. \u00c9galement connu sous le nom de faux santal, de buis et de bois de rose du d\u00e9sert australien, le bois de Bouddha a un parfum bois\u00e9, terreux et fum\u00e9 qui ajoute une note de base agr\u00e9able aux m\u00e9langes fum\u00e9s et cuir\u00e9s.<\/p>\n","protected":false},"featured_media":58683,"comment_status":"open","ping_status":"closed","template":"","meta":[],"product_brand":[],"product_cat":[6734,1507,1211,1209,3757,1010,6733],"product_tag":[4495],"class_list":{"0":"post-116417","1":"product","2":"type-product","3":"status-publish","4":"has-post-thumbnail","6":"product_cat-essential-oils","7":"product_cat-plantes-huiles-essentielles-living-libations","8":"product_cat-living-libations-france","9":"product_cat-par-marques","10":"product_cat-plantes-huiles-essentielles","11":"product_cat-notre-boutique","12":"product_cat-wellness-fr-2","13":"product_tag-essential-oil-fr","14":"pa_brand-livinglibations-fr","15":"pa_essential-oils-product-type-essential-oils-fr","16":"pa_size-15-ml-fr","17":"pa_size-30-ml-fr","18":"pa_size-5-ml-fr","20":"first","21":"instock","22":"taxable","23":"shipping-taxable","24":"purchasable","25":"product-type-variable"},"bundled_by":[],"bundle_stock_status":"instock","bundle_stock_quantity":null,"bundle_virtual":false,"bundle_layout":"","bundle_add_to_cart_form_location":"","bundle_editable_in_cart":false,"bundle_sold_individually_context":"","bundle_item_grouping":"","bundle_min_size":"","bundle_max_size":"","bundle_price":[],"bundled_items":[],"bundle_sell_ids":[],"atum_controlled":true,"out_stock_date":null,"out_stock_threshold":null,"inheritable":true,"stock_on_hold":0,"sold_today":0,"sales_last_days":0,"out_stock_days":0,"lost_sales":0,"update_date":"2026-04-30T00:14:56","atum_locations":[],"atum_stock_status":"instock","restock_status":false,"low_stock_amount":"","sales_update_date":"2026-04-30T00:14:56","calc_backorders":null,"group_of_quantity":0,"min_quantity":0,"max_quantity":"","exclude_order_quantity_value_rules":"no","exclude_category_quantity_rules":"no","combine_variations":"no","yoast_head":"<!-- This site is optimized with the Yoast SEO Premium plugin v26.5 (Yoast SEO v26.5) - https:\/\/yoast.com\/wordpress\/plugins\/seo\/ -->\n<title>Buddhawood Essential Oil | Organic &amp; Natural | Living Libations<\/title>\n<meta name=\"description\" content=\"Buddha Wood Essential Oil bienveillant est une offrande d&#039;une \u00e9corce de rem\u00e8de ravageur pour l&#039;illumination de tous les \u00eatres.\" \/>\n<meta name=\"robots\" content=\"index, follow, max-snippet:-1, max-image-preview:large, max-video-preview:-1\" \/>\n<link rel=\"canonical\" href=\"https:\/\/dutchhealthstore.com\/fr\/product\/buddhawood-essential-oil\/\" \/>\n<meta property=\"og:locale\" content=\"fr_FR\" \/>\n<meta property=\"og:type\" content=\"article\" \/>\n<meta property=\"og:title\" content=\"Buddhawood Essential Oil - Dutch Health Store\" \/>\n<meta property=\"og:description\" content=\"Buddha Wood Essential Oil bienveillant est une offrande d&#039;une \u00e9corce de rem\u00e8de ravageur pour l&#039;illumination de tous les \u00eatres.\" \/>\n<meta property=\"og:url\" content=\"https:\/\/dutchhealthstore.com\/fr\/product\/buddhawood-essential-oil\/\" \/>\n<meta property=\"og:site_name\" content=\"Dutch Health Store\" \/>\n<meta property=\"article:publisher\" content=\"https:\/\/www.instagram.com\/dutchhealthstore\/\" \/>\n<meta property=\"article:modified_time\" content=\"2023-01-31T11:22:48+00:00\" \/>\n<meta property=\"og:image\" content=\"https:\/\/dutchhealthstore.com\/wp-content\/uploads\/2018\/02\/Living-Libations-Buddhawood-Essential-Oil.jpg\" \/>\n\t<meta property=\"og:image:width\" content=\"500\" \/>\n\t<meta property=\"og:image:height\" content=\"500\" \/>\n\t<meta property=\"og:image:type\" content=\"image\/jpeg\" \/>\n<meta name=\"twitter:card\" content=\"summary_large_image\" \/>\n<meta name=\"twitter:label1\" content=\"Disponibilit\u00e9\" \/>\n\t<meta name=\"twitter:data1\" content=\"En stock\" \/>\n<script type=\"application\/ld+json\" class=\"yoast-schema-graph\">{\"@context\":\"https:\/\/schema.org\",\"@graph\":[{\"@type\":\"WebPage\",\"@id\":\"https:\/\/dutchhealthstore.com\/fr\/product\/buddhawood-essential-oil\/\",\"url\":\"https:\/\/dutchhealthstore.com\/fr\/product\/buddhawood-essential-oil\/\",\"name\":\"Buddhawood Essential Oil | Organic & Natural | Living Libations\",\"isPartOf\":{\"@id\":\"https:\/\/dutchhealthstore.com\/fr\/#website\"},\"primaryImageOfPage\":{\"@id\":\"https:\/\/dutchhealthstore.com\/fr\/product\/buddhawood-essential-oil\/#primaryimage\"},\"image\":{\"@id\":\"https:\/\/dutchhealthstore.com\/fr\/product\/buddhawood-essential-oil\/#primaryimage\"},\"thumbnailUrl\":\"https:\/\/dutchhealthstore.com\/wp-content\/uploads\/2018\/02\/Living-Libations-Buddhawood-Essential-Oil.jpg\",\"datePublished\":\"2018-02-10T20:09:05+00:00\",\"dateModified\":\"2023-01-31T11:22:48+00:00\",\"description\":\"Buddha Wood Essential Oil bienveillant est une offrande d'une \u00e9corce de rem\u00e8de ravageur pour l'illumination de tous les \u00eatres.\",\"breadcrumb\":{\"@id\":\"https:\/\/dutchhealthstore.com\/fr\/product\/buddhawood-essential-oil\/#breadcrumb\"},\"inLanguage\":\"fr-FR\",\"potentialAction\":[{\"@type\":\"ReadAction\",\"target\":[\"https:\/\/dutchhealthstore.com\/fr\/product\/buddhawood-essential-oil\/\"]}]},{\"@type\":\"ImageObject\",\"inLanguage\":\"fr-FR\",\"@id\":\"https:\/\/dutchhealthstore.com\/fr\/product\/buddhawood-essential-oil\/#primaryimage\",\"url\":\"https:\/\/dutchhealthstore.com\/wp-content\/uploads\/2018\/02\/Living-Libations-Buddhawood-Essential-Oil.jpg\",\"contentUrl\":\"https:\/\/dutchhealthstore.com\/wp-content\/uploads\/2018\/02\/Living-Libations-Buddhawood-Essential-Oil.jpg\",\"width\":500,\"height\":500,\"caption\":\"Living Libations - Buddhawood Essential Oil\"},{\"@type\":\"BreadcrumbList\",\"@id\":\"https:\/\/dutchhealthstore.com\/fr\/product\/buddhawood-essential-oil\/#breadcrumb\",\"itemListElement\":[{\"@type\":\"ListItem\",\"position\":1,\"name\":\"Home\",\"item\":\"https:\/\/dutchhealthstore.com\/fr\/\"},{\"@type\":\"ListItem\",\"position\":2,\"name\":\"Shop\",\"item\":\"https:\/\/dutchhealthstore.com\/fr\/shop\/\"},{\"@type\":\"ListItem\",\"position\":3,\"name\":\"Buddhawood Essential Oil\"}]},{\"@type\":\"WebSite\",\"@id\":\"https:\/\/dutchhealthstore.com\/fr\/#website\",\"url\":\"https:\/\/dutchhealthstore.com\/fr\/\",\"name\":\"Dutch Health Store\",\"description\":\"Enhance Your Beauty with Organic &amp; Natural Skincare\",\"publisher\":{\"@id\":\"https:\/\/dutchhealthstore.com\/fr\/#organization\"},\"potentialAction\":[{\"@type\":\"SearchAction\",\"target\":{\"@type\":\"EntryPoint\",\"urlTemplate\":\"https:\/\/dutchhealthstore.com\/fr\/?s={search_term_string}\"},\"query-input\":{\"@type\":\"PropertyValueSpecification\",\"valueRequired\":true,\"valueName\":\"search_term_string\"}}],\"inLanguage\":\"fr-FR\"},{\"@type\":\"Organization\",\"@id\":\"https:\/\/dutchhealthstore.com\/fr\/#organization\",\"name\":\"Dutch Health Store\",\"url\":\"https:\/\/dutchhealthstore.com\/fr\/\",\"logo\":{\"@type\":\"ImageObject\",\"inLanguage\":\"fr-FR\",\"@id\":\"https:\/\/dutchhealthstore.com\/fr\/#\/schema\/logo\/image\/\",\"url\":\"https:\/\/dutchhealthstore.com\/wp-content\/uploads\/2020\/08\/logo-dutchhealthstore-jpg-e1599484957574.jpg\",\"contentUrl\":\"https:\/\/dutchhealthstore.com\/wp-content\/uploads\/2020\/08\/logo-dutchhealthstore-jpg-e1599484957574.jpg\",\"width\":400,\"height\":62,\"caption\":\"Dutch Health Store\"},\"image\":{\"@id\":\"https:\/\/dutchhealthstore.com\/fr\/#\/schema\/logo\/image\/\"},\"sameAs\":[\"https:\/\/www.instagram.com\/dutchhealthstore\/\",\"https:\/\/www.facebook.com\/dutchhealthstore\"]}]}<\/script>\n<meta property=\"product:brand\" content=\"Living Libations\" \/>\n<meta property=\"og:availability\" content=\"instock\" \/>\n<meta property=\"product:availability\" content=\"instock\" \/>\n<meta property=\"product:condition\" content=\"new\" \/>\n<!-- \/ Yoast SEO Premium plugin. -->","yoast_head_json":{"title":"Buddhawood Essential Oil | Organic & Natural | Living Libations","description":"Buddha Wood Essential Oil bienveillant est une offrande d'une \u00e9corce de rem\u00e8de ravageur pour l'illumination de tous les \u00eatres.","robots":{"index":"index","follow":"follow","max-snippet":"max-snippet:-1","max-image-preview":"max-image-preview:large","max-video-preview":"max-video-preview:-1"},"canonical":"https:\/\/dutchhealthstore.com\/fr\/product\/buddhawood-essential-oil\/","og_locale":"fr_FR","og_type":"article","og_title":"Buddhawood Essential Oil - Dutch Health Store","og_description":"Buddha Wood Essential Oil bienveillant est une offrande d'une \u00e9corce de rem\u00e8de ravageur pour l'illumination de tous les \u00eatres.","og_url":"https:\/\/dutchhealthstore.com\/fr\/product\/buddhawood-essential-oil\/","og_site_name":"Dutch Health Store","article_publisher":"https:\/\/www.instagram.com\/dutchhealthstore\/","article_modified_time":"2023-01-31T11:22:48+00:00","og_image":[{"width":500,"height":500,"url":"https:\/\/dutchhealthstore.com\/wp-content\/uploads\/2018\/02\/Living-Libations-Buddhawood-Essential-Oil.jpg","type":"image\/jpeg"}],"twitter_card":"summary_large_image","twitter_misc":{"Disponibilit\u00e9":"En stock"},"schema":{"@context":"https:\/\/schema.org","@graph":[{"@type":"WebPage","@id":"https:\/\/dutchhealthstore.com\/fr\/product\/buddhawood-essential-oil\/","url":"https:\/\/dutchhealthstore.com\/fr\/product\/buddhawood-essential-oil\/","name":"Buddhawood Essential Oil | Organic & Natural | Living Libations","isPartOf":{"@id":"https:\/\/dutchhealthstore.com\/fr\/#website"},"primaryImageOfPage":{"@id":"https:\/\/dutchhealthstore.com\/fr\/product\/buddhawood-essential-oil\/#primaryimage"},"image":{"@id":"https:\/\/dutchhealthstore.com\/fr\/product\/buddhawood-essential-oil\/#primaryimage"},"thumbnailUrl":"https:\/\/dutchhealthstore.com\/wp-content\/uploads\/2018\/02\/Living-Libations-Buddhawood-Essential-Oil.jpg","datePublished":"2018-02-10T20:09:05+00:00","dateModified":"2023-01-31T11:22:48+00:00","description":"Buddha Wood Essential Oil bienveillant est une offrande d'une \u00e9corce de rem\u00e8de ravageur pour l'illumination de tous les \u00eatres.","breadcrumb":{"@id":"https:\/\/dutchhealthstore.com\/fr\/product\/buddhawood-essential-oil\/#breadcrumb"},"inLanguage":"fr-FR","potentialAction":[{"@type":"ReadAction","target":["https:\/\/dutchhealthstore.com\/fr\/product\/buddhawood-essential-oil\/"]}]},{"@type":"ImageObject","inLanguage":"fr-FR","@id":"https:\/\/dutchhealthstore.com\/fr\/product\/buddhawood-essential-oil\/#primaryimage","url":"https:\/\/dutchhealthstore.com\/wp-content\/uploads\/2018\/02\/Living-Libations-Buddhawood-Essential-Oil.jpg","contentUrl":"https:\/\/dutchhealthstore.com\/wp-content\/uploads\/2018\/02\/Living-Libations-Buddhawood-Essential-Oil.jpg","width":500,"height":500,"caption":"Living Libations - Buddhawood Essential Oil"},{"@type":"BreadcrumbList","@id":"https:\/\/dutchhealthstore.com\/fr\/product\/buddhawood-essential-oil\/#breadcrumb","itemListElement":[{"@type":"ListItem","position":1,"name":"Home","item":"https:\/\/dutchhealthstore.com\/fr\/"},{"@type":"ListItem","position":2,"name":"Shop","item":"https:\/\/dutchhealthstore.com\/fr\/shop\/"},{"@type":"ListItem","position":3,"name":"Buddhawood Essential Oil"}]},{"@type":"WebSite","@id":"https:\/\/dutchhealthstore.com\/fr\/#website","url":"https:\/\/dutchhealthstore.com\/fr\/","name":"Dutch Health Store","description":"Enhance Your Beauty with Organic &amp; Natural Skincare","publisher":{"@id":"https:\/\/dutchhealthstore.com\/fr\/#organization"},"potentialAction":[{"@type":"SearchAction","target":{"@type":"EntryPoint","urlTemplate":"https:\/\/dutchhealthstore.com\/fr\/?s={search_term_string}"},"query-input":{"@type":"PropertyValueSpecification","valueRequired":true,"valueName":"search_term_string"}}],"inLanguage":"fr-FR"},{"@type":"Organization","@id":"https:\/\/dutchhealthstore.com\/fr\/#organization","name":"Dutch Health Store","url":"https:\/\/dutchhealthstore.com\/fr\/","logo":{"@type":"ImageObject","inLanguage":"fr-FR","@id":"https:\/\/dutchhealthstore.com\/fr\/#\/schema\/logo\/image\/","url":"https:\/\/dutchhealthstore.com\/wp-content\/uploads\/2020\/08\/logo-dutchhealthstore-jpg-e1599484957574.jpg","contentUrl":"https:\/\/dutchhealthstore.com\/wp-content\/uploads\/2020\/08\/logo-dutchhealthstore-jpg-e1599484957574.jpg","width":400,"height":62,"caption":"Dutch Health Store"},"image":{"@id":"https:\/\/dutchhealthstore.com\/fr\/#\/schema\/logo\/image\/"},"sameAs":["https:\/\/www.instagram.com\/dutchhealthstore\/","https:\/\/www.facebook.com\/dutchhealthstore"]}]},"product_brand":"Living Libations","og_availability":"instock","product_availability":"instock","product_condition":"new"},"_links":{"self":[{"href":"https:\/\/dutchhealthstore.com\/fr\/wp-json\/wp\/v2\/product\/116417","targetHints":{"allow":["GET"]}}],"collection":[{"href":"https:\/\/dutchhealthstore.com\/fr\/wp-json\/wp\/v2\/product"}],"about":[{"href":"https:\/\/dutchhealthstore.com\/fr\/wp-json\/wp\/v2\/types\/product"}],"replies":[{"embeddable":true,"href":"https:\/\/dutchhealthstore.com\/fr\/wp-json\/wp\/v2\/comments?post=116417"}],"wp:featuredmedia":[{"embeddable":true,"href":"https:\/\/dutchhealthstore.com\/fr\/wp-json\/wp\/v2\/media\/58683"}],"wp:attachment":[{"href":"https:\/\/dutchhealthstore.com\/fr\/wp-json\/wp\/v2\/media?parent=116417"}],"wp:term":[{"taxonomy":"product_brand","embeddable":true,"href":"https:\/\/dutchhealthstore.com\/fr\/wp-json\/wp\/v2\/product_brand?post=116417"},{"taxonomy":"product_cat","embeddable":true,"href":"https:\/\/dutchhealthstore.com\/fr\/wp-json\/wp\/v2\/product_cat?post=116417"},{"taxonomy":"product_tag","embeddable":true,"href":"https:\/\/dutchhealthstore.com\/fr\/wp-json\/wp\/v2\/product_tag?post=116417"}],"curies":[{"name":"wp","href":"https:\/\/api.w.org\/{rel}","templated":true}]}}