{"id":116351,"date":"2020-05-13T12:36:28","date_gmt":"2020-05-13T10:36:28","guid":{"rendered":"https:\/\/dutchhealthstore.com\/product\/boronia-absolute\/"},"modified":"2024-08-27T09:18:03","modified_gmt":"2024-08-27T07:18:03","slug":"boronia-absolute","status":"publish","type":"product","link":"https:\/\/dutchhealthstore.com\/fr\/product\/boronia-absolute\/","title":{"rendered":"Boronia Absolute"},"content":{"rendered":"<p><img decoding=\"async\" class=\"alignright size-full wp-image-69549\" src=\"https:\/\/dutchhealthstore.com\/wp-content\/uploads\/2019\/08\/NEW-Living-Libations-Logo.jpg\" alt=\"NEW - Living Libations - Logo\" width=\"175\" height=\"82\"><strong>Nom botanique : <\/strong>Boronia megastigma<br \/>\n<strong>Famille botanique :<\/strong> Rutaceae<br \/>\n<strong>M\u00e9thode d&rsquo;extraction :<\/strong> Absolue<br \/>\n<strong>Partie de la plante distill\u00e9e :<\/strong> Fleurs et feuilles<br \/>\n<strong>Country of Origin :<\/strong> Australia<br \/>\n<strong>M\u00e9thode de culture :<\/strong> Organique<br \/>\n<strong>Composition :<\/strong> 100 % Boronia megastigma<br \/>\n<strong>Consistance :<\/strong> Viscosit\u00e9 moyenne<\/p>\n<p><a href=\"https:\/\/dutchhealthstore.com\/wp-content\/uploads\/2020\/05\/ANALYSIS-Boronia-Absolute-Living-Libations.pdf\"> Cliquez ici pour lire l&rsquo;analyse du produit Boronia Absolute<\/a><\/p>\n<p><strong>Boronia<\/strong> Absolute bienveillante est une exp\u00e9rience parfum\u00e9e d\u00e9licieuse et d\u00e9lectable distill\u00e9e \u00e0 partir des p\u00e9tales diminu\u00e9s de l&rsquo;arbuste Boronia australien.<br \/>\nD&rsquo;une hauteur d&rsquo;\u00e0 peine un m\u00e8tre, cet arbuste est modeste et sans pr\u00e9tention, mais il \u00e9clate de fleurs de forme art-d\u00e9co : brun violet \u00e0 l&rsquo;ext\u00e9rieur, jaune vif \u00e0 l&rsquo;int\u00e9rieur.<br \/>\nLes p\u00e9tales forment une coupe destin\u00e9e \u00e0 accueillir les pollinisateurs, tandis que l&rsquo;ar\u00f4me complexe, fruit\u00e9 et floral de l&rsquo;huile de la fleur ne laisse d&rsquo;autre choix aux abeilles que de p\u00e9n\u00e9trer dans les plis sacr\u00e9s des p\u00e9tales.<\/p>\n<h3>Description de l&rsquo;odeur<\/h3>\n<p>Un cocktail de fruits parfum\u00e9 de p\u00eache, de framboise et d&rsquo;abricot, avec des nuances riches et complexes de violette et de bois.<\/p>\n<h3>Se marie bien avec<\/h3>\n<p>Rose, jasmin, tub\u00e9reuse, bois de santal, v\u00e9tiver, c\u00e8dre, myrte citronn\u00e9 et ylang.<\/p>\n<h3>Utilisations<\/h3>\n<p>Aromatique amoureuse. Aromath\u00e9rapie. Dissipe les inqui\u00e9tudes. Booster d&rsquo;humeur. Magnifique dans les bains.<\/p>\n<p>Intens\u00e9ment s\u00e9duisante et ouvertement convoit\u00e9e, notre Boronia Absolute au parfum bienveillant est l&rsquo;un des parfums les plus d\u00e9lectables et les plus recherch\u00e9s au monde. Distill\u00e9 \u00e0 partir des huiles douces offertes par la plante australienne Boronia en fleur, cet \u00e9lixir est captur\u00e9 au moment pr\u00e9cis o\u00f9 le stigmate de la fleur s&rsquo;ouvre pour \u00eatre pollinis\u00e9 par les abeilles. Le parfum exacerb\u00e9 attire les pollinisateurs vers la fleur, tout comme vous pouvez \u00eatre attir\u00e9 par ce bouquet floral fruit\u00e9 et chaleureux.<\/p>\n<p>Boronia Absolute est principalement utilis\u00e9 dans les arts aromatiques de la parfumerie et de l&rsquo;aromath\u00e9rapie pour son parfum in\u00e9gal\u00e9.<br \/>\nL&rsquo;huile a \u00e9t\u00e9 nomm\u00e9e d&rsquo;apr\u00e8s Francesco Borone, un jeune botaniste du 18e si\u00e8cle qui a connu une mort pr\u00e9matur\u00e9e alors qu&rsquo;il \u00e9tudiait sous la direction de Sir James Smith. Smith a donn\u00e9 \u00e0 cet arbuste odorant le nom de son prot\u00e9g\u00e9 d\u00e9c\u00e9d\u00e9, afin d&rsquo;honorer sa m\u00e9moire.<\/p>\n<p>Le parfum envo\u00fbtant de Boronia Absolute est un cadeau qui remonte le moral et inspire un int\u00e9r\u00eat renouvel\u00e9 pour l&rsquo;amour et la vie.<br \/>\nC&rsquo;est pourquoi il est souvent utilis\u00e9 comme un ar\u00f4me amoureux, mod\u00e9lisant la danse naturel qui culmine dans l&rsquo;union du pollinisateur et de la fleur.<\/p>\n<p><strong>Taille : 2,5 ml<\/strong><\/p>\n<h3>Ingr\u00e9dients biologiques<\/h3>\n<p>100% de boronia (Boronia megastigma) absolu.<\/p>\n<p style=\"text-align: center;\"><em>\u00ab\u00a0L&rsquo;absolue [boronia] est utilis\u00e9e dans les travaux de parfumerie de haut niveau, notamment les floraux. Utilis\u00e9 dans les travaux sp\u00e9cialis\u00e9s sur les ar\u00f4mes, notamment les produits riches en fruits.\u00a0\u00bb<\/em><br \/>\n~ Julia Lawless, <strong>The Encyclopedia of Essential Oils<\/strong><\/p>\n<p style=\"text-align: center;\"><em>\u00ab\u00a0La distillation \u00e0 la vapeur de Boronia megastigma ne donne qu&rsquo;une infime partie de l&rsquo;huile r\u00e9ellement contenue dans les fleurs, et l&rsquo;huile distill\u00e9e \u00e0 la vapeur poss\u00e8de une odeur tr\u00e8s diff\u00e9rente de celle de la fleur elle-m\u00eame. La m\u00e9thode la plus appropri\u00e9e pour r\u00e9cup\u00e9rer l&rsquo;huile florale naturel de B. megastigma est l&rsquo;extraction absolue&#8230;\u00a0\u00bb<\/em><br \/>\n~ Niir Board, <strong>The Complete Technology Book of Essential Oils<\/strong><\/p>\n<p><img fetchpriority=\"high\" decoding=\"async\" class=\"size-medium wp-image-68103 aligncenter\" src=\"https:\/\/dutchhealthstore.com\/wp-content\/uploads\/2018\/02\/Living-Libations-Organic-Logo-800x89.png\" alt=\"Living Libations - Organic Logo\" width=\"800\" height=\"89\" srcset=\"https:\/\/dutchhealthstore.com\/wp-content\/uploads\/2018\/02\/Living-Libations-Organic-Logo-800x89.png 800w, https:\/\/dutchhealthstore.com\/wp-content\/uploads\/2018\/02\/Living-Libations-Organic-Logo-510x57.png 510w, https:\/\/dutchhealthstore.com\/wp-content\/uploads\/2018\/02\/Living-Libations-Organic-Logo-768x85.png 768w, https:\/\/dutchhealthstore.com\/wp-content\/uploads\/2018\/02\/Living-Libations-Organic-Logo.png 1400w\" sizes=\"(max-width: 800px) 100vw, 800px\" \/><\/p>\n","protected":false},"excerpt":{"rendered":"<p><strong>Boronia<\/strong> Absolute bienveillante est une exp\u00e9rience parfum\u00e9e d\u00e9licieuse et d\u00e9lectable distill\u00e9e \u00e0 partir des p\u00e9tales diminu\u00e9s de l&rsquo;arbuste Boronia australien.<br \/>\nD&rsquo;une hauteur d&rsquo;\u00e0 peine un m\u00e8tre, cet arbuste est modeste et sans pr\u00e9tention, mais il \u00e9clate de fleurs de forme art-d\u00e9co : brun pourpre \u00e0 l&rsquo;ext\u00e9rieur, jaune vif \u00e0 l&rsquo;int\u00e9rieur.<br \/>\nLes p\u00e9tales forment une coupe destin\u00e9e \u00e0 accueillir les pollinisateurs, tandis que l&rsquo;ar\u00f4me complexe, fruit\u00e9 et floral de l&rsquo;huile de la fleur ne laisse d&rsquo;autre choix aux abeilles que de p\u00e9n\u00e9trer dans les plis sacr\u00e9s des p\u00e9tales.<\/p>\n","protected":false},"featured_media":101302,"comment_status":"open","ping_status":"closed","template":"","meta":[],"product_brand":[],"product_cat":[3754,1507,6734,1211,1209,6733],"product_tag":[8678,4495],"class_list":{"0":"post-116351","1":"product","2":"type-product","3":"status-publish","4":"has-post-thumbnail","6":"product_cat-essences-absolues","7":"product_cat-plantes-huiles-essentielles-living-libations","8":"product_cat-essential-oils","9":"product_cat-living-libations-france","10":"product_cat-par-marques","11":"product_cat-wellness-fr-2","12":"product_tag-absolute-fr","13":"product_tag-essential-oil-fr","14":"pa_brand-livinglibations-fr","15":"pa_essential-oils-product-type-absolute-essences-fr","16":"pa_essential-oils-product-type-essential-oils-fr","17":"pa_size-2-5-ml-fr","19":"first","20":"instock","21":"taxable","22":"shipping-taxable","23":"purchasable","24":"product-type-simple"},"bundled_by":[],"bundle_stock_status":"instock","bundle_stock_quantity":2,"bundle_virtual":false,"bundle_layout":"","bundle_add_to_cart_form_location":"","bundle_editable_in_cart":false,"bundle_sold_individually_context":"","bundle_item_grouping":"","bundle_min_size":"","bundle_max_size":"","bundle_price":[],"bundled_items":[],"bundle_sell_ids":[],"atum_controlled":true,"out_stock_date":null,"out_stock_threshold":null,"inheritable":false,"stock_on_hold":1,"sold_today":0,"sales_last_days":0,"out_stock_days":0,"lost_sales":0,"update_date":"2026-05-01T07:50:37","atum_locations":[],"atum_stock_status":"instock","restock_status":false,"low_stock_amount":"","sales_update_date":"2026-05-01T07:50:37","calc_backorders":null,"group_of_quantity":0,"min_quantity":0,"max_quantity":"","exclude_order_quantity_value_rules":"no","exclude_category_quantity_rules":"no","combine_variations":"no","yoast_head":"<!-- This site is optimized with the Yoast SEO Premium plugin v26.5 (Yoast SEO v26.5) - https:\/\/yoast.com\/wordpress\/plugins\/seo\/ -->\n<title>Boronia Absolute | Living Libations<\/title>\n<meta name=\"description\" content=\"Boronia Absolute bienveillante est une exp\u00e9rience parfum\u00e9e d\u00e9licieuse et d\u00e9lectable distill\u00e9e \u00e0 partir des p\u00e9tales diminu\u00e9s de l&#039;arbuste Boronia australien.\" \/>\n<meta name=\"robots\" content=\"index, follow, max-snippet:-1, max-image-preview:large, max-video-preview:-1\" \/>\n<link rel=\"canonical\" href=\"https:\/\/dutchhealthstore.com\/fr\/product\/boronia-absolute\/\" \/>\n<meta property=\"og:locale\" content=\"fr_FR\" \/>\n<meta property=\"og:type\" content=\"article\" \/>\n<meta property=\"og:title\" content=\"Boronia Absolute - Dutch Health Store\" \/>\n<meta property=\"og:description\" content=\"Boronia Absolute bienveillante est une exp\u00e9rience parfum\u00e9e d\u00e9licieuse et d\u00e9lectable distill\u00e9e \u00e0 partir des p\u00e9tales diminu\u00e9s de l&#039;arbuste Boronia australien.\" \/>\n<meta property=\"og:url\" content=\"https:\/\/dutchhealthstore.com\/fr\/product\/boronia-absolute\/\" \/>\n<meta property=\"og:site_name\" content=\"Dutch Health Store\" \/>\n<meta property=\"article:publisher\" content=\"https:\/\/www.instagram.com\/dutchhealthstore\/\" \/>\n<meta property=\"article:modified_time\" content=\"2024-08-27T07:18:03+00:00\" \/>\n<meta property=\"og:image\" content=\"https:\/\/dutchhealthstore.com\/wp-content\/uploads\/2020\/05\/Boronia-6-e1594299988960.jpg\" \/>\n\t<meta property=\"og:image:width\" content=\"500\" \/>\n\t<meta property=\"og:image:height\" content=\"500\" \/>\n\t<meta property=\"og:image:type\" content=\"image\/jpeg\" \/>\n<meta name=\"twitter:card\" content=\"summary_large_image\" \/>\n<meta name=\"twitter:label1\" content=\"Prix\" \/>\n\t<meta name=\"twitter:data1\" content=\"&euro;113,00\" \/>\n\t<meta name=\"twitter:label2\" content=\"Disponibilit\u00e9\" \/>\n\t<meta name=\"twitter:data2\" content=\"En stock\" \/>\n<script type=\"application\/ld+json\" class=\"yoast-schema-graph\">{\"@context\":\"https:\/\/schema.org\",\"@graph\":[{\"@type\":\"WebPage\",\"@id\":\"https:\/\/dutchhealthstore.com\/fr\/product\/boronia-absolute\/\",\"url\":\"https:\/\/dutchhealthstore.com\/fr\/product\/boronia-absolute\/\",\"name\":\"Boronia Absolute | Living Libations\",\"isPartOf\":{\"@id\":\"https:\/\/dutchhealthstore.com\/fr\/#website\"},\"primaryImageOfPage\":{\"@id\":\"https:\/\/dutchhealthstore.com\/fr\/product\/boronia-absolute\/#primaryimage\"},\"image\":{\"@id\":\"https:\/\/dutchhealthstore.com\/fr\/product\/boronia-absolute\/#primaryimage\"},\"thumbnailUrl\":\"https:\/\/dutchhealthstore.com\/wp-content\/uploads\/2020\/05\/Boronia-6-e1594299988960.jpg\",\"datePublished\":\"2020-05-13T10:36:28+00:00\",\"dateModified\":\"2024-08-27T07:18:03+00:00\",\"description\":\"Boronia Absolute bienveillante est une exp\u00e9rience parfum\u00e9e d\u00e9licieuse et d\u00e9lectable distill\u00e9e \u00e0 partir des p\u00e9tales diminu\u00e9s de l'arbuste Boronia australien.\",\"breadcrumb\":{\"@id\":\"https:\/\/dutchhealthstore.com\/fr\/product\/boronia-absolute\/#breadcrumb\"},\"inLanguage\":\"fr-FR\",\"potentialAction\":[{\"@type\":\"ReadAction\",\"target\":[\"https:\/\/dutchhealthstore.com\/fr\/product\/boronia-absolute\/\"]}]},{\"@type\":\"ImageObject\",\"inLanguage\":\"fr-FR\",\"@id\":\"https:\/\/dutchhealthstore.com\/fr\/product\/boronia-absolute\/#primaryimage\",\"url\":\"https:\/\/dutchhealthstore.com\/wp-content\/uploads\/2020\/05\/Boronia-6-e1594299988960.jpg\",\"contentUrl\":\"https:\/\/dutchhealthstore.com\/wp-content\/uploads\/2020\/05\/Boronia-6-e1594299988960.jpg\",\"width\":500,\"height\":500,\"caption\":\"Boronia Absolute\"},{\"@type\":\"BreadcrumbList\",\"@id\":\"https:\/\/dutchhealthstore.com\/fr\/product\/boronia-absolute\/#breadcrumb\",\"itemListElement\":[{\"@type\":\"ListItem\",\"position\":1,\"name\":\"Home\",\"item\":\"https:\/\/dutchhealthstore.com\/fr\/\"},{\"@type\":\"ListItem\",\"position\":2,\"name\":\"Shop\",\"item\":\"https:\/\/dutchhealthstore.com\/fr\/shop\/\"},{\"@type\":\"ListItem\",\"position\":3,\"name\":\"Boronia Absolute\"}]},{\"@type\":\"WebSite\",\"@id\":\"https:\/\/dutchhealthstore.com\/fr\/#website\",\"url\":\"https:\/\/dutchhealthstore.com\/fr\/\",\"name\":\"Dutch Health Store\",\"description\":\"Enhance Your Beauty with Organic &amp; Natural Skincare\",\"publisher\":{\"@id\":\"https:\/\/dutchhealthstore.com\/fr\/#organization\"},\"potentialAction\":[{\"@type\":\"SearchAction\",\"target\":{\"@type\":\"EntryPoint\",\"urlTemplate\":\"https:\/\/dutchhealthstore.com\/fr\/?s={search_term_string}\"},\"query-input\":{\"@type\":\"PropertyValueSpecification\",\"valueRequired\":true,\"valueName\":\"search_term_string\"}}],\"inLanguage\":\"fr-FR\"},{\"@type\":\"Organization\",\"@id\":\"https:\/\/dutchhealthstore.com\/fr\/#organization\",\"name\":\"Dutch Health Store\",\"url\":\"https:\/\/dutchhealthstore.com\/fr\/\",\"logo\":{\"@type\":\"ImageObject\",\"inLanguage\":\"fr-FR\",\"@id\":\"https:\/\/dutchhealthstore.com\/fr\/#\/schema\/logo\/image\/\",\"url\":\"https:\/\/dutchhealthstore.com\/wp-content\/uploads\/2020\/08\/logo-dutchhealthstore-jpg-e1599484957574.jpg\",\"contentUrl\":\"https:\/\/dutchhealthstore.com\/wp-content\/uploads\/2020\/08\/logo-dutchhealthstore-jpg-e1599484957574.jpg\",\"width\":400,\"height\":62,\"caption\":\"Dutch Health Store\"},\"image\":{\"@id\":\"https:\/\/dutchhealthstore.com\/fr\/#\/schema\/logo\/image\/\"},\"sameAs\":[\"https:\/\/www.instagram.com\/dutchhealthstore\/\",\"https:\/\/www.facebook.com\/dutchhealthstore\"]}]}<\/script>\n<meta property=\"product:brand\" content=\"Living Libations\" \/>\n<meta property=\"product:price:amount\" content=\"113.00\" \/>\n<meta property=\"product:price:currency\" content=\"EUR\" \/>\n<meta property=\"og:availability\" content=\"instock\" \/>\n<meta property=\"product:availability\" content=\"instock\" \/>\n<meta property=\"product:condition\" content=\"new\" \/>\n<!-- \/ Yoast SEO Premium plugin. -->","yoast_head_json":{"title":"Boronia Absolute | Living Libations","description":"Boronia Absolute bienveillante est une exp\u00e9rience parfum\u00e9e d\u00e9licieuse et d\u00e9lectable distill\u00e9e \u00e0 partir des p\u00e9tales diminu\u00e9s de l'arbuste Boronia australien.","robots":{"index":"index","follow":"follow","max-snippet":"max-snippet:-1","max-image-preview":"max-image-preview:large","max-video-preview":"max-video-preview:-1"},"canonical":"https:\/\/dutchhealthstore.com\/fr\/product\/boronia-absolute\/","og_locale":"fr_FR","og_type":"article","og_title":"Boronia Absolute - Dutch Health Store","og_description":"Boronia Absolute bienveillante est une exp\u00e9rience parfum\u00e9e d\u00e9licieuse et d\u00e9lectable distill\u00e9e \u00e0 partir des p\u00e9tales diminu\u00e9s de l'arbuste Boronia australien.","og_url":"https:\/\/dutchhealthstore.com\/fr\/product\/boronia-absolute\/","og_site_name":"Dutch Health Store","article_publisher":"https:\/\/www.instagram.com\/dutchhealthstore\/","article_modified_time":"2024-08-27T07:18:03+00:00","og_image":[{"width":500,"height":500,"url":"https:\/\/dutchhealthstore.com\/wp-content\/uploads\/2020\/05\/Boronia-6-e1594299988960.jpg","type":"image\/jpeg"}],"twitter_card":"summary_large_image","twitter_misc":{"Prix":"&euro;113,00","Disponibilit\u00e9":"En stock"},"schema":{"@context":"https:\/\/schema.org","@graph":[{"@type":"WebPage","@id":"https:\/\/dutchhealthstore.com\/fr\/product\/boronia-absolute\/","url":"https:\/\/dutchhealthstore.com\/fr\/product\/boronia-absolute\/","name":"Boronia Absolute | Living Libations","isPartOf":{"@id":"https:\/\/dutchhealthstore.com\/fr\/#website"},"primaryImageOfPage":{"@id":"https:\/\/dutchhealthstore.com\/fr\/product\/boronia-absolute\/#primaryimage"},"image":{"@id":"https:\/\/dutchhealthstore.com\/fr\/product\/boronia-absolute\/#primaryimage"},"thumbnailUrl":"https:\/\/dutchhealthstore.com\/wp-content\/uploads\/2020\/05\/Boronia-6-e1594299988960.jpg","datePublished":"2020-05-13T10:36:28+00:00","dateModified":"2024-08-27T07:18:03+00:00","description":"Boronia Absolute bienveillante est une exp\u00e9rience parfum\u00e9e d\u00e9licieuse et d\u00e9lectable distill\u00e9e \u00e0 partir des p\u00e9tales diminu\u00e9s de l'arbuste Boronia australien.","breadcrumb":{"@id":"https:\/\/dutchhealthstore.com\/fr\/product\/boronia-absolute\/#breadcrumb"},"inLanguage":"fr-FR","potentialAction":[{"@type":"ReadAction","target":["https:\/\/dutchhealthstore.com\/fr\/product\/boronia-absolute\/"]}]},{"@type":"ImageObject","inLanguage":"fr-FR","@id":"https:\/\/dutchhealthstore.com\/fr\/product\/boronia-absolute\/#primaryimage","url":"https:\/\/dutchhealthstore.com\/wp-content\/uploads\/2020\/05\/Boronia-6-e1594299988960.jpg","contentUrl":"https:\/\/dutchhealthstore.com\/wp-content\/uploads\/2020\/05\/Boronia-6-e1594299988960.jpg","width":500,"height":500,"caption":"Boronia Absolute"},{"@type":"BreadcrumbList","@id":"https:\/\/dutchhealthstore.com\/fr\/product\/boronia-absolute\/#breadcrumb","itemListElement":[{"@type":"ListItem","position":1,"name":"Home","item":"https:\/\/dutchhealthstore.com\/fr\/"},{"@type":"ListItem","position":2,"name":"Shop","item":"https:\/\/dutchhealthstore.com\/fr\/shop\/"},{"@type":"ListItem","position":3,"name":"Boronia Absolute"}]},{"@type":"WebSite","@id":"https:\/\/dutchhealthstore.com\/fr\/#website","url":"https:\/\/dutchhealthstore.com\/fr\/","name":"Dutch Health Store","description":"Enhance Your Beauty with Organic &amp; Natural Skincare","publisher":{"@id":"https:\/\/dutchhealthstore.com\/fr\/#organization"},"potentialAction":[{"@type":"SearchAction","target":{"@type":"EntryPoint","urlTemplate":"https:\/\/dutchhealthstore.com\/fr\/?s={search_term_string}"},"query-input":{"@type":"PropertyValueSpecification","valueRequired":true,"valueName":"search_term_string"}}],"inLanguage":"fr-FR"},{"@type":"Organization","@id":"https:\/\/dutchhealthstore.com\/fr\/#organization","name":"Dutch Health Store","url":"https:\/\/dutchhealthstore.com\/fr\/","logo":{"@type":"ImageObject","inLanguage":"fr-FR","@id":"https:\/\/dutchhealthstore.com\/fr\/#\/schema\/logo\/image\/","url":"https:\/\/dutchhealthstore.com\/wp-content\/uploads\/2020\/08\/logo-dutchhealthstore-jpg-e1599484957574.jpg","contentUrl":"https:\/\/dutchhealthstore.com\/wp-content\/uploads\/2020\/08\/logo-dutchhealthstore-jpg-e1599484957574.jpg","width":400,"height":62,"caption":"Dutch Health Store"},"image":{"@id":"https:\/\/dutchhealthstore.com\/fr\/#\/schema\/logo\/image\/"},"sameAs":["https:\/\/www.instagram.com\/dutchhealthstore\/","https:\/\/www.facebook.com\/dutchhealthstore"]}]},"product_brand":"Living Libations","product_price_amount":"113.00","product_price_currency":"EUR","og_availability":"instock","product_availability":"instock","product_condition":"new"},"_links":{"self":[{"href":"https:\/\/dutchhealthstore.com\/fr\/wp-json\/wp\/v2\/product\/116351","targetHints":{"allow":["GET"]}}],"collection":[{"href":"https:\/\/dutchhealthstore.com\/fr\/wp-json\/wp\/v2\/product"}],"about":[{"href":"https:\/\/dutchhealthstore.com\/fr\/wp-json\/wp\/v2\/types\/product"}],"replies":[{"embeddable":true,"href":"https:\/\/dutchhealthstore.com\/fr\/wp-json\/wp\/v2\/comments?post=116351"}],"wp:featuredmedia":[{"embeddable":true,"href":"https:\/\/dutchhealthstore.com\/fr\/wp-json\/wp\/v2\/media\/101302"}],"wp:attachment":[{"href":"https:\/\/dutchhealthstore.com\/fr\/wp-json\/wp\/v2\/media?parent=116351"}],"wp:term":[{"taxonomy":"product_brand","embeddable":true,"href":"https:\/\/dutchhealthstore.com\/fr\/wp-json\/wp\/v2\/product_brand?post=116351"},{"taxonomy":"product_cat","embeddable":true,"href":"https:\/\/dutchhealthstore.com\/fr\/wp-json\/wp\/v2\/product_cat?post=116351"},{"taxonomy":"product_tag","embeddable":true,"href":"https:\/\/dutchhealthstore.com\/fr\/wp-json\/wp\/v2\/product_tag?post=116351"}],"curies":[{"name":"wp","href":"https:\/\/api.w.org\/{rel}","templated":true}]}}