{"id":116246,"date":"2020-05-28T10:08:36","date_gmt":"2020-05-28T08:08:36","guid":{"rendered":"https:\/\/dutchhealthstore.com\/product\/blockland-glass-pipet-2\/"},"modified":"2025-07-25T11:06:33","modified_gmt":"2025-07-25T09:06:33","slug":"blockland-glass-pipet-2","status":"publish","type":"product","link":"https:\/\/dutchhealthstore.com\/fr\/product\/blockland-glass-pipet-2\/","title":{"rendered":"Blockland glass pipet"},"content":{"rendered":"<p>Il est parfois difficile d&rsquo;obtenir la bonne quantit\u00e9 de gouttes d&rsquo;une huile (essentielle) en bouteille.<br \/>\nUne pipette peut \u00eatre tr\u00e8s utile!<\/p>\n<p><strong>Disponible en 4 tailles<\/strong><\/p>\n<ul>\n<li>5 ml<\/li>\n<li>10 ml<\/li>\n<li>20 ml<\/li>\n<li>30 ml<\/li>\n<\/ul>\n<p>&nbsp;<\/p>\n<p><img fetchpriority=\"high\" decoding=\"async\" class=\"size-medium wp-image-68103 aligncenter\" src=\"https:\/\/dutchhealthstore.com\/wp-content\/uploads\/2018\/02\/Living-Libations-Organic-Logo-800x89.png\" alt=\"Living Libations - Organic Logo\" width=\"800\" height=\"89\" srcset=\"https:\/\/dutchhealthstore.com\/wp-content\/uploads\/2018\/02\/Living-Libations-Organic-Logo-800x89.png 800w, https:\/\/dutchhealthstore.com\/wp-content\/uploads\/2018\/02\/Living-Libations-Organic-Logo-510x57.png 510w, https:\/\/dutchhealthstore.com\/wp-content\/uploads\/2018\/02\/Living-Libations-Organic-Logo-768x85.png 768w, https:\/\/dutchhealthstore.com\/wp-content\/uploads\/2018\/02\/Living-Libations-Organic-Logo.png 1400w\" sizes=\"(max-width: 800px) 100vw, 800px\" \/><\/p>\n","protected":false},"excerpt":{"rendered":"<p>Il est parfois difficile d&rsquo;obtenir la bonne quantit\u00e9 de gouttes d&rsquo;une huile (essentielle) en bouteille.<br \/>\nUne pipette peut \u00eatre tr\u00e8s utile!<\/p>\n<p><strong>Disponible en 4 tailles<\/strong><\/p>\n<ul>\n<li>5 ml<\/li>\n<li>10 ml<\/li>\n<li>20 ml<\/li>\n<li>30 ml<\/li>\n<\/ul>\n","protected":false},"featured_media":228692,"comment_status":"open","ping_status":"closed","template":"","meta":[],"product_brand":[],"product_cat":[16018,1134,1507,6734,1209,1030,1010],"product_tag":[4495,21438],"class_list":{"0":"post-116246","1":"product","2":"type-product","3":"status-publish","4":"has-post-thumbnail","6":"product_cat-dutch-health-store-fr","7":"product_cat-accessoires-visage","8":"product_cat-plantes-huiles-essentielles-living-libations","9":"product_cat-essential-oils","10":"product_cat-par-marques","11":"product_cat-par-produits","12":"product_cat-notre-boutique","13":"product_tag-essential-oil-fr","14":"product_tag-outils","15":"pa_brand-dutch-health-store-fr","16":"pa_essential-oils-product-type-absolute-essences-fr","17":"pa_essential-oils-product-type-carrier-oils-fr","18":"pa_essential-oils-product-type-essential-oil-blends-fr","19":"pa_essential-oils-product-type-essential-oils-fr","20":"pa_gtin-7439657370328-fr","21":"pa_size-5-ml-fr","22":"pa_size-10-ml-fr","23":"pa_size-20-ml-fr","24":"pa_size-30-ml-fr","26":"first","27":"instock","28":"taxable","29":"shipping-taxable","30":"purchasable","31":"product-type-variable"},"bundled_by":[],"bundle_stock_status":"instock","bundle_stock_quantity":null,"bundle_virtual":false,"bundle_layout":"","bundle_add_to_cart_form_location":"","bundle_editable_in_cart":false,"bundle_sold_individually_context":"","bundle_item_grouping":"","bundle_min_size":"","bundle_max_size":"","bundle_price":[],"bundled_items":[],"bundle_sell_ids":[],"atum_controlled":true,"out_stock_date":null,"out_stock_threshold":null,"inheritable":true,"stock_on_hold":22,"sold_today":0,"sales_last_days":0,"out_stock_days":0,"lost_sales":0,"update_date":"2026-04-09T01:48:08","atum_locations":[],"atum_stock_status":"instock","restock_status":false,"low_stock_amount":"","sales_update_date":"2026-04-09T01:48:08","calc_backorders":null,"group_of_quantity":0,"min_quantity":0,"max_quantity":"","exclude_order_quantity_value_rules":"no","exclude_category_quantity_rules":"no","combine_variations":"no","yoast_head":"<!-- This site is optimized with the Yoast SEO Premium plugin v26.5 (Yoast SEO v26.5) - https:\/\/yoast.com\/wordpress\/plugins\/seo\/ -->\n<title>Blockland glass pipet | Dutch Health Store<\/title>\n<meta name=\"description\" content=\"Il est parfois difficile d&#039;obtenir la bonne quantit\u00e9 de gouttes d&#039;une huile (essentielle) en bouteille. Une pipette peut \u00eatre tr\u00e8s utile! Disponible en 4 tailles\" \/>\n<meta name=\"robots\" content=\"index, follow, max-snippet:-1, max-image-preview:large, max-video-preview:-1\" \/>\n<link rel=\"canonical\" href=\"https:\/\/dutchhealthstore.com\/fr\/product\/blockland-glass-pipet-2\/\" \/>\n<meta property=\"og:locale\" content=\"fr_FR\" \/>\n<meta property=\"og:type\" content=\"article\" \/>\n<meta property=\"og:title\" content=\"Blockland glass pipet - Dutch Health Store\" \/>\n<meta property=\"og:description\" content=\"Il est parfois difficile d&#039;obtenir la bonne quantit\u00e9 de gouttes d&#039;une huile (essentielle) en bouteille. Une pipette peut \u00eatre tr\u00e8s utile! Disponible en 4 tailles\" \/>\n<meta property=\"og:url\" content=\"https:\/\/dutchhealthstore.com\/fr\/product\/blockland-glass-pipet-2\/\" \/>\n<meta property=\"og:site_name\" content=\"Dutch Health Store\" \/>\n<meta property=\"article:publisher\" content=\"https:\/\/www.instagram.com\/dutchhealthstore\/\" \/>\n<meta property=\"article:modified_time\" content=\"2025-07-25T09:06:33+00:00\" \/>\n<meta property=\"og:image\" content=\"https:\/\/dutchhealthstore.com\/wp-content\/uploads\/2022\/12\/pipetjes-11.jpg\" \/>\n\t<meta property=\"og:image:width\" content=\"510\" \/>\n\t<meta property=\"og:image:height\" content=\"510\" \/>\n\t<meta property=\"og:image:type\" content=\"image\/jpeg\" \/>\n<meta name=\"twitter:card\" content=\"summary_large_image\" \/>\n<meta name=\"twitter:label1\" content=\"Disponibilit\u00e9\" \/>\n\t<meta name=\"twitter:data1\" content=\"En stock\" \/>\n<script type=\"application\/ld+json\" class=\"yoast-schema-graph\">{\"@context\":\"https:\/\/schema.org\",\"@graph\":[{\"@type\":\"WebPage\",\"@id\":\"https:\/\/dutchhealthstore.com\/fr\/product\/blockland-glass-pipet-2\/\",\"url\":\"https:\/\/dutchhealthstore.com\/fr\/product\/blockland-glass-pipet-2\/\",\"name\":\"Blockland glass pipet | Dutch Health Store\",\"isPartOf\":{\"@id\":\"https:\/\/dutchhealthstore.com\/fr\/#website\"},\"primaryImageOfPage\":{\"@id\":\"https:\/\/dutchhealthstore.com\/fr\/product\/blockland-glass-pipet-2\/#primaryimage\"},\"image\":{\"@id\":\"https:\/\/dutchhealthstore.com\/fr\/product\/blockland-glass-pipet-2\/#primaryimage\"},\"thumbnailUrl\":\"https:\/\/dutchhealthstore.com\/wp-content\/uploads\/2022\/12\/pipetjes-11.jpg\",\"datePublished\":\"2020-05-28T08:08:36+00:00\",\"dateModified\":\"2025-07-25T09:06:33+00:00\",\"description\":\"Il est parfois difficile d'obtenir la bonne quantit\u00e9 de gouttes d'une huile (essentielle) en bouteille. Une pipette peut \u00eatre tr\u00e8s utile! Disponible en 4 tailles\",\"breadcrumb\":{\"@id\":\"https:\/\/dutchhealthstore.com\/fr\/product\/blockland-glass-pipet-2\/#breadcrumb\"},\"inLanguage\":\"fr-FR\",\"potentialAction\":[{\"@type\":\"ReadAction\",\"target\":[\"https:\/\/dutchhealthstore.com\/fr\/product\/blockland-glass-pipet-2\/\"]}]},{\"@type\":\"ImageObject\",\"inLanguage\":\"fr-FR\",\"@id\":\"https:\/\/dutchhealthstore.com\/fr\/product\/blockland-glass-pipet-2\/#primaryimage\",\"url\":\"https:\/\/dutchhealthstore.com\/wp-content\/uploads\/2022\/12\/pipetjes-11.jpg\",\"contentUrl\":\"https:\/\/dutchhealthstore.com\/wp-content\/uploads\/2022\/12\/pipetjes-11.jpg\",\"width\":510,\"height\":510,\"caption\":\"blocklandglasspipets\"},{\"@type\":\"BreadcrumbList\",\"@id\":\"https:\/\/dutchhealthstore.com\/fr\/product\/blockland-glass-pipet-2\/#breadcrumb\",\"itemListElement\":[{\"@type\":\"ListItem\",\"position\":1,\"name\":\"Home\",\"item\":\"https:\/\/dutchhealthstore.com\/fr\/\"},{\"@type\":\"ListItem\",\"position\":2,\"name\":\"Shop\",\"item\":\"https:\/\/dutchhealthstore.com\/fr\/shop\/\"},{\"@type\":\"ListItem\",\"position\":3,\"name\":\"Blockland glass pipet\"}]},{\"@type\":\"WebSite\",\"@id\":\"https:\/\/dutchhealthstore.com\/fr\/#website\",\"url\":\"https:\/\/dutchhealthstore.com\/fr\/\",\"name\":\"Dutch Health Store\",\"description\":\"Enhance Your Beauty with Organic &amp; Natural Skincare\",\"publisher\":{\"@id\":\"https:\/\/dutchhealthstore.com\/fr\/#organization\"},\"potentialAction\":[{\"@type\":\"SearchAction\",\"target\":{\"@type\":\"EntryPoint\",\"urlTemplate\":\"https:\/\/dutchhealthstore.com\/fr\/?s={search_term_string}\"},\"query-input\":{\"@type\":\"PropertyValueSpecification\",\"valueRequired\":true,\"valueName\":\"search_term_string\"}}],\"inLanguage\":\"fr-FR\"},{\"@type\":\"Organization\",\"@id\":\"https:\/\/dutchhealthstore.com\/fr\/#organization\",\"name\":\"Dutch Health Store\",\"url\":\"https:\/\/dutchhealthstore.com\/fr\/\",\"logo\":{\"@type\":\"ImageObject\",\"inLanguage\":\"fr-FR\",\"@id\":\"https:\/\/dutchhealthstore.com\/fr\/#\/schema\/logo\/image\/\",\"url\":\"https:\/\/dutchhealthstore.com\/wp-content\/uploads\/2020\/08\/logo-dutchhealthstore-jpg-e1599484957574.jpg\",\"contentUrl\":\"https:\/\/dutchhealthstore.com\/wp-content\/uploads\/2020\/08\/logo-dutchhealthstore-jpg-e1599484957574.jpg\",\"width\":400,\"height\":62,\"caption\":\"Dutch Health Store\"},\"image\":{\"@id\":\"https:\/\/dutchhealthstore.com\/fr\/#\/schema\/logo\/image\/\"},\"sameAs\":[\"https:\/\/www.instagram.com\/dutchhealthstore\/\",\"https:\/\/www.facebook.com\/dutchhealthstore\"]}]}<\/script>\n<meta property=\"product:brand\" content=\"Dutch Health Store\" \/>\n<meta property=\"og:availability\" content=\"instock\" \/>\n<meta property=\"product:availability\" content=\"instock\" \/>\n<meta property=\"product:condition\" content=\"new\" \/>\n<!-- \/ Yoast SEO Premium plugin. -->","yoast_head_json":{"title":"Blockland glass pipet | Dutch Health Store","description":"Il est parfois difficile d'obtenir la bonne quantit\u00e9 de gouttes d'une huile (essentielle) en bouteille. Une pipette peut \u00eatre tr\u00e8s utile! Disponible en 4 tailles","robots":{"index":"index","follow":"follow","max-snippet":"max-snippet:-1","max-image-preview":"max-image-preview:large","max-video-preview":"max-video-preview:-1"},"canonical":"https:\/\/dutchhealthstore.com\/fr\/product\/blockland-glass-pipet-2\/","og_locale":"fr_FR","og_type":"article","og_title":"Blockland glass pipet - Dutch Health Store","og_description":"Il est parfois difficile d'obtenir la bonne quantit\u00e9 de gouttes d'une huile (essentielle) en bouteille. Une pipette peut \u00eatre tr\u00e8s utile! Disponible en 4 tailles","og_url":"https:\/\/dutchhealthstore.com\/fr\/product\/blockland-glass-pipet-2\/","og_site_name":"Dutch Health Store","article_publisher":"https:\/\/www.instagram.com\/dutchhealthstore\/","article_modified_time":"2025-07-25T09:06:33+00:00","og_image":[{"width":510,"height":510,"url":"https:\/\/dutchhealthstore.com\/wp-content\/uploads\/2022\/12\/pipetjes-11.jpg","type":"image\/jpeg"}],"twitter_card":"summary_large_image","twitter_misc":{"Disponibilit\u00e9":"En stock"},"schema":{"@context":"https:\/\/schema.org","@graph":[{"@type":"WebPage","@id":"https:\/\/dutchhealthstore.com\/fr\/product\/blockland-glass-pipet-2\/","url":"https:\/\/dutchhealthstore.com\/fr\/product\/blockland-glass-pipet-2\/","name":"Blockland glass pipet | Dutch Health Store","isPartOf":{"@id":"https:\/\/dutchhealthstore.com\/fr\/#website"},"primaryImageOfPage":{"@id":"https:\/\/dutchhealthstore.com\/fr\/product\/blockland-glass-pipet-2\/#primaryimage"},"image":{"@id":"https:\/\/dutchhealthstore.com\/fr\/product\/blockland-glass-pipet-2\/#primaryimage"},"thumbnailUrl":"https:\/\/dutchhealthstore.com\/wp-content\/uploads\/2022\/12\/pipetjes-11.jpg","datePublished":"2020-05-28T08:08:36+00:00","dateModified":"2025-07-25T09:06:33+00:00","description":"Il est parfois difficile d'obtenir la bonne quantit\u00e9 de gouttes d'une huile (essentielle) en bouteille. Une pipette peut \u00eatre tr\u00e8s utile! Disponible en 4 tailles","breadcrumb":{"@id":"https:\/\/dutchhealthstore.com\/fr\/product\/blockland-glass-pipet-2\/#breadcrumb"},"inLanguage":"fr-FR","potentialAction":[{"@type":"ReadAction","target":["https:\/\/dutchhealthstore.com\/fr\/product\/blockland-glass-pipet-2\/"]}]},{"@type":"ImageObject","inLanguage":"fr-FR","@id":"https:\/\/dutchhealthstore.com\/fr\/product\/blockland-glass-pipet-2\/#primaryimage","url":"https:\/\/dutchhealthstore.com\/wp-content\/uploads\/2022\/12\/pipetjes-11.jpg","contentUrl":"https:\/\/dutchhealthstore.com\/wp-content\/uploads\/2022\/12\/pipetjes-11.jpg","width":510,"height":510,"caption":"blocklandglasspipets"},{"@type":"BreadcrumbList","@id":"https:\/\/dutchhealthstore.com\/fr\/product\/blockland-glass-pipet-2\/#breadcrumb","itemListElement":[{"@type":"ListItem","position":1,"name":"Home","item":"https:\/\/dutchhealthstore.com\/fr\/"},{"@type":"ListItem","position":2,"name":"Shop","item":"https:\/\/dutchhealthstore.com\/fr\/shop\/"},{"@type":"ListItem","position":3,"name":"Blockland glass pipet"}]},{"@type":"WebSite","@id":"https:\/\/dutchhealthstore.com\/fr\/#website","url":"https:\/\/dutchhealthstore.com\/fr\/","name":"Dutch Health Store","description":"Enhance Your Beauty with Organic &amp; Natural Skincare","publisher":{"@id":"https:\/\/dutchhealthstore.com\/fr\/#organization"},"potentialAction":[{"@type":"SearchAction","target":{"@type":"EntryPoint","urlTemplate":"https:\/\/dutchhealthstore.com\/fr\/?s={search_term_string}"},"query-input":{"@type":"PropertyValueSpecification","valueRequired":true,"valueName":"search_term_string"}}],"inLanguage":"fr-FR"},{"@type":"Organization","@id":"https:\/\/dutchhealthstore.com\/fr\/#organization","name":"Dutch Health Store","url":"https:\/\/dutchhealthstore.com\/fr\/","logo":{"@type":"ImageObject","inLanguage":"fr-FR","@id":"https:\/\/dutchhealthstore.com\/fr\/#\/schema\/logo\/image\/","url":"https:\/\/dutchhealthstore.com\/wp-content\/uploads\/2020\/08\/logo-dutchhealthstore-jpg-e1599484957574.jpg","contentUrl":"https:\/\/dutchhealthstore.com\/wp-content\/uploads\/2020\/08\/logo-dutchhealthstore-jpg-e1599484957574.jpg","width":400,"height":62,"caption":"Dutch Health Store"},"image":{"@id":"https:\/\/dutchhealthstore.com\/fr\/#\/schema\/logo\/image\/"},"sameAs":["https:\/\/www.instagram.com\/dutchhealthstore\/","https:\/\/www.facebook.com\/dutchhealthstore"]}]},"product_brand":"Dutch Health Store","og_availability":"instock","product_availability":"instock","product_condition":"new"},"_links":{"self":[{"href":"https:\/\/dutchhealthstore.com\/fr\/wp-json\/wp\/v2\/product\/116246","targetHints":{"allow":["GET"]}}],"collection":[{"href":"https:\/\/dutchhealthstore.com\/fr\/wp-json\/wp\/v2\/product"}],"about":[{"href":"https:\/\/dutchhealthstore.com\/fr\/wp-json\/wp\/v2\/types\/product"}],"replies":[{"embeddable":true,"href":"https:\/\/dutchhealthstore.com\/fr\/wp-json\/wp\/v2\/comments?post=116246"}],"wp:featuredmedia":[{"embeddable":true,"href":"https:\/\/dutchhealthstore.com\/fr\/wp-json\/wp\/v2\/media\/228692"}],"wp:attachment":[{"href":"https:\/\/dutchhealthstore.com\/fr\/wp-json\/wp\/v2\/media?parent=116246"}],"wp:term":[{"taxonomy":"product_brand","embeddable":true,"href":"https:\/\/dutchhealthstore.com\/fr\/wp-json\/wp\/v2\/product_brand?post=116246"},{"taxonomy":"product_cat","embeddable":true,"href":"https:\/\/dutchhealthstore.com\/fr\/wp-json\/wp\/v2\/product_cat?post=116246"},{"taxonomy":"product_tag","embeddable":true,"href":"https:\/\/dutchhealthstore.com\/fr\/wp-json\/wp\/v2\/product_tag?post=116246"}],"curies":[{"name":"wp","href":"https:\/\/api.w.org\/{rel}","templated":true}]}}