{"id":116225,"date":"2020-07-07T13:23:24","date_gmt":"2020-07-07T11:23:24","guid":{"rendered":"https:\/\/dutchhealthstore.com\/product\/black-pepper-essential-oil\/"},"modified":"2025-04-07T10:31:19","modified_gmt":"2025-04-07T08:31:19","slug":"black-pepper-essential-oil","status":"publish","type":"product","link":"https:\/\/dutchhealthstore.com\/fr\/product\/black-pepper-essential-oil\/","title":{"rendered":"Black Pepper Essential Oil"},"content":{"rendered":"<p><strong><img decoding=\"async\" class=\"size-full wp-image-69549 alignright\" src=\"https:\/\/dutchhealthstore.com\/wp-content\/uploads\/2019\/08\/NEW-Living-Libations-Logo.jpg\" alt=\"NEW - Living Libations - Logo\" width=\"175\" height=\"82\">Nom botanique :<\/strong> Piper nigrum<br \/>\n<strong>Famille botanique :<\/strong> Piperaceae<br \/>\n<strong>M\u00e9thode d&rsquo;extraction :<\/strong> Distillation \u00e0 la vapeur<br \/>\n<strong>Partie de la plante distill\u00e9e :<\/strong> Baies de poivre<br \/>\n<strong>Pays d&rsquo;origine<\/strong> : Madagascar<br \/>\n<strong>M\u00e9thode de culture :<\/strong> Organique<br \/>\n<strong>Composition :<\/strong> 100% Piper nigrum<br \/>\n<strong>Consistance :<\/strong> Viscosit\u00e9 fine<\/p>\n<h3>Description de l&rsquo;odeur<\/h3>\n<p>Notes piquantes sensuelles, \u00e9pic\u00e9es, chaudes et bois\u00e9es avec des notes verd\u00e2tres de musc aux herbes.<\/p>\n<h3>Se marie bien avec<\/h3>\n<p>Ylang, Santal, Cardamome, Citron, Orange, Vanille, Clou de Girofle, Cannelle, V\u00e9tiver, Jasmin, G\u00e9ranium, Marjolaine, Menthe poivr\u00e9e et Lavande.<\/p>\n<a href=\"https:\/\/dutchhealthstore.com\/wp-content\/uploads\/2020\/07\/ANALYSIS-Black-Pepper-Essential-Oil-Living-Libations.pdf\" class=\"button primary is-primary is-small\"  >\n\t\t<span>ANALYSE DES HUILES ESSENTIELLES &gt;<\/span>\n\t<\/a>\n\n<h3>Contre-indication<\/h3>\n<p>Cette huile peut \u00eatre un irritant pour la peau \u00e0 des concentrations plus \u00e9lev\u00e9es ; diluez-la \u00e0 moins de 1 % avant de l&rsquo;utiliser.<\/p>\n<h3>Utilisations<\/h3>\n<p>Pour une t\u00eate trouble et un sursis \u00e0 l&rsquo;ingestion, mettez deux gouttes de poivre, de fenouil et de cypr\u00e8s dans un bain chaud et respirez les vapeurs. M\u00e9langez dans une huile de massage fondante pour les muscles avec du gen\u00e9vrier, de l&rsquo;arnica et de la marjolaine. Profitez de l&rsquo;ar\u00f4me app\u00e9tissant de l&rsquo;huile. Un soup\u00e7on de poivre dans les parfums cr\u00e9e un changement \u00e9pic\u00e9 vers un ar\u00f4me sensuel s\u00e9duisant. Agr\u00e9able dans des tuyaux de sel ou un diffuseur pour combattre la fatigue, relancer la respiration et maximiser la concentration mentale.<\/p>\n<p>Le poivre piquant poss\u00e8de de nombreux compos\u00e9s phytochimiques, notamment des hydrocarbures terpino\u00efdes, de la pip\u00e9rine, du pin\u00e8ne, du caryophyll\u00e8ne, du limon\u00e8ne, du sabin\u00e8ne, du phellandr\u00e8ne, des ol\u00e9or\u00e9sines et des alcalo\u00efdes. Cette combinaison cosmique cr\u00e9e un parfum fortifiant qui \u00e9met un ar\u00f4me chaud et p\u00e9n\u00e9trant qui est intellectuellement vivifiant et augmente la concentration. Ces qualit\u00e9s r\u00e9chauffantes font du poivre un rub\u00e9fiant respect\u00e9, b\u00e9n\u00e9fique en massage pour apaiser et dynamiser. De plus, les s\u00e9cr\u00e9tions \u00e9pic\u00e9es du poivre sont pris\u00e9es en parfumerie pour la fabrication d&rsquo;accords fougueux et sensuels et d&rsquo;ar\u00f4mes musqu\u00e9s.<\/p>\n<p><strong>Taille : 5 ml et 15 ml<\/strong><\/p>\n<h3>Ingr\u00e9dients biologiques<\/h3>\n<p>100% d&rsquo;huile essentielle de poivre noir (Piper nigrum).<\/p>\n<p style=\"text-align: center;\"><em>\u00ab\u00a0Le poivre noir nous permet d&rsquo;\u00e9couter la voix int\u00e9rieure de l&rsquo;inspiration et de prendre des risques en sachant que, quoi qu&rsquo;il arrive, nous sommes les seuls \u00e0 les avoir pris.\u00a0\u00bb<\/em><br \/>\n~ Valerie Ann Worwood, <strong>Aromatherapy for the Soul<\/strong><\/p>\n<p style=\"text-align: center;\"><em>\u00ab\u00a0Le poivre a une qualit\u00e9 r\u00e9chauffante et r\u00e9confortante qui le rend utile pour les sentiments de froid, qu&rsquo;ils soient de nature physique ou \u00e9motionnelle. Il a \u00e9t\u00e9 d\u00e9crit comme un aphrodisiaque, probablement en raison de son puissant effet stimulant.\u00a0\u00bb<\/em><br \/>\n~ Julia Lawless, <strong>Aromatherapy and the Mind<\/strong><\/p>\n<p style=\"text-align: center;\"><em>\u00ab\u00a0Such epithets, like pepper,<\/em><br \/>\n<em>give zest to what you write;<\/em><br \/>\n<em>And, if you strew them sparely,<\/em><br \/>\n<em>they whet the appetite:<\/em><br \/>\n<em>But if you lay them on too thick,<\/em><br \/>\n<em>you spoil the matter quite!<\/em><br \/>\n~ Lewis Carroll, <strong>Poeta Fit, Non Nascitur<\/strong><\/p>\n<p style=\"text-align: center;\"><strong><img fetchpriority=\"high\" decoding=\"async\" class=\"size-medium wp-image-68103 aligncenter\" src=\"https:\/\/dutchhealthstore.com\/wp-content\/uploads\/2018\/02\/Living-Libations-Organic-Logo-800x89.png\" alt=\"Living Libations - Organic Logo\" width=\"800\" height=\"89\" srcset=\"https:\/\/dutchhealthstore.com\/wp-content\/uploads\/2018\/02\/Living-Libations-Organic-Logo-800x89.png 800w, https:\/\/dutchhealthstore.com\/wp-content\/uploads\/2018\/02\/Living-Libations-Organic-Logo-510x57.png 510w, https:\/\/dutchhealthstore.com\/wp-content\/uploads\/2018\/02\/Living-Libations-Organic-Logo-768x85.png 768w, https:\/\/dutchhealthstore.com\/wp-content\/uploads\/2018\/02\/Living-Libations-Organic-Logo.png 1400w\" sizes=\"(max-width: 800px) 100vw, 800px\" \/><\/strong><\/p>\n","protected":false},"excerpt":{"rendered":"<p><strong>Black Pepper Essential Oil<\/strong> piquant est une essence sensuelle et \u00e9pic\u00e9e aux qualit\u00e9s r\u00e9chauffantes. Distill\u00e9e \u00e0 partir des baies non m\u00fbres de l&rsquo;arbuste du poivre, cette ancienne \u00e9pice aromatique a \u00e9t\u00e9 saupoudr\u00e9e sur les aliments pour les assaisonner et les conserver et elle a renforc\u00e9 les processus d&#8217;embaumement dans l&rsquo;\u00c9gypte ancienne.<br \/>\nL&rsquo;une des premi\u00e8res marchandises \u00e0 avoir emprunt\u00e9 la route des \u00e9pices, le poivre \u00e9tait consid\u00e9r\u00e9 comme plus pr\u00e9cieux que l&rsquo;or, ce qui poussait les pays \u00e0 se battre pour savoir qui contr\u00f4lerait la culture de cette plante puissante.<br \/>\nAujourd&rsquo;hui, le poivre est consid\u00e9r\u00e9 comme un partenaire du sel, mais son go\u00fbt vif et \u00e9pic\u00e9 n&rsquo;est rien en comparaison de ses innombrables m\u00e9rites. Le pouvoir secret du poivre noir est son ablution amoureuse chaude, \u00e9nergisante et enflamm\u00e9e.<\/p>\n","protected":false},"featured_media":111892,"comment_status":"open","ping_status":"closed","template":"","meta":[],"product_brand":[],"product_cat":[6734,1507,1211,1209,3757,6733],"product_tag":[4495],"class_list":{"0":"post-116225","1":"product","2":"type-product","3":"status-publish","4":"has-post-thumbnail","6":"product_cat-essential-oils","7":"product_cat-plantes-huiles-essentielles-living-libations","8":"product_cat-living-libations-france","9":"product_cat-par-marques","10":"product_cat-plantes-huiles-essentielles","11":"product_cat-wellness-fr-2","12":"product_tag-essential-oil-fr","13":"pa_brand-livinglibations-fr","14":"pa_essential-oils-product-type-essential-oils-fr","15":"pa_size-5-ml-fr","16":"pa_size-15-ml-fr","18":"first","19":"instock","20":"taxable","21":"shipping-taxable","22":"purchasable","23":"product-type-variable"},"bundled_by":[],"bundle_stock_status":"instock","bundle_stock_quantity":null,"bundle_virtual":false,"bundle_layout":"","bundle_add_to_cart_form_location":"","bundle_editable_in_cart":false,"bundle_sold_individually_context":"","bundle_item_grouping":"","bundle_min_size":"","bundle_max_size":"","bundle_price":[],"bundled_items":[],"bundle_sell_ids":[],"atum_controlled":true,"out_stock_date":"2021-02-21 18:30:14","out_stock_threshold":null,"inheritable":true,"stock_on_hold":0,"sold_today":0,"sales_last_days":0,"out_stock_days":1870,"lost_sales":0,"update_date":"2026-04-07T01:46:31","atum_locations":[],"atum_stock_status":"instock","restock_status":false,"low_stock_amount":"","sales_update_date":"2026-04-07T01:46:31","calc_backorders":null,"group_of_quantity":0,"min_quantity":0,"max_quantity":"","exclude_order_quantity_value_rules":"no","exclude_category_quantity_rules":"no","combine_variations":"no","yoast_head":"<!-- This site is optimized with the Yoast SEO Premium plugin v26.5 (Yoast SEO v26.5) - https:\/\/yoast.com\/wordpress\/plugins\/seo\/ -->\n<title>Black Pepper Essential Oil | Living Libations<\/title>\n<meta name=\"description\" content=\"Black Pepper Essential Oil piquant est une essence sensuelle et \u00e9pic\u00e9e aux qualit\u00e9s r\u00e9chauffantes.\" \/>\n<meta name=\"robots\" content=\"index, follow, max-snippet:-1, max-image-preview:large, max-video-preview:-1\" \/>\n<link rel=\"canonical\" href=\"https:\/\/dutchhealthstore.com\/fr\/product\/black-pepper-essential-oil\/\" \/>\n<meta property=\"og:locale\" content=\"fr_FR\" \/>\n<meta property=\"og:type\" content=\"article\" \/>\n<meta property=\"og:title\" content=\"Black Pepper Essential Oil - Dutch Health Store\" \/>\n<meta property=\"og:description\" content=\"Black Pepper Essential Oil piquant est une essence sensuelle et \u00e9pic\u00e9e aux qualit\u00e9s r\u00e9chauffantes.\" \/>\n<meta property=\"og:url\" content=\"https:\/\/dutchhealthstore.com\/fr\/product\/black-pepper-essential-oil\/\" \/>\n<meta property=\"og:site_name\" content=\"Dutch Health Store\" \/>\n<meta property=\"article:publisher\" content=\"https:\/\/www.instagram.com\/dutchhealthstore\/\" \/>\n<meta property=\"article:modified_time\" content=\"2025-04-07T08:31:19+00:00\" \/>\n<meta property=\"og:image\" content=\"https:\/\/dutchhealthstore.com\/wp-content\/uploads\/2020\/07\/Living-Libations-Black-Pepper-Essential-Oil-e1594127467592.jpg\" \/>\n\t<meta property=\"og:image:width\" content=\"500\" \/>\n\t<meta property=\"og:image:height\" content=\"500\" \/>\n\t<meta property=\"og:image:type\" content=\"image\/jpeg\" \/>\n<meta name=\"twitter:card\" content=\"summary_large_image\" \/>\n<meta name=\"twitter:label1\" content=\"Disponibilit\u00e9\" \/>\n\t<meta name=\"twitter:data1\" content=\"En stock\" \/>\n<script type=\"application\/ld+json\" class=\"yoast-schema-graph\">{\"@context\":\"https:\/\/schema.org\",\"@graph\":[{\"@type\":\"WebPage\",\"@id\":\"https:\/\/dutchhealthstore.com\/fr\/product\/black-pepper-essential-oil\/\",\"url\":\"https:\/\/dutchhealthstore.com\/fr\/product\/black-pepper-essential-oil\/\",\"name\":\"Black Pepper Essential Oil | Living Libations\",\"isPartOf\":{\"@id\":\"https:\/\/dutchhealthstore.com\/fr\/#website\"},\"primaryImageOfPage\":{\"@id\":\"https:\/\/dutchhealthstore.com\/fr\/product\/black-pepper-essential-oil\/#primaryimage\"},\"image\":{\"@id\":\"https:\/\/dutchhealthstore.com\/fr\/product\/black-pepper-essential-oil\/#primaryimage\"},\"thumbnailUrl\":\"https:\/\/dutchhealthstore.com\/wp-content\/uploads\/2020\/07\/Living-Libations-Black-Pepper-Essential-Oil-e1594127467592.jpg\",\"datePublished\":\"2020-07-07T11:23:24+00:00\",\"dateModified\":\"2025-04-07T08:31:19+00:00\",\"description\":\"Black Pepper Essential Oil piquant est une essence sensuelle et \u00e9pic\u00e9e aux qualit\u00e9s r\u00e9chauffantes.\",\"breadcrumb\":{\"@id\":\"https:\/\/dutchhealthstore.com\/fr\/product\/black-pepper-essential-oil\/#breadcrumb\"},\"inLanguage\":\"fr-FR\",\"potentialAction\":[{\"@type\":\"ReadAction\",\"target\":[\"https:\/\/dutchhealthstore.com\/fr\/product\/black-pepper-essential-oil\/\"]}]},{\"@type\":\"ImageObject\",\"inLanguage\":\"fr-FR\",\"@id\":\"https:\/\/dutchhealthstore.com\/fr\/product\/black-pepper-essential-oil\/#primaryimage\",\"url\":\"https:\/\/dutchhealthstore.com\/wp-content\/uploads\/2020\/07\/Living-Libations-Black-Pepper-Essential-Oil-e1594127467592.jpg\",\"contentUrl\":\"https:\/\/dutchhealthstore.com\/wp-content\/uploads\/2020\/07\/Living-Libations-Black-Pepper-Essential-Oil-e1594127467592.jpg\",\"width\":500,\"height\":500,\"caption\":\"Living Libations Black Pepper Essential Oil\"},{\"@type\":\"BreadcrumbList\",\"@id\":\"https:\/\/dutchhealthstore.com\/fr\/product\/black-pepper-essential-oil\/#breadcrumb\",\"itemListElement\":[{\"@type\":\"ListItem\",\"position\":1,\"name\":\"Home\",\"item\":\"https:\/\/dutchhealthstore.com\/fr\/\"},{\"@type\":\"ListItem\",\"position\":2,\"name\":\"Shop\",\"item\":\"https:\/\/dutchhealthstore.com\/fr\/shop\/\"},{\"@type\":\"ListItem\",\"position\":3,\"name\":\"Black Pepper Essential Oil\"}]},{\"@type\":\"WebSite\",\"@id\":\"https:\/\/dutchhealthstore.com\/fr\/#website\",\"url\":\"https:\/\/dutchhealthstore.com\/fr\/\",\"name\":\"Dutch Health Store\",\"description\":\"Enhance Your Beauty with Organic &amp; Natural Skincare\",\"publisher\":{\"@id\":\"https:\/\/dutchhealthstore.com\/fr\/#organization\"},\"potentialAction\":[{\"@type\":\"SearchAction\",\"target\":{\"@type\":\"EntryPoint\",\"urlTemplate\":\"https:\/\/dutchhealthstore.com\/fr\/?s={search_term_string}\"},\"query-input\":{\"@type\":\"PropertyValueSpecification\",\"valueRequired\":true,\"valueName\":\"search_term_string\"}}],\"inLanguage\":\"fr-FR\"},{\"@type\":\"Organization\",\"@id\":\"https:\/\/dutchhealthstore.com\/fr\/#organization\",\"name\":\"Dutch Health Store\",\"url\":\"https:\/\/dutchhealthstore.com\/fr\/\",\"logo\":{\"@type\":\"ImageObject\",\"inLanguage\":\"fr-FR\",\"@id\":\"https:\/\/dutchhealthstore.com\/fr\/#\/schema\/logo\/image\/\",\"url\":\"https:\/\/dutchhealthstore.com\/wp-content\/uploads\/2020\/08\/logo-dutchhealthstore-jpg-e1599484957574.jpg\",\"contentUrl\":\"https:\/\/dutchhealthstore.com\/wp-content\/uploads\/2020\/08\/logo-dutchhealthstore-jpg-e1599484957574.jpg\",\"width\":400,\"height\":62,\"caption\":\"Dutch Health Store\"},\"image\":{\"@id\":\"https:\/\/dutchhealthstore.com\/fr\/#\/schema\/logo\/image\/\"},\"sameAs\":[\"https:\/\/www.instagram.com\/dutchhealthstore\/\",\"https:\/\/www.facebook.com\/dutchhealthstore\"]}]}<\/script>\n<meta property=\"product:brand\" content=\"Living Libations\" \/>\n<meta property=\"og:availability\" content=\"instock\" \/>\n<meta property=\"product:availability\" content=\"instock\" \/>\n<meta property=\"product:condition\" content=\"new\" \/>\n<!-- \/ Yoast SEO Premium plugin. -->","yoast_head_json":{"title":"Black Pepper Essential Oil | Living Libations","description":"Black Pepper Essential Oil piquant est une essence sensuelle et \u00e9pic\u00e9e aux qualit\u00e9s r\u00e9chauffantes.","robots":{"index":"index","follow":"follow","max-snippet":"max-snippet:-1","max-image-preview":"max-image-preview:large","max-video-preview":"max-video-preview:-1"},"canonical":"https:\/\/dutchhealthstore.com\/fr\/product\/black-pepper-essential-oil\/","og_locale":"fr_FR","og_type":"article","og_title":"Black Pepper Essential Oil - Dutch Health Store","og_description":"Black Pepper Essential Oil piquant est une essence sensuelle et \u00e9pic\u00e9e aux qualit\u00e9s r\u00e9chauffantes.","og_url":"https:\/\/dutchhealthstore.com\/fr\/product\/black-pepper-essential-oil\/","og_site_name":"Dutch Health Store","article_publisher":"https:\/\/www.instagram.com\/dutchhealthstore\/","article_modified_time":"2025-04-07T08:31:19+00:00","og_image":[{"width":500,"height":500,"url":"https:\/\/dutchhealthstore.com\/wp-content\/uploads\/2020\/07\/Living-Libations-Black-Pepper-Essential-Oil-e1594127467592.jpg","type":"image\/jpeg"}],"twitter_card":"summary_large_image","twitter_misc":{"Disponibilit\u00e9":"En stock"},"schema":{"@context":"https:\/\/schema.org","@graph":[{"@type":"WebPage","@id":"https:\/\/dutchhealthstore.com\/fr\/product\/black-pepper-essential-oil\/","url":"https:\/\/dutchhealthstore.com\/fr\/product\/black-pepper-essential-oil\/","name":"Black Pepper Essential Oil | Living Libations","isPartOf":{"@id":"https:\/\/dutchhealthstore.com\/fr\/#website"},"primaryImageOfPage":{"@id":"https:\/\/dutchhealthstore.com\/fr\/product\/black-pepper-essential-oil\/#primaryimage"},"image":{"@id":"https:\/\/dutchhealthstore.com\/fr\/product\/black-pepper-essential-oil\/#primaryimage"},"thumbnailUrl":"https:\/\/dutchhealthstore.com\/wp-content\/uploads\/2020\/07\/Living-Libations-Black-Pepper-Essential-Oil-e1594127467592.jpg","datePublished":"2020-07-07T11:23:24+00:00","dateModified":"2025-04-07T08:31:19+00:00","description":"Black Pepper Essential Oil piquant est une essence sensuelle et \u00e9pic\u00e9e aux qualit\u00e9s r\u00e9chauffantes.","breadcrumb":{"@id":"https:\/\/dutchhealthstore.com\/fr\/product\/black-pepper-essential-oil\/#breadcrumb"},"inLanguage":"fr-FR","potentialAction":[{"@type":"ReadAction","target":["https:\/\/dutchhealthstore.com\/fr\/product\/black-pepper-essential-oil\/"]}]},{"@type":"ImageObject","inLanguage":"fr-FR","@id":"https:\/\/dutchhealthstore.com\/fr\/product\/black-pepper-essential-oil\/#primaryimage","url":"https:\/\/dutchhealthstore.com\/wp-content\/uploads\/2020\/07\/Living-Libations-Black-Pepper-Essential-Oil-e1594127467592.jpg","contentUrl":"https:\/\/dutchhealthstore.com\/wp-content\/uploads\/2020\/07\/Living-Libations-Black-Pepper-Essential-Oil-e1594127467592.jpg","width":500,"height":500,"caption":"Living Libations Black Pepper Essential Oil"},{"@type":"BreadcrumbList","@id":"https:\/\/dutchhealthstore.com\/fr\/product\/black-pepper-essential-oil\/#breadcrumb","itemListElement":[{"@type":"ListItem","position":1,"name":"Home","item":"https:\/\/dutchhealthstore.com\/fr\/"},{"@type":"ListItem","position":2,"name":"Shop","item":"https:\/\/dutchhealthstore.com\/fr\/shop\/"},{"@type":"ListItem","position":3,"name":"Black Pepper Essential Oil"}]},{"@type":"WebSite","@id":"https:\/\/dutchhealthstore.com\/fr\/#website","url":"https:\/\/dutchhealthstore.com\/fr\/","name":"Dutch Health Store","description":"Enhance Your Beauty with Organic &amp; Natural Skincare","publisher":{"@id":"https:\/\/dutchhealthstore.com\/fr\/#organization"},"potentialAction":[{"@type":"SearchAction","target":{"@type":"EntryPoint","urlTemplate":"https:\/\/dutchhealthstore.com\/fr\/?s={search_term_string}"},"query-input":{"@type":"PropertyValueSpecification","valueRequired":true,"valueName":"search_term_string"}}],"inLanguage":"fr-FR"},{"@type":"Organization","@id":"https:\/\/dutchhealthstore.com\/fr\/#organization","name":"Dutch Health Store","url":"https:\/\/dutchhealthstore.com\/fr\/","logo":{"@type":"ImageObject","inLanguage":"fr-FR","@id":"https:\/\/dutchhealthstore.com\/fr\/#\/schema\/logo\/image\/","url":"https:\/\/dutchhealthstore.com\/wp-content\/uploads\/2020\/08\/logo-dutchhealthstore-jpg-e1599484957574.jpg","contentUrl":"https:\/\/dutchhealthstore.com\/wp-content\/uploads\/2020\/08\/logo-dutchhealthstore-jpg-e1599484957574.jpg","width":400,"height":62,"caption":"Dutch Health Store"},"image":{"@id":"https:\/\/dutchhealthstore.com\/fr\/#\/schema\/logo\/image\/"},"sameAs":["https:\/\/www.instagram.com\/dutchhealthstore\/","https:\/\/www.facebook.com\/dutchhealthstore"]}]},"product_brand":"Living Libations","og_availability":"instock","product_availability":"instock","product_condition":"new"},"_links":{"self":[{"href":"https:\/\/dutchhealthstore.com\/fr\/wp-json\/wp\/v2\/product\/116225","targetHints":{"allow":["GET"]}}],"collection":[{"href":"https:\/\/dutchhealthstore.com\/fr\/wp-json\/wp\/v2\/product"}],"about":[{"href":"https:\/\/dutchhealthstore.com\/fr\/wp-json\/wp\/v2\/types\/product"}],"replies":[{"embeddable":true,"href":"https:\/\/dutchhealthstore.com\/fr\/wp-json\/wp\/v2\/comments?post=116225"}],"wp:featuredmedia":[{"embeddable":true,"href":"https:\/\/dutchhealthstore.com\/fr\/wp-json\/wp\/v2\/media\/111892"}],"wp:attachment":[{"href":"https:\/\/dutchhealthstore.com\/fr\/wp-json\/wp\/v2\/media?parent=116225"}],"wp:term":[{"taxonomy":"product_brand","embeddable":true,"href":"https:\/\/dutchhealthstore.com\/fr\/wp-json\/wp\/v2\/product_brand?post=116225"},{"taxonomy":"product_cat","embeddable":true,"href":"https:\/\/dutchhealthstore.com\/fr\/wp-json\/wp\/v2\/product_cat?post=116225"},{"taxonomy":"product_tag","embeddable":true,"href":"https:\/\/dutchhealthstore.com\/fr\/wp-json\/wp\/v2\/product_tag?post=116225"}],"curies":[{"name":"wp","href":"https:\/\/api.w.org\/{rel}","templated":true}]}}