{"id":116159,"date":"2020-01-15T08:03:47","date_gmt":"2020-01-15T07:03:47","guid":{"rendered":"https:\/\/dutchhealthstore.com\/product\/black-currant-absolute\/"},"modified":"2025-04-07T10:56:35","modified_gmt":"2025-04-07T08:56:35","slug":"black-currant-absolute","status":"publish","type":"product","link":"https:\/\/dutchhealthstore.com\/fr\/product\/black-currant-absolute\/","title":{"rendered":"Black Currant Absolute"},"content":{"rendered":"<p><img decoding=\"async\" class=\"alignright wp-image-56011\" src=\"https:\/\/dutchhealthstore.com\/wp-content\/uploads\/2019\/04\/logo.png\" alt=\"Living libations logo\" width=\"200\" height=\"59\"><strong>Nom botanique :<\/strong> Ribes nigrum<br \/>\n<strong>Famille botanique :<\/strong> Grossulariaceae<br \/>\n<strong>M\u00e9thode d&rsquo;extraction :<\/strong> Absolue<br \/>\n<strong>Partie de la plante distill\u00e9e :<\/strong> Bourgeons<br \/>\n<strong>Pays d&rsquo;origine :<\/strong> France<br \/>\n<strong>M\u00e9thode de culture :<\/strong> Organique<br \/>\n<strong>Composition :<\/strong> 80% Ribes nigrum 50% Alcool biologique et biodynamique<br \/>\n<strong>Consistance :<\/strong> Viscosit\u00e9 moyenne<\/p>\n<h3>Description de l&rsquo;odeur<\/h3>\n<p>Des baies sucr\u00e9es impr\u00e9gn\u00e9es de riches tanins terreux, avec des notes de vin rouge fin.<\/p>\n<h3>Se marie bien avec<\/h3>\n<p>Rose, jasmin, n\u00e9roli, bois de santal, encens, vanille, tub\u00e9reuse, citron vert et mandarine.<\/p>\n<a href=\"https:\/\/dutchhealthstore.com\/wp-content\/uploads\/2020\/01\/ESSENTIAL-OIL-ANALYSIS-Black-Currant-Absolute-Living-Libations.pdf\" class=\"button primary is-primary is-small\"  >\n\t\t<span>ANALYSE DES HUILES ESSENTIELLES &gt;<\/span>\n\t<\/a>\n\n<h3>Utilisations<\/h3>\n<p>Parfumerie. Diffus. M\u00e9lange de parfums et aromath\u00e9rapie.<\/p>\n<p>L&rsquo;\u00e9merveillement aromatique vous attend \u00e0 la seconde o\u00f9 vous inhalez le parfum doux, fruit\u00e9 et terreux de Blackcurrant Absolute. Chaque centim\u00e8tre de la plante de cassis regorge de merveilles parfum\u00e9es et de bienfaits th\u00e9rapeutiques. Les graines ont \u00e9t\u00e9 historiquement utilis\u00e9es dans des potions de soin pour la peau, les feuilles pour raviver les gorges dess\u00e9ch\u00e9es, les baies pour un usage th\u00e9rapeutique, et l&rsquo;absolue est uniquement d\u00e9di\u00e9e \u00e0 la cr\u00e9ation de parfums enivrants. Le cassis est une plante incroyablement polyvalente dont les feuilles, les graines, les fleurs et les fruits offrent une exp\u00e9rience olfactive fra\u00eeche et parfum\u00e9e.<\/p>\n<p>Blackcurrant Absolute est une essence \u00e9paisse et riche qui se pr\u00e9sente dans un ravissant vert fonc\u00e9 et profond. Une dilution appropri\u00e9e est la cl\u00e9 pour d\u00e9bloquer toutes les subtilit\u00e9s complexes de cet \u00e9lixir unique. Apr\u00e8s dilution, vous ressentirez la douceur fruit\u00e9e et florale attendue, mais aussi des notes fascinantes de terre verte, de fleurs, de th\u00e9 vert et de vin.<\/p>\n<p><strong>Taille : 5 ml (alcool 50:50)<\/strong><\/p>\n<h3>Ingr\u00e9dients biologiques<\/h3>\n<p>80% de Ribes nigrum et 50% d&rsquo;alcool biologique et biodynamique<\/p>\n<p style=\"text-align: center;\"><em>\u00ab\u00a0Blackcurrant absolute est obtenue par extraction par solvant via la concr\u00e8te obtenue \u00e0 partir des bourgeons dormants du cassissier Ribes nigrum L. L&rsquo;absolue de cassis est une p\u00e2te vert fonc\u00e9 avec l&rsquo;odeur caract\u00e9ristique, puissante et p\u00e9n\u00e9trante du cassis. La note typique de \u00ab\u00a0chatte\u00a0\u00bb est due \u00e0 un oligo\u00e9l\u00e9ment sulfureux. L&rsquo;absolue de cassis est utilis\u00e9e dans les parfums fins et dans les ar\u00f4mes fruit\u00e9s des aliments.\u00a0\u00bb<\/em><br \/>\n\u223c Horst Surburg and Johannes Panten, <strong>Common Fragrance and Flavor Materials: Preparation, Properties and Uses<\/strong><\/p>\n<p style=\"text-align: center;\"><em>\u00ab\u00a0Les parfums ang\u00e9liques et leurs propri\u00e9t\u00e9s&#8230; Black Current : Aide dans les situations de peur, peut-\u00eatre en nous aidant \u00e0 reconna\u00eetre des \u00e9l\u00e9ments de nous-m\u00eames que nous pr\u00e9f\u00e9rerions ne pas affronter. Pour apprendre \u00e0 pardonner et \u00e0 moins juger.\u00a0\u00bb<\/em><br \/>\n\u223c Valerie Ann Worwood, <strong>Aromatherapy for the Soul<\/strong><\/p>\n<p style=\"text-align: center;\"><em>\u00ab\u00a0Je faisais craquer entre mes dents la coque confite d&rsquo;un fruit artificiel, et un \u00e9clat de lumi\u00e8re illuminait mon palais d&rsquo;un go\u00fbt de cassis ou d&rsquo;ananas : toutes les couleurs, toutes les lumi\u00e8res \u00e9taient \u00e0 moi, les foulards gazeux, les diamants, les dentelles ; je tenais toute la f\u00eate dans ma bouche.\u00a0\u00bb<\/em><br \/>\n\u223c Simone de Beauvoir, <strong>Memoirs of a Dutiful Daughter<\/strong><\/p>\n<p>&nbsp;<\/p>\n<p><img fetchpriority=\"high\" decoding=\"async\" class=\"aligncenter wp-image-68099\" src=\"https:\/\/dutchhealthstore.com\/wp-content\/uploads\/2018\/02\/Logo-Living-Libations-New-2019.png\" alt=\"Logo Living Libations New 2019\" width=\"800\" height=\"88\" srcset=\"https:\/\/dutchhealthstore.com\/wp-content\/uploads\/2018\/02\/Logo-Living-Libations-New-2019.png 905w, https:\/\/dutchhealthstore.com\/wp-content\/uploads\/2018\/02\/Logo-Living-Libations-New-2019-510x56.png 510w, https:\/\/dutchhealthstore.com\/wp-content\/uploads\/2018\/02\/Logo-Living-Libations-New-2019-800x88.png 800w, https:\/\/dutchhealthstore.com\/wp-content\/uploads\/2018\/02\/Logo-Living-Libations-New-2019-768x85.png 768w\" sizes=\"(max-width: 800px) 100vw, 800px\" \/><\/p>\n<p style=\"text-align: center;\">\n","protected":false},"excerpt":{"rendered":"<p><b>Black Currant<\/b> <strong>Absolute<\/strong> est un fruit-fleuri-fantaisie de merveille aromatique. Extraite des bourgeons floraux de la plante fran\u00e7aise <i>Ribes nigrum <\/i>, Blackcurrant Absolute est une d\u00e9couverte rare et exquise pour les parfumeurs, les fans de parfums et les ma\u00eetres de l&rsquo;art de m\u00e9langer les parfums.<\/p>\n","protected":false},"featured_media":89796,"comment_status":"open","ping_status":"closed","template":"","meta":[],"product_brand":[],"product_cat":[3754,1507,6734,1211,1209,6733],"product_tag":[8678,4495],"class_list":{"0":"post-116159","1":"product","2":"type-product","3":"status-publish","4":"has-post-thumbnail","6":"product_cat-essences-absolues","7":"product_cat-plantes-huiles-essentielles-living-libations","8":"product_cat-essential-oils","9":"product_cat-living-libations-france","10":"product_cat-par-marques","11":"product_cat-wellness-fr-2","12":"product_tag-absolute-fr","13":"product_tag-essential-oil-fr","14":"pa_brand-livinglibations-fr","15":"pa_essential-oils-product-type-absolute-essences-fr","16":"pa_essential-oils-product-type-essential-oils-fr","17":"pa_gtin-7439657273278-fr-2","18":"pa_size-5-ml-50-50-alcohol-fr","20":"first","21":"instock","22":"taxable","23":"shipping-taxable","24":"purchasable","25":"product-type-simple"},"bundled_by":[],"bundle_stock_status":"instock","bundle_stock_quantity":3,"bundle_virtual":false,"bundle_layout":"","bundle_add_to_cart_form_location":"","bundle_editable_in_cart":false,"bundle_sold_individually_context":"","bundle_item_grouping":"","bundle_min_size":"","bundle_max_size":"","bundle_price":[],"bundled_items":[],"bundle_sell_ids":[],"atum_controlled":true,"out_stock_date":null,"out_stock_threshold":null,"inheritable":false,"stock_on_hold":0,"sold_today":0,"sales_last_days":0,"out_stock_days":0,"lost_sales":0,"update_date":"2026-04-09T11:40:11","atum_locations":[],"atum_stock_status":"instock","restock_status":false,"low_stock_amount":"","sales_update_date":"2026-04-09T11:40:11","calc_backorders":null,"group_of_quantity":0,"min_quantity":0,"max_quantity":"","exclude_order_quantity_value_rules":"no","exclude_category_quantity_rules":"no","combine_variations":"no","yoast_head":"<!-- This site is optimized with the Yoast SEO Premium plugin v26.5 (Yoast SEO v26.5) - https:\/\/yoast.com\/wordpress\/plugins\/seo\/ -->\n<title>Black Currant Absolute | Living Libations<\/title>\n<meta name=\"description\" content=\"Blackcurrant Absolute est une trouvaille rare et exquise pour les parfumeurs, les fans de parfums et les ma\u00eetres de la composition de parfums.\" \/>\n<meta name=\"robots\" content=\"index, follow, max-snippet:-1, max-image-preview:large, max-video-preview:-1\" \/>\n<link rel=\"canonical\" href=\"https:\/\/dutchhealthstore.com\/fr\/product\/black-currant-absolute\/\" \/>\n<meta property=\"og:locale\" content=\"fr_FR\" \/>\n<meta property=\"og:type\" content=\"article\" \/>\n<meta property=\"og:title\" content=\"Black Currant Absolute - Dutch Health Store\" \/>\n<meta property=\"og:description\" content=\"Blackcurrant Absolute est une trouvaille rare et exquise pour les parfumeurs, les fans de parfums et les ma\u00eetres de la composition de parfums.\" \/>\n<meta property=\"og:url\" content=\"https:\/\/dutchhealthstore.com\/fr\/product\/black-currant-absolute\/\" \/>\n<meta property=\"og:site_name\" content=\"Dutch Health Store\" \/>\n<meta property=\"article:publisher\" content=\"https:\/\/www.instagram.com\/dutchhealthstore\/\" \/>\n<meta property=\"article:modified_time\" content=\"2025-04-07T08:56:35+00:00\" \/>\n<meta property=\"og:image\" content=\"https:\/\/dutchhealthstore.com\/wp-content\/uploads\/2020\/01\/Black-Currant-Absolute-Living-Libations-e1593585685243.jpg\" \/>\n\t<meta property=\"og:image:width\" content=\"500\" \/>\n\t<meta property=\"og:image:height\" content=\"500\" \/>\n\t<meta property=\"og:image:type\" content=\"image\/jpeg\" \/>\n<meta name=\"twitter:card\" content=\"summary_large_image\" \/>\n<meta name=\"twitter:label1\" content=\"Prix\" \/>\n\t<meta name=\"twitter:data1\" content=\"&euro;38,00\" \/>\n\t<meta name=\"twitter:label2\" content=\"Disponibilit\u00e9\" \/>\n\t<meta name=\"twitter:data2\" content=\"En stock\" \/>\n<script type=\"application\/ld+json\" class=\"yoast-schema-graph\">{\"@context\":\"https:\/\/schema.org\",\"@graph\":[{\"@type\":\"WebPage\",\"@id\":\"https:\/\/dutchhealthstore.com\/fr\/product\/black-currant-absolute\/\",\"url\":\"https:\/\/dutchhealthstore.com\/fr\/product\/black-currant-absolute\/\",\"name\":\"Black Currant Absolute | Living Libations\",\"isPartOf\":{\"@id\":\"https:\/\/dutchhealthstore.com\/fr\/#website\"},\"primaryImageOfPage\":{\"@id\":\"https:\/\/dutchhealthstore.com\/fr\/product\/black-currant-absolute\/#primaryimage\"},\"image\":{\"@id\":\"https:\/\/dutchhealthstore.com\/fr\/product\/black-currant-absolute\/#primaryimage\"},\"thumbnailUrl\":\"https:\/\/dutchhealthstore.com\/wp-content\/uploads\/2020\/01\/Black-Currant-Absolute-Living-Libations-e1593585685243.jpg\",\"datePublished\":\"2020-01-15T07:03:47+00:00\",\"dateModified\":\"2025-04-07T08:56:35+00:00\",\"description\":\"Blackcurrant Absolute est une trouvaille rare et exquise pour les parfumeurs, les fans de parfums et les ma\u00eetres de la composition de parfums.\",\"breadcrumb\":{\"@id\":\"https:\/\/dutchhealthstore.com\/fr\/product\/black-currant-absolute\/#breadcrumb\"},\"inLanguage\":\"fr-FR\",\"potentialAction\":[{\"@type\":\"ReadAction\",\"target\":[\"https:\/\/dutchhealthstore.com\/fr\/product\/black-currant-absolute\/\"]}]},{\"@type\":\"ImageObject\",\"inLanguage\":\"fr-FR\",\"@id\":\"https:\/\/dutchhealthstore.com\/fr\/product\/black-currant-absolute\/#primaryimage\",\"url\":\"https:\/\/dutchhealthstore.com\/wp-content\/uploads\/2020\/01\/Black-Currant-Absolute-Living-Libations-e1593585685243.jpg\",\"contentUrl\":\"https:\/\/dutchhealthstore.com\/wp-content\/uploads\/2020\/01\/Black-Currant-Absolute-Living-Libations-e1593585685243.jpg\",\"width\":500,\"height\":500,\"caption\":\"Black Currant Absolute - Living Libations\"},{\"@type\":\"BreadcrumbList\",\"@id\":\"https:\/\/dutchhealthstore.com\/fr\/product\/black-currant-absolute\/#breadcrumb\",\"itemListElement\":[{\"@type\":\"ListItem\",\"position\":1,\"name\":\"Home\",\"item\":\"https:\/\/dutchhealthstore.com\/fr\/\"},{\"@type\":\"ListItem\",\"position\":2,\"name\":\"Shop\",\"item\":\"https:\/\/dutchhealthstore.com\/fr\/shop\/\"},{\"@type\":\"ListItem\",\"position\":3,\"name\":\"Black Currant Absolute\"}]},{\"@type\":\"WebSite\",\"@id\":\"https:\/\/dutchhealthstore.com\/fr\/#website\",\"url\":\"https:\/\/dutchhealthstore.com\/fr\/\",\"name\":\"Dutch Health Store\",\"description\":\"Enhance Your Beauty with Organic &amp; Natural Skincare\",\"publisher\":{\"@id\":\"https:\/\/dutchhealthstore.com\/fr\/#organization\"},\"potentialAction\":[{\"@type\":\"SearchAction\",\"target\":{\"@type\":\"EntryPoint\",\"urlTemplate\":\"https:\/\/dutchhealthstore.com\/fr\/?s={search_term_string}\"},\"query-input\":{\"@type\":\"PropertyValueSpecification\",\"valueRequired\":true,\"valueName\":\"search_term_string\"}}],\"inLanguage\":\"fr-FR\"},{\"@type\":\"Organization\",\"@id\":\"https:\/\/dutchhealthstore.com\/fr\/#organization\",\"name\":\"Dutch Health Store\",\"url\":\"https:\/\/dutchhealthstore.com\/fr\/\",\"logo\":{\"@type\":\"ImageObject\",\"inLanguage\":\"fr-FR\",\"@id\":\"https:\/\/dutchhealthstore.com\/fr\/#\/schema\/logo\/image\/\",\"url\":\"https:\/\/dutchhealthstore.com\/wp-content\/uploads\/2020\/08\/logo-dutchhealthstore-jpg-e1599484957574.jpg\",\"contentUrl\":\"https:\/\/dutchhealthstore.com\/wp-content\/uploads\/2020\/08\/logo-dutchhealthstore-jpg-e1599484957574.jpg\",\"width\":400,\"height\":62,\"caption\":\"Dutch Health Store\"},\"image\":{\"@id\":\"https:\/\/dutchhealthstore.com\/fr\/#\/schema\/logo\/image\/\"},\"sameAs\":[\"https:\/\/www.instagram.com\/dutchhealthstore\/\",\"https:\/\/www.facebook.com\/dutchhealthstore\"]}]}<\/script>\n<meta property=\"product:brand\" content=\"Living Libations\" \/>\n<meta property=\"product:price:amount\" content=\"38.00\" \/>\n<meta property=\"product:price:currency\" content=\"EUR\" \/>\n<meta property=\"og:availability\" content=\"instock\" \/>\n<meta property=\"product:availability\" content=\"instock\" \/>\n<meta property=\"product:condition\" content=\"new\" \/>\n<!-- \/ Yoast SEO Premium plugin. -->","yoast_head_json":{"title":"Black Currant Absolute | Living Libations","description":"Blackcurrant Absolute est une trouvaille rare et exquise pour les parfumeurs, les fans de parfums et les ma\u00eetres de la composition de parfums.","robots":{"index":"index","follow":"follow","max-snippet":"max-snippet:-1","max-image-preview":"max-image-preview:large","max-video-preview":"max-video-preview:-1"},"canonical":"https:\/\/dutchhealthstore.com\/fr\/product\/black-currant-absolute\/","og_locale":"fr_FR","og_type":"article","og_title":"Black Currant Absolute - Dutch Health Store","og_description":"Blackcurrant Absolute est une trouvaille rare et exquise pour les parfumeurs, les fans de parfums et les ma\u00eetres de la composition de parfums.","og_url":"https:\/\/dutchhealthstore.com\/fr\/product\/black-currant-absolute\/","og_site_name":"Dutch Health Store","article_publisher":"https:\/\/www.instagram.com\/dutchhealthstore\/","article_modified_time":"2025-04-07T08:56:35+00:00","og_image":[{"width":500,"height":500,"url":"https:\/\/dutchhealthstore.com\/wp-content\/uploads\/2020\/01\/Black-Currant-Absolute-Living-Libations-e1593585685243.jpg","type":"image\/jpeg"}],"twitter_card":"summary_large_image","twitter_misc":{"Prix":"&euro;38,00","Disponibilit\u00e9":"En stock"},"schema":{"@context":"https:\/\/schema.org","@graph":[{"@type":"WebPage","@id":"https:\/\/dutchhealthstore.com\/fr\/product\/black-currant-absolute\/","url":"https:\/\/dutchhealthstore.com\/fr\/product\/black-currant-absolute\/","name":"Black Currant Absolute | Living Libations","isPartOf":{"@id":"https:\/\/dutchhealthstore.com\/fr\/#website"},"primaryImageOfPage":{"@id":"https:\/\/dutchhealthstore.com\/fr\/product\/black-currant-absolute\/#primaryimage"},"image":{"@id":"https:\/\/dutchhealthstore.com\/fr\/product\/black-currant-absolute\/#primaryimage"},"thumbnailUrl":"https:\/\/dutchhealthstore.com\/wp-content\/uploads\/2020\/01\/Black-Currant-Absolute-Living-Libations-e1593585685243.jpg","datePublished":"2020-01-15T07:03:47+00:00","dateModified":"2025-04-07T08:56:35+00:00","description":"Blackcurrant Absolute est une trouvaille rare et exquise pour les parfumeurs, les fans de parfums et les ma\u00eetres de la composition de parfums.","breadcrumb":{"@id":"https:\/\/dutchhealthstore.com\/fr\/product\/black-currant-absolute\/#breadcrumb"},"inLanguage":"fr-FR","potentialAction":[{"@type":"ReadAction","target":["https:\/\/dutchhealthstore.com\/fr\/product\/black-currant-absolute\/"]}]},{"@type":"ImageObject","inLanguage":"fr-FR","@id":"https:\/\/dutchhealthstore.com\/fr\/product\/black-currant-absolute\/#primaryimage","url":"https:\/\/dutchhealthstore.com\/wp-content\/uploads\/2020\/01\/Black-Currant-Absolute-Living-Libations-e1593585685243.jpg","contentUrl":"https:\/\/dutchhealthstore.com\/wp-content\/uploads\/2020\/01\/Black-Currant-Absolute-Living-Libations-e1593585685243.jpg","width":500,"height":500,"caption":"Black Currant Absolute - Living Libations"},{"@type":"BreadcrumbList","@id":"https:\/\/dutchhealthstore.com\/fr\/product\/black-currant-absolute\/#breadcrumb","itemListElement":[{"@type":"ListItem","position":1,"name":"Home","item":"https:\/\/dutchhealthstore.com\/fr\/"},{"@type":"ListItem","position":2,"name":"Shop","item":"https:\/\/dutchhealthstore.com\/fr\/shop\/"},{"@type":"ListItem","position":3,"name":"Black Currant Absolute"}]},{"@type":"WebSite","@id":"https:\/\/dutchhealthstore.com\/fr\/#website","url":"https:\/\/dutchhealthstore.com\/fr\/","name":"Dutch Health Store","description":"Enhance Your Beauty with Organic &amp; Natural Skincare","publisher":{"@id":"https:\/\/dutchhealthstore.com\/fr\/#organization"},"potentialAction":[{"@type":"SearchAction","target":{"@type":"EntryPoint","urlTemplate":"https:\/\/dutchhealthstore.com\/fr\/?s={search_term_string}"},"query-input":{"@type":"PropertyValueSpecification","valueRequired":true,"valueName":"search_term_string"}}],"inLanguage":"fr-FR"},{"@type":"Organization","@id":"https:\/\/dutchhealthstore.com\/fr\/#organization","name":"Dutch Health Store","url":"https:\/\/dutchhealthstore.com\/fr\/","logo":{"@type":"ImageObject","inLanguage":"fr-FR","@id":"https:\/\/dutchhealthstore.com\/fr\/#\/schema\/logo\/image\/","url":"https:\/\/dutchhealthstore.com\/wp-content\/uploads\/2020\/08\/logo-dutchhealthstore-jpg-e1599484957574.jpg","contentUrl":"https:\/\/dutchhealthstore.com\/wp-content\/uploads\/2020\/08\/logo-dutchhealthstore-jpg-e1599484957574.jpg","width":400,"height":62,"caption":"Dutch Health Store"},"image":{"@id":"https:\/\/dutchhealthstore.com\/fr\/#\/schema\/logo\/image\/"},"sameAs":["https:\/\/www.instagram.com\/dutchhealthstore\/","https:\/\/www.facebook.com\/dutchhealthstore"]}]},"product_brand":"Living Libations","product_price_amount":"38.00","product_price_currency":"EUR","og_availability":"instock","product_availability":"instock","product_condition":"new"},"_links":{"self":[{"href":"https:\/\/dutchhealthstore.com\/fr\/wp-json\/wp\/v2\/product\/116159","targetHints":{"allow":["GET"]}}],"collection":[{"href":"https:\/\/dutchhealthstore.com\/fr\/wp-json\/wp\/v2\/product"}],"about":[{"href":"https:\/\/dutchhealthstore.com\/fr\/wp-json\/wp\/v2\/types\/product"}],"replies":[{"embeddable":true,"href":"https:\/\/dutchhealthstore.com\/fr\/wp-json\/wp\/v2\/comments?post=116159"}],"wp:featuredmedia":[{"embeddable":true,"href":"https:\/\/dutchhealthstore.com\/fr\/wp-json\/wp\/v2\/media\/89796"}],"wp:attachment":[{"href":"https:\/\/dutchhealthstore.com\/fr\/wp-json\/wp\/v2\/media?parent=116159"}],"wp:term":[{"taxonomy":"product_brand","embeddable":true,"href":"https:\/\/dutchhealthstore.com\/fr\/wp-json\/wp\/v2\/product_brand?post=116159"},{"taxonomy":"product_cat","embeddable":true,"href":"https:\/\/dutchhealthstore.com\/fr\/wp-json\/wp\/v2\/product_cat?post=116159"},{"taxonomy":"product_tag","embeddable":true,"href":"https:\/\/dutchhealthstore.com\/fr\/wp-json\/wp\/v2\/product_tag?post=116159"}],"curies":[{"name":"wp","href":"https:\/\/api.w.org\/{rel}","templated":true}]}}