{"id":116126,"date":"2020-06-11T11:55:16","date_gmt":"2020-06-11T09:55:16","guid":{"rendered":"https:\/\/dutchhealthstore.com\/product\/black-cumin-seed\/"},"modified":"2025-08-29T10:31:47","modified_gmt":"2025-08-29T08:31:47","slug":"black-cumin-seed","status":"publish","type":"product","link":"https:\/\/dutchhealthstore.com\/fr\/product\/black-cumin-seed\/","title":{"rendered":"Black Cumin Seed"},"content":{"rendered":"<p><img decoding=\"async\" class=\"size-full wp-image-69549 alignright\" src=\"https:\/\/dutchhealthstore.com\/wp-content\/uploads\/2019\/08\/NEW-Living-Libations-Logo.jpg\" alt=\"NEW - Living Libations - Logo\" width=\"175\" height=\"82\"><strong>Nom botanique:<\/strong> Nigella sativa<br \/>\n<strong>Famille botanique:<\/strong> Ranunculaceae<br \/>\n<strong>M\u00e9thode d&rsquo;extraction:<\/strong> Extrait supercritique<br \/>\n<strong>Partie de la plante distill\u00e9e:<\/strong> Graine<br \/>\n<strong>Pays d&rsquo;origine:<\/strong> Inde<br \/>\n<strong>M\u00e9thode de culture:<\/strong> Organique<br \/>\n<strong>Composition:<\/strong> 100% Nigella sativa<br \/>\n<strong>Consistance:<\/strong> Viscosit\u00e9 moyenne<\/p>\n<h3>Description de l&rsquo;odeur<\/h3>\n<p>Profond\u00e9ment aromatique; piquant et \u00e9pic\u00e9<\/p>\n<h3>Se marie bien avec<\/h3>\n<p>Encens, Cumin, Origan, Lavande, Thym doux, Thym, Menthe poivr\u00e9e, Mastic, Copal, Coriandre, AllSpice, Hysope, Marjolaine, Cardamome et Fenouil.<\/p>\n<h3>Utilisations<\/h3>\n<p>Peau plus lisse et cheveux plus brillants. Parfum culinaire \u00e9pic\u00e9. Fortifiant.<\/p>\n<a href=\"https:\/\/dutchhealthstore.com\/wp-content\/uploads\/2020\/06\/ANALYSIS-Black-Cumin-Living-Libations-3-1.pdf\" class=\"button primary is-primary is-small\"  >\n\t\t<span>ANALYSE DES HUILES ESSENTIELLES &gt;<\/span>\n\t<\/a>\n\n<p>Rois, reines et proph\u00e8tes chantent les louanges des graines de nigelle depuis plus de trois mill\u00e9naires, et pour de bonnes raisons. Comme en toute saison, ces minuscules graines d&rsquo;un noir d&rsquo;encre ont \u00e9t\u00e9 utilis\u00e9es par les cultures anciennes et les hommes et femmes modernes comme un tonique revigorant.<\/p>\n<p>L&rsquo;extrait supercritique de ces graines est plus puissant que les teintures et les infusions. Ce proc\u00e9d\u00e9 sp\u00e9cial permet d&rsquo;obtenir un lipide plein d&rsquo;acides gras, dont 45 \u00e0 65% d&rsquo;acide linol\u00e9ique et 1% du rare acide eicosadi\u00e9no\u00efque. Il est principalement constitu\u00e9 de compos\u00e9s v\u00e9g\u00e9taux de type thymoquinone, cym\u00e8ne et thuy\u00e8ne.<\/p>\n<p>Cette \u00ab\u00a0graine pour toutes choses\u00a0\u00bb \u00e0 l&rsquo;ar\u00f4me \u00e9pic\u00e9 est un tonique qui fortifie et r\u00e9conforte.<\/p>\n<p><strong>Taille: 5 ml, 15 ml et 30 ml<\/strong><\/p>\n<h3>Ingr\u00e9dients biologiques<\/h3>\n<p>100% de graines de cumin noir<\/p>\n<p style=\"text-align: center;\"><em>\u00ab\u00a0Les graines humbles, mais immens\u00e9ment puissantes, de la plante annuelle \u00e0 fleurs, Nigella Sativa, sont appr\u00e9ci\u00e9es pour leurs propri\u00e9t\u00e9s depuis des temps imm\u00e9moriaux. Bien que les cultures anglophones la d\u00e9signent fr\u00e9quemment sous les noms de coriandre romaine, s\u00e9same noir, cumin noir, carvi noir et graine d&rsquo;oignon, elle est surtout connue aujourd&rsquo;hui sous le nom de graine noire, ce qui est pour le moins une description exacte de son aspect physique&#8230; Les premi\u00e8res traces de sa culture et de son utilisation remontent \u00e0 l&rsquo;\u00c9gypte ancienne. En effet, de l&rsquo;huile de graines noires a \u00e9t\u00e9 trouv\u00e9e dans la tombe du pharaon \u00e9gyptien Toutankhamon, datant d&rsquo;environ 3 300 ans. Dans les cultures arabes, le cumin noir est ainsi connu sous le nom de Habbatul barakah, ce qui signifie la graine de la b\u00e9n\u00e9diction&#8230; De nombreux bienfaits pour la sant\u00e9 traditionnellement attribu\u00e9s au cumin noir ont \u00e9t\u00e9 confirm\u00e9s par 458 \u00e9tudes publi\u00e9es et examin\u00e9es par des pairs&#8230; Parfois, la r\u00e9f\u00e9rence biblique \u00e0 la \u00ab\u00a0foi de la taille d&rsquo;un grain de moutarde qui d\u00e9place les montagnes\u00a0\u00bb vient \u00e0 l&rsquo;esprit en rapport avec des substances naturel comme les graines noires. Apr\u00e8s tout, les graines ne contiennent-elles pas en elles l&rsquo;espoir m\u00eame de la p\u00e9rennit\u00e9 de toute l&rsquo;esp\u00e8ce qui les porte ? Cet \u00e9tat sursatur\u00e9 de la graine, o\u00f9 la vie se condense en un fragment holographique intens\u00e9ment miniaturis\u00e9 d&rsquo;elle-m\u00eame, promettant la formation de mondes futurs en son sein, est l&#8217;embl\u00e8me m\u00eame du pouvoir immense et immortel de la vie.\u00a0\u00bb<\/em><br \/>\n~ Sayer Ji, <strong>GreenMedinfo<\/strong><\/p>\n<p><img fetchpriority=\"high\" decoding=\"async\" class=\"size-medium wp-image-68103 aligncenter\" src=\"https:\/\/dutchhealthstore.com\/wp-content\/uploads\/2018\/02\/Living-Libations-Organic-Logo-800x89.png\" alt=\"Living Libations - Organic Logo\" width=\"800\" height=\"89\" srcset=\"https:\/\/dutchhealthstore.com\/wp-content\/uploads\/2018\/02\/Living-Libations-Organic-Logo-800x89.png 800w, https:\/\/dutchhealthstore.com\/wp-content\/uploads\/2018\/02\/Living-Libations-Organic-Logo-510x57.png 510w, https:\/\/dutchhealthstore.com\/wp-content\/uploads\/2018\/02\/Living-Libations-Organic-Logo-768x85.png 768w, https:\/\/dutchhealthstore.com\/wp-content\/uploads\/2018\/02\/Living-Libations-Organic-Logo.png 1400w\" sizes=\"(max-width: 800px) 100vw, 800px\" \/><\/p>\n","protected":false},"excerpt":{"rendered":"<p>L&rsquo;origine de <strong>Black Cumin Seed<\/strong> remonte aux \u00c9gyptiens et aux Grecs de l&rsquo;Antiquit\u00e9 qui l&rsquo;utilisaient comme tonique revigorant. Cl\u00e9op\u00e2tre comptait sur les graines pour pr\u00e9server la beaut\u00e9 de sa peau et de ses cheveux, tandis que le roi Tut \u00e9tait certain d&rsquo;\u00eatre enterr\u00e9 avec une bo\u00eete d&rsquo;alb\u00e2tre contenant des Black Cumin seeds.<\/p>\n","protected":false},"featured_media":106089,"comment_status":"open","ping_status":"closed","template":"","meta":[],"product_brand":[],"product_cat":[6734,1507,1211,1209,3757,6733],"product_tag":[4495],"class_list":{"0":"post-116126","1":"product","2":"type-product","3":"status-publish","4":"has-post-thumbnail","6":"product_cat-essential-oils","7":"product_cat-plantes-huiles-essentielles-living-libations","8":"product_cat-living-libations-france","9":"product_cat-par-marques","10":"product_cat-plantes-huiles-essentielles","11":"product_cat-wellness-fr-2","12":"product_tag-essential-oil-fr","13":"pa_brand-livinglibations-fr","14":"pa_essential-oils-product-type-essential-oils-fr","15":"pa_size-15-ml-fr","16":"pa_size-30-ml-fr","17":"pa_size-5-ml-fr","19":"first","20":"instock","21":"taxable","22":"shipping-taxable","23":"purchasable","24":"product-type-variable"},"bundled_by":[],"bundle_stock_status":"instock","bundle_stock_quantity":3,"bundle_virtual":false,"bundle_layout":"","bundle_add_to_cart_form_location":"","bundle_editable_in_cart":false,"bundle_sold_individually_context":"","bundle_item_grouping":"","bundle_min_size":"","bundle_max_size":"","bundle_price":[],"bundled_items":[],"bundle_sell_ids":[],"atum_controlled":true,"out_stock_date":null,"out_stock_threshold":null,"inheritable":true,"stock_on_hold":1,"sold_today":0,"sales_last_days":0,"out_stock_days":0,"lost_sales":0,"update_date":"2026-05-09T00:19:58","atum_locations":[],"atum_stock_status":"instock","restock_status":false,"low_stock_amount":"","sales_update_date":"2026-05-09T00:19:58","calc_backorders":null,"group_of_quantity":0,"min_quantity":0,"max_quantity":"","exclude_order_quantity_value_rules":"no","exclude_category_quantity_rules":"no","combine_variations":"no","yoast_head":"<!-- This site is optimized with the Yoast SEO Premium plugin v26.5 (Yoast SEO v26.5) - https:\/\/yoast.com\/wordpress\/plugins\/seo\/ -->\n<title>Black Cumin Seed | Living Libations<\/title>\n<meta name=\"description\" content=\"L&#039;origine de Black Cumin Seed remonte aux \u00c9gyptiens et aux Grecs de l&#039;Antiquit\u00e9 qui l&#039;utilisaient comme tonique revigorant.\" \/>\n<meta name=\"robots\" content=\"index, follow, max-snippet:-1, max-image-preview:large, max-video-preview:-1\" \/>\n<link rel=\"canonical\" href=\"https:\/\/dutchhealthstore.com\/fr\/product\/black-cumin-seed\/\" \/>\n<meta property=\"og:locale\" content=\"fr_FR\" \/>\n<meta property=\"og:type\" content=\"article\" \/>\n<meta property=\"og:title\" content=\"Black Cumin Seed - Dutch Health Store\" \/>\n<meta property=\"og:description\" content=\"L&#039;origine de Black Cumin Seed remonte aux \u00c9gyptiens et aux Grecs de l&#039;Antiquit\u00e9 qui l&#039;utilisaient comme tonique revigorant.\" \/>\n<meta property=\"og:url\" content=\"https:\/\/dutchhealthstore.com\/fr\/product\/black-cumin-seed\/\" \/>\n<meta property=\"og:site_name\" content=\"Dutch Health Store\" \/>\n<meta property=\"article:publisher\" content=\"https:\/\/www.instagram.com\/dutchhealthstore\/\" \/>\n<meta property=\"article:modified_time\" content=\"2025-08-29T08:31:47+00:00\" \/>\n<meta property=\"og:image\" content=\"https:\/\/dutchhealthstore.com\/wp-content\/uploads\/2020\/06\/living-libations-black-cumin-seed-e1591875594709.jpg\" \/>\n\t<meta property=\"og:image:width\" content=\"500\" \/>\n\t<meta property=\"og:image:height\" content=\"500\" \/>\n\t<meta property=\"og:image:type\" content=\"image\/jpeg\" \/>\n<meta name=\"twitter:card\" content=\"summary_large_image\" \/>\n<meta name=\"twitter:label1\" content=\"Disponibilit\u00e9\" \/>\n\t<meta name=\"twitter:data1\" content=\"En stock\" \/>\n<script type=\"application\/ld+json\" class=\"yoast-schema-graph\">{\"@context\":\"https:\/\/schema.org\",\"@graph\":[{\"@type\":\"WebPage\",\"@id\":\"https:\/\/dutchhealthstore.com\/fr\/product\/black-cumin-seed\/\",\"url\":\"https:\/\/dutchhealthstore.com\/fr\/product\/black-cumin-seed\/\",\"name\":\"Black Cumin Seed | Living Libations\",\"isPartOf\":{\"@id\":\"https:\/\/dutchhealthstore.com\/fr\/#website\"},\"primaryImageOfPage\":{\"@id\":\"https:\/\/dutchhealthstore.com\/fr\/product\/black-cumin-seed\/#primaryimage\"},\"image\":{\"@id\":\"https:\/\/dutchhealthstore.com\/fr\/product\/black-cumin-seed\/#primaryimage\"},\"thumbnailUrl\":\"https:\/\/dutchhealthstore.com\/wp-content\/uploads\/2020\/06\/living-libations-black-cumin-seed-e1591875594709.jpg\",\"datePublished\":\"2020-06-11T09:55:16+00:00\",\"dateModified\":\"2025-08-29T08:31:47+00:00\",\"description\":\"L'origine de Black Cumin Seed remonte aux \u00c9gyptiens et aux Grecs de l'Antiquit\u00e9 qui l'utilisaient comme tonique revigorant.\",\"breadcrumb\":{\"@id\":\"https:\/\/dutchhealthstore.com\/fr\/product\/black-cumin-seed\/#breadcrumb\"},\"inLanguage\":\"fr-FR\",\"potentialAction\":[{\"@type\":\"ReadAction\",\"target\":[\"https:\/\/dutchhealthstore.com\/fr\/product\/black-cumin-seed\/\"]}]},{\"@type\":\"ImageObject\",\"inLanguage\":\"fr-FR\",\"@id\":\"https:\/\/dutchhealthstore.com\/fr\/product\/black-cumin-seed\/#primaryimage\",\"url\":\"https:\/\/dutchhealthstore.com\/wp-content\/uploads\/2020\/06\/living-libations-black-cumin-seed-e1591875594709.jpg\",\"contentUrl\":\"https:\/\/dutchhealthstore.com\/wp-content\/uploads\/2020\/06\/living-libations-black-cumin-seed-e1591875594709.jpg\",\"width\":500,\"height\":500},{\"@type\":\"BreadcrumbList\",\"@id\":\"https:\/\/dutchhealthstore.com\/fr\/product\/black-cumin-seed\/#breadcrumb\",\"itemListElement\":[{\"@type\":\"ListItem\",\"position\":1,\"name\":\"Home\",\"item\":\"https:\/\/dutchhealthstore.com\/fr\/\"},{\"@type\":\"ListItem\",\"position\":2,\"name\":\"Shop\",\"item\":\"https:\/\/dutchhealthstore.com\/fr\/shop\/\"},{\"@type\":\"ListItem\",\"position\":3,\"name\":\"Black Cumin Seed\"}]},{\"@type\":\"WebSite\",\"@id\":\"https:\/\/dutchhealthstore.com\/fr\/#website\",\"url\":\"https:\/\/dutchhealthstore.com\/fr\/\",\"name\":\"Dutch Health Store\",\"description\":\"Enhance Your Beauty with Organic &amp; Natural Skincare\",\"publisher\":{\"@id\":\"https:\/\/dutchhealthstore.com\/fr\/#organization\"},\"potentialAction\":[{\"@type\":\"SearchAction\",\"target\":{\"@type\":\"EntryPoint\",\"urlTemplate\":\"https:\/\/dutchhealthstore.com\/fr\/?s={search_term_string}\"},\"query-input\":{\"@type\":\"PropertyValueSpecification\",\"valueRequired\":true,\"valueName\":\"search_term_string\"}}],\"inLanguage\":\"fr-FR\"},{\"@type\":\"Organization\",\"@id\":\"https:\/\/dutchhealthstore.com\/fr\/#organization\",\"name\":\"Dutch Health Store\",\"url\":\"https:\/\/dutchhealthstore.com\/fr\/\",\"logo\":{\"@type\":\"ImageObject\",\"inLanguage\":\"fr-FR\",\"@id\":\"https:\/\/dutchhealthstore.com\/fr\/#\/schema\/logo\/image\/\",\"url\":\"https:\/\/dutchhealthstore.com\/wp-content\/uploads\/2020\/08\/logo-dutchhealthstore-jpg-e1599484957574.jpg\",\"contentUrl\":\"https:\/\/dutchhealthstore.com\/wp-content\/uploads\/2020\/08\/logo-dutchhealthstore-jpg-e1599484957574.jpg\",\"width\":400,\"height\":62,\"caption\":\"Dutch Health Store\"},\"image\":{\"@id\":\"https:\/\/dutchhealthstore.com\/fr\/#\/schema\/logo\/image\/\"},\"sameAs\":[\"https:\/\/www.instagram.com\/dutchhealthstore\/\",\"https:\/\/www.facebook.com\/dutchhealthstore\"]}]}<\/script>\n<meta property=\"product:brand\" content=\"Living Libations\" \/>\n<meta property=\"og:availability\" content=\"instock\" \/>\n<meta property=\"product:availability\" content=\"instock\" \/>\n<meta property=\"product:condition\" content=\"new\" \/>\n<!-- \/ Yoast SEO Premium plugin. -->","yoast_head_json":{"title":"Black Cumin Seed | Living Libations","description":"L'origine de Black Cumin Seed remonte aux \u00c9gyptiens et aux Grecs de l'Antiquit\u00e9 qui l'utilisaient comme tonique revigorant.","robots":{"index":"index","follow":"follow","max-snippet":"max-snippet:-1","max-image-preview":"max-image-preview:large","max-video-preview":"max-video-preview:-1"},"canonical":"https:\/\/dutchhealthstore.com\/fr\/product\/black-cumin-seed\/","og_locale":"fr_FR","og_type":"article","og_title":"Black Cumin Seed - Dutch Health Store","og_description":"L'origine de Black Cumin Seed remonte aux \u00c9gyptiens et aux Grecs de l'Antiquit\u00e9 qui l'utilisaient comme tonique revigorant.","og_url":"https:\/\/dutchhealthstore.com\/fr\/product\/black-cumin-seed\/","og_site_name":"Dutch Health Store","article_publisher":"https:\/\/www.instagram.com\/dutchhealthstore\/","article_modified_time":"2025-08-29T08:31:47+00:00","og_image":[{"width":500,"height":500,"url":"https:\/\/dutchhealthstore.com\/wp-content\/uploads\/2020\/06\/living-libations-black-cumin-seed-e1591875594709.jpg","type":"image\/jpeg"}],"twitter_card":"summary_large_image","twitter_misc":{"Disponibilit\u00e9":"En stock"},"schema":{"@context":"https:\/\/schema.org","@graph":[{"@type":"WebPage","@id":"https:\/\/dutchhealthstore.com\/fr\/product\/black-cumin-seed\/","url":"https:\/\/dutchhealthstore.com\/fr\/product\/black-cumin-seed\/","name":"Black Cumin Seed | Living Libations","isPartOf":{"@id":"https:\/\/dutchhealthstore.com\/fr\/#website"},"primaryImageOfPage":{"@id":"https:\/\/dutchhealthstore.com\/fr\/product\/black-cumin-seed\/#primaryimage"},"image":{"@id":"https:\/\/dutchhealthstore.com\/fr\/product\/black-cumin-seed\/#primaryimage"},"thumbnailUrl":"https:\/\/dutchhealthstore.com\/wp-content\/uploads\/2020\/06\/living-libations-black-cumin-seed-e1591875594709.jpg","datePublished":"2020-06-11T09:55:16+00:00","dateModified":"2025-08-29T08:31:47+00:00","description":"L'origine de Black Cumin Seed remonte aux \u00c9gyptiens et aux Grecs de l'Antiquit\u00e9 qui l'utilisaient comme tonique revigorant.","breadcrumb":{"@id":"https:\/\/dutchhealthstore.com\/fr\/product\/black-cumin-seed\/#breadcrumb"},"inLanguage":"fr-FR","potentialAction":[{"@type":"ReadAction","target":["https:\/\/dutchhealthstore.com\/fr\/product\/black-cumin-seed\/"]}]},{"@type":"ImageObject","inLanguage":"fr-FR","@id":"https:\/\/dutchhealthstore.com\/fr\/product\/black-cumin-seed\/#primaryimage","url":"https:\/\/dutchhealthstore.com\/wp-content\/uploads\/2020\/06\/living-libations-black-cumin-seed-e1591875594709.jpg","contentUrl":"https:\/\/dutchhealthstore.com\/wp-content\/uploads\/2020\/06\/living-libations-black-cumin-seed-e1591875594709.jpg","width":500,"height":500},{"@type":"BreadcrumbList","@id":"https:\/\/dutchhealthstore.com\/fr\/product\/black-cumin-seed\/#breadcrumb","itemListElement":[{"@type":"ListItem","position":1,"name":"Home","item":"https:\/\/dutchhealthstore.com\/fr\/"},{"@type":"ListItem","position":2,"name":"Shop","item":"https:\/\/dutchhealthstore.com\/fr\/shop\/"},{"@type":"ListItem","position":3,"name":"Black Cumin Seed"}]},{"@type":"WebSite","@id":"https:\/\/dutchhealthstore.com\/fr\/#website","url":"https:\/\/dutchhealthstore.com\/fr\/","name":"Dutch Health Store","description":"Enhance Your Beauty with Organic &amp; Natural Skincare","publisher":{"@id":"https:\/\/dutchhealthstore.com\/fr\/#organization"},"potentialAction":[{"@type":"SearchAction","target":{"@type":"EntryPoint","urlTemplate":"https:\/\/dutchhealthstore.com\/fr\/?s={search_term_string}"},"query-input":{"@type":"PropertyValueSpecification","valueRequired":true,"valueName":"search_term_string"}}],"inLanguage":"fr-FR"},{"@type":"Organization","@id":"https:\/\/dutchhealthstore.com\/fr\/#organization","name":"Dutch Health Store","url":"https:\/\/dutchhealthstore.com\/fr\/","logo":{"@type":"ImageObject","inLanguage":"fr-FR","@id":"https:\/\/dutchhealthstore.com\/fr\/#\/schema\/logo\/image\/","url":"https:\/\/dutchhealthstore.com\/wp-content\/uploads\/2020\/08\/logo-dutchhealthstore-jpg-e1599484957574.jpg","contentUrl":"https:\/\/dutchhealthstore.com\/wp-content\/uploads\/2020\/08\/logo-dutchhealthstore-jpg-e1599484957574.jpg","width":400,"height":62,"caption":"Dutch Health Store"},"image":{"@id":"https:\/\/dutchhealthstore.com\/fr\/#\/schema\/logo\/image\/"},"sameAs":["https:\/\/www.instagram.com\/dutchhealthstore\/","https:\/\/www.facebook.com\/dutchhealthstore"]}]},"product_brand":"Living Libations","og_availability":"instock","product_availability":"instock","product_condition":"new"},"_links":{"self":[{"href":"https:\/\/dutchhealthstore.com\/fr\/wp-json\/wp\/v2\/product\/116126","targetHints":{"allow":["GET"]}}],"collection":[{"href":"https:\/\/dutchhealthstore.com\/fr\/wp-json\/wp\/v2\/product"}],"about":[{"href":"https:\/\/dutchhealthstore.com\/fr\/wp-json\/wp\/v2\/types\/product"}],"replies":[{"embeddable":true,"href":"https:\/\/dutchhealthstore.com\/fr\/wp-json\/wp\/v2\/comments?post=116126"}],"wp:featuredmedia":[{"embeddable":true,"href":"https:\/\/dutchhealthstore.com\/fr\/wp-json\/wp\/v2\/media\/106089"}],"wp:attachment":[{"href":"https:\/\/dutchhealthstore.com\/fr\/wp-json\/wp\/v2\/media?parent=116126"}],"wp:term":[{"taxonomy":"product_brand","embeddable":true,"href":"https:\/\/dutchhealthstore.com\/fr\/wp-json\/wp\/v2\/product_brand?post=116126"},{"taxonomy":"product_cat","embeddable":true,"href":"https:\/\/dutchhealthstore.com\/fr\/wp-json\/wp\/v2\/product_cat?post=116126"},{"taxonomy":"product_tag","embeddable":true,"href":"https:\/\/dutchhealthstore.com\/fr\/wp-json\/wp\/v2\/product_tag?post=116126"}],"curies":[{"name":"wp","href":"https:\/\/api.w.org\/{rel}","templated":true}]}}