{"id":116088,"date":"2018-02-10T19:50:47","date_gmt":"2018-02-10T18:50:47","guid":{"rendered":"https:\/\/dutchhealthstore.com\/product\/bergamot-essential-oil\/"},"modified":"2025-11-23T12:44:42","modified_gmt":"2025-11-23T11:44:42","slug":"bergamot-essential-oil","status":"publish","type":"product","link":"https:\/\/dutchhealthstore.com\/fr\/product\/bergamot-essential-oil\/","title":{"rendered":"Bergamot Essential Oil"},"content":{"rendered":"<div id=\"product.info.description\" class=\"data item content\" role=\"tabpanel\" data-role=\"content\" aria-labelledby=\"tab-label-product.info.description\" aria-hidden=\"false\">\n<div class=\"product attribute description\">\n<div class=\"value\">\n<h3><strong><img decoding=\"async\" class=\"alignright size-full wp-image-37041\" src=\"https:\/\/dutchhealthstore.com\/wp-content\/uploads\/2018\/04\/Living_Libations-1.png\" alt=\"Organic &amp; Natural Beautyproducts - Living Libations\" width=\"175\" height=\"82\"><\/strong><\/h3>\n<p><strong>Nom botanique:<\/strong> Citrus bergamia<br \/>\n<strong>Famille botanique:<\/strong> Rutaceae<br \/>\n<strong>M\u00e9thode d&rsquo;extraction:<\/strong> Distillation \u00e0 la vapeur<br \/>\n<strong>Partie de la plante distill\u00e9e:<\/strong> \u00c9corce<br \/>\n<strong>Pays d&rsquo;origine:<\/strong> Italie<br \/>\n<strong>M\u00e9thode de culture:<\/strong> Organique<br \/>\n<strong>Composition:<\/strong> 100% Citrus bergamia<br \/>\n<strong>Coh\u00e9rence:<\/strong> Mince<\/p>\n<h3>Description de l&rsquo;odeur<\/h3>\n<p>Agrume frais, joyeux, presque floral, semblable au freesia, avec des notes subtiles de verdure herbac\u00e9e et parfum\u00e9e.<\/p>\n<h3>Se marie bien avec<\/h3>\n<p>V\u00e9tiver, Santal, Jasmin, Verveine, M\u00e9lisse, Pin, Mousse de ch\u00eane, Lavande, Pamplemousse, Rose Otto, Ylang, Cardamome, Nard, Citronnelle, Marjolaine, Ciste, Immortelle, Carvi, Inula, Encens, Mastic et Myrrhe.<\/p>\n<h3>Utilisations<\/h3>\n<p>Excellent dans les m\u00e9langes. Parfait dans les parfums. Enrichissant dans les bains, les massages et les m\u00e9langes pour diffuseurs.<\/p>\n<h3>Attention<\/h3>\n<p>Photosensibilisant, ne pas appliquer pur sur la peau et ensuite exposer la peau directement au soleil). La bergamote n&rsquo;est pas photosensibilisante lorsqu&rsquo;elle est dilu\u00e9e \u00e0 1% ou moins dans un m\u00e9lange avec une huile porteuse, comme les huiles de jojoba, de coco ou d&rsquo;olive.<\/p>\n<p>Bergamot Essential Oil est remplie d&rsquo;une joie fleurie et fruit\u00e9e ensoleill\u00e9e. R\u00e9put\u00e9e pour sa capacit\u00e9 \u00e0 susciter des sentiments de bonheur, notre Bergamot Essential Oil est distill\u00e9e \u00e0 partir du fruit de l&rsquo;arbre Citrus bergamia, qui fleurit pendant l&rsquo;accueillant hiver italien. Hybride de citron et d&rsquo;orange am\u00e8re, la bergamote est cultiv\u00e9e pour son essence aromatique puissante. Il excelle comme nettoyant pour l&rsquo;acn\u00e9, d\u00e9tend les rougeurs, dissipe les nuages \u00e9motionnels et invite \u00e0 une aura de soulagement pur et radieux. C&rsquo;est \u00e9galement une huile culinaire \u00e9tonnante.<\/p>\n<p>Ingr\u00e9dients Biologiques<\/p>\n<p>100% d&rsquo;huile essentielle de bergamote (Citrus bergamia).<\/p>\n<p style=\"text-align: center;\"><em>\u00ab\u00a0La haute fr\u00e9quence de la bergamote fonctionne bien dans le champ aurique&#8230; <\/em><br \/>\n<em>C&rsquo;est aussi un amplificateur d&rsquo;\u00e9nergie lumineuse, qui dynamise et magnifie, ouvrant le c\u0153ur \u00e0 la joie cosmique. <\/em><br \/>\n<em>La bergamote \u00e9claire les ombres de l&rsquo;esprit, apportant illumination et rire.\u00a0\u00bb<\/em><br \/>\n~Valerie Ann Worwood, <strong>Aromatherapy for the Soul<\/strong><\/p>\n<p style=\"text-align: center;\"><em>\u00ab\u00a0L&rsquo;huile essentielle de bergamote est un secret culinaire bien gard\u00e9. Il donnera \u00e0 tout g\u00e2teau au fromage ou g\u00e2teau des anges ce petit quelque chose de sp\u00e9cial&#8230; <\/em><br \/>\n<em>En outre, cette huile donne au th\u00e9 Earl Grey son ar\u00f4me exquis. Vous pouvez faire votre propre th\u00e9 exotique en ajoutant [a drop] d&rsquo;huile de bergamote \u00e0 du th\u00e9 noir ordinaire.\u00a0\u00bb<\/em><br \/>\n\u223cSusanne Fischer-Rizzi, <strong>Complete Aromatherapy Handbook<\/strong><\/p>\n<p style=\"text-align: center;\"><em>\u00ab\u00a0&#8230; Mentionn\u00e9 pour la premi\u00e8re fois dans le <span style=\"font-size: 14.4px;\">Parfumeur<\/span> Fran\u00e7ois du XVIIe si\u00e8cle, il a \u00e9t\u00e9 nomm\u00e9 d&rsquo;apr\u00e8s la ville de Bergame, <\/em><br \/>\n<em>L&rsquo;Italie, o\u00f9 l&rsquo;huile a \u00e9t\u00e9 distill\u00e9e pour la premi\u00e8re fois&#8230; La bergamote parfume de nombreux parfums et aromatise le th\u00e9 Earl Grey et certains bonbons. <\/em><br \/>\n<em>Ne confondez pas cet agrume avec la m\u00e9lisse des jardins (Monarda didyma), \u00e9galement appel\u00e9e bergamote.\u00a0\u00bb<\/em><br \/>\n\u223cKathi Keville et Mindy Green, <strong>Aromatherapy: A Complete Guide to the Art<\/strong><\/p>\n<\/div>\n<\/div>\n<p><img fetchpriority=\"high\" decoding=\"async\" class=\"size-full wp-image-31577 aligncenter\" src=\"https:\/\/dutchhealthstore.com\/wp-content\/uploads\/2018\/03\/organic_big.png\" alt=\"Organic and Natural - Living Libations\" width=\"623\" height=\"103\" srcset=\"https:\/\/dutchhealthstore.com\/wp-content\/uploads\/2018\/03\/organic_big.png 623w, https:\/\/dutchhealthstore.com\/wp-content\/uploads\/2018\/03\/organic_big-510x84.png 510w, https:\/\/dutchhealthstore.com\/wp-content\/uploads\/2018\/03\/organic_big-600x99.png 600w, https:\/\/dutchhealthstore.com\/wp-content\/uploads\/2018\/03\/organic_big-350x58.png 350w\" sizes=\"(max-width: 623px) 100vw, 623px\" \/><\/p>\n<div class=\"product attribute description\">\n<div class=\"value\"><\/div>\n<\/div>\n<\/div>\n","protected":false},"excerpt":{"rendered":"<p><strong>Bergamot Essential Oil<\/strong> bienveillante est \u00e9labor\u00e9e \u00e0 partir des pelures d\u00e9licates des \u00e9corces presque m\u00fbres, le fruit poussant sous le soleil hivernal de l&rsquo;Italie.<br \/>\nDot\u00e9e de tous les bienfaits des citrons et des oranges combin\u00e9s, l&rsquo;huile de bergamote est cultiv\u00e9e pour son ar\u00f4me savoureux, ses propri\u00e9t\u00e9s d&#8217;embellissement de la peau et sa bonne humeur.<\/p>\n","protected":false},"featured_media":106065,"comment_status":"open","ping_status":"closed","template":"","meta":[],"product_brand":[],"product_cat":[6734,1507,1211,1209,3757,1010,6733],"product_tag":[4495],"class_list":{"0":"post-116088","1":"product","2":"type-product","3":"status-publish","4":"has-post-thumbnail","6":"product_cat-essential-oils","7":"product_cat-plantes-huiles-essentielles-living-libations","8":"product_cat-living-libations-france","9":"product_cat-par-marques","10":"product_cat-plantes-huiles-essentielles","11":"product_cat-notre-boutique","12":"product_cat-wellness-fr-2","13":"product_tag-essential-oil-fr","14":"pa_brand-livinglibations-fr","15":"pa_essential-oils-product-type-essential-oils-fr","16":"pa_size-15-ml-fr","17":"pa_size-30-ml-fr","18":"pa_size-5-ml-fr","20":"first","21":"instock","22":"taxable","23":"shipping-taxable","24":"purchasable","25":"product-type-variable"},"bundled_by":[],"bundle_stock_status":"instock","bundle_stock_quantity":null,"bundle_virtual":false,"bundle_layout":"","bundle_add_to_cart_form_location":"","bundle_editable_in_cart":false,"bundle_sold_individually_context":"","bundle_item_grouping":"","bundle_min_size":"","bundle_max_size":"","bundle_price":[],"bundled_items":[],"bundle_sell_ids":[],"atum_controlled":true,"out_stock_date":null,"out_stock_threshold":null,"inheritable":true,"stock_on_hold":0,"sold_today":0,"sales_last_days":0,"out_stock_days":0,"lost_sales":0,"update_date":"2026-04-24T00:10:30","atum_locations":[],"atum_stock_status":"instock","restock_status":false,"low_stock_amount":"","sales_update_date":"2026-04-24T00:10:30","calc_backorders":null,"group_of_quantity":0,"min_quantity":0,"max_quantity":"","exclude_order_quantity_value_rules":"no","exclude_category_quantity_rules":"no","combine_variations":"no","yoast_head":"<!-- This site is optimized with the Yoast SEO Premium plugin v26.5 (Yoast SEO v26.5) - https:\/\/yoast.com\/wordpress\/plugins\/seo\/ -->\n<title>Bergamot Essential Oil | Living Libations<\/title>\n<meta name=\"description\" content=\"Bergamot Essential Oil bienveillante est \u00e9labor\u00e9e \u00e0 partir des pelures d\u00e9licates des \u00e9corces presque m\u00fbres du fruit qui pousse sous le soleil hivernal de l&#039;Italie.\" \/>\n<meta name=\"robots\" content=\"index, follow, max-snippet:-1, max-image-preview:large, max-video-preview:-1\" \/>\n<link rel=\"canonical\" href=\"https:\/\/dutchhealthstore.com\/fr\/product\/bergamot-essential-oil\/\" \/>\n<meta property=\"og:locale\" content=\"fr_FR\" \/>\n<meta property=\"og:type\" content=\"article\" \/>\n<meta property=\"og:title\" content=\"Bergamot Essential Oil - Dutch Health Store\" \/>\n<meta property=\"og:description\" content=\"Bergamot Essential Oil bienveillante est \u00e9labor\u00e9e \u00e0 partir des pelures d\u00e9licates des \u00e9corces presque m\u00fbres du fruit qui pousse sous le soleil hivernal de l&#039;Italie.\" \/>\n<meta property=\"og:url\" content=\"https:\/\/dutchhealthstore.com\/fr\/product\/bergamot-essential-oil\/\" \/>\n<meta property=\"og:site_name\" content=\"Dutch Health Store\" \/>\n<meta property=\"article:publisher\" content=\"https:\/\/www.instagram.com\/dutchhealthstore\/\" \/>\n<meta property=\"article:modified_time\" content=\"2025-11-23T11:44:42+00:00\" \/>\n<meta property=\"og:image\" content=\"https:\/\/dutchhealthstore.com\/wp-content\/uploads\/2018\/02\/living-libations-bergamot-essential-oil-1-e1591872272963.jpg\" \/>\n\t<meta property=\"og:image:width\" content=\"500\" \/>\n\t<meta property=\"og:image:height\" content=\"500\" \/>\n\t<meta property=\"og:image:type\" content=\"image\/jpeg\" \/>\n<meta name=\"twitter:card\" content=\"summary_large_image\" \/>\n<meta name=\"twitter:label1\" content=\"Disponibilit\u00e9\" \/>\n\t<meta name=\"twitter:data1\" content=\"En stock\" \/>\n<script type=\"application\/ld+json\" class=\"yoast-schema-graph\">{\"@context\":\"https:\/\/schema.org\",\"@graph\":[{\"@type\":\"WebPage\",\"@id\":\"https:\/\/dutchhealthstore.com\/fr\/product\/bergamot-essential-oil\/\",\"url\":\"https:\/\/dutchhealthstore.com\/fr\/product\/bergamot-essential-oil\/\",\"name\":\"Bergamot Essential Oil | Living Libations\",\"isPartOf\":{\"@id\":\"https:\/\/dutchhealthstore.com\/fr\/#website\"},\"primaryImageOfPage\":{\"@id\":\"https:\/\/dutchhealthstore.com\/fr\/product\/bergamot-essential-oil\/#primaryimage\"},\"image\":{\"@id\":\"https:\/\/dutchhealthstore.com\/fr\/product\/bergamot-essential-oil\/#primaryimage\"},\"thumbnailUrl\":\"https:\/\/dutchhealthstore.com\/wp-content\/uploads\/2018\/02\/living-libations-bergamot-essential-oil-1-e1591872272963.jpg\",\"datePublished\":\"2018-02-10T18:50:47+00:00\",\"dateModified\":\"2025-11-23T11:44:42+00:00\",\"description\":\"Bergamot Essential Oil bienveillante est \u00e9labor\u00e9e \u00e0 partir des pelures d\u00e9licates des \u00e9corces presque m\u00fbres du fruit qui pousse sous le soleil hivernal de l'Italie.\",\"breadcrumb\":{\"@id\":\"https:\/\/dutchhealthstore.com\/fr\/product\/bergamot-essential-oil\/#breadcrumb\"},\"inLanguage\":\"fr-FR\",\"potentialAction\":[{\"@type\":\"ReadAction\",\"target\":[\"https:\/\/dutchhealthstore.com\/fr\/product\/bergamot-essential-oil\/\"]}]},{\"@type\":\"ImageObject\",\"inLanguage\":\"fr-FR\",\"@id\":\"https:\/\/dutchhealthstore.com\/fr\/product\/bergamot-essential-oil\/#primaryimage\",\"url\":\"https:\/\/dutchhealthstore.com\/wp-content\/uploads\/2018\/02\/living-libations-bergamot-essential-oil-1-e1591872272963.jpg\",\"contentUrl\":\"https:\/\/dutchhealthstore.com\/wp-content\/uploads\/2018\/02\/living-libations-bergamot-essential-oil-1-e1591872272963.jpg\",\"width\":500,\"height\":500},{\"@type\":\"BreadcrumbList\",\"@id\":\"https:\/\/dutchhealthstore.com\/fr\/product\/bergamot-essential-oil\/#breadcrumb\",\"itemListElement\":[{\"@type\":\"ListItem\",\"position\":1,\"name\":\"Home\",\"item\":\"https:\/\/dutchhealthstore.com\/fr\/\"},{\"@type\":\"ListItem\",\"position\":2,\"name\":\"Shop\",\"item\":\"https:\/\/dutchhealthstore.com\/fr\/shop\/\"},{\"@type\":\"ListItem\",\"position\":3,\"name\":\"Bergamot Essential Oil\"}]},{\"@type\":\"WebSite\",\"@id\":\"https:\/\/dutchhealthstore.com\/fr\/#website\",\"url\":\"https:\/\/dutchhealthstore.com\/fr\/\",\"name\":\"Dutch Health Store\",\"description\":\"Enhance Your Beauty with Organic &amp; Natural Skincare\",\"publisher\":{\"@id\":\"https:\/\/dutchhealthstore.com\/fr\/#organization\"},\"potentialAction\":[{\"@type\":\"SearchAction\",\"target\":{\"@type\":\"EntryPoint\",\"urlTemplate\":\"https:\/\/dutchhealthstore.com\/fr\/?s={search_term_string}\"},\"query-input\":{\"@type\":\"PropertyValueSpecification\",\"valueRequired\":true,\"valueName\":\"search_term_string\"}}],\"inLanguage\":\"fr-FR\"},{\"@type\":\"Organization\",\"@id\":\"https:\/\/dutchhealthstore.com\/fr\/#organization\",\"name\":\"Dutch Health Store\",\"url\":\"https:\/\/dutchhealthstore.com\/fr\/\",\"logo\":{\"@type\":\"ImageObject\",\"inLanguage\":\"fr-FR\",\"@id\":\"https:\/\/dutchhealthstore.com\/fr\/#\/schema\/logo\/image\/\",\"url\":\"https:\/\/dutchhealthstore.com\/wp-content\/uploads\/2020\/08\/logo-dutchhealthstore-jpg-e1599484957574.jpg\",\"contentUrl\":\"https:\/\/dutchhealthstore.com\/wp-content\/uploads\/2020\/08\/logo-dutchhealthstore-jpg-e1599484957574.jpg\",\"width\":400,\"height\":62,\"caption\":\"Dutch Health Store\"},\"image\":{\"@id\":\"https:\/\/dutchhealthstore.com\/fr\/#\/schema\/logo\/image\/\"},\"sameAs\":[\"https:\/\/www.instagram.com\/dutchhealthstore\/\",\"https:\/\/www.facebook.com\/dutchhealthstore\"]}]}<\/script>\n<meta property=\"product:brand\" content=\"Living Libations\" \/>\n<meta property=\"og:availability\" content=\"instock\" \/>\n<meta property=\"product:availability\" content=\"instock\" \/>\n<meta property=\"product:condition\" content=\"new\" \/>\n<!-- \/ Yoast SEO Premium plugin. -->","yoast_head_json":{"title":"Bergamot Essential Oil | Living Libations","description":"Bergamot Essential Oil bienveillante est \u00e9labor\u00e9e \u00e0 partir des pelures d\u00e9licates des \u00e9corces presque m\u00fbres du fruit qui pousse sous le soleil hivernal de l'Italie.","robots":{"index":"index","follow":"follow","max-snippet":"max-snippet:-1","max-image-preview":"max-image-preview:large","max-video-preview":"max-video-preview:-1"},"canonical":"https:\/\/dutchhealthstore.com\/fr\/product\/bergamot-essential-oil\/","og_locale":"fr_FR","og_type":"article","og_title":"Bergamot Essential Oil - Dutch Health Store","og_description":"Bergamot Essential Oil bienveillante est \u00e9labor\u00e9e \u00e0 partir des pelures d\u00e9licates des \u00e9corces presque m\u00fbres du fruit qui pousse sous le soleil hivernal de l'Italie.","og_url":"https:\/\/dutchhealthstore.com\/fr\/product\/bergamot-essential-oil\/","og_site_name":"Dutch Health Store","article_publisher":"https:\/\/www.instagram.com\/dutchhealthstore\/","article_modified_time":"2025-11-23T11:44:42+00:00","og_image":[{"width":500,"height":500,"url":"https:\/\/dutchhealthstore.com\/wp-content\/uploads\/2018\/02\/living-libations-bergamot-essential-oil-1-e1591872272963.jpg","type":"image\/jpeg"}],"twitter_card":"summary_large_image","twitter_misc":{"Disponibilit\u00e9":"En stock"},"schema":{"@context":"https:\/\/schema.org","@graph":[{"@type":"WebPage","@id":"https:\/\/dutchhealthstore.com\/fr\/product\/bergamot-essential-oil\/","url":"https:\/\/dutchhealthstore.com\/fr\/product\/bergamot-essential-oil\/","name":"Bergamot Essential Oil | Living Libations","isPartOf":{"@id":"https:\/\/dutchhealthstore.com\/fr\/#website"},"primaryImageOfPage":{"@id":"https:\/\/dutchhealthstore.com\/fr\/product\/bergamot-essential-oil\/#primaryimage"},"image":{"@id":"https:\/\/dutchhealthstore.com\/fr\/product\/bergamot-essential-oil\/#primaryimage"},"thumbnailUrl":"https:\/\/dutchhealthstore.com\/wp-content\/uploads\/2018\/02\/living-libations-bergamot-essential-oil-1-e1591872272963.jpg","datePublished":"2018-02-10T18:50:47+00:00","dateModified":"2025-11-23T11:44:42+00:00","description":"Bergamot Essential Oil bienveillante est \u00e9labor\u00e9e \u00e0 partir des pelures d\u00e9licates des \u00e9corces presque m\u00fbres du fruit qui pousse sous le soleil hivernal de l'Italie.","breadcrumb":{"@id":"https:\/\/dutchhealthstore.com\/fr\/product\/bergamot-essential-oil\/#breadcrumb"},"inLanguage":"fr-FR","potentialAction":[{"@type":"ReadAction","target":["https:\/\/dutchhealthstore.com\/fr\/product\/bergamot-essential-oil\/"]}]},{"@type":"ImageObject","inLanguage":"fr-FR","@id":"https:\/\/dutchhealthstore.com\/fr\/product\/bergamot-essential-oil\/#primaryimage","url":"https:\/\/dutchhealthstore.com\/wp-content\/uploads\/2018\/02\/living-libations-bergamot-essential-oil-1-e1591872272963.jpg","contentUrl":"https:\/\/dutchhealthstore.com\/wp-content\/uploads\/2018\/02\/living-libations-bergamot-essential-oil-1-e1591872272963.jpg","width":500,"height":500},{"@type":"BreadcrumbList","@id":"https:\/\/dutchhealthstore.com\/fr\/product\/bergamot-essential-oil\/#breadcrumb","itemListElement":[{"@type":"ListItem","position":1,"name":"Home","item":"https:\/\/dutchhealthstore.com\/fr\/"},{"@type":"ListItem","position":2,"name":"Shop","item":"https:\/\/dutchhealthstore.com\/fr\/shop\/"},{"@type":"ListItem","position":3,"name":"Bergamot Essential Oil"}]},{"@type":"WebSite","@id":"https:\/\/dutchhealthstore.com\/fr\/#website","url":"https:\/\/dutchhealthstore.com\/fr\/","name":"Dutch Health Store","description":"Enhance Your Beauty with Organic &amp; Natural Skincare","publisher":{"@id":"https:\/\/dutchhealthstore.com\/fr\/#organization"},"potentialAction":[{"@type":"SearchAction","target":{"@type":"EntryPoint","urlTemplate":"https:\/\/dutchhealthstore.com\/fr\/?s={search_term_string}"},"query-input":{"@type":"PropertyValueSpecification","valueRequired":true,"valueName":"search_term_string"}}],"inLanguage":"fr-FR"},{"@type":"Organization","@id":"https:\/\/dutchhealthstore.com\/fr\/#organization","name":"Dutch Health Store","url":"https:\/\/dutchhealthstore.com\/fr\/","logo":{"@type":"ImageObject","inLanguage":"fr-FR","@id":"https:\/\/dutchhealthstore.com\/fr\/#\/schema\/logo\/image\/","url":"https:\/\/dutchhealthstore.com\/wp-content\/uploads\/2020\/08\/logo-dutchhealthstore-jpg-e1599484957574.jpg","contentUrl":"https:\/\/dutchhealthstore.com\/wp-content\/uploads\/2020\/08\/logo-dutchhealthstore-jpg-e1599484957574.jpg","width":400,"height":62,"caption":"Dutch Health Store"},"image":{"@id":"https:\/\/dutchhealthstore.com\/fr\/#\/schema\/logo\/image\/"},"sameAs":["https:\/\/www.instagram.com\/dutchhealthstore\/","https:\/\/www.facebook.com\/dutchhealthstore"]}]},"product_brand":"Living Libations","og_availability":"instock","product_availability":"instock","product_condition":"new"},"_links":{"self":[{"href":"https:\/\/dutchhealthstore.com\/fr\/wp-json\/wp\/v2\/product\/116088","targetHints":{"allow":["GET"]}}],"collection":[{"href":"https:\/\/dutchhealthstore.com\/fr\/wp-json\/wp\/v2\/product"}],"about":[{"href":"https:\/\/dutchhealthstore.com\/fr\/wp-json\/wp\/v2\/types\/product"}],"replies":[{"embeddable":true,"href":"https:\/\/dutchhealthstore.com\/fr\/wp-json\/wp\/v2\/comments?post=116088"}],"wp:featuredmedia":[{"embeddable":true,"href":"https:\/\/dutchhealthstore.com\/fr\/wp-json\/wp\/v2\/media\/106065"}],"wp:attachment":[{"href":"https:\/\/dutchhealthstore.com\/fr\/wp-json\/wp\/v2\/media?parent=116088"}],"wp:term":[{"taxonomy":"product_brand","embeddable":true,"href":"https:\/\/dutchhealthstore.com\/fr\/wp-json\/wp\/v2\/product_brand?post=116088"},{"taxonomy":"product_cat","embeddable":true,"href":"https:\/\/dutchhealthstore.com\/fr\/wp-json\/wp\/v2\/product_cat?post=116088"},{"taxonomy":"product_tag","embeddable":true,"href":"https:\/\/dutchhealthstore.com\/fr\/wp-json\/wp\/v2\/product_tag?post=116088"}],"curies":[{"name":"wp","href":"https:\/\/api.w.org\/{rel}","templated":true}]}}