{"id":116049,"date":"2020-06-02T13:25:02","date_gmt":"2020-06-02T11:25:02","guid":{"rendered":"https:\/\/dutchhealthstore.com\/product\/benzoin-essential-oil\/"},"modified":"2025-07-25T15:33:28","modified_gmt":"2025-07-25T13:33:28","slug":"benzoin-essential-oil","status":"publish","type":"product","link":"https:\/\/dutchhealthstore.com\/fr\/product\/benzoin-essential-oil\/","title":{"rendered":"Benzoin Essential Oil"},"content":{"rendered":"<p><img decoding=\"async\" class=\"size-full wp-image-69549 alignright\" src=\"https:\/\/dutchhealthstore.com\/wp-content\/uploads\/2019\/08\/NEW-Living-Libations-Logo.jpg\" alt=\"NEW - Living Libations - Logo\" width=\"175\" height=\"82\"><\/p>\n<p><strong>Nom botanique :<\/strong> Styrax benjoin<br \/>\n<strong>Famille botanique :<\/strong> Styracaceae<br \/>\n<strong>M\u00e9thode d&rsquo;extraction :<\/strong> Distillation \u00e0 la vapeur<br \/>\n<strong>Partie de la plante distill\u00e9e :<\/strong> R\u00e9sine<br \/>\n<strong>Pays d&rsquo;origine :<\/strong> Indon\u00e9sie<br \/>\n<strong>M\u00e9thode de culture :<\/strong> Organique<br \/>\n<strong>Composition :<\/strong> 100% benjoin de Styrax<br \/>\n<strong>Consistance :<\/strong> Viscosit\u00e9 moyenne \u00e9paisse<\/p>\n<h3 style=\"font-size: 20.16px;\"><span style=\"font-size: 20.16px; color: #333333;\">Description de l&rsquo;odeur<\/span><\/h3>\n<p>Balsamique, vanill\u00e9, riche, r\u00e9sineux et r\u00e9confortant.<\/p>\n<h3>Se marie bien avec<\/h3>\n<p>Santal, Patchouli, Encens, V\u00e9tiver, Nard, Bois d&rsquo;Agar, Rose, Jasmin, Pamplemousse, Bergamote, Hysope, Marjolaine, Ylang, Ciste, Racine d&rsquo;Orris, Bourgeon de Peuplier et Thym.<\/p>\n<h3>Utilisations<\/h3>\n<p>C\u00e9l\u00e8bre comme fixateur dans les parfums et les eaux de Cologne ; \u00e0 diffuser pour cr\u00e9er une atmosph\u00e8re aromatique chaleureuse et r\u00e9confortante. \u00c0 utiliser dans les bains pour exalter les \u00e9motions et d\u00e9tendre les nerfs ; \u00e0 utiliser dans les huiles de massage et les s\u00e9rums pour am\u00e9liorer l&rsquo;apparence du teint et de la texture de la peau. Diluer avant utilisation, car la peau de certaines personnes peut y \u00eatre sensible.<\/p>\n<p>Le benjoin balsamique trouve ses racines au d\u00e9but de l&rsquo;Arabie, o\u00f9 le nom benjoin signifie \u00ab\u00a0encens de Sumatra\u00a0\u00bb. Cet exsudat antique a \u00e9t\u00e9 utilis\u00e9 comme article d&rsquo;apothicaire, encens et parfum pendant des milliers d&rsquo;ann\u00e9es dans tout le bassin m\u00e9diterran\u00e9en, \u00e0 Chypre, en Inde, en Gr\u00e8ce et \u00e0 Java. Son ar\u00f4me r\u00e9confortant fonctionnait comme un excellent fixateur dans les parfums anciens.<\/p>\n<p style=\"font-size: 14.4px;\">Historiquement, cette r\u00e9sine balsamique \u00e9tait consid\u00e9r\u00e9e comme chauffante, ass\u00e9chante, r\u00e9chauffante et stimulante, tout en apaisant les \u00e9motions dans une euphorie d\u00e9tendue. En Europe, des pastilles sucr\u00e9es \u00e9taient fabriqu\u00e9es avec du benjoin compos\u00e9. De merveilleux s\u00e9rums lissants pour la peau \u00e9taient fabriqu\u00e9s avec du benjoin, car l&rsquo;extrait \u00e9tait cens\u00e9 adoucir l&rsquo;apparence des cicatrices, am\u00e9liorer l&rsquo;\u00e9lasticit\u00e9 de la peau et sceller la peau s\u00e8che.<\/p>\n<p><strong>Taille : 5 ml et 15 ml<\/strong><\/p>\n<h3>Ingr\u00e9dients biologiques<\/h3>\n<p>100% huile essentielle de benjoin (Styrax benzoin).<\/p>\n<p style=\"text-align: center;\"><em>\u00ab\u00a0Les Grecs et les Romains utilisaient la r\u00e9sine non seulement comme encens, mais aussi dans les parfums et les cosm\u00e9tiques, et \u00e0 une \u00e9poque plus tardive, la r\u00e9sine de benjoin \u00e9tait r\u00e9duite en poudre et utilis\u00e9e dans des pomanders &#8211; on dit qu&rsquo;Elizabeth I d&rsquo;Angleterre portait un pomander de benjoin et d&rsquo;ambre gris.\u00a0\u00bb<\/em><br \/>\n~ Jennifer Peace Rhind, <strong>Fragrance and Wellbeing<\/strong><\/p>\n<p>&nbsp;<\/p>\n<p><img fetchpriority=\"high\" decoding=\"async\" class=\"size-medium wp-image-68103 aligncenter\" src=\"https:\/\/dutchhealthstore.com\/wp-content\/uploads\/2018\/02\/Living-Libations-Organic-Logo-800x89.png\" alt=\"Living Libations - Organic Logo\" width=\"800\" height=\"89\" srcset=\"https:\/\/dutchhealthstore.com\/wp-content\/uploads\/2018\/02\/Living-Libations-Organic-Logo-800x89.png 800w, https:\/\/dutchhealthstore.com\/wp-content\/uploads\/2018\/02\/Living-Libations-Organic-Logo-510x57.png 510w, https:\/\/dutchhealthstore.com\/wp-content\/uploads\/2018\/02\/Living-Libations-Organic-Logo-768x85.png 768w, https:\/\/dutchhealthstore.com\/wp-content\/uploads\/2018\/02\/Living-Libations-Organic-Logo.png 1400w\" sizes=\"(max-width: 800px) 100vw, 800px\" \/><\/p>\n<p>&nbsp;<\/p>\n","protected":false},"excerpt":{"rendered":"<p>Le <strong>benjoin<\/strong> est une r\u00e9sine balsamique, semblable \u00e0 la vanille, distill\u00e9e \u00e0 partir d&rsquo;arbustes tropicaux du genre Styrax. Son ar\u00f4me r\u00e9confortant fonctionne comme un fixateur fin dans les parfums et \u00e9tait un composant cl\u00e9 des parfums du pass\u00e9.<\/p>\n<p>Cette essence r\u00e9sineuse \u00e9paisse est distill\u00e9e \u00e0 la vapeur, ce qui est rare car elle n&rsquo;est souvent disponible que sous forme d&rsquo;extraction absolue. L&rsquo;huile peut \u00eatre appr\u00e9ci\u00e9e comme un ar\u00f4me euphorique r\u00e9confortant qui flotte dans votre maison, comme un baume chauffant pour la poitrine et comme un s\u00e9rum pour la peau afin d&rsquo;am\u00e9liorer l&rsquo;apparence du teint.<\/p>\n","protected":false},"featured_media":92994,"comment_status":"open","ping_status":"closed","template":"","meta":[],"product_brand":[],"product_cat":[6734,1507,1211,1209,3757,6733],"product_tag":[4495],"class_list":{"0":"post-116049","1":"product","2":"type-product","3":"status-publish","4":"has-post-thumbnail","6":"product_cat-essential-oils","7":"product_cat-plantes-huiles-essentielles-living-libations","8":"product_cat-living-libations-france","9":"product_cat-par-marques","10":"product_cat-plantes-huiles-essentielles","11":"product_cat-wellness-fr-2","12":"product_tag-essential-oil-fr","13":"pa_brand-livinglibations-fr","14":"pa_essential-oils-product-type-essential-oils-fr","15":"pa_size-5-ml-fr","16":"pa_size-15-ml-fr","18":"first","19":"instock","20":"taxable","21":"shipping-taxable","22":"purchasable","23":"product-type-variable"},"bundled_by":[],"bundle_stock_status":"instock","bundle_stock_quantity":null,"bundle_virtual":false,"bundle_layout":"","bundle_add_to_cart_form_location":"","bundle_editable_in_cart":false,"bundle_sold_individually_context":"","bundle_item_grouping":"","bundle_min_size":"","bundle_max_size":"","bundle_price":[],"bundled_items":[],"bundle_sell_ids":[],"atum_controlled":true,"out_stock_date":null,"out_stock_threshold":null,"inheritable":true,"stock_on_hold":1,"sold_today":0,"sales_last_days":0,"out_stock_days":0,"lost_sales":0,"update_date":"2026-04-08T01:47:32","atum_locations":[],"atum_stock_status":"instock","restock_status":false,"low_stock_amount":"","sales_update_date":"2026-04-08T01:47:32","calc_backorders":null,"group_of_quantity":0,"min_quantity":0,"max_quantity":"","exclude_order_quantity_value_rules":"no","exclude_category_quantity_rules":"no","combine_variations":"no","yoast_head":"<!-- This site is optimized with the Yoast SEO Premium plugin v26.5 (Yoast SEO v26.5) - https:\/\/yoast.com\/wordpress\/plugins\/seo\/ -->\n<title>Benzoin Essential Oil | Living Libations<\/title>\n<meta name=\"description\" content=\"Cette essence r\u00e9sineuse \u00e9paisse est distill\u00e9e \u00e0 la vapeur, ce qui est rare car elle n&#039;est souvent disponible que sous forme d&#039;extraction absolue.\" \/>\n<meta name=\"robots\" content=\"index, follow, max-snippet:-1, max-image-preview:large, max-video-preview:-1\" \/>\n<link rel=\"canonical\" href=\"https:\/\/dutchhealthstore.com\/fr\/product\/benzoin-essential-oil\/\" \/>\n<meta property=\"og:locale\" content=\"fr_FR\" \/>\n<meta property=\"og:type\" content=\"article\" \/>\n<meta property=\"og:title\" content=\"Benzoin Essential Oil - Dutch Health Store\" \/>\n<meta property=\"og:description\" content=\"Cette essence r\u00e9sineuse \u00e9paisse est distill\u00e9e \u00e0 la vapeur, ce qui est rare car elle n&#039;est souvent disponible que sous forme d&#039;extraction absolue.\" \/>\n<meta property=\"og:url\" content=\"https:\/\/dutchhealthstore.com\/fr\/product\/benzoin-essential-oil\/\" \/>\n<meta property=\"og:site_name\" content=\"Dutch Health Store\" \/>\n<meta property=\"article:publisher\" content=\"https:\/\/www.instagram.com\/dutchhealthstore\/\" \/>\n<meta property=\"article:modified_time\" content=\"2025-07-25T13:33:28+00:00\" \/>\n<meta property=\"og:image\" content=\"https:\/\/dutchhealthstore.com\/wp-content\/uploads\/2018\/02\/Benzoin-Essential-Oil-Living-Libations.jpg\" \/>\n\t<meta property=\"og:image:width\" content=\"1200\" \/>\n\t<meta property=\"og:image:height\" content=\"1200\" \/>\n\t<meta property=\"og:image:type\" content=\"image\/jpeg\" \/>\n<meta name=\"twitter:card\" content=\"summary_large_image\" \/>\n<meta name=\"twitter:label1\" content=\"Disponibilit\u00e9\" \/>\n\t<meta name=\"twitter:data1\" content=\"En stock\" \/>\n<script type=\"application\/ld+json\" class=\"yoast-schema-graph\">{\"@context\":\"https:\/\/schema.org\",\"@graph\":[{\"@type\":\"WebPage\",\"@id\":\"https:\/\/dutchhealthstore.com\/fr\/product\/benzoin-essential-oil\/\",\"url\":\"https:\/\/dutchhealthstore.com\/fr\/product\/benzoin-essential-oil\/\",\"name\":\"Benzoin Essential Oil | Living Libations\",\"isPartOf\":{\"@id\":\"https:\/\/dutchhealthstore.com\/fr\/#website\"},\"primaryImageOfPage\":{\"@id\":\"https:\/\/dutchhealthstore.com\/fr\/product\/benzoin-essential-oil\/#primaryimage\"},\"image\":{\"@id\":\"https:\/\/dutchhealthstore.com\/fr\/product\/benzoin-essential-oil\/#primaryimage\"},\"thumbnailUrl\":\"https:\/\/dutchhealthstore.com\/wp-content\/uploads\/2018\/02\/Benzoin-Essential-Oil-Living-Libations.jpg\",\"datePublished\":\"2020-06-02T11:25:02+00:00\",\"dateModified\":\"2025-07-25T13:33:28+00:00\",\"description\":\"Cette essence r\u00e9sineuse \u00e9paisse est distill\u00e9e \u00e0 la vapeur, ce qui est rare car elle n'est souvent disponible que sous forme d'extraction absolue.\",\"breadcrumb\":{\"@id\":\"https:\/\/dutchhealthstore.com\/fr\/product\/benzoin-essential-oil\/#breadcrumb\"},\"inLanguage\":\"fr-FR\",\"potentialAction\":[{\"@type\":\"ReadAction\",\"target\":[\"https:\/\/dutchhealthstore.com\/fr\/product\/benzoin-essential-oil\/\"]}]},{\"@type\":\"ImageObject\",\"inLanguage\":\"fr-FR\",\"@id\":\"https:\/\/dutchhealthstore.com\/fr\/product\/benzoin-essential-oil\/#primaryimage\",\"url\":\"https:\/\/dutchhealthstore.com\/wp-content\/uploads\/2018\/02\/Benzoin-Essential-Oil-Living-Libations.jpg\",\"contentUrl\":\"https:\/\/dutchhealthstore.com\/wp-content\/uploads\/2018\/02\/Benzoin-Essential-Oil-Living-Libations.jpg\",\"width\":1200,\"height\":1200,\"caption\":\"Benzoin Essential Oil - Living Libations\"},{\"@type\":\"BreadcrumbList\",\"@id\":\"https:\/\/dutchhealthstore.com\/fr\/product\/benzoin-essential-oil\/#breadcrumb\",\"itemListElement\":[{\"@type\":\"ListItem\",\"position\":1,\"name\":\"Home\",\"item\":\"https:\/\/dutchhealthstore.com\/fr\/\"},{\"@type\":\"ListItem\",\"position\":2,\"name\":\"Shop\",\"item\":\"https:\/\/dutchhealthstore.com\/fr\/shop\/\"},{\"@type\":\"ListItem\",\"position\":3,\"name\":\"Benzoin Essential Oil\"}]},{\"@type\":\"WebSite\",\"@id\":\"https:\/\/dutchhealthstore.com\/fr\/#website\",\"url\":\"https:\/\/dutchhealthstore.com\/fr\/\",\"name\":\"Dutch Health Store\",\"description\":\"Enhance Your Beauty with Organic &amp; Natural Skincare\",\"publisher\":{\"@id\":\"https:\/\/dutchhealthstore.com\/fr\/#organization\"},\"potentialAction\":[{\"@type\":\"SearchAction\",\"target\":{\"@type\":\"EntryPoint\",\"urlTemplate\":\"https:\/\/dutchhealthstore.com\/fr\/?s={search_term_string}\"},\"query-input\":{\"@type\":\"PropertyValueSpecification\",\"valueRequired\":true,\"valueName\":\"search_term_string\"}}],\"inLanguage\":\"fr-FR\"},{\"@type\":\"Organization\",\"@id\":\"https:\/\/dutchhealthstore.com\/fr\/#organization\",\"name\":\"Dutch Health Store\",\"url\":\"https:\/\/dutchhealthstore.com\/fr\/\",\"logo\":{\"@type\":\"ImageObject\",\"inLanguage\":\"fr-FR\",\"@id\":\"https:\/\/dutchhealthstore.com\/fr\/#\/schema\/logo\/image\/\",\"url\":\"https:\/\/dutchhealthstore.com\/wp-content\/uploads\/2020\/08\/logo-dutchhealthstore-jpg-e1599484957574.jpg\",\"contentUrl\":\"https:\/\/dutchhealthstore.com\/wp-content\/uploads\/2020\/08\/logo-dutchhealthstore-jpg-e1599484957574.jpg\",\"width\":400,\"height\":62,\"caption\":\"Dutch Health Store\"},\"image\":{\"@id\":\"https:\/\/dutchhealthstore.com\/fr\/#\/schema\/logo\/image\/\"},\"sameAs\":[\"https:\/\/www.instagram.com\/dutchhealthstore\/\",\"https:\/\/www.facebook.com\/dutchhealthstore\"]}]}<\/script>\n<meta property=\"product:brand\" content=\"Living Libations\" \/>\n<meta property=\"og:availability\" content=\"instock\" \/>\n<meta property=\"product:availability\" content=\"instock\" \/>\n<meta property=\"product:condition\" content=\"new\" \/>\n<!-- \/ Yoast SEO Premium plugin. -->","yoast_head_json":{"title":"Benzoin Essential Oil | Living Libations","description":"Cette essence r\u00e9sineuse \u00e9paisse est distill\u00e9e \u00e0 la vapeur, ce qui est rare car elle n'est souvent disponible que sous forme d'extraction absolue.","robots":{"index":"index","follow":"follow","max-snippet":"max-snippet:-1","max-image-preview":"max-image-preview:large","max-video-preview":"max-video-preview:-1"},"canonical":"https:\/\/dutchhealthstore.com\/fr\/product\/benzoin-essential-oil\/","og_locale":"fr_FR","og_type":"article","og_title":"Benzoin Essential Oil - Dutch Health Store","og_description":"Cette essence r\u00e9sineuse \u00e9paisse est distill\u00e9e \u00e0 la vapeur, ce qui est rare car elle n'est souvent disponible que sous forme d'extraction absolue.","og_url":"https:\/\/dutchhealthstore.com\/fr\/product\/benzoin-essential-oil\/","og_site_name":"Dutch Health Store","article_publisher":"https:\/\/www.instagram.com\/dutchhealthstore\/","article_modified_time":"2025-07-25T13:33:28+00:00","og_image":[{"width":1200,"height":1200,"url":"https:\/\/dutchhealthstore.com\/wp-content\/uploads\/2018\/02\/Benzoin-Essential-Oil-Living-Libations.jpg","type":"image\/jpeg"}],"twitter_card":"summary_large_image","twitter_misc":{"Disponibilit\u00e9":"En stock"},"schema":{"@context":"https:\/\/schema.org","@graph":[{"@type":"WebPage","@id":"https:\/\/dutchhealthstore.com\/fr\/product\/benzoin-essential-oil\/","url":"https:\/\/dutchhealthstore.com\/fr\/product\/benzoin-essential-oil\/","name":"Benzoin Essential Oil | Living Libations","isPartOf":{"@id":"https:\/\/dutchhealthstore.com\/fr\/#website"},"primaryImageOfPage":{"@id":"https:\/\/dutchhealthstore.com\/fr\/product\/benzoin-essential-oil\/#primaryimage"},"image":{"@id":"https:\/\/dutchhealthstore.com\/fr\/product\/benzoin-essential-oil\/#primaryimage"},"thumbnailUrl":"https:\/\/dutchhealthstore.com\/wp-content\/uploads\/2018\/02\/Benzoin-Essential-Oil-Living-Libations.jpg","datePublished":"2020-06-02T11:25:02+00:00","dateModified":"2025-07-25T13:33:28+00:00","description":"Cette essence r\u00e9sineuse \u00e9paisse est distill\u00e9e \u00e0 la vapeur, ce qui est rare car elle n'est souvent disponible que sous forme d'extraction absolue.","breadcrumb":{"@id":"https:\/\/dutchhealthstore.com\/fr\/product\/benzoin-essential-oil\/#breadcrumb"},"inLanguage":"fr-FR","potentialAction":[{"@type":"ReadAction","target":["https:\/\/dutchhealthstore.com\/fr\/product\/benzoin-essential-oil\/"]}]},{"@type":"ImageObject","inLanguage":"fr-FR","@id":"https:\/\/dutchhealthstore.com\/fr\/product\/benzoin-essential-oil\/#primaryimage","url":"https:\/\/dutchhealthstore.com\/wp-content\/uploads\/2018\/02\/Benzoin-Essential-Oil-Living-Libations.jpg","contentUrl":"https:\/\/dutchhealthstore.com\/wp-content\/uploads\/2018\/02\/Benzoin-Essential-Oil-Living-Libations.jpg","width":1200,"height":1200,"caption":"Benzoin Essential Oil - Living Libations"},{"@type":"BreadcrumbList","@id":"https:\/\/dutchhealthstore.com\/fr\/product\/benzoin-essential-oil\/#breadcrumb","itemListElement":[{"@type":"ListItem","position":1,"name":"Home","item":"https:\/\/dutchhealthstore.com\/fr\/"},{"@type":"ListItem","position":2,"name":"Shop","item":"https:\/\/dutchhealthstore.com\/fr\/shop\/"},{"@type":"ListItem","position":3,"name":"Benzoin Essential Oil"}]},{"@type":"WebSite","@id":"https:\/\/dutchhealthstore.com\/fr\/#website","url":"https:\/\/dutchhealthstore.com\/fr\/","name":"Dutch Health Store","description":"Enhance Your Beauty with Organic &amp; Natural Skincare","publisher":{"@id":"https:\/\/dutchhealthstore.com\/fr\/#organization"},"potentialAction":[{"@type":"SearchAction","target":{"@type":"EntryPoint","urlTemplate":"https:\/\/dutchhealthstore.com\/fr\/?s={search_term_string}"},"query-input":{"@type":"PropertyValueSpecification","valueRequired":true,"valueName":"search_term_string"}}],"inLanguage":"fr-FR"},{"@type":"Organization","@id":"https:\/\/dutchhealthstore.com\/fr\/#organization","name":"Dutch Health Store","url":"https:\/\/dutchhealthstore.com\/fr\/","logo":{"@type":"ImageObject","inLanguage":"fr-FR","@id":"https:\/\/dutchhealthstore.com\/fr\/#\/schema\/logo\/image\/","url":"https:\/\/dutchhealthstore.com\/wp-content\/uploads\/2020\/08\/logo-dutchhealthstore-jpg-e1599484957574.jpg","contentUrl":"https:\/\/dutchhealthstore.com\/wp-content\/uploads\/2020\/08\/logo-dutchhealthstore-jpg-e1599484957574.jpg","width":400,"height":62,"caption":"Dutch Health Store"},"image":{"@id":"https:\/\/dutchhealthstore.com\/fr\/#\/schema\/logo\/image\/"},"sameAs":["https:\/\/www.instagram.com\/dutchhealthstore\/","https:\/\/www.facebook.com\/dutchhealthstore"]}]},"product_brand":"Living Libations","og_availability":"instock","product_availability":"instock","product_condition":"new"},"_links":{"self":[{"href":"https:\/\/dutchhealthstore.com\/fr\/wp-json\/wp\/v2\/product\/116049","targetHints":{"allow":["GET"]}}],"collection":[{"href":"https:\/\/dutchhealthstore.com\/fr\/wp-json\/wp\/v2\/product"}],"about":[{"href":"https:\/\/dutchhealthstore.com\/fr\/wp-json\/wp\/v2\/types\/product"}],"replies":[{"embeddable":true,"href":"https:\/\/dutchhealthstore.com\/fr\/wp-json\/wp\/v2\/comments?post=116049"}],"wp:featuredmedia":[{"embeddable":true,"href":"https:\/\/dutchhealthstore.com\/fr\/wp-json\/wp\/v2\/media\/92994"}],"wp:attachment":[{"href":"https:\/\/dutchhealthstore.com\/fr\/wp-json\/wp\/v2\/media?parent=116049"}],"wp:term":[{"taxonomy":"product_brand","embeddable":true,"href":"https:\/\/dutchhealthstore.com\/fr\/wp-json\/wp\/v2\/product_brand?post=116049"},{"taxonomy":"product_cat","embeddable":true,"href":"https:\/\/dutchhealthstore.com\/fr\/wp-json\/wp\/v2\/product_cat?post=116049"},{"taxonomy":"product_tag","embeddable":true,"href":"https:\/\/dutchhealthstore.com\/fr\/wp-json\/wp\/v2\/product_tag?post=116049"}],"curies":[{"name":"wp","href":"https:\/\/api.w.org\/{rel}","templated":true}]}}