{"id":116028,"date":"2020-07-09T08:45:13","date_gmt":"2020-07-09T06:45:13","guid":{"rendered":"https:\/\/dutchhealthstore.com\/product\/basil-holy-essential-oil\/"},"modified":"2024-09-23T13:22:09","modified_gmt":"2024-09-23T11:22:09","slug":"basil-holy-essential-oil","status":"publish","type":"product","link":"https:\/\/dutchhealthstore.com\/fr\/product\/basil-holy-essential-oil\/","title":{"rendered":"Basil, Holy Essential Oil"},"content":{"rendered":"<p><strong><img decoding=\"async\" class=\"size-full wp-image-69549 alignright\" src=\"https:\/\/dutchhealthstore.com\/wp-content\/uploads\/2019\/08\/NEW-Living-Libations-Logo.jpg\" alt=\"NEW - Living Libations - Logo\" width=\"175\" height=\"82\">Nom botanique :<\/strong> Ocimum sanctum<br \/>\n<strong>Famille botanique :<\/strong> Lamiacaea<br \/>\n<strong>M\u00e9thode d&rsquo;extraction :<\/strong> Distillation \u00e0 la vapeur<br \/>\n<strong>Partie de la plante distill\u00e9e:<\/strong> Feuilles et fleurs<br \/>\n<strong>Pays d&rsquo;origine :<\/strong> Inde<br \/>\n<strong>M\u00e9thode de culture :<\/strong> Organique<br \/>\n<strong>Composition :<\/strong> 100% Ocimum sanctum<br \/>\n<strong>Coh\u00e9rence :<\/strong> Mince<\/p>\n<h3>Description de l&rsquo;odeur<\/h3>\n<p>Du basilic fra\u00eechement cueilli envelopp\u00e9 de clous de girofle doux et \u00e9pic\u00e9s ; chaud et herbac\u00e9 avec des notes subtiles de menthe, d&rsquo;anis et de camphre.<\/p>\n<h3>Dans Living Libations<\/h3>\n<p>Feeling Good Today<\/p>\n<h3>Se marie bien avec<\/h3>\n<p>Lavande, pamplemousse, bergamote, sapin blanc, c\u00e8dre, bois de santal, hysope, encens, menthe poivr\u00e9e, origan, cardamome, rose, citron, nard, mousse du Groenland et v\u00e9tiver.<\/p>\n<a href=\"https:\/\/dutchhealthstore.com\/wp-content\/uploads\/2020\/07\/ANALYSIS-Basil-Holy-Essential-Oil-Living-Libations.pdf\" class=\"button primary is-primary is-small\"  >\n\t\t<span>ANALYSE DES HUILES ESSENTIELLES &gt;<\/span>\n\t<\/a>\n\n<h3>Utilisations<\/h3>\n<p>Excellent dans nos tuyaux de sel. Boosting aux bains. Des cr\u00e9ations culinaires d\u00e9lectables. Un excellent liniment lorsqu&rsquo;il est utilis\u00e9 dilu\u00e9 dans les huiles de massage et les s\u00e9rums. L&rsquo;infusion dans les pi\u00e8ces par diffusion est purifiante et paisible.<\/p>\n<p>Le basilic sacr\u00e9 est une plante s\u00e9culaire qui a \u00e9t\u00e9 utilis\u00e9e dans toutes les cultures hindoues pour promouvoir le bien-\u00eatre et l&rsquo;illumination spirituelle. Certains hindous pensent que le basilic sacr\u00e9 est l&rsquo;incarnation botanique du dieu Vishnu, ainsi que l&rsquo;herbe pr\u00e9f\u00e9r\u00e9e de Krishna et de Lakshmi. Aujourd&rsquo;hui encore, de nombreuses familles hindoues conservent une plante de basilic sacr\u00e9 dans leur cour, \u00e0 la fois comme une protection spirituelle et comme une garantie. Ils utilisent \u00e9galement l&rsquo;essence sucr\u00e9e de la plante pour boire du th\u00e9 afin d&rsquo;\u00e9gayer l&rsquo;esprit et ornent la plante de cadeaux et la v\u00e9n\u00e8rent pour remercier les dieux.<\/p>\n<p>Holy Basil Essential Oil joue \u00e9galement un r\u00f4le important dans les soins ayurv\u00e9diques. Elle est consid\u00e9r\u00e9e comme parfaitement purifiante, \u00e9quilibrante et harmonisante. Les personnes ayant un temp\u00e9rament Kapha trouveront le basilic sacr\u00e9 particuli\u00e8rement clarifiant et revigorant.<\/p>\n<p>Si le parfum doux, \u00e9pic\u00e9 et camphr\u00e9 de cette huile est chaleureux et engageant, ce sont les propri\u00e9t\u00e9s v\u00e9g\u00e9tales uniques de cette huile essentielle biologique qui en ont fait l&rsquo;un des \u00e9lixirs les plus v\u00e9n\u00e9r\u00e9s sur terre. Cette essence adaptog\u00e8ne est polyvalente et apporte un confort et un calme c\u00e9r\u00e9bral pour apaiser les sentiments \u00e9puis\u00e9s.<\/p>\n<p><strong>Taille : 5 ml et 15 ml<\/strong><\/p>\n<h3>Ingr\u00e9dients biologiques<\/h3>\n<p>100% huile essentielle de basilic sacr\u00e9 (Ocimum sanctum).<\/p>\n<p style=\"text-align: center;\"><em>\u00ab\u00a0Le basilic est donc un parfum de r\u00e9alit\u00e9 &#8211; la r\u00e9alit\u00e9 de l&rsquo;existence physique et la r\u00e9alit\u00e9 de l&rsquo;existence spirituelle. Il s&rsquo;\u00e9l\u00e8ve \u00e0 travers tous les royaumes, les maintenant ensemble, permettant l&rsquo;int\u00e9gration.\u00a0\u00bb<\/em><br \/>\n~ Valerie Ann Worwood, <strong>Aromatherapy for the Soul<\/strong><\/p>\n<p style=\"text-align: center;\"><em>\u00ab\u00a0La note fra\u00eeche, herbac\u00e9e et p\u00e9n\u00e9trante du basilic se retrouve dans les parfums Foug\u00e9re&#8230; et aussi dans les complexes balsamiques .\u00a0\u00bb<\/em><br \/>\n~ Jennifer Peace Rhind, <strong>Fragrance and Wellbeing<\/strong><\/p>\n<p><img fetchpriority=\"high\" decoding=\"async\" class=\"size-medium wp-image-68103 aligncenter\" src=\"https:\/\/dutchhealthstore.com\/wp-content\/uploads\/2018\/02\/Living-Libations-Organic-Logo-800x89.png\" alt=\"Living Libations - Organic Logo\" width=\"800\" height=\"89\" srcset=\"https:\/\/dutchhealthstore.com\/wp-content\/uploads\/2018\/02\/Living-Libations-Organic-Logo-800x89.png 800w, https:\/\/dutchhealthstore.com\/wp-content\/uploads\/2018\/02\/Living-Libations-Organic-Logo-510x57.png 510w, https:\/\/dutchhealthstore.com\/wp-content\/uploads\/2018\/02\/Living-Libations-Organic-Logo-768x85.png 768w, https:\/\/dutchhealthstore.com\/wp-content\/uploads\/2018\/02\/Living-Libations-Organic-Logo.png 1400w\" sizes=\"(max-width: 800px) 100vw, 800px\" \/><\/p>\n","protected":false},"excerpt":{"rendered":"<p>Saluez le basilic sacr\u00e9, une plante si sacr\u00e9e qu&rsquo;elle est v\u00e9n\u00e9r\u00e9e dans la culture hindoue comme l&rsquo;incarnation botanique du dieu Vishnu.<br \/>\nLiving Libations <strong>Holy Basil Essential Oil<\/strong> est un diamant \u00e9tincelant de dynamisme botanique ; un \u00e9lixir si sacr\u00e9, si puissant, qu&rsquo;il est v\u00e9n\u00e9r\u00e9 \u00e0 travers l&rsquo;Inde pour son enchantement qui am\u00e9liore la vie. \u00c9galement connue sous le nom de Tulsi, l&rsquo;huile douce et herbac\u00e9e de cette plante \u00e0 fleurs est un principe de soins ayurv\u00e9diques depuis des si\u00e8cles.<br \/>\nLe basilic sacr\u00e9 est un tonique v\u00e9g\u00e9tal purifiant utilis\u00e9 pour stimuler les sentiments de f\u00e9licit\u00e9 et pour sanctifier l&rsquo;esprit, le corps et les espaces sacr\u00e9s avec son \u00e9nergie sacr\u00e9e.<\/p>\n","protected":false},"featured_media":118973,"comment_status":"open","ping_status":"closed","template":"","meta":[],"product_brand":[],"product_cat":[1507,6734,1211,1209,3757,6733],"product_tag":[4495],"class_list":{"0":"post-116028","1":"product","2":"type-product","3":"status-publish","4":"has-post-thumbnail","6":"product_cat-plantes-huiles-essentielles-living-libations","7":"product_cat-essential-oils","8":"product_cat-living-libations-france","9":"product_cat-par-marques","10":"product_cat-plantes-huiles-essentielles","11":"product_cat-wellness-fr-2","12":"product_tag-essential-oil-fr","13":"pa_brand-livinglibations-fr","14":"pa_essential-oils-product-type-essential-oils-fr","15":"pa_size-15-ml-fr","16":"pa_size-5-ml-fr","18":"first","19":"instock","20":"taxable","21":"shipping-taxable","22":"purchasable","23":"product-type-variable"},"bundled_by":[],"bundle_stock_status":"instock","bundle_stock_quantity":null,"bundle_virtual":false,"bundle_layout":"","bundle_add_to_cart_form_location":"","bundle_editable_in_cart":false,"bundle_sold_individually_context":"","bundle_item_grouping":"","bundle_min_size":"","bundle_max_size":"","bundle_price":[],"bundled_items":[],"bundle_sell_ids":[],"atum_controlled":true,"out_stock_date":null,"out_stock_threshold":null,"inheritable":true,"stock_on_hold":1,"sold_today":0,"sales_last_days":0,"out_stock_days":0,"lost_sales":0,"update_date":"2026-04-09T01:48:49","atum_locations":[],"atum_stock_status":"instock","restock_status":false,"low_stock_amount":"","sales_update_date":"2026-04-09T01:48:49","calc_backorders":null,"group_of_quantity":0,"min_quantity":0,"max_quantity":"","exclude_order_quantity_value_rules":"no","exclude_category_quantity_rules":"no","combine_variations":"no","yoast_head":"<!-- This site is optimized with the Yoast SEO Premium plugin v26.5 (Yoast SEO v26.5) - https:\/\/yoast.com\/wordpress\/plugins\/seo\/ -->\n<title>Basil, Holy Essential Oil | Living Libations<\/title>\n<meta name=\"description\" content=\"Le basilic sacr\u00e9 est un tonique v\u00e9g\u00e9tal purifiant utilis\u00e9 pour stimuler les sentiments de f\u00e9licit\u00e9 et pour sanctifier l&#039;esprit, le corps et les espaces sacr\u00e9s avec son \u00e9nergie sacr\u00e9e.\" \/>\n<meta name=\"robots\" content=\"index, follow, max-snippet:-1, max-image-preview:large, max-video-preview:-1\" \/>\n<link rel=\"canonical\" href=\"https:\/\/dutchhealthstore.com\/fr\/product\/basil-holy-essential-oil\/\" \/>\n<meta property=\"og:locale\" content=\"fr_FR\" \/>\n<meta property=\"og:type\" content=\"article\" \/>\n<meta property=\"og:title\" content=\"Basil, Holy Essential Oil - Dutch Health Store\" \/>\n<meta property=\"og:description\" content=\"Le basilic sacr\u00e9 est un tonique v\u00e9g\u00e9tal purifiant utilis\u00e9 pour stimuler les sentiments de f\u00e9licit\u00e9 et pour sanctifier l&#039;esprit, le corps et les espaces sacr\u00e9s avec son \u00e9nergie sacr\u00e9e.\" \/>\n<meta property=\"og:url\" content=\"https:\/\/dutchhealthstore.com\/fr\/product\/basil-holy-essential-oil\/\" \/>\n<meta property=\"og:site_name\" content=\"Dutch Health Store\" \/>\n<meta property=\"article:publisher\" content=\"https:\/\/www.instagram.com\/dutchhealthstore\/\" \/>\n<meta property=\"article:modified_time\" content=\"2024-09-23T11:22:09+00:00\" \/>\n<meta property=\"og:image\" content=\"https:\/\/dutchhealthstore.com\/wp-content\/uploads\/2020\/07\/Basil-holy-essential-oil-e1597139493720.jpg\" \/>\n\t<meta property=\"og:image:width\" content=\"500\" \/>\n\t<meta property=\"og:image:height\" content=\"500\" \/>\n\t<meta property=\"og:image:type\" content=\"image\/jpeg\" \/>\n<meta name=\"twitter:card\" content=\"summary_large_image\" \/>\n<meta name=\"twitter:label1\" content=\"Disponibilit\u00e9\" \/>\n\t<meta name=\"twitter:data1\" content=\"En stock\" \/>\n<script type=\"application\/ld+json\" class=\"yoast-schema-graph\">{\"@context\":\"https:\/\/schema.org\",\"@graph\":[{\"@type\":\"WebPage\",\"@id\":\"https:\/\/dutchhealthstore.com\/fr\/product\/basil-holy-essential-oil\/\",\"url\":\"https:\/\/dutchhealthstore.com\/fr\/product\/basil-holy-essential-oil\/\",\"name\":\"Basil, Holy Essential Oil | Living Libations\",\"isPartOf\":{\"@id\":\"https:\/\/dutchhealthstore.com\/fr\/#website\"},\"primaryImageOfPage\":{\"@id\":\"https:\/\/dutchhealthstore.com\/fr\/product\/basil-holy-essential-oil\/#primaryimage\"},\"image\":{\"@id\":\"https:\/\/dutchhealthstore.com\/fr\/product\/basil-holy-essential-oil\/#primaryimage\"},\"thumbnailUrl\":\"https:\/\/dutchhealthstore.com\/wp-content\/uploads\/2020\/07\/Basil-holy-essential-oil-e1597139493720.jpg\",\"datePublished\":\"2020-07-09T06:45:13+00:00\",\"dateModified\":\"2024-09-23T11:22:09+00:00\",\"description\":\"Le basilic sacr\u00e9 est un tonique v\u00e9g\u00e9tal purifiant utilis\u00e9 pour stimuler les sentiments de f\u00e9licit\u00e9 et pour sanctifier l'esprit, le corps et les espaces sacr\u00e9s avec son \u00e9nergie sacr\u00e9e.\",\"breadcrumb\":{\"@id\":\"https:\/\/dutchhealthstore.com\/fr\/product\/basil-holy-essential-oil\/#breadcrumb\"},\"inLanguage\":\"fr-FR\",\"potentialAction\":[{\"@type\":\"ReadAction\",\"target\":[\"https:\/\/dutchhealthstore.com\/fr\/product\/basil-holy-essential-oil\/\"]}]},{\"@type\":\"ImageObject\",\"inLanguage\":\"fr-FR\",\"@id\":\"https:\/\/dutchhealthstore.com\/fr\/product\/basil-holy-essential-oil\/#primaryimage\",\"url\":\"https:\/\/dutchhealthstore.com\/wp-content\/uploads\/2020\/07\/Basil-holy-essential-oil-e1597139493720.jpg\",\"contentUrl\":\"https:\/\/dutchhealthstore.com\/wp-content\/uploads\/2020\/07\/Basil-holy-essential-oil-e1597139493720.jpg\",\"width\":500,\"height\":500,\"caption\":\"Basil holy essential oil\"},{\"@type\":\"BreadcrumbList\",\"@id\":\"https:\/\/dutchhealthstore.com\/fr\/product\/basil-holy-essential-oil\/#breadcrumb\",\"itemListElement\":[{\"@type\":\"ListItem\",\"position\":1,\"name\":\"Home\",\"item\":\"https:\/\/dutchhealthstore.com\/fr\/\"},{\"@type\":\"ListItem\",\"position\":2,\"name\":\"Shop\",\"item\":\"https:\/\/dutchhealthstore.com\/fr\/shop\/\"},{\"@type\":\"ListItem\",\"position\":3,\"name\":\"Basil, Holy Essential Oil\"}]},{\"@type\":\"WebSite\",\"@id\":\"https:\/\/dutchhealthstore.com\/fr\/#website\",\"url\":\"https:\/\/dutchhealthstore.com\/fr\/\",\"name\":\"Dutch Health Store\",\"description\":\"Enhance Your Beauty with Organic &amp; Natural Skincare\",\"publisher\":{\"@id\":\"https:\/\/dutchhealthstore.com\/fr\/#organization\"},\"potentialAction\":[{\"@type\":\"SearchAction\",\"target\":{\"@type\":\"EntryPoint\",\"urlTemplate\":\"https:\/\/dutchhealthstore.com\/fr\/?s={search_term_string}\"},\"query-input\":{\"@type\":\"PropertyValueSpecification\",\"valueRequired\":true,\"valueName\":\"search_term_string\"}}],\"inLanguage\":\"fr-FR\"},{\"@type\":\"Organization\",\"@id\":\"https:\/\/dutchhealthstore.com\/fr\/#organization\",\"name\":\"Dutch Health Store\",\"url\":\"https:\/\/dutchhealthstore.com\/fr\/\",\"logo\":{\"@type\":\"ImageObject\",\"inLanguage\":\"fr-FR\",\"@id\":\"https:\/\/dutchhealthstore.com\/fr\/#\/schema\/logo\/image\/\",\"url\":\"https:\/\/dutchhealthstore.com\/wp-content\/uploads\/2020\/08\/logo-dutchhealthstore-jpg-e1599484957574.jpg\",\"contentUrl\":\"https:\/\/dutchhealthstore.com\/wp-content\/uploads\/2020\/08\/logo-dutchhealthstore-jpg-e1599484957574.jpg\",\"width\":400,\"height\":62,\"caption\":\"Dutch Health Store\"},\"image\":{\"@id\":\"https:\/\/dutchhealthstore.com\/fr\/#\/schema\/logo\/image\/\"},\"sameAs\":[\"https:\/\/www.instagram.com\/dutchhealthstore\/\",\"https:\/\/www.facebook.com\/dutchhealthstore\"]}]}<\/script>\n<meta property=\"product:brand\" content=\"Living Libations\" \/>\n<meta property=\"og:availability\" content=\"instock\" \/>\n<meta property=\"product:availability\" content=\"instock\" \/>\n<meta property=\"product:condition\" content=\"new\" \/>\n<!-- \/ Yoast SEO Premium plugin. -->","yoast_head_json":{"title":"Basil, Holy Essential Oil | Living Libations","description":"Le basilic sacr\u00e9 est un tonique v\u00e9g\u00e9tal purifiant utilis\u00e9 pour stimuler les sentiments de f\u00e9licit\u00e9 et pour sanctifier l'esprit, le corps et les espaces sacr\u00e9s avec son \u00e9nergie sacr\u00e9e.","robots":{"index":"index","follow":"follow","max-snippet":"max-snippet:-1","max-image-preview":"max-image-preview:large","max-video-preview":"max-video-preview:-1"},"canonical":"https:\/\/dutchhealthstore.com\/fr\/product\/basil-holy-essential-oil\/","og_locale":"fr_FR","og_type":"article","og_title":"Basil, Holy Essential Oil - Dutch Health Store","og_description":"Le basilic sacr\u00e9 est un tonique v\u00e9g\u00e9tal purifiant utilis\u00e9 pour stimuler les sentiments de f\u00e9licit\u00e9 et pour sanctifier l'esprit, le corps et les espaces sacr\u00e9s avec son \u00e9nergie sacr\u00e9e.","og_url":"https:\/\/dutchhealthstore.com\/fr\/product\/basil-holy-essential-oil\/","og_site_name":"Dutch Health Store","article_publisher":"https:\/\/www.instagram.com\/dutchhealthstore\/","article_modified_time":"2024-09-23T11:22:09+00:00","og_image":[{"width":500,"height":500,"url":"https:\/\/dutchhealthstore.com\/wp-content\/uploads\/2020\/07\/Basil-holy-essential-oil-e1597139493720.jpg","type":"image\/jpeg"}],"twitter_card":"summary_large_image","twitter_misc":{"Disponibilit\u00e9":"En stock"},"schema":{"@context":"https:\/\/schema.org","@graph":[{"@type":"WebPage","@id":"https:\/\/dutchhealthstore.com\/fr\/product\/basil-holy-essential-oil\/","url":"https:\/\/dutchhealthstore.com\/fr\/product\/basil-holy-essential-oil\/","name":"Basil, Holy Essential Oil | Living Libations","isPartOf":{"@id":"https:\/\/dutchhealthstore.com\/fr\/#website"},"primaryImageOfPage":{"@id":"https:\/\/dutchhealthstore.com\/fr\/product\/basil-holy-essential-oil\/#primaryimage"},"image":{"@id":"https:\/\/dutchhealthstore.com\/fr\/product\/basil-holy-essential-oil\/#primaryimage"},"thumbnailUrl":"https:\/\/dutchhealthstore.com\/wp-content\/uploads\/2020\/07\/Basil-holy-essential-oil-e1597139493720.jpg","datePublished":"2020-07-09T06:45:13+00:00","dateModified":"2024-09-23T11:22:09+00:00","description":"Le basilic sacr\u00e9 est un tonique v\u00e9g\u00e9tal purifiant utilis\u00e9 pour stimuler les sentiments de f\u00e9licit\u00e9 et pour sanctifier l'esprit, le corps et les espaces sacr\u00e9s avec son \u00e9nergie sacr\u00e9e.","breadcrumb":{"@id":"https:\/\/dutchhealthstore.com\/fr\/product\/basil-holy-essential-oil\/#breadcrumb"},"inLanguage":"fr-FR","potentialAction":[{"@type":"ReadAction","target":["https:\/\/dutchhealthstore.com\/fr\/product\/basil-holy-essential-oil\/"]}]},{"@type":"ImageObject","inLanguage":"fr-FR","@id":"https:\/\/dutchhealthstore.com\/fr\/product\/basil-holy-essential-oil\/#primaryimage","url":"https:\/\/dutchhealthstore.com\/wp-content\/uploads\/2020\/07\/Basil-holy-essential-oil-e1597139493720.jpg","contentUrl":"https:\/\/dutchhealthstore.com\/wp-content\/uploads\/2020\/07\/Basil-holy-essential-oil-e1597139493720.jpg","width":500,"height":500,"caption":"Basil holy essential oil"},{"@type":"BreadcrumbList","@id":"https:\/\/dutchhealthstore.com\/fr\/product\/basil-holy-essential-oil\/#breadcrumb","itemListElement":[{"@type":"ListItem","position":1,"name":"Home","item":"https:\/\/dutchhealthstore.com\/fr\/"},{"@type":"ListItem","position":2,"name":"Shop","item":"https:\/\/dutchhealthstore.com\/fr\/shop\/"},{"@type":"ListItem","position":3,"name":"Basil, Holy Essential Oil"}]},{"@type":"WebSite","@id":"https:\/\/dutchhealthstore.com\/fr\/#website","url":"https:\/\/dutchhealthstore.com\/fr\/","name":"Dutch Health Store","description":"Enhance Your Beauty with Organic &amp; Natural Skincare","publisher":{"@id":"https:\/\/dutchhealthstore.com\/fr\/#organization"},"potentialAction":[{"@type":"SearchAction","target":{"@type":"EntryPoint","urlTemplate":"https:\/\/dutchhealthstore.com\/fr\/?s={search_term_string}"},"query-input":{"@type":"PropertyValueSpecification","valueRequired":true,"valueName":"search_term_string"}}],"inLanguage":"fr-FR"},{"@type":"Organization","@id":"https:\/\/dutchhealthstore.com\/fr\/#organization","name":"Dutch Health Store","url":"https:\/\/dutchhealthstore.com\/fr\/","logo":{"@type":"ImageObject","inLanguage":"fr-FR","@id":"https:\/\/dutchhealthstore.com\/fr\/#\/schema\/logo\/image\/","url":"https:\/\/dutchhealthstore.com\/wp-content\/uploads\/2020\/08\/logo-dutchhealthstore-jpg-e1599484957574.jpg","contentUrl":"https:\/\/dutchhealthstore.com\/wp-content\/uploads\/2020\/08\/logo-dutchhealthstore-jpg-e1599484957574.jpg","width":400,"height":62,"caption":"Dutch Health Store"},"image":{"@id":"https:\/\/dutchhealthstore.com\/fr\/#\/schema\/logo\/image\/"},"sameAs":["https:\/\/www.instagram.com\/dutchhealthstore\/","https:\/\/www.facebook.com\/dutchhealthstore"]}]},"product_brand":"Living Libations","og_availability":"instock","product_availability":"instock","product_condition":"new"},"_links":{"self":[{"href":"https:\/\/dutchhealthstore.com\/fr\/wp-json\/wp\/v2\/product\/116028","targetHints":{"allow":["GET"]}}],"collection":[{"href":"https:\/\/dutchhealthstore.com\/fr\/wp-json\/wp\/v2\/product"}],"about":[{"href":"https:\/\/dutchhealthstore.com\/fr\/wp-json\/wp\/v2\/types\/product"}],"replies":[{"embeddable":true,"href":"https:\/\/dutchhealthstore.com\/fr\/wp-json\/wp\/v2\/comments?post=116028"}],"wp:featuredmedia":[{"embeddable":true,"href":"https:\/\/dutchhealthstore.com\/fr\/wp-json\/wp\/v2\/media\/118973"}],"wp:attachment":[{"href":"https:\/\/dutchhealthstore.com\/fr\/wp-json\/wp\/v2\/media?parent=116028"}],"wp:term":[{"taxonomy":"product_brand","embeddable":true,"href":"https:\/\/dutchhealthstore.com\/fr\/wp-json\/wp\/v2\/product_brand?post=116028"},{"taxonomy":"product_cat","embeddable":true,"href":"https:\/\/dutchhealthstore.com\/fr\/wp-json\/wp\/v2\/product_cat?post=116028"},{"taxonomy":"product_tag","embeddable":true,"href":"https:\/\/dutchhealthstore.com\/fr\/wp-json\/wp\/v2\/product_tag?post=116028"}],"curies":[{"name":"wp","href":"https:\/\/api.w.org\/{rel}","templated":true}]}}