{"id":115831,"date":"2018-02-10T19:50:41","date_gmt":"2018-02-10T18:50:41","guid":{"rendered":"https:\/\/dutchhealthstore.com\/product\/basil-essential-oil\/"},"modified":"2025-11-23T12:44:37","modified_gmt":"2025-11-23T11:44:37","slug":"basil-essential-oil","status":"publish","type":"product","link":"https:\/\/dutchhealthstore.com\/fr\/product\/basil-essential-oil\/","title":{"rendered":"Basil Essential Oil"},"content":{"rendered":"<p style=\"font-weight: 400;\"><b><strong><img decoding=\"async\" class=\"alignright size-full wp-image-37043\" src=\"https:\/\/dutchhealthstore.com\/wp-content\/uploads\/2018\/04\/Living_Libations-1.png\" alt=\"Organic &amp; Natural Beautyproducts - Living Libations\" width=\"175\" height=\"82\" \/><\/strong><\/b><\/p>\n<p><strong>Nom botanique<\/strong> : Ocimum bascilicum var. linalool<br \/>\n<strong>Famille botanique<\/strong> : Lamiaceae<br \/>\n<strong>M\u00e9thode d&rsquo;extraction<\/strong> : extrait supercritique<br \/>\n<strong>Partie distill\u00e9e de la plante<\/strong> : les feuilles<br \/>\n<strong>Pays d&rsquo;origine<\/strong> : France<br \/>\n<strong>Mode de culture<\/strong> : biologique<br \/>\n<strong>Composition<\/strong> : 100% Ocimum bascilicum var. linalool<br \/>\n<strong>Coh\u00e9rence<\/strong> : faible viscosit\u00e9<\/p>\n<h3>Description de l&rsquo;odeur<\/h3>\n<p>Miracle vert et frais avec des notes douces, \u00e9pic\u00e9es, anis\u00e9es et \u00e9pic\u00e9es.<\/p>\n<h3>Dans Living Libations<\/h3>\n<p>Feeling Good Today<\/p>\n<h3>Convient bien \u00e0<\/h3>\n<p>Menthe poivr\u00e9e, Eucalyptus, Poivre noir, Pamplemousse, Bergamote, Camomille du Cap, Lavande, Mousse du Groenland.<br \/>\n<a href=\"https:\/\/dutchhealthstore.com\/wp-content\/uploads\/2018\/02\/ANALYSIS-Basil-Essential-Oil-Living-Libations.pdf\" class=\"button primary is-primary is-small\"  >\n\t\t<span>ESSENTIAL OIL ANALYSIS &amp;gt;<\/span>\n\t<\/a>\n\n<h3>Utilisez<\/h3>\n<p>Diluer dans des m\u00e9langes pour les massages musculaires et lunaires. Une goutte d&rsquo;huile essentielle de basilic est largement utilis\u00e9e dans le monde culinaire et est parfaite dans le th\u00e9 \u00e0 l&rsquo;huile d&rsquo;olive avec du miel, les soupes, les vinaigrettes et autres friandises sal\u00e9es. Une goutte ou deux ajoutent une saveur profonde, \u00e9pic\u00e9e et sublime de basilic \u00e0 n&rsquo;importe quel plat culinaire. Diffuser avec des huiles d&rsquo;agrumes et d&rsquo;\u00e9pic\u00e9a ; utiliser dans la pipe \u00e0 sel avec des huiles de pamplemousse et d&rsquo;eucalyptus.<\/p>\n<h3>Contre-indications<\/h3>\n<p>Ce basilic doux du linalol, variante \u00e0 faible teneur en estragole, est tr\u00e8s mou, mais il est recommand\u00e9 d&rsquo;\u00e9viter le basilic pendant la grossesse.<\/p>\n<p>Notre distillation sp\u00e9ciale de basilic est riche en linalol, ce qui rend cette vari\u00e9t\u00e9 douce, sucr\u00e9e et adapt\u00e9e aux soins de la peau.<\/p>\n<p>L&rsquo;ar\u00f4me a \u00e9galement une affinit\u00e9 pour la clart\u00e9 lorsqu&rsquo;il est ouvert m\u00e9ditativement aux fluctuations c\u00e9r\u00e9brales de la communication int\u00e9rieure et de l&rsquo;intuition.<\/p>\n<p style=\"text-align: center;\"><em>\u00ab\u00a0Le basilic est un exemple du degr\u00e9 de flexibilit\u00e9 et d&rsquo;adaptabilit\u00e9 ma\u00eetris\u00e9 par les angiospermes les plus \u00e9volu\u00e9s.<\/em><br \/>\n~ Kurt Schnaubelt, Ph.D.,<strong> Advanced Aromatherapy<\/strong><\/p>\n<p style=\"text-align: center;\"><em>\u00ab\u00a0Pour ceux qui se sont perdus dans le sacrifice constant des autres, le basilic offre une ouverture du c\u0153ur, et un aper\u00e7u du tout universel.\u00a0\u00bb<\/em><br \/>\n~ Valerie Ann Worwood,<strong> Aromatherapy for the Soul<\/strong><\/p>\n<p style=\"text-align: center;\"><em>\u00ab\u00a0L&rsquo;odeur seule renforce&#8230; \u00ab\u00a0nettoie la t\u00eate et donne force et clart\u00e9 \u00e0 l&rsquo;esprit&#8230; Elle a un effet rafra\u00eechissant sur l&rsquo;esprit et l&rsquo;\u00e2me\u00a0\u00bb.<\/em><br \/>\n~ Julia, l&rsquo;anarchie, <strong>Aromatherapy and the Mind<\/strong><\/p>\n<p><img fetchpriority=\"high\" decoding=\"async\" class=\"size-medium wp-image-68105 aligncenter\" src=\"https:\/\/dutchhealthstore.com\/wp-content\/uploads\/2018\/02\/Living-Libations-Organic-Logo-800x89.png\" alt=\"Living Libations - Organic Logo\" width=\"800\" height=\"89\" srcset=\"https:\/\/dutchhealthstore.com\/wp-content\/uploads\/2018\/02\/Living-Libations-Organic-Logo-800x89.png 800w, https:\/\/dutchhealthstore.com\/wp-content\/uploads\/2018\/02\/Living-Libations-Organic-Logo-510x57.png 510w, https:\/\/dutchhealthstore.com\/wp-content\/uploads\/2018\/02\/Living-Libations-Organic-Logo-768x85.png 768w, https:\/\/dutchhealthstore.com\/wp-content\/uploads\/2018\/02\/Living-Libations-Organic-Logo.png 1400w\" sizes=\"(max-width: 800px) 100vw, 800px\" \/><\/p>\n","protected":false},"excerpt":{"rendered":"<p><img decoding=\"async\" class=\"\" src=\"https:\/\/dutchhealthstore.com\/wp-content\/uploads\/2019\/08\/Translate-Frans-Automatische-Vertaling.png\" width=\"200\" height=\"20\" \/><\/p>\n<p>Living Libations <strong>Basil Essential Oil<\/strong> capture abondamment les joies de cette herbe culinaire vari\u00e9e.<br \/>\nBasilic est le mot grec pour royal, car il \u00e9tait un compos\u00e9 populaire dans la m\u00e9decine royale.<br \/>\nLa belle feuille de basilic vert est traditionnellement connue pour renforcer l&rsquo;esprit, clarifier et \u00e9lever les \u00e9motions.<br \/>\nL&rsquo;huile essentielle de basilic est \u00e9galement utilis\u00e9e pour garder la maison et le corps propres tout en buvant du th\u00e9 entre les deux.<\/p>\n","protected":false},"featured_media":106096,"comment_status":"open","ping_status":"closed","template":"","meta":[],"product_brand":[],"product_cat":[6734,1507,1211,1209,3757,1010,6733],"product_tag":[4495],"class_list":{"0":"post-115831","1":"product","2":"type-product","3":"status-publish","4":"has-post-thumbnail","6":"product_cat-essential-oils","7":"product_cat-plantes-huiles-essentielles-living-libations","8":"product_cat-living-libations-france","9":"product_cat-par-marques","10":"product_cat-plantes-huiles-essentielles","11":"product_cat-notre-boutique","12":"product_cat-wellness-fr-2","13":"product_tag-essential-oil-fr","14":"pa_brand-livinglibations-fr","15":"pa_essential-oils-product-type-essential-oils-fr","16":"pa_size-15-ml-fr","17":"pa_size-5-ml-fr","19":"first","20":"instock","21":"taxable","22":"shipping-taxable","23":"purchasable","24":"product-type-variable"},"bundled_by":[],"bundle_stock_status":"instock","bundle_stock_quantity":null,"bundle_virtual":false,"bundle_layout":"","bundle_add_to_cart_form_location":"","bundle_editable_in_cart":false,"bundle_sold_individually_context":"","bundle_item_grouping":"","bundle_min_size":"","bundle_max_size":"","bundle_price":[],"bundled_items":[],"bundle_sell_ids":[],"atum_controlled":true,"out_stock_date":null,"out_stock_threshold":null,"inheritable":true,"stock_on_hold":0,"sold_today":0,"sales_last_days":0,"out_stock_days":0,"lost_sales":0,"update_date":"2026-04-28T00:13:02","atum_locations":[],"atum_stock_status":"instock","restock_status":false,"low_stock_amount":"","sales_update_date":"2026-04-28T00:13:02","calc_backorders":null,"group_of_quantity":0,"min_quantity":0,"max_quantity":"","exclude_order_quantity_value_rules":"no","exclude_category_quantity_rules":"no","combine_variations":"no","yoast_head":"<!-- This site is optimized with the Yoast SEO Premium plugin v26.5 (Yoast SEO v26.5) - https:\/\/yoast.com\/wordpress\/plugins\/seo\/ -->\n<title>Basil Essential Oil | Living Libations<\/title>\n<meta name=\"description\" content=\"Living Libations Basil Essential Oil bountifully captures the joy juice of this diverse culinary herb.\" \/>\n<meta name=\"robots\" content=\"index, follow, max-snippet:-1, max-image-preview:large, max-video-preview:-1\" \/>\n<link rel=\"canonical\" href=\"https:\/\/dutchhealthstore.com\/fr\/product\/basil-essential-oil\/\" \/>\n<meta property=\"og:locale\" content=\"fr_FR\" \/>\n<meta property=\"og:type\" content=\"article\" \/>\n<meta property=\"og:title\" content=\"Basil Essential Oil - Dutch Health Store\" \/>\n<meta property=\"og:description\" content=\"Living Libations Basil Essential Oil bountifully captures the joy juice of this diverse culinary herb.\" \/>\n<meta property=\"og:url\" content=\"https:\/\/dutchhealthstore.com\/fr\/product\/basil-essential-oil\/\" \/>\n<meta property=\"og:site_name\" content=\"Dutch Health Store\" \/>\n<meta property=\"article:publisher\" content=\"https:\/\/www.instagram.com\/dutchhealthstore\/\" \/>\n<meta property=\"article:modified_time\" content=\"2025-11-23T11:44:37+00:00\" \/>\n<meta property=\"og:image\" content=\"https:\/\/dutchhealthstore.com\/wp-content\/uploads\/2018\/02\/living-libations-basil-essential-oil-e1591877587265.jpg\" \/>\n\t<meta property=\"og:image:width\" content=\"500\" \/>\n\t<meta property=\"og:image:height\" content=\"500\" \/>\n\t<meta property=\"og:image:type\" content=\"image\/jpeg\" \/>\n<meta name=\"twitter:card\" content=\"summary_large_image\" \/>\n<meta name=\"twitter:label1\" content=\"Disponibilit\u00e9\" \/>\n\t<meta name=\"twitter:data1\" content=\"En stock\" \/>\n<script type=\"application\/ld+json\" class=\"yoast-schema-graph\">{\"@context\":\"https:\/\/schema.org\",\"@graph\":[{\"@type\":\"WebPage\",\"@id\":\"https:\/\/dutchhealthstore.com\/fr\/product\/basil-essential-oil\/\",\"url\":\"https:\/\/dutchhealthstore.com\/fr\/product\/basil-essential-oil\/\",\"name\":\"Basil Essential Oil | Living Libations\",\"isPartOf\":{\"@id\":\"https:\/\/dutchhealthstore.com\/fr\/#website\"},\"primaryImageOfPage\":{\"@id\":\"https:\/\/dutchhealthstore.com\/fr\/product\/basil-essential-oil\/#primaryimage\"},\"image\":{\"@id\":\"https:\/\/dutchhealthstore.com\/fr\/product\/basil-essential-oil\/#primaryimage\"},\"thumbnailUrl\":\"https:\/\/dutchhealthstore.com\/wp-content\/uploads\/2018\/02\/living-libations-basil-essential-oil-e1591877587265.jpg\",\"datePublished\":\"2018-02-10T18:50:41+00:00\",\"dateModified\":\"2025-11-23T11:44:37+00:00\",\"description\":\"Living Libations Basil Essential Oil bountifully captures the joy juice of this diverse culinary herb.\",\"breadcrumb\":{\"@id\":\"https:\/\/dutchhealthstore.com\/fr\/product\/basil-essential-oil\/#breadcrumb\"},\"inLanguage\":\"fr-FR\",\"potentialAction\":[{\"@type\":\"ReadAction\",\"target\":[\"https:\/\/dutchhealthstore.com\/fr\/product\/basil-essential-oil\/\"]}]},{\"@type\":\"ImageObject\",\"inLanguage\":\"fr-FR\",\"@id\":\"https:\/\/dutchhealthstore.com\/fr\/product\/basil-essential-oil\/#primaryimage\",\"url\":\"https:\/\/dutchhealthstore.com\/wp-content\/uploads\/2018\/02\/living-libations-basil-essential-oil-e1591877587265.jpg\",\"contentUrl\":\"https:\/\/dutchhealthstore.com\/wp-content\/uploads\/2018\/02\/living-libations-basil-essential-oil-e1591877587265.jpg\",\"width\":500,\"height\":500},{\"@type\":\"BreadcrumbList\",\"@id\":\"https:\/\/dutchhealthstore.com\/fr\/product\/basil-essential-oil\/#breadcrumb\",\"itemListElement\":[{\"@type\":\"ListItem\",\"position\":1,\"name\":\"Home\",\"item\":\"https:\/\/dutchhealthstore.com\/fr\/\"},{\"@type\":\"ListItem\",\"position\":2,\"name\":\"Shop\",\"item\":\"https:\/\/dutchhealthstore.com\/fr\/shop\/\"},{\"@type\":\"ListItem\",\"position\":3,\"name\":\"Basil Essential Oil\"}]},{\"@type\":\"WebSite\",\"@id\":\"https:\/\/dutchhealthstore.com\/fr\/#website\",\"url\":\"https:\/\/dutchhealthstore.com\/fr\/\",\"name\":\"Dutch Health Store\",\"description\":\"Enhance Your Beauty with Organic &amp; Natural Skincare\",\"publisher\":{\"@id\":\"https:\/\/dutchhealthstore.com\/fr\/#organization\"},\"potentialAction\":[{\"@type\":\"SearchAction\",\"target\":{\"@type\":\"EntryPoint\",\"urlTemplate\":\"https:\/\/dutchhealthstore.com\/fr\/?s={search_term_string}\"},\"query-input\":{\"@type\":\"PropertyValueSpecification\",\"valueRequired\":true,\"valueName\":\"search_term_string\"}}],\"inLanguage\":\"fr-FR\"},{\"@type\":\"Organization\",\"@id\":\"https:\/\/dutchhealthstore.com\/fr\/#organization\",\"name\":\"Dutch Health Store\",\"url\":\"https:\/\/dutchhealthstore.com\/fr\/\",\"logo\":{\"@type\":\"ImageObject\",\"inLanguage\":\"fr-FR\",\"@id\":\"https:\/\/dutchhealthstore.com\/fr\/#\/schema\/logo\/image\/\",\"url\":\"https:\/\/dutchhealthstore.com\/wp-content\/uploads\/2020\/08\/logo-dutchhealthstore-jpg-e1599484957574.jpg\",\"contentUrl\":\"https:\/\/dutchhealthstore.com\/wp-content\/uploads\/2020\/08\/logo-dutchhealthstore-jpg-e1599484957574.jpg\",\"width\":400,\"height\":62,\"caption\":\"Dutch Health Store\"},\"image\":{\"@id\":\"https:\/\/dutchhealthstore.com\/fr\/#\/schema\/logo\/image\/\"},\"sameAs\":[\"https:\/\/www.instagram.com\/dutchhealthstore\/\",\"https:\/\/www.facebook.com\/dutchhealthstore\"]}]}<\/script>\n<meta property=\"product:brand\" content=\"Living Libations\" \/>\n<meta property=\"og:availability\" content=\"instock\" \/>\n<meta property=\"product:availability\" content=\"instock\" \/>\n<meta property=\"product:condition\" content=\"new\" \/>\n<!-- \/ Yoast SEO Premium plugin. -->","yoast_head_json":{"title":"Basil Essential Oil | Living Libations","description":"Living Libations Basil Essential Oil bountifully captures the joy juice of this diverse culinary herb.","robots":{"index":"index","follow":"follow","max-snippet":"max-snippet:-1","max-image-preview":"max-image-preview:large","max-video-preview":"max-video-preview:-1"},"canonical":"https:\/\/dutchhealthstore.com\/fr\/product\/basil-essential-oil\/","og_locale":"fr_FR","og_type":"article","og_title":"Basil Essential Oil - Dutch Health Store","og_description":"Living Libations Basil Essential Oil bountifully captures the joy juice of this diverse culinary herb.","og_url":"https:\/\/dutchhealthstore.com\/fr\/product\/basil-essential-oil\/","og_site_name":"Dutch Health Store","article_publisher":"https:\/\/www.instagram.com\/dutchhealthstore\/","article_modified_time":"2025-11-23T11:44:37+00:00","og_image":[{"width":500,"height":500,"url":"https:\/\/dutchhealthstore.com\/wp-content\/uploads\/2018\/02\/living-libations-basil-essential-oil-e1591877587265.jpg","type":"image\/jpeg"}],"twitter_card":"summary_large_image","twitter_misc":{"Disponibilit\u00e9":"En stock"},"schema":{"@context":"https:\/\/schema.org","@graph":[{"@type":"WebPage","@id":"https:\/\/dutchhealthstore.com\/fr\/product\/basil-essential-oil\/","url":"https:\/\/dutchhealthstore.com\/fr\/product\/basil-essential-oil\/","name":"Basil Essential Oil | Living Libations","isPartOf":{"@id":"https:\/\/dutchhealthstore.com\/fr\/#website"},"primaryImageOfPage":{"@id":"https:\/\/dutchhealthstore.com\/fr\/product\/basil-essential-oil\/#primaryimage"},"image":{"@id":"https:\/\/dutchhealthstore.com\/fr\/product\/basil-essential-oil\/#primaryimage"},"thumbnailUrl":"https:\/\/dutchhealthstore.com\/wp-content\/uploads\/2018\/02\/living-libations-basil-essential-oil-e1591877587265.jpg","datePublished":"2018-02-10T18:50:41+00:00","dateModified":"2025-11-23T11:44:37+00:00","description":"Living Libations Basil Essential Oil bountifully captures the joy juice of this diverse culinary herb.","breadcrumb":{"@id":"https:\/\/dutchhealthstore.com\/fr\/product\/basil-essential-oil\/#breadcrumb"},"inLanguage":"fr-FR","potentialAction":[{"@type":"ReadAction","target":["https:\/\/dutchhealthstore.com\/fr\/product\/basil-essential-oil\/"]}]},{"@type":"ImageObject","inLanguage":"fr-FR","@id":"https:\/\/dutchhealthstore.com\/fr\/product\/basil-essential-oil\/#primaryimage","url":"https:\/\/dutchhealthstore.com\/wp-content\/uploads\/2018\/02\/living-libations-basil-essential-oil-e1591877587265.jpg","contentUrl":"https:\/\/dutchhealthstore.com\/wp-content\/uploads\/2018\/02\/living-libations-basil-essential-oil-e1591877587265.jpg","width":500,"height":500},{"@type":"BreadcrumbList","@id":"https:\/\/dutchhealthstore.com\/fr\/product\/basil-essential-oil\/#breadcrumb","itemListElement":[{"@type":"ListItem","position":1,"name":"Home","item":"https:\/\/dutchhealthstore.com\/fr\/"},{"@type":"ListItem","position":2,"name":"Shop","item":"https:\/\/dutchhealthstore.com\/fr\/shop\/"},{"@type":"ListItem","position":3,"name":"Basil Essential Oil"}]},{"@type":"WebSite","@id":"https:\/\/dutchhealthstore.com\/fr\/#website","url":"https:\/\/dutchhealthstore.com\/fr\/","name":"Dutch Health Store","description":"Enhance Your Beauty with Organic &amp; Natural Skincare","publisher":{"@id":"https:\/\/dutchhealthstore.com\/fr\/#organization"},"potentialAction":[{"@type":"SearchAction","target":{"@type":"EntryPoint","urlTemplate":"https:\/\/dutchhealthstore.com\/fr\/?s={search_term_string}"},"query-input":{"@type":"PropertyValueSpecification","valueRequired":true,"valueName":"search_term_string"}}],"inLanguage":"fr-FR"},{"@type":"Organization","@id":"https:\/\/dutchhealthstore.com\/fr\/#organization","name":"Dutch Health Store","url":"https:\/\/dutchhealthstore.com\/fr\/","logo":{"@type":"ImageObject","inLanguage":"fr-FR","@id":"https:\/\/dutchhealthstore.com\/fr\/#\/schema\/logo\/image\/","url":"https:\/\/dutchhealthstore.com\/wp-content\/uploads\/2020\/08\/logo-dutchhealthstore-jpg-e1599484957574.jpg","contentUrl":"https:\/\/dutchhealthstore.com\/wp-content\/uploads\/2020\/08\/logo-dutchhealthstore-jpg-e1599484957574.jpg","width":400,"height":62,"caption":"Dutch Health Store"},"image":{"@id":"https:\/\/dutchhealthstore.com\/fr\/#\/schema\/logo\/image\/"},"sameAs":["https:\/\/www.instagram.com\/dutchhealthstore\/","https:\/\/www.facebook.com\/dutchhealthstore"]}]},"product_brand":"Living Libations","og_availability":"instock","product_availability":"instock","product_condition":"new"},"_links":{"self":[{"href":"https:\/\/dutchhealthstore.com\/fr\/wp-json\/wp\/v2\/product\/115831","targetHints":{"allow":["GET"]}}],"collection":[{"href":"https:\/\/dutchhealthstore.com\/fr\/wp-json\/wp\/v2\/product"}],"about":[{"href":"https:\/\/dutchhealthstore.com\/fr\/wp-json\/wp\/v2\/types\/product"}],"replies":[{"embeddable":true,"href":"https:\/\/dutchhealthstore.com\/fr\/wp-json\/wp\/v2\/comments?post=115831"}],"wp:featuredmedia":[{"embeddable":true,"href":"https:\/\/dutchhealthstore.com\/fr\/wp-json\/wp\/v2\/media\/106096"}],"wp:attachment":[{"href":"https:\/\/dutchhealthstore.com\/fr\/wp-json\/wp\/v2\/media?parent=115831"}],"wp:term":[{"taxonomy":"product_brand","embeddable":true,"href":"https:\/\/dutchhealthstore.com\/fr\/wp-json\/wp\/v2\/product_brand?post=115831"},{"taxonomy":"product_cat","embeddable":true,"href":"https:\/\/dutchhealthstore.com\/fr\/wp-json\/wp\/v2\/product_cat?post=115831"},{"taxonomy":"product_tag","embeddable":true,"href":"https:\/\/dutchhealthstore.com\/fr\/wp-json\/wp\/v2\/product_tag?post=115831"}],"curies":[{"name":"wp","href":"https:\/\/api.w.org\/{rel}","templated":true}]}}