{"id":115803,"date":"2020-05-07T13:34:54","date_gmt":"2020-05-07T11:34:54","guid":{"rendered":"https:\/\/dutchhealthstore.com\/product\/balsam-amyris-essential-oil\/"},"modified":"2023-07-11T11:50:55","modified_gmt":"2023-07-11T11:50:55","slug":"balsam-amyris-essential-oil","status":"publish","type":"product","link":"https:\/\/dutchhealthstore.com\/fr\/product\/balsam-amyris-essential-oil\/","title":{"rendered":"Balsam Amyris Essential Oil"},"content":{"rendered":"<p><img decoding=\"async\" class=\"alignright size-full wp-image-69549\" src=\"https:\/\/dutchhealthstore.com\/wp-content\/uploads\/2019\/08\/NEW-Living-Libations-Logo.jpg\" alt=\"NEW - Living Libations - Logo\" width=\"175\" height=\"82\"><strong style=\"font-size: 14.4px;\">Nom botanique<\/strong><strong style=\"font-size: 14.4px;\">:<\/strong> <em style=\"font-size: 14.4px;\">Amyris balsamifera <\/em><strong><br \/>\nFamille botanique :<\/strong> Rutaceae<br \/>\n<strong>M\u00e9thode d&rsquo;extraction :<\/strong> Distillation \u00e0 la vapeur<br \/>\n<strong>Partie de la plante distill\u00e9e :<\/strong> Bois<br \/>\n<strong>Pays d&rsquo;origine :<\/strong> Ha\u00efti<br \/>\n<strong>M\u00e9thode de culture :<\/strong> Cueillette sauvage<br \/>\n<strong>Composition :<\/strong> 100% <em>Amyris balsamifera<\/em><br \/>\n<strong>Consistance :<\/strong> jaune p\u00e2le, l\u00e9g\u00e8rement visqueux.<\/p>\n<h3>Description de l&rsquo;odeur<\/h3>\n<p>Apaisant, stimulant et ancr\u00e9.<\/p>\n<h3>Dans Living Libations<\/h3>\n<p>Musk Mallow Poetic Pits<\/p>\n<h3>Se marie bien avec<\/h3>\n<p>Santal, jasmin, v\u00e9tiver, lavande, pamplemousse, bergamote, citron vert, nard, cypr\u00e8s, c\u00e8dre, bois d&rsquo;agar, n\u00e9roli, patchouli, hysope et ylang.<\/p>\n<h3>Utilisations<\/h3>\n<p>Fixateur dans les parfums, les eaux de Cologne, les huiles corporelles, les d\u00e9odorants et les m\u00e9langes aromatiques. Des s\u00e9rums tonifiants. Ajoutez quelques gouttes dans le bain ou dans un diffuseur comme huile relaxante et apaisante.<\/p>\n<h3>Composants<\/h3>\n<p>Contient des acides \u00e9l\u00e9miques, des sesquiterp\u00e8nes et des triterp\u00e8nes d&rsquo;\u03b1-amyrine et de \u03b2-amyrine ainsi que du \u03b2-sesquiphellandr\u00e8ne, de l&rsquo;\u00e9l\u00e9mol, du \u03b3-eudesmol, du valerianol, de l&rsquo;\u03b1-eudesmol, du \u03b2-eudesmol, du valerianol, du 10-epi-gamma-Eudesmol, de l&rsquo;ar-curcum\u00e8ne et de l&rsquo;\u00e9pi-alpha-s\u00e9lin\u00e8ne.<\/p>\n<p>Le Balsam Amyris est distill\u00e9 \u00e0 partir des branches et des brindilles d&rsquo;un bois dense dont la forte teneur en huile permet au bois de br\u00fbler vivement. En Ha\u00efti, o\u00f9 la plante est originaire, les branches sont utilis\u00e9es comme torches, d&rsquo;o\u00f9 l&rsquo;un des noms communs de cet arbre : Balsam Torchwood.<\/p>\n<p>Cette huile est une v\u00e9ritable aromath\u00e9rapie &#8211; une seule goutte baigne les sens dans un ar\u00f4me bois\u00e9 l\u00e9ger et doux qui calme, d\u00e9tend et apaise. Ajout\u00e9 aux parfums, eaux de Cologne et d\u00e9odorants, l&rsquo;ar\u00f4me chaud peut \u00eatre utilis\u00e9 comme note de base, de la m\u00eame mani\u00e8re que l&rsquo;huile essentielle de bois de santal est fr\u00e9quemment utilis\u00e9e.<\/p>\n<p><strong>Taille : 5 ml<\/strong><\/p>\n<h3>Ingr\u00e9dients biologiques<\/h3>\n<p>100% huiles essentielles de balsam amyris (Amyris balsamifera).<\/p>\n<p><img fetchpriority=\"high\" decoding=\"async\" class=\"size-medium wp-image-68103 aligncenter\" src=\"https:\/\/dutchhealthstore.com\/wp-content\/uploads\/2018\/02\/Living-Libations-Organic-Logo-800x89.png\" alt=\"Living Libations - Organic Logo\" width=\"800\" height=\"89\" srcset=\"https:\/\/dutchhealthstore.com\/wp-content\/uploads\/2018\/02\/Living-Libations-Organic-Logo-800x89.png 800w, https:\/\/dutchhealthstore.com\/wp-content\/uploads\/2018\/02\/Living-Libations-Organic-Logo-510x57.png 510w, https:\/\/dutchhealthstore.com\/wp-content\/uploads\/2018\/02\/Living-Libations-Organic-Logo-768x85.png 768w, https:\/\/dutchhealthstore.com\/wp-content\/uploads\/2018\/02\/Living-Libations-Organic-Logo.png 1400w\" sizes=\"(max-width: 800px) 100vw, 800px\" \/><\/p>\n","protected":false},"excerpt":{"rendered":"<p>Illuminez votre humeur et illuminez vos parfums<br \/>\nen se pr\u00e9lassant dans <strong>Balsam Amyris Essential Oil<\/strong> distill\u00e9e \u00e0 partir de l&rsquo;arbre ha\u00eftien \u00e0 feuilles persistantes Amyris balsamifera.<br \/>\nL&rsquo;arbre aromatique Amyris est un membre de la famille des agrumes et le nom d\u00e9rive du mot grec amyron et signifie fortement parfum\u00e9, en raison de l&rsquo;ol\u00e9or\u00e9sine qui exsude de son tronc.<br \/>\nL&rsquo;ar\u00f4me durable est doucement balsamique, l\u00e9g\u00e8rement sucr\u00e9 avec un soup\u00e7on de vanille.<br \/>\nLa chaleur subtile de cette essence nimbe les nerfs et calme les temp\u00e9raments.<\/p>\n","protected":false},"featured_media":100246,"comment_status":"open","ping_status":"closed","template":"","meta":[],"product_brand":[],"product_cat":[6734,1507,1211,1209,3757,6733],"product_tag":[4495],"class_list":{"0":"post-115803","1":"product","2":"type-product","3":"status-publish","4":"has-post-thumbnail","6":"product_cat-essential-oils","7":"product_cat-plantes-huiles-essentielles-living-libations","8":"product_cat-living-libations-france","9":"product_cat-par-marques","10":"product_cat-plantes-huiles-essentielles","11":"product_cat-wellness-fr-2","12":"product_tag-essential-oil-fr","13":"pa_brand-livinglibations-fr","14":"pa_essential-oils-product-type-essential-oils-fr","15":"pa_size-5-ml-fr","17":"first","18":"instock","19":"taxable","20":"shipping-taxable","21":"purchasable","22":"product-type-simple"},"bundled_by":[],"bundle_stock_status":"instock","bundle_stock_quantity":2,"bundle_virtual":false,"bundle_layout":"","bundle_add_to_cart_form_location":"","bundle_editable_in_cart":false,"bundle_sold_individually_context":"","bundle_item_grouping":"","bundle_min_size":"","bundle_max_size":"","bundle_price":[],"bundled_items":[],"bundle_sell_ids":[],"atum_controlled":true,"out_stock_date":null,"out_stock_threshold":null,"inheritable":false,"stock_on_hold":0,"sold_today":0,"sales_last_days":0,"out_stock_days":0,"lost_sales":0,"update_date":"2026-05-04T13:00:16","atum_locations":[],"atum_stock_status":"instock","restock_status":false,"low_stock_amount":"","sales_update_date":"2026-05-04T13:00:16","calc_backorders":null,"group_of_quantity":0,"min_quantity":0,"max_quantity":"","exclude_order_quantity_value_rules":"no","exclude_category_quantity_rules":"no","combine_variations":"no","yoast_head":"<!-- This site is optimized with the Yoast SEO Premium plugin v26.5 (Yoast SEO v26.5) - https:\/\/yoast.com\/wordpress\/plugins\/seo\/ -->\n<title>Balsam Amyris Essential Oil | Living Libations<\/title>\n<meta name=\"description\" content=\"Allumez votre humeur et \u00e9gayez vos parfums en vous pr\u00e9lassant dans Balsam Amyris Essential Oil distill\u00e9e \u00e0 partir de l&#039;arbre \u00e0 feuilles persistantes Amyris balsamifera d&#039;Ha\u00efti.\" \/>\n<meta name=\"robots\" content=\"index, follow, max-snippet:-1, max-image-preview:large, max-video-preview:-1\" \/>\n<link rel=\"canonical\" href=\"https:\/\/dutchhealthstore.com\/fr\/product\/balsam-amyris-essential-oil\/\" \/>\n<meta property=\"og:locale\" content=\"fr_FR\" \/>\n<meta property=\"og:type\" content=\"article\" \/>\n<meta property=\"og:title\" content=\"Balsam Amyris Essential Oil - Dutch Health Store\" \/>\n<meta property=\"og:description\" content=\"Allumez votre humeur et \u00e9gayez vos parfums en vous pr\u00e9lassant dans Balsam Amyris Essential Oil distill\u00e9e \u00e0 partir de l&#039;arbre \u00e0 feuilles persistantes Amyris balsamifera d&#039;Ha\u00efti.\" \/>\n<meta property=\"og:url\" content=\"https:\/\/dutchhealthstore.com\/fr\/product\/balsam-amyris-essential-oil\/\" \/>\n<meta property=\"og:site_name\" content=\"Dutch Health Store\" \/>\n<meta property=\"article:publisher\" content=\"https:\/\/www.instagram.com\/dutchhealthstore\/\" \/>\n<meta property=\"article:modified_time\" content=\"2023-07-11T11:50:55+00:00\" \/>\n<meta property=\"og:image\" content=\"https:\/\/dutchhealthstore.com\/wp-content\/uploads\/2020\/05\/Living-libations-Balsam-Amyris-Essential-Oil.jpg\" \/>\n\t<meta property=\"og:image:width\" content=\"1200\" \/>\n\t<meta property=\"og:image:height\" content=\"1200\" \/>\n\t<meta property=\"og:image:type\" content=\"image\/jpeg\" \/>\n<meta name=\"twitter:card\" content=\"summary_large_image\" \/>\n<meta name=\"twitter:label1\" content=\"Prix\" \/>\n\t<meta name=\"twitter:data1\" content=\"&euro;15,00\" \/>\n\t<meta name=\"twitter:label2\" content=\"Disponibilit\u00e9\" \/>\n\t<meta name=\"twitter:data2\" content=\"En stock\" \/>\n<script type=\"application\/ld+json\" class=\"yoast-schema-graph\">{\"@context\":\"https:\/\/schema.org\",\"@graph\":[{\"@type\":\"WebPage\",\"@id\":\"https:\/\/dutchhealthstore.com\/fr\/product\/balsam-amyris-essential-oil\/\",\"url\":\"https:\/\/dutchhealthstore.com\/fr\/product\/balsam-amyris-essential-oil\/\",\"name\":\"Balsam Amyris Essential Oil | Living Libations\",\"isPartOf\":{\"@id\":\"https:\/\/dutchhealthstore.com\/fr\/#website\"},\"primaryImageOfPage\":{\"@id\":\"https:\/\/dutchhealthstore.com\/fr\/product\/balsam-amyris-essential-oil\/#primaryimage\"},\"image\":{\"@id\":\"https:\/\/dutchhealthstore.com\/fr\/product\/balsam-amyris-essential-oil\/#primaryimage\"},\"thumbnailUrl\":\"https:\/\/dutchhealthstore.com\/wp-content\/uploads\/2020\/05\/Living-libations-Balsam-Amyris-Essential-Oil.jpg\",\"datePublished\":\"2020-05-07T11:34:54+00:00\",\"dateModified\":\"2023-07-11T11:50:55+00:00\",\"description\":\"Allumez votre humeur et \u00e9gayez vos parfums en vous pr\u00e9lassant dans Balsam Amyris Essential Oil distill\u00e9e \u00e0 partir de l'arbre \u00e0 feuilles persistantes Amyris balsamifera d'Ha\u00efti.\",\"breadcrumb\":{\"@id\":\"https:\/\/dutchhealthstore.com\/fr\/product\/balsam-amyris-essential-oil\/#breadcrumb\"},\"inLanguage\":\"fr-FR\",\"potentialAction\":[{\"@type\":\"ReadAction\",\"target\":[\"https:\/\/dutchhealthstore.com\/fr\/product\/balsam-amyris-essential-oil\/\"]}]},{\"@type\":\"ImageObject\",\"inLanguage\":\"fr-FR\",\"@id\":\"https:\/\/dutchhealthstore.com\/fr\/product\/balsam-amyris-essential-oil\/#primaryimage\",\"url\":\"https:\/\/dutchhealthstore.com\/wp-content\/uploads\/2020\/05\/Living-libations-Balsam-Amyris-Essential-Oil.jpg\",\"contentUrl\":\"https:\/\/dutchhealthstore.com\/wp-content\/uploads\/2020\/05\/Living-libations-Balsam-Amyris-Essential-Oil.jpg\",\"width\":1200,\"height\":1200,\"caption\":\"Living libations - Balsam Amyris Essential Oil\"},{\"@type\":\"BreadcrumbList\",\"@id\":\"https:\/\/dutchhealthstore.com\/fr\/product\/balsam-amyris-essential-oil\/#breadcrumb\",\"itemListElement\":[{\"@type\":\"ListItem\",\"position\":1,\"name\":\"Home\",\"item\":\"https:\/\/dutchhealthstore.com\/fr\/\"},{\"@type\":\"ListItem\",\"position\":2,\"name\":\"Shop\",\"item\":\"https:\/\/dutchhealthstore.com\/fr\/shop\/\"},{\"@type\":\"ListItem\",\"position\":3,\"name\":\"Balsam Amyris Essential Oil\"}]},{\"@type\":\"WebSite\",\"@id\":\"https:\/\/dutchhealthstore.com\/fr\/#website\",\"url\":\"https:\/\/dutchhealthstore.com\/fr\/\",\"name\":\"Dutch Health Store\",\"description\":\"Enhance Your Beauty with Organic &amp; Natural Skincare\",\"publisher\":{\"@id\":\"https:\/\/dutchhealthstore.com\/fr\/#organization\"},\"potentialAction\":[{\"@type\":\"SearchAction\",\"target\":{\"@type\":\"EntryPoint\",\"urlTemplate\":\"https:\/\/dutchhealthstore.com\/fr\/?s={search_term_string}\"},\"query-input\":{\"@type\":\"PropertyValueSpecification\",\"valueRequired\":true,\"valueName\":\"search_term_string\"}}],\"inLanguage\":\"fr-FR\"},{\"@type\":\"Organization\",\"@id\":\"https:\/\/dutchhealthstore.com\/fr\/#organization\",\"name\":\"Dutch Health Store\",\"url\":\"https:\/\/dutchhealthstore.com\/fr\/\",\"logo\":{\"@type\":\"ImageObject\",\"inLanguage\":\"fr-FR\",\"@id\":\"https:\/\/dutchhealthstore.com\/fr\/#\/schema\/logo\/image\/\",\"url\":\"https:\/\/dutchhealthstore.com\/wp-content\/uploads\/2020\/08\/logo-dutchhealthstore-jpg-e1599484957574.jpg\",\"contentUrl\":\"https:\/\/dutchhealthstore.com\/wp-content\/uploads\/2020\/08\/logo-dutchhealthstore-jpg-e1599484957574.jpg\",\"width\":400,\"height\":62,\"caption\":\"Dutch Health Store\"},\"image\":{\"@id\":\"https:\/\/dutchhealthstore.com\/fr\/#\/schema\/logo\/image\/\"},\"sameAs\":[\"https:\/\/www.instagram.com\/dutchhealthstore\/\",\"https:\/\/www.facebook.com\/dutchhealthstore\"]}]}<\/script>\n<meta property=\"product:brand\" content=\"Living Libations\" \/>\n<meta property=\"product:price:amount\" content=\"15.00\" \/>\n<meta property=\"product:price:currency\" content=\"EUR\" \/>\n<meta property=\"og:availability\" content=\"instock\" \/>\n<meta property=\"product:availability\" content=\"instock\" \/>\n<meta property=\"product:condition\" content=\"new\" \/>\n<!-- \/ Yoast SEO Premium plugin. -->","yoast_head_json":{"title":"Balsam Amyris Essential Oil | Living Libations","description":"Allumez votre humeur et \u00e9gayez vos parfums en vous pr\u00e9lassant dans Balsam Amyris Essential Oil distill\u00e9e \u00e0 partir de l'arbre \u00e0 feuilles persistantes Amyris balsamifera d'Ha\u00efti.","robots":{"index":"index","follow":"follow","max-snippet":"max-snippet:-1","max-image-preview":"max-image-preview:large","max-video-preview":"max-video-preview:-1"},"canonical":"https:\/\/dutchhealthstore.com\/fr\/product\/balsam-amyris-essential-oil\/","og_locale":"fr_FR","og_type":"article","og_title":"Balsam Amyris Essential Oil - Dutch Health Store","og_description":"Allumez votre humeur et \u00e9gayez vos parfums en vous pr\u00e9lassant dans Balsam Amyris Essential Oil distill\u00e9e \u00e0 partir de l'arbre \u00e0 feuilles persistantes Amyris balsamifera d'Ha\u00efti.","og_url":"https:\/\/dutchhealthstore.com\/fr\/product\/balsam-amyris-essential-oil\/","og_site_name":"Dutch Health Store","article_publisher":"https:\/\/www.instagram.com\/dutchhealthstore\/","article_modified_time":"2023-07-11T11:50:55+00:00","og_image":[{"width":1200,"height":1200,"url":"https:\/\/dutchhealthstore.com\/wp-content\/uploads\/2020\/05\/Living-libations-Balsam-Amyris-Essential-Oil.jpg","type":"image\/jpeg"}],"twitter_card":"summary_large_image","twitter_misc":{"Prix":"&euro;15,00","Disponibilit\u00e9":"En stock"},"schema":{"@context":"https:\/\/schema.org","@graph":[{"@type":"WebPage","@id":"https:\/\/dutchhealthstore.com\/fr\/product\/balsam-amyris-essential-oil\/","url":"https:\/\/dutchhealthstore.com\/fr\/product\/balsam-amyris-essential-oil\/","name":"Balsam Amyris Essential Oil | Living Libations","isPartOf":{"@id":"https:\/\/dutchhealthstore.com\/fr\/#website"},"primaryImageOfPage":{"@id":"https:\/\/dutchhealthstore.com\/fr\/product\/balsam-amyris-essential-oil\/#primaryimage"},"image":{"@id":"https:\/\/dutchhealthstore.com\/fr\/product\/balsam-amyris-essential-oil\/#primaryimage"},"thumbnailUrl":"https:\/\/dutchhealthstore.com\/wp-content\/uploads\/2020\/05\/Living-libations-Balsam-Amyris-Essential-Oil.jpg","datePublished":"2020-05-07T11:34:54+00:00","dateModified":"2023-07-11T11:50:55+00:00","description":"Allumez votre humeur et \u00e9gayez vos parfums en vous pr\u00e9lassant dans Balsam Amyris Essential Oil distill\u00e9e \u00e0 partir de l'arbre \u00e0 feuilles persistantes Amyris balsamifera d'Ha\u00efti.","breadcrumb":{"@id":"https:\/\/dutchhealthstore.com\/fr\/product\/balsam-amyris-essential-oil\/#breadcrumb"},"inLanguage":"fr-FR","potentialAction":[{"@type":"ReadAction","target":["https:\/\/dutchhealthstore.com\/fr\/product\/balsam-amyris-essential-oil\/"]}]},{"@type":"ImageObject","inLanguage":"fr-FR","@id":"https:\/\/dutchhealthstore.com\/fr\/product\/balsam-amyris-essential-oil\/#primaryimage","url":"https:\/\/dutchhealthstore.com\/wp-content\/uploads\/2020\/05\/Living-libations-Balsam-Amyris-Essential-Oil.jpg","contentUrl":"https:\/\/dutchhealthstore.com\/wp-content\/uploads\/2020\/05\/Living-libations-Balsam-Amyris-Essential-Oil.jpg","width":1200,"height":1200,"caption":"Living libations - Balsam Amyris Essential Oil"},{"@type":"BreadcrumbList","@id":"https:\/\/dutchhealthstore.com\/fr\/product\/balsam-amyris-essential-oil\/#breadcrumb","itemListElement":[{"@type":"ListItem","position":1,"name":"Home","item":"https:\/\/dutchhealthstore.com\/fr\/"},{"@type":"ListItem","position":2,"name":"Shop","item":"https:\/\/dutchhealthstore.com\/fr\/shop\/"},{"@type":"ListItem","position":3,"name":"Balsam Amyris Essential Oil"}]},{"@type":"WebSite","@id":"https:\/\/dutchhealthstore.com\/fr\/#website","url":"https:\/\/dutchhealthstore.com\/fr\/","name":"Dutch Health Store","description":"Enhance Your Beauty with Organic &amp; Natural Skincare","publisher":{"@id":"https:\/\/dutchhealthstore.com\/fr\/#organization"},"potentialAction":[{"@type":"SearchAction","target":{"@type":"EntryPoint","urlTemplate":"https:\/\/dutchhealthstore.com\/fr\/?s={search_term_string}"},"query-input":{"@type":"PropertyValueSpecification","valueRequired":true,"valueName":"search_term_string"}}],"inLanguage":"fr-FR"},{"@type":"Organization","@id":"https:\/\/dutchhealthstore.com\/fr\/#organization","name":"Dutch Health Store","url":"https:\/\/dutchhealthstore.com\/fr\/","logo":{"@type":"ImageObject","inLanguage":"fr-FR","@id":"https:\/\/dutchhealthstore.com\/fr\/#\/schema\/logo\/image\/","url":"https:\/\/dutchhealthstore.com\/wp-content\/uploads\/2020\/08\/logo-dutchhealthstore-jpg-e1599484957574.jpg","contentUrl":"https:\/\/dutchhealthstore.com\/wp-content\/uploads\/2020\/08\/logo-dutchhealthstore-jpg-e1599484957574.jpg","width":400,"height":62,"caption":"Dutch Health Store"},"image":{"@id":"https:\/\/dutchhealthstore.com\/fr\/#\/schema\/logo\/image\/"},"sameAs":["https:\/\/www.instagram.com\/dutchhealthstore\/","https:\/\/www.facebook.com\/dutchhealthstore"]}]},"product_brand":"Living Libations","product_price_amount":"15.00","product_price_currency":"EUR","og_availability":"instock","product_availability":"instock","product_condition":"new"},"_links":{"self":[{"href":"https:\/\/dutchhealthstore.com\/fr\/wp-json\/wp\/v2\/product\/115803","targetHints":{"allow":["GET"]}}],"collection":[{"href":"https:\/\/dutchhealthstore.com\/fr\/wp-json\/wp\/v2\/product"}],"about":[{"href":"https:\/\/dutchhealthstore.com\/fr\/wp-json\/wp\/v2\/types\/product"}],"replies":[{"embeddable":true,"href":"https:\/\/dutchhealthstore.com\/fr\/wp-json\/wp\/v2\/comments?post=115803"}],"wp:featuredmedia":[{"embeddable":true,"href":"https:\/\/dutchhealthstore.com\/fr\/wp-json\/wp\/v2\/media\/100246"}],"wp:attachment":[{"href":"https:\/\/dutchhealthstore.com\/fr\/wp-json\/wp\/v2\/media?parent=115803"}],"wp:term":[{"taxonomy":"product_brand","embeddable":true,"href":"https:\/\/dutchhealthstore.com\/fr\/wp-json\/wp\/v2\/product_brand?post=115803"},{"taxonomy":"product_cat","embeddable":true,"href":"https:\/\/dutchhealthstore.com\/fr\/wp-json\/wp\/v2\/product_cat?post=115803"},{"taxonomy":"product_tag","embeddable":true,"href":"https:\/\/dutchhealthstore.com\/fr\/wp-json\/wp\/v2\/product_tag?post=115803"}],"curies":[{"name":"wp","href":"https:\/\/api.w.org\/{rel}","templated":true}]}}