{"id":115656,"date":"2018-11-27T07:54:43","date_gmt":"2018-11-27T06:54:43","guid":{"rendered":"https:\/\/dutchhealthstore.com\/product\/australian-rose-essential-oil\/"},"modified":"2023-02-14T11:29:15","modified_gmt":"2023-02-14T11:29:15","slug":"australian-rose-essential-oil","status":"publish","type":"product","link":"https:\/\/dutchhealthstore.com\/fr\/product\/australian-rose-essential-oil\/","title":{"rendered":"Australian Rose Essential Oil"},"content":{"rendered":"<p><img decoding=\"async\" class=\"alignright size-full wp-image-37041\" src=\"https:\/\/dutchhealthstore.com\/wp-content\/uploads\/2018\/04\/Living_Libations-1.png\" alt=\"Organic &amp; Natural Beautyproducts - Living Libations\" width=\"175\" height=\"82\"><strong>Nom botanique :<\/strong> Leptospermum Petersonii g\u00e9raniol<br \/>\n<strong>Famille botanique :<\/strong> Myrtaceae<br \/>\n<span style=\"font-size: 14.4px;\"><b>Extraction<\/b><\/span><b> M\u00e9thode :<\/b> distillation \u00e0 la vapeur<br \/>\n<strong>Country of Origin :<\/strong> Australia<br \/>\n<strong>M\u00e9thode de culture :<\/strong> R\u00e9colte sauvage<br \/>\n<strong>Composition :<\/strong> 100% Leptospermum Petersonii g\u00e9raniol<br \/>\n<strong>Coh\u00e9rence :<\/strong> Mince<\/p>\n<h3 style=\"font-weight: 400;\"><strong>Description de l&rsquo;odeur<\/strong><\/h3>\n<p style=\"font-weight: 400;\">Des \u00e9clats d&rsquo;agrumes, des effluves floraux, avec une rhapsodie bois\u00e9e.<\/p>\n<h3 style=\"font-weight: 400;\"><strong>Se marie bien avec<\/strong><\/h3>\n<p style=\"font-weight: 400;\">Bois de santal, cypr\u00e8s, thym doux, orange sanguine, g\u00e9ranium, n\u00e9roli, rosalina, myrte citronn\u00e9, lavande, \u00e9pinette noire, sapin blanc, sapin argent\u00e9, sapin de Douglas, encens, ylang, rose, n\u00e9roli et bergamote.<\/p>\n<h3 style=\"font-weight: 400;\"><strong>Utilisations<\/strong><\/h3>\n<p style=\"font-weight: 400;\">Parfait dans les parfums en tant qu&rsquo;essence \u00e0 note unique ou combin\u00e9 avec d&rsquo;autres huiles pour un parfum complexe. Diffusez avec de l&rsquo;ylang et de la bergamote pour remplir une pi\u00e8ce de r\u00e9jouissances relaxantes. Baignez-vous dans sa beaut\u00e9 avec une goutte de sa ros\u00e9e apaisante. Reconstituant dans les m\u00e9langes et les huiles de massage. Tout simplement adorable dans les s\u00e9rums pour la peau.<\/p>\n<p>La rose australienne, exceptionnellement rare, pousse sur un arbre qui peut atteindre jusqu&rsquo;\u00e0 10 m\u00e8tres de haut. Cette distillation unique d&rsquo;huile essentielle de la famille des Myrtaceae regorge de superbes <i><em>g\u00e9raniol<\/em><\/i> et <i><em>ac\u00e9tate de g\u00e9ranyle<\/em><\/i> qui sont des constituants botaniques sublimes pour les soins de la peau. Le constituant <i><em>g\u00e9raniol<\/em><\/i> est un alcool monoterp\u00e9nique, le Dr. Kurt Schnaubelt \u00e9crit que ce composant agit comme un tonique, qu&rsquo;il est bien tol\u00e9r\u00e9 et qu&rsquo;il \u00ab\u00a0poss\u00e8de certains des parfums les plus attrayants. Les huiles dans lesquelles ces alcools sont dominants peuvent \u00eatre utilis\u00e9es g\u00e9n\u00e9reusement et fr\u00e9quemment et ont donc une grande valeur pour maintenir l&rsquo;\u00e9quilibre\u00a0\u00bb et la verve g\u00e9n\u00e9rale (1999 : 179).<\/p>\n<p><strong>Taille : 5 ml<\/strong><\/p>\n<h3>Ingr\u00e9dients biologiques<\/h3>\n<p>100% huile essentielle de rose australienne (Leptospermum petersonii geraniol).<\/p>\n<p>&nbsp;<\/p>\n<p><img fetchpriority=\"high\" decoding=\"async\" class=\"aligncenter size-full wp-image-68099\" src=\"https:\/\/dutchhealthstore.com\/wp-content\/uploads\/2018\/02\/Logo-Living-Libations-New-2019.png\" alt=\"Logo Living Libations New 2019\" width=\"905\" height=\"100\" srcset=\"https:\/\/dutchhealthstore.com\/wp-content\/uploads\/2018\/02\/Logo-Living-Libations-New-2019.png 905w, https:\/\/dutchhealthstore.com\/wp-content\/uploads\/2018\/02\/Logo-Living-Libations-New-2019-510x56.png 510w, https:\/\/dutchhealthstore.com\/wp-content\/uploads\/2018\/02\/Logo-Living-Libations-New-2019-800x88.png 800w, https:\/\/dutchhealthstore.com\/wp-content\/uploads\/2018\/02\/Logo-Living-Libations-New-2019-768x85.png 768w\" sizes=\"(max-width: 905px) 100vw, 905px\" \/><\/p>\n<p style=\"font-weight: 400;\">\n","protected":false},"excerpt":{"rendered":"<p>Inhalez des notes de ch\u00e8vrefeuille et de printemps dans notre rare <strong>Australian<\/strong> <strong>Rose<\/strong> <strong>Essential Oil<\/strong> qui est distill\u00e9e et r\u00e9colt\u00e9e dans l&rsquo;arri\u00e8re-pays de Byron Bay. Cet amplificateur de confiance captivant \u00e9voque une essence qui est brillante et dynamique.<\/p>\n","protected":false},"featured_media":47880,"comment_status":"open","ping_status":"closed","template":"","meta":[],"product_brand":[],"product_cat":[1507,6734,1211,1209,3757,1010,6733],"product_tag":[4495],"class_list":{"0":"post-115656","1":"product","2":"type-product","3":"status-publish","4":"has-post-thumbnail","6":"product_cat-plantes-huiles-essentielles-living-libations","7":"product_cat-essential-oils","8":"product_cat-living-libations-france","9":"product_cat-par-marques","10":"product_cat-plantes-huiles-essentielles","11":"product_cat-notre-boutique","12":"product_cat-wellness-fr-2","13":"product_tag-essential-oil-fr","14":"pa_brand-livinglibations-fr","15":"pa_essential-oils-product-type-essential-oils-fr","16":"pa_size-5-ml-fr","18":"first","19":"instock","20":"taxable","21":"shipping-taxable","22":"purchasable","23":"product-type-simple"},"bundled_by":[],"bundle_stock_status":"instock","bundle_stock_quantity":2,"bundle_virtual":false,"bundle_layout":"","bundle_add_to_cart_form_location":"","bundle_editable_in_cart":false,"bundle_sold_individually_context":"","bundle_item_grouping":"","bundle_min_size":"","bundle_max_size":"","bundle_price":[],"bundled_items":[],"bundle_sell_ids":[],"atum_controlled":true,"out_stock_date":null,"out_stock_threshold":null,"inheritable":false,"stock_on_hold":0,"sold_today":0,"sales_last_days":0,"out_stock_days":0,"lost_sales":0,"update_date":"2026-04-30T12:01:43","atum_locations":[],"atum_stock_status":"instock","restock_status":false,"low_stock_amount":0,"sales_update_date":"2026-04-30T12:01:43","calc_backorders":null,"group_of_quantity":0,"min_quantity":0,"max_quantity":"","exclude_order_quantity_value_rules":"no","exclude_category_quantity_rules":"no","combine_variations":"no","yoast_head":"<!-- This site is optimized with the Yoast SEO Premium plugin v26.5 (Yoast SEO v26.5) - https:\/\/yoast.com\/wordpress\/plugins\/seo\/ -->\n<title>Australian Rose Essential Oil | Organic &amp; Natural | Living Libations<\/title>\n<meta name=\"description\" content=\"Inhalez des notes de ch\u00e8vrefeuille et de printemps dans notre rare Australian Rose Essential Oil qui est distill\u00e9e et r\u00e9colt\u00e9e dans l&#039;arri\u00e8re-pays de Byron Bay.\" \/>\n<meta name=\"robots\" content=\"index, follow, max-snippet:-1, max-image-preview:large, max-video-preview:-1\" \/>\n<link rel=\"canonical\" href=\"https:\/\/dutchhealthstore.com\/fr\/product\/australian-rose-essential-oil\/\" \/>\n<meta property=\"og:locale\" content=\"fr_FR\" \/>\n<meta property=\"og:type\" content=\"article\" \/>\n<meta property=\"og:title\" content=\"Australian Rose Essential Oil - Dutch Health Store\" \/>\n<meta property=\"og:description\" content=\"Inhalez des notes de ch\u00e8vrefeuille et de printemps dans notre rare Australian Rose Essential Oil qui est distill\u00e9e et r\u00e9colt\u00e9e dans l&#039;arri\u00e8re-pays de Byron Bay.\" \/>\n<meta property=\"og:url\" content=\"https:\/\/dutchhealthstore.com\/fr\/product\/australian-rose-essential-oil\/\" \/>\n<meta property=\"og:site_name\" content=\"Dutch Health Store\" \/>\n<meta property=\"article:publisher\" content=\"https:\/\/www.instagram.com\/dutchhealthstore\/\" \/>\n<meta property=\"article:modified_time\" content=\"2023-02-14T11:29:15+00:00\" \/>\n<meta property=\"og:image\" content=\"https:\/\/dutchhealthstore.com\/wp-content\/uploads\/2018\/11\/Living-Libations-Australian-Rose-Essential-Oil-.jpg\" \/>\n\t<meta property=\"og:image:width\" content=\"1200\" \/>\n\t<meta property=\"og:image:height\" content=\"1200\" \/>\n\t<meta property=\"og:image:type\" content=\"image\/jpeg\" \/>\n<meta name=\"twitter:card\" content=\"summary_large_image\" \/>\n<meta name=\"twitter:label1\" content=\"Prix\" \/>\n\t<meta name=\"twitter:data1\" content=\"&euro;67,00\" \/>\n\t<meta name=\"twitter:label2\" content=\"Disponibilit\u00e9\" \/>\n\t<meta name=\"twitter:data2\" content=\"En stock\" \/>\n<script type=\"application\/ld+json\" class=\"yoast-schema-graph\">{\"@context\":\"https:\/\/schema.org\",\"@graph\":[{\"@type\":\"WebPage\",\"@id\":\"https:\/\/dutchhealthstore.com\/fr\/product\/australian-rose-essential-oil\/\",\"url\":\"https:\/\/dutchhealthstore.com\/fr\/product\/australian-rose-essential-oil\/\",\"name\":\"Australian Rose Essential Oil | Organic & Natural | Living Libations\",\"isPartOf\":{\"@id\":\"https:\/\/dutchhealthstore.com\/fr\/#website\"},\"primaryImageOfPage\":{\"@id\":\"https:\/\/dutchhealthstore.com\/fr\/product\/australian-rose-essential-oil\/#primaryimage\"},\"image\":{\"@id\":\"https:\/\/dutchhealthstore.com\/fr\/product\/australian-rose-essential-oil\/#primaryimage\"},\"thumbnailUrl\":\"https:\/\/dutchhealthstore.com\/wp-content\/uploads\/2018\/11\/Living-Libations-Australian-Rose-Essential-Oil-.jpg\",\"datePublished\":\"2018-11-27T06:54:43+00:00\",\"dateModified\":\"2023-02-14T11:29:15+00:00\",\"description\":\"Inhalez des notes de ch\u00e8vrefeuille et de printemps dans notre rare Australian Rose Essential Oil qui est distill\u00e9e et r\u00e9colt\u00e9e dans l'arri\u00e8re-pays de Byron Bay.\",\"breadcrumb\":{\"@id\":\"https:\/\/dutchhealthstore.com\/fr\/product\/australian-rose-essential-oil\/#breadcrumb\"},\"inLanguage\":\"fr-FR\",\"potentialAction\":[{\"@type\":\"ReadAction\",\"target\":[\"https:\/\/dutchhealthstore.com\/fr\/product\/australian-rose-essential-oil\/\"]}]},{\"@type\":\"ImageObject\",\"inLanguage\":\"fr-FR\",\"@id\":\"https:\/\/dutchhealthstore.com\/fr\/product\/australian-rose-essential-oil\/#primaryimage\",\"url\":\"https:\/\/dutchhealthstore.com\/wp-content\/uploads\/2018\/11\/Living-Libations-Australian-Rose-Essential-Oil-.jpg\",\"contentUrl\":\"https:\/\/dutchhealthstore.com\/wp-content\/uploads\/2018\/11\/Living-Libations-Australian-Rose-Essential-Oil-.jpg\",\"width\":1200,\"height\":1200,\"caption\":\"Living Libations - Australian Rose Essential Oil\"},{\"@type\":\"BreadcrumbList\",\"@id\":\"https:\/\/dutchhealthstore.com\/fr\/product\/australian-rose-essential-oil\/#breadcrumb\",\"itemListElement\":[{\"@type\":\"ListItem\",\"position\":1,\"name\":\"Home\",\"item\":\"https:\/\/dutchhealthstore.com\/fr\/\"},{\"@type\":\"ListItem\",\"position\":2,\"name\":\"Shop\",\"item\":\"https:\/\/dutchhealthstore.com\/fr\/shop\/\"},{\"@type\":\"ListItem\",\"position\":3,\"name\":\"Australian Rose Essential Oil\"}]},{\"@type\":\"WebSite\",\"@id\":\"https:\/\/dutchhealthstore.com\/fr\/#website\",\"url\":\"https:\/\/dutchhealthstore.com\/fr\/\",\"name\":\"Dutch Health Store\",\"description\":\"Enhance Your Beauty with Organic &amp; Natural Skincare\",\"publisher\":{\"@id\":\"https:\/\/dutchhealthstore.com\/fr\/#organization\"},\"potentialAction\":[{\"@type\":\"SearchAction\",\"target\":{\"@type\":\"EntryPoint\",\"urlTemplate\":\"https:\/\/dutchhealthstore.com\/fr\/?s={search_term_string}\"},\"query-input\":{\"@type\":\"PropertyValueSpecification\",\"valueRequired\":true,\"valueName\":\"search_term_string\"}}],\"inLanguage\":\"fr-FR\"},{\"@type\":\"Organization\",\"@id\":\"https:\/\/dutchhealthstore.com\/fr\/#organization\",\"name\":\"Dutch Health Store\",\"url\":\"https:\/\/dutchhealthstore.com\/fr\/\",\"logo\":{\"@type\":\"ImageObject\",\"inLanguage\":\"fr-FR\",\"@id\":\"https:\/\/dutchhealthstore.com\/fr\/#\/schema\/logo\/image\/\",\"url\":\"https:\/\/dutchhealthstore.com\/wp-content\/uploads\/2020\/08\/logo-dutchhealthstore-jpg-e1599484957574.jpg\",\"contentUrl\":\"https:\/\/dutchhealthstore.com\/wp-content\/uploads\/2020\/08\/logo-dutchhealthstore-jpg-e1599484957574.jpg\",\"width\":400,\"height\":62,\"caption\":\"Dutch Health Store\"},\"image\":{\"@id\":\"https:\/\/dutchhealthstore.com\/fr\/#\/schema\/logo\/image\/\"},\"sameAs\":[\"https:\/\/www.instagram.com\/dutchhealthstore\/\",\"https:\/\/www.facebook.com\/dutchhealthstore\"]}]}<\/script>\n<meta property=\"product:brand\" content=\"Living Libations\" \/>\n<meta property=\"product:price:amount\" content=\"67.00\" \/>\n<meta property=\"product:price:currency\" content=\"EUR\" \/>\n<meta property=\"og:availability\" content=\"instock\" \/>\n<meta property=\"product:availability\" content=\"instock\" \/>\n<meta property=\"product:condition\" content=\"new\" \/>\n<!-- \/ Yoast SEO Premium plugin. -->","yoast_head_json":{"title":"Australian Rose Essential Oil | Organic & Natural | Living Libations","description":"Inhalez des notes de ch\u00e8vrefeuille et de printemps dans notre rare Australian Rose Essential Oil qui est distill\u00e9e et r\u00e9colt\u00e9e dans l'arri\u00e8re-pays de Byron Bay.","robots":{"index":"index","follow":"follow","max-snippet":"max-snippet:-1","max-image-preview":"max-image-preview:large","max-video-preview":"max-video-preview:-1"},"canonical":"https:\/\/dutchhealthstore.com\/fr\/product\/australian-rose-essential-oil\/","og_locale":"fr_FR","og_type":"article","og_title":"Australian Rose Essential Oil - Dutch Health Store","og_description":"Inhalez des notes de ch\u00e8vrefeuille et de printemps dans notre rare Australian Rose Essential Oil qui est distill\u00e9e et r\u00e9colt\u00e9e dans l'arri\u00e8re-pays de Byron Bay.","og_url":"https:\/\/dutchhealthstore.com\/fr\/product\/australian-rose-essential-oil\/","og_site_name":"Dutch Health Store","article_publisher":"https:\/\/www.instagram.com\/dutchhealthstore\/","article_modified_time":"2023-02-14T11:29:15+00:00","og_image":[{"width":1200,"height":1200,"url":"https:\/\/dutchhealthstore.com\/wp-content\/uploads\/2018\/11\/Living-Libations-Australian-Rose-Essential-Oil-.jpg","type":"image\/jpeg"}],"twitter_card":"summary_large_image","twitter_misc":{"Prix":"&euro;67,00","Disponibilit\u00e9":"En stock"},"schema":{"@context":"https:\/\/schema.org","@graph":[{"@type":"WebPage","@id":"https:\/\/dutchhealthstore.com\/fr\/product\/australian-rose-essential-oil\/","url":"https:\/\/dutchhealthstore.com\/fr\/product\/australian-rose-essential-oil\/","name":"Australian Rose Essential Oil | Organic & Natural | Living Libations","isPartOf":{"@id":"https:\/\/dutchhealthstore.com\/fr\/#website"},"primaryImageOfPage":{"@id":"https:\/\/dutchhealthstore.com\/fr\/product\/australian-rose-essential-oil\/#primaryimage"},"image":{"@id":"https:\/\/dutchhealthstore.com\/fr\/product\/australian-rose-essential-oil\/#primaryimage"},"thumbnailUrl":"https:\/\/dutchhealthstore.com\/wp-content\/uploads\/2018\/11\/Living-Libations-Australian-Rose-Essential-Oil-.jpg","datePublished":"2018-11-27T06:54:43+00:00","dateModified":"2023-02-14T11:29:15+00:00","description":"Inhalez des notes de ch\u00e8vrefeuille et de printemps dans notre rare Australian Rose Essential Oil qui est distill\u00e9e et r\u00e9colt\u00e9e dans l'arri\u00e8re-pays de Byron Bay.","breadcrumb":{"@id":"https:\/\/dutchhealthstore.com\/fr\/product\/australian-rose-essential-oil\/#breadcrumb"},"inLanguage":"fr-FR","potentialAction":[{"@type":"ReadAction","target":["https:\/\/dutchhealthstore.com\/fr\/product\/australian-rose-essential-oil\/"]}]},{"@type":"ImageObject","inLanguage":"fr-FR","@id":"https:\/\/dutchhealthstore.com\/fr\/product\/australian-rose-essential-oil\/#primaryimage","url":"https:\/\/dutchhealthstore.com\/wp-content\/uploads\/2018\/11\/Living-Libations-Australian-Rose-Essential-Oil-.jpg","contentUrl":"https:\/\/dutchhealthstore.com\/wp-content\/uploads\/2018\/11\/Living-Libations-Australian-Rose-Essential-Oil-.jpg","width":1200,"height":1200,"caption":"Living Libations - Australian Rose Essential Oil"},{"@type":"BreadcrumbList","@id":"https:\/\/dutchhealthstore.com\/fr\/product\/australian-rose-essential-oil\/#breadcrumb","itemListElement":[{"@type":"ListItem","position":1,"name":"Home","item":"https:\/\/dutchhealthstore.com\/fr\/"},{"@type":"ListItem","position":2,"name":"Shop","item":"https:\/\/dutchhealthstore.com\/fr\/shop\/"},{"@type":"ListItem","position":3,"name":"Australian Rose Essential Oil"}]},{"@type":"WebSite","@id":"https:\/\/dutchhealthstore.com\/fr\/#website","url":"https:\/\/dutchhealthstore.com\/fr\/","name":"Dutch Health Store","description":"Enhance Your Beauty with Organic &amp; Natural Skincare","publisher":{"@id":"https:\/\/dutchhealthstore.com\/fr\/#organization"},"potentialAction":[{"@type":"SearchAction","target":{"@type":"EntryPoint","urlTemplate":"https:\/\/dutchhealthstore.com\/fr\/?s={search_term_string}"},"query-input":{"@type":"PropertyValueSpecification","valueRequired":true,"valueName":"search_term_string"}}],"inLanguage":"fr-FR"},{"@type":"Organization","@id":"https:\/\/dutchhealthstore.com\/fr\/#organization","name":"Dutch Health Store","url":"https:\/\/dutchhealthstore.com\/fr\/","logo":{"@type":"ImageObject","inLanguage":"fr-FR","@id":"https:\/\/dutchhealthstore.com\/fr\/#\/schema\/logo\/image\/","url":"https:\/\/dutchhealthstore.com\/wp-content\/uploads\/2020\/08\/logo-dutchhealthstore-jpg-e1599484957574.jpg","contentUrl":"https:\/\/dutchhealthstore.com\/wp-content\/uploads\/2020\/08\/logo-dutchhealthstore-jpg-e1599484957574.jpg","width":400,"height":62,"caption":"Dutch Health Store"},"image":{"@id":"https:\/\/dutchhealthstore.com\/fr\/#\/schema\/logo\/image\/"},"sameAs":["https:\/\/www.instagram.com\/dutchhealthstore\/","https:\/\/www.facebook.com\/dutchhealthstore"]}]},"product_brand":"Living Libations","product_price_amount":"67.00","product_price_currency":"EUR","og_availability":"instock","product_availability":"instock","product_condition":"new"},"_links":{"self":[{"href":"https:\/\/dutchhealthstore.com\/fr\/wp-json\/wp\/v2\/product\/115656","targetHints":{"allow":["GET"]}}],"collection":[{"href":"https:\/\/dutchhealthstore.com\/fr\/wp-json\/wp\/v2\/product"}],"about":[{"href":"https:\/\/dutchhealthstore.com\/fr\/wp-json\/wp\/v2\/types\/product"}],"replies":[{"embeddable":true,"href":"https:\/\/dutchhealthstore.com\/fr\/wp-json\/wp\/v2\/comments?post=115656"}],"wp:featuredmedia":[{"embeddable":true,"href":"https:\/\/dutchhealthstore.com\/fr\/wp-json\/wp\/v2\/media\/47880"}],"wp:attachment":[{"href":"https:\/\/dutchhealthstore.com\/fr\/wp-json\/wp\/v2\/media?parent=115656"}],"wp:term":[{"taxonomy":"product_brand","embeddable":true,"href":"https:\/\/dutchhealthstore.com\/fr\/wp-json\/wp\/v2\/product_brand?post=115656"},{"taxonomy":"product_cat","embeddable":true,"href":"https:\/\/dutchhealthstore.com\/fr\/wp-json\/wp\/v2\/product_cat?post=115656"},{"taxonomy":"product_tag","embeddable":true,"href":"https:\/\/dutchhealthstore.com\/fr\/wp-json\/wp\/v2\/product_tag?post=115656"}],"curies":[{"name":"wp","href":"https:\/\/api.w.org\/{rel}","templated":true}]}}