{"id":115595,"date":"2018-02-10T18:13:01","date_gmt":"2018-02-10T18:13:01","guid":{"rendered":"https:\/\/dutchhealthstore.com\/product\/anise-myrtle-essential-oil\/"},"modified":"2023-02-02T11:04:37","modified_gmt":"2023-02-02T11:04:37","slug":"anise-myrtle-essential-oil","status":"publish","type":"product","link":"https:\/\/dutchhealthstore.com\/fr\/product\/anise-myrtle-essential-oil\/","title":{"rendered":"Anise Myrtle Essential Oil"},"content":{"rendered":"<p><strong><img decoding=\"async\" class=\"size-full wp-image-69549 alignright\" src=\"https:\/\/dutchhealthstore.com\/wp-content\/uploads\/2019\/08\/NEW-Living-Libations-Logo.jpg\" alt=\"NEW - Living Libations - Logo\" width=\"175\" height=\"82\">Nom botanique :<\/strong> Syzygium anisatum<br \/>\n<strong>Famille botanique :<\/strong> Myrtaceae<br \/>\n<strong>M\u00e9thode d&rsquo;extraction :<\/strong> Distillation \u00e0 la vapeur<br \/>\n<strong>Partie de la plante distill\u00e9e : <\/strong>Tiges et branches<br \/>\n<strong>Pays d&rsquo;origine : <\/strong>Australie<br \/>\n<strong>M\u00e9thode de culture :<\/strong> Organique<br \/>\n<strong>Composition :<\/strong> 100% Syzygium anisatum<br \/>\n<strong>Coh\u00e9rence :<\/strong> Mince<\/p>\n<a href=\"https:\/\/dutchhealthstore.com\/wp-content\/uploads\/2019\/04\/ESSENTIAL-OIL-ANALYSIS-Syzygium-anisatum-Living-Libations.pdf\" class=\"button primary is-primary is-Small\"  >\n\t\t<span>ANALYSE DES HUILES ESSENTIELLES &gt;<\/span>\n\t<\/a>\n\n<h3>Description de l&rsquo;odeur<\/h3>\n<p>R\u00e9glisse douce et sulfureuse avec des notes inattendues de for\u00eat fra\u00eeche et d&rsquo;acajou miell\u00e9.<\/p>\n<h3>Se marie bien avec<\/h3>\n<p>Hysope, Pamplemousse, Fragonia, Myrte citronn\u00e9e, Encens, Eucalyptus, Bergamote, Epinette noire, Myrrhe, Verveine, Ciste et Immortelle.<\/p>\n<h3>Utilisations<\/h3>\n<p>Tonique pour la peau. Parfum. Magnifique dans les bains et les baumes.<\/p>\n<p>Le myrte anis\u00e9 rena\u00eet des cendres de la for\u00eat oubli\u00e9e depuis longtemps, r\u00e9clamant son droit naturel d&rsquo;inspirer l&rsquo;amour et la lumi\u00e8re. Il y a un si\u00e8cle, les arbres dont provient cette huile douce et succulente \u00e9taient pratiquement \u00e9teints en Australie. Les agriculteurs ont d\u00e9pouill\u00e9 les for\u00eats tropicales luxuriantes de leurs produits de luxe, et bient\u00f4t l&rsquo;anis doux n&rsquo;\u00e9tait plus qu&rsquo;un souvenir \u00e9tincelant. Gr\u00e2ce \u00e0 de vastes projets de reboisement, le myrte d&rsquo;Anis fait un retour en force.<\/p>\n<p>Outre son parfum de miel et de r\u00e9glisse, cette offre unique contient une myriade de mol\u00e9cules magiques pour clarifier votre \u00eatre. La feuille de myrte anis\u00e9 est l&rsquo;une des plus importantes sources connues du compos\u00e9 an\u00e9thole, qui lui conf\u00e8re la saveur et l&rsquo;ar\u00f4me anis\u00e9s.<\/p>\n<p><strong>Taille : 5 ml et 15 ml<\/strong><\/p>\n<h3>Ingr\u00e9dients biologiques<\/h3>\n<p>100% d&rsquo;huile essentielle de myrte anis\u00e9 (Syzygium anisatum).<\/p>\n<p style=\"text-align: center;\"><em>\u00ab\u00a0Bien qu&rsquo;elle soit relativement nouvelle en aromath\u00e9rapie, elle a le potentiel de supplanter les huiles essentielles d&rsquo;anis traditionnelles<\/em><br \/>\n<em>sur la base d&rsquo;une teneur sup\u00e9rieure en anth\u00e9ole et d&rsquo;un ar\u00f4me d&rsquo;anis plus frais.\u00a0\u00bb<\/em><br \/>\n\u223c Yasmina Sultanbawa, Fazal Sultanbawa, <strong>Australian Native Plants: Cultivation and Uses in the Health and Food Industries.<\/strong><\/p>\n<p>&nbsp;<\/p>\n<p><img fetchpriority=\"high\" decoding=\"async\" class=\"size-medium wp-image-68103 aligncenter\" src=\"https:\/\/dutchhealthstore.com\/wp-content\/uploads\/2018\/02\/Living-Libations-Organic-Logo-800x89.png\" alt=\"Living Libations - Organic Logo\" width=\"800\" height=\"89\" srcset=\"https:\/\/dutchhealthstore.com\/wp-content\/uploads\/2018\/02\/Living-Libations-Organic-Logo-800x89.png 800w, https:\/\/dutchhealthstore.com\/wp-content\/uploads\/2018\/02\/Living-Libations-Organic-Logo-510x57.png 510w, https:\/\/dutchhealthstore.com\/wp-content\/uploads\/2018\/02\/Living-Libations-Organic-Logo-768x85.png 768w, https:\/\/dutchhealthstore.com\/wp-content\/uploads\/2018\/02\/Living-Libations-Organic-Logo.png 1400w\" sizes=\"(max-width: 800px) 100vw, 800px\" \/><\/p>\n","protected":false},"excerpt":{"rendered":"<p><span style=\"font-weight: 400;\">La renaissance nous attend au pays de l&rsquo;ombre ! L&rsquo;anis doux danse avec le myrte magnifique pour cr\u00e9er une offrande diff\u00e9rente de tout ce qui existe dans notre collection. Ce luxe parfum\u00e9 \u00e0 la r\u00e9glisse regorge d&rsquo;antioxydants et est traditionnellement utilis\u00e9 pour apporter l&rsquo;\u00e9quilibre au corps.<\/span><\/p>\n<p><span style=\"font-weight: 400;\">R\u00e9cemment ressuscit\u00e9e apr\u00e8s des si\u00e8cles d&rsquo;extinction, notre Anise Myrtle Essential Oil est n\u00e9e \u00e0 nouveau pour calmer, r\u00e9conforter et raviver l&rsquo;esprit.<\/span><\/p>\n","protected":false},"featured_media":55341,"comment_status":"open","ping_status":"closed","template":"","meta":[],"product_brand":[],"product_cat":[6734,1507,1211,1209,3757,1010,6733],"product_tag":[4495],"class_list":{"0":"post-115595","1":"product","2":"type-product","3":"status-publish","4":"has-post-thumbnail","6":"product_cat-essential-oils","7":"product_cat-plantes-huiles-essentielles-living-libations","8":"product_cat-living-libations-france","9":"product_cat-par-marques","10":"product_cat-plantes-huiles-essentielles","11":"product_cat-notre-boutique","12":"product_cat-wellness-fr-2","13":"product_tag-essential-oil-fr","14":"pa_brand-livinglibations-fr","15":"pa_essential-oils-product-type-essential-oils-fr","16":"pa_size-15-ml-fr","17":"pa_size-5-ml-fr","19":"first","20":"instock","21":"taxable","22":"shipping-taxable","23":"purchasable","24":"product-type-variable"},"bundled_by":[],"bundle_stock_status":"instock","bundle_stock_quantity":null,"bundle_virtual":false,"bundle_layout":"","bundle_add_to_cart_form_location":"","bundle_editable_in_cart":false,"bundle_sold_individually_context":"","bundle_item_grouping":"","bundle_min_size":"","bundle_max_size":"","bundle_price":[],"bundled_items":[],"bundle_sell_ids":[],"atum_controlled":true,"out_stock_date":null,"out_stock_threshold":null,"inheritable":true,"stock_on_hold":0,"sold_today":0,"sales_last_days":0,"out_stock_days":0,"lost_sales":0,"update_date":"2026-04-30T00:15:13","atum_locations":[],"atum_stock_status":"instock","restock_status":false,"low_stock_amount":"","sales_update_date":"2026-04-30T00:15:13","calc_backorders":null,"group_of_quantity":0,"min_quantity":0,"max_quantity":"","exclude_order_quantity_value_rules":"no","exclude_category_quantity_rules":"no","combine_variations":"no","yoast_head":"<!-- This site is optimized with the Yoast SEO Premium plugin v26.5 (Yoast SEO v26.5) - https:\/\/yoast.com\/wordpress\/plugins\/seo\/ -->\n<title>Anise Myrtle Essential Oil | Living Libations<\/title>\n<meta name=\"description\" content=\"La renaissance nous attend au pays de l&#039;ombre ! L&#039;anis doux danse avec le myrte magnifique pour cr\u00e9er une offrande diff\u00e9rente de tout ce qui existe dans notre collection.\" \/>\n<meta name=\"robots\" content=\"index, follow, max-snippet:-1, max-image-preview:large, max-video-preview:-1\" \/>\n<link rel=\"canonical\" href=\"https:\/\/dutchhealthstore.com\/fr\/product\/anise-myrtle-essential-oil\/\" \/>\n<meta property=\"og:locale\" content=\"fr_FR\" \/>\n<meta property=\"og:type\" content=\"article\" \/>\n<meta property=\"og:title\" content=\"Anise Myrtle Essential Oil - Dutch Health Store\" \/>\n<meta property=\"og:description\" content=\"La renaissance nous attend au pays de l&#039;ombre ! L&#039;anis doux danse avec le myrte magnifique pour cr\u00e9er une offrande diff\u00e9rente de tout ce qui existe dans notre collection.\" \/>\n<meta property=\"og:url\" content=\"https:\/\/dutchhealthstore.com\/fr\/product\/anise-myrtle-essential-oil\/\" \/>\n<meta property=\"og:site_name\" content=\"Dutch Health Store\" \/>\n<meta property=\"article:publisher\" content=\"https:\/\/www.instagram.com\/dutchhealthstore\/\" \/>\n<meta property=\"article:modified_time\" content=\"2023-02-02T11:04:37+00:00\" \/>\n<meta property=\"og:image\" content=\"https:\/\/dutchhealthstore.com\/wp-content\/uploads\/2018\/02\/Anise-Myrtle-Essential-Oil-Living-Libations-1.jpg\" \/>\n\t<meta property=\"og:image:width\" content=\"1000\" \/>\n\t<meta property=\"og:image:height\" content=\"1000\" \/>\n\t<meta property=\"og:image:type\" content=\"image\/jpeg\" \/>\n<meta name=\"twitter:card\" content=\"summary_large_image\" \/>\n<meta name=\"twitter:label1\" content=\"Disponibilit\u00e9\" \/>\n\t<meta name=\"twitter:data1\" content=\"En stock\" \/>\n<script type=\"application\/ld+json\" class=\"yoast-schema-graph\">{\"@context\":\"https:\/\/schema.org\",\"@graph\":[{\"@type\":\"WebPage\",\"@id\":\"https:\/\/dutchhealthstore.com\/fr\/product\/anise-myrtle-essential-oil\/\",\"url\":\"https:\/\/dutchhealthstore.com\/fr\/product\/anise-myrtle-essential-oil\/\",\"name\":\"Anise Myrtle Essential Oil | Living Libations\",\"isPartOf\":{\"@id\":\"https:\/\/dutchhealthstore.com\/fr\/#website\"},\"primaryImageOfPage\":{\"@id\":\"https:\/\/dutchhealthstore.com\/fr\/product\/anise-myrtle-essential-oil\/#primaryimage\"},\"image\":{\"@id\":\"https:\/\/dutchhealthstore.com\/fr\/product\/anise-myrtle-essential-oil\/#primaryimage\"},\"thumbnailUrl\":\"https:\/\/dutchhealthstore.com\/wp-content\/uploads\/2018\/02\/Anise-Myrtle-Essential-Oil-Living-Libations-1.jpg\",\"datePublished\":\"2018-02-10T18:13:01+00:00\",\"dateModified\":\"2023-02-02T11:04:37+00:00\",\"description\":\"La renaissance nous attend au pays de l'ombre ! L'anis doux danse avec le myrte magnifique pour cr\u00e9er une offrande diff\u00e9rente de tout ce qui existe dans notre collection.\",\"breadcrumb\":{\"@id\":\"https:\/\/dutchhealthstore.com\/fr\/product\/anise-myrtle-essential-oil\/#breadcrumb\"},\"inLanguage\":\"fr-FR\",\"potentialAction\":[{\"@type\":\"ReadAction\",\"target\":[\"https:\/\/dutchhealthstore.com\/fr\/product\/anise-myrtle-essential-oil\/\"]}]},{\"@type\":\"ImageObject\",\"inLanguage\":\"fr-FR\",\"@id\":\"https:\/\/dutchhealthstore.com\/fr\/product\/anise-myrtle-essential-oil\/#primaryimage\",\"url\":\"https:\/\/dutchhealthstore.com\/wp-content\/uploads\/2018\/02\/Anise-Myrtle-Essential-Oil-Living-Libations-1.jpg\",\"contentUrl\":\"https:\/\/dutchhealthstore.com\/wp-content\/uploads\/2018\/02\/Anise-Myrtle-Essential-Oil-Living-Libations-1.jpg\",\"width\":1000,\"height\":1000,\"caption\":\"Anise Myrtle Essential Oil - Living Libations\"},{\"@type\":\"BreadcrumbList\",\"@id\":\"https:\/\/dutchhealthstore.com\/fr\/product\/anise-myrtle-essential-oil\/#breadcrumb\",\"itemListElement\":[{\"@type\":\"ListItem\",\"position\":1,\"name\":\"Home\",\"item\":\"https:\/\/dutchhealthstore.com\/fr\/\"},{\"@type\":\"ListItem\",\"position\":2,\"name\":\"Shop\",\"item\":\"https:\/\/dutchhealthstore.com\/fr\/shop\/\"},{\"@type\":\"ListItem\",\"position\":3,\"name\":\"Anise Myrtle Essential Oil\"}]},{\"@type\":\"WebSite\",\"@id\":\"https:\/\/dutchhealthstore.com\/fr\/#website\",\"url\":\"https:\/\/dutchhealthstore.com\/fr\/\",\"name\":\"Dutch Health Store\",\"description\":\"Enhance Your Beauty with Organic &amp; Natural Skincare\",\"publisher\":{\"@id\":\"https:\/\/dutchhealthstore.com\/fr\/#organization\"},\"potentialAction\":[{\"@type\":\"SearchAction\",\"target\":{\"@type\":\"EntryPoint\",\"urlTemplate\":\"https:\/\/dutchhealthstore.com\/fr\/?s={search_term_string}\"},\"query-input\":{\"@type\":\"PropertyValueSpecification\",\"valueRequired\":true,\"valueName\":\"search_term_string\"}}],\"inLanguage\":\"fr-FR\"},{\"@type\":\"Organization\",\"@id\":\"https:\/\/dutchhealthstore.com\/fr\/#organization\",\"name\":\"Dutch Health Store\",\"url\":\"https:\/\/dutchhealthstore.com\/fr\/\",\"logo\":{\"@type\":\"ImageObject\",\"inLanguage\":\"fr-FR\",\"@id\":\"https:\/\/dutchhealthstore.com\/fr\/#\/schema\/logo\/image\/\",\"url\":\"https:\/\/dutchhealthstore.com\/wp-content\/uploads\/2020\/08\/logo-dutchhealthstore-jpg-e1599484957574.jpg\",\"contentUrl\":\"https:\/\/dutchhealthstore.com\/wp-content\/uploads\/2020\/08\/logo-dutchhealthstore-jpg-e1599484957574.jpg\",\"width\":400,\"height\":62,\"caption\":\"Dutch Health Store\"},\"image\":{\"@id\":\"https:\/\/dutchhealthstore.com\/fr\/#\/schema\/logo\/image\/\"},\"sameAs\":[\"https:\/\/www.instagram.com\/dutchhealthstore\/\",\"https:\/\/www.facebook.com\/dutchhealthstore\"]}]}<\/script>\n<meta property=\"product:brand\" content=\"Living Libations\" \/>\n<meta property=\"og:availability\" content=\"instock\" \/>\n<meta property=\"product:availability\" content=\"instock\" \/>\n<meta property=\"product:condition\" content=\"new\" \/>\n<!-- \/ Yoast SEO Premium plugin. -->","yoast_head_json":{"title":"Anise Myrtle Essential Oil | Living Libations","description":"La renaissance nous attend au pays de l'ombre ! L'anis doux danse avec le myrte magnifique pour cr\u00e9er une offrande diff\u00e9rente de tout ce qui existe dans notre collection.","robots":{"index":"index","follow":"follow","max-snippet":"max-snippet:-1","max-image-preview":"max-image-preview:large","max-video-preview":"max-video-preview:-1"},"canonical":"https:\/\/dutchhealthstore.com\/fr\/product\/anise-myrtle-essential-oil\/","og_locale":"fr_FR","og_type":"article","og_title":"Anise Myrtle Essential Oil - Dutch Health Store","og_description":"La renaissance nous attend au pays de l'ombre ! L'anis doux danse avec le myrte magnifique pour cr\u00e9er une offrande diff\u00e9rente de tout ce qui existe dans notre collection.","og_url":"https:\/\/dutchhealthstore.com\/fr\/product\/anise-myrtle-essential-oil\/","og_site_name":"Dutch Health Store","article_publisher":"https:\/\/www.instagram.com\/dutchhealthstore\/","article_modified_time":"2023-02-02T11:04:37+00:00","og_image":[{"width":1000,"height":1000,"url":"https:\/\/dutchhealthstore.com\/wp-content\/uploads\/2018\/02\/Anise-Myrtle-Essential-Oil-Living-Libations-1.jpg","type":"image\/jpeg"}],"twitter_card":"summary_large_image","twitter_misc":{"Disponibilit\u00e9":"En stock"},"schema":{"@context":"https:\/\/schema.org","@graph":[{"@type":"WebPage","@id":"https:\/\/dutchhealthstore.com\/fr\/product\/anise-myrtle-essential-oil\/","url":"https:\/\/dutchhealthstore.com\/fr\/product\/anise-myrtle-essential-oil\/","name":"Anise Myrtle Essential Oil | Living Libations","isPartOf":{"@id":"https:\/\/dutchhealthstore.com\/fr\/#website"},"primaryImageOfPage":{"@id":"https:\/\/dutchhealthstore.com\/fr\/product\/anise-myrtle-essential-oil\/#primaryimage"},"image":{"@id":"https:\/\/dutchhealthstore.com\/fr\/product\/anise-myrtle-essential-oil\/#primaryimage"},"thumbnailUrl":"https:\/\/dutchhealthstore.com\/wp-content\/uploads\/2018\/02\/Anise-Myrtle-Essential-Oil-Living-Libations-1.jpg","datePublished":"2018-02-10T18:13:01+00:00","dateModified":"2023-02-02T11:04:37+00:00","description":"La renaissance nous attend au pays de l'ombre ! L'anis doux danse avec le myrte magnifique pour cr\u00e9er une offrande diff\u00e9rente de tout ce qui existe dans notre collection.","breadcrumb":{"@id":"https:\/\/dutchhealthstore.com\/fr\/product\/anise-myrtle-essential-oil\/#breadcrumb"},"inLanguage":"fr-FR","potentialAction":[{"@type":"ReadAction","target":["https:\/\/dutchhealthstore.com\/fr\/product\/anise-myrtle-essential-oil\/"]}]},{"@type":"ImageObject","inLanguage":"fr-FR","@id":"https:\/\/dutchhealthstore.com\/fr\/product\/anise-myrtle-essential-oil\/#primaryimage","url":"https:\/\/dutchhealthstore.com\/wp-content\/uploads\/2018\/02\/Anise-Myrtle-Essential-Oil-Living-Libations-1.jpg","contentUrl":"https:\/\/dutchhealthstore.com\/wp-content\/uploads\/2018\/02\/Anise-Myrtle-Essential-Oil-Living-Libations-1.jpg","width":1000,"height":1000,"caption":"Anise Myrtle Essential Oil - Living Libations"},{"@type":"BreadcrumbList","@id":"https:\/\/dutchhealthstore.com\/fr\/product\/anise-myrtle-essential-oil\/#breadcrumb","itemListElement":[{"@type":"ListItem","position":1,"name":"Home","item":"https:\/\/dutchhealthstore.com\/fr\/"},{"@type":"ListItem","position":2,"name":"Shop","item":"https:\/\/dutchhealthstore.com\/fr\/shop\/"},{"@type":"ListItem","position":3,"name":"Anise Myrtle Essential Oil"}]},{"@type":"WebSite","@id":"https:\/\/dutchhealthstore.com\/fr\/#website","url":"https:\/\/dutchhealthstore.com\/fr\/","name":"Dutch Health Store","description":"Enhance Your Beauty with Organic &amp; Natural Skincare","publisher":{"@id":"https:\/\/dutchhealthstore.com\/fr\/#organization"},"potentialAction":[{"@type":"SearchAction","target":{"@type":"EntryPoint","urlTemplate":"https:\/\/dutchhealthstore.com\/fr\/?s={search_term_string}"},"query-input":{"@type":"PropertyValueSpecification","valueRequired":true,"valueName":"search_term_string"}}],"inLanguage":"fr-FR"},{"@type":"Organization","@id":"https:\/\/dutchhealthstore.com\/fr\/#organization","name":"Dutch Health Store","url":"https:\/\/dutchhealthstore.com\/fr\/","logo":{"@type":"ImageObject","inLanguage":"fr-FR","@id":"https:\/\/dutchhealthstore.com\/fr\/#\/schema\/logo\/image\/","url":"https:\/\/dutchhealthstore.com\/wp-content\/uploads\/2020\/08\/logo-dutchhealthstore-jpg-e1599484957574.jpg","contentUrl":"https:\/\/dutchhealthstore.com\/wp-content\/uploads\/2020\/08\/logo-dutchhealthstore-jpg-e1599484957574.jpg","width":400,"height":62,"caption":"Dutch Health Store"},"image":{"@id":"https:\/\/dutchhealthstore.com\/fr\/#\/schema\/logo\/image\/"},"sameAs":["https:\/\/www.instagram.com\/dutchhealthstore\/","https:\/\/www.facebook.com\/dutchhealthstore"]}]},"product_brand":"Living Libations","og_availability":"instock","product_availability":"instock","product_condition":"new"},"_links":{"self":[{"href":"https:\/\/dutchhealthstore.com\/fr\/wp-json\/wp\/v2\/product\/115595","targetHints":{"allow":["GET"]}}],"collection":[{"href":"https:\/\/dutchhealthstore.com\/fr\/wp-json\/wp\/v2\/product"}],"about":[{"href":"https:\/\/dutchhealthstore.com\/fr\/wp-json\/wp\/v2\/types\/product"}],"replies":[{"embeddable":true,"href":"https:\/\/dutchhealthstore.com\/fr\/wp-json\/wp\/v2\/comments?post=115595"}],"wp:featuredmedia":[{"embeddable":true,"href":"https:\/\/dutchhealthstore.com\/fr\/wp-json\/wp\/v2\/media\/55341"}],"wp:attachment":[{"href":"https:\/\/dutchhealthstore.com\/fr\/wp-json\/wp\/v2\/media?parent=115595"}],"wp:term":[{"taxonomy":"product_brand","embeddable":true,"href":"https:\/\/dutchhealthstore.com\/fr\/wp-json\/wp\/v2\/product_brand?post=115595"},{"taxonomy":"product_cat","embeddable":true,"href":"https:\/\/dutchhealthstore.com\/fr\/wp-json\/wp\/v2\/product_cat?post=115595"},{"taxonomy":"product_tag","embeddable":true,"href":"https:\/\/dutchhealthstore.com\/fr\/wp-json\/wp\/v2\/product_tag?post=115595"}],"curies":[{"name":"wp","href":"https:\/\/api.w.org\/{rel}","templated":true}]}}