{"id":115573,"date":"2018-02-10T21:12:56","date_gmt":"2018-02-10T20:12:56","guid":{"rendered":"https:\/\/dutchhealthstore.com\/product\/angelica-root-essential-oil\/"},"modified":"2024-08-27T09:18:24","modified_gmt":"2024-08-27T07:18:24","slug":"angelica-root-essential-oil","status":"publish","type":"product","link":"https:\/\/dutchhealthstore.com\/fr\/product\/angelica-root-essential-oil\/","title":{"rendered":"Angelica Root Essential Oil"},"content":{"rendered":"<p style=\"font-weight: 400;\"><b><strong><img decoding=\"async\" class=\"size-full wp-image-37041 alignright\" src=\"https:\/\/dutchhealthstore.com\/wp-content\/uploads\/2018\/04\/Living_Libations-1.png\" alt=\"Organic &amp; Natural Beautyproducts - Living Libations\" width=\"175\" height=\"82\"><\/strong><\/b><\/p>\n<p style=\"font-weight: 400;\"><strong>Nom botanique<\/strong>: Angelica archangelica<br \/>\n<strong>Famille botanique:<\/strong> Umbelliferae<br \/>\n<strong>M\u00e9thode d&rsquo;extraction<\/strong>: Distillation \u00e0 la vapeur Partie de la plante distill\u00e9e : Racine<br \/>\n<strong>Pays d&rsquo;origine<\/strong>: France<br \/>\n<strong>M\u00e9thode de culture<\/strong>: Organique<br \/>\n<strong>Composition<\/strong>: 100% Ang\u00e9lique archang\u00e9lique<br \/>\n<strong>Consistance<\/strong>: Viscosit\u00e9 fine<\/p>\n<a href=\"https:\/\/dutchhealthstore.com\/wp-content\/uploads\/2019\/04\/ESSENTIAL-OIL-ANALYSIS-Angelica-archangelica-Living-Libations.pdf\" class=\"button primary is-primary is-small\"  >\n\t\t<span>ANALYSE DES HUILES ESSENTIELLES &gt;<\/span>\n\t<\/a>\n\n<h3 style=\"font-weight: 400;\"><strong>Description de l&rsquo;odeur<\/strong><\/h3>\n<p style=\"font-weight: 400;\">Terreux, racinaire, musqu\u00e9 avec un soup\u00e7on de notes de t\u00eate fruit\u00e9es et \u00e9pic\u00e9es.<\/p>\n<h3 style=\"font-weight: 400;\"><strong>Se marie bien avec<\/strong><\/h3>\n<p style=\"font-weight: 400;\">Citrus, Sauge sclar\u00e9e, Santal, V\u00e9tiver, N\u00e9roli, Rose Otto, Petit grain de citron, Rose, Citron, Estragon, Ylang et Immortelle.<\/p>\n<h3 style=\"font-weight: 400;\"><strong>Utilisations<\/strong><\/h3>\n<p style=\"font-weight: 400;\">Renforcer la force int\u00e9rieure. Bains de nettoyage \u00e9motionnel. M\u00e9diations magistrales et respirations purificatrices cristallines. Diffusez pour infuser des \u00e9nergies claires et \u00e9th\u00e9r\u00e9es. Fait fondre le corps dans les massages. Inhalez dans une pipe \u00e0 sel pour une cr\u00e9ativit\u00e9 limpide.<\/p>\n<h3 style=\"font-weight: 400;\"><strong>Contre-indications<\/strong><\/h3>\n<p style=\"font-weight: 400;\">Photosensible (peut provoquer une br\u00fblure de la peau en cas d&rsquo;exposition directe au soleil) ; \u00e0 \u00e9viter si vous \u00eates enceinte.<\/p>\n<p>La mythologie r\u00e9v\u00e8le que l&rsquo;archange Rapha\u00ebl a rendu visite \u00e0 un moine dans un r\u00eave pour lui faire part des vertus de l&rsquo;huile. Cet ar\u00f4me r\u00e9confortant, clarifiant et purifiant, connu sous le nom de \u00ab\u00a0parfum des anges\u00a0\u00bb, est un parfum stimulant qui inspire la confiance et peut aider \u00e0 clarifier les \u00e9motions et \u00e0 soutenir une action d\u00e9cisive \u00e0 partir d&rsquo;un endroit centr\u00e9.<\/p>\n<p>Traditionnellement revitalisante, l&rsquo;ang\u00e9lique a \u00e9t\u00e9 utilis\u00e9e comme herbe culinaire et comme ar\u00f4me dans la m\u00e9ditation pour \u00e9quilibrer les chakras sup\u00e9rieurs. Inhalez ou faites un pschitt pour favoriser le renouvellement du champ \u00e9nerg\u00e9tique aurique.<\/p>\n<p><strong>Taille : 5 ml et 15 ml<\/strong><\/p>\n<h3>Ingr\u00e9dients biologiques<\/h3>\n<p>100% d&rsquo;huile essentielle de racine d&rsquo;ang\u00e9lique (Angelica archangelica).<\/p>\n<p style=\"font-weight: 400; text-align: center;\"><em>\u00ab\u00a0L&rsquo;huile essentielle est utile pour ceux qui ont peur, sont timides, faibles, ou qui manquent de pers\u00e9v\u00e9rance et ont du mal \u00e0 prendre des d\u00e9cisions.<br \/>\nAngelica aide les personnes dont le syst\u00e8me nerveux est perturb\u00e9 et qui ont un besoin urgent de reconstruire leur corps et leur \u00e2me\u00a0\u00bb.<br \/>\n<\/em><b><strong><i><em>~ <\/em><\/i><\/strong><\/b>Suzanne Fischer-Rizzi,<strong><i><em> The Complete Aromatherapy Handbook<\/em><\/i><\/strong><\/p>\n<p style=\"font-weight: 400; text-align: center;\"><i><em>\u00ab\u00a0Les tiges d&rsquo;ang\u00e9lique \u00e9taient m\u00e2ch\u00e9es \u00e0 titre pr\u00e9ventif et les graines et les racines br\u00fbl\u00e9es pour purifier l&rsquo;air.<br \/>\nLe jus jaune des racines \u00e9tait un ingr\u00e9dient de l&rsquo;eau des carm\u00e9lites&#8230;\u00a0\u00bb<br \/>\n<\/em><\/i><b><strong><i><em>~ <\/em><\/i><\/strong><\/b><i><em>Julia Lawless,<\/em><\/i><b><strong><i><em> Aromatherapy and the Mind<\/em><\/i><\/strong><\/b><\/p>\n<p>&nbsp;<\/p>\n<p><img fetchpriority=\"high\" decoding=\"async\" class=\"size-full wp-image-31577 aligncenter\" src=\"https:\/\/dutchhealthstore.com\/wp-content\/uploads\/2018\/03\/organic_big.png\" alt=\"Organic and Natural - Living Libations\" width=\"623\" height=\"103\" srcset=\"https:\/\/dutchhealthstore.com\/wp-content\/uploads\/2018\/03\/organic_big.png 623w, https:\/\/dutchhealthstore.com\/wp-content\/uploads\/2018\/03\/organic_big-510x84.png 510w, https:\/\/dutchhealthstore.com\/wp-content\/uploads\/2018\/03\/organic_big-600x99.png 600w, https:\/\/dutchhealthstore.com\/wp-content\/uploads\/2018\/03\/organic_big-350x58.png 350w\" sizes=\"(max-width: 623px) 100vw, 623px\" \/><\/p>\n","protected":false},"excerpt":{"rendered":"<p>Angelica Root Essential Oil est distill\u00e9e \u00e0 la vapeur en France par une charmante distillerie artisanale de quatri\u00e8me g\u00e9n\u00e9ration. Ce chr\u00eame diaphane apaise l&rsquo;ind\u00e9cision, clarifie la couronne de l&rsquo;esprit et cristallise les \u00e9motions en lucidit\u00e9 avec chaque mol\u00e9cule ang\u00e9lique brumeuse et musqu\u00e9e.<\/p>\n","protected":false},"featured_media":55287,"comment_status":"open","ping_status":"closed","template":"","meta":[],"product_brand":[],"product_cat":[6734,1507,1211,1209,3757,1010,6733],"product_tag":[4495],"class_list":{"0":"post-115573","1":"product","2":"type-product","3":"status-publish","4":"has-post-thumbnail","6":"product_cat-essential-oils","7":"product_cat-plantes-huiles-essentielles-living-libations","8":"product_cat-living-libations-france","9":"product_cat-par-marques","10":"product_cat-plantes-huiles-essentielles","11":"product_cat-notre-boutique","12":"product_cat-wellness-fr-2","13":"product_tag-essential-oil-fr","14":"pa_brand-livinglibations-fr","15":"pa_essential-oils-product-type-essential-oils-fr","16":"pa_size-15-ml-fr","17":"pa_size-5-ml-fr","19":"first","20":"instock","21":"taxable","22":"shipping-taxable","23":"purchasable","24":"product-type-variable"},"bundled_by":[],"bundle_stock_status":"instock","bundle_stock_quantity":null,"bundle_virtual":false,"bundle_layout":"","bundle_add_to_cart_form_location":"","bundle_editable_in_cart":false,"bundle_sold_individually_context":"","bundle_item_grouping":"","bundle_min_size":"","bundle_max_size":"","bundle_price":[],"bundled_items":[],"bundle_sell_ids":[],"atum_controlled":true,"out_stock_date":null,"out_stock_threshold":null,"inheritable":true,"stock_on_hold":0,"sold_today":0,"sales_last_days":0,"out_stock_days":0,"lost_sales":0,"update_date":"2026-04-18T00:06:22","atum_locations":[],"atum_stock_status":"instock","restock_status":false,"low_stock_amount":"","sales_update_date":"2026-04-18T00:06:22","calc_backorders":null,"group_of_quantity":0,"min_quantity":0,"max_quantity":"","exclude_order_quantity_value_rules":"no","exclude_category_quantity_rules":"no","combine_variations":"no","yoast_head":"<!-- This site is optimized with the Yoast SEO Premium plugin v26.5 (Yoast SEO v26.5) - https:\/\/yoast.com\/wordpress\/plugins\/seo\/ -->\n<title>Angelica Root Essential Oil | Living Libations<\/title>\n<meta name=\"description\" content=\"Notre Angelica Root essential oil biologique, Angelica archangelica, est distill\u00e9e \u00e0 la vapeur en France par une distillerie artisanale de quatri\u00e8me g\u00e9n\u00e9ration.\" \/>\n<meta name=\"robots\" content=\"index, follow, max-snippet:-1, max-image-preview:large, max-video-preview:-1\" \/>\n<link rel=\"canonical\" href=\"https:\/\/dutchhealthstore.com\/fr\/product\/angelica-root-essential-oil\/\" \/>\n<meta property=\"og:locale\" content=\"fr_FR\" \/>\n<meta property=\"og:type\" content=\"article\" \/>\n<meta property=\"og:title\" content=\"Angelica Root Essential Oil - Dutch Health Store\" \/>\n<meta property=\"og:description\" content=\"Notre Angelica Root essential oil biologique, Angelica archangelica, est distill\u00e9e \u00e0 la vapeur en France par une distillerie artisanale de quatri\u00e8me g\u00e9n\u00e9ration.\" \/>\n<meta property=\"og:url\" content=\"https:\/\/dutchhealthstore.com\/fr\/product\/angelica-root-essential-oil\/\" \/>\n<meta property=\"og:site_name\" content=\"Dutch Health Store\" \/>\n<meta property=\"article:publisher\" content=\"https:\/\/www.instagram.com\/dutchhealthstore\/\" \/>\n<meta property=\"article:modified_time\" content=\"2024-08-27T07:18:24+00:00\" \/>\n<meta property=\"og:image\" content=\"https:\/\/dutchhealthstore.com\/wp-content\/uploads\/2018\/02\/Angelica-Root-Essential-Oil-Living-Libations-1.jpg\" \/>\n\t<meta property=\"og:image:width\" content=\"1200\" \/>\n\t<meta property=\"og:image:height\" content=\"1200\" \/>\n\t<meta property=\"og:image:type\" content=\"image\/jpeg\" \/>\n<meta name=\"twitter:card\" content=\"summary_large_image\" \/>\n<meta name=\"twitter:label1\" content=\"Disponibilit\u00e9\" \/>\n\t<meta name=\"twitter:data1\" content=\"En stock\" \/>\n<script type=\"application\/ld+json\" class=\"yoast-schema-graph\">{\"@context\":\"https:\/\/schema.org\",\"@graph\":[{\"@type\":\"WebPage\",\"@id\":\"https:\/\/dutchhealthstore.com\/fr\/product\/angelica-root-essential-oil\/\",\"url\":\"https:\/\/dutchhealthstore.com\/fr\/product\/angelica-root-essential-oil\/\",\"name\":\"Angelica Root Essential Oil | Living Libations\",\"isPartOf\":{\"@id\":\"https:\/\/dutchhealthstore.com\/fr\/#website\"},\"primaryImageOfPage\":{\"@id\":\"https:\/\/dutchhealthstore.com\/fr\/product\/angelica-root-essential-oil\/#primaryimage\"},\"image\":{\"@id\":\"https:\/\/dutchhealthstore.com\/fr\/product\/angelica-root-essential-oil\/#primaryimage\"},\"thumbnailUrl\":\"https:\/\/dutchhealthstore.com\/wp-content\/uploads\/2018\/02\/Angelica-Root-Essential-Oil-Living-Libations-1.jpg\",\"datePublished\":\"2018-02-10T20:12:56+00:00\",\"dateModified\":\"2024-08-27T07:18:24+00:00\",\"description\":\"Notre Angelica Root essential oil biologique, Angelica archangelica, est distill\u00e9e \u00e0 la vapeur en France par une distillerie artisanale de quatri\u00e8me g\u00e9n\u00e9ration.\",\"breadcrumb\":{\"@id\":\"https:\/\/dutchhealthstore.com\/fr\/product\/angelica-root-essential-oil\/#breadcrumb\"},\"inLanguage\":\"fr-FR\",\"potentialAction\":[{\"@type\":\"ReadAction\",\"target\":[\"https:\/\/dutchhealthstore.com\/fr\/product\/angelica-root-essential-oil\/\"]}]},{\"@type\":\"ImageObject\",\"inLanguage\":\"fr-FR\",\"@id\":\"https:\/\/dutchhealthstore.com\/fr\/product\/angelica-root-essential-oil\/#primaryimage\",\"url\":\"https:\/\/dutchhealthstore.com\/wp-content\/uploads\/2018\/02\/Angelica-Root-Essential-Oil-Living-Libations-1.jpg\",\"contentUrl\":\"https:\/\/dutchhealthstore.com\/wp-content\/uploads\/2018\/02\/Angelica-Root-Essential-Oil-Living-Libations-1.jpg\",\"width\":1200,\"height\":1200,\"caption\":\"Angelica Root Essential Oil - Living Libations\"},{\"@type\":\"BreadcrumbList\",\"@id\":\"https:\/\/dutchhealthstore.com\/fr\/product\/angelica-root-essential-oil\/#breadcrumb\",\"itemListElement\":[{\"@type\":\"ListItem\",\"position\":1,\"name\":\"Home\",\"item\":\"https:\/\/dutchhealthstore.com\/fr\/\"},{\"@type\":\"ListItem\",\"position\":2,\"name\":\"Shop\",\"item\":\"https:\/\/dutchhealthstore.com\/fr\/shop\/\"},{\"@type\":\"ListItem\",\"position\":3,\"name\":\"Angelica Root Essential Oil\"}]},{\"@type\":\"WebSite\",\"@id\":\"https:\/\/dutchhealthstore.com\/fr\/#website\",\"url\":\"https:\/\/dutchhealthstore.com\/fr\/\",\"name\":\"Dutch Health Store\",\"description\":\"Enhance Your Beauty with Organic &amp; Natural Skincare\",\"publisher\":{\"@id\":\"https:\/\/dutchhealthstore.com\/fr\/#organization\"},\"potentialAction\":[{\"@type\":\"SearchAction\",\"target\":{\"@type\":\"EntryPoint\",\"urlTemplate\":\"https:\/\/dutchhealthstore.com\/fr\/?s={search_term_string}\"},\"query-input\":{\"@type\":\"PropertyValueSpecification\",\"valueRequired\":true,\"valueName\":\"search_term_string\"}}],\"inLanguage\":\"fr-FR\"},{\"@type\":\"Organization\",\"@id\":\"https:\/\/dutchhealthstore.com\/fr\/#organization\",\"name\":\"Dutch Health Store\",\"url\":\"https:\/\/dutchhealthstore.com\/fr\/\",\"logo\":{\"@type\":\"ImageObject\",\"inLanguage\":\"fr-FR\",\"@id\":\"https:\/\/dutchhealthstore.com\/fr\/#\/schema\/logo\/image\/\",\"url\":\"https:\/\/dutchhealthstore.com\/wp-content\/uploads\/2020\/08\/logo-dutchhealthstore-jpg-e1599484957574.jpg\",\"contentUrl\":\"https:\/\/dutchhealthstore.com\/wp-content\/uploads\/2020\/08\/logo-dutchhealthstore-jpg-e1599484957574.jpg\",\"width\":400,\"height\":62,\"caption\":\"Dutch Health Store\"},\"image\":{\"@id\":\"https:\/\/dutchhealthstore.com\/fr\/#\/schema\/logo\/image\/\"},\"sameAs\":[\"https:\/\/www.instagram.com\/dutchhealthstore\/\",\"https:\/\/www.facebook.com\/dutchhealthstore\"]}]}<\/script>\n<meta property=\"product:brand\" content=\"Living Libations\" \/>\n<meta property=\"og:availability\" content=\"instock\" \/>\n<meta property=\"product:availability\" content=\"instock\" \/>\n<meta property=\"product:condition\" content=\"new\" \/>\n<!-- \/ Yoast SEO Premium plugin. -->","yoast_head_json":{"title":"Angelica Root Essential Oil | Living Libations","description":"Notre Angelica Root essential oil biologique, Angelica archangelica, est distill\u00e9e \u00e0 la vapeur en France par une distillerie artisanale de quatri\u00e8me g\u00e9n\u00e9ration.","robots":{"index":"index","follow":"follow","max-snippet":"max-snippet:-1","max-image-preview":"max-image-preview:large","max-video-preview":"max-video-preview:-1"},"canonical":"https:\/\/dutchhealthstore.com\/fr\/product\/angelica-root-essential-oil\/","og_locale":"fr_FR","og_type":"article","og_title":"Angelica Root Essential Oil - Dutch Health Store","og_description":"Notre Angelica Root essential oil biologique, Angelica archangelica, est distill\u00e9e \u00e0 la vapeur en France par une distillerie artisanale de quatri\u00e8me g\u00e9n\u00e9ration.","og_url":"https:\/\/dutchhealthstore.com\/fr\/product\/angelica-root-essential-oil\/","og_site_name":"Dutch Health Store","article_publisher":"https:\/\/www.instagram.com\/dutchhealthstore\/","article_modified_time":"2024-08-27T07:18:24+00:00","og_image":[{"width":1200,"height":1200,"url":"https:\/\/dutchhealthstore.com\/wp-content\/uploads\/2018\/02\/Angelica-Root-Essential-Oil-Living-Libations-1.jpg","type":"image\/jpeg"}],"twitter_card":"summary_large_image","twitter_misc":{"Disponibilit\u00e9":"En stock"},"schema":{"@context":"https:\/\/schema.org","@graph":[{"@type":"WebPage","@id":"https:\/\/dutchhealthstore.com\/fr\/product\/angelica-root-essential-oil\/","url":"https:\/\/dutchhealthstore.com\/fr\/product\/angelica-root-essential-oil\/","name":"Angelica Root Essential Oil | Living Libations","isPartOf":{"@id":"https:\/\/dutchhealthstore.com\/fr\/#website"},"primaryImageOfPage":{"@id":"https:\/\/dutchhealthstore.com\/fr\/product\/angelica-root-essential-oil\/#primaryimage"},"image":{"@id":"https:\/\/dutchhealthstore.com\/fr\/product\/angelica-root-essential-oil\/#primaryimage"},"thumbnailUrl":"https:\/\/dutchhealthstore.com\/wp-content\/uploads\/2018\/02\/Angelica-Root-Essential-Oil-Living-Libations-1.jpg","datePublished":"2018-02-10T20:12:56+00:00","dateModified":"2024-08-27T07:18:24+00:00","description":"Notre Angelica Root essential oil biologique, Angelica archangelica, est distill\u00e9e \u00e0 la vapeur en France par une distillerie artisanale de quatri\u00e8me g\u00e9n\u00e9ration.","breadcrumb":{"@id":"https:\/\/dutchhealthstore.com\/fr\/product\/angelica-root-essential-oil\/#breadcrumb"},"inLanguage":"fr-FR","potentialAction":[{"@type":"ReadAction","target":["https:\/\/dutchhealthstore.com\/fr\/product\/angelica-root-essential-oil\/"]}]},{"@type":"ImageObject","inLanguage":"fr-FR","@id":"https:\/\/dutchhealthstore.com\/fr\/product\/angelica-root-essential-oil\/#primaryimage","url":"https:\/\/dutchhealthstore.com\/wp-content\/uploads\/2018\/02\/Angelica-Root-Essential-Oil-Living-Libations-1.jpg","contentUrl":"https:\/\/dutchhealthstore.com\/wp-content\/uploads\/2018\/02\/Angelica-Root-Essential-Oil-Living-Libations-1.jpg","width":1200,"height":1200,"caption":"Angelica Root Essential Oil - Living Libations"},{"@type":"BreadcrumbList","@id":"https:\/\/dutchhealthstore.com\/fr\/product\/angelica-root-essential-oil\/#breadcrumb","itemListElement":[{"@type":"ListItem","position":1,"name":"Home","item":"https:\/\/dutchhealthstore.com\/fr\/"},{"@type":"ListItem","position":2,"name":"Shop","item":"https:\/\/dutchhealthstore.com\/fr\/shop\/"},{"@type":"ListItem","position":3,"name":"Angelica Root Essential Oil"}]},{"@type":"WebSite","@id":"https:\/\/dutchhealthstore.com\/fr\/#website","url":"https:\/\/dutchhealthstore.com\/fr\/","name":"Dutch Health Store","description":"Enhance Your Beauty with Organic &amp; Natural Skincare","publisher":{"@id":"https:\/\/dutchhealthstore.com\/fr\/#organization"},"potentialAction":[{"@type":"SearchAction","target":{"@type":"EntryPoint","urlTemplate":"https:\/\/dutchhealthstore.com\/fr\/?s={search_term_string}"},"query-input":{"@type":"PropertyValueSpecification","valueRequired":true,"valueName":"search_term_string"}}],"inLanguage":"fr-FR"},{"@type":"Organization","@id":"https:\/\/dutchhealthstore.com\/fr\/#organization","name":"Dutch Health Store","url":"https:\/\/dutchhealthstore.com\/fr\/","logo":{"@type":"ImageObject","inLanguage":"fr-FR","@id":"https:\/\/dutchhealthstore.com\/fr\/#\/schema\/logo\/image\/","url":"https:\/\/dutchhealthstore.com\/wp-content\/uploads\/2020\/08\/logo-dutchhealthstore-jpg-e1599484957574.jpg","contentUrl":"https:\/\/dutchhealthstore.com\/wp-content\/uploads\/2020\/08\/logo-dutchhealthstore-jpg-e1599484957574.jpg","width":400,"height":62,"caption":"Dutch Health Store"},"image":{"@id":"https:\/\/dutchhealthstore.com\/fr\/#\/schema\/logo\/image\/"},"sameAs":["https:\/\/www.instagram.com\/dutchhealthstore\/","https:\/\/www.facebook.com\/dutchhealthstore"]}]},"product_brand":"Living Libations","og_availability":"instock","product_availability":"instock","product_condition":"new"},"_links":{"self":[{"href":"https:\/\/dutchhealthstore.com\/fr\/wp-json\/wp\/v2\/product\/115573","targetHints":{"allow":["GET"]}}],"collection":[{"href":"https:\/\/dutchhealthstore.com\/fr\/wp-json\/wp\/v2\/product"}],"about":[{"href":"https:\/\/dutchhealthstore.com\/fr\/wp-json\/wp\/v2\/types\/product"}],"replies":[{"embeddable":true,"href":"https:\/\/dutchhealthstore.com\/fr\/wp-json\/wp\/v2\/comments?post=115573"}],"wp:featuredmedia":[{"embeddable":true,"href":"https:\/\/dutchhealthstore.com\/fr\/wp-json\/wp\/v2\/media\/55287"}],"wp:attachment":[{"href":"https:\/\/dutchhealthstore.com\/fr\/wp-json\/wp\/v2\/media?parent=115573"}],"wp:term":[{"taxonomy":"product_brand","embeddable":true,"href":"https:\/\/dutchhealthstore.com\/fr\/wp-json\/wp\/v2\/product_brand?post=115573"},{"taxonomy":"product_cat","embeddable":true,"href":"https:\/\/dutchhealthstore.com\/fr\/wp-json\/wp\/v2\/product_cat?post=115573"},{"taxonomy":"product_tag","embeddable":true,"href":"https:\/\/dutchhealthstore.com\/fr\/wp-json\/wp\/v2\/product_tag?post=115573"}],"curies":[{"name":"wp","href":"https:\/\/api.w.org\/{rel}","templated":true}]}}