{"id":115245,"date":"2018-06-15T08:55:37","date_gmt":"2018-06-15T08:55:37","guid":{"rendered":"https:\/\/dutchhealthstore.com\/product\/jasmine-julep-floral-fantasia-elixir\/"},"modified":"2026-03-03T14:12:05","modified_gmt":"2026-03-03T13:12:05","slug":"jasmine-julep-floral-fantasia-elixir","status":"publish","type":"product","link":"https:\/\/dutchhealthstore.com\/fr\/product\/jasmine-julep-floral-fantasia-elixir\/","title":{"rendered":"Jasmine Julep &#8211; Floral Fantasia Elixir"},"content":{"rendered":"<p><img decoding=\"async\" class=\"size-full wp-image-37041 alignright\" src=\"https:\/\/dutchhealthstore.com\/wp-content\/uploads\/2018\/04\/Living_Libations-1.png\" alt=\"Organic &amp; Natural Beautyproducts - Living Libations\" width=\"175\" height=\"82\">Sentez-vous jubilatoire en inhalant <b><strong>Jasmine Julep\u2019s<\/strong><\/b> un joyeux nectar floral. Faites entrer le printemps dans votre vie et l&rsquo;euphorie dans votre c\u0153ur avec ce bouquet de Jasmin Sambac, Ylang, Orange sanguine et Bergamote. Oignez vos poignets, ornez vos cheveux, diffusez cette ambroisie ambiante, ou baignez dans la beaut\u00e9 de cet \u00e9lixir de fantaisie florale.<\/p>\n<h3 style=\"font-weight: 400;\">Comment utiliser<\/h3>\n<p style=\"font-weight: 400;\">Pour parfumer votre corps de joie, appliquez une goutte pure sur vos poignets ou aux points de pulsation ou ajoutez une ou deux gouttes \u00e0 un bain chaud. Ajoutez une goutte \u00e0 un peigne en bois pour ajouter une couronne de fleurs \u00e0 vos cheveux. Faites entrer le printemps \u00e0 l&rsquo;int\u00e9rieur en ajoutant quelques gouttes dans un diffuseur.<\/p>\n<h3 class=\"yikes-custom-woo-tab-title yikes-custom-woo-tab-title-natural-organic-ingredients\">Ingr\u00e9dients Naturels\/Biologiques<\/h3>\n<p><b><strong>Jasmin absolu <\/strong><\/b>(<i><em>Jasminum sambac<\/em><\/i>)<b><strong> &#8211; <\/strong><\/b>Juicy Jasmine est fabriqu\u00e9 \u00e0 l&rsquo;\u00e9tat sauvage en Inde, puis\u00e9 dans les profondeurs parfum\u00e9es des fleurs de Jasmin Sambac \u00e0 floraison nocturne. Contrairement \u00e0 <i><em>jasmin grandiflorum<\/em><\/i>qui ouvre ses p\u00e9tales \u00e0 l&rsquo;aube, le Jasmin Sambac communie avec le myst\u00e8re de la lune et des \u00e9toiles, capturant l&rsquo;essence parfum\u00e9e des nuits chaudes sans fin.<\/p>\n<p><b><strong>Bergamote <\/strong><\/b><b><strong> huile essentielle <\/strong><\/b>(<i><em>Citrus bergamia<\/em><\/i>) <b><strong>&#8211;<\/strong><\/b><b><strong><\/strong> La bergamote bienveillante est distill\u00e9e \u00e0 partir de la d\u00e9licate \u00e9corce d&rsquo;agrumes presque m\u00fbrs provenant de fruits cultiv\u00e9s sous le soleil hivernal de l&rsquo;Italie.<\/b> Dot\u00e9e de tous les bienfaits des agrumes combin\u00e9s aux citrons et aux oranges, l&rsquo;huile de bergamote est cultiv\u00e9e pour ses bienfaits sur la peau et pour son parfum frais-foug\u00e8re, d&rsquo;agrumes ensoleill\u00e9s, presque floral, semblable au freesia.<\/p>\n<p><b><strong>Orange sanguine<\/strong><\/b> <b><strong> huile essentielle <\/strong><\/b><em>(Citrus sinensis) &#8211; <\/em>L&rsquo;ar\u00f4me d&rsquo;agrumes ensoleill\u00e9 de l&rsquo;orange sanguine harmonise les sentiments \u00e9puis\u00e9s et efface les soucis. Inspirez la joie et expirez la gratitude.<\/p>\n<p><b><strong>Ylang <\/strong><\/b><b><strong>Essentiel<\/strong><\/b> <b><strong>huile <\/strong><\/b>(<i><em>Cananga odorata<\/em><\/i>) &#8211; L&rsquo;Ylang Euphorique est une essence amoureuse dont le nom se traduit par \u00ab\u00a0Fleur des Fleurs\u00a0\u00bb. Pendant que les autres dorment, ces fleurs envo\u00fbtantes exhalent leur parfum exotique \u00e0 travers les brises tropicales. La douce et sulfureuse Ylang inspire les sens en dissipant la n\u00e9gativit\u00e9 avec ses p\u00e9tales de positivit\u00e9 parfum\u00e9e.<\/p>\n<p><img fetchpriority=\"high\" decoding=\"async\" class=\"aligncenter size-full wp-image-31577\" src=\"https:\/\/dutchhealthstore.com\/wp-content\/uploads\/2018\/03\/organic_big.png\" alt=\"Organic and Natural - Living Libations\" width=\"623\" height=\"103\" srcset=\"https:\/\/dutchhealthstore.com\/wp-content\/uploads\/2018\/03\/organic_big.png 623w, https:\/\/dutchhealthstore.com\/wp-content\/uploads\/2018\/03\/organic_big-510x84.png 510w, https:\/\/dutchhealthstore.com\/wp-content\/uploads\/2018\/03\/organic_big-600x99.png 600w, https:\/\/dutchhealthstore.com\/wp-content\/uploads\/2018\/03\/organic_big-350x58.png 350w\" sizes=\"(max-width: 623px) 100vw, 623px\" \/><\/p>\n","protected":false},"excerpt":{"rendered":"<p>Sentez-vous jubilatoire en inhalant <b><strong>Jasmine Julep\u2019s<\/strong><\/b> un joyeux nectar floral. Faites entrer le printemps dans votre vie et l&rsquo;euphorie dans votre c\u0153ur avec ce bouquet de Jasmin Sambac, Ylang, Orange sanguine et Bergamote. Oignez vos poignets, ornez vos cheveux, diffusez cette ambroisie ambiante, ou baignez dans la beaut\u00e9 de cet \u00e9lixir de fantaisie florale.<\/p>\n","protected":false},"featured_media":115247,"comment_status":"open","ping_status":"closed","template":"","meta":[],"product_brand":[],"product_cat":[6734,1211,3756,6746,1209,1010,6733],"product_tag":[6440,6441],"class_list":{"0":"post-115245","1":"product","2":"type-product","3":"status-publish","4":"has-post-thumbnail","6":"product_cat-essential-oils","7":"product_cat-living-libations-france","8":"product_cat-melanges","9":"product_cat-essential-oil-blends-fr-2","10":"product_cat-par-marques","11":"product_cat-notre-boutique","12":"product_cat-wellness-fr-2","13":"product_tag-aircare-fr","14":"product_tag-blends-fr","15":"pa_brand-livinglibations-fr","16":"pa_essential-oils-product-type-essential-oil-blends-fr","17":"pa_size-15-ml-fr","18":"pa_size-30-ml-3-fr","19":"pa_size-5-ml-fr","21":"first","22":"instock","23":"taxable","24":"shipping-taxable","25":"purchasable","26":"product-type-variable"},"bundled_by":[],"bundle_stock_status":"instock","bundle_stock_quantity":null,"bundle_virtual":false,"bundle_layout":"","bundle_add_to_cart_form_location":"","bundle_editable_in_cart":false,"bundle_sold_individually_context":"","bundle_item_grouping":"","bundle_min_size":"","bundle_max_size":"","bundle_price":[],"bundled_items":[],"bundle_sell_ids":[247690],"atum_controlled":true,"out_stock_date":null,"out_stock_threshold":null,"inheritable":true,"stock_on_hold":0,"sold_today":0,"sales_last_days":0,"out_stock_days":0,"lost_sales":0,"update_date":"2026-04-09T07:47:51","atum_locations":[],"atum_stock_status":"instock","restock_status":false,"low_stock_amount":"","sales_update_date":"2026-04-09T07:47:51","calc_backorders":null,"group_of_quantity":0,"min_quantity":0,"max_quantity":"","exclude_order_quantity_value_rules":"no","exclude_category_quantity_rules":"no","combine_variations":"no","yoast_head":"<!-- This site is optimized with the Yoast SEO Premium plugin v26.5 (Yoast SEO v26.5) - https:\/\/yoast.com\/wordpress\/plugins\/seo\/ -->\n<title>Jasmine Julep Floral Fantasia Elixir | Living Libations<\/title>\n<meta name=\"description\" content=\"Sentez-vous jubilatoire en inhalant le joyeux nectar floral de Jasmine Julep. Faites entrer le printemps dans votre vie et l&#039;euphorie dans votre c\u0153ur avec ce bouquet de Jasmin Sambac, Ylang, Orange sanguine et Bergamote.\" \/>\n<meta name=\"robots\" content=\"index, follow, max-snippet:-1, max-image-preview:large, max-video-preview:-1\" \/>\n<link rel=\"canonical\" href=\"https:\/\/dutchhealthstore.com\/fr\/product\/jasmine-julep-floral-fantasia-elixir\/\" \/>\n<meta property=\"og:locale\" content=\"fr_FR\" \/>\n<meta property=\"og:type\" content=\"article\" \/>\n<meta property=\"og:title\" content=\"Jasmine Julep - Floral Fantasia Elixir - Dutch Health Store\" \/>\n<meta property=\"og:description\" content=\"Sentez-vous jubilatoire en inhalant le joyeux nectar floral de Jasmine Julep. Faites entrer le printemps dans votre vie et l&#039;euphorie dans votre c\u0153ur avec ce bouquet de Jasmin Sambac, Ylang, Orange sanguine et Bergamote.\" \/>\n<meta property=\"og:url\" content=\"https:\/\/dutchhealthstore.com\/fr\/product\/jasmine-julep-floral-fantasia-elixir\/\" \/>\n<meta property=\"og:site_name\" content=\"Dutch Health Store\" \/>\n<meta property=\"article:publisher\" content=\"https:\/\/www.instagram.com\/dutchhealthstore\/\" \/>\n<meta property=\"article:modified_time\" content=\"2026-03-03T13:12:05+00:00\" \/>\n<meta property=\"og:image\" content=\"https:\/\/dutchhealthstore.com\/wp-content\/uploads\/2018\/06\/Living-Libations-Jasmine-Julep-Floral-Fantasia-Elixir.jpg\" \/>\n\t<meta property=\"og:image:width\" content=\"510\" \/>\n\t<meta property=\"og:image:height\" content=\"600\" \/>\n\t<meta property=\"og:image:type\" content=\"image\/jpeg\" \/>\n<meta name=\"twitter:card\" content=\"summary_large_image\" \/>\n<meta name=\"twitter:label1\" content=\"Disponibilit\u00e9\" \/>\n\t<meta name=\"twitter:data1\" content=\"En stock\" \/>\n<script type=\"application\/ld+json\" class=\"yoast-schema-graph\">{\"@context\":\"https:\/\/schema.org\",\"@graph\":[{\"@type\":\"WebPage\",\"@id\":\"https:\/\/dutchhealthstore.com\/fr\/product\/jasmine-julep-floral-fantasia-elixir\/\",\"url\":\"https:\/\/dutchhealthstore.com\/fr\/product\/jasmine-julep-floral-fantasia-elixir\/\",\"name\":\"Jasmine Julep Floral Fantasia Elixir | Living Libations\",\"isPartOf\":{\"@id\":\"https:\/\/dutchhealthstore.com\/fr\/#website\"},\"primaryImageOfPage\":{\"@id\":\"https:\/\/dutchhealthstore.com\/fr\/product\/jasmine-julep-floral-fantasia-elixir\/#primaryimage\"},\"image\":{\"@id\":\"https:\/\/dutchhealthstore.com\/fr\/product\/jasmine-julep-floral-fantasia-elixir\/#primaryimage\"},\"thumbnailUrl\":\"https:\/\/dutchhealthstore.com\/wp-content\/uploads\/2018\/06\/Living-Libations-Jasmine-Julep-Floral-Fantasia-Elixir-001.jpg\",\"datePublished\":\"2018-06-15T08:55:37+00:00\",\"dateModified\":\"2026-03-03T13:12:05+00:00\",\"description\":\"Sentez-vous jubilatoire en inhalant le joyeux nectar floral de Jasmine Julep. Faites entrer le printemps dans votre vie et l'euphorie dans votre c\u0153ur avec ce bouquet de Jasmin Sambac, Ylang, Orange sanguine et Bergamote.\",\"breadcrumb\":{\"@id\":\"https:\/\/dutchhealthstore.com\/fr\/product\/jasmine-julep-floral-fantasia-elixir\/#breadcrumb\"},\"inLanguage\":\"fr-FR\",\"potentialAction\":[{\"@type\":\"ReadAction\",\"target\":[\"https:\/\/dutchhealthstore.com\/fr\/product\/jasmine-julep-floral-fantasia-elixir\/\"]}]},{\"@type\":\"ImageObject\",\"inLanguage\":\"fr-FR\",\"@id\":\"https:\/\/dutchhealthstore.com\/fr\/product\/jasmine-julep-floral-fantasia-elixir\/#primaryimage\",\"url\":\"https:\/\/dutchhealthstore.com\/wp-content\/uploads\/2018\/06\/Living-Libations-Jasmine-Julep-Floral-Fantasia-Elixir-001.jpg\",\"contentUrl\":\"https:\/\/dutchhealthstore.com\/wp-content\/uploads\/2018\/06\/Living-Libations-Jasmine-Julep-Floral-Fantasia-Elixir-001.jpg\",\"width\":510,\"height\":600,\"caption\":\"Living Libations - Jasmine Julep - Floral Fantasia Elixir\"},{\"@type\":\"BreadcrumbList\",\"@id\":\"https:\/\/dutchhealthstore.com\/fr\/product\/jasmine-julep-floral-fantasia-elixir\/#breadcrumb\",\"itemListElement\":[{\"@type\":\"ListItem\",\"position\":1,\"name\":\"Home\",\"item\":\"https:\/\/dutchhealthstore.com\/fr\/\"},{\"@type\":\"ListItem\",\"position\":2,\"name\":\"Shop\",\"item\":\"https:\/\/dutchhealthstore.com\/fr\/shop\/\"},{\"@type\":\"ListItem\",\"position\":3,\"name\":\"Jasmine Julep &#8211; Floral Fantasia Elixir\"}]},{\"@type\":\"WebSite\",\"@id\":\"https:\/\/dutchhealthstore.com\/fr\/#website\",\"url\":\"https:\/\/dutchhealthstore.com\/fr\/\",\"name\":\"Dutch Health Store\",\"description\":\"Enhance Your Beauty with Organic &amp; Natural Skincare\",\"publisher\":{\"@id\":\"https:\/\/dutchhealthstore.com\/fr\/#organization\"},\"potentialAction\":[{\"@type\":\"SearchAction\",\"target\":{\"@type\":\"EntryPoint\",\"urlTemplate\":\"https:\/\/dutchhealthstore.com\/fr\/?s={search_term_string}\"},\"query-input\":{\"@type\":\"PropertyValueSpecification\",\"valueRequired\":true,\"valueName\":\"search_term_string\"}}],\"inLanguage\":\"fr-FR\"},{\"@type\":\"Organization\",\"@id\":\"https:\/\/dutchhealthstore.com\/fr\/#organization\",\"name\":\"Dutch Health Store\",\"url\":\"https:\/\/dutchhealthstore.com\/fr\/\",\"logo\":{\"@type\":\"ImageObject\",\"inLanguage\":\"fr-FR\",\"@id\":\"https:\/\/dutchhealthstore.com\/fr\/#\/schema\/logo\/image\/\",\"url\":\"https:\/\/dutchhealthstore.com\/wp-content\/uploads\/2020\/08\/logo-dutchhealthstore-jpg-e1599484957574.jpg\",\"contentUrl\":\"https:\/\/dutchhealthstore.com\/wp-content\/uploads\/2020\/08\/logo-dutchhealthstore-jpg-e1599484957574.jpg\",\"width\":400,\"height\":62,\"caption\":\"Dutch Health Store\"},\"image\":{\"@id\":\"https:\/\/dutchhealthstore.com\/fr\/#\/schema\/logo\/image\/\"},\"sameAs\":[\"https:\/\/www.instagram.com\/dutchhealthstore\/\",\"https:\/\/www.facebook.com\/dutchhealthstore\"]}]}<\/script>\n<meta property=\"product:brand\" content=\"Living Libations\" \/>\n<meta property=\"og:availability\" content=\"instock\" \/>\n<meta property=\"product:availability\" content=\"instock\" \/>\n<meta property=\"product:condition\" content=\"new\" \/>\n<!-- \/ Yoast SEO Premium plugin. -->","yoast_head_json":{"title":"Jasmine Julep Floral Fantasia Elixir | Living Libations","description":"Sentez-vous jubilatoire en inhalant le joyeux nectar floral de Jasmine Julep. Faites entrer le printemps dans votre vie et l'euphorie dans votre c\u0153ur avec ce bouquet de Jasmin Sambac, Ylang, Orange sanguine et Bergamote.","robots":{"index":"index","follow":"follow","max-snippet":"max-snippet:-1","max-image-preview":"max-image-preview:large","max-video-preview":"max-video-preview:-1"},"canonical":"https:\/\/dutchhealthstore.com\/fr\/product\/jasmine-julep-floral-fantasia-elixir\/","og_locale":"fr_FR","og_type":"article","og_title":"Jasmine Julep - Floral Fantasia Elixir - Dutch Health Store","og_description":"Sentez-vous jubilatoire en inhalant le joyeux nectar floral de Jasmine Julep. Faites entrer le printemps dans votre vie et l'euphorie dans votre c\u0153ur avec ce bouquet de Jasmin Sambac, Ylang, Orange sanguine et Bergamote.","og_url":"https:\/\/dutchhealthstore.com\/fr\/product\/jasmine-julep-floral-fantasia-elixir\/","og_site_name":"Dutch Health Store","article_publisher":"https:\/\/www.instagram.com\/dutchhealthstore\/","article_modified_time":"2026-03-03T13:12:05+00:00","og_image":[{"width":510,"height":600,"url":"https:\/\/dutchhealthstore.com\/wp-content\/uploads\/2018\/06\/Living-Libations-Jasmine-Julep-Floral-Fantasia-Elixir.jpg","type":"image\/jpeg"}],"twitter_card":"summary_large_image","twitter_misc":{"Disponibilit\u00e9":"En stock"},"schema":{"@context":"https:\/\/schema.org","@graph":[{"@type":"WebPage","@id":"https:\/\/dutchhealthstore.com\/fr\/product\/jasmine-julep-floral-fantasia-elixir\/","url":"https:\/\/dutchhealthstore.com\/fr\/product\/jasmine-julep-floral-fantasia-elixir\/","name":"Jasmine Julep Floral Fantasia Elixir | Living Libations","isPartOf":{"@id":"https:\/\/dutchhealthstore.com\/fr\/#website"},"primaryImageOfPage":{"@id":"https:\/\/dutchhealthstore.com\/fr\/product\/jasmine-julep-floral-fantasia-elixir\/#primaryimage"},"image":{"@id":"https:\/\/dutchhealthstore.com\/fr\/product\/jasmine-julep-floral-fantasia-elixir\/#primaryimage"},"thumbnailUrl":"https:\/\/dutchhealthstore.com\/wp-content\/uploads\/2018\/06\/Living-Libations-Jasmine-Julep-Floral-Fantasia-Elixir-001.jpg","datePublished":"2018-06-15T08:55:37+00:00","dateModified":"2026-03-03T13:12:05+00:00","description":"Sentez-vous jubilatoire en inhalant le joyeux nectar floral de Jasmine Julep. Faites entrer le printemps dans votre vie et l'euphorie dans votre c\u0153ur avec ce bouquet de Jasmin Sambac, Ylang, Orange sanguine et Bergamote.","breadcrumb":{"@id":"https:\/\/dutchhealthstore.com\/fr\/product\/jasmine-julep-floral-fantasia-elixir\/#breadcrumb"},"inLanguage":"fr-FR","potentialAction":[{"@type":"ReadAction","target":["https:\/\/dutchhealthstore.com\/fr\/product\/jasmine-julep-floral-fantasia-elixir\/"]}]},{"@type":"ImageObject","inLanguage":"fr-FR","@id":"https:\/\/dutchhealthstore.com\/fr\/product\/jasmine-julep-floral-fantasia-elixir\/#primaryimage","url":"https:\/\/dutchhealthstore.com\/wp-content\/uploads\/2018\/06\/Living-Libations-Jasmine-Julep-Floral-Fantasia-Elixir-001.jpg","contentUrl":"https:\/\/dutchhealthstore.com\/wp-content\/uploads\/2018\/06\/Living-Libations-Jasmine-Julep-Floral-Fantasia-Elixir-001.jpg","width":510,"height":600,"caption":"Living Libations - Jasmine Julep - Floral Fantasia Elixir"},{"@type":"BreadcrumbList","@id":"https:\/\/dutchhealthstore.com\/fr\/product\/jasmine-julep-floral-fantasia-elixir\/#breadcrumb","itemListElement":[{"@type":"ListItem","position":1,"name":"Home","item":"https:\/\/dutchhealthstore.com\/fr\/"},{"@type":"ListItem","position":2,"name":"Shop","item":"https:\/\/dutchhealthstore.com\/fr\/shop\/"},{"@type":"ListItem","position":3,"name":"Jasmine Julep &#8211; Floral Fantasia Elixir"}]},{"@type":"WebSite","@id":"https:\/\/dutchhealthstore.com\/fr\/#website","url":"https:\/\/dutchhealthstore.com\/fr\/","name":"Dutch Health Store","description":"Enhance Your Beauty with Organic &amp; Natural Skincare","publisher":{"@id":"https:\/\/dutchhealthstore.com\/fr\/#organization"},"potentialAction":[{"@type":"SearchAction","target":{"@type":"EntryPoint","urlTemplate":"https:\/\/dutchhealthstore.com\/fr\/?s={search_term_string}"},"query-input":{"@type":"PropertyValueSpecification","valueRequired":true,"valueName":"search_term_string"}}],"inLanguage":"fr-FR"},{"@type":"Organization","@id":"https:\/\/dutchhealthstore.com\/fr\/#organization","name":"Dutch Health Store","url":"https:\/\/dutchhealthstore.com\/fr\/","logo":{"@type":"ImageObject","inLanguage":"fr-FR","@id":"https:\/\/dutchhealthstore.com\/fr\/#\/schema\/logo\/image\/","url":"https:\/\/dutchhealthstore.com\/wp-content\/uploads\/2020\/08\/logo-dutchhealthstore-jpg-e1599484957574.jpg","contentUrl":"https:\/\/dutchhealthstore.com\/wp-content\/uploads\/2020\/08\/logo-dutchhealthstore-jpg-e1599484957574.jpg","width":400,"height":62,"caption":"Dutch Health Store"},"image":{"@id":"https:\/\/dutchhealthstore.com\/fr\/#\/schema\/logo\/image\/"},"sameAs":["https:\/\/www.instagram.com\/dutchhealthstore\/","https:\/\/www.facebook.com\/dutchhealthstore"]}]},"product_brand":"Living Libations","og_availability":"instock","product_availability":"instock","product_condition":"new"},"_links":{"self":[{"href":"https:\/\/dutchhealthstore.com\/fr\/wp-json\/wp\/v2\/product\/115245","targetHints":{"allow":["GET"]}}],"collection":[{"href":"https:\/\/dutchhealthstore.com\/fr\/wp-json\/wp\/v2\/product"}],"about":[{"href":"https:\/\/dutchhealthstore.com\/fr\/wp-json\/wp\/v2\/types\/product"}],"replies":[{"embeddable":true,"href":"https:\/\/dutchhealthstore.com\/fr\/wp-json\/wp\/v2\/comments?post=115245"}],"wp:featuredmedia":[{"embeddable":true,"href":"https:\/\/dutchhealthstore.com\/fr\/wp-json\/wp\/v2\/media\/115247"}],"wp:attachment":[{"href":"https:\/\/dutchhealthstore.com\/fr\/wp-json\/wp\/v2\/media?parent=115245"}],"wp:term":[{"taxonomy":"product_brand","embeddable":true,"href":"https:\/\/dutchhealthstore.com\/fr\/wp-json\/wp\/v2\/product_brand?post=115245"},{"taxonomy":"product_cat","embeddable":true,"href":"https:\/\/dutchhealthstore.com\/fr\/wp-json\/wp\/v2\/product_cat?post=115245"},{"taxonomy":"product_tag","embeddable":true,"href":"https:\/\/dutchhealthstore.com\/fr\/wp-json\/wp\/v2\/product_tag?post=115245"}],"curies":[{"name":"wp","href":"https:\/\/api.w.org\/{rel}","templated":true}]}}