{"id":115239,"date":"2018-02-10T20:31:01","date_gmt":"2018-02-10T19:31:01","guid":{"rendered":"https:\/\/dutchhealthstore.com\/product\/peppermint-pal\/"},"modified":"2025-10-23T15:36:15","modified_gmt":"2025-10-23T13:36:15","slug":"peppermint-pal","status":"publish","type":"product","link":"https:\/\/dutchhealthstore.com\/fr\/product\/peppermint-pal\/","title":{"rendered":"Peppermint Pal"},"content":{"rendered":"<p style=\"font-weight: 400;\"><img decoding=\"async\" class=\"alignright wp-image-56011\" src=\"https:\/\/dutchhealthstore.com\/wp-content\/uploads\/2019\/04\/logo.png\" alt=\"Living libations logo\" width=\"200\" height=\"59\"><\/p>\n<p>D\u00e9sormais, le roller du flacon est en quartz aventurine, et non plus en plastique! Outre le fait que cette pierre pr\u00e9cieuse est la cerise sur le g\u00e2teau, l&rsquo;aventurine est caract\u00e9ris\u00e9e comme une pierre de prosp\u00e9rit\u00e9 qui s&rsquo;aligne sur le chakra du c\u0153ur.<\/p>\n<p>Cette solution de poche est le compagnon id\u00e9al pour les d\u00e9placements. Passez-la sur les tempes (en \u00e9vitant le contour des yeux), donnez du jus aux articulations, d\u00e9nouez les muscles tendus, tamponnez les bobos, tonifiez les tempes ou faites-la rouler le long de la colonne vert\u00e9brale pour lib\u00e9rer le corps et concentrer l&rsquo;esprit.<\/p>\n<p>L&rsquo;huile essentielle de menthe poivr\u00e9e pure occupe le devant de la sc\u00e8ne dans ce chr\u00eame concentr\u00e9, offrant une fra\u00eecheur calme qui se sent bien comme de la glace! Le Peppermint Pal comprend un groupe d&rsquo;amis apaisants qui sont botaniquement pr\u00eats \u00e0 vous rafra\u00eechir.<\/p>\n<p>Sur le plan \u00e9motionnel, le Peppermint Pal est centrant et calmant. Il permet de se concentrer sur l&rsquo;esprit et de le rafra\u00eechir. Il peut \u00e9galement \u00eatre utilis\u00e9 pour am\u00e9liorer la cr\u00e9ativit\u00e9 et accro\u00eetre la clart\u00e9 mentale pendant l&rsquo;\u00e9tude, le travail ou la m\u00e9ditation.<\/p>\n<h3>Comment utiliser<\/h3>\n<p>Appliquez-le \u00e0 tout moment et partout o\u00f9 vous avez besoin d&rsquo;un peu de glace.<\/p>\n<p><strong>Taille: 5 ml et 10 ml<\/strong><\/p>\n<h3 class=\"yikes-custom-woo-tab-title yikes-custom-woo-tab-title-natural-organic-ingredients\">Ingr\u00e9dients Naturels\/Biologiques<\/h3>\n<p><b><strong>Menthe poivr\u00e9e<\/strong><\/b> (<i><em>Mentha piperita<\/em><\/i>) &#8211; D\u00e9bordant de fra\u00eecheur menthol\u00e9e et de puissantes propri\u00e9t\u00e9s v\u00e9g\u00e9tales, les qualit\u00e9s rafra\u00eechissantes de la menthe poivr\u00e9e sont la cl\u00e9 de l&rsquo;aptitude de cette huile essentielle \u00e0 rafra\u00eechir, \u00e0 r\u00e9duire les rougeurs et \u00e0 apaiser les tensions. Tr\u00e8s en vogue en Europe \u00e0 la fin du<sup>XIXe<\/sup> si\u00e8cle, la menthe poivr\u00e9e \u00e9tait et reste bien plus qu&rsquo;un simple rafra\u00eechisseur d&rsquo;haleine; elle est connue pour \u00eatre victorieuse contre divers d\u00e9s\u00e9quilibres. La menthe d\u00e9rive du latin <i><em>mente<\/em><\/i>qui signifie \u00ab\u00a0pens\u00e9e\u00a0\u00bb, car nos anc\u00eatres de l&rsquo;Antiquit\u00e9 la consid\u00e9raient comme un stimulant pour le cerveau. La menthe poivr\u00e9e est rafra\u00eechissante et agr\u00e9able comme de la glace. Elle fait donc partie de ces huiles essentielles qui ont leur place dans chaque poche et dans chaque trousse de voyage.<\/p>\n<p><b><strong>Tanaisie bleue<\/strong><\/b> (<i><em>Tanacetum annuum<\/em><\/i>) &#8211; La tanaisie bleue est un concentr\u00e9 bleu de puissance v\u00e9g\u00e9tale. Elle est apaisante et calmante pour la peau et l&rsquo;esprit. Cette huile d&rsquo;azur, riche en azul\u00e8ne, un compos\u00e9 botanique sesquiterp\u00e9nique apaisant, fournit des composants phytochimiques calmants et rafra\u00eechissants qui sont un r\u00eave pour la peau. La tanaisie bleue est un apaisant supr\u00eame pour la peau.<\/p>\n<p><b><strong> huile jojoba<\/strong><\/b> (<i><em>Simmondsia chinensis<\/em><\/i>) &#8211; Un simple filet d&rsquo;huile de jojoba rend ce Peppermint Pal pr\u00eat \u00e0 \u00eatre appliqu\u00e9 pour une administration menthol\u00e9e. C&rsquo;est le lipide fondamental de tous les domaines de la beaut\u00e9 et c&rsquo;est aussi la r\u00e9ponse du d\u00e9sert aux peaux et cheveux secs et cassants. Vivant parmi les temp\u00eates de sable et les cactus, le jojoba \u00e9merge comme une oasis exub\u00e9rante et \u00e9molliente. Lorsque cet arbuste robuste cuit sous le soleil du d\u00e9sert, des perles d&rsquo;or liquide germent \u00e0 l&rsquo;int\u00e9rieur des graines de jojoba. Ces graines font jaillir une huile dor\u00e9e qui est extraite par pression \u00e0 froid pour donner un lipide super similaire au s\u00e9bum naturel de notre peau. En p\u00e9n\u00e9trant sans effort dans la peau, il transf\u00e8re des phytonutriments qui aident la peau \u00e0 conserver son hydratation et \u00e0 retrouver son \u00e9lasticit\u00e9. Incroyablement riche et soyeux, le jojoba procure des effets de conditionnement de la peau de longue dur\u00e9e. C&rsquo;est un excellent support pour les huiles essentielles et les infusions de plantes.<\/p>\n<p><b><strong> huile ricin <\/strong><\/b>(<i><em>Ricinus communis<\/em><\/i>) &#8211; L&rsquo;huile de ricin est press\u00e9e \u00e0 froid \u00e0 partir des graines de cette plante qui pousse \u00e0 l&rsquo;\u00e9tat sauvage dans les climats tropicaux et m\u00e9diterran\u00e9ens. Cette huile tr\u00e8s visqueuse et lubrifiante \u00e9tait transform\u00e9e en onguents et en pommades pour la peau par les premi\u00e8res cultures d&rsquo;\u00c9gypte, d&rsquo;Inde, du Japon, de Chine et de Perse. L&rsquo;huile de ricin est un lipide triglyc\u00e9ride compos\u00e9 d&rsquo;acides gras uniques, dont 90% sont des acides ricinol\u00e9iques rares. L&rsquo;huile contient \u00e9galement des esters qui apaisent la peau.<\/p>\n<p>&nbsp;<\/p>\n<p><img fetchpriority=\"high\" decoding=\"async\" class=\"size-medium wp-image-68103 aligncenter\" src=\"https:\/\/dutchhealthstore.com\/wp-content\/uploads\/2018\/02\/Living-Libations-Organic-Logo-800x89.png\" alt=\"Living Libations - Organic Logo\" width=\"800\" height=\"89\" srcset=\"https:\/\/dutchhealthstore.com\/wp-content\/uploads\/2018\/02\/Living-Libations-Organic-Logo-800x89.png 800w, https:\/\/dutchhealthstore.com\/wp-content\/uploads\/2018\/02\/Living-Libations-Organic-Logo-510x57.png 510w, https:\/\/dutchhealthstore.com\/wp-content\/uploads\/2018\/02\/Living-Libations-Organic-Logo-768x85.png 768w, https:\/\/dutchhealthstore.com\/wp-content\/uploads\/2018\/02\/Living-Libations-Organic-Logo.png 1400w\" sizes=\"(max-width: 800px) 100vw, 800px\" \/><\/p>\n","protected":false},"excerpt":{"rendered":"<p>Living Libations <strong>Peppermint Pal<\/strong> est une combinaison comp\u00e9tente pour un ami secouriste! Cette super solution est un concentr\u00e9 rafra\u00eechissant \u00e0 appliquer sur les tempes, le cou, les taches et les points de la peau, et pour d\u00e9tendre les rougeurs, ou partout o\u00f9 vous ressentez une tension qui ne demande qu&rsquo;\u00e0 \u00eatre lib\u00e9r\u00e9e. Cette baguette clarifiante oint son toucher apaisant et rafra\u00eechissant.<\/p>\n<p>Faites rouler une bouff\u00e9e rafra\u00eechissante de menthe poivr\u00e9e sur les tissus sensibles pour vous rafra\u00eechir, apaiser la peau, vous revigorer pendant un voyage en avion ou vous concentrer sur votre esprit. Empochez le pouvoir purifiant de la menthe poivr\u00e9e &#8211; ou mettez-le simplement dans votre sac \u00e0 main!<\/p>\n","protected":false},"featured_media":113991,"comment_status":"open","ping_status":"closed","template":"","meta":[],"product_brand":[],"product_cat":[6745,6790,6765,6734,6744,1211,3756,6746,1209,6759,1010,6733],"product_tag":[6441,4495],"class_list":{"0":"post-115239","1":"product","2":"type-product","3":"status-publish","4":"has-post-thumbnail","6":"product_cat-clarity-focus-fr-2","7":"product_cat-pain-headaches-fr-2","8":"product_cat-energy-vitality-fr-2","9":"product_cat-essential-oils","10":"product_cat-mood-fr-2","11":"product_cat-living-libations-france","12":"product_cat-melanges","13":"product_cat-essential-oil-blends-fr-2","14":"product_cat-par-marques","15":"product_cat-remedies-fr","16":"product_cat-notre-boutique","17":"product_cat-wellness-fr-2","18":"product_tag-blends-fr","19":"product_tag-essential-oil-fr","20":"pa_brand-livinglibations-fr","21":"pa_essential-oils-product-type-essential-oil-blends-fr","22":"pa_health-productype-optimum-health-fr","23":"pa_mood-clarity-focus-fr","24":"pa_mood-energy-vitality-fr","25":"pa_mood-stress-relief-fr","26":"pa_remedies-pain-headaches-fr","27":"pa_size-10-ml-fr","28":"pa_size-5-ml-fr","30":"first","31":"instock","32":"taxable","33":"shipping-taxable","34":"purchasable","35":"product-type-variable"},"bundled_by":[],"bundle_stock_status":"instock","bundle_stock_quantity":null,"bundle_virtual":false,"bundle_layout":"","bundle_add_to_cart_form_location":"","bundle_editable_in_cart":false,"bundle_sold_individually_context":"","bundle_item_grouping":"","bundle_min_size":"","bundle_max_size":"","bundle_price":[],"bundled_items":[],"bundle_sell_ids":[247690],"atum_controlled":true,"out_stock_date":null,"out_stock_threshold":null,"inheritable":true,"stock_on_hold":0,"sold_today":0,"sales_last_days":0,"out_stock_days":0,"lost_sales":0,"update_date":"2026-04-29T00:14:06","atum_locations":[],"atum_stock_status":"instock","restock_status":false,"low_stock_amount":"","sales_update_date":"2026-04-29T00:14:06","calc_backorders":null,"group_of_quantity":0,"min_quantity":0,"max_quantity":"","exclude_order_quantity_value_rules":"no","exclude_category_quantity_rules":"no","combine_variations":"no","yoast_head":"<!-- This site is optimized with the Yoast SEO Premium plugin v26.5 (Yoast SEO v26.5) - https:\/\/yoast.com\/wordpress\/plugins\/seo\/ -->\n<title>Peppermint Pal | Living Libations<\/title>\n<meta name=\"description\" content=\"Living Libations Peppermint Pal est une combinaison comp\u00e9tente pour un ami secouriste!\" \/>\n<meta name=\"robots\" content=\"index, follow, max-snippet:-1, max-image-preview:large, max-video-preview:-1\" \/>\n<link rel=\"canonical\" href=\"https:\/\/dutchhealthstore.com\/fr\/product\/peppermint-pal\/\" \/>\n<meta property=\"og:locale\" content=\"fr_FR\" \/>\n<meta property=\"og:type\" content=\"article\" \/>\n<meta property=\"og:title\" content=\"Peppermint Pal - Dutch Health Store\" \/>\n<meta property=\"og:description\" content=\"Living Libations Peppermint Pal est une combinaison comp\u00e9tente pour un ami secouriste!\" \/>\n<meta property=\"og:url\" content=\"https:\/\/dutchhealthstore.com\/fr\/product\/peppermint-pal\/\" \/>\n<meta property=\"og:site_name\" content=\"Dutch Health Store\" \/>\n<meta property=\"article:publisher\" content=\"https:\/\/www.instagram.com\/dutchhealthstore\/\" \/>\n<meta property=\"article:modified_time\" content=\"2025-10-23T13:36:15+00:00\" \/>\n<meta property=\"og:image\" content=\"https:\/\/dutchhealthstore.com\/wp-content\/uploads\/2018\/02\/Living-Libations-Peppermint-Pal-e1594888920891.jpg\" \/>\n\t<meta property=\"og:image:width\" content=\"500\" \/>\n\t<meta property=\"og:image:height\" content=\"500\" \/>\n\t<meta property=\"og:image:type\" content=\"image\/jpeg\" \/>\n<meta name=\"twitter:card\" content=\"summary_large_image\" \/>\n<meta name=\"twitter:label1\" content=\"Disponibilit\u00e9\" \/>\n\t<meta name=\"twitter:data1\" content=\"En stock\" \/>\n<script type=\"application\/ld+json\" class=\"yoast-schema-graph\">{\"@context\":\"https:\/\/schema.org\",\"@graph\":[{\"@type\":\"WebPage\",\"@id\":\"https:\/\/dutchhealthstore.com\/fr\/product\/peppermint-pal\/\",\"url\":\"https:\/\/dutchhealthstore.com\/fr\/product\/peppermint-pal\/\",\"name\":\"Peppermint Pal | Living Libations\",\"isPartOf\":{\"@id\":\"https:\/\/dutchhealthstore.com\/fr\/#website\"},\"primaryImageOfPage\":{\"@id\":\"https:\/\/dutchhealthstore.com\/fr\/product\/peppermint-pal\/#primaryimage\"},\"image\":{\"@id\":\"https:\/\/dutchhealthstore.com\/fr\/product\/peppermint-pal\/#primaryimage\"},\"thumbnailUrl\":\"https:\/\/dutchhealthstore.com\/wp-content\/uploads\/2018\/02\/Living-Libations-Peppermint-Pal-e1594888920891.jpg\",\"datePublished\":\"2018-02-10T19:31:01+00:00\",\"dateModified\":\"2025-10-23T13:36:15+00:00\",\"description\":\"Living Libations Peppermint Pal est une combinaison comp\u00e9tente pour un ami secouriste!\",\"breadcrumb\":{\"@id\":\"https:\/\/dutchhealthstore.com\/fr\/product\/peppermint-pal\/#breadcrumb\"},\"inLanguage\":\"fr-FR\",\"potentialAction\":[{\"@type\":\"ReadAction\",\"target\":[\"https:\/\/dutchhealthstore.com\/fr\/product\/peppermint-pal\/\"]}]},{\"@type\":\"ImageObject\",\"inLanguage\":\"fr-FR\",\"@id\":\"https:\/\/dutchhealthstore.com\/fr\/product\/peppermint-pal\/#primaryimage\",\"url\":\"https:\/\/dutchhealthstore.com\/wp-content\/uploads\/2018\/02\/Living-Libations-Peppermint-Pal-e1594888920891.jpg\",\"contentUrl\":\"https:\/\/dutchhealthstore.com\/wp-content\/uploads\/2018\/02\/Living-Libations-Peppermint-Pal-e1594888920891.jpg\",\"width\":500,\"height\":500,\"caption\":\"Living Libations Peppermint Pal\"},{\"@type\":\"BreadcrumbList\",\"@id\":\"https:\/\/dutchhealthstore.com\/fr\/product\/peppermint-pal\/#breadcrumb\",\"itemListElement\":[{\"@type\":\"ListItem\",\"position\":1,\"name\":\"Home\",\"item\":\"https:\/\/dutchhealthstore.com\/fr\/\"},{\"@type\":\"ListItem\",\"position\":2,\"name\":\"Shop\",\"item\":\"https:\/\/dutchhealthstore.com\/fr\/shop\/\"},{\"@type\":\"ListItem\",\"position\":3,\"name\":\"Peppermint Pal\"}]},{\"@type\":\"WebSite\",\"@id\":\"https:\/\/dutchhealthstore.com\/fr\/#website\",\"url\":\"https:\/\/dutchhealthstore.com\/fr\/\",\"name\":\"Dutch Health Store\",\"description\":\"Enhance Your Beauty with Organic &amp; Natural Skincare\",\"publisher\":{\"@id\":\"https:\/\/dutchhealthstore.com\/fr\/#organization\"},\"potentialAction\":[{\"@type\":\"SearchAction\",\"target\":{\"@type\":\"EntryPoint\",\"urlTemplate\":\"https:\/\/dutchhealthstore.com\/fr\/?s={search_term_string}\"},\"query-input\":{\"@type\":\"PropertyValueSpecification\",\"valueRequired\":true,\"valueName\":\"search_term_string\"}}],\"inLanguage\":\"fr-FR\"},{\"@type\":\"Organization\",\"@id\":\"https:\/\/dutchhealthstore.com\/fr\/#organization\",\"name\":\"Dutch Health Store\",\"url\":\"https:\/\/dutchhealthstore.com\/fr\/\",\"logo\":{\"@type\":\"ImageObject\",\"inLanguage\":\"fr-FR\",\"@id\":\"https:\/\/dutchhealthstore.com\/fr\/#\/schema\/logo\/image\/\",\"url\":\"https:\/\/dutchhealthstore.com\/wp-content\/uploads\/2020\/08\/logo-dutchhealthstore-jpg-e1599484957574.jpg\",\"contentUrl\":\"https:\/\/dutchhealthstore.com\/wp-content\/uploads\/2020\/08\/logo-dutchhealthstore-jpg-e1599484957574.jpg\",\"width\":400,\"height\":62,\"caption\":\"Dutch Health Store\"},\"image\":{\"@id\":\"https:\/\/dutchhealthstore.com\/fr\/#\/schema\/logo\/image\/\"},\"sameAs\":[\"https:\/\/www.instagram.com\/dutchhealthstore\/\",\"https:\/\/www.facebook.com\/dutchhealthstore\"]}]}<\/script>\n<meta property=\"product:brand\" content=\"Living Libations\" \/>\n<meta property=\"og:availability\" content=\"instock\" \/>\n<meta property=\"product:availability\" content=\"instock\" \/>\n<meta property=\"product:condition\" content=\"new\" \/>\n<!-- \/ Yoast SEO Premium plugin. -->","yoast_head_json":{"title":"Peppermint Pal | Living Libations","description":"Living Libations Peppermint Pal est une combinaison comp\u00e9tente pour un ami secouriste!","robots":{"index":"index","follow":"follow","max-snippet":"max-snippet:-1","max-image-preview":"max-image-preview:large","max-video-preview":"max-video-preview:-1"},"canonical":"https:\/\/dutchhealthstore.com\/fr\/product\/peppermint-pal\/","og_locale":"fr_FR","og_type":"article","og_title":"Peppermint Pal - Dutch Health Store","og_description":"Living Libations Peppermint Pal est une combinaison comp\u00e9tente pour un ami secouriste!","og_url":"https:\/\/dutchhealthstore.com\/fr\/product\/peppermint-pal\/","og_site_name":"Dutch Health Store","article_publisher":"https:\/\/www.instagram.com\/dutchhealthstore\/","article_modified_time":"2025-10-23T13:36:15+00:00","og_image":[{"width":500,"height":500,"url":"https:\/\/dutchhealthstore.com\/wp-content\/uploads\/2018\/02\/Living-Libations-Peppermint-Pal-e1594888920891.jpg","type":"image\/jpeg"}],"twitter_card":"summary_large_image","twitter_misc":{"Disponibilit\u00e9":"En stock"},"schema":{"@context":"https:\/\/schema.org","@graph":[{"@type":"WebPage","@id":"https:\/\/dutchhealthstore.com\/fr\/product\/peppermint-pal\/","url":"https:\/\/dutchhealthstore.com\/fr\/product\/peppermint-pal\/","name":"Peppermint Pal | Living Libations","isPartOf":{"@id":"https:\/\/dutchhealthstore.com\/fr\/#website"},"primaryImageOfPage":{"@id":"https:\/\/dutchhealthstore.com\/fr\/product\/peppermint-pal\/#primaryimage"},"image":{"@id":"https:\/\/dutchhealthstore.com\/fr\/product\/peppermint-pal\/#primaryimage"},"thumbnailUrl":"https:\/\/dutchhealthstore.com\/wp-content\/uploads\/2018\/02\/Living-Libations-Peppermint-Pal-e1594888920891.jpg","datePublished":"2018-02-10T19:31:01+00:00","dateModified":"2025-10-23T13:36:15+00:00","description":"Living Libations Peppermint Pal est une combinaison comp\u00e9tente pour un ami secouriste!","breadcrumb":{"@id":"https:\/\/dutchhealthstore.com\/fr\/product\/peppermint-pal\/#breadcrumb"},"inLanguage":"fr-FR","potentialAction":[{"@type":"ReadAction","target":["https:\/\/dutchhealthstore.com\/fr\/product\/peppermint-pal\/"]}]},{"@type":"ImageObject","inLanguage":"fr-FR","@id":"https:\/\/dutchhealthstore.com\/fr\/product\/peppermint-pal\/#primaryimage","url":"https:\/\/dutchhealthstore.com\/wp-content\/uploads\/2018\/02\/Living-Libations-Peppermint-Pal-e1594888920891.jpg","contentUrl":"https:\/\/dutchhealthstore.com\/wp-content\/uploads\/2018\/02\/Living-Libations-Peppermint-Pal-e1594888920891.jpg","width":500,"height":500,"caption":"Living Libations Peppermint Pal"},{"@type":"BreadcrumbList","@id":"https:\/\/dutchhealthstore.com\/fr\/product\/peppermint-pal\/#breadcrumb","itemListElement":[{"@type":"ListItem","position":1,"name":"Home","item":"https:\/\/dutchhealthstore.com\/fr\/"},{"@type":"ListItem","position":2,"name":"Shop","item":"https:\/\/dutchhealthstore.com\/fr\/shop\/"},{"@type":"ListItem","position":3,"name":"Peppermint Pal"}]},{"@type":"WebSite","@id":"https:\/\/dutchhealthstore.com\/fr\/#website","url":"https:\/\/dutchhealthstore.com\/fr\/","name":"Dutch Health Store","description":"Enhance Your Beauty with Organic &amp; Natural Skincare","publisher":{"@id":"https:\/\/dutchhealthstore.com\/fr\/#organization"},"potentialAction":[{"@type":"SearchAction","target":{"@type":"EntryPoint","urlTemplate":"https:\/\/dutchhealthstore.com\/fr\/?s={search_term_string}"},"query-input":{"@type":"PropertyValueSpecification","valueRequired":true,"valueName":"search_term_string"}}],"inLanguage":"fr-FR"},{"@type":"Organization","@id":"https:\/\/dutchhealthstore.com\/fr\/#organization","name":"Dutch Health Store","url":"https:\/\/dutchhealthstore.com\/fr\/","logo":{"@type":"ImageObject","inLanguage":"fr-FR","@id":"https:\/\/dutchhealthstore.com\/fr\/#\/schema\/logo\/image\/","url":"https:\/\/dutchhealthstore.com\/wp-content\/uploads\/2020\/08\/logo-dutchhealthstore-jpg-e1599484957574.jpg","contentUrl":"https:\/\/dutchhealthstore.com\/wp-content\/uploads\/2020\/08\/logo-dutchhealthstore-jpg-e1599484957574.jpg","width":400,"height":62,"caption":"Dutch Health Store"},"image":{"@id":"https:\/\/dutchhealthstore.com\/fr\/#\/schema\/logo\/image\/"},"sameAs":["https:\/\/www.instagram.com\/dutchhealthstore\/","https:\/\/www.facebook.com\/dutchhealthstore"]}]},"product_brand":"Living Libations","og_availability":"instock","product_availability":"instock","product_condition":"new"},"_links":{"self":[{"href":"https:\/\/dutchhealthstore.com\/fr\/wp-json\/wp\/v2\/product\/115239","targetHints":{"allow":["GET"]}}],"collection":[{"href":"https:\/\/dutchhealthstore.com\/fr\/wp-json\/wp\/v2\/product"}],"about":[{"href":"https:\/\/dutchhealthstore.com\/fr\/wp-json\/wp\/v2\/types\/product"}],"replies":[{"embeddable":true,"href":"https:\/\/dutchhealthstore.com\/fr\/wp-json\/wp\/v2\/comments?post=115239"}],"wp:featuredmedia":[{"embeddable":true,"href":"https:\/\/dutchhealthstore.com\/fr\/wp-json\/wp\/v2\/media\/113991"}],"wp:attachment":[{"href":"https:\/\/dutchhealthstore.com\/fr\/wp-json\/wp\/v2\/media?parent=115239"}],"wp:term":[{"taxonomy":"product_brand","embeddable":true,"href":"https:\/\/dutchhealthstore.com\/fr\/wp-json\/wp\/v2\/product_brand?post=115239"},{"taxonomy":"product_cat","embeddable":true,"href":"https:\/\/dutchhealthstore.com\/fr\/wp-json\/wp\/v2\/product_cat?post=115239"},{"taxonomy":"product_tag","embeddable":true,"href":"https:\/\/dutchhealthstore.com\/fr\/wp-json\/wp\/v2\/product_tag?post=115239"}],"curies":[{"name":"wp","href":"https:\/\/api.w.org\/{rel}","templated":true}]}}