{"id":115235,"date":"2018-02-10T20:47:03","date_gmt":"2018-02-10T19:47:03","guid":{"rendered":"https:\/\/dutchhealthstore.com\/product\/love-wine\/"},"modified":"2026-04-13T12:06:23","modified_gmt":"2026-04-13T10:06:23","slug":"love-wine","status":"publish","type":"product","link":"https:\/\/dutchhealthstore.com\/fr\/product\/love-wine\/","title":{"rendered":"Love Wine"},"content":{"rendered":"<p><img decoding=\"async\" class=\"size-full wp-image-37041 alignright\" src=\"https:\/\/dutchhealthstore.com\/wp-content\/uploads\/2018\/04\/Living_Libations-1.png\" alt=\"Organic &amp; Natural Beautyproducts - Living Libations\" width=\"175\" height=\"82\">Enivr\u00e9 par le parfum de la cr\u00e9ation, vous versez. Votre seule obligation est d&rsquo;inhaler, et de marcher dans la prairie de la vie.<br \/>\nLiving Libations <strong>Love wine<\/strong> est un \u00e9lixir de l&rsquo;\u00e9ternel; ces essences d&rsquo;un autre monde se m\u00ealent de mani\u00e8re co-cr\u00e9ative au d\u00e9sir qui sommeille en vous.<\/p>\n<p>Love wine Elixir est un m\u00e9lange d&rsquo;huiles essentielles non alcoolis\u00e9 con\u00e7u pour \u00eatre utilis\u00e9 pour oindre le corps et le souffle. Ce m\u00e9lange joyeux, r\u00e9jouissant, qui inspire le plaisir, les rires et les bons moments par la seule joie des essences de plantes r\u00e9unies ici.<\/p>\n<p>Ce m\u00e9lange botanique est d\u00e9licieusement divin. Si chaque huile poss\u00e8de ses propres propri\u00e9t\u00e9s festives, de nombreuses huiles de vin d&rsquo;amour sont c\u00e9l\u00e9br\u00e9es pour leur caract\u00e8re inspirant et stimulant.<\/p>\n<h3>Utiliser<\/h3>\n<p>Pour rafra\u00eechir l&rsquo;haleine, appliquez une goutte ou deux de vin d&rsquo;amour sur votre langue, ou sur votre plat pr\u00e9f\u00e9r\u00e9, dans un jus frais comme la grenade ou la past\u00e8que, dans un smoothie, ou sur du chocolat ou du miel. Love wine est id\u00e9al lors d&rsquo;une r\u00e9union entre amis pour faire la f\u00eate, ou pour \u00e9gayer votre journ\u00e9e. Beaucoup peuvent \u00e9galement \u00eatre oints sur les poignets pour un ar\u00f4me \u00e9l\u00e9gant.<\/p>\n<h3>Love wine Watermelon Drink<\/h3>\n<p>Passez la moiti\u00e9 d&rsquo;une past\u00e8que au mixeur et ajoutez 2 gouttes de Love Wine &#8211; wow! Sentez les mol\u00e9cules de f\u00e9licit\u00e9 se r\u00e9percuter dans votre \u00eatre.<\/p>\n<p><strong>Taille : 5 ml<\/strong><\/p>\n<h3 class=\"yikes-custom-woo-tab-title yikes-custom-woo-tab-title-natural-organic-ingredients\">Ingr\u00e9dients Naturels\/Biologiques<\/h3>\n<p><strong> huile essentielle de rose otto <\/strong><em>(Rosa damascene) &#8211; <\/em>Quartz rose-champagne-po\u00e9sie. Rose Otto, est une essence \u00e9l\u00e9gante et pr\u00e9cieuse. Il faut soixante roses pour faire une seule goutte. La rose apaise le c\u0153ur et cette plante nourrici\u00e8re a un parfum doux et floral qui est si stimulant. L&rsquo;huile essentielle de rose otto est c\u00e9l\u00e9br\u00e9e depuis l&rsquo;Antiquit\u00e9 pour son utilisation dans l&rsquo;amour spirituel, les unions sacr\u00e9es comme source de joie, de beaut\u00e9 et de bonheur.<\/p>\n<p><strong> huile essentielle de Immortelle <\/strong><em>(Helichrysum italicum) &#8211; <\/em>La f\u00e9licit\u00e9 \u00e9ternelle revivifie chaque filament de votre \u00eatre. Compelling Immortelle est un rare raviveur d&rsquo;esprit.<\/p>\n<p><strong> huile essentielle de Camomille du Cap <\/strong><em>(Eriocephalus punctulatus) &#8211; <\/em>Cette beaut\u00e9 d&rsquo;un bleu profond ajoute un \u00e9clat floral color\u00e9 et fruit\u00e9 qui ravit. C&rsquo;est une huile magnifique et rayonnante aux gouttes opulentes d&rsquo;azul\u00e8ne. Il d\u00e9gage un parfum fin de fruits qui favorise le bien-\u00eatre tout en \u00e9tant tout \u00e0 fait envo\u00fbtant!<\/p>\n<p><strong> huile essentielle de<\/strong> <strong>cardamome<\/strong><em>(Elettaria cardamomum)<\/em> &#8211; Charismatique Les gousses de graines de cardamome sont comme des diamants verts. Ces pierres pr\u00e9cieuses, douces et \u00e9pic\u00e9es, sont exaltantes et inspirantes gr\u00e2ce \u00e0 leur parfum exotique. Il inspire la force et la stabilit\u00e9. Il soutient une action claire, sans compromis, en accord avec la fr\u00e9quence de la force.<\/p>\n<p><strong> huile essentielle de gousse de vanille <\/strong><em>(Vanilla planifolia) &#8211; <\/em>La vanille a un inoubliable et d\u00e9licieux parfum sensuel qui est un ar\u00f4me aromatique.<\/p>\n<p><strong>Ylang <\/strong><em>(Cananga odorata Essential huile) &#8211; Ylang <\/em>se traduit par la fleur des fleurs. Son joyeux parfum floral invite \u00e0 venir jouer. L&rsquo;ylang a un ar\u00f4me aromatique euphorique et agr\u00e9able.<\/p>\n<p><strong>Cannelle \u00e9corce huile essentielle <\/strong><em>(Cinnamonum zeylanicum) &#8211; <\/em>L&rsquo;\u00e9pice douce de tout agr\u00e9able, est l&rsquo;ar\u00f4me de cannelle \u00e9met. D\u00e9riv\u00e9e de l&rsquo;\u00e9corce d&rsquo;un arbre biologique de Madagascar, cette cannelle est un v\u00e9ritable d\u00e9lice multisensoriel. Notre distillation authentique de la cannelle apporte une exp\u00e9rience chaleureuse aux personnes et aux lieux.<\/p>\n<p><strong> huile essentielle huile Schizandra <\/strong><em>(Schisandra <\/em><em>chinensis) &#8211; <\/em>La baie de Schizandra est une distillation \u00e9tonnante de l&rsquo;une des baies les plus tonifiantes. Cette huile poss\u00e8de un large \u00e9ventail de lignanes bioactifs et de composants lipophiles. Ces baies sont un aliment de base dans la culture traditionnelle chinoise, et sont utilis\u00e9es depuis des milliers d&rsquo;ann\u00e9es pour stimuler le chi du corps. Connu sous le nom de \u00ab\u00a0wu wei zi\u00a0\u00bb en chinois, ce \u00ab\u00a0fruit aux cinq saveurs\u00a0\u00bb contient une palette complexe de saveurs am\u00e8res, sal\u00e9es, \u00e9pic\u00e9es, sucr\u00e9es et acides.<\/p>\n<p><strong>Bergamote huile Essentielle <\/strong><em>(Citrus bergamia) &#8211; <\/em>Avec son d\u00e9licieux, lumineux, parfum d&rsquo;agrumes, bergamote est l&rsquo;un des plus aim\u00e9s des huiles. C&rsquo;est l&rsquo;un des ar\u00f4mes cl\u00e9s du th\u00e9 Earl Grey. C&rsquo;est comme un rayon de soleil dans une bouteille qui insuffle une confiance en l&rsquo;\u00e2me et une r\u00e9surgence de la joie.<\/p>\n<p><strong>Miel &#8211; <\/strong>Un simple soup\u00e7on de ce doux nectar lie Love wine! Ce bienfait ambrosien cr\u00e9\u00e9 par le grand dessein des glorieuses abeilles \u00e0 miel est un \u00e9lixir terrestre opulent.<\/p>\n<p style=\"text-align: center;\"><em>\u00ab\u00a0Toute l&rsquo;excitation vient de la coupe de vin<\/em><\/p>\n<p style=\"text-align: center;\"><em>le bien-aim\u00e9 r\u00e9pandu sur cette terre.<\/em><\/p>\n<p style=\"text-align: center;\"><em>Le parfum du bien-aim\u00e9 vous rend ivre d&rsquo;extase.<\/em><\/p>\n<p style=\"text-align: center;\"><em>la lumi\u00e8re d\u00e9concerte le c\u0153ur.\u00a0\u00bb<\/em><\/p>\n<p style=\"text-align: center;\">~ Rumi<\/p>\n<p style=\"text-align: center;\"><em>\u00ab\u00a0On ne commence \u00e0 comprendre la vie des abeilles que lorsqu&rsquo;on sait que l&rsquo;abeille vit dans une atmosph\u00e8re compl\u00e8tement impr\u00e9gn\u00e9e d&rsquo;amour.\u00a0\u00bb<\/em><\/p>\n<p style=\"text-align: center;\">~ Rudolf Steiner<\/p>\n<p><img fetchpriority=\"high\" decoding=\"async\" class=\"size-full wp-image-31577 aligncenter\" src=\"https:\/\/dutchhealthstore.com\/wp-content\/uploads\/2018\/03\/organic_big.png\" alt=\"Organic and Natural - Living Libations\" width=\"623\" height=\"103\" srcset=\"https:\/\/dutchhealthstore.com\/wp-content\/uploads\/2018\/03\/organic_big.png 623w, https:\/\/dutchhealthstore.com\/wp-content\/uploads\/2018\/03\/organic_big-510x84.png 510w, https:\/\/dutchhealthstore.com\/wp-content\/uploads\/2018\/03\/organic_big-600x99.png 600w, https:\/\/dutchhealthstore.com\/wp-content\/uploads\/2018\/03\/organic_big-350x58.png 350w\" sizes=\"(max-width: 623px) 100vw, 623px\" \/><\/p>\n","protected":false},"excerpt":{"rendered":"<p>Enivr\u00e9 par le parfum de la cr\u00e9ation, vous versez. Votre seule obligation est d&rsquo;inhaler, et de marcher dans la prairie de la vie.<br \/>\nLe <strong>vin d&rsquo;amour<\/strong> Living Libations est un \u00e9lixir de l&rsquo;\u00e9ternel; ces essences d&rsquo;un autre monde se m\u00ealent de mani\u00e8re co-cr\u00e9ative au d\u00e9sir qui sommeille en vous.<\/p>\n","protected":false},"featured_media":359743,"comment_status":"open","ping_status":"closed","template":"","meta":[],"product_brand":[],"product_cat":[6734,1211,3756,6746,1209,1010,6733],"product_tag":[4392],"class_list":{"0":"post-115235","1":"product","2":"type-product","3":"status-publish","4":"has-post-thumbnail","6":"product_cat-essential-oils","7":"product_cat-living-libations-france","8":"product_cat-melanges","9":"product_cat-essential-oil-blends-fr-2","10":"product_cat-par-marques","11":"product_cat-notre-boutique","12":"product_cat-wellness-fr-2","13":"product_tag-elixir-fr","14":"pa_brand-livinglibations-fr","15":"pa_essential-oils-product-type-essential-oil-blends-fr","16":"pa_size-5-ml-fr","18":"first","19":"instock","20":"taxable","21":"shipping-taxable","22":"purchasable","23":"product-type-simple"},"bundled_by":[],"bundle_stock_status":"instock","bundle_stock_quantity":3,"bundle_virtual":false,"bundle_layout":"","bundle_add_to_cart_form_location":"","bundle_editable_in_cart":false,"bundle_sold_individually_context":"","bundle_item_grouping":"","bundle_min_size":"","bundle_max_size":"","bundle_price":[],"bundled_items":[],"bundle_sell_ids":[247525],"atum_controlled":true,"out_stock_date":null,"out_stock_threshold":null,"inheritable":false,"stock_on_hold":0,"sold_today":0,"sales_last_days":1,"out_stock_days":12,"lost_sales":66,"update_date":"2026-04-13T10:06:32","atum_locations":[],"atum_stock_status":"instock","restock_status":false,"low_stock_amount":0,"sales_update_date":"2026-04-13T07:21:21","calc_backorders":null,"group_of_quantity":0,"min_quantity":0,"max_quantity":"","exclude_order_quantity_value_rules":"no","exclude_category_quantity_rules":"no","combine_variations":"no","yoast_head":"<!-- This site is optimized with the Yoast SEO Premium plugin v26.5 (Yoast SEO v26.5) - https:\/\/yoast.com\/wordpress\/plugins\/seo\/ -->\n<title>Love Wine | Living Libations<\/title>\n<meta name=\"description\" content=\"Living Libations Love wine est un \u00e9lixir de l&#039;\u00e9ternel; ces essences d&#039;un autre monde se m\u00ealent de mani\u00e8re co-cr\u00e9ative au d\u00e9sir qui sommeille en vous.\" \/>\n<meta name=\"robots\" content=\"index, follow, max-snippet:-1, max-image-preview:large, max-video-preview:-1\" \/>\n<link rel=\"canonical\" href=\"https:\/\/dutchhealthstore.com\/fr\/product\/love-wine\/\" \/>\n<meta property=\"og:locale\" content=\"fr_FR\" \/>\n<meta property=\"og:type\" content=\"article\" \/>\n<meta property=\"og:title\" content=\"Love Wine - Dutch Health Store\" \/>\n<meta property=\"og:description\" content=\"Living Libations Love wine est un \u00e9lixir de l&#039;\u00e9ternel; ces essences d&#039;un autre monde se m\u00ealent de mani\u00e8re co-cr\u00e9ative au d\u00e9sir qui sommeille en vous.\" \/>\n<meta property=\"og:url\" content=\"https:\/\/dutchhealthstore.com\/fr\/product\/love-wine\/\" \/>\n<meta property=\"og:site_name\" content=\"Dutch Health Store\" \/>\n<meta property=\"article:publisher\" content=\"https:\/\/www.instagram.com\/dutchhealthstore\/\" \/>\n<meta property=\"article:modified_time\" content=\"2026-04-13T10:06:23+00:00\" \/>\n<meta property=\"og:image\" content=\"https:\/\/dutchhealthstore.com\/wp-content\/uploads\/2018\/02\/love_wine_Living_Libations_Europe.jpg\" \/>\n\t<meta property=\"og:image:width\" content=\"500\" \/>\n\t<meta property=\"og:image:height\" content=\"500\" \/>\n\t<meta property=\"og:image:type\" content=\"image\/jpeg\" \/>\n<meta name=\"twitter:card\" content=\"summary_large_image\" \/>\n<meta name=\"twitter:label1\" content=\"Prix\" \/>\n\t<meta name=\"twitter:data1\" content=\"&euro;39,00\" \/>\n\t<meta name=\"twitter:label2\" content=\"Disponibilit\u00e9\" \/>\n\t<meta name=\"twitter:data2\" content=\"En stock\" \/>\n<script type=\"application\/ld+json\" class=\"yoast-schema-graph\">{\"@context\":\"https:\/\/schema.org\",\"@graph\":[{\"@type\":\"WebPage\",\"@id\":\"https:\/\/dutchhealthstore.com\/fr\/product\/love-wine\/\",\"url\":\"https:\/\/dutchhealthstore.com\/fr\/product\/love-wine\/\",\"name\":\"Love Wine | Living Libations\",\"isPartOf\":{\"@id\":\"https:\/\/dutchhealthstore.com\/fr\/#website\"},\"primaryImageOfPage\":{\"@id\":\"https:\/\/dutchhealthstore.com\/fr\/product\/love-wine\/#primaryimage\"},\"image\":{\"@id\":\"https:\/\/dutchhealthstore.com\/fr\/product\/love-wine\/#primaryimage\"},\"thumbnailUrl\":\"https:\/\/dutchhealthstore.com\/wp-content\/uploads\/2018\/02\/Love-Wine.png\",\"datePublished\":\"2018-02-10T19:47:03+00:00\",\"dateModified\":\"2026-04-13T10:06:23+00:00\",\"description\":\"Living Libations Love wine est un \u00e9lixir de l'\u00e9ternel; ces essences d'un autre monde se m\u00ealent de mani\u00e8re co-cr\u00e9ative au d\u00e9sir qui sommeille en vous.\",\"breadcrumb\":{\"@id\":\"https:\/\/dutchhealthstore.com\/fr\/product\/love-wine\/#breadcrumb\"},\"inLanguage\":\"fr-FR\",\"potentialAction\":[{\"@type\":\"ReadAction\",\"target\":[\"https:\/\/dutchhealthstore.com\/fr\/product\/love-wine\/\"]}]},{\"@type\":\"ImageObject\",\"inLanguage\":\"fr-FR\",\"@id\":\"https:\/\/dutchhealthstore.com\/fr\/product\/love-wine\/#primaryimage\",\"url\":\"https:\/\/dutchhealthstore.com\/wp-content\/uploads\/2018\/02\/Love-Wine.png\",\"contentUrl\":\"https:\/\/dutchhealthstore.com\/wp-content\/uploads\/2018\/02\/Love-Wine.png\",\"width\":530,\"height\":530},{\"@type\":\"BreadcrumbList\",\"@id\":\"https:\/\/dutchhealthstore.com\/fr\/product\/love-wine\/#breadcrumb\",\"itemListElement\":[{\"@type\":\"ListItem\",\"position\":1,\"name\":\"Home\",\"item\":\"https:\/\/dutchhealthstore.com\/fr\/\"},{\"@type\":\"ListItem\",\"position\":2,\"name\":\"Shop\",\"item\":\"https:\/\/dutchhealthstore.com\/fr\/shop\/\"},{\"@type\":\"ListItem\",\"position\":3,\"name\":\"Love Wine\"}]},{\"@type\":\"WebSite\",\"@id\":\"https:\/\/dutchhealthstore.com\/fr\/#website\",\"url\":\"https:\/\/dutchhealthstore.com\/fr\/\",\"name\":\"Dutch Health Store\",\"description\":\"Enhance Your Beauty with Organic &amp; Natural Skincare\",\"publisher\":{\"@id\":\"https:\/\/dutchhealthstore.com\/fr\/#organization\"},\"potentialAction\":[{\"@type\":\"SearchAction\",\"target\":{\"@type\":\"EntryPoint\",\"urlTemplate\":\"https:\/\/dutchhealthstore.com\/fr\/?s={search_term_string}\"},\"query-input\":{\"@type\":\"PropertyValueSpecification\",\"valueRequired\":true,\"valueName\":\"search_term_string\"}}],\"inLanguage\":\"fr-FR\"},{\"@type\":\"Organization\",\"@id\":\"https:\/\/dutchhealthstore.com\/fr\/#organization\",\"name\":\"Dutch Health Store\",\"url\":\"https:\/\/dutchhealthstore.com\/fr\/\",\"logo\":{\"@type\":\"ImageObject\",\"inLanguage\":\"fr-FR\",\"@id\":\"https:\/\/dutchhealthstore.com\/fr\/#\/schema\/logo\/image\/\",\"url\":\"https:\/\/dutchhealthstore.com\/wp-content\/uploads\/2020\/08\/logo-dutchhealthstore-jpg-e1599484957574.jpg\",\"contentUrl\":\"https:\/\/dutchhealthstore.com\/wp-content\/uploads\/2020\/08\/logo-dutchhealthstore-jpg-e1599484957574.jpg\",\"width\":400,\"height\":62,\"caption\":\"Dutch Health Store\"},\"image\":{\"@id\":\"https:\/\/dutchhealthstore.com\/fr\/#\/schema\/logo\/image\/\"},\"sameAs\":[\"https:\/\/www.instagram.com\/dutchhealthstore\/\",\"https:\/\/www.facebook.com\/dutchhealthstore\"]}]}<\/script>\n<meta property=\"product:brand\" content=\"Living Libations\" \/>\n<meta property=\"product:price:amount\" content=\"39.00\" \/>\n<meta property=\"product:price:currency\" content=\"EUR\" \/>\n<meta property=\"og:availability\" content=\"instock\" \/>\n<meta property=\"product:availability\" content=\"instock\" \/>\n<meta property=\"product:condition\" content=\"new\" \/>\n<!-- \/ Yoast SEO Premium plugin. -->","yoast_head_json":{"title":"Love Wine | Living Libations","description":"Living Libations Love wine est un \u00e9lixir de l'\u00e9ternel; ces essences d'un autre monde se m\u00ealent de mani\u00e8re co-cr\u00e9ative au d\u00e9sir qui sommeille en vous.","robots":{"index":"index","follow":"follow","max-snippet":"max-snippet:-1","max-image-preview":"max-image-preview:large","max-video-preview":"max-video-preview:-1"},"canonical":"https:\/\/dutchhealthstore.com\/fr\/product\/love-wine\/","og_locale":"fr_FR","og_type":"article","og_title":"Love Wine - Dutch Health Store","og_description":"Living Libations Love wine est un \u00e9lixir de l'\u00e9ternel; ces essences d'un autre monde se m\u00ealent de mani\u00e8re co-cr\u00e9ative au d\u00e9sir qui sommeille en vous.","og_url":"https:\/\/dutchhealthstore.com\/fr\/product\/love-wine\/","og_site_name":"Dutch Health Store","article_publisher":"https:\/\/www.instagram.com\/dutchhealthstore\/","article_modified_time":"2026-04-13T10:06:23+00:00","og_image":[{"width":500,"height":500,"url":"https:\/\/dutchhealthstore.com\/wp-content\/uploads\/2018\/02\/love_wine_Living_Libations_Europe.jpg","type":"image\/jpeg"}],"twitter_card":"summary_large_image","twitter_misc":{"Prix":"&euro;39,00","Disponibilit\u00e9":"En stock"},"schema":{"@context":"https:\/\/schema.org","@graph":[{"@type":"WebPage","@id":"https:\/\/dutchhealthstore.com\/fr\/product\/love-wine\/","url":"https:\/\/dutchhealthstore.com\/fr\/product\/love-wine\/","name":"Love Wine | Living Libations","isPartOf":{"@id":"https:\/\/dutchhealthstore.com\/fr\/#website"},"primaryImageOfPage":{"@id":"https:\/\/dutchhealthstore.com\/fr\/product\/love-wine\/#primaryimage"},"image":{"@id":"https:\/\/dutchhealthstore.com\/fr\/product\/love-wine\/#primaryimage"},"thumbnailUrl":"https:\/\/dutchhealthstore.com\/wp-content\/uploads\/2018\/02\/Love-Wine.png","datePublished":"2018-02-10T19:47:03+00:00","dateModified":"2026-04-13T10:06:23+00:00","description":"Living Libations Love wine est un \u00e9lixir de l'\u00e9ternel; ces essences d'un autre monde se m\u00ealent de mani\u00e8re co-cr\u00e9ative au d\u00e9sir qui sommeille en vous.","breadcrumb":{"@id":"https:\/\/dutchhealthstore.com\/fr\/product\/love-wine\/#breadcrumb"},"inLanguage":"fr-FR","potentialAction":[{"@type":"ReadAction","target":["https:\/\/dutchhealthstore.com\/fr\/product\/love-wine\/"]}]},{"@type":"ImageObject","inLanguage":"fr-FR","@id":"https:\/\/dutchhealthstore.com\/fr\/product\/love-wine\/#primaryimage","url":"https:\/\/dutchhealthstore.com\/wp-content\/uploads\/2018\/02\/Love-Wine.png","contentUrl":"https:\/\/dutchhealthstore.com\/wp-content\/uploads\/2018\/02\/Love-Wine.png","width":530,"height":530},{"@type":"BreadcrumbList","@id":"https:\/\/dutchhealthstore.com\/fr\/product\/love-wine\/#breadcrumb","itemListElement":[{"@type":"ListItem","position":1,"name":"Home","item":"https:\/\/dutchhealthstore.com\/fr\/"},{"@type":"ListItem","position":2,"name":"Shop","item":"https:\/\/dutchhealthstore.com\/fr\/shop\/"},{"@type":"ListItem","position":3,"name":"Love Wine"}]},{"@type":"WebSite","@id":"https:\/\/dutchhealthstore.com\/fr\/#website","url":"https:\/\/dutchhealthstore.com\/fr\/","name":"Dutch Health Store","description":"Enhance Your Beauty with Organic &amp; Natural Skincare","publisher":{"@id":"https:\/\/dutchhealthstore.com\/fr\/#organization"},"potentialAction":[{"@type":"SearchAction","target":{"@type":"EntryPoint","urlTemplate":"https:\/\/dutchhealthstore.com\/fr\/?s={search_term_string}"},"query-input":{"@type":"PropertyValueSpecification","valueRequired":true,"valueName":"search_term_string"}}],"inLanguage":"fr-FR"},{"@type":"Organization","@id":"https:\/\/dutchhealthstore.com\/fr\/#organization","name":"Dutch Health Store","url":"https:\/\/dutchhealthstore.com\/fr\/","logo":{"@type":"ImageObject","inLanguage":"fr-FR","@id":"https:\/\/dutchhealthstore.com\/fr\/#\/schema\/logo\/image\/","url":"https:\/\/dutchhealthstore.com\/wp-content\/uploads\/2020\/08\/logo-dutchhealthstore-jpg-e1599484957574.jpg","contentUrl":"https:\/\/dutchhealthstore.com\/wp-content\/uploads\/2020\/08\/logo-dutchhealthstore-jpg-e1599484957574.jpg","width":400,"height":62,"caption":"Dutch Health Store"},"image":{"@id":"https:\/\/dutchhealthstore.com\/fr\/#\/schema\/logo\/image\/"},"sameAs":["https:\/\/www.instagram.com\/dutchhealthstore\/","https:\/\/www.facebook.com\/dutchhealthstore"]}]},"product_brand":"Living Libations","product_price_amount":"39.00","product_price_currency":"EUR","og_availability":"instock","product_availability":"instock","product_condition":"new"},"_links":{"self":[{"href":"https:\/\/dutchhealthstore.com\/fr\/wp-json\/wp\/v2\/product\/115235","targetHints":{"allow":["GET"]}}],"collection":[{"href":"https:\/\/dutchhealthstore.com\/fr\/wp-json\/wp\/v2\/product"}],"about":[{"href":"https:\/\/dutchhealthstore.com\/fr\/wp-json\/wp\/v2\/types\/product"}],"replies":[{"embeddable":true,"href":"https:\/\/dutchhealthstore.com\/fr\/wp-json\/wp\/v2\/comments?post=115235"}],"wp:featuredmedia":[{"embeddable":true,"href":"https:\/\/dutchhealthstore.com\/fr\/wp-json\/wp\/v2\/media\/359743"}],"wp:attachment":[{"href":"https:\/\/dutchhealthstore.com\/fr\/wp-json\/wp\/v2\/media?parent=115235"}],"wp:term":[{"taxonomy":"product_brand","embeddable":true,"href":"https:\/\/dutchhealthstore.com\/fr\/wp-json\/wp\/v2\/product_brand?post=115235"},{"taxonomy":"product_cat","embeddable":true,"href":"https:\/\/dutchhealthstore.com\/fr\/wp-json\/wp\/v2\/product_cat?post=115235"},{"taxonomy":"product_tag","embeddable":true,"href":"https:\/\/dutchhealthstore.com\/fr\/wp-json\/wp\/v2\/product_tag?post=115235"}],"curies":[{"name":"wp","href":"https:\/\/api.w.org\/{rel}","templated":true}]}}