{"id":115157,"date":"2018-02-10T19:33:17","date_gmt":"2018-02-10T19:33:17","guid":{"rendered":"https:\/\/dutchhealthstore.com\/product\/longevity-liquid\/"},"modified":"2026-04-28T15:32:35","modified_gmt":"2026-04-28T13:32:35","slug":"longevity-liquid","status":"publish","type":"product","link":"https:\/\/dutchhealthstore.com\/fr\/product\/longevity-liquid\/","title":{"rendered":"Longevity Liquid"},"content":{"rendered":"<h3><img decoding=\"async\" class=\"alignright size-full wp-image-37041\" src=\"https:\/\/dutchhealthstore.com\/wp-content\/uploads\/2018\/04\/Living_Libations-1.png\" alt=\"Organic &amp; Natural Beautyproducts - Living Libations\" width=\"175\" height=\"82\">Utiliser<\/h3>\n<p>  Appliquez une goutte pure ou dilu\u00e9e dans une noisette d&rsquo;huile de coco sur la poitrine et le nez. Ajoutez une goutte \u00e0 notre inhalateur de sel, \u00e0 un bain ou une douche \u00e0 la vapeur, \u00e0 un diffuseur ou \u00e0 un vaporisateur pour purifier l&rsquo;air. Pour une invitation instantan\u00e9e \u00e0 une respiration renouvel\u00e9e, prenez une bouff\u00e9e directement \u00e0 partir du flacon ouvert.  <\/p>\n<h3 class=\"yikes-custom-woo-tab-title yikes-custom-woo-tab-title-natural-organic-ingredients\">Ingr\u00e9dients naturels\/biologiques<\/h3>\n<p><strong>Marjolaine <\/strong><em>(Origanum marjorana)<\/em> &#8211; La marjolaine est utilis\u00e9e pour purifier le corps, l&rsquo;esprit et l&rsquo;\u00e2me depuis les temps bibliques. Distill\u00e9e \u00e0 la vapeur pour capturer les pouvoirs aromath\u00e9rapeutiques de cette herbe parfum\u00e9e, la marjolaine apaise et stabilise tout en harmonisant le corps et l&rsquo;esprit. Les \u00e9motions extr\u00eames, l&rsquo;insomnie et les tensions sont r\u00e9\u00e9quilibr\u00e9es par la caresse apaisante de la marjolaine, qui \u00e9tait utilis\u00e9e par les Grecs et les Romains pour invoquer des \u00e9tats de paix \u00e9clair\u00e9e. <strong>Encens <\/strong><em>(Boswellia carterii)<\/em><strong> <\/strong><em>&#8211;<\/em> Fortifiant<em> <\/em>L&rsquo;encens est l\u00e9gendaire pour sa capacit\u00e9 \u00e0 pacifier les rougeurs et l&rsquo;agitation. Ce tr\u00e9sor de talent est traditionnellement utilis\u00e9 pour \u00e9quilibrer la respiration, soigner la bouche, envelopper la gorge, revigorer la vitalit\u00e9 et encourager la confiance. Cette essence ancienne a \u00e9galement une affinit\u00e9 avec l&rsquo;harmonisation du chakra de la gorge et nous aide \u00e0 nous connecter \u00e0 la sagesse de notre guidance int\u00e9rieure. L&rsquo;encens nous connecte \u00e0 la perspicacit\u00e9 de notre guidance interne, nous aidant \u00e0 nous accorder \u00e0 notre intuition lorsque nous voulons partager les transmissions de notre intelligence infinie. <strong>\u00c9pic\u00e9a noir <\/strong><em>(Picea mariana<\/em>) &#8211; L&rsquo;\u00e9pinette fortifiante est cultiv\u00e9e \u00e0 l&rsquo;\u00e9tat sauvage et distill\u00e9e \u00e0 la vapeur au c\u0153ur de la nature canadienne. Cette huile rafra\u00eechissante est un tonique revigorant, et peut soulager la fatigue et raviver le deuxi\u00e8me chakra. L&rsquo;huile d&rsquo;\u00e9pic\u00e9a est plus douce que les autres huiles \u00e0 feuilles persistantes et est traditionnellement connue pour soulager l&rsquo;haleine. Profitez d&rsquo;un parfum invitant de feuillage persistant, de neige fra\u00eechement tomb\u00e9e et de bois doux pour clarifier l&rsquo;air et rel\u00e2cher la tension dans le corps. <strong>Lavande <\/strong><em>(Lavandula angustifolia<\/em>) &#8211; L&rsquo;agr\u00e9able parfum de la lavande cajole les sens, lib\u00e8re les tensions nerveuses et d\u00e9tend la respiration.<br \/>\nLa lavande est une berceuse qui apaise la tristesse, favorise la concentration, calme le stress et augmente la fluidit\u00e9. <strong>Tanaisie bleue <\/strong><em>(Tanacetum annuum<\/em>) &#8211; Cette belle huile bleue est abondante en azul\u00e8ne et en sesquiterp\u00e8nes apaisants.<br \/>\nElle est riche en composants phytochimiques calmants et rafra\u00eechissants qui b\u00e9nissent le corps et la respiration. <strong>Niaouli <\/strong><em>(Melaleuca quinquenervia<\/em>) &#8211;  <strong> <\/strong>Le niaouli est le cousin fort et silencieux de l&rsquo;huile d&rsquo;arbre \u00e0 th\u00e9. Si vous trouvez que l&rsquo;arbre \u00e0 th\u00e9 a une odeur un peu piquante, cette essence revitalisante offre la m\u00eame clart\u00e9 nettoyante envelopp\u00e9e dans un parfum plus chaud, plus doux et plus camphr\u00e9. Le niaouli est traditionnellement utilis\u00e9 pour lib\u00e9rer la poitrine et purifier l&rsquo;air afin que vous puissiez parler, chanter et dormir en toute s\u00e9r\u00e9nit\u00e9. <strong>Menthe poivr\u00e9e <\/strong><em>(Mentha piperita<\/em>) &#8211; Une bouff\u00e9e de menthe poivr\u00e9e est comme l&rsquo;inhalation de l&rsquo;air frais de l&rsquo;hiver. Cette brise lumineuse ajoute du peps \u00e0 cet \u00e9lixir revigorant. Le menthol menthol\u00e9 fait circuler les fluides et \u00e9limine les ahems.  <img fetchpriority=\"high\" decoding=\"async\" class=\"size-full wp-image-31577 aligncenter\" src=\"https:\/\/dutchhealthstore.com\/wp-content\/uploads\/2018\/03\/organic_big.png\" alt=\"Organic and Natural - Living Libations\" width=\"623\" height=\"103\" srcset=\"https:\/\/dutchhealthstore.com\/wp-content\/uploads\/2018\/03\/organic_big.png 623w, https:\/\/dutchhealthstore.com\/wp-content\/uploads\/2018\/03\/organic_big-510x84.png 510w, https:\/\/dutchhealthstore.com\/wp-content\/uploads\/2018\/03\/organic_big-600x99.png 600w, https:\/\/dutchhealthstore.com\/wp-content\/uploads\/2018\/03\/organic_big-350x58.png 350w\" sizes=\"(max-width: 623px) 100vw, 623px\" \/><\/p>\n","protected":false},"excerpt":{"rendered":"<p>Que les autels de vos voies respiratoires chantent all\u00e9luia! Living Libations <strong>Longevity Liquid<\/strong> est le meilleur ami de votre souffle: il donne de l&rsquo;ampleur aux inspirations et rend les expirations extatiques. Le liquide de long\u00e9vit\u00e9 est un m\u00e9lange qui donne du souffle \u00e0 la respiration et qui apporte de la flottabilit\u00e9 botanique \u00e0 une respiration encombr\u00e9e. Glissez par les susceptibilit\u00e9s aux aversions n\u00e9es de l&rsquo;air en appliquant sur la poitrine ou le nez ou diffusez pour \u00e9lever l&rsquo;atmosph\u00e8re, d\u00e9gager l&rsquo;air, et inspirer une clart\u00e9 vivifiante. Anciennement, Lungevity &#8211; nouveau nom mais la formule reste la m\u00eame.<\/p>\n","protected":false},"featured_media":46568,"comment_status":"open","ping_status":"closed","template":"","meta":[],"product_brand":[],"product_cat":[6734,1211,3756,6746,1209,6759,6763,1010,6733],"product_tag":[4392],"class_list":{"0":"post-115157","1":"product","2":"type-product","3":"status-publish","4":"has-post-thumbnail","6":"product_cat-essential-oils","7":"product_cat-living-libations-france","8":"product_cat-melanges","9":"product_cat-essential-oil-blends-fr-2","10":"product_cat-par-marques","11":"product_cat-remedies-fr","12":"product_cat-colds-flu-fr-2","13":"product_cat-notre-boutique","14":"product_cat-wellness-fr-2","15":"product_tag-elixir-fr","16":"pa_brand-livinglibations-fr","17":"pa_essential-oils-product-type-essential-oil-blends-fr","18":"pa_health-productype-immunity-colds-fr","19":"pa_remedies-cold-flu-fr","20":"pa_size-15-ml-fr","21":"pa_size-5-ml-fr","23":"first","24":"outofstock","25":"taxable","26":"shipping-taxable","27":"purchasable","28":"product-type-variable"},"bundled_by":[],"bundle_stock_status":"outofstock","bundle_stock_quantity":null,"bundle_virtual":false,"bundle_layout":"","bundle_add_to_cart_form_location":"","bundle_editable_in_cart":false,"bundle_sold_individually_context":"","bundle_item_grouping":"","bundle_min_size":"","bundle_max_size":"","bundle_price":[],"bundled_items":[],"bundle_sell_ids":[247525],"atum_controlled":true,"out_stock_date":null,"out_stock_threshold":null,"inheritable":true,"stock_on_hold":1,"sold_today":0,"sales_last_days":2,"out_stock_days":0,"lost_sales":0,"update_date":"2026-04-30T11:56:07","atum_locations":[],"atum_stock_status":"instock","restock_status":false,"low_stock_amount":"","sales_update_date":"2026-04-30T11:56:07","calc_backorders":null,"group_of_quantity":0,"min_quantity":0,"max_quantity":"","exclude_order_quantity_value_rules":"no","exclude_category_quantity_rules":"no","combine_variations":"no","yoast_head":"<!-- This site is optimized with the Yoast SEO Premium plugin v26.5 (Yoast SEO v26.5) - https:\/\/yoast.com\/wordpress\/plugins\/seo\/ -->\n<title>Longevity Liquid - Living Libations<\/title>\n<meta name=\"description\" content=\"Living Libations Longevity Liquid est le meilleur ami de votre souffle: il donne de l&#039;ampleur aux inspirations et rend les expirations extatiques.\" \/>\n<meta name=\"robots\" content=\"index, follow, max-snippet:-1, max-image-preview:large, max-video-preview:-1\" \/>\n<link rel=\"canonical\" href=\"https:\/\/dutchhealthstore.com\/fr\/product\/longevity-liquid\/\" \/>\n<meta property=\"og:locale\" content=\"fr_FR\" \/>\n<meta property=\"og:type\" content=\"article\" \/>\n<meta property=\"og:title\" content=\"Longevity Liquid - Dutch Health Store\" \/>\n<meta property=\"og:description\" content=\"Living Libations Longevity Liquid est le meilleur ami de votre souffle: il donne de l&#039;ampleur aux inspirations et rend les expirations extatiques.\" \/>\n<meta property=\"og:url\" content=\"https:\/\/dutchhealthstore.com\/fr\/product\/longevity-liquid\/\" \/>\n<meta property=\"og:site_name\" content=\"Dutch Health Store\" \/>\n<meta property=\"article:publisher\" content=\"https:\/\/www.instagram.com\/dutchhealthstore\/\" \/>\n<meta property=\"article:modified_time\" content=\"2026-04-28T13:32:35+00:00\" \/>\n<meta property=\"og:image\" content=\"https:\/\/dutchhealthstore.com\/wp-content\/uploads\/2018\/02\/Living-Libations-Longevity-Liquid-30ml.jpg\" \/>\n\t<meta property=\"og:image:width\" content=\"510\" \/>\n\t<meta property=\"og:image:height\" content=\"600\" \/>\n\t<meta property=\"og:image:type\" content=\"image\/jpeg\" \/>\n<meta name=\"twitter:card\" content=\"summary_large_image\" \/>\n<meta name=\"twitter:label1\" content=\"Disponibilit\u00e9\" \/>\n\t<meta name=\"twitter:data1\" content=\"Rupture de stock\" \/>\n<script type=\"application\/ld+json\" class=\"yoast-schema-graph\">{\"@context\":\"https:\/\/schema.org\",\"@graph\":[{\"@type\":\"WebPage\",\"@id\":\"https:\/\/dutchhealthstore.com\/fr\/product\/longevity-liquid\/\",\"url\":\"https:\/\/dutchhealthstore.com\/fr\/product\/longevity-liquid\/\",\"name\":\"Longevity Liquid - Living Libations\",\"isPartOf\":{\"@id\":\"https:\/\/dutchhealthstore.com\/fr\/#website\"},\"primaryImageOfPage\":{\"@id\":\"https:\/\/dutchhealthstore.com\/fr\/product\/longevity-liquid\/#primaryimage\"},\"image\":{\"@id\":\"https:\/\/dutchhealthstore.com\/fr\/product\/longevity-liquid\/#primaryimage\"},\"thumbnailUrl\":\"https:\/\/dutchhealthstore.com\/wp-content\/uploads\/2018\/02\/Living-Libations-Longevity-Liquid-30ml.jpg\",\"datePublished\":\"2018-02-10T19:33:17+00:00\",\"dateModified\":\"2026-04-28T13:32:35+00:00\",\"description\":\"Living Libations Longevity Liquid est le meilleur ami de votre souffle: il donne de l'ampleur aux inspirations et rend les expirations extatiques.\",\"breadcrumb\":{\"@id\":\"https:\/\/dutchhealthstore.com\/fr\/product\/longevity-liquid\/#breadcrumb\"},\"inLanguage\":\"fr-FR\",\"potentialAction\":[{\"@type\":\"ReadAction\",\"target\":[\"https:\/\/dutchhealthstore.com\/fr\/product\/longevity-liquid\/\"]}]},{\"@type\":\"ImageObject\",\"inLanguage\":\"fr-FR\",\"@id\":\"https:\/\/dutchhealthstore.com\/fr\/product\/longevity-liquid\/#primaryimage\",\"url\":\"https:\/\/dutchhealthstore.com\/wp-content\/uploads\/2018\/02\/Living-Libations-Longevity-Liquid-30ml.jpg\",\"contentUrl\":\"https:\/\/dutchhealthstore.com\/wp-content\/uploads\/2018\/02\/Living-Libations-Longevity-Liquid-30ml.jpg\",\"width\":510,\"height\":600,\"caption\":\"Living Libations - Longevity Liquid\"},{\"@type\":\"BreadcrumbList\",\"@id\":\"https:\/\/dutchhealthstore.com\/fr\/product\/longevity-liquid\/#breadcrumb\",\"itemListElement\":[{\"@type\":\"ListItem\",\"position\":1,\"name\":\"Home\",\"item\":\"https:\/\/dutchhealthstore.com\/fr\/\"},{\"@type\":\"ListItem\",\"position\":2,\"name\":\"Shop\",\"item\":\"https:\/\/dutchhealthstore.com\/fr\/shop\/\"},{\"@type\":\"ListItem\",\"position\":3,\"name\":\"Longevity Liquid\"}]},{\"@type\":\"WebSite\",\"@id\":\"https:\/\/dutchhealthstore.com\/fr\/#website\",\"url\":\"https:\/\/dutchhealthstore.com\/fr\/\",\"name\":\"Dutch Health Store\",\"description\":\"Enhance Your Beauty with Organic &amp; Natural Skincare\",\"publisher\":{\"@id\":\"https:\/\/dutchhealthstore.com\/fr\/#organization\"},\"potentialAction\":[{\"@type\":\"SearchAction\",\"target\":{\"@type\":\"EntryPoint\",\"urlTemplate\":\"https:\/\/dutchhealthstore.com\/fr\/?s={search_term_string}\"},\"query-input\":{\"@type\":\"PropertyValueSpecification\",\"valueRequired\":true,\"valueName\":\"search_term_string\"}}],\"inLanguage\":\"fr-FR\"},{\"@type\":\"Organization\",\"@id\":\"https:\/\/dutchhealthstore.com\/fr\/#organization\",\"name\":\"Dutch Health Store\",\"url\":\"https:\/\/dutchhealthstore.com\/fr\/\",\"logo\":{\"@type\":\"ImageObject\",\"inLanguage\":\"fr-FR\",\"@id\":\"https:\/\/dutchhealthstore.com\/fr\/#\/schema\/logo\/image\/\",\"url\":\"https:\/\/dutchhealthstore.com\/wp-content\/uploads\/2020\/08\/logo-dutchhealthstore-jpg-e1599484957574.jpg\",\"contentUrl\":\"https:\/\/dutchhealthstore.com\/wp-content\/uploads\/2020\/08\/logo-dutchhealthstore-jpg-e1599484957574.jpg\",\"width\":400,\"height\":62,\"caption\":\"Dutch Health Store\"},\"image\":{\"@id\":\"https:\/\/dutchhealthstore.com\/fr\/#\/schema\/logo\/image\/\"},\"sameAs\":[\"https:\/\/www.instagram.com\/dutchhealthstore\/\",\"https:\/\/www.facebook.com\/dutchhealthstore\"]}]}<\/script>\n<meta property=\"product:brand\" content=\"Living Libations\" \/>\n<meta property=\"og:availability\" content=\"out of stock\" \/>\n<meta property=\"product:availability\" content=\"out of stock\" \/>\n<meta property=\"product:condition\" content=\"new\" \/>\n<!-- \/ Yoast SEO Premium plugin. -->","yoast_head_json":{"title":"Longevity Liquid - Living Libations","description":"Living Libations Longevity Liquid est le meilleur ami de votre souffle: il donne de l'ampleur aux inspirations et rend les expirations extatiques.","robots":{"index":"index","follow":"follow","max-snippet":"max-snippet:-1","max-image-preview":"max-image-preview:large","max-video-preview":"max-video-preview:-1"},"canonical":"https:\/\/dutchhealthstore.com\/fr\/product\/longevity-liquid\/","og_locale":"fr_FR","og_type":"article","og_title":"Longevity Liquid - Dutch Health Store","og_description":"Living Libations Longevity Liquid est le meilleur ami de votre souffle: il donne de l'ampleur aux inspirations et rend les expirations extatiques.","og_url":"https:\/\/dutchhealthstore.com\/fr\/product\/longevity-liquid\/","og_site_name":"Dutch Health Store","article_publisher":"https:\/\/www.instagram.com\/dutchhealthstore\/","article_modified_time":"2026-04-28T13:32:35+00:00","og_image":[{"width":510,"height":600,"url":"https:\/\/dutchhealthstore.com\/wp-content\/uploads\/2018\/02\/Living-Libations-Longevity-Liquid-30ml.jpg","type":"image\/jpeg"}],"twitter_card":"summary_large_image","twitter_misc":{"Disponibilit\u00e9":"Rupture de stock"},"schema":{"@context":"https:\/\/schema.org","@graph":[{"@type":"WebPage","@id":"https:\/\/dutchhealthstore.com\/fr\/product\/longevity-liquid\/","url":"https:\/\/dutchhealthstore.com\/fr\/product\/longevity-liquid\/","name":"Longevity Liquid - Living Libations","isPartOf":{"@id":"https:\/\/dutchhealthstore.com\/fr\/#website"},"primaryImageOfPage":{"@id":"https:\/\/dutchhealthstore.com\/fr\/product\/longevity-liquid\/#primaryimage"},"image":{"@id":"https:\/\/dutchhealthstore.com\/fr\/product\/longevity-liquid\/#primaryimage"},"thumbnailUrl":"https:\/\/dutchhealthstore.com\/wp-content\/uploads\/2018\/02\/Living-Libations-Longevity-Liquid-30ml.jpg","datePublished":"2018-02-10T19:33:17+00:00","dateModified":"2026-04-28T13:32:35+00:00","description":"Living Libations Longevity Liquid est le meilleur ami de votre souffle: il donne de l'ampleur aux inspirations et rend les expirations extatiques.","breadcrumb":{"@id":"https:\/\/dutchhealthstore.com\/fr\/product\/longevity-liquid\/#breadcrumb"},"inLanguage":"fr-FR","potentialAction":[{"@type":"ReadAction","target":["https:\/\/dutchhealthstore.com\/fr\/product\/longevity-liquid\/"]}]},{"@type":"ImageObject","inLanguage":"fr-FR","@id":"https:\/\/dutchhealthstore.com\/fr\/product\/longevity-liquid\/#primaryimage","url":"https:\/\/dutchhealthstore.com\/wp-content\/uploads\/2018\/02\/Living-Libations-Longevity-Liquid-30ml.jpg","contentUrl":"https:\/\/dutchhealthstore.com\/wp-content\/uploads\/2018\/02\/Living-Libations-Longevity-Liquid-30ml.jpg","width":510,"height":600,"caption":"Living Libations - Longevity Liquid"},{"@type":"BreadcrumbList","@id":"https:\/\/dutchhealthstore.com\/fr\/product\/longevity-liquid\/#breadcrumb","itemListElement":[{"@type":"ListItem","position":1,"name":"Home","item":"https:\/\/dutchhealthstore.com\/fr\/"},{"@type":"ListItem","position":2,"name":"Shop","item":"https:\/\/dutchhealthstore.com\/fr\/shop\/"},{"@type":"ListItem","position":3,"name":"Longevity Liquid"}]},{"@type":"WebSite","@id":"https:\/\/dutchhealthstore.com\/fr\/#website","url":"https:\/\/dutchhealthstore.com\/fr\/","name":"Dutch Health Store","description":"Enhance Your Beauty with Organic &amp; Natural Skincare","publisher":{"@id":"https:\/\/dutchhealthstore.com\/fr\/#organization"},"potentialAction":[{"@type":"SearchAction","target":{"@type":"EntryPoint","urlTemplate":"https:\/\/dutchhealthstore.com\/fr\/?s={search_term_string}"},"query-input":{"@type":"PropertyValueSpecification","valueRequired":true,"valueName":"search_term_string"}}],"inLanguage":"fr-FR"},{"@type":"Organization","@id":"https:\/\/dutchhealthstore.com\/fr\/#organization","name":"Dutch Health Store","url":"https:\/\/dutchhealthstore.com\/fr\/","logo":{"@type":"ImageObject","inLanguage":"fr-FR","@id":"https:\/\/dutchhealthstore.com\/fr\/#\/schema\/logo\/image\/","url":"https:\/\/dutchhealthstore.com\/wp-content\/uploads\/2020\/08\/logo-dutchhealthstore-jpg-e1599484957574.jpg","contentUrl":"https:\/\/dutchhealthstore.com\/wp-content\/uploads\/2020\/08\/logo-dutchhealthstore-jpg-e1599484957574.jpg","width":400,"height":62,"caption":"Dutch Health Store"},"image":{"@id":"https:\/\/dutchhealthstore.com\/fr\/#\/schema\/logo\/image\/"},"sameAs":["https:\/\/www.instagram.com\/dutchhealthstore\/","https:\/\/www.facebook.com\/dutchhealthstore"]}]},"product_brand":"Living Libations","og_availability":"out of stock","product_availability":"out of stock","product_condition":"new"},"_links":{"self":[{"href":"https:\/\/dutchhealthstore.com\/fr\/wp-json\/wp\/v2\/product\/115157","targetHints":{"allow":["GET"]}}],"collection":[{"href":"https:\/\/dutchhealthstore.com\/fr\/wp-json\/wp\/v2\/product"}],"about":[{"href":"https:\/\/dutchhealthstore.com\/fr\/wp-json\/wp\/v2\/types\/product"}],"replies":[{"embeddable":true,"href":"https:\/\/dutchhealthstore.com\/fr\/wp-json\/wp\/v2\/comments?post=115157"}],"wp:featuredmedia":[{"embeddable":true,"href":"https:\/\/dutchhealthstore.com\/fr\/wp-json\/wp\/v2\/media\/46568"}],"wp:attachment":[{"href":"https:\/\/dutchhealthstore.com\/fr\/wp-json\/wp\/v2\/media?parent=115157"}],"wp:term":[{"taxonomy":"product_brand","embeddable":true,"href":"https:\/\/dutchhealthstore.com\/fr\/wp-json\/wp\/v2\/product_brand?post=115157"},{"taxonomy":"product_cat","embeddable":true,"href":"https:\/\/dutchhealthstore.com\/fr\/wp-json\/wp\/v2\/product_cat?post=115157"},{"taxonomy":"product_tag","embeddable":true,"href":"https:\/\/dutchhealthstore.com\/fr\/wp-json\/wp\/v2\/product_tag?post=115157"}],"curies":[{"name":"wp","href":"https:\/\/api.w.org\/{rel}","templated":true}]}}