{"id":115140,"date":"2018-02-10T19:37:39","date_gmt":"2018-02-10T19:37:39","guid":{"rendered":"https:\/\/dutchhealthstore.com\/product\/illume-hotberry\/"},"modified":"2025-10-28T10:53:19","modified_gmt":"2025-10-28T09:53:19","slug":"illume-hotberry","status":"publish","type":"product","link":"https:\/\/dutchhealthstore.com\/fr\/product\/illume-hotberry\/","title":{"rendered":"Illume Hotberry"},"content":{"rendered":"<p><img decoding=\"async\" class=\"size-full wp-image-37041 alignright\" src=\"https:\/\/dutchhealthstore.com\/wp-content\/uploads\/2018\/04\/Living_Libations-1.png\" alt=\"Organic &amp; Natural Beautyproducts - Living Libations\" width=\"175\" height=\"82\">Ravivez votre rajeunissement, d\u00e9gonflez votre fatigue, ravivez votre dynamisme et expulsez les n\u00e9ophytes de l&rsquo;environnement!<\/p>\n<p>Le m\u00e9lange Illume + Hotberry de Living Libations est une pharmacop\u00e9e d&rsquo;essences v\u00e9g\u00e9tales puissantes, riche en baies b\u00e9n\u00e9fiques, en \u00e9pices r\u00e9confortantes et en agrumes clarifiants pour renforcer les d\u00e9fenses naturelles de votre corps.<br \/>\nCette formule fusionne une \u00e9quipe talentueuse de tr\u00e9sors v\u00e9g\u00e9taux pour stimuler votre vitalit\u00e9.<br \/>\nCet \u00e9lixir regorge d&rsquo;huiles douces et \u00e9pic\u00e9es de baies de schisandra stabilisantes, de baies d&rsquo;argousier salvatrices, de gingembre \u00e9nergisant, de clou de girofle purifiant, de cannelle fortifiante, de curcuma tonifiant et de pamplemousse vivifiant.<\/p>\n<h3>Utiliser<\/h3>\n<p>Ajoutez une goutte pour infuser les huiles de massage. Diluer et appliquer directement sur la poitrine ou le nez. Diffuser pour purifier les lieux et les visages. Savourez-la dans un bain de vapeur ou inhalez-la \u00e0 m\u00eame la bouteille. Elle peut \u00e9galement \u00eatre d\u00e9pos\u00e9e sur du chocolat, des cuill\u00e8res de miel, d&rsquo;huile d&rsquo;olive ou de noix de coco, et m\u00e9lang\u00e9e \u00e0 des th\u00e9s!<\/p>\n<h3 class=\"yikes-custom-woo-tab-title yikes-custom-woo-tab-title-natural-organic-ingredients\">Natural\/Organic Ingredients<\/h3>\n<p>huile essentielle huile <strong>baie de schizandra<\/strong> <em>(Schizandra spenanthera)<\/em> &#8211; La baie de schizandra est distill\u00e9e \u00e0 partir des baies de l&rsquo;arbuste indon\u00e9sien schizandra. Ces baies sont un aliment de base de la m\u00e9decine traditionnelle chinoise, et sont utilis\u00e9es depuis des milliers d&rsquo;ann\u00e9es pour stimuler le chi du corps et augmenter le seuil de stress de l&rsquo;organisme. Connu sous le nom de \u00ab\u00a0wu wei zi\u00a0\u00bb en chinois, ce \u00ab\u00a0fruit aux cinq saveurs\u00a0\u00bb contient une palette complexe de saveurs am\u00e8res, sal\u00e9es, \u00e9pic\u00e9es, sucr\u00e9es et acides. Notre huile de schizandra est une extraction super-critique concentr\u00e9e et contient encore plus de bienfaits aromath\u00e9rapeutiques qu&rsquo;elle n&rsquo;a d&rsquo;ar\u00f4mes.<\/p>\n<p><strong>Seabuckthorn Berry <\/strong> Essential huile <em>(Hippophae rhamnoides)<\/em> &#8211; Notre extraction supercritique de l&rsquo;argousier est m\u00fbre avec des qualit\u00e9s d&rsquo;aide paradisiaque. Riche en nutriments, en om\u00e9gas et en vitamine C, l&rsquo;argousier contient \u00e9galement dix-sept phytost\u00e9rols diff\u00e9rents. Cette huile lipophile lubrifie et reconstitue les tissus pour un regain de vitalit\u00e9.<\/p>\n<p>huile essentielle huile<strong>racine de gingembre <\/strong><em> (Zingiber officinales)<\/em> &#8211; \u00c9pic\u00e9 et vivifiant, la racine de gingembre emballe un punch herbac\u00e9! Un extrait super-critique de gingembre cultiv\u00e9 \u00e0 Madagascar, nos racines juteuses ajoutent un zeste de chaleur pour que vous vous sentiez pr\u00eat \u00e0 chanter! Le gingembre, qui est l&rsquo;une des \u00e9pices les plus populaires au monde, poss\u00e8de des qualit\u00e9s de r\u00e9chauffement et d&rsquo;apaisement qui ont \u00e9t\u00e9 prouv\u00e9es par son utilisation intensive dans les anciennes cultures indiennes et chinoises.<\/p>\n<p><strong>Huile essentielle de clou de girofle<\/strong> <em>(Eugenia carophyllata)<\/em> \u2013 Le clou de girofle est un classique de l&rsquo;aromath\u00e9rapie ayant une affinit\u00e9 pour l&rsquo;am\u00e9lioration du bien-\u00eatre. Le clou de girofle purifie les aversions a\u00e9riennes et les ne&rsquo;re-dowells environnementaux.<\/p>\n<p>Huile essentielle de <strong>cannelle<\/strong> <strong>\u00e9corce<\/strong> <em>(Cinnamomum zeylanicum)<\/em> \u2013 La douce cannelle est stimulante et r\u00e9chauffante. Cette distillation authentique de la v\u00e9ritable \u00e9corce de cannelle est l&rsquo;un des \u00e9radicateurs les plus efficaces de la plan\u00e8te. Historiquement, cette \u00e9corce a \u00e9t\u00e9 utilis\u00e9e pour raviver et revigorer.<\/p>\n<p>huile essentielle de <strong>curcuma<\/strong> <em>(Curcuma longa)<\/em> &#8211; Notre extrait de curcuma, super puissant, est un aliment \u00e0 base de plantes d&rsquo;une grande bont\u00e9 pour votre hom\u00e9ostasie heureuse.<\/p>\n<p>huile essentielle de <strong>pamplemousse <\/strong> <em>(Citrus paradisi)<\/em> &#8211; Le pamplemousse est un tonique qui stimule la salivation et favorise les sentiments de bonne humeur.<\/p>\n<p><img fetchpriority=\"high\" decoding=\"async\" class=\"size-full wp-image-31577 aligncenter\" src=\"https:\/\/dutchhealthstore.com\/wp-content\/uploads\/2018\/03\/organic_big.png\" alt=\"Organic and Natural - Living Libations\" width=\"623\" height=\"103\" srcset=\"https:\/\/dutchhealthstore.com\/wp-content\/uploads\/2018\/03\/organic_big.png 623w, https:\/\/dutchhealthstore.com\/wp-content\/uploads\/2018\/03\/organic_big-510x84.png 510w, https:\/\/dutchhealthstore.com\/wp-content\/uploads\/2018\/03\/organic_big-600x99.png 600w, https:\/\/dutchhealthstore.com\/wp-content\/uploads\/2018\/03\/organic_big-350x58.png 350w\" sizes=\"(max-width: 623px) 100vw, 623px\" \/><\/p>\n","protected":false},"excerpt":{"rendered":"<p>Stimulez votre r\u00e9g\u00e9n\u00e9ration, dissipez votre fatigue, ravivez votre \u00e9nergie et chassez les influences environnementales n\u00e9fastes !<\/p>\n<p>Le m\u00e9lange <strong>Illume + Hotberry<\/strong> de Living Libations est une pharmacop\u00e9e d&rsquo;essences v\u00e9g\u00e9tales puissantes, riche en baies b\u00e9n\u00e9fiques, en \u00e9pices r\u00e9confortantes et en agrumes clarifiants pour renforcer les d\u00e9fenses naturelles de votre corps.<br \/>\nCette formule fusionne une \u00e9quipe talentueuse de tr\u00e9sors v\u00e9g\u00e9taux pour stimuler votre vitalit\u00e9.<br \/>\nCet \u00e9lixir regorge d&rsquo;huiles douces et \u00e9pic\u00e9es de baies de schisandra stabilisantes, de baies d&rsquo;argousier salvatrices, de gingembre \u00e9nergisant, de clou de girofle purifiant, de cannelle fortifiante, de curcuma tonifiant et de pamplemousse vivifiant.<\/p>\n","protected":false},"featured_media":49038,"comment_status":"open","ping_status":"closed","template":"","meta":[],"product_brand":[],"product_cat":[6765,6734,6744,1211,3756,6746,1209,1010,6733],"product_tag":[6441,4392,4495],"class_list":{"0":"post-115140","1":"product","2":"type-product","3":"status-publish","4":"has-post-thumbnail","6":"product_cat-energy-vitality-fr-2","7":"product_cat-essential-oils","8":"product_cat-mood-fr-2","9":"product_cat-living-libations-france","10":"product_cat-melanges","11":"product_cat-essential-oil-blends-fr-2","12":"product_cat-par-marques","13":"product_cat-notre-boutique","14":"product_cat-wellness-fr-2","15":"product_tag-blends-fr","16":"product_tag-elixir-fr","17":"product_tag-essential-oil-fr","18":"pa_brand-livinglibations-fr","19":"pa_essential-oils-product-type-essential-oil-blends-fr","20":"pa_mood-energy-vitality-fr","21":"pa_size-15-ml-fr","22":"pa_size-5-ml-fr","24":"first","25":"instock","26":"taxable","27":"shipping-taxable","28":"purchasable","29":"product-type-variable"},"bundled_by":[],"bundle_stock_status":"instock","bundle_stock_quantity":null,"bundle_virtual":false,"bundle_layout":"","bundle_add_to_cart_form_location":"","bundle_editable_in_cart":false,"bundle_sold_individually_context":"","bundle_item_grouping":"","bundle_min_size":"","bundle_max_size":"","bundle_price":[],"bundled_items":[],"bundle_sell_ids":[247690],"atum_controlled":true,"out_stock_date":null,"out_stock_threshold":null,"inheritable":true,"stock_on_hold":1,"sold_today":0,"sales_last_days":0,"out_stock_days":0,"lost_sales":0,"update_date":"2026-04-16T00:04:36","atum_locations":[],"atum_stock_status":"instock","restock_status":false,"low_stock_amount":"","sales_update_date":"2026-04-16T00:04:36","calc_backorders":null,"group_of_quantity":0,"min_quantity":0,"max_quantity":"","exclude_order_quantity_value_rules":"no","exclude_category_quantity_rules":"no","combine_variations":"no","yoast_head":"<!-- This site is optimized with the Yoast SEO Premium plugin v26.5 (Yoast SEO v26.5) - https:\/\/yoast.com\/wordpress\/plugins\/seo\/ -->\n<title>Illume Hotberry | Living Libations<\/title>\n<meta name=\"description\" content=\"Une muse m\u00e9dicinale de puissantes plantes antibact\u00e9riennes antifongiques, une goutte ou deux avec du chocolat, du th\u00e9 ou du miel!\" \/>\n<meta name=\"robots\" content=\"index, follow, max-snippet:-1, max-image-preview:large, max-video-preview:-1\" \/>\n<link rel=\"canonical\" href=\"https:\/\/dutchhealthstore.com\/fr\/product\/illume-hotberry\/\" \/>\n<meta property=\"og:locale\" content=\"fr_FR\" \/>\n<meta property=\"og:type\" content=\"article\" \/>\n<meta property=\"og:title\" content=\"Illume Hotberry - Dutch Health Store\" \/>\n<meta property=\"og:description\" content=\"Une muse m\u00e9dicinale de puissantes plantes antibact\u00e9riennes antifongiques, une goutte ou deux avec du chocolat, du th\u00e9 ou du miel!\" \/>\n<meta property=\"og:url\" content=\"https:\/\/dutchhealthstore.com\/fr\/product\/illume-hotberry\/\" \/>\n<meta property=\"og:site_name\" content=\"Dutch Health Store\" \/>\n<meta property=\"article:publisher\" content=\"https:\/\/www.instagram.com\/dutchhealthstore\/\" \/>\n<meta property=\"article:modified_time\" content=\"2025-10-28T09:53:19+00:00\" \/>\n<meta property=\"og:image\" content=\"https:\/\/dutchhealthstore.com\/wp-content\/uploads\/2018\/02\/illume-hotberry-living-libations.jpg\" \/>\n\t<meta property=\"og:image:width\" content=\"510\" \/>\n\t<meta property=\"og:image:height\" content=\"600\" \/>\n\t<meta property=\"og:image:type\" content=\"image\/jpeg\" \/>\n<meta name=\"twitter:card\" content=\"summary_large_image\" \/>\n<meta name=\"twitter:label1\" content=\"Disponibilit\u00e9\" \/>\n\t<meta name=\"twitter:data1\" content=\"En stock\" \/>\n<script type=\"application\/ld+json\" class=\"yoast-schema-graph\">{\"@context\":\"https:\/\/schema.org\",\"@graph\":[{\"@type\":\"WebPage\",\"@id\":\"https:\/\/dutchhealthstore.com\/fr\/product\/illume-hotberry\/\",\"url\":\"https:\/\/dutchhealthstore.com\/fr\/product\/illume-hotberry\/\",\"name\":\"Illume Hotberry | Living Libations\",\"isPartOf\":{\"@id\":\"https:\/\/dutchhealthstore.com\/fr\/#website\"},\"primaryImageOfPage\":{\"@id\":\"https:\/\/dutchhealthstore.com\/fr\/product\/illume-hotberry\/#primaryimage\"},\"image\":{\"@id\":\"https:\/\/dutchhealthstore.com\/fr\/product\/illume-hotberry\/#primaryimage\"},\"thumbnailUrl\":\"https:\/\/dutchhealthstore.com\/wp-content\/uploads\/2018\/02\/illume-hotberry-living-libations.jpg\",\"datePublished\":\"2018-02-10T19:37:39+00:00\",\"dateModified\":\"2025-10-28T09:53:19+00:00\",\"description\":\"Une muse m\u00e9dicinale de puissantes plantes antibact\u00e9riennes antifongiques, une goutte ou deux avec du chocolat, du th\u00e9 ou du miel!\",\"breadcrumb\":{\"@id\":\"https:\/\/dutchhealthstore.com\/fr\/product\/illume-hotberry\/#breadcrumb\"},\"inLanguage\":\"fr-FR\",\"potentialAction\":[{\"@type\":\"ReadAction\",\"target\":[\"https:\/\/dutchhealthstore.com\/fr\/product\/illume-hotberry\/\"]}]},{\"@type\":\"ImageObject\",\"inLanguage\":\"fr-FR\",\"@id\":\"https:\/\/dutchhealthstore.com\/fr\/product\/illume-hotberry\/#primaryimage\",\"url\":\"https:\/\/dutchhealthstore.com\/wp-content\/uploads\/2018\/02\/illume-hotberry-living-libations.jpg\",\"contentUrl\":\"https:\/\/dutchhealthstore.com\/wp-content\/uploads\/2018\/02\/illume-hotberry-living-libations.jpg\",\"width\":510,\"height\":600,\"caption\":\"illume hotberry- living libations\"},{\"@type\":\"BreadcrumbList\",\"@id\":\"https:\/\/dutchhealthstore.com\/fr\/product\/illume-hotberry\/#breadcrumb\",\"itemListElement\":[{\"@type\":\"ListItem\",\"position\":1,\"name\":\"Home\",\"item\":\"https:\/\/dutchhealthstore.com\/fr\/\"},{\"@type\":\"ListItem\",\"position\":2,\"name\":\"Shop\",\"item\":\"https:\/\/dutchhealthstore.com\/fr\/shop\/\"},{\"@type\":\"ListItem\",\"position\":3,\"name\":\"Illume Hotberry\"}]},{\"@type\":\"WebSite\",\"@id\":\"https:\/\/dutchhealthstore.com\/fr\/#website\",\"url\":\"https:\/\/dutchhealthstore.com\/fr\/\",\"name\":\"Dutch Health Store\",\"description\":\"Enhance Your Beauty with Organic &amp; Natural Skincare\",\"publisher\":{\"@id\":\"https:\/\/dutchhealthstore.com\/fr\/#organization\"},\"potentialAction\":[{\"@type\":\"SearchAction\",\"target\":{\"@type\":\"EntryPoint\",\"urlTemplate\":\"https:\/\/dutchhealthstore.com\/fr\/?s={search_term_string}\"},\"query-input\":{\"@type\":\"PropertyValueSpecification\",\"valueRequired\":true,\"valueName\":\"search_term_string\"}}],\"inLanguage\":\"fr-FR\"},{\"@type\":\"Organization\",\"@id\":\"https:\/\/dutchhealthstore.com\/fr\/#organization\",\"name\":\"Dutch Health Store\",\"url\":\"https:\/\/dutchhealthstore.com\/fr\/\",\"logo\":{\"@type\":\"ImageObject\",\"inLanguage\":\"fr-FR\",\"@id\":\"https:\/\/dutchhealthstore.com\/fr\/#\/schema\/logo\/image\/\",\"url\":\"https:\/\/dutchhealthstore.com\/wp-content\/uploads\/2020\/08\/logo-dutchhealthstore-jpg-e1599484957574.jpg\",\"contentUrl\":\"https:\/\/dutchhealthstore.com\/wp-content\/uploads\/2020\/08\/logo-dutchhealthstore-jpg-e1599484957574.jpg\",\"width\":400,\"height\":62,\"caption\":\"Dutch Health Store\"},\"image\":{\"@id\":\"https:\/\/dutchhealthstore.com\/fr\/#\/schema\/logo\/image\/\"},\"sameAs\":[\"https:\/\/www.instagram.com\/dutchhealthstore\/\",\"https:\/\/www.facebook.com\/dutchhealthstore\"]}]}<\/script>\n<meta property=\"product:brand\" content=\"Living Libations\" \/>\n<meta property=\"og:availability\" content=\"instock\" \/>\n<meta property=\"product:availability\" content=\"instock\" \/>\n<meta property=\"product:condition\" content=\"new\" \/>\n<!-- \/ Yoast SEO Premium plugin. -->","yoast_head_json":{"title":"Illume Hotberry | Living Libations","description":"Une muse m\u00e9dicinale de puissantes plantes antibact\u00e9riennes antifongiques, une goutte ou deux avec du chocolat, du th\u00e9 ou du miel!","robots":{"index":"index","follow":"follow","max-snippet":"max-snippet:-1","max-image-preview":"max-image-preview:large","max-video-preview":"max-video-preview:-1"},"canonical":"https:\/\/dutchhealthstore.com\/fr\/product\/illume-hotberry\/","og_locale":"fr_FR","og_type":"article","og_title":"Illume Hotberry - Dutch Health Store","og_description":"Une muse m\u00e9dicinale de puissantes plantes antibact\u00e9riennes antifongiques, une goutte ou deux avec du chocolat, du th\u00e9 ou du miel!","og_url":"https:\/\/dutchhealthstore.com\/fr\/product\/illume-hotberry\/","og_site_name":"Dutch Health Store","article_publisher":"https:\/\/www.instagram.com\/dutchhealthstore\/","article_modified_time":"2025-10-28T09:53:19+00:00","og_image":[{"width":510,"height":600,"url":"https:\/\/dutchhealthstore.com\/wp-content\/uploads\/2018\/02\/illume-hotberry-living-libations.jpg","type":"image\/jpeg"}],"twitter_card":"summary_large_image","twitter_misc":{"Disponibilit\u00e9":"En stock"},"schema":{"@context":"https:\/\/schema.org","@graph":[{"@type":"WebPage","@id":"https:\/\/dutchhealthstore.com\/fr\/product\/illume-hotberry\/","url":"https:\/\/dutchhealthstore.com\/fr\/product\/illume-hotberry\/","name":"Illume Hotberry | Living Libations","isPartOf":{"@id":"https:\/\/dutchhealthstore.com\/fr\/#website"},"primaryImageOfPage":{"@id":"https:\/\/dutchhealthstore.com\/fr\/product\/illume-hotberry\/#primaryimage"},"image":{"@id":"https:\/\/dutchhealthstore.com\/fr\/product\/illume-hotberry\/#primaryimage"},"thumbnailUrl":"https:\/\/dutchhealthstore.com\/wp-content\/uploads\/2018\/02\/illume-hotberry-living-libations.jpg","datePublished":"2018-02-10T19:37:39+00:00","dateModified":"2025-10-28T09:53:19+00:00","description":"Une muse m\u00e9dicinale de puissantes plantes antibact\u00e9riennes antifongiques, une goutte ou deux avec du chocolat, du th\u00e9 ou du miel!","breadcrumb":{"@id":"https:\/\/dutchhealthstore.com\/fr\/product\/illume-hotberry\/#breadcrumb"},"inLanguage":"fr-FR","potentialAction":[{"@type":"ReadAction","target":["https:\/\/dutchhealthstore.com\/fr\/product\/illume-hotberry\/"]}]},{"@type":"ImageObject","inLanguage":"fr-FR","@id":"https:\/\/dutchhealthstore.com\/fr\/product\/illume-hotberry\/#primaryimage","url":"https:\/\/dutchhealthstore.com\/wp-content\/uploads\/2018\/02\/illume-hotberry-living-libations.jpg","contentUrl":"https:\/\/dutchhealthstore.com\/wp-content\/uploads\/2018\/02\/illume-hotberry-living-libations.jpg","width":510,"height":600,"caption":"illume hotberry- living libations"},{"@type":"BreadcrumbList","@id":"https:\/\/dutchhealthstore.com\/fr\/product\/illume-hotberry\/#breadcrumb","itemListElement":[{"@type":"ListItem","position":1,"name":"Home","item":"https:\/\/dutchhealthstore.com\/fr\/"},{"@type":"ListItem","position":2,"name":"Shop","item":"https:\/\/dutchhealthstore.com\/fr\/shop\/"},{"@type":"ListItem","position":3,"name":"Illume Hotberry"}]},{"@type":"WebSite","@id":"https:\/\/dutchhealthstore.com\/fr\/#website","url":"https:\/\/dutchhealthstore.com\/fr\/","name":"Dutch Health Store","description":"Enhance Your Beauty with Organic &amp; Natural Skincare","publisher":{"@id":"https:\/\/dutchhealthstore.com\/fr\/#organization"},"potentialAction":[{"@type":"SearchAction","target":{"@type":"EntryPoint","urlTemplate":"https:\/\/dutchhealthstore.com\/fr\/?s={search_term_string}"},"query-input":{"@type":"PropertyValueSpecification","valueRequired":true,"valueName":"search_term_string"}}],"inLanguage":"fr-FR"},{"@type":"Organization","@id":"https:\/\/dutchhealthstore.com\/fr\/#organization","name":"Dutch Health Store","url":"https:\/\/dutchhealthstore.com\/fr\/","logo":{"@type":"ImageObject","inLanguage":"fr-FR","@id":"https:\/\/dutchhealthstore.com\/fr\/#\/schema\/logo\/image\/","url":"https:\/\/dutchhealthstore.com\/wp-content\/uploads\/2020\/08\/logo-dutchhealthstore-jpg-e1599484957574.jpg","contentUrl":"https:\/\/dutchhealthstore.com\/wp-content\/uploads\/2020\/08\/logo-dutchhealthstore-jpg-e1599484957574.jpg","width":400,"height":62,"caption":"Dutch Health Store"},"image":{"@id":"https:\/\/dutchhealthstore.com\/fr\/#\/schema\/logo\/image\/"},"sameAs":["https:\/\/www.instagram.com\/dutchhealthstore\/","https:\/\/www.facebook.com\/dutchhealthstore"]}]},"product_brand":"Living Libations","og_availability":"instock","product_availability":"instock","product_condition":"new"},"_links":{"self":[{"href":"https:\/\/dutchhealthstore.com\/fr\/wp-json\/wp\/v2\/product\/115140","targetHints":{"allow":["GET"]}}],"collection":[{"href":"https:\/\/dutchhealthstore.com\/fr\/wp-json\/wp\/v2\/product"}],"about":[{"href":"https:\/\/dutchhealthstore.com\/fr\/wp-json\/wp\/v2\/types\/product"}],"replies":[{"embeddable":true,"href":"https:\/\/dutchhealthstore.com\/fr\/wp-json\/wp\/v2\/comments?post=115140"}],"wp:featuredmedia":[{"embeddable":true,"href":"https:\/\/dutchhealthstore.com\/fr\/wp-json\/wp\/v2\/media\/49038"}],"wp:attachment":[{"href":"https:\/\/dutchhealthstore.com\/fr\/wp-json\/wp\/v2\/media?parent=115140"}],"wp:term":[{"taxonomy":"product_brand","embeddable":true,"href":"https:\/\/dutchhealthstore.com\/fr\/wp-json\/wp\/v2\/product_brand?post=115140"},{"taxonomy":"product_cat","embeddable":true,"href":"https:\/\/dutchhealthstore.com\/fr\/wp-json\/wp\/v2\/product_cat?post=115140"},{"taxonomy":"product_tag","embeddable":true,"href":"https:\/\/dutchhealthstore.com\/fr\/wp-json\/wp\/v2\/product_tag?post=115140"}],"curies":[{"name":"wp","href":"https:\/\/api.w.org\/{rel}","templated":true}]}}