{"id":115130,"date":"2018-02-10T19:29:32","date_gmt":"2018-02-10T18:29:32","guid":{"rendered":"https:\/\/dutchhealthstore.com\/product\/illume-classic-camphorous\/"},"modified":"2025-08-29T10:23:53","modified_gmt":"2025-08-29T08:23:53","slug":"illume-classic-camphorous","status":"publish","type":"product","link":"https:\/\/dutchhealthstore.com\/fr\/product\/illume-classic-camphorous\/","title":{"rendered":"Illume Classic Camphorous"},"content":{"rendered":"<p><img decoding=\"async\" class=\"size-full wp-image-69549 alignright\" src=\"https:\/\/dutchhealthstore.com\/wp-content\/uploads\/2019\/08\/NEW-Living-Libations-Logo.jpg\" alt=\"NEW - Living Libations - Logo\" width=\"175\" height=\"82\">Boostez la force de fortification de votre corps avec Living Libations Illume Classic Camphorous elixir. Nous avons enr\u00f4l\u00e9 une cavalerie d&rsquo;essences verdoyantes pour nettoyer et clarifier, \u00e9liminer et illuminer, jusqu&rsquo;\u00e0 ce que votre dynamisme et votre vitalit\u00e9 soient r\u00e9\u00e9quilibr\u00e9s et restaur\u00e9s. Anciennement Immune Illume.  <\/p>\n<h3>Utiliser<\/h3>\n<p>  Appliquer en massage pur ou dilu\u00e9 sur la poitrine. Oindre les narines avec une goutte. Frottez sur la plante des pieds. Ajoutez-le au diffuseur, \u00e0 la pipe \u00e0 sel ou au bain de vapeur pour illuminer l&rsquo;air et votre imagination. Ing\u00e9rer une ou deux gouttes m\u00e9lang\u00e9es \u00e0 de l&rsquo;huile d&rsquo;olive, du th\u00e9 ou une pastille liquide au miel.  <\/p>\n<h3 class=\"yikes-custom-woo-tab-title yikes-custom-woo-tab-title-natural-organic-ingredients\">Ingr\u00e9dients naturels\/biologiques<\/h3>\n<p><strong>Hysope <\/strong>(<br \/>\n<em>Hyssopus officinalis decumbens<\/em>) &#8211;<strong> <\/strong>Happy hyssop est une essence pratique et puissante \u00e0 l&rsquo;ar\u00f4me accueillant de miel et de plantes. Distill\u00e9e \u00e0 la vapeur et r\u00e9colt\u00e9e biologiquement en France, cette herbe est traditionnellement utilis\u00e9e pour relancer la respiration et renforcer les sentiments de robustesse. <strong>Thym <\/strong><em>(Thymus vulgaris<\/em>) &#8211; Le thym est de votre c\u00f4t\u00e9. Oui, c&rsquo;est vrai! Cette plante h\u00e9ro\u00efque est connue pour aider le corps \u00e0 retrouver sa vitalit\u00e9 et son dynamisme. Il est d\u00e9crit comme le \u00ab\u00a0parfum de l&rsquo;aube au paradis\u00a0\u00bb, une vrille de plante herbac\u00e9e et douce, et l&rsquo;une des essences v\u00e9g\u00e9tales les plus pratiques que vous puissiez inhaler. Toujours pr\u00e9f\u00e9r\u00e9 des herboristes \u00e0 travers l&rsquo;histoire, la biotique botanique odorante du thym parfume et purifie en m\u00eame temps. <strong>Ravensara <\/strong><em>(Ravensara aromatica<\/em>) &#8211; Le rare ravensara revitalise ! Distill\u00e9e \u00e0 la vapeur dans les for\u00eats tropicales luxuriantes de Madagascar, cette huile contient des niveaux \u00e9lev\u00e9s de <em>limon\u00e8ne<\/em><em>, de linalol<\/em>, d&rsquo;<em>alpha-pin\u00e8ne<\/em>, de <em>delta-car\u00e8ne<\/em>, de <em>sabin\u00e8ne<\/em> et d&rsquo;une foule d&rsquo;autres compos\u00e9s botaniques puissants. Nous consid\u00e9rons cette essence comme l&rsquo;\u00e9chinac\u00e9e de l&rsquo;aromath\u00e9rapie. Que vous ressentiez les premiers signes de fatigue ou que vous cherchiez \u00e0 \u00e9viter une crise de d\u00e9s\u00e9quilibre, choisissez Ravensara. C&rsquo;est une essence qui illumine, rafra\u00eechit la clart\u00e9 et la puret\u00e9. <strong>Romarin <\/strong><em>(Rosemarinus officinalis<\/em>) &#8211; Le romarin est synonyme de souvenir, et cette huile vous aidera \u00e0 vous rappeler de <em>respirer<\/em>.<br \/>\nCette essence d&rsquo;aromath\u00e9rapie qui a fait ses preuves donne une b\u00e9n\u00e9diction au souffle retenu. <strong>Eucalyptus <\/strong><em>(Eucalyptus globulus<\/em>) &#8211; L&rsquo;eucalyptus fait circuler les fluides.<br \/>\nPendant des d\u00e9cennies, cette essence a d\u00e9branch\u00e9 les voies et inspir\u00e9 les humains \u00e0 respirer profond\u00e9ment en nettoyant et en d\u00e9gageant les espaces, les lieux et les visages.<em>Origan (Origanum vulgare<\/em>) &#8211; L&rsquo;origan opulent est un botanique-biotique classique qui illumine les instigateurs de mauvaise humeur, \u00e9limine les aversions a\u00e9riennes et stimule la clart\u00e9.    <img fetchpriority=\"high\" decoding=\"async\" class=\"aligncenter size-full wp-image-31577\" src=\"https:\/\/dutchhealthstore.com\/wp-content\/uploads\/2018\/03\/organic_big.png\" alt=\"Organic and Natural - Living Libations\" width=\"623\" height=\"103\" srcset=\"https:\/\/dutchhealthstore.com\/wp-content\/uploads\/2018\/03\/organic_big.png 623w, https:\/\/dutchhealthstore.com\/wp-content\/uploads\/2018\/03\/organic_big-510x84.png 510w, https:\/\/dutchhealthstore.com\/wp-content\/uploads\/2018\/03\/organic_big-600x99.png 600w, https:\/\/dutchhealthstore.com\/wp-content\/uploads\/2018\/03\/organic_big-350x58.png 350w\" sizes=\"(max-width: 623px) 100vw, 623px\" \/><\/p>\n","protected":false},"excerpt":{"rendered":"<p>Boostez la force de fortification de votre corps avec Living Libations<strong> Illume Classic Camphorous<\/strong> elixir. Nous avons enr\u00f4l\u00e9 une cavalerie d&rsquo;essences verdoyantes pour nettoyer et clarifier, \u00e9liminer et illuminer, jusqu&rsquo;\u00e0 ce que votre dynamisme et votre vitalit\u00e9 soient r\u00e9\u00e9quilibr\u00e9s et restaur\u00e9s.<\/p>\n","protected":false},"featured_media":298683,"comment_status":"open","ping_status":"closed","template":"","meta":[],"product_brand":[],"product_cat":[6734,1211,3756,6746,1209,6759,6763,1010,6733],"product_tag":[6441,4392,4495],"class_list":{"0":"post-115130","1":"product","2":"type-product","3":"status-publish","4":"has-post-thumbnail","6":"product_cat-essential-oils","7":"product_cat-living-libations-france","8":"product_cat-melanges","9":"product_cat-essential-oil-blends-fr-2","10":"product_cat-par-marques","11":"product_cat-remedies-fr","12":"product_cat-colds-flu-fr-2","13":"product_cat-notre-boutique","14":"product_cat-wellness-fr-2","15":"product_tag-blends-fr","16":"product_tag-elixir-fr","17":"product_tag-essential-oil-fr","18":"pa_brand-livinglibations-fr","19":"pa_essential-oils-product-type-essential-oil-blends-fr","20":"pa_gtin-7439657336331-fr","21":"pa_health-productype-immunity-colds-fr","22":"pa_remedies-cold-flu-fr","23":"pa_size-15-ml-fr","24":"pa_size-5-ml-fr","26":"first","27":"instock","28":"taxable","29":"shipping-taxable","30":"purchasable","31":"product-type-variable"},"bundled_by":[],"bundle_stock_status":"instock","bundle_stock_quantity":null,"bundle_virtual":false,"bundle_layout":"","bundle_add_to_cart_form_location":"","bundle_editable_in_cart":false,"bundle_sold_individually_context":"","bundle_item_grouping":"","bundle_min_size":"","bundle_max_size":"","bundle_price":[],"bundled_items":[],"bundle_sell_ids":[247690],"atum_controlled":true,"out_stock_date":null,"out_stock_threshold":null,"inheritable":true,"stock_on_hold":0,"sold_today":0,"sales_last_days":0,"out_stock_days":0,"lost_sales":0,"update_date":"2026-05-08T00:18:59","atum_locations":[],"atum_stock_status":"instock","restock_status":false,"low_stock_amount":"","sales_update_date":"2026-05-08T00:18:59","calc_backorders":null,"group_of_quantity":0,"min_quantity":0,"max_quantity":"","exclude_order_quantity_value_rules":"no","exclude_category_quantity_rules":"no","combine_variations":"no","yoast_head":"<!-- This site is optimized with the Yoast SEO Premium plugin v26.5 (Yoast SEO v26.5) - https:\/\/yoast.com\/wordpress\/plugins\/seo\/ -->\n<title>Illume Classic Camphorous | Living Libations<\/title>\n<meta name=\"description\" content=\"Boostez la force de fortification de votre corps avec Living Libations Illume Classic Camphorous elixir.\" \/>\n<meta name=\"robots\" content=\"index, follow, max-snippet:-1, max-image-preview:large, max-video-preview:-1\" \/>\n<link rel=\"canonical\" href=\"https:\/\/dutchhealthstore.com\/fr\/product\/illume-classic-camphorous\/\" \/>\n<meta property=\"og:locale\" content=\"fr_FR\" \/>\n<meta property=\"og:type\" content=\"article\" \/>\n<meta property=\"og:title\" content=\"Illume Classic Camphorous - Dutch Health Store\" \/>\n<meta property=\"og:description\" content=\"Boostez la force de fortification de votre corps avec Living Libations Illume Classic Camphorous elixir.\" \/>\n<meta property=\"og:url\" content=\"https:\/\/dutchhealthstore.com\/fr\/product\/illume-classic-camphorous\/\" \/>\n<meta property=\"og:site_name\" content=\"Dutch Health Store\" \/>\n<meta property=\"article:publisher\" content=\"https:\/\/www.instagram.com\/dutchhealthstore\/\" \/>\n<meta property=\"article:modified_time\" content=\"2025-08-29T08:23:53+00:00\" \/>\n<meta property=\"og:image\" content=\"https:\/\/dutchhealthstore.com\/wp-content\/uploads\/2018\/02\/ll-illume-classic-15ml.jpg\" \/>\n\t<meta property=\"og:image:width\" content=\"530\" \/>\n\t<meta property=\"og:image:height\" content=\"530\" \/>\n\t<meta property=\"og:image:type\" content=\"image\/jpeg\" \/>\n<meta name=\"twitter:card\" content=\"summary_large_image\" \/>\n<meta name=\"twitter:label1\" content=\"Disponibilit\u00e9\" \/>\n\t<meta name=\"twitter:data1\" content=\"En stock\" \/>\n<script type=\"application\/ld+json\" class=\"yoast-schema-graph\">{\"@context\":\"https:\/\/schema.org\",\"@graph\":[{\"@type\":\"WebPage\",\"@id\":\"https:\/\/dutchhealthstore.com\/fr\/product\/illume-classic-camphorous\/\",\"url\":\"https:\/\/dutchhealthstore.com\/fr\/product\/illume-classic-camphorous\/\",\"name\":\"Illume Classic Camphorous | Living Libations\",\"isPartOf\":{\"@id\":\"https:\/\/dutchhealthstore.com\/fr\/#website\"},\"primaryImageOfPage\":{\"@id\":\"https:\/\/dutchhealthstore.com\/fr\/product\/illume-classic-camphorous\/#primaryimage\"},\"image\":{\"@id\":\"https:\/\/dutchhealthstore.com\/fr\/product\/illume-classic-camphorous\/#primaryimage\"},\"thumbnailUrl\":\"https:\/\/dutchhealthstore.com\/wp-content\/uploads\/2018\/02\/ll-illume-classic-15ml.jpg\",\"datePublished\":\"2018-02-10T18:29:32+00:00\",\"dateModified\":\"2025-08-29T08:23:53+00:00\",\"description\":\"Boostez la force de fortification de votre corps avec Living Libations Illume Classic Camphorous elixir.\",\"breadcrumb\":{\"@id\":\"https:\/\/dutchhealthstore.com\/fr\/product\/illume-classic-camphorous\/#breadcrumb\"},\"inLanguage\":\"fr-FR\",\"potentialAction\":[{\"@type\":\"ReadAction\",\"target\":[\"https:\/\/dutchhealthstore.com\/fr\/product\/illume-classic-camphorous\/\"]}]},{\"@type\":\"ImageObject\",\"inLanguage\":\"fr-FR\",\"@id\":\"https:\/\/dutchhealthstore.com\/fr\/product\/illume-classic-camphorous\/#primaryimage\",\"url\":\"https:\/\/dutchhealthstore.com\/wp-content\/uploads\/2018\/02\/ll-illume-classic-15ml.jpg\",\"contentUrl\":\"https:\/\/dutchhealthstore.com\/wp-content\/uploads\/2018\/02\/ll-illume-classic-15ml.jpg\",\"width\":530,\"height\":530,\"caption\":\"ll-illume-classic-15ml\"},{\"@type\":\"BreadcrumbList\",\"@id\":\"https:\/\/dutchhealthstore.com\/fr\/product\/illume-classic-camphorous\/#breadcrumb\",\"itemListElement\":[{\"@type\":\"ListItem\",\"position\":1,\"name\":\"Home\",\"item\":\"https:\/\/dutchhealthstore.com\/fr\/\"},{\"@type\":\"ListItem\",\"position\":2,\"name\":\"Shop\",\"item\":\"https:\/\/dutchhealthstore.com\/fr\/shop\/\"},{\"@type\":\"ListItem\",\"position\":3,\"name\":\"Illume Classic Camphorous\"}]},{\"@type\":\"WebSite\",\"@id\":\"https:\/\/dutchhealthstore.com\/fr\/#website\",\"url\":\"https:\/\/dutchhealthstore.com\/fr\/\",\"name\":\"Dutch Health Store\",\"description\":\"Enhance Your Beauty with Organic &amp; Natural Skincare\",\"publisher\":{\"@id\":\"https:\/\/dutchhealthstore.com\/fr\/#organization\"},\"potentialAction\":[{\"@type\":\"SearchAction\",\"target\":{\"@type\":\"EntryPoint\",\"urlTemplate\":\"https:\/\/dutchhealthstore.com\/fr\/?s={search_term_string}\"},\"query-input\":{\"@type\":\"PropertyValueSpecification\",\"valueRequired\":true,\"valueName\":\"search_term_string\"}}],\"inLanguage\":\"fr-FR\"},{\"@type\":\"Organization\",\"@id\":\"https:\/\/dutchhealthstore.com\/fr\/#organization\",\"name\":\"Dutch Health Store\",\"url\":\"https:\/\/dutchhealthstore.com\/fr\/\",\"logo\":{\"@type\":\"ImageObject\",\"inLanguage\":\"fr-FR\",\"@id\":\"https:\/\/dutchhealthstore.com\/fr\/#\/schema\/logo\/image\/\",\"url\":\"https:\/\/dutchhealthstore.com\/wp-content\/uploads\/2020\/08\/logo-dutchhealthstore-jpg-e1599484957574.jpg\",\"contentUrl\":\"https:\/\/dutchhealthstore.com\/wp-content\/uploads\/2020\/08\/logo-dutchhealthstore-jpg-e1599484957574.jpg\",\"width\":400,\"height\":62,\"caption\":\"Dutch Health Store\"},\"image\":{\"@id\":\"https:\/\/dutchhealthstore.com\/fr\/#\/schema\/logo\/image\/\"},\"sameAs\":[\"https:\/\/www.instagram.com\/dutchhealthstore\/\",\"https:\/\/www.facebook.com\/dutchhealthstore\"]}]}<\/script>\n<meta property=\"product:brand\" content=\"Living Libations\" \/>\n<meta property=\"og:availability\" content=\"instock\" \/>\n<meta property=\"product:availability\" content=\"instock\" \/>\n<meta property=\"product:condition\" content=\"new\" \/>\n<!-- \/ Yoast SEO Premium plugin. -->","yoast_head_json":{"title":"Illume Classic Camphorous | Living Libations","description":"Boostez la force de fortification de votre corps avec Living Libations Illume Classic Camphorous elixir.","robots":{"index":"index","follow":"follow","max-snippet":"max-snippet:-1","max-image-preview":"max-image-preview:large","max-video-preview":"max-video-preview:-1"},"canonical":"https:\/\/dutchhealthstore.com\/fr\/product\/illume-classic-camphorous\/","og_locale":"fr_FR","og_type":"article","og_title":"Illume Classic Camphorous - Dutch Health Store","og_description":"Boostez la force de fortification de votre corps avec Living Libations Illume Classic Camphorous elixir.","og_url":"https:\/\/dutchhealthstore.com\/fr\/product\/illume-classic-camphorous\/","og_site_name":"Dutch Health Store","article_publisher":"https:\/\/www.instagram.com\/dutchhealthstore\/","article_modified_time":"2025-08-29T08:23:53+00:00","og_image":[{"width":530,"height":530,"url":"https:\/\/dutchhealthstore.com\/wp-content\/uploads\/2018\/02\/ll-illume-classic-15ml.jpg","type":"image\/jpeg"}],"twitter_card":"summary_large_image","twitter_misc":{"Disponibilit\u00e9":"En stock"},"schema":{"@context":"https:\/\/schema.org","@graph":[{"@type":"WebPage","@id":"https:\/\/dutchhealthstore.com\/fr\/product\/illume-classic-camphorous\/","url":"https:\/\/dutchhealthstore.com\/fr\/product\/illume-classic-camphorous\/","name":"Illume Classic Camphorous | Living Libations","isPartOf":{"@id":"https:\/\/dutchhealthstore.com\/fr\/#website"},"primaryImageOfPage":{"@id":"https:\/\/dutchhealthstore.com\/fr\/product\/illume-classic-camphorous\/#primaryimage"},"image":{"@id":"https:\/\/dutchhealthstore.com\/fr\/product\/illume-classic-camphorous\/#primaryimage"},"thumbnailUrl":"https:\/\/dutchhealthstore.com\/wp-content\/uploads\/2018\/02\/ll-illume-classic-15ml.jpg","datePublished":"2018-02-10T18:29:32+00:00","dateModified":"2025-08-29T08:23:53+00:00","description":"Boostez la force de fortification de votre corps avec Living Libations Illume Classic Camphorous elixir.","breadcrumb":{"@id":"https:\/\/dutchhealthstore.com\/fr\/product\/illume-classic-camphorous\/#breadcrumb"},"inLanguage":"fr-FR","potentialAction":[{"@type":"ReadAction","target":["https:\/\/dutchhealthstore.com\/fr\/product\/illume-classic-camphorous\/"]}]},{"@type":"ImageObject","inLanguage":"fr-FR","@id":"https:\/\/dutchhealthstore.com\/fr\/product\/illume-classic-camphorous\/#primaryimage","url":"https:\/\/dutchhealthstore.com\/wp-content\/uploads\/2018\/02\/ll-illume-classic-15ml.jpg","contentUrl":"https:\/\/dutchhealthstore.com\/wp-content\/uploads\/2018\/02\/ll-illume-classic-15ml.jpg","width":530,"height":530,"caption":"ll-illume-classic-15ml"},{"@type":"BreadcrumbList","@id":"https:\/\/dutchhealthstore.com\/fr\/product\/illume-classic-camphorous\/#breadcrumb","itemListElement":[{"@type":"ListItem","position":1,"name":"Home","item":"https:\/\/dutchhealthstore.com\/fr\/"},{"@type":"ListItem","position":2,"name":"Shop","item":"https:\/\/dutchhealthstore.com\/fr\/shop\/"},{"@type":"ListItem","position":3,"name":"Illume Classic Camphorous"}]},{"@type":"WebSite","@id":"https:\/\/dutchhealthstore.com\/fr\/#website","url":"https:\/\/dutchhealthstore.com\/fr\/","name":"Dutch Health Store","description":"Enhance Your Beauty with Organic &amp; Natural Skincare","publisher":{"@id":"https:\/\/dutchhealthstore.com\/fr\/#organization"},"potentialAction":[{"@type":"SearchAction","target":{"@type":"EntryPoint","urlTemplate":"https:\/\/dutchhealthstore.com\/fr\/?s={search_term_string}"},"query-input":{"@type":"PropertyValueSpecification","valueRequired":true,"valueName":"search_term_string"}}],"inLanguage":"fr-FR"},{"@type":"Organization","@id":"https:\/\/dutchhealthstore.com\/fr\/#organization","name":"Dutch Health Store","url":"https:\/\/dutchhealthstore.com\/fr\/","logo":{"@type":"ImageObject","inLanguage":"fr-FR","@id":"https:\/\/dutchhealthstore.com\/fr\/#\/schema\/logo\/image\/","url":"https:\/\/dutchhealthstore.com\/wp-content\/uploads\/2020\/08\/logo-dutchhealthstore-jpg-e1599484957574.jpg","contentUrl":"https:\/\/dutchhealthstore.com\/wp-content\/uploads\/2020\/08\/logo-dutchhealthstore-jpg-e1599484957574.jpg","width":400,"height":62,"caption":"Dutch Health Store"},"image":{"@id":"https:\/\/dutchhealthstore.com\/fr\/#\/schema\/logo\/image\/"},"sameAs":["https:\/\/www.instagram.com\/dutchhealthstore\/","https:\/\/www.facebook.com\/dutchhealthstore"]}]},"product_brand":"Living Libations","og_availability":"instock","product_availability":"instock","product_condition":"new"},"_links":{"self":[{"href":"https:\/\/dutchhealthstore.com\/fr\/wp-json\/wp\/v2\/product\/115130","targetHints":{"allow":["GET"]}}],"collection":[{"href":"https:\/\/dutchhealthstore.com\/fr\/wp-json\/wp\/v2\/product"}],"about":[{"href":"https:\/\/dutchhealthstore.com\/fr\/wp-json\/wp\/v2\/types\/product"}],"replies":[{"embeddable":true,"href":"https:\/\/dutchhealthstore.com\/fr\/wp-json\/wp\/v2\/comments?post=115130"}],"wp:featuredmedia":[{"embeddable":true,"href":"https:\/\/dutchhealthstore.com\/fr\/wp-json\/wp\/v2\/media\/298683"}],"wp:attachment":[{"href":"https:\/\/dutchhealthstore.com\/fr\/wp-json\/wp\/v2\/media?parent=115130"}],"wp:term":[{"taxonomy":"product_brand","embeddable":true,"href":"https:\/\/dutchhealthstore.com\/fr\/wp-json\/wp\/v2\/product_brand?post=115130"},{"taxonomy":"product_cat","embeddable":true,"href":"https:\/\/dutchhealthstore.com\/fr\/wp-json\/wp\/v2\/product_cat?post=115130"},{"taxonomy":"product_tag","embeddable":true,"href":"https:\/\/dutchhealthstore.com\/fr\/wp-json\/wp\/v2\/product_tag?post=115130"}],"curies":[{"name":"wp","href":"https:\/\/api.w.org\/{rel}","templated":true}]}}