{"id":115091,"date":"2018-02-10T20:46:06","date_gmt":"2018-02-10T20:46:06","guid":{"rendered":"https:\/\/dutchhealthstore.com\/product\/feeling-good-today\/"},"modified":"2025-10-28T10:46:52","modified_gmt":"2025-10-28T09:46:52","slug":"feeling-good-today","status":"publish","type":"product","link":"https:\/\/dutchhealthstore.com\/fr\/product\/feeling-good-today\/","title":{"rendered":"Feeling Good Today"},"content":{"rendered":"<p><img decoding=\"async\" class=\"size-full wp-image-37041 alignright\" src=\"https:\/\/dutchhealthstore.com\/wp-content\/uploads\/2018\/04\/Living_Libations-1.png\" alt=\"Organic &amp; Natural Beautyproducts - Living Libations\" width=\"175\" height=\"82\">Ce jus de joie ravive l&rsquo;esprit tout en ravivant le corps et l&rsquo;esprit gr\u00e2ce \u00e0 la joie pure de ces plantes clarifiantes. Living Libations Feeling Good Today est un chr\u00eame fortifiant cr\u00e9\u00e9 avec un beau m\u00e9lange de basilic sacr\u00e9, de pamplemousse et de mousse du Groenland. Le pouvoir de notre tonique de sanctification r\u00e9side dans sa capacit\u00e9 unique \u00e0 unir l&rsquo;esprit et le corps, pour une exp\u00e9rience d&rsquo;union totale. La mousse du Groenland est traditionnellement connue dans l&rsquo;herboristerie indig\u00e8ne d&rsquo;Am\u00e9rique du Nord pour son affinit\u00e9 avec la purification et la revitalisation spirituelles. Le basilic sacr\u00e9, une huile royale ayant une affinit\u00e9 avec la clart\u00e9, est superbe pour sanctifier l&rsquo;esprit sensible et inquiet. Le pamplemousse est m\u00e9lang\u00e9 pour assurer que votre humeur est en voie de gu\u00e9rison gr\u00e2ce \u00e0 sa gentillesse et son enthousiasme. Avec cette potion d\u00e9votionnelle \u00e0 vos c\u00f4t\u00e9s, vous n&rsquo;avez pas besoin de vous cacher ; vous vous sentirez bien aujourd&rsquo;hui, alors accrochez-vous pour la balade !  <\/p>\n<h3>Utiliser<\/h3>\n<p>  Oindre les poignets, le cou ou la plante des pieds avec cet \u00e9lixir. Diffuser, pipe \u00e0 sel ou utiliser dans les bains. Pour rafra\u00eechir l&rsquo;haleine, placez une goutte sous la langue au besoin.  <\/p>\n<h3 class=\"yikes-custom-woo-tab-title yikes-custom-woo-tab-title-natural-organic-ingredients\">Ingr\u00e9dients Naturels\/Biologiques<\/h3>\n<p><b><strong>Basilic sacr\u00e9 <\/strong><\/b>(<i><em>Ocimum Sanctum<\/em><\/i>) &#8211; La premi\u00e8re \u00e9tape pour se sentir bien aujourd&rsquo;hui est de manifester une clart\u00e9 mentale. Saluez le basilic sacr\u00e9, une plante si sacr\u00e9e qu&rsquo;elle est v\u00e9n\u00e9r\u00e9e dans la culture hindoue comme l&rsquo;incarnation botanique du dieu Vishnu. Living Libations Holy Basil Essential Oil est un diamant \u00e9tincelant de dynamisme botanique ; un \u00e9lixir si sacr\u00e9, si puissant, si puissant qu&rsquo;il est v\u00e9n\u00e9r\u00e9 \u00e0 travers l&rsquo;Inde pour ses pouvoirs de promotion de la vie et de la sant\u00e9. \u00c9galement connue sous le nom de Tulsi, l&rsquo;huile douce et herbac\u00e9e de cette plante \u00e0 fleurs est un principe de la m\u00e9decine ayurv\u00e9dique depuis des si\u00e8cles. L&rsquo;huile essentielle de basilic sacr\u00e9 est un tonique v\u00e9g\u00e9tal purifiant utilis\u00e9 pour stimuler les sentiments de f\u00e9licit\u00e9 et pour sanctifier l&rsquo;esprit, le corps et les espaces sacr\u00e9s avec son \u00e9nergie sacr\u00e9e. <b><strong>Pamplemousse <\/strong><\/b>(<i><em>Citrus Paradisii<\/em><\/i>) &#8211; Sentez-vous bien avec le pamplemousse joyeux ! Cet agrume stimulant la circulation sanguine et ayant une affinit\u00e9 avec le syst\u00e8me lymphatique stimule votre esprit d\u00e8s le matin. Rafra\u00eechissez vos sens avec cette essence d&rsquo;agrumes ensoleill\u00e9e dans laquelle les esprits s&rsquo;\u00e9l\u00e8vent et la discorde n&rsquo;est plus qu&rsquo;un lointain souvenir. <b><strong>Mousse du Groenland <\/strong><\/b>(<i><em>Ledum Groenlandicum<\/em><\/i>) &#8211; La splendide mousse du Groenland est une huile fra\u00eeche et harmonieuse qui \u00e9voque la nature sauvage et humide, \u00e9clair\u00e9e par la lune. M\u00eame avec son parfum de for\u00eat sauvage, l&rsquo;huile de mousse du Groenland est l&rsquo;une des huiles essentielles les plus puissantes de l&rsquo;arsenal de Living Libations. Notre mousse du Groenland est fabriqu\u00e9e \u00e0 l&rsquo;\u00e9tat sauvage et distill\u00e9e \u00e0 la vapeur d&rsquo;eau \u00e0 partir des p\u00e9tales et des feuilles blanches du th\u00e9 du Labrador canadien. Les feuilles rid\u00e9es et coriaces de la mousse du Groenland ont des propri\u00e9t\u00e9s m\u00e9dicinales impressionnantes.  <img fetchpriority=\"high\" decoding=\"async\" class=\"size-full wp-image-31577 aligncenter\" src=\"https:\/\/dutchhealthstore.com\/wp-content\/uploads\/2018\/03\/organic_big.png\" alt=\"Organic and Natural - Living Libations\" width=\"623\" height=\"103\" srcset=\"https:\/\/dutchhealthstore.com\/wp-content\/uploads\/2018\/03\/organic_big.png 623w, https:\/\/dutchhealthstore.com\/wp-content\/uploads\/2018\/03\/organic_big-510x84.png 510w, https:\/\/dutchhealthstore.com\/wp-content\/uploads\/2018\/03\/organic_big-600x99.png 600w, https:\/\/dutchhealthstore.com\/wp-content\/uploads\/2018\/03\/organic_big-350x58.png 350w\" sizes=\"(max-width: 623px) 100vw, 623px\" \/><\/p>\n","protected":false},"excerpt":{"rendered":"<p>Ce jus de joie ravive l&rsquo;esprit tout en ravivant le corps et l&rsquo;esprit gr\u00e2ce \u00e0 la joie pure de ces plantes clarifiantes. Living Libations Feeling Good Today est un chr\u00eame fortifiant cr\u00e9\u00e9 avec un beau m\u00e9lange de basilic sacr\u00e9, de pamplemousse et de mousse du Groenland. Le pouvoir de notre tonique de sanctification r\u00e9side dans sa capacit\u00e9 unique \u00e0 unir l&rsquo;esprit et le corps, pour une exp\u00e9rience d&rsquo;union totale.<\/p>\n","protected":false},"featured_media":298968,"comment_status":"open","ping_status":"closed","template":"","meta":[],"product_brand":[],"product_cat":[6745,6734,6744,1211,3756,6746,1209,1010,6733],"product_tag":[6441,4392,4495],"class_list":{"0":"post-115091","1":"product","2":"type-product","3":"status-publish","4":"has-post-thumbnail","6":"product_cat-clarity-focus-fr-2","7":"product_cat-essential-oils","8":"product_cat-mood-fr-2","9":"product_cat-living-libations-france","10":"product_cat-melanges","11":"product_cat-essential-oil-blends-fr-2","12":"product_cat-par-marques","13":"product_cat-notre-boutique","14":"product_cat-wellness-fr-2","15":"product_tag-blends-fr","16":"product_tag-elixir-fr","17":"product_tag-essential-oil-fr","18":"pa_brand-livinglibations-fr","19":"pa_essential-oils-product-type-essential-oil-blends-fr","20":"pa_mood-clarity-focus-fr","21":"pa_size-5-ml-fr","22":"pa_size-15-ml-fr","24":"first","25":"instock","26":"taxable","27":"shipping-taxable","28":"purchasable","29":"product-type-variable"},"bundled_by":[],"bundle_stock_status":"instock","bundle_stock_quantity":null,"bundle_virtual":false,"bundle_layout":"","bundle_add_to_cart_form_location":"","bundle_editable_in_cart":false,"bundle_sold_individually_context":"","bundle_item_grouping":"","bundle_min_size":"","bundle_max_size":"","bundle_price":[],"bundled_items":[],"bundle_sell_ids":[232315],"atum_controlled":true,"out_stock_date":null,"out_stock_threshold":null,"inheritable":true,"stock_on_hold":1,"sold_today":0,"sales_last_days":0,"out_stock_days":0,"lost_sales":0,"update_date":"2026-04-03T01:43:58","atum_locations":[],"atum_stock_status":"instock","restock_status":false,"low_stock_amount":"","sales_update_date":"2026-04-03T01:43:58","calc_backorders":null,"group_of_quantity":0,"min_quantity":0,"max_quantity":"","exclude_order_quantity_value_rules":"no","exclude_category_quantity_rules":"no","combine_variations":"no","yoast_head":"<!-- This site is optimized with the Yoast SEO Premium plugin v26.5 (Yoast SEO v26.5) - https:\/\/yoast.com\/wordpress\/plugins\/seo\/ -->\n<title>Feeling Good Today | Living Libations<\/title>\n<meta name=\"description\" content=\"Ce jus de joice r\u00e9g\u00e9n\u00e8re l&#039;esprit tout en revivifiant le corps et en profitant d&#039;une lib\u00e9ration rapide de peptides stimulants.\" \/>\n<meta name=\"robots\" content=\"index, follow, max-snippet:-1, max-image-preview:large, max-video-preview:-1\" \/>\n<link rel=\"canonical\" href=\"https:\/\/dutchhealthstore.com\/fr\/product\/feeling-good-today\/\" \/>\n<meta property=\"og:locale\" content=\"fr_FR\" \/>\n<meta property=\"og:type\" content=\"article\" \/>\n<meta property=\"og:title\" content=\"Feeling Good Today - Dutch Health Store\" \/>\n<meta property=\"og:description\" content=\"Ce jus de joice r\u00e9g\u00e9n\u00e8re l&#039;esprit tout en revivifiant le corps et en profitant d&#039;une lib\u00e9ration rapide de peptides stimulants.\" \/>\n<meta property=\"og:url\" content=\"https:\/\/dutchhealthstore.com\/fr\/product\/feeling-good-today\/\" \/>\n<meta property=\"og:site_name\" content=\"Dutch Health Store\" \/>\n<meta property=\"article:publisher\" content=\"https:\/\/www.instagram.com\/dutchhealthstore\/\" \/>\n<meta property=\"article:modified_time\" content=\"2025-10-28T09:46:52+00:00\" \/>\n<meta property=\"og:image\" content=\"https:\/\/dutchhealthstore.com\/wp-content\/uploads\/2018\/02\/ll-feeling-good-today-15ml.jpg\" \/>\n\t<meta property=\"og:image:width\" content=\"530\" \/>\n\t<meta property=\"og:image:height\" content=\"530\" \/>\n\t<meta property=\"og:image:type\" content=\"image\/jpeg\" \/>\n<meta name=\"twitter:card\" content=\"summary_large_image\" \/>\n<meta name=\"twitter:label1\" content=\"Disponibilit\u00e9\" \/>\n\t<meta name=\"twitter:data1\" content=\"En stock\" \/>\n<script type=\"application\/ld+json\" class=\"yoast-schema-graph\">{\"@context\":\"https:\/\/schema.org\",\"@graph\":[{\"@type\":\"WebPage\",\"@id\":\"https:\/\/dutchhealthstore.com\/fr\/product\/feeling-good-today\/\",\"url\":\"https:\/\/dutchhealthstore.com\/fr\/product\/feeling-good-today\/\",\"name\":\"Feeling Good Today | Living Libations\",\"isPartOf\":{\"@id\":\"https:\/\/dutchhealthstore.com\/fr\/#website\"},\"primaryImageOfPage\":{\"@id\":\"https:\/\/dutchhealthstore.com\/fr\/product\/feeling-good-today\/#primaryimage\"},\"image\":{\"@id\":\"https:\/\/dutchhealthstore.com\/fr\/product\/feeling-good-today\/#primaryimage\"},\"thumbnailUrl\":\"https:\/\/dutchhealthstore.com\/wp-content\/uploads\/2018\/02\/ll-feeling-good-today-15ml.jpg\",\"datePublished\":\"2018-02-10T20:46:06+00:00\",\"dateModified\":\"2025-10-28T09:46:52+00:00\",\"description\":\"Ce jus de joice r\u00e9g\u00e9n\u00e8re l'esprit tout en revivifiant le corps et en profitant d'une lib\u00e9ration rapide de peptides stimulants.\",\"breadcrumb\":{\"@id\":\"https:\/\/dutchhealthstore.com\/fr\/product\/feeling-good-today\/#breadcrumb\"},\"inLanguage\":\"fr-FR\",\"potentialAction\":[{\"@type\":\"ReadAction\",\"target\":[\"https:\/\/dutchhealthstore.com\/fr\/product\/feeling-good-today\/\"]}]},{\"@type\":\"ImageObject\",\"inLanguage\":\"fr-FR\",\"@id\":\"https:\/\/dutchhealthstore.com\/fr\/product\/feeling-good-today\/#primaryimage\",\"url\":\"https:\/\/dutchhealthstore.com\/wp-content\/uploads\/2018\/02\/ll-feeling-good-today-15ml.jpg\",\"contentUrl\":\"https:\/\/dutchhealthstore.com\/wp-content\/uploads\/2018\/02\/ll-feeling-good-today-15ml.jpg\",\"width\":530,\"height\":530,\"caption\":\"ll-feeling-good-today-15m\"},{\"@type\":\"BreadcrumbList\",\"@id\":\"https:\/\/dutchhealthstore.com\/fr\/product\/feeling-good-today\/#breadcrumb\",\"itemListElement\":[{\"@type\":\"ListItem\",\"position\":1,\"name\":\"Home\",\"item\":\"https:\/\/dutchhealthstore.com\/fr\/\"},{\"@type\":\"ListItem\",\"position\":2,\"name\":\"Shop\",\"item\":\"https:\/\/dutchhealthstore.com\/fr\/shop\/\"},{\"@type\":\"ListItem\",\"position\":3,\"name\":\"Feeling Good Today\"}]},{\"@type\":\"WebSite\",\"@id\":\"https:\/\/dutchhealthstore.com\/fr\/#website\",\"url\":\"https:\/\/dutchhealthstore.com\/fr\/\",\"name\":\"Dutch Health Store\",\"description\":\"Enhance Your Beauty with Organic &amp; Natural Skincare\",\"publisher\":{\"@id\":\"https:\/\/dutchhealthstore.com\/fr\/#organization\"},\"potentialAction\":[{\"@type\":\"SearchAction\",\"target\":{\"@type\":\"EntryPoint\",\"urlTemplate\":\"https:\/\/dutchhealthstore.com\/fr\/?s={search_term_string}\"},\"query-input\":{\"@type\":\"PropertyValueSpecification\",\"valueRequired\":true,\"valueName\":\"search_term_string\"}}],\"inLanguage\":\"fr-FR\"},{\"@type\":\"Organization\",\"@id\":\"https:\/\/dutchhealthstore.com\/fr\/#organization\",\"name\":\"Dutch Health Store\",\"url\":\"https:\/\/dutchhealthstore.com\/fr\/\",\"logo\":{\"@type\":\"ImageObject\",\"inLanguage\":\"fr-FR\",\"@id\":\"https:\/\/dutchhealthstore.com\/fr\/#\/schema\/logo\/image\/\",\"url\":\"https:\/\/dutchhealthstore.com\/wp-content\/uploads\/2020\/08\/logo-dutchhealthstore-jpg-e1599484957574.jpg\",\"contentUrl\":\"https:\/\/dutchhealthstore.com\/wp-content\/uploads\/2020\/08\/logo-dutchhealthstore-jpg-e1599484957574.jpg\",\"width\":400,\"height\":62,\"caption\":\"Dutch Health Store\"},\"image\":{\"@id\":\"https:\/\/dutchhealthstore.com\/fr\/#\/schema\/logo\/image\/\"},\"sameAs\":[\"https:\/\/www.instagram.com\/dutchhealthstore\/\",\"https:\/\/www.facebook.com\/dutchhealthstore\"]}]}<\/script>\n<meta property=\"product:brand\" content=\"Living Libations\" \/>\n<meta property=\"og:availability\" content=\"instock\" \/>\n<meta property=\"product:availability\" content=\"instock\" \/>\n<meta property=\"product:condition\" content=\"new\" \/>\n<!-- \/ Yoast SEO Premium plugin. -->","yoast_head_json":{"title":"Feeling Good Today | Living Libations","description":"Ce jus de joice r\u00e9g\u00e9n\u00e8re l'esprit tout en revivifiant le corps et en profitant d'une lib\u00e9ration rapide de peptides stimulants.","robots":{"index":"index","follow":"follow","max-snippet":"max-snippet:-1","max-image-preview":"max-image-preview:large","max-video-preview":"max-video-preview:-1"},"canonical":"https:\/\/dutchhealthstore.com\/fr\/product\/feeling-good-today\/","og_locale":"fr_FR","og_type":"article","og_title":"Feeling Good Today - Dutch Health Store","og_description":"Ce jus de joice r\u00e9g\u00e9n\u00e8re l'esprit tout en revivifiant le corps et en profitant d'une lib\u00e9ration rapide de peptides stimulants.","og_url":"https:\/\/dutchhealthstore.com\/fr\/product\/feeling-good-today\/","og_site_name":"Dutch Health Store","article_publisher":"https:\/\/www.instagram.com\/dutchhealthstore\/","article_modified_time":"2025-10-28T09:46:52+00:00","og_image":[{"width":530,"height":530,"url":"https:\/\/dutchhealthstore.com\/wp-content\/uploads\/2018\/02\/ll-feeling-good-today-15ml.jpg","type":"image\/jpeg"}],"twitter_card":"summary_large_image","twitter_misc":{"Disponibilit\u00e9":"En stock"},"schema":{"@context":"https:\/\/schema.org","@graph":[{"@type":"WebPage","@id":"https:\/\/dutchhealthstore.com\/fr\/product\/feeling-good-today\/","url":"https:\/\/dutchhealthstore.com\/fr\/product\/feeling-good-today\/","name":"Feeling Good Today | Living Libations","isPartOf":{"@id":"https:\/\/dutchhealthstore.com\/fr\/#website"},"primaryImageOfPage":{"@id":"https:\/\/dutchhealthstore.com\/fr\/product\/feeling-good-today\/#primaryimage"},"image":{"@id":"https:\/\/dutchhealthstore.com\/fr\/product\/feeling-good-today\/#primaryimage"},"thumbnailUrl":"https:\/\/dutchhealthstore.com\/wp-content\/uploads\/2018\/02\/ll-feeling-good-today-15ml.jpg","datePublished":"2018-02-10T20:46:06+00:00","dateModified":"2025-10-28T09:46:52+00:00","description":"Ce jus de joice r\u00e9g\u00e9n\u00e8re l'esprit tout en revivifiant le corps et en profitant d'une lib\u00e9ration rapide de peptides stimulants.","breadcrumb":{"@id":"https:\/\/dutchhealthstore.com\/fr\/product\/feeling-good-today\/#breadcrumb"},"inLanguage":"fr-FR","potentialAction":[{"@type":"ReadAction","target":["https:\/\/dutchhealthstore.com\/fr\/product\/feeling-good-today\/"]}]},{"@type":"ImageObject","inLanguage":"fr-FR","@id":"https:\/\/dutchhealthstore.com\/fr\/product\/feeling-good-today\/#primaryimage","url":"https:\/\/dutchhealthstore.com\/wp-content\/uploads\/2018\/02\/ll-feeling-good-today-15ml.jpg","contentUrl":"https:\/\/dutchhealthstore.com\/wp-content\/uploads\/2018\/02\/ll-feeling-good-today-15ml.jpg","width":530,"height":530,"caption":"ll-feeling-good-today-15m"},{"@type":"BreadcrumbList","@id":"https:\/\/dutchhealthstore.com\/fr\/product\/feeling-good-today\/#breadcrumb","itemListElement":[{"@type":"ListItem","position":1,"name":"Home","item":"https:\/\/dutchhealthstore.com\/fr\/"},{"@type":"ListItem","position":2,"name":"Shop","item":"https:\/\/dutchhealthstore.com\/fr\/shop\/"},{"@type":"ListItem","position":3,"name":"Feeling Good Today"}]},{"@type":"WebSite","@id":"https:\/\/dutchhealthstore.com\/fr\/#website","url":"https:\/\/dutchhealthstore.com\/fr\/","name":"Dutch Health Store","description":"Enhance Your Beauty with Organic &amp; Natural Skincare","publisher":{"@id":"https:\/\/dutchhealthstore.com\/fr\/#organization"},"potentialAction":[{"@type":"SearchAction","target":{"@type":"EntryPoint","urlTemplate":"https:\/\/dutchhealthstore.com\/fr\/?s={search_term_string}"},"query-input":{"@type":"PropertyValueSpecification","valueRequired":true,"valueName":"search_term_string"}}],"inLanguage":"fr-FR"},{"@type":"Organization","@id":"https:\/\/dutchhealthstore.com\/fr\/#organization","name":"Dutch Health Store","url":"https:\/\/dutchhealthstore.com\/fr\/","logo":{"@type":"ImageObject","inLanguage":"fr-FR","@id":"https:\/\/dutchhealthstore.com\/fr\/#\/schema\/logo\/image\/","url":"https:\/\/dutchhealthstore.com\/wp-content\/uploads\/2020\/08\/logo-dutchhealthstore-jpg-e1599484957574.jpg","contentUrl":"https:\/\/dutchhealthstore.com\/wp-content\/uploads\/2020\/08\/logo-dutchhealthstore-jpg-e1599484957574.jpg","width":400,"height":62,"caption":"Dutch Health Store"},"image":{"@id":"https:\/\/dutchhealthstore.com\/fr\/#\/schema\/logo\/image\/"},"sameAs":["https:\/\/www.instagram.com\/dutchhealthstore\/","https:\/\/www.facebook.com\/dutchhealthstore"]}]},"product_brand":"Living Libations","og_availability":"instock","product_availability":"instock","product_condition":"new"},"_links":{"self":[{"href":"https:\/\/dutchhealthstore.com\/fr\/wp-json\/wp\/v2\/product\/115091","targetHints":{"allow":["GET"]}}],"collection":[{"href":"https:\/\/dutchhealthstore.com\/fr\/wp-json\/wp\/v2\/product"}],"about":[{"href":"https:\/\/dutchhealthstore.com\/fr\/wp-json\/wp\/v2\/types\/product"}],"replies":[{"embeddable":true,"href":"https:\/\/dutchhealthstore.com\/fr\/wp-json\/wp\/v2\/comments?post=115091"}],"wp:featuredmedia":[{"embeddable":true,"href":"https:\/\/dutchhealthstore.com\/fr\/wp-json\/wp\/v2\/media\/298968"}],"wp:attachment":[{"href":"https:\/\/dutchhealthstore.com\/fr\/wp-json\/wp\/v2\/media?parent=115091"}],"wp:term":[{"taxonomy":"product_brand","embeddable":true,"href":"https:\/\/dutchhealthstore.com\/fr\/wp-json\/wp\/v2\/product_brand?post=115091"},{"taxonomy":"product_cat","embeddable":true,"href":"https:\/\/dutchhealthstore.com\/fr\/wp-json\/wp\/v2\/product_cat?post=115091"},{"taxonomy":"product_tag","embeddable":true,"href":"https:\/\/dutchhealthstore.com\/fr\/wp-json\/wp\/v2\/product_tag?post=115091"}],"curies":[{"name":"wp","href":"https:\/\/api.w.org\/{rel}","templated":true}]}}