{"id":115076,"date":"2020-05-28T08:52:29","date_gmt":"2020-05-28T08:52:29","guid":{"rendered":"https:\/\/dutchhealthstore.com\/product\/forest-cologne-trees-please\/"},"modified":"2025-10-28T10:47:01","modified_gmt":"2025-10-28T09:47:01","slug":"forest-cologne-trees-please","status":"publish","type":"product","link":"https:\/\/dutchhealthstore.com\/fr\/product\/forest-cologne-trees-please\/","title":{"rendered":"Forest Cologne \u2013 Trees Please"},"content":{"rendered":"<h3><img decoding=\"async\" class=\"size-full wp-image-69549 alignright\" src=\"https:\/\/dutchhealthstore.com\/wp-content\/uploads\/2019\/08\/NEW-Living-Libations-Logo.jpg\" alt=\"NEW - Living Libations - Logo\" width=\"175\" height=\"82\">Essence de parfum<\/h3>\n<p>Lorsque vos pas foulent le sol de la for\u00eat, l&rsquo;odeur du pin et du c\u00e8dre se lib\u00e8re, se d\u00e9cha\u00eenant avec une joie resplendissante. L&rsquo;esprit de l&rsquo;\u00e9pic\u00e9a invite le v\u00e9tiver \u00e0 jouer, tandis que le patchouli et le bois de santal ouvrent la voie \u00e0 une majest\u00e9 fra\u00eeche et fertile.<\/p>\n<p>Le chemin s&rsquo;enfonce dans les bois et vous le suivez. Les sapins nobles vous enveloppent d&rsquo;une \u00e9treinte protectrice et vous indiquent le chemin du retour vers vous-m\u00eame. L&rsquo;\u00e9pic\u00e9a et la bergamote sautent de branche en branche, tandis que le sapin argent\u00e9 sculpte les anges de la terre et les lib\u00e8re pour qu&rsquo;ils puissent danser.<\/p>\n<p>Entrez dans les profondeurs de la for\u00eat avec chaque souffle r\u00e9v\u00e9r\u00e9 de Trees Please Forest Cologne. La l\u00e9g\u00e8ret\u00e9 de cette eau de Cologne de conif\u00e8res ouvre la poitrine \u00e0 un monde de force sereine et de r\u00e9jouissances raviv\u00e9es.<\/p>\n<p>Les arbres expirent et nous vivons!<\/p>\n<h3>Comment utiliser<\/h3>\n<p>Vaporisez sur le cou, les points d&rsquo;impulsion ou les cheveux. Ce parfum p\u00e9n\u00e9trant peut \u00e9galement \u00eatre utilis\u00e9 comme d\u00e9sodorisant d&rsquo;ambiance et spray d&rsquo;int\u00e9rieur pour donner une b\u00e9n\u00e9diction foresti\u00e8re \u00e0 votre journ\u00e9e.<\/p>\n<p><strong>Taille: 5 ml, 30 ml et 50 ml<\/strong><\/p>\n<h3 class=\"yikes-custom-woo-tab-title yikes-custom-woo-tab-title-natural-organic-ingredients\">Ingr\u00e9dients Naturels\/Biologiques<\/h3>\n<p><strong>\u00c9pic\u00e9a noir<\/strong> <em>(Picea mariana)<\/em> &#8211; L&rsquo;\u00e9pic\u00e9a de l&rsquo;\u00e2me est fabriqu\u00e9 \u00e0 l&rsquo;\u00e9tat sauvage et distill\u00e9 \u00e0 la vapeur au c\u0153ur des r\u00e9gions sauvages du Canada. L&rsquo;\u00e9pic\u00e9a est un pommier parfum\u00e9 qui est revigorant, et qui ravive les niveaux de clart\u00e9. Profitez d&rsquo;un parfum invitant de feuillage persistant, de neige fra\u00eechement tomb\u00e9e et de bois doux pour clarifier le souffle et soulager la tension du temps.<\/p>\n<p><strong>Grand Fir<\/strong> <em>(Abies grandis)<\/em> &#8211; Grand Fir inspire la joie des f\u00eates \u00e0 tout moment de l&rsquo;ann\u00e9e avec son ar\u00f4me riche et conif\u00e8re: le parfum nostalgique du pin d&rsquo;hiver dansant avec de subtiles notes d&rsquo;agrumes. Cette essence approfondit la respiration, brise les blocages \u00e9motionnels et \u00e9l\u00e8ve l&rsquo;esprit vers la l\u00e9g\u00e8ret\u00e9.<\/p>\n<p><strong>Douglas Fir<\/strong> <em>(Pseudotsuga menziesi)<\/em> &#8211; Notre Douglas Fir, parfaitement purifiant, calmera votre disposition et inspirera des sentiments m\u00e9ditatifs tout en favorisant une respiration profonde. Le sapin de Douglas exploite la puissance majestueuse de ces grands arbres. Les notes fra\u00eeches de pomme \u00e0 feuilles persistantes d\u00e9gagent la respiration, facilitant la paix et am\u00e9liorant vos relations avec les autres.<\/p>\n<p><strong>Sapin argent\u00e9<\/strong><em> (Abies alba<\/em> ) &#8211; Notre huile de sapin argent\u00e9 infuse ce m\u00e9lange avec une pinc\u00e9e parfaite de lumi\u00e8re d&rsquo;\u00e9toiles fantaisistes et hivernales. Un puissant stimulant de l&rsquo;humeur avec de subtiles notes d&rsquo;agrumes, Silver Fir est un r\u00eave de pin scintillant de brillance foresti\u00e8re argent\u00e9e.<\/p>\n<p><strong>C\u00e8dre<\/strong><em> (Cedrus atlantica)<\/em> &#8211; Chaud et bois\u00e9, le c\u00e8dre est harmonieusement apaisant et ancr\u00e9. Quand on veut un parfum bois\u00e9 pour revitaliser les sens, Cedar Bark Essential Oil est une essence opportune et un choix s\u00e9duisant. Un ar\u00f4me profond et durable avec des notes subtiles de douceur, le c\u00e8dre est connu pour aider au processus de prise de d\u00e9cision, encourager une disposition calme et inspirer la clart\u00e9 d&rsquo;esprit.<\/p>\n<p><strong>V\u00e9tiver<\/strong> <em>(Vetiveria zizanioides)<\/em> &#8211; V\u00e9tiver verdoyant est un aromate cors\u00e9 et terreux connu pour son pouvoir de renouvellement. Le parfum cors\u00e9 du v\u00e9tiver entoure l&rsquo;\u00e9nergie et enveloppe le corps d&rsquo;une ardeur terrestre.<\/p>\n<p><strong>Patchouli<\/strong> <em>(Pogostemon cablin)<\/em> &#8211; Huile essentielle de Patchouli Provocateur est distill\u00e9 et fabriqu\u00e9 dans les merveilles sauvages de l&rsquo;Indon\u00e9sie, o\u00f9 l&rsquo;huile a \u00e9t\u00e9 utilis\u00e9 pendant des si\u00e8cles pour promouvoir la paix, la sensualit\u00e9 et l&rsquo;amour. Alors que de nombreux Nord-Am\u00e9ricains connaissent le parfum synth\u00e9tique du patchouli qui \u00e9tait si populaire pendant l&rsquo;\u00e9t\u00e9 de l&rsquo;amour, notre huile indon\u00e9sienne de fabrication sauvage est authentiquement distinctive et ind\u00e9niablement agr\u00e9able. Cette huile luxueuse et sensuelle, dont l&rsquo;ar\u00f4me opulent et terreux ne fait que s&rsquo;am\u00e9liorer avec l&rsquo;\u00e2ge, est un parfum pr\u00e9f\u00e9r\u00e9 qui capture l&rsquo;ar\u00f4me terreux de la for\u00eat.<\/p>\n<p><strong>Bois de santal<\/strong> <em>(Santalum album)<\/em> &#8211; Le bois de santal serein ouvre le c\u0153ur et l&rsquo;esprit avec des notes luxuriantes de noix, de bois de c\u0153ur cors\u00e9 avec une finition \u00e9th\u00e9r\u00e9e, cr\u00e9meuse et sensuelle. Un ingr\u00e9dient populaire pour les soins de la peau et des cheveux, son inclusion dans ce parfum renforce un sentiment d\u00e9tendu d&rsquo;euphorie.<\/p>\n<p><strong>Bergamote<\/strong> <em>(Citrus bergamia)<\/em> &#8211; La bergamote bienveillante est fabriqu\u00e9e \u00e0 partir des d\u00e9licates pelures de l&rsquo;\u00e9corce presque m\u00fbre du fruit qui pousse sous le soleil hivernal de l&rsquo;Italie. Dot\u00e9e de tous les bienfaits des agrumes combin\u00e9s aux citrons et aux oranges, l&rsquo;huile de bergamote est cultiv\u00e9e pour ses bienfaits sur la peau et pour son parfum frais-foug\u00e8re, d&rsquo;agrumes ensoleill\u00e9s, presque floral, semblable au freesia.<\/p>\n<p><strong>Alcool biodynamique biologique<\/strong> &#8211; L&rsquo;alcool biodynamique biologique sert de support \u00e0 nos parfums de p\u00e9tales et \u00e0 nos eaux de Cologne de for\u00eat, permettant \u00e0 chaque plante d&rsquo;infuser sans effort la peau avec des merveilles aromatiques. Cet alcool biologique et biodynamique est de la plus haute qualit\u00e9 et est triplement filtr\u00e9 pour plus de puret\u00e9. Produit \u00e0 partir de raisins certifi\u00e9s biologiques, il est test\u00e9 de mani\u00e8re ind\u00e9pendante afin de garantir qu&rsquo;il r\u00e9pond aux normes de l&rsquo;United States Pharmacopeia (USP) en mati\u00e8re d&rsquo;alcool pur, biologique et de qualit\u00e9 pharmaceutique.<\/p>\n<p><img fetchpriority=\"high\" decoding=\"async\" class=\"size-medium wp-image-68103 aligncenter\" src=\"https:\/\/dutchhealthstore.com\/wp-content\/uploads\/2018\/02\/Living-Libations-Organic-Logo-800x89.png\" alt=\"Living Libations - Organic Logo\" width=\"800\" height=\"89\" srcset=\"https:\/\/dutchhealthstore.com\/wp-content\/uploads\/2018\/02\/Living-Libations-Organic-Logo-800x89.png 800w, https:\/\/dutchhealthstore.com\/wp-content\/uploads\/2018\/02\/Living-Libations-Organic-Logo-510x57.png 510w, https:\/\/dutchhealthstore.com\/wp-content\/uploads\/2018\/02\/Living-Libations-Organic-Logo-768x85.png 768w, https:\/\/dutchhealthstore.com\/wp-content\/uploads\/2018\/02\/Living-Libations-Organic-Logo.png 1400w\" sizes=\"(max-width: 800px) 100vw, 800px\" \/><\/p>\n","protected":false},"excerpt":{"rendered":"<p>Si une promenade dans les bois peut \u00eatre captur\u00e9e dans une eau de Cologne, c&rsquo;est celle-ci!<\/p>\n<p>Ce parfum frais et fertile \u00e9voque les \u00e9bats matinaux en for\u00eat, o\u00f9 la lumi\u00e8re du soleil se pose sur les aiguilles tremp\u00e9es de ros\u00e9e des sapins anciens. Plongez dans une for\u00eat odorante fortifi\u00e9e \u00e0 chaque inhalation de Trees Please Forest Cologne.<\/p>\n<p>&nbsp;<\/p>\n","protected":false},"featured_media":103495,"comment_status":"open","ping_status":"closed","template":"","meta":[],"product_brand":[],"product_cat":[1211,1047,1209,6697,1010],"product_tag":[6739],"class_list":{"0":"post-115076","1":"product","2":"type-product","3":"status-publish","4":"has-post-thumbnail","6":"product_cat-living-libations-france","7":"product_cat-nos-collections","8":"product_cat-par-marques","9":"product_cat-fragrances-fr","10":"product_cat-notre-boutique","11":"product_tag-perfume-fr","12":"pa_brand-livinglibations-fr","13":"pa_fragrances-product-type-colognes-fr","14":"pa_fragrances-product-type-for-her-fr-2","15":"pa_gtin-7439657370304-fr","16":"pa_size-30-ml-fr","17":"pa_size-5-ml-fr","18":"pa_size-50-ml-fr","20":"first","21":"instock","22":"taxable","23":"shipping-taxable","24":"purchasable","25":"product-type-variable"},"bundled_by":[],"bundle_stock_status":"instock","bundle_stock_quantity":null,"bundle_virtual":false,"bundle_layout":"","bundle_add_to_cart_form_location":"","bundle_editable_in_cart":false,"bundle_sold_individually_context":"","bundle_item_grouping":"","bundle_min_size":"","bundle_max_size":"","bundle_price":[],"bundled_items":[],"bundle_sell_ids":[303449],"atum_controlled":true,"out_stock_date":null,"out_stock_threshold":null,"inheritable":true,"stock_on_hold":0,"sold_today":1,"sales_last_days":2,"out_stock_days":0,"lost_sales":0,"update_date":"2026-04-28T14:20:18","atum_locations":[],"atum_stock_status":"instock","restock_status":false,"low_stock_amount":"","sales_update_date":"2026-04-17T00:06:33","calc_backorders":null,"group_of_quantity":0,"min_quantity":0,"max_quantity":"","exclude_order_quantity_value_rules":"no","exclude_category_quantity_rules":"no","combine_variations":"no","yoast_head":"<!-- This site is optimized with the Yoast SEO Premium plugin v26.5 (Yoast SEO v26.5) - https:\/\/yoast.com\/wordpress\/plugins\/seo\/ -->\n<title>Forest Cologne - Trees Please | Living Libations<\/title>\n<meta name=\"description\" content=\"Si une promenade dans les bois peut \u00eatre captur\u00e9e dans une eau de Cologne, c&#039;est celle-ci! Living Libations Trees Please Forest Cologne est un parfum frais et fertile.\" \/>\n<meta name=\"robots\" content=\"index, follow, max-snippet:-1, max-image-preview:large, max-video-preview:-1\" \/>\n<link rel=\"canonical\" href=\"https:\/\/dutchhealthstore.com\/fr\/product\/forest-cologne-trees-please\/\" \/>\n<meta property=\"og:locale\" content=\"fr_FR\" \/>\n<meta property=\"og:type\" content=\"article\" \/>\n<meta property=\"og:title\" content=\"Forest Cologne \u2013 Trees Please - Dutch Health Store\" \/>\n<meta property=\"og:description\" content=\"Si une promenade dans les bois peut \u00eatre captur\u00e9e dans une eau de Cologne, c&#039;est celle-ci! Living Libations Trees Please Forest Cologne est un parfum frais et fertile.\" \/>\n<meta property=\"og:url\" content=\"https:\/\/dutchhealthstore.com\/fr\/product\/forest-cologne-trees-please\/\" \/>\n<meta property=\"og:site_name\" content=\"Dutch Health Store\" \/>\n<meta property=\"article:publisher\" content=\"https:\/\/www.instagram.com\/dutchhealthstore\/\" \/>\n<meta property=\"article:modified_time\" content=\"2025-10-28T09:47:01+00:00\" \/>\n<meta property=\"og:image\" content=\"https:\/\/dutchhealthstore.com\/wp-content\/uploads\/2020\/05\/Living-Libations-Forest-Cologne-Trees-pleaase.jpg\" \/>\n\t<meta property=\"og:image:width\" content=\"700\" \/>\n\t<meta property=\"og:image:height\" content=\"700\" \/>\n\t<meta property=\"og:image:type\" content=\"image\/jpeg\" \/>\n<meta name=\"twitter:card\" content=\"summary_large_image\" \/>\n<meta name=\"twitter:label1\" content=\"Disponibilit\u00e9\" \/>\n\t<meta name=\"twitter:data1\" content=\"En stock\" \/>\n<script type=\"application\/ld+json\" class=\"yoast-schema-graph\">{\"@context\":\"https:\/\/schema.org\",\"@graph\":[{\"@type\":\"WebPage\",\"@id\":\"https:\/\/dutchhealthstore.com\/fr\/product\/forest-cologne-trees-please\/\",\"url\":\"https:\/\/dutchhealthstore.com\/fr\/product\/forest-cologne-trees-please\/\",\"name\":\"Forest Cologne - Trees Please | Living Libations\",\"isPartOf\":{\"@id\":\"https:\/\/dutchhealthstore.com\/fr\/#website\"},\"primaryImageOfPage\":{\"@id\":\"https:\/\/dutchhealthstore.com\/fr\/product\/forest-cologne-trees-please\/#primaryimage\"},\"image\":{\"@id\":\"https:\/\/dutchhealthstore.com\/fr\/product\/forest-cologne-trees-please\/#primaryimage\"},\"thumbnailUrl\":\"https:\/\/dutchhealthstore.com\/wp-content\/uploads\/2020\/05\/Living-Libations-Forest-Cologne-Trees-pleaase.jpg\",\"datePublished\":\"2020-05-28T08:52:29+00:00\",\"dateModified\":\"2025-10-28T09:47:01+00:00\",\"description\":\"Si une promenade dans les bois peut \u00eatre captur\u00e9e dans une eau de Cologne, c'est celle-ci! Living Libations Trees Please Forest Cologne est un parfum frais et fertile.\",\"breadcrumb\":{\"@id\":\"https:\/\/dutchhealthstore.com\/fr\/product\/forest-cologne-trees-please\/#breadcrumb\"},\"inLanguage\":\"fr-FR\",\"potentialAction\":[{\"@type\":\"ReadAction\",\"target\":[\"https:\/\/dutchhealthstore.com\/fr\/product\/forest-cologne-trees-please\/\"]}]},{\"@type\":\"ImageObject\",\"inLanguage\":\"fr-FR\",\"@id\":\"https:\/\/dutchhealthstore.com\/fr\/product\/forest-cologne-trees-please\/#primaryimage\",\"url\":\"https:\/\/dutchhealthstore.com\/wp-content\/uploads\/2020\/05\/Living-Libations-Forest-Cologne-Trees-pleaase.jpg\",\"contentUrl\":\"https:\/\/dutchhealthstore.com\/wp-content\/uploads\/2020\/05\/Living-Libations-Forest-Cologne-Trees-pleaase.jpg\",\"width\":700,\"height\":700},{\"@type\":\"BreadcrumbList\",\"@id\":\"https:\/\/dutchhealthstore.com\/fr\/product\/forest-cologne-trees-please\/#breadcrumb\",\"itemListElement\":[{\"@type\":\"ListItem\",\"position\":1,\"name\":\"Home\",\"item\":\"https:\/\/dutchhealthstore.com\/fr\/\"},{\"@type\":\"ListItem\",\"position\":2,\"name\":\"Shop\",\"item\":\"https:\/\/dutchhealthstore.com\/fr\/shop\/\"},{\"@type\":\"ListItem\",\"position\":3,\"name\":\"Forest Cologne \u2013 Trees Please\"}]},{\"@type\":\"WebSite\",\"@id\":\"https:\/\/dutchhealthstore.com\/fr\/#website\",\"url\":\"https:\/\/dutchhealthstore.com\/fr\/\",\"name\":\"Dutch Health Store\",\"description\":\"Enhance Your Beauty with Organic &amp; Natural Skincare\",\"publisher\":{\"@id\":\"https:\/\/dutchhealthstore.com\/fr\/#organization\"},\"potentialAction\":[{\"@type\":\"SearchAction\",\"target\":{\"@type\":\"EntryPoint\",\"urlTemplate\":\"https:\/\/dutchhealthstore.com\/fr\/?s={search_term_string}\"},\"query-input\":{\"@type\":\"PropertyValueSpecification\",\"valueRequired\":true,\"valueName\":\"search_term_string\"}}],\"inLanguage\":\"fr-FR\"},{\"@type\":\"Organization\",\"@id\":\"https:\/\/dutchhealthstore.com\/fr\/#organization\",\"name\":\"Dutch Health Store\",\"url\":\"https:\/\/dutchhealthstore.com\/fr\/\",\"logo\":{\"@type\":\"ImageObject\",\"inLanguage\":\"fr-FR\",\"@id\":\"https:\/\/dutchhealthstore.com\/fr\/#\/schema\/logo\/image\/\",\"url\":\"https:\/\/dutchhealthstore.com\/wp-content\/uploads\/2020\/08\/logo-dutchhealthstore-jpg-e1599484957574.jpg\",\"contentUrl\":\"https:\/\/dutchhealthstore.com\/wp-content\/uploads\/2020\/08\/logo-dutchhealthstore-jpg-e1599484957574.jpg\",\"width\":400,\"height\":62,\"caption\":\"Dutch Health Store\"},\"image\":{\"@id\":\"https:\/\/dutchhealthstore.com\/fr\/#\/schema\/logo\/image\/\"},\"sameAs\":[\"https:\/\/www.instagram.com\/dutchhealthstore\/\",\"https:\/\/www.facebook.com\/dutchhealthstore\"]}]}<\/script>\n<meta property=\"product:brand\" content=\"Living Libations\" \/>\n<meta property=\"og:availability\" content=\"instock\" \/>\n<meta property=\"product:availability\" content=\"instock\" \/>\n<meta property=\"product:condition\" content=\"new\" \/>\n<!-- \/ Yoast SEO Premium plugin. -->","yoast_head_json":{"title":"Forest Cologne - Trees Please | Living Libations","description":"Si une promenade dans les bois peut \u00eatre captur\u00e9e dans une eau de Cologne, c'est celle-ci! Living Libations Trees Please Forest Cologne est un parfum frais et fertile.","robots":{"index":"index","follow":"follow","max-snippet":"max-snippet:-1","max-image-preview":"max-image-preview:large","max-video-preview":"max-video-preview:-1"},"canonical":"https:\/\/dutchhealthstore.com\/fr\/product\/forest-cologne-trees-please\/","og_locale":"fr_FR","og_type":"article","og_title":"Forest Cologne \u2013 Trees Please - Dutch Health Store","og_description":"Si une promenade dans les bois peut \u00eatre captur\u00e9e dans une eau de Cologne, c'est celle-ci! Living Libations Trees Please Forest Cologne est un parfum frais et fertile.","og_url":"https:\/\/dutchhealthstore.com\/fr\/product\/forest-cologne-trees-please\/","og_site_name":"Dutch Health Store","article_publisher":"https:\/\/www.instagram.com\/dutchhealthstore\/","article_modified_time":"2025-10-28T09:47:01+00:00","og_image":[{"width":700,"height":700,"url":"https:\/\/dutchhealthstore.com\/wp-content\/uploads\/2020\/05\/Living-Libations-Forest-Cologne-Trees-pleaase.jpg","type":"image\/jpeg"}],"twitter_card":"summary_large_image","twitter_misc":{"Disponibilit\u00e9":"En stock"},"schema":{"@context":"https:\/\/schema.org","@graph":[{"@type":"WebPage","@id":"https:\/\/dutchhealthstore.com\/fr\/product\/forest-cologne-trees-please\/","url":"https:\/\/dutchhealthstore.com\/fr\/product\/forest-cologne-trees-please\/","name":"Forest Cologne - Trees Please | Living Libations","isPartOf":{"@id":"https:\/\/dutchhealthstore.com\/fr\/#website"},"primaryImageOfPage":{"@id":"https:\/\/dutchhealthstore.com\/fr\/product\/forest-cologne-trees-please\/#primaryimage"},"image":{"@id":"https:\/\/dutchhealthstore.com\/fr\/product\/forest-cologne-trees-please\/#primaryimage"},"thumbnailUrl":"https:\/\/dutchhealthstore.com\/wp-content\/uploads\/2020\/05\/Living-Libations-Forest-Cologne-Trees-pleaase.jpg","datePublished":"2020-05-28T08:52:29+00:00","dateModified":"2025-10-28T09:47:01+00:00","description":"Si une promenade dans les bois peut \u00eatre captur\u00e9e dans une eau de Cologne, c'est celle-ci! Living Libations Trees Please Forest Cologne est un parfum frais et fertile.","breadcrumb":{"@id":"https:\/\/dutchhealthstore.com\/fr\/product\/forest-cologne-trees-please\/#breadcrumb"},"inLanguage":"fr-FR","potentialAction":[{"@type":"ReadAction","target":["https:\/\/dutchhealthstore.com\/fr\/product\/forest-cologne-trees-please\/"]}]},{"@type":"ImageObject","inLanguage":"fr-FR","@id":"https:\/\/dutchhealthstore.com\/fr\/product\/forest-cologne-trees-please\/#primaryimage","url":"https:\/\/dutchhealthstore.com\/wp-content\/uploads\/2020\/05\/Living-Libations-Forest-Cologne-Trees-pleaase.jpg","contentUrl":"https:\/\/dutchhealthstore.com\/wp-content\/uploads\/2020\/05\/Living-Libations-Forest-Cologne-Trees-pleaase.jpg","width":700,"height":700},{"@type":"BreadcrumbList","@id":"https:\/\/dutchhealthstore.com\/fr\/product\/forest-cologne-trees-please\/#breadcrumb","itemListElement":[{"@type":"ListItem","position":1,"name":"Home","item":"https:\/\/dutchhealthstore.com\/fr\/"},{"@type":"ListItem","position":2,"name":"Shop","item":"https:\/\/dutchhealthstore.com\/fr\/shop\/"},{"@type":"ListItem","position":3,"name":"Forest Cologne \u2013 Trees Please"}]},{"@type":"WebSite","@id":"https:\/\/dutchhealthstore.com\/fr\/#website","url":"https:\/\/dutchhealthstore.com\/fr\/","name":"Dutch Health Store","description":"Enhance Your Beauty with Organic &amp; Natural Skincare","publisher":{"@id":"https:\/\/dutchhealthstore.com\/fr\/#organization"},"potentialAction":[{"@type":"SearchAction","target":{"@type":"EntryPoint","urlTemplate":"https:\/\/dutchhealthstore.com\/fr\/?s={search_term_string}"},"query-input":{"@type":"PropertyValueSpecification","valueRequired":true,"valueName":"search_term_string"}}],"inLanguage":"fr-FR"},{"@type":"Organization","@id":"https:\/\/dutchhealthstore.com\/fr\/#organization","name":"Dutch Health Store","url":"https:\/\/dutchhealthstore.com\/fr\/","logo":{"@type":"ImageObject","inLanguage":"fr-FR","@id":"https:\/\/dutchhealthstore.com\/fr\/#\/schema\/logo\/image\/","url":"https:\/\/dutchhealthstore.com\/wp-content\/uploads\/2020\/08\/logo-dutchhealthstore-jpg-e1599484957574.jpg","contentUrl":"https:\/\/dutchhealthstore.com\/wp-content\/uploads\/2020\/08\/logo-dutchhealthstore-jpg-e1599484957574.jpg","width":400,"height":62,"caption":"Dutch Health Store"},"image":{"@id":"https:\/\/dutchhealthstore.com\/fr\/#\/schema\/logo\/image\/"},"sameAs":["https:\/\/www.instagram.com\/dutchhealthstore\/","https:\/\/www.facebook.com\/dutchhealthstore"]}]},"product_brand":"Living Libations","og_availability":"instock","product_availability":"instock","product_condition":"new"},"_links":{"self":[{"href":"https:\/\/dutchhealthstore.com\/fr\/wp-json\/wp\/v2\/product\/115076","targetHints":{"allow":["GET"]}}],"collection":[{"href":"https:\/\/dutchhealthstore.com\/fr\/wp-json\/wp\/v2\/product"}],"about":[{"href":"https:\/\/dutchhealthstore.com\/fr\/wp-json\/wp\/v2\/types\/product"}],"replies":[{"embeddable":true,"href":"https:\/\/dutchhealthstore.com\/fr\/wp-json\/wp\/v2\/comments?post=115076"}],"wp:featuredmedia":[{"embeddable":true,"href":"https:\/\/dutchhealthstore.com\/fr\/wp-json\/wp\/v2\/media\/103495"}],"wp:attachment":[{"href":"https:\/\/dutchhealthstore.com\/fr\/wp-json\/wp\/v2\/media?parent=115076"}],"wp:term":[{"taxonomy":"product_brand","embeddable":true,"href":"https:\/\/dutchhealthstore.com\/fr\/wp-json\/wp\/v2\/product_brand?post=115076"},{"taxonomy":"product_cat","embeddable":true,"href":"https:\/\/dutchhealthstore.com\/fr\/wp-json\/wp\/v2\/product_cat?post=115076"},{"taxonomy":"product_tag","embeddable":true,"href":"https:\/\/dutchhealthstore.com\/fr\/wp-json\/wp\/v2\/product_tag?post=115076"}],"curies":[{"name":"wp","href":"https:\/\/api.w.org\/{rel}","templated":true}]}}