{"id":115035,"date":"2020-05-26T14:00:25","date_gmt":"2020-05-26T14:00:25","guid":{"rendered":"https:\/\/dutchhealthstore.com\/product\/forest-cologne-radiant-earth-of-deep-delight\/"},"modified":"2025-10-31T07:19:24","modified_gmt":"2025-10-31T06:19:24","slug":"forest-cologne-radiant-earth-of-deep-delight","status":"publish","type":"product","link":"https:\/\/dutchhealthstore.com\/fr\/product\/forest-cologne-radiant-earth-of-deep-delight\/","title":{"rendered":"Forest Cologne \u2013 Radiant Earth of Deep Delight"},"content":{"rendered":"<h3><img decoding=\"async\" class=\"size-full wp-image-69549 alignright\" src=\"https:\/\/dutchhealthstore.com\/wp-content\/uploads\/2019\/08\/NEW-Living-Libations-Logo.jpg\" alt=\"NEW - Living Libations - Logo\" width=\"175\" height=\"82\">Exp\u00e9rience olfactive<\/h3>\n<p>Des profondeurs de la terre \u00e9merge un m\u00e9lange radieux d&rsquo;ar\u00f4mes velout\u00e9s-verdants qui vous raviront \u00e0 l&rsquo;infini!<br \/>\n<strong>Radiant Earth of Deep Delight Forest Cologne<\/strong> est une combinaison d&rsquo;ancrage et d&rsquo;\u00e9l\u00e9vation, permettant aux racines de p\u00e9n\u00e9trer tandis que les sens se v\u00e9n\u00e8rent dans une r\u00e9v\u00e9lation radieuse.<\/p>\n<h3>Comment utiliser<\/h3>\n<p>Vaporisez sur la poitrine, le cou ou les points de pulsation. Le parfum du citron remonte le moral et met un sourire sur votre visage, alors donnez \u00e0 votre espace une ambiance positive avec les senteurs propres et fra\u00eeches de cette eau de Cologne. Commencez votre journ\u00e9e avec le doux parfum masculin de pour rayonner la confiance ou terminez une longue journ\u00e9e avec ce cadeau de la terre wind down.<\/p>\n<p><strong>Taille: 5 ml, 30 ml et 50 ml<\/strong><\/p>\n<h3 class=\"yikes-custom-woo-tab-title yikes-custom-woo-tab-title-natural-organic-intredients\">Ingr\u00e9dients Naturels\/Biologiques<\/h3>\n<p><strong>V\u00e9tiver huile Essentielle <\/strong><em>(Vetiveria zizanioides) &#8211; <\/em>Distill\u00e9 \u00e0 partir des longues vrilles de l&rsquo;herbe sauvage verte, le v\u00e9tiver est un aromatique cors\u00e9 avec des notes herbac\u00e9es d&rsquo;\u00e9pice et de terre. La verdure robuste et lourdement parfum\u00e9e du v\u00e9tiver offre des avantages aromath\u00e9rapeutiques qui sont stimulants, apaisants et fondateurs.<\/p>\n<p><strong> Huiles essentielles de bois de santal<\/strong><em>(Santalum album)<\/em> &#8211; Le bois de santal serein ouvre le c\u0153ur et l&rsquo;esprit avec des notes luxuriantes de noix, bois de c\u0153ur cors\u00e9 avec une finition \u00e9th\u00e9r\u00e9e, cr\u00e9meuse, sensuelle. Un ingr\u00e9dient populaire pour les soins de la peau et des cheveux, son inclusion dans ce parfum renforce un sentiment d\u00e9tendu d&rsquo;euphorie.<\/p>\n<p><strong>Cardamom Essential Oil<\/strong><em> <\/em><em>(Elettaria cardamomum)<\/em> &#8211; La cardamome charismatique est une essence excitante qui est aussi un luminaire v\u00e9g\u00e9tal dont l&rsquo;utilisation et la jouissance remontent \u00e0 plus de 4 000 ans. Le parfum de la cardamome est chaud, vert et \u00e9pic\u00e9, avec un air rafra\u00eechissant et vivifiant. Renforcez l&rsquo;esprit et sanctifiez votre peau avec le charme intemporel de la cardamome pure.<\/p>\n<p><strong>Vanille<\/strong><em> (Vanilla planifolia) &#8211;<\/em> La vanille velout\u00e9e sort de l&rsquo;ordinaire dans une distillation 200 fois plus puissante que l&rsquo;extrait de vanille. La vanille velout\u00e9e est un inf\u00e2me inspirateur de d\u00e9sir. Sa douce \u00e9treinte de chaleur mielleuse fait fondre les tensions tout en se relaxant dans le jeu!<\/p>\n<p><strong> Huile Essentielle de Citron<\/strong> <em>(Citrus limon)<\/em> &#8211; L&rsquo;essence vive de citron rehausse la floraison de ce parfum et offre des avantages infinis pour l&rsquo;esprit, le corps et l&rsquo;\u00e2me. Il s&rsquo;agit d&rsquo;un zeste joyeux et revigorant qui fait ressortir le meilleur du gard\u00e9nia et du jasmin.<\/p>\n<p><strong>Alcool biodynamique biologique<\/strong> &#8211; L&rsquo;alcool biodynamique biologique sert de support \u00e0 nos parfums de p\u00e9tales et \u00e0 nos eaux de Cologne de for\u00eat, permettant \u00e0 chaque plante d&rsquo;infuser sans effort la peau avec des merveilles aromatiques. Cet alcool biologique et biodynamique est de la plus haute qualit\u00e9 et est triplement filtr\u00e9 pour plus de puret\u00e9. Produit \u00e0 partir de raisins certifi\u00e9s biologiques, il est test\u00e9 de mani\u00e8re ind\u00e9pendante afin de garantir qu&rsquo;il r\u00e9pond aux normes de l&rsquo;United States Pharmacopeia (USP) en mati\u00e8re d&rsquo;alcool pur, biologique et de qualit\u00e9 pharmaceutique.<\/p>\n<p><strong>Voir notre clip YouTube sur ce produit<\/strong><\/p>\n<p><iframe title=\"Petal Perfumes and Forest Colognes\" width=\"1020\" height=\"574\" src=\"https:\/\/www.youtube.com\/embed\/EwyPpgM4bhk?feature=oembed\" frameborder=\"0\" allow=\"accelerometer; autoplay; encrypted-media; gyroscope; picture-in-picture\" allowfullscreen><\/iframe><\/p>\n<p>&nbsp;<\/p>\n<p><img fetchpriority=\"high\" decoding=\"async\" class=\"size-medium wp-image-68103 aligncenter\" src=\"https:\/\/dutchhealthstore.com\/wp-content\/uploads\/2018\/02\/Living-Libations-Organic-Logo-800x89.png\" alt=\"Living Libations - Organic Logo\" width=\"800\" height=\"89\" srcset=\"https:\/\/dutchhealthstore.com\/wp-content\/uploads\/2018\/02\/Living-Libations-Organic-Logo-800x89.png 800w, https:\/\/dutchhealthstore.com\/wp-content\/uploads\/2018\/02\/Living-Libations-Organic-Logo-510x57.png 510w, https:\/\/dutchhealthstore.com\/wp-content\/uploads\/2018\/02\/Living-Libations-Organic-Logo-768x85.png 768w, https:\/\/dutchhealthstore.com\/wp-content\/uploads\/2018\/02\/Living-Libations-Organic-Logo.png 1400w\" sizes=\"(max-width: 800px) 100vw, 800px\" \/><\/p>\n","protected":false},"excerpt":{"rendered":"<p>Enracinez-vous dans Living Libations <strong>Radiant<\/strong> <strong>Earth of<\/strong> <strong>Deep<\/strong> <strong>Delight<\/strong>, tandis que votre esprit s&rsquo;envole vers les d\u00e9lices de la for\u00eatprofonde &#8211; une eau de Cologne pour vous enraciner pendant que vous vous d\u00e9lectez en vol!<\/p>\n<p>Verdoyant et sensuel, ce d\u00e9lice aux racines profondes lib\u00e8re votre propre parfum naturel tourbillonnant avec d&rsquo;opulents ar\u00f4mes de terre.<\/p>\n<p>&nbsp;<\/p>\n","protected":false},"featured_media":103352,"comment_status":"open","ping_status":"closed","template":"","meta":[],"product_brand":[],"product_cat":[1211,1047,1209,6697,1010],"product_tag":[6739],"class_list":{"0":"post-115035","1":"product","2":"type-product","3":"status-publish","4":"has-post-thumbnail","6":"product_cat-living-libations-france","7":"product_cat-nos-collections","8":"product_cat-par-marques","9":"product_cat-fragrances-fr","10":"product_cat-notre-boutique","11":"product_tag-perfume-fr","12":"pa_brand-livinglibations-fr","13":"pa_fragrances-product-type-colognes-fr","14":"pa_fragrances-product-type-for-her-fr-2","15":"pa_gtin-7439657369384-fr","16":"pa_size-30-ml-fr","17":"pa_size-5-ml-fr","18":"pa_size-50-ml-fr","20":"first","21":"instock","22":"taxable","23":"shipping-taxable","24":"purchasable","25":"product-type-variable"},"bundled_by":[],"bundle_stock_status":"instock","bundle_stock_quantity":null,"bundle_virtual":false,"bundle_layout":"","bundle_add_to_cart_form_location":"","bundle_editable_in_cart":false,"bundle_sold_individually_context":"","bundle_item_grouping":"","bundle_min_size":"","bundle_max_size":"","bundle_price":[],"bundled_items":[],"bundle_sell_ids":[303449],"atum_controlled":true,"out_stock_date":null,"out_stock_threshold":null,"inheritable":true,"stock_on_hold":2,"sold_today":0,"sales_last_days":1,"out_stock_days":0,"lost_sales":0,"update_date":"2026-04-24T09:02:21","atum_locations":[],"atum_stock_status":"instock","restock_status":false,"low_stock_amount":"","sales_update_date":"2026-04-17T11:16:36","calc_backorders":null,"group_of_quantity":0,"min_quantity":0,"max_quantity":"","exclude_order_quantity_value_rules":"no","exclude_category_quantity_rules":"no","combine_variations":"no","yoast_head":"<!-- This site is optimized with the Yoast SEO Premium plugin v26.5 (Yoast SEO v26.5) - https:\/\/yoast.com\/wordpress\/plugins\/seo\/ -->\n<title>Forest Cologne - Radiant Earth of Deep Delight | Living Libations<\/title>\n<meta name=\"description\" content=\"Ancrez-vous dans Living Libations Radiant Earth of Deep Delight alors que votre esprit s&#039;envole vers les d\u00e9lices de la for\u00eat profonde.\" \/>\n<meta name=\"robots\" content=\"index, follow, max-snippet:-1, max-image-preview:large, max-video-preview:-1\" \/>\n<link rel=\"canonical\" href=\"https:\/\/dutchhealthstore.com\/fr\/product\/forest-cologne-radiant-earth-of-deep-delight\/\" \/>\n<meta property=\"og:locale\" content=\"fr_FR\" \/>\n<meta property=\"og:type\" content=\"article\" \/>\n<meta property=\"og:title\" content=\"Forest Cologne \u2013 Radiant Earth of Deep Delight - Dutch Health Store\" \/>\n<meta property=\"og:description\" content=\"Ancrez-vous dans Living Libations Radiant Earth of Deep Delight alors que votre esprit s&#039;envole vers les d\u00e9lices de la for\u00eat profonde.\" \/>\n<meta property=\"og:url\" content=\"https:\/\/dutchhealthstore.com\/fr\/product\/forest-cologne-radiant-earth-of-deep-delight\/\" \/>\n<meta property=\"og:site_name\" content=\"Dutch Health Store\" \/>\n<meta property=\"article:publisher\" content=\"https:\/\/www.instagram.com\/dutchhealthstore\/\" \/>\n<meta property=\"article:modified_time\" content=\"2025-10-31T06:19:24+00:00\" \/>\n<meta property=\"og:image\" content=\"https:\/\/dutchhealthstore.com\/wp-content\/uploads\/2020\/05\/Forest-Cologne-\u2013-Radiant-Earth-of-Deep-Delight-Living-Libations-3.jpg\" \/>\n\t<meta property=\"og:image:width\" content=\"700\" \/>\n\t<meta property=\"og:image:height\" content=\"700\" \/>\n\t<meta property=\"og:image:type\" content=\"image\/jpeg\" \/>\n<meta name=\"twitter:card\" content=\"summary_large_image\" \/>\n<meta name=\"twitter:label1\" content=\"Disponibilit\u00e9\" \/>\n\t<meta name=\"twitter:data1\" content=\"En stock\" \/>\n<script type=\"application\/ld+json\" class=\"yoast-schema-graph\">{\"@context\":\"https:\/\/schema.org\",\"@graph\":[{\"@type\":\"WebPage\",\"@id\":\"https:\/\/dutchhealthstore.com\/fr\/product\/forest-cologne-radiant-earth-of-deep-delight\/\",\"url\":\"https:\/\/dutchhealthstore.com\/fr\/product\/forest-cologne-radiant-earth-of-deep-delight\/\",\"name\":\"Forest Cologne - Radiant Earth of Deep Delight | Living Libations\",\"isPartOf\":{\"@id\":\"https:\/\/dutchhealthstore.com\/fr\/#website\"},\"primaryImageOfPage\":{\"@id\":\"https:\/\/dutchhealthstore.com\/fr\/product\/forest-cologne-radiant-earth-of-deep-delight\/#primaryimage\"},\"image\":{\"@id\":\"https:\/\/dutchhealthstore.com\/fr\/product\/forest-cologne-radiant-earth-of-deep-delight\/#primaryimage\"},\"thumbnailUrl\":\"https:\/\/dutchhealthstore.com\/wp-content\/uploads\/2020\/05\/Forest-Cologne-\u2013-Radiant-Earth-of-Deep-Delight-Living-Libations-3.jpg\",\"datePublished\":\"2020-05-26T14:00:25+00:00\",\"dateModified\":\"2025-10-31T06:19:24+00:00\",\"description\":\"Ancrez-vous dans Living Libations Radiant Earth of Deep Delight alors que votre esprit s'envole vers les d\u00e9lices de la for\u00eat profonde.\",\"breadcrumb\":{\"@id\":\"https:\/\/dutchhealthstore.com\/fr\/product\/forest-cologne-radiant-earth-of-deep-delight\/#breadcrumb\"},\"inLanguage\":\"fr-FR\",\"potentialAction\":[{\"@type\":\"ReadAction\",\"target\":[\"https:\/\/dutchhealthstore.com\/fr\/product\/forest-cologne-radiant-earth-of-deep-delight\/\"]}]},{\"@type\":\"ImageObject\",\"inLanguage\":\"fr-FR\",\"@id\":\"https:\/\/dutchhealthstore.com\/fr\/product\/forest-cologne-radiant-earth-of-deep-delight\/#primaryimage\",\"url\":\"https:\/\/dutchhealthstore.com\/wp-content\/uploads\/2020\/05\/Forest-Cologne-\u2013-Radiant-Earth-of-Deep-Delight-Living-Libations-3.jpg\",\"contentUrl\":\"https:\/\/dutchhealthstore.com\/wp-content\/uploads\/2020\/05\/Forest-Cologne-\u2013-Radiant-Earth-of-Deep-Delight-Living-Libations-3.jpg\",\"width\":700,\"height\":700,\"caption\":\"Forest Cologne \u2013 Radiant Earth of Deep Delight Living Libations 3\"},{\"@type\":\"BreadcrumbList\",\"@id\":\"https:\/\/dutchhealthstore.com\/fr\/product\/forest-cologne-radiant-earth-of-deep-delight\/#breadcrumb\",\"itemListElement\":[{\"@type\":\"ListItem\",\"position\":1,\"name\":\"Home\",\"item\":\"https:\/\/dutchhealthstore.com\/fr\/\"},{\"@type\":\"ListItem\",\"position\":2,\"name\":\"Shop\",\"item\":\"https:\/\/dutchhealthstore.com\/fr\/shop\/\"},{\"@type\":\"ListItem\",\"position\":3,\"name\":\"Forest Cologne \u2013 Radiant Earth of Deep Delight\"}]},{\"@type\":\"WebSite\",\"@id\":\"https:\/\/dutchhealthstore.com\/fr\/#website\",\"url\":\"https:\/\/dutchhealthstore.com\/fr\/\",\"name\":\"Dutch Health Store\",\"description\":\"Enhance Your Beauty with Organic &amp; Natural Skincare\",\"publisher\":{\"@id\":\"https:\/\/dutchhealthstore.com\/fr\/#organization\"},\"potentialAction\":[{\"@type\":\"SearchAction\",\"target\":{\"@type\":\"EntryPoint\",\"urlTemplate\":\"https:\/\/dutchhealthstore.com\/fr\/?s={search_term_string}\"},\"query-input\":{\"@type\":\"PropertyValueSpecification\",\"valueRequired\":true,\"valueName\":\"search_term_string\"}}],\"inLanguage\":\"fr-FR\"},{\"@type\":\"Organization\",\"@id\":\"https:\/\/dutchhealthstore.com\/fr\/#organization\",\"name\":\"Dutch Health Store\",\"url\":\"https:\/\/dutchhealthstore.com\/fr\/\",\"logo\":{\"@type\":\"ImageObject\",\"inLanguage\":\"fr-FR\",\"@id\":\"https:\/\/dutchhealthstore.com\/fr\/#\/schema\/logo\/image\/\",\"url\":\"https:\/\/dutchhealthstore.com\/wp-content\/uploads\/2020\/08\/logo-dutchhealthstore-jpg-e1599484957574.jpg\",\"contentUrl\":\"https:\/\/dutchhealthstore.com\/wp-content\/uploads\/2020\/08\/logo-dutchhealthstore-jpg-e1599484957574.jpg\",\"width\":400,\"height\":62,\"caption\":\"Dutch Health Store\"},\"image\":{\"@id\":\"https:\/\/dutchhealthstore.com\/fr\/#\/schema\/logo\/image\/\"},\"sameAs\":[\"https:\/\/www.instagram.com\/dutchhealthstore\/\",\"https:\/\/www.facebook.com\/dutchhealthstore\"]}]}<\/script>\n<meta property=\"product:brand\" content=\"Living Libations\" \/>\n<meta property=\"og:availability\" content=\"instock\" \/>\n<meta property=\"product:availability\" content=\"instock\" \/>\n<meta property=\"product:condition\" content=\"new\" \/>\n<!-- \/ Yoast SEO Premium plugin. -->","yoast_head_json":{"title":"Forest Cologne - Radiant Earth of Deep Delight | Living Libations","description":"Ancrez-vous dans Living Libations Radiant Earth of Deep Delight alors que votre esprit s'envole vers les d\u00e9lices de la for\u00eat profonde.","robots":{"index":"index","follow":"follow","max-snippet":"max-snippet:-1","max-image-preview":"max-image-preview:large","max-video-preview":"max-video-preview:-1"},"canonical":"https:\/\/dutchhealthstore.com\/fr\/product\/forest-cologne-radiant-earth-of-deep-delight\/","og_locale":"fr_FR","og_type":"article","og_title":"Forest Cologne \u2013 Radiant Earth of Deep Delight - Dutch Health Store","og_description":"Ancrez-vous dans Living Libations Radiant Earth of Deep Delight alors que votre esprit s'envole vers les d\u00e9lices de la for\u00eat profonde.","og_url":"https:\/\/dutchhealthstore.com\/fr\/product\/forest-cologne-radiant-earth-of-deep-delight\/","og_site_name":"Dutch Health Store","article_publisher":"https:\/\/www.instagram.com\/dutchhealthstore\/","article_modified_time":"2025-10-31T06:19:24+00:00","og_image":[{"width":700,"height":700,"url":"https:\/\/dutchhealthstore.com\/wp-content\/uploads\/2020\/05\/Forest-Cologne-\u2013-Radiant-Earth-of-Deep-Delight-Living-Libations-3.jpg","type":"image\/jpeg"}],"twitter_card":"summary_large_image","twitter_misc":{"Disponibilit\u00e9":"En stock"},"schema":{"@context":"https:\/\/schema.org","@graph":[{"@type":"WebPage","@id":"https:\/\/dutchhealthstore.com\/fr\/product\/forest-cologne-radiant-earth-of-deep-delight\/","url":"https:\/\/dutchhealthstore.com\/fr\/product\/forest-cologne-radiant-earth-of-deep-delight\/","name":"Forest Cologne - Radiant Earth of Deep Delight | Living Libations","isPartOf":{"@id":"https:\/\/dutchhealthstore.com\/fr\/#website"},"primaryImageOfPage":{"@id":"https:\/\/dutchhealthstore.com\/fr\/product\/forest-cologne-radiant-earth-of-deep-delight\/#primaryimage"},"image":{"@id":"https:\/\/dutchhealthstore.com\/fr\/product\/forest-cologne-radiant-earth-of-deep-delight\/#primaryimage"},"thumbnailUrl":"https:\/\/dutchhealthstore.com\/wp-content\/uploads\/2020\/05\/Forest-Cologne-\u2013-Radiant-Earth-of-Deep-Delight-Living-Libations-3.jpg","datePublished":"2020-05-26T14:00:25+00:00","dateModified":"2025-10-31T06:19:24+00:00","description":"Ancrez-vous dans Living Libations Radiant Earth of Deep Delight alors que votre esprit s'envole vers les d\u00e9lices de la for\u00eat profonde.","breadcrumb":{"@id":"https:\/\/dutchhealthstore.com\/fr\/product\/forest-cologne-radiant-earth-of-deep-delight\/#breadcrumb"},"inLanguage":"fr-FR","potentialAction":[{"@type":"ReadAction","target":["https:\/\/dutchhealthstore.com\/fr\/product\/forest-cologne-radiant-earth-of-deep-delight\/"]}]},{"@type":"ImageObject","inLanguage":"fr-FR","@id":"https:\/\/dutchhealthstore.com\/fr\/product\/forest-cologne-radiant-earth-of-deep-delight\/#primaryimage","url":"https:\/\/dutchhealthstore.com\/wp-content\/uploads\/2020\/05\/Forest-Cologne-\u2013-Radiant-Earth-of-Deep-Delight-Living-Libations-3.jpg","contentUrl":"https:\/\/dutchhealthstore.com\/wp-content\/uploads\/2020\/05\/Forest-Cologne-\u2013-Radiant-Earth-of-Deep-Delight-Living-Libations-3.jpg","width":700,"height":700,"caption":"Forest Cologne \u2013 Radiant Earth of Deep Delight Living Libations 3"},{"@type":"BreadcrumbList","@id":"https:\/\/dutchhealthstore.com\/fr\/product\/forest-cologne-radiant-earth-of-deep-delight\/#breadcrumb","itemListElement":[{"@type":"ListItem","position":1,"name":"Home","item":"https:\/\/dutchhealthstore.com\/fr\/"},{"@type":"ListItem","position":2,"name":"Shop","item":"https:\/\/dutchhealthstore.com\/fr\/shop\/"},{"@type":"ListItem","position":3,"name":"Forest Cologne \u2013 Radiant Earth of Deep Delight"}]},{"@type":"WebSite","@id":"https:\/\/dutchhealthstore.com\/fr\/#website","url":"https:\/\/dutchhealthstore.com\/fr\/","name":"Dutch Health Store","description":"Enhance Your Beauty with Organic &amp; Natural Skincare","publisher":{"@id":"https:\/\/dutchhealthstore.com\/fr\/#organization"},"potentialAction":[{"@type":"SearchAction","target":{"@type":"EntryPoint","urlTemplate":"https:\/\/dutchhealthstore.com\/fr\/?s={search_term_string}"},"query-input":{"@type":"PropertyValueSpecification","valueRequired":true,"valueName":"search_term_string"}}],"inLanguage":"fr-FR"},{"@type":"Organization","@id":"https:\/\/dutchhealthstore.com\/fr\/#organization","name":"Dutch Health Store","url":"https:\/\/dutchhealthstore.com\/fr\/","logo":{"@type":"ImageObject","inLanguage":"fr-FR","@id":"https:\/\/dutchhealthstore.com\/fr\/#\/schema\/logo\/image\/","url":"https:\/\/dutchhealthstore.com\/wp-content\/uploads\/2020\/08\/logo-dutchhealthstore-jpg-e1599484957574.jpg","contentUrl":"https:\/\/dutchhealthstore.com\/wp-content\/uploads\/2020\/08\/logo-dutchhealthstore-jpg-e1599484957574.jpg","width":400,"height":62,"caption":"Dutch Health Store"},"image":{"@id":"https:\/\/dutchhealthstore.com\/fr\/#\/schema\/logo\/image\/"},"sameAs":["https:\/\/www.instagram.com\/dutchhealthstore\/","https:\/\/www.facebook.com\/dutchhealthstore"]}]},"product_brand":"Living Libations","og_availability":"instock","product_availability":"instock","product_condition":"new"},"_links":{"self":[{"href":"https:\/\/dutchhealthstore.com\/fr\/wp-json\/wp\/v2\/product\/115035","targetHints":{"allow":["GET"]}}],"collection":[{"href":"https:\/\/dutchhealthstore.com\/fr\/wp-json\/wp\/v2\/product"}],"about":[{"href":"https:\/\/dutchhealthstore.com\/fr\/wp-json\/wp\/v2\/types\/product"}],"replies":[{"embeddable":true,"href":"https:\/\/dutchhealthstore.com\/fr\/wp-json\/wp\/v2\/comments?post=115035"}],"wp:featuredmedia":[{"embeddable":true,"href":"https:\/\/dutchhealthstore.com\/fr\/wp-json\/wp\/v2\/media\/103352"}],"wp:attachment":[{"href":"https:\/\/dutchhealthstore.com\/fr\/wp-json\/wp\/v2\/media?parent=115035"}],"wp:term":[{"taxonomy":"product_brand","embeddable":true,"href":"https:\/\/dutchhealthstore.com\/fr\/wp-json\/wp\/v2\/product_brand?post=115035"},{"taxonomy":"product_cat","embeddable":true,"href":"https:\/\/dutchhealthstore.com\/fr\/wp-json\/wp\/v2\/product_cat?post=115035"},{"taxonomy":"product_tag","embeddable":true,"href":"https:\/\/dutchhealthstore.com\/fr\/wp-json\/wp\/v2\/product_tag?post=115035"}],"curies":[{"name":"wp","href":"https:\/\/api.w.org\/{rel}","templated":true}]}}