{"id":114104,"date":"2019-07-11T08:10:38","date_gmt":"2019-07-11T08:10:38","guid":{"rendered":"https:\/\/dutchhealthstore.com\/product\/citrus-cologne-sunrise\/"},"modified":"2025-09-23T15:20:35","modified_gmt":"2025-09-23T13:20:35","slug":"citrus-cologne-sunrise","status":"publish","type":"product","link":"https:\/\/dutchhealthstore.com\/fr\/product\/citrus-cologne-sunrise\/","title":{"rendered":"Citrus Cologne &#8211; Sunrise"},"content":{"rendered":"<p><img decoding=\"async\" class=\"size-full wp-image-37041 alignright\" src=\"https:\/\/dutchhealthstore.com\/wp-content\/uploads\/2018\/04\/Living_Libations-1.png\" alt=\"Organic &amp; Natural Beautyproducts - Living Libations\" width=\"175\" height=\"82\">Ceux qui embrassent la joie au vol vivent dans l&rsquo;\u00e9ternel lever du soleil, et ceux qui oignent les volutes parfum\u00e9es d&rsquo;agrumes m\u00fbrs et ensoleill\u00e9s de Sunrise seront b\u00e9nis par cette fragrance intemporelle qui soul\u00e8ve dans la joie ce qui est \u00e0 la fois sensuel et tendrement cher.<\/p>\n<p>Si l&rsquo;on mettait en bouteille la brise du lever du soleil parfum\u00e9e par les secrets qui s&rsquo;\u00e9chappent des rayons radieux, ce serait \u00e7a!<\/p>\n<h3>L&rsquo;exp\u00e9rience olfactive<\/h3>\n<p>Le c\u00f4t\u00e9 ensoleill\u00e9 de cette eau de Cologne est inspir\u00e9 par les m\u00eames ar\u00f4mes bien-aim\u00e9s qui se retrouvent dans notre Seabuckthorn Best Skin Ever. L&rsquo;\u00e9clat de la baie d&rsquo;argousier s&rsquo;allie \u00e0 la sensualit\u00e9 verdoyante du v\u00e9tiver et \u00e0 l&rsquo;all\u00e9gresse du pamplemousse, tandis qu&rsquo;un soup\u00e7on d&rsquo;herbe de palmarosa \u00e9l\u00e8ve cet accord chypr\u00e9 classique qui accueille les effluves bois\u00e9s de la lavande. Une goutte d&rsquo;alcool de raisin biodynamique le transforme en une eau de Cologne \u00e0 vaporiser toute la journ\u00e9e, fringante pour tout homme et suffisamment audacieuse pour toute femme. Vaporisez votre corps, vos cheveux, vos v\u00eatements ou votre linge de maison.<\/p>\n<h3>Utiliser<\/h3>\n<p>Laissez cette eau de Cologne illuminer votre \u00e9toile du matin. Vaporisez sur le cou, les points d&rsquo;impulsion ou les cheveux. Cette \u00e9clatante explosion d&rsquo;agrumes peut \u00e9galement \u00eatre utilis\u00e9e comme spray d&rsquo;int\u00e9rieur pour apporter un peu de gaiet\u00e9 \u00e0 votre journ\u00e9e.<\/p>\n<h3 class=\"yikes-custom-woo-tab-title yikes-custom-woo-tab-title-natural-organic-ingredients\">Ingr\u00e9dients Naturels\/Biologiques<\/h3>\n<p><strong>Extrait super critique d&rsquo;argousier<\/strong> (Hippophae rhamnoides) &#8211; Cette essence orange vif conf\u00e8re un ar\u00f4me irr\u00e9sistible d&rsquo;agrume \u00e0 notre Cologne Sunrise Citrus et \u00e0 son inspiration, notre Seabuckthorn Best Skin Ever.<\/p>\n<p><strong> huile v\u00e9tiver<\/strong> (Vetivera zizanodes) &#8211; Distill\u00e9e \u00e0 partir des longues vrilles d&rsquo;une herbe sauvage verte, le v\u00e9tiver est un aromatique cors\u00e9 aux notes herbac\u00e9es d&rsquo;\u00e9pices et de terre. La verdure robuste et lourdement parfum\u00e9e du v\u00e9tiver est \u00e9nergisante, apaisante et ancr\u00e9e.<\/p>\n<p><strong> huile pamplemousse<\/strong> (Citrus paradisii) &#8211; Cette huile d&rsquo;agrume tranchante est stimulante, revigorante et \u00e9nergisante. Le pamplemousse joyeux \u00e9quilibre les ar\u00f4mes persistants de chaque brin de v\u00e9tiver et de palmarosa avec une bonne dose de soleil et de plaisir moralisateur.<\/p>\n<p><strong> huile palmarosa<\/strong> (Cymbopogon martini) &#8211; L&rsquo;agr\u00e9able palmarosa est distill\u00e9 \u00e0 partir d&rsquo;une herbe tropicale et parfum\u00e9e, ce qui donne une huile aromatique qui sent comme une rose citronn\u00e9e-g\u00e9ranium qui est tout simplement splendide pour le nez!<\/p>\n<p><strong> huile lavande<\/strong> (Lavendula officinalis) &#8211; La note florale de la lavande ajoute un ar\u00f4me calmant et stimulant de paix pour un sentiment de s\u00e9r\u00e9nit\u00e9 int\u00e9rieure, quel que soit le chaos du monde ext\u00e9rieur.<\/p>\n<p><strong>Alcool de raisin biodynamique<\/strong> &#8211; L&rsquo;alcool de raisin biodynamique sert de support \u00e0 nos parfums de p\u00e9tales et \u00e0 nos eaux de Cologne de for\u00eat, permettant \u00e0 chaque plante d&rsquo;infuser sans effort la peau avec des merveilles aromatiques. Cet alcool biologique et biodynamique est de la plus haute qualit\u00e9 et est triplement filtr\u00e9 pour plus de puret\u00e9. Produit \u00e0 partir de vins biologiques certifi\u00e9s provenant du monde entier, l&rsquo;alcool de raisin biologique se situe entre 190 et 200 degr\u00e9s. Il est test\u00e9 de mani\u00e8re ind\u00e9pendante afin de s&rsquo;assurer qu&rsquo;il r\u00e9pond aux normes de l&rsquo;United States Pharmacopeia (USP) en mati\u00e8re d&rsquo;alcool pur, organique et de qualit\u00e9 pharmaceutique.<\/p>\n<p style=\"text-align: center;\"><em>\u00ab\u00a0Lever du soleil. Quel est le nom de la profonde respiration que je prendrais encore et encore pour nous tous?<br \/>\nAppelez cela comme vous voulez, c&rsquo;est le bonheur, c&rsquo;est une autre des fa\u00e7ons d&rsquo;entrer dans le feu.\u00a0\u00bb<\/em><\/p>\n<p style=\"text-align: center;\">~Mary Olivier<\/p>\n<p>&nbsp;<\/p>\n<p><img fetchpriority=\"high\" decoding=\"async\" class=\"size-full wp-image-31577 aligncenter\" src=\"https:\/\/dutchhealthstore.com\/wp-content\/uploads\/2018\/03\/organic_big.png\" alt=\"Organic and Natural - Living Libations\" width=\"623\" height=\"103\" srcset=\"https:\/\/dutchhealthstore.com\/wp-content\/uploads\/2018\/03\/organic_big.png 623w, https:\/\/dutchhealthstore.com\/wp-content\/uploads\/2018\/03\/organic_big-510x84.png 510w, https:\/\/dutchhealthstore.com\/wp-content\/uploads\/2018\/03\/organic_big-600x99.png 600w, https:\/\/dutchhealthstore.com\/wp-content\/uploads\/2018\/03\/organic_big-350x58.png 350w\" sizes=\"(max-width: 623px) 100vw, 623px\" \/><\/p>\n","protected":false},"excerpt":{"rendered":"<p>Ceux qui embrassent la joie au vol vivent dans l&rsquo;\u00e9ternel lever du soleil, et ceux qui oignent les volutes parfum\u00e9es d&rsquo;agrumes m\u00fbrs et ensoleill\u00e9s de Sunrise seront b\u00e9nis par cette fragrance intemporelle qui soul\u00e8ve dans la joie ce qui est \u00e0 la fois sensuel et tendrement cher.<\/p>\n<p>Si l&rsquo;on mettait en bouteille la brise du lever du soleil parfum\u00e9e par les secrets qui s&rsquo;\u00e9chappent des rayons radieux, ce serait \u00e7a!<\/p>\n<p style=\"text-align: center;\"><em>\u00ab\u00a0Le grand spectacle est \u00e9ternel<\/em><br \/>\n<em> Le soleil se l\u00e8ve toujours quelque part.\u00a0\u00bb <\/em><\/p>\n<p style=\"text-align: center;\">~John Muir<\/p>\n","protected":false},"featured_media":62529,"comment_status":"open","ping_status":"closed","template":"","meta":[],"product_brand":[],"product_cat":[1211,1047,1209,6697,1010],"product_tag":[6699,21392,6739],"class_list":{"0":"post-114104","1":"product","2":"type-product","3":"status-publish","4":"has-post-thumbnail","6":"product_cat-living-libations-france","7":"product_cat-nos-collections","8":"product_cat-par-marques","9":"product_cat-fragrances-fr","10":"product_cat-notre-boutique","11":"product_tag-cologne-fr","12":"product_tag-corps","13":"product_tag-perfume-fr","14":"pa_brand-livinglibations-fr","15":"pa_fragrances-product-type-colognes-fr","16":"pa_fragrances-product-type-for-her-fr-2","17":"pa_gtin-7439657339301-fr","18":"pa_size-5-ml-fr","19":"pa_size-30-ml-fr","21":"first","22":"instock","23":"taxable","24":"shipping-taxable","25":"purchasable","26":"product-type-variable"},"bundled_by":[],"bundle_stock_status":"instock","bundle_stock_quantity":null,"bundle_virtual":false,"bundle_layout":"","bundle_add_to_cart_form_location":"","bundle_editable_in_cart":false,"bundle_sold_individually_context":"","bundle_item_grouping":"","bundle_min_size":"","bundle_max_size":"","bundle_price":[],"bundled_items":[],"bundle_sell_ids":[],"atum_controlled":true,"out_stock_date":null,"out_stock_threshold":null,"inheritable":true,"stock_on_hold":0,"sold_today":0,"sales_last_days":1,"out_stock_days":0,"lost_sales":0,"update_date":"2026-04-07T01:47:36","atum_locations":[],"atum_stock_status":"instock","restock_status":false,"low_stock_amount":"","sales_update_date":"2026-04-07T01:47:36","calc_backorders":null,"group_of_quantity":0,"min_quantity":0,"max_quantity":"","exclude_order_quantity_value_rules":"no","exclude_category_quantity_rules":"no","combine_variations":"no","yoast_head":"<!-- This site is optimized with the Yoast SEO Premium plugin v26.5 (Yoast SEO v26.5) - https:\/\/yoast.com\/wordpress\/plugins\/seo\/ -->\n<title>Citrus Cologne - Sunrise | Living Libations<\/title>\n<meta name=\"description\" content=\"Le c\u00f4t\u00e9 ensoleill\u00e9 de cette eau de Cologne est inspir\u00e9 par les m\u00eames ar\u00f4mes bien-aim\u00e9s qui se retrouvent dans notre Seabuckthorn Best Skin Ever.\" \/>\n<meta name=\"robots\" content=\"index, follow, max-snippet:-1, max-image-preview:large, max-video-preview:-1\" \/>\n<link rel=\"canonical\" href=\"https:\/\/dutchhealthstore.com\/fr\/product\/citrus-cologne-sunrise\/\" \/>\n<meta property=\"og:locale\" content=\"fr_FR\" \/>\n<meta property=\"og:type\" content=\"article\" \/>\n<meta property=\"og:title\" content=\"Citrus Cologne - Sunrise - Dutch Health Store\" \/>\n<meta property=\"og:description\" content=\"Le c\u00f4t\u00e9 ensoleill\u00e9 de cette eau de Cologne est inspir\u00e9 par les m\u00eames ar\u00f4mes bien-aim\u00e9s qui se retrouvent dans notre Seabuckthorn Best Skin Ever.\" \/>\n<meta property=\"og:url\" content=\"https:\/\/dutchhealthstore.com\/fr\/product\/citrus-cologne-sunrise\/\" \/>\n<meta property=\"og:site_name\" content=\"Dutch Health Store\" \/>\n<meta property=\"article:publisher\" content=\"https:\/\/www.instagram.com\/dutchhealthstore\/\" \/>\n<meta property=\"article:modified_time\" content=\"2025-09-23T13:20:35+00:00\" \/>\n<meta property=\"og:image\" content=\"https:\/\/dutchhealthstore.com\/wp-content\/uploads\/2019\/07\/Living-Libations-Citrus-Cologne-Sunrise.jpg\" \/>\n\t<meta property=\"og:image:width\" content=\"510\" \/>\n\t<meta property=\"og:image:height\" content=\"600\" \/>\n\t<meta property=\"og:image:type\" content=\"image\/jpeg\" \/>\n<meta name=\"twitter:card\" content=\"summary_large_image\" \/>\n<meta name=\"twitter:label1\" content=\"Disponibilit\u00e9\" \/>\n\t<meta name=\"twitter:data1\" content=\"En stock\" \/>\n<script type=\"application\/ld+json\" class=\"yoast-schema-graph\">{\"@context\":\"https:\/\/schema.org\",\"@graph\":[{\"@type\":\"WebPage\",\"@id\":\"https:\/\/dutchhealthstore.com\/fr\/product\/citrus-cologne-sunrise\/\",\"url\":\"https:\/\/dutchhealthstore.com\/fr\/product\/citrus-cologne-sunrise\/\",\"name\":\"Citrus Cologne - Sunrise | Living Libations\",\"isPartOf\":{\"@id\":\"https:\/\/dutchhealthstore.com\/fr\/#website\"},\"primaryImageOfPage\":{\"@id\":\"https:\/\/dutchhealthstore.com\/fr\/product\/citrus-cologne-sunrise\/#primaryimage\"},\"image\":{\"@id\":\"https:\/\/dutchhealthstore.com\/fr\/product\/citrus-cologne-sunrise\/#primaryimage\"},\"thumbnailUrl\":\"https:\/\/dutchhealthstore.com\/wp-content\/uploads\/2019\/07\/Living-Libations-Citrus-Cologne-Sunrise.jpg\",\"datePublished\":\"2019-07-11T08:10:38+00:00\",\"dateModified\":\"2025-09-23T13:20:35+00:00\",\"description\":\"Le c\u00f4t\u00e9 ensoleill\u00e9 de cette eau de Cologne est inspir\u00e9 par les m\u00eames ar\u00f4mes bien-aim\u00e9s qui se retrouvent dans notre Seabuckthorn Best Skin Ever.\",\"breadcrumb\":{\"@id\":\"https:\/\/dutchhealthstore.com\/fr\/product\/citrus-cologne-sunrise\/#breadcrumb\"},\"inLanguage\":\"fr-FR\",\"potentialAction\":[{\"@type\":\"ReadAction\",\"target\":[\"https:\/\/dutchhealthstore.com\/fr\/product\/citrus-cologne-sunrise\/\"]}]},{\"@type\":\"ImageObject\",\"inLanguage\":\"fr-FR\",\"@id\":\"https:\/\/dutchhealthstore.com\/fr\/product\/citrus-cologne-sunrise\/#primaryimage\",\"url\":\"https:\/\/dutchhealthstore.com\/wp-content\/uploads\/2019\/07\/Living-Libations-Citrus-Cologne-Sunrise.jpg\",\"contentUrl\":\"https:\/\/dutchhealthstore.com\/wp-content\/uploads\/2019\/07\/Living-Libations-Citrus-Cologne-Sunrise.jpg\",\"width\":510,\"height\":600,\"caption\":\"Living Libations - Citrus Cologne Sunrise\"},{\"@type\":\"BreadcrumbList\",\"@id\":\"https:\/\/dutchhealthstore.com\/fr\/product\/citrus-cologne-sunrise\/#breadcrumb\",\"itemListElement\":[{\"@type\":\"ListItem\",\"position\":1,\"name\":\"Home\",\"item\":\"https:\/\/dutchhealthstore.com\/fr\/\"},{\"@type\":\"ListItem\",\"position\":2,\"name\":\"Shop\",\"item\":\"https:\/\/dutchhealthstore.com\/fr\/shop\/\"},{\"@type\":\"ListItem\",\"position\":3,\"name\":\"Citrus Cologne &#8211; Sunrise\"}]},{\"@type\":\"WebSite\",\"@id\":\"https:\/\/dutchhealthstore.com\/fr\/#website\",\"url\":\"https:\/\/dutchhealthstore.com\/fr\/\",\"name\":\"Dutch Health Store\",\"description\":\"Enhance Your Beauty with Organic &amp; Natural Skincare\",\"publisher\":{\"@id\":\"https:\/\/dutchhealthstore.com\/fr\/#organization\"},\"potentialAction\":[{\"@type\":\"SearchAction\",\"target\":{\"@type\":\"EntryPoint\",\"urlTemplate\":\"https:\/\/dutchhealthstore.com\/fr\/?s={search_term_string}\"},\"query-input\":{\"@type\":\"PropertyValueSpecification\",\"valueRequired\":true,\"valueName\":\"search_term_string\"}}],\"inLanguage\":\"fr-FR\"},{\"@type\":\"Organization\",\"@id\":\"https:\/\/dutchhealthstore.com\/fr\/#organization\",\"name\":\"Dutch Health Store\",\"url\":\"https:\/\/dutchhealthstore.com\/fr\/\",\"logo\":{\"@type\":\"ImageObject\",\"inLanguage\":\"fr-FR\",\"@id\":\"https:\/\/dutchhealthstore.com\/fr\/#\/schema\/logo\/image\/\",\"url\":\"https:\/\/dutchhealthstore.com\/wp-content\/uploads\/2020\/08\/logo-dutchhealthstore-jpg-e1599484957574.jpg\",\"contentUrl\":\"https:\/\/dutchhealthstore.com\/wp-content\/uploads\/2020\/08\/logo-dutchhealthstore-jpg-e1599484957574.jpg\",\"width\":400,\"height\":62,\"caption\":\"Dutch Health Store\"},\"image\":{\"@id\":\"https:\/\/dutchhealthstore.com\/fr\/#\/schema\/logo\/image\/\"},\"sameAs\":[\"https:\/\/www.instagram.com\/dutchhealthstore\/\",\"https:\/\/www.facebook.com\/dutchhealthstore\"]}]}<\/script>\n<meta property=\"product:brand\" content=\"Living Libations\" \/>\n<meta property=\"og:availability\" content=\"instock\" \/>\n<meta property=\"product:availability\" content=\"instock\" \/>\n<meta property=\"product:condition\" content=\"new\" \/>\n<!-- \/ Yoast SEO Premium plugin. -->","yoast_head_json":{"title":"Citrus Cologne - Sunrise | Living Libations","description":"Le c\u00f4t\u00e9 ensoleill\u00e9 de cette eau de Cologne est inspir\u00e9 par les m\u00eames ar\u00f4mes bien-aim\u00e9s qui se retrouvent dans notre Seabuckthorn Best Skin Ever.","robots":{"index":"index","follow":"follow","max-snippet":"max-snippet:-1","max-image-preview":"max-image-preview:large","max-video-preview":"max-video-preview:-1"},"canonical":"https:\/\/dutchhealthstore.com\/fr\/product\/citrus-cologne-sunrise\/","og_locale":"fr_FR","og_type":"article","og_title":"Citrus Cologne - Sunrise - Dutch Health Store","og_description":"Le c\u00f4t\u00e9 ensoleill\u00e9 de cette eau de Cologne est inspir\u00e9 par les m\u00eames ar\u00f4mes bien-aim\u00e9s qui se retrouvent dans notre Seabuckthorn Best Skin Ever.","og_url":"https:\/\/dutchhealthstore.com\/fr\/product\/citrus-cologne-sunrise\/","og_site_name":"Dutch Health Store","article_publisher":"https:\/\/www.instagram.com\/dutchhealthstore\/","article_modified_time":"2025-09-23T13:20:35+00:00","og_image":[{"width":510,"height":600,"url":"https:\/\/dutchhealthstore.com\/wp-content\/uploads\/2019\/07\/Living-Libations-Citrus-Cologne-Sunrise.jpg","type":"image\/jpeg"}],"twitter_card":"summary_large_image","twitter_misc":{"Disponibilit\u00e9":"En stock"},"schema":{"@context":"https:\/\/schema.org","@graph":[{"@type":"WebPage","@id":"https:\/\/dutchhealthstore.com\/fr\/product\/citrus-cologne-sunrise\/","url":"https:\/\/dutchhealthstore.com\/fr\/product\/citrus-cologne-sunrise\/","name":"Citrus Cologne - Sunrise | Living Libations","isPartOf":{"@id":"https:\/\/dutchhealthstore.com\/fr\/#website"},"primaryImageOfPage":{"@id":"https:\/\/dutchhealthstore.com\/fr\/product\/citrus-cologne-sunrise\/#primaryimage"},"image":{"@id":"https:\/\/dutchhealthstore.com\/fr\/product\/citrus-cologne-sunrise\/#primaryimage"},"thumbnailUrl":"https:\/\/dutchhealthstore.com\/wp-content\/uploads\/2019\/07\/Living-Libations-Citrus-Cologne-Sunrise.jpg","datePublished":"2019-07-11T08:10:38+00:00","dateModified":"2025-09-23T13:20:35+00:00","description":"Le c\u00f4t\u00e9 ensoleill\u00e9 de cette eau de Cologne est inspir\u00e9 par les m\u00eames ar\u00f4mes bien-aim\u00e9s qui se retrouvent dans notre Seabuckthorn Best Skin Ever.","breadcrumb":{"@id":"https:\/\/dutchhealthstore.com\/fr\/product\/citrus-cologne-sunrise\/#breadcrumb"},"inLanguage":"fr-FR","potentialAction":[{"@type":"ReadAction","target":["https:\/\/dutchhealthstore.com\/fr\/product\/citrus-cologne-sunrise\/"]}]},{"@type":"ImageObject","inLanguage":"fr-FR","@id":"https:\/\/dutchhealthstore.com\/fr\/product\/citrus-cologne-sunrise\/#primaryimage","url":"https:\/\/dutchhealthstore.com\/wp-content\/uploads\/2019\/07\/Living-Libations-Citrus-Cologne-Sunrise.jpg","contentUrl":"https:\/\/dutchhealthstore.com\/wp-content\/uploads\/2019\/07\/Living-Libations-Citrus-Cologne-Sunrise.jpg","width":510,"height":600,"caption":"Living Libations - Citrus Cologne Sunrise"},{"@type":"BreadcrumbList","@id":"https:\/\/dutchhealthstore.com\/fr\/product\/citrus-cologne-sunrise\/#breadcrumb","itemListElement":[{"@type":"ListItem","position":1,"name":"Home","item":"https:\/\/dutchhealthstore.com\/fr\/"},{"@type":"ListItem","position":2,"name":"Shop","item":"https:\/\/dutchhealthstore.com\/fr\/shop\/"},{"@type":"ListItem","position":3,"name":"Citrus Cologne &#8211; Sunrise"}]},{"@type":"WebSite","@id":"https:\/\/dutchhealthstore.com\/fr\/#website","url":"https:\/\/dutchhealthstore.com\/fr\/","name":"Dutch Health Store","description":"Enhance Your Beauty with Organic &amp; Natural Skincare","publisher":{"@id":"https:\/\/dutchhealthstore.com\/fr\/#organization"},"potentialAction":[{"@type":"SearchAction","target":{"@type":"EntryPoint","urlTemplate":"https:\/\/dutchhealthstore.com\/fr\/?s={search_term_string}"},"query-input":{"@type":"PropertyValueSpecification","valueRequired":true,"valueName":"search_term_string"}}],"inLanguage":"fr-FR"},{"@type":"Organization","@id":"https:\/\/dutchhealthstore.com\/fr\/#organization","name":"Dutch Health Store","url":"https:\/\/dutchhealthstore.com\/fr\/","logo":{"@type":"ImageObject","inLanguage":"fr-FR","@id":"https:\/\/dutchhealthstore.com\/fr\/#\/schema\/logo\/image\/","url":"https:\/\/dutchhealthstore.com\/wp-content\/uploads\/2020\/08\/logo-dutchhealthstore-jpg-e1599484957574.jpg","contentUrl":"https:\/\/dutchhealthstore.com\/wp-content\/uploads\/2020\/08\/logo-dutchhealthstore-jpg-e1599484957574.jpg","width":400,"height":62,"caption":"Dutch Health Store"},"image":{"@id":"https:\/\/dutchhealthstore.com\/fr\/#\/schema\/logo\/image\/"},"sameAs":["https:\/\/www.instagram.com\/dutchhealthstore\/","https:\/\/www.facebook.com\/dutchhealthstore"]}]},"product_brand":"Living Libations","og_availability":"instock","product_availability":"instock","product_condition":"new"},"_links":{"self":[{"href":"https:\/\/dutchhealthstore.com\/fr\/wp-json\/wp\/v2\/product\/114104","targetHints":{"allow":["GET"]}}],"collection":[{"href":"https:\/\/dutchhealthstore.com\/fr\/wp-json\/wp\/v2\/product"}],"about":[{"href":"https:\/\/dutchhealthstore.com\/fr\/wp-json\/wp\/v2\/types\/product"}],"replies":[{"embeddable":true,"href":"https:\/\/dutchhealthstore.com\/fr\/wp-json\/wp\/v2\/comments?post=114104"}],"wp:featuredmedia":[{"embeddable":true,"href":"https:\/\/dutchhealthstore.com\/fr\/wp-json\/wp\/v2\/media\/62529"}],"wp:attachment":[{"href":"https:\/\/dutchhealthstore.com\/fr\/wp-json\/wp\/v2\/media?parent=114104"}],"wp:term":[{"taxonomy":"product_brand","embeddable":true,"href":"https:\/\/dutchhealthstore.com\/fr\/wp-json\/wp\/v2\/product_brand?post=114104"},{"taxonomy":"product_cat","embeddable":true,"href":"https:\/\/dutchhealthstore.com\/fr\/wp-json\/wp\/v2\/product_cat?post=114104"},{"taxonomy":"product_tag","embeddable":true,"href":"https:\/\/dutchhealthstore.com\/fr\/wp-json\/wp\/v2\/product_tag?post=114104"}],"curies":[{"name":"wp","href":"https:\/\/api.w.org\/{rel}","templated":true}]}}